{"id":1792,"date":"2024-08-12T12:10:18","date_gmt":"2024-08-12T10:10:18","guid":{"rendered":"https:\/\/www.vin-info.com\/sta-ima-novo\/"},"modified":"2024-09-04T13:47:25","modified_gmt":"2024-09-04T11:47:25","slug":"sta-ima-novo","status":"publish","type":"page","link":"https:\/\/www.vin-info.com\/sr\/sta-ima-novo\/","title":{"rendered":"\u0160ta ima novo"},"content":{"rendered":"\t\t<div data-elementor-type=\"wp-page\" data-elementor-id=\"1792\" class=\"elementor elementor-1792 elementor-70\" data-elementor-post-type=\"page\">\n\t\t\t\t<div class=\"elementor-element elementor-element-cff0ae2 e-flex e-con-boxed e-con e-parent\" data-id=\"cff0ae2\" data-element_type=\"container\" data-e-type=\"container\">\n\t\t\t\t\t<div class=\"e-con-inner\">\n\t\t\t\t<div class=\"elementor-element elementor-element-8902441 elementor-grid-3 elementor-grid-tablet-2 elementor-grid-mobile-1 elementor-posts--thumbnail-top elementor-card-shadow-yes elementor-posts__hover-gradient elementor-widget elementor-widget-posts\" data-id=\"8902441\" data-element_type=\"widget\" data-e-type=\"widget\" data-settings=\"{&quot;pagination_type&quot;:&quot;numbers_and_prev_next&quot;,&quot;cards_row_gap&quot;:{&quot;unit&quot;:&quot;px&quot;,&quot;size&quot;:25,&quot;sizes&quot;:[]},&quot;cards_columns&quot;:&quot;3&quot;,&quot;cards_columns_tablet&quot;:&quot;2&quot;,&quot;cards_columns_mobile&quot;:&quot;1&quot;,&quot;cards_row_gap_tablet&quot;:{&quot;unit&quot;:&quot;px&quot;,&quot;size&quot;:&quot;&quot;,&quot;sizes&quot;:[]},&quot;cards_row_gap_mobile&quot;:{&quot;unit&quot;:&quot;px&quot;,&quot;size&quot;:&quot;&quot;,&quot;sizes&quot;:[]}}\" data-widget_type=\"posts.cards\">\n\t\t\t\t<div class=\"elementor-widget-container\">\n\t\t\t\t\t\t\t<div class=\"elementor-posts-container elementor-posts elementor-posts--skin-cards elementor-grid\" role=\"list\">\n\t\t\t\t<article class=\"elementor-post elementor-grid-item post-3537 post type-post status-publish format-standard has-post-thumbnail hentry category-novosti tag-safetyvisr\" role=\"listitem\">\n\t\t\t<div class=\"elementor-post__card\">\n\t\t\t\t<a class=\"elementor-post__thumbnail__link\" href=\"https:\/\/www.vin-info.com\/sr\/osnovne-karakteristike-bezbednosti-automobila-zakonski-zahtevi-naspram-industrijskih-standarda\/\" tabindex=\"-1\" ><div class=\"elementor-post__thumbnail\"><img fetchpriority=\"high\" decoding=\"async\" width=\"300\" height=\"199\" src=\"https:\/\/www.vin-info.com\/wp-content\/uploads\/2024\/09\/al_qmyarvnu-300x199.jpg\" class=\"attachment-medium size-medium wp-image-3515\" alt=\"\" srcset=\"https:\/\/www.vin-info.com\/wp-content\/uploads\/2024\/09\/al_qmyarvnu-300x199.jpg 300w, https:\/\/www.vin-info.com\/wp-content\/uploads\/2024\/09\/al_qmyarvnu-1024x680.jpg 1024w, https:\/\/www.vin-info.com\/wp-content\/uploads\/2024\/09\/al_qmyarvnu-768x510.jpg 768w, https:\/\/www.vin-info.com\/wp-content\/uploads\/2024\/09\/al_qmyarvnu-1536x1020.jpg 1536w, https:\/\/www.vin-info.com\/wp-content\/uploads\/2024\/09\/al_qmyarvnu.jpg 1600w\" sizes=\"(max-width: 300px) 100vw, 300px\" \/><\/div><\/a>\n\t\t\t\t<div class=\"elementor-post__text\">\n\t\t\t\t<h3 class=\"elementor-post__title\">\n\t\t\t<a href=\"https:\/\/www.vin-info.com\/sr\/osnovne-karakteristike-bezbednosti-automobila-zakonski-zahtevi-naspram-industrijskih-standarda\/\" >\n\t\t\t\tOsnovne karakteristike bezbednosti automobila: Zakonski zahtevi naspram industrijskih standarda\t\t\t<\/a>\n\t\t<\/h3>\n\t\t\t\t<div class=\"elementor-post__excerpt\">\n\t\t\t<p>U dana\u0161njem automobilskom pejza\u017eu, va\u017enost bezbednosnih karakteristika automobila ne mo\u017ee se pretjerano nagla\u0161avati. Sa napretkom tehnologije i pove\u0107anjem potrebe za bezbednijim vozilima, razumevanje pravnih zahteva u pore\u0111enju sa industrijskim standardima\t\t<\/div>\n\t\t\t\t<\/div>\n\t\t\t\t\t<\/div>\n\t\t<\/article>\n\t\t\t\t<article class=\"elementor-post elementor-grid-item post-3494 post type-post status-publish format-standard has-post-thumbnail hentry category-novosti tag-reportuksr\" role=\"listitem\">\n\t\t\t<div class=\"elementor-post__card\">\n\t\t\t\t<a class=\"elementor-post__thumbnail__link\" href=\"https:\/\/www.vin-info.com\/sr\/razumevanje-putarine-u-velikoj-britaniji-sveobuhvatan-vodic-za-akcizu-na-vozila\/\" tabindex=\"-1\" ><div class=\"elementor-post__thumbnail\"><img decoding=\"async\" width=\"300\" height=\"200\" src=\"https:\/\/www.vin-info.com\/wp-content\/uploads\/2024\/08\/bfloxcrijvq-300x200.jpg\" class=\"attachment-medium size-medium wp-image-3370\" alt=\"\" srcset=\"https:\/\/www.vin-info.com\/wp-content\/uploads\/2024\/08\/bfloxcrijvq-300x200.jpg 300w, https:\/\/www.vin-info.com\/wp-content\/uploads\/2024\/08\/bfloxcrijvq-1024x683.jpg 1024w, https:\/\/www.vin-info.com\/wp-content\/uploads\/2024\/08\/bfloxcrijvq-768x512.jpg 768w, https:\/\/www.vin-info.com\/wp-content\/uploads\/2024\/08\/bfloxcrijvq-1536x1024.jpg 1536w, https:\/\/www.vin-info.com\/wp-content\/uploads\/2024\/08\/bfloxcrijvq.jpg 1600w\" sizes=\"(max-width: 300px) 100vw, 300px\" \/><\/div><\/a>\n\t\t\t\t<div class=\"elementor-post__text\">\n\t\t\t\t<h3 class=\"elementor-post__title\">\n\t\t\t<a href=\"https:\/\/www.vin-info.com\/sr\/razumevanje-putarine-u-velikoj-britaniji-sveobuhvatan-vodic-za-akcizu-na-vozila\/\" >\n\t\t\t\tRazumevanje putarine u Velikoj Britaniji: Sveobuhvatan vodi\u010d za akcizu na vozila\t\t\t<\/a>\n\t\t<\/h3>\n\t\t\t\t<div class=\"elementor-post__excerpt\">\n\t\t\t<p>Porez na upotrebu vozila (VED), poznat kao putarina, je obavezan porez koji se napla\u0107uje na gotovo sva vozila u Ujedinjenom Kraljevstvu. Ovaj porez je bitan aspekt vlasni\u0161tva nad vozilom u\t\t<\/div>\n\t\t\t\t<\/div>\n\t\t\t\t\t<\/div>\n\t\t<\/article>\n\t\t\t\t<article class=\"elementor-post elementor-grid-item post-3485 post type-post status-publish format-standard has-post-thumbnail hentry category-novosti tag-safetyvisr\" role=\"listitem\">\n\t\t\t<div class=\"elementor-post__card\">\n\t\t\t\t<a class=\"elementor-post__thumbnail__link\" href=\"https:\/\/www.vin-info.com\/sr\/sta-su-automobilski-povlacenja-i-zasto-su-vazna-za-bezbednost\/\" tabindex=\"-1\" ><div class=\"elementor-post__thumbnail\"><img decoding=\"async\" width=\"300\" height=\"200\" src=\"https:\/\/www.vin-info.com\/wp-content\/uploads\/2024\/09\/tnynxi0whxs-300x200.jpg\" class=\"attachment-medium size-medium wp-image-3672\" alt=\"\" srcset=\"https:\/\/www.vin-info.com\/wp-content\/uploads\/2024\/09\/tnynxi0whxs-300x200.jpg 300w, https:\/\/www.vin-info.com\/wp-content\/uploads\/2024\/09\/tnynxi0whxs-1024x683.jpg 1024w, https:\/\/www.vin-info.com\/wp-content\/uploads\/2024\/09\/tnynxi0whxs-768x512.jpg 768w, https:\/\/www.vin-info.com\/wp-content\/uploads\/2024\/09\/tnynxi0whxs-1536x1024.jpg 1536w, https:\/\/www.vin-info.com\/wp-content\/uploads\/2024\/09\/tnynxi0whxs.jpg 1600w\" sizes=\"(max-width: 300px) 100vw, 300px\" \/><\/div><\/a>\n\t\t\t\t<div class=\"elementor-post__text\">\n\t\t\t\t<h3 class=\"elementor-post__title\">\n\t\t\t<a href=\"https:\/\/www.vin-info.com\/sr\/sta-su-automobilski-povlacenja-i-zasto-su-vazna-za-bezbednost\/\" >\n\t\t\t\t\u0160ta su automobilski povla\u010denja i za\u0161to su va\u017ena za bezbednost?\t\t\t<\/a>\n\t\t<\/h3>\n\t\t\t\t<div class=\"elementor-post__excerpt\">\n\t\t\t<p>Povla\u010denje vozila ima klju\u010dnu ulogu u osiguravanju bezbednosti potro\u0161a\u010da i ukupne integriteta automobilske industrije. Razumevanje \u0161ta \u010dini povla\u010denje vozila, procesa koji su uklju\u010deni i zna\u010daja ovih povla\u010denja mo\u017ee osna\u017eiti potro\u0161a\u010de\t\t<\/div>\n\t\t\t\t<\/div>\n\t\t\t\t\t<\/div>\n\t\t<\/article>\n\t\t\t\t<article class=\"elementor-post elementor-grid-item post-3429 post type-post status-publish format-standard has-post-thumbnail hentry category-novosti tag-reportuksr\" role=\"listitem\">\n\t\t\t<div class=\"elementor-post__card\">\n\t\t\t\t<a class=\"elementor-post__thumbnail__link\" href=\"https:\/\/www.vin-info.com\/sr\/kompletan-vodic-za-mot-osiguranje-da-je-vase-vozilo-ispravno-i-legalno-u-velikoj-britaniji\/\" tabindex=\"-1\" ><div class=\"elementor-post__thumbnail\"><img loading=\"lazy\" decoding=\"async\" width=\"300\" height=\"200\" src=\"https:\/\/www.vin-info.com\/wp-content\/uploads\/2024\/08\/vwemmg8xmfw-300x200.jpg\" class=\"attachment-medium size-medium wp-image-3349\" alt=\"\" srcset=\"https:\/\/www.vin-info.com\/wp-content\/uploads\/2024\/08\/vwemmg8xmfw-300x200.jpg 300w, https:\/\/www.vin-info.com\/wp-content\/uploads\/2024\/08\/vwemmg8xmfw-1024x683.jpg 1024w, https:\/\/www.vin-info.com\/wp-content\/uploads\/2024\/08\/vwemmg8xmfw-768x512.jpg 768w, https:\/\/www.vin-info.com\/wp-content\/uploads\/2024\/08\/vwemmg8xmfw-1536x1024.jpg 1536w, https:\/\/www.vin-info.com\/wp-content\/uploads\/2024\/08\/vwemmg8xmfw.jpg 1600w\" sizes=\"(max-width: 300px) 100vw, 300px\" \/><\/div><\/a>\n\t\t\t\t<div class=\"elementor-post__text\">\n\t\t\t\t<h3 class=\"elementor-post__title\">\n\t\t\t<a href=\"https:\/\/www.vin-info.com\/sr\/kompletan-vodic-za-mot-osiguranje-da-je-vase-vozilo-ispravno-i-legalno-u-velikoj-britaniji\/\" >\n\t\t\t\tKompletan vodi\u010d za MOT: Osiguranje da je va\u0161e vozilo ispravno i legalno u Velikoj Britaniji\t\t\t<\/a>\n\t\t<\/h3>\n\t\t\t\t<div class=\"elementor-post__excerpt\">\n\t\t\t<p>Test Ministarstva saobra\u0107aja, uobi\u010dajeno nazvan MOT, je bitan aspekt vlasni\u0161tva nad vozilom u Ujedinjenom Kraljevstvu. Ova godi\u0161nja, obavezna inspekcija osigurava da vozila ispunjavaju minimalne bezbednosne i ekolo\u0161ke standarde koje zahteva\t\t<\/div>\n\t\t\t\t<\/div>\n\t\t\t\t\t<\/div>\n\t\t<\/article>\n\t\t\t\t<article class=\"elementor-post elementor-grid-item post-3403 post type-post status-publish format-standard has-post-thumbnail hentry category-novosti tag-damagevien-sr\" role=\"listitem\">\n\t\t\t<div class=\"elementor-post__card\">\n\t\t\t\t<a class=\"elementor-post__thumbnail__link\" href=\"https:\/\/www.vin-info.com\/sr\/kako-prethodne-popravke-ostecenja-automobila-uticu-na-vrednost-preprodaje-vozila-sta-kupci-i-prodavci-treba-da-znaju\/\" tabindex=\"-1\" ><div class=\"elementor-post__thumbnail\"><img loading=\"lazy\" decoding=\"async\" width=\"300\" height=\"200\" src=\"https:\/\/www.vin-info.com\/wp-content\/uploads\/2024\/08\/ucdrfflhsmc-300x200.jpg\" class=\"attachment-medium size-medium wp-image-1299\" alt=\"\" srcset=\"https:\/\/www.vin-info.com\/wp-content\/uploads\/2024\/08\/ucdrfflhsmc-300x200.jpg 300w, https:\/\/www.vin-info.com\/wp-content\/uploads\/2024\/08\/ucdrfflhsmc-1024x682.jpg 1024w, https:\/\/www.vin-info.com\/wp-content\/uploads\/2024\/08\/ucdrfflhsmc-768x512.jpg 768w, https:\/\/www.vin-info.com\/wp-content\/uploads\/2024\/08\/ucdrfflhsmc-1536x1023.jpg 1536w, https:\/\/www.vin-info.com\/wp-content\/uploads\/2024\/08\/ucdrfflhsmc.jpg 1600w\" sizes=\"(max-width: 300px) 100vw, 300px\" \/><\/div><\/a>\n\t\t\t\t<div class=\"elementor-post__text\">\n\t\t\t\t<h3 class=\"elementor-post__title\">\n\t\t\t<a href=\"https:\/\/www.vin-info.com\/sr\/kako-prethodne-popravke-ostecenja-automobila-uticu-na-vrednost-preprodaje-vozila-sta-kupci-i-prodavci-treba-da-znaju\/\" >\n\t\t\t\tKako prethodne popravke o\u0161te\u0107enja automobila uti\u010du na vrednost preprodaje vozila: \u0160ta kupci i prodavci treba da znaju\t\t\t<\/a>\n\t\t<\/h3>\n\t\t\t\t<div class=\"elementor-post__excerpt\">\n\t\t\t<p>Kada je u pitanju kupovina ili prodaja polovnog automobila, razumevanje uticaja prethodnih popravki na tr\u017ei\u0161nu vrednost vozila je klju\u010dno. Bilo da ste kupac koji tra\u017ei pouzdano vozilo ili prodavac koji\t\t<\/div>\n\t\t\t\t<\/div>\n\t\t\t\t\t<\/div>\n\t\t<\/article>\n\t\t\t\t<article class=\"elementor-post elementor-grid-item post-3331 post type-post status-publish format-standard has-post-thumbnail hentry category-novosti tag-damagevien-sr\" role=\"listitem\">\n\t\t\t<div class=\"elementor-post__card\">\n\t\t\t\t<a class=\"elementor-post__thumbnail__link\" href=\"https:\/\/www.vin-info.com\/sr\/kako-citati-izvestaje-o-istoriji-dogadjaja-i-stete\/\" tabindex=\"-1\" ><div class=\"elementor-post__thumbnail\"><img loading=\"lazy\" decoding=\"async\" width=\"300\" height=\"225\" src=\"https:\/\/www.vin-info.com\/wp-content\/uploads\/2024\/09\/ckjxgyfndqc-300x225.jpg\" class=\"attachment-medium size-medium wp-image-3760\" alt=\"\" srcset=\"https:\/\/www.vin-info.com\/wp-content\/uploads\/2024\/09\/ckjxgyfndqc-300x225.jpg 300w, https:\/\/www.vin-info.com\/wp-content\/uploads\/2024\/09\/ckjxgyfndqc-1024x768.jpg 1024w, https:\/\/www.vin-info.com\/wp-content\/uploads\/2024\/09\/ckjxgyfndqc-768x576.jpg 768w, https:\/\/www.vin-info.com\/wp-content\/uploads\/2024\/09\/ckjxgyfndqc-1536x1152.jpg 1536w, https:\/\/www.vin-info.com\/wp-content\/uploads\/2024\/09\/ckjxgyfndqc.jpg 1600w\" sizes=\"(max-width: 300px) 100vw, 300px\" \/><\/div><\/a>\n\t\t\t\t<div class=\"elementor-post__text\">\n\t\t\t\t<h3 class=\"elementor-post__title\">\n\t\t\t<a href=\"https:\/\/www.vin-info.com\/sr\/kako-citati-izvestaje-o-istoriji-dogadjaja-i-stete\/\" >\n\t\t\t\tKako \u010ditati izve\u0161taje o istoriji doga\u0111aja i \u0161tete\t\t\t<\/a>\n\t\t<\/h3>\n\t\t\t\t<div class=\"elementor-post__excerpt\">\n\t\t\t<p>Kupovina polovnog automobila mo\u017ee biti zastra\u0161uju\u0107i zadatak, posebno ako niste sigurni u njegovu pro\u0161lost. Razumevanje doga\u0111aja i istorije o\u0161te\u0107enja vozila je klju\u010dno za dono\u0161enje informisane odluke. U ovom \u010dlanku, uve\u0161\u0107emo\t\t<\/div>\n\t\t\t\t<\/div>\n\t\t\t\t\t<\/div>\n\t\t<\/article>\n\t\t\t\t<\/div>\n\t\t\n\t\t\t\t<div class=\"e-load-more-anchor\" data-page=\"1\" data-max-page=\"5\" data-next-page=\"https:\/\/www.vin-info.com\/sr\/wp-json\/wp\/v2\/pages\/1792\/page\/2\/\"><\/div>\n\t\t\t\t<nav class=\"elementor-pagination\" aria-label=\"Pagination\">\n\t\t\t<span class=\"page-numbers prev\">\u00ab Prethodno<\/span>\n<span aria-current=\"page\" class=\"page-numbers current\"><span class=\"elementor-screen-only\">\u0421\u0442\u0440\u0430\u043d\u0438\u0446\u0430<\/span>1<\/span>\n<a class=\"page-numbers\" href=\"https:\/\/www.vin-info.com\/sr\/wp-json\/wp\/v2\/pages\/1792\/page\/2\/\"><span class=\"elementor-screen-only\">\u0421\u0442\u0440\u0430\u043d\u0438\u0446\u0430<\/span>2<\/a>\n<a class=\"page-numbers\" href=\"https:\/\/www.vin-info.com\/sr\/wp-json\/wp\/v2\/pages\/1792\/page\/3\/\"><span class=\"elementor-screen-only\">\u0421\u0442\u0440\u0430\u043d\u0438\u0446\u0430<\/span>3<\/a>\n<a class=\"page-numbers\" href=\"https:\/\/www.vin-info.com\/sr\/wp-json\/wp\/v2\/pages\/1792\/page\/4\/\"><span class=\"elementor-screen-only\">\u0421\u0442\u0440\u0430\u043d\u0438\u0446\u0430<\/span>4<\/a>\n<a class=\"page-numbers\" href=\"https:\/\/www.vin-info.com\/sr\/wp-json\/wp\/v2\/pages\/1792\/page\/5\/\"><span class=\"elementor-screen-only\">\u0421\u0442\u0440\u0430\u043d\u0438\u0446\u0430<\/span>5<\/a>\n<a class=\"page-numbers next\" href=\"https:\/\/www.vin-info.com\/sr\/wp-json\/wp\/v2\/pages\/1792\/page\/2\/\">\u0421\u043b\u0435\u0434\u0435\u045b\u0435 \u00bb<\/a>\t\t<\/nav>\n\t\t\t\t\t\t<\/div>\n\t\t\t\t<\/div>\n\t\t\t\t\t<\/div>\n\t\t\t\t<\/div>\n\t\t\t\t<\/div>\n\t\t","protected":false},"excerpt":{"rendered":"","protected":false},"author":2,"featured_media":0,"parent":0,"menu_order":0,"comment_status":"closed","ping_status":"closed","template":"","meta":{"inline_featured_image":false,"footnotes":""},"class_list":["post-1792","page","type-page","status-publish","hentry"],"_links":{"self":[{"href":"https:\/\/www.vin-info.com\/sr\/wp-json\/wp\/v2\/pages\/1792","targetHints":{"allow":["GET"]}}],"collection":[{"href":"https:\/\/www.vin-info.com\/sr\/wp-json\/wp\/v2\/pages"}],"about":[{"href":"https:\/\/www.vin-info.com\/sr\/wp-json\/wp\/v2\/types\/page"}],"author":[{"embeddable":true,"href":"https:\/\/www.vin-info.com\/sr\/wp-json\/wp\/v2\/users\/2"}],"replies":[{"embeddable":true,"href":"https:\/\/www.vin-info.com\/sr\/wp-json\/wp\/v2\/comments?post=1792"}],"version-history":[{"count":2,"href":"https:\/\/www.vin-info.com\/sr\/wp-json\/wp\/v2\/pages\/1792\/revisions"}],"predecessor-version":[{"id":3623,"href":"https:\/\/www.vin-info.com\/sr\/wp-json\/wp\/v2\/pages\/1792\/revisions\/3623"}],"wp:attachment":[{"href":"https:\/\/www.vin-info.com\/sr\/wp-json\/wp\/v2\/media?parent=1792"}],"curies":[{"name":"wp","href":"https:\/\/api.w.org\/{rel}","templated":true}]}}