{"id":1622,"date":"2024-08-08T16:24:31","date_gmt":"2024-08-08T14:24:31","guid":{"rendered":"https:\/\/www.vin-info.com\/kako-naruciti-izvestaj-o-istoriji-vozila\/"},"modified":"2024-10-16T15:36:02","modified_gmt":"2024-10-16T13:36:02","slug":"kako-naruciti-izvestaj-o-istoriji-vozila","status":"publish","type":"page","link":"https:\/\/www.vin-info.com\/sr\/kako-naruciti-izvestaj-o-istoriji-vozila\/","title":{"rendered":"Kako naru\u010diti izve\u0161taj o istoriji vozila?"},"content":{"rendered":"\t\t<div data-elementor-type=\"wp-page\" data-elementor-id=\"1622\" class=\"elementor elementor-1622 elementor-77\" data-elementor-post-type=\"page\">\n\t\t\t\t<div class=\"elementor-element elementor-element-34f7aea e-flex e-con-boxed e-con e-parent\" data-id=\"34f7aea\" data-element_type=\"container\" data-e-type=\"container\">\n\t\t\t\t\t<div class=\"e-con-inner\">\n\t\t\t\t<div class=\"elementor-element elementor-element-791dfaf elementor-position-right elementor-position-right elementor-vertical-align-top elementor-vertical-align-top elementor-widget elementor-widget-image-box\" data-id=\"791dfaf\" data-element_type=\"widget\" data-e-type=\"widget\" data-widget_type=\"image-box.default\">\n\t\t\t\t<div class=\"elementor-widget-container\">\n\t\t\t\t\t<div class=\"elementor-image-box-wrapper\"><figure class=\"elementor-image-box-img\"><img decoding=\"async\" width=\"1\" height=\"1\" src=\"https:\/\/www.vin-info.com\/wp-content\/uploads\/2024\/07\/vi-free-vin-check.svg\" class=\"attachment-medium_large size-medium_large wp-image-274\" alt=\"\" \/><\/figure><div class=\"elementor-image-box-content\"><h3 class=\"elementor-image-box-title\">Napi\u0161ite VIN<\/h3><p class=\"elementor-image-box-description\">U prvom koraku upi\u0161ite 17-cifreni VIN u \u017euti prostor na po\u010detnoj stranici ili u manjim dostupnim \u017eutim prostorima na svakoj stranici. Zatim kliknite na Proveri.  <br><br><i> Broj \u0161asije vozila (VIN) je jedinstveni kod koji se dodeljuje svakom motornom vozilu prilikom proizvodnje. Sastoji se od 17 karaktera (brojeva i velikih slova), VIN pru\u017ea klju\u010dne informacije o vozilu, uklju\u010duju\u0107i zemlju porekla, proizvo\u0111a\u010da, tip vozila i godinu modela. Ovaj broj je presudan za registraciju vozila, osiguranje i izve\u0161taje o istoriji, poma\u017eu\u0107i u identifikaciji i pra\u0107enju vozila tokom njegovog veka trajanja. VIN se obi\u010dno mo\u017ee prona\u0107i na kontrolnoj tabli, vratima sa voza\u010deve strane ili u dokumentima vozila.   <\/i><\/p><\/div><\/div>\t\t\t\t<\/div>\n\t\t\t\t<\/div>\n\t\t\t\t<div class=\"elementor-element elementor-element-aa5ddbd elementor-widget-divider--view-line_icon elementor-view-default elementor-widget-divider--element-align-center elementor-widget elementor-widget-divider\" data-id=\"aa5ddbd\" data-element_type=\"widget\" data-e-type=\"widget\" data-widget_type=\"divider.default\">\n\t\t\t\t<div class=\"elementor-widget-container\">\n\t\t\t\t\t\t\t<div class=\"elementor-divider\">\n\t\t\t<span class=\"elementor-divider-separator\">\n\t\t\t\t\t\t\t<div class=\"elementor-icon elementor-divider__element\">\n\t\t\t\t\t<i aria-hidden=\"true\" class=\"fas fa-chevron-down\"><\/i><\/div>\n\t\t\t\t\t\t<\/span>\n\t\t<\/div>\n\t\t\t\t\t\t<\/div>\n\t\t\t\t<\/div>\n\t\t\t\t<div class=\"elementor-element elementor-element-31ed445 elementor-position-right elementor-vertical-align-top elementor-widget elementor-widget-image-box\" data-id=\"31ed445\" data-element_type=\"widget\" data-e-type=\"widget\" data-widget_type=\"image-box.default\">\n\t\t\t\t<div class=\"elementor-widget-container\">\n\t\t\t\t\t<div class=\"elementor-image-box-wrapper\"><figure class=\"elementor-image-box-img\"><img decoding=\"async\" width=\"1\" height=\"1\" src=\"https:\/\/www.vin-info.com\/wp-content\/uploads\/2024\/07\/vi-vehicle-history-records.svg\" class=\"attachment-medium_large size-medium_large wp-image-260\" alt=\"\" \/><\/figure><div class=\"elementor-image-box-content\"><h3 class=\"elementor-image-box-title\">Proveri dostupnost izve\u0161taja<\/h3><p class=\"elementor-image-box-description\">Besplatno dekodiranje vozila pokazuje na osnovu stru\u010dnog sistema informacije o: marki vozila, modelu, zemlji porekla, vrsti goriva, vrsti karoserije, mestu sklapanja, itd. Ove informacije su identi\u010dne informacijama koje \u0107ete videti u izve\u0161taju. Ako besplatno prepoznavanje vozila ne prikazuje neke od ovih podataka, to zna\u010di da se oni tako\u0111e ne\u0107e prikazati u izve\u0161taju.   <br><br> Sekcija Sadr\u017eaj vozila defini\u0161e informacije o vozilu koje su dostupne u na\u0161oj bazi podataka. To su: godina modela\/godina proizvodnje, kilometra\u017ea, istorija provere, baze podataka o ukradenim vozilima, fabri\u010dke gre\u0161ke, informacije o proizvo\u0111a\u010du, fotografije vozila i druge. Samo stavke ozna\u010dene zelenom kva\u010dicom za dostupnost podataka bi\u0107e popunjene u izve\u0161taju. Ostale stavke, ako su prazne ili postoji napomena o nedostupnim podacima, nemogu\u0107nosti provere, nedostupnosti, bez fotografija tako\u0111e \u0107e biti ostavljene prazne u izve\u0161taju.    <\/p><\/div><\/div>\t\t\t\t<\/div>\n\t\t\t\t<\/div>\n\t\t\t\t<div class=\"elementor-element elementor-element-4ffd580 elementor-widget-divider--view-line_icon elementor-view-default elementor-widget-divider--element-align-center elementor-widget elementor-widget-divider\" data-id=\"4ffd580\" data-element_type=\"widget\" data-e-type=\"widget\" data-widget_type=\"divider.default\">\n\t\t\t\t<div class=\"elementor-widget-container\">\n\t\t\t\t\t\t\t<div class=\"elementor-divider\">\n\t\t\t<span class=\"elementor-divider-separator\">\n\t\t\t\t\t\t\t<div class=\"elementor-icon elementor-divider__element\">\n\t\t\t\t\t<i aria-hidden=\"true\" class=\"fas fa-chevron-down\"><\/i><\/div>\n\t\t\t\t\t\t<\/span>\n\t\t<\/div>\n\t\t\t\t\t\t<\/div>\n\t\t\t\t<\/div>\n\t\t\t\t<div class=\"elementor-element elementor-element-3eacbd3 elementor-position-right elementor-vertical-align-top elementor-widget elementor-widget-image-box\" data-id=\"3eacbd3\" data-element_type=\"widget\" data-e-type=\"widget\" data-widget_type=\"image-box.default\">\n\t\t\t\t<div class=\"elementor-widget-container\">\n\t\t\t\t\t<div class=\"elementor-image-box-wrapper\"><figure class=\"elementor-image-box-img\"><img decoding=\"async\" width=\"1\" height=\"1\" src=\"https:\/\/www.vin-info.com\/wp-content\/uploads\/2024\/07\/vi-vehicle-history-reports.svg\" class=\"attachment-medium_large size-medium_large wp-image-288\" alt=\"\" \/><\/figure><div class=\"elementor-image-box-content\"><h3 class=\"elementor-image-box-title\">Izaberite tip izve\u0161taja<\/h3><p class=\"elementor-image-box-description\">U slede\u0107em koraku bi\u0107ete preusmereni na prethodno odabranu uslugu pla\u0107anja. Molimo vas da pratite uputstva na ekranu kako biste zavr\u0161ili pla\u0107anje. Ako besplatno prepoznavanje odgovara va\u0161im pretpostavkama, mo\u017eete nastaviti sa kupovinom izve\u0161taja. Da biste nastavili, upi\u0161ite svoju e-po\u0161tu (\u0161to vam omogu\u0107ava pristup izve\u0161taju kasnije), odaberite prave opcije i izaberite na\u010din pla\u0107anja. Nakon odabira opcija vide\u0107ete ukupni iznos koji treba platiti na dnu stranice. Zatim, kliknite na <b>Poru\u010di<\/b>.    <\/p><\/div><\/div>\t\t\t\t<\/div>\n\t\t\t\t<\/div>\n\t\t\t\t<div class=\"elementor-element elementor-element-c410f5f elementor-widget-divider--view-line_icon elementor-view-default elementor-widget-divider--element-align-center elementor-widget elementor-widget-divider\" data-id=\"c410f5f\" data-element_type=\"widget\" data-e-type=\"widget\" data-widget_type=\"divider.default\">\n\t\t\t\t<div class=\"elementor-widget-container\">\n\t\t\t\t\t\t\t<div class=\"elementor-divider\">\n\t\t\t<span class=\"elementor-divider-separator\">\n\t\t\t\t\t\t\t<div class=\"elementor-icon elementor-divider__element\">\n\t\t\t\t\t<i aria-hidden=\"true\" class=\"fas fa-chevron-down\"><\/i><\/div>\n\t\t\t\t\t\t<\/span>\n\t\t<\/div>\n\t\t\t\t\t\t<\/div>\n\t\t\t\t<\/div>\n\t\t\t\t<div class=\"elementor-element elementor-element-2da3196 elementor-position-right elementor-vertical-align-top elementor-widget elementor-widget-image-box\" data-id=\"2da3196\" data-element_type=\"widget\" data-e-type=\"widget\" data-widget_type=\"image-box.default\">\n\t\t\t\t<div class=\"elementor-widget-container\">\n\t\t\t\t\t<div class=\"elementor-image-box-wrapper\"><figure class=\"elementor-image-box-img\"><img loading=\"lazy\" decoding=\"async\" width=\"1\" height=\"1\" src=\"https:\/\/www.vin-info.com\/wp-content\/uploads\/2024\/07\/vi-payments-method.svg\" class=\"attachment-medium_large size-medium_large wp-image-302\" alt=\"\" \/><\/figure><div class=\"elementor-image-box-content\"><h3 class=\"elementor-image-box-title\">Platite izve\u0161taj<\/h3><p class=\"elementor-image-box-description\">U zavisnosti od odabranog na\u010dina pla\u0107anja, bi\u0107ete preusmereni na veb sajt za pla\u0107anje \/ veb sajt banke. Dalje, postupite prema uputstvima na ekranu. <\/p><\/div><\/div>\t\t\t\t<\/div>\n\t\t\t\t<\/div>\n\t\t\t\t<div class=\"elementor-element elementor-element-f690345 elementor-widget-divider--view-line_icon elementor-view-default elementor-widget-divider--element-align-center elementor-widget elementor-widget-divider\" data-id=\"f690345\" data-element_type=\"widget\" data-e-type=\"widget\" data-widget_type=\"divider.default\">\n\t\t\t\t<div class=\"elementor-widget-container\">\n\t\t\t\t\t\t\t<div class=\"elementor-divider\">\n\t\t\t<span class=\"elementor-divider-separator\">\n\t\t\t\t\t\t\t<div class=\"elementor-icon elementor-divider__element\">\n\t\t\t\t\t<i aria-hidden=\"true\" class=\"fas fa-chevron-down\"><\/i><\/div>\n\t\t\t\t\t\t<\/span>\n\t\t<\/div>\n\t\t\t\t\t\t<\/div>\n\t\t\t\t<\/div>\n\t\t\t\t<div class=\"elementor-element elementor-element-44e0c40 elementor-position-right elementor-vertical-align-top elementor-widget elementor-widget-image-box\" data-id=\"44e0c40\" data-element_type=\"widget\" data-e-type=\"widget\" data-widget_type=\"image-box.default\">\n\t\t\t\t<div class=\"elementor-widget-container\">\n\t\t\t\t\t<div class=\"elementor-image-box-wrapper\"><figure class=\"elementor-image-box-img\"><img loading=\"lazy\" decoding=\"async\" width=\"1\" height=\"1\" src=\"https:\/\/www.vin-info.com\/wp-content\/uploads\/2024\/07\/vi-user-account-vin-list.svg\" class=\"attachment-medium_large size-medium_large wp-image-316\" alt=\"\" \/><\/figure><div class=\"elementor-image-box-content\"><h3 class=\"elementor-image-box-title\">Pregled kupljenog izve\u0161taja<\/h3><p class=\"elementor-image-box-description\">\u041f\u043e\u0441\u043b\u0435 \u0440\u0435\u0430\u043b\u0438\u0437\u0430\u0446\u0438\u0458\u0435 \u043f\u043b\u0430\u045b\u0430\u045a\u0430, \u0430\u0443\u0442\u043e\u043c\u0430\u0442\u0441\u043a\u0438 \u045b\u0435\u0442\u0435 \u0441\u0435 \u043f\u0440\u0438\u0458\u0430\u0432\u0438\u0442\u0438 \u043d\u0430 \u0432\u0435\u0431\u0441\u0430\u0458\u0442 \u043a\u043e\u0440\u0438\u0441\u0442\u0435\u045b\u0438 \u043f\u0440\u0435\u0442\u0445\u043e\u0434\u043d\u043e \u0434\u0430\u0442 \u0435-\u043c\u0430\u0438\u043b \u0438 \u0431\u0438\u045b\u0435\u0442\u0435 \u0443\u043f\u0443\u045b\u0435\u043d\u0438 \u043d\u0430 \u0432\u0430\u0448 \u043d\u0430\u043b\u043e\u0433. \u041e\u0432\u0430 \u0441\u0442\u0440\u0430\u043d\u0438\u0446\u0430 \u0441\u0430\u0434\u0440\u0436\u0438 \u043e\u0441\u043d\u043e\u0432\u043d\u0435 \u0438\u043d\u0444\u043e\u0440\u043c\u0430\u0446\u0438\u0458\u0435 \u043e \u043d\u0430\u0448\u0435\u043c \u043d\u0430\u043b\u043e\u0433\u0443 \u0438 \u0441\u043f\u0438\u0441\u0430\u043a \u043a\u0443\u043f\u0459\u0435\u043d\u0438\u0445 \u0438\u0437\u0432\u0435\u0448\u0442\u0430\u0458\u0430. \u0421\u0442\u0430\u0442\u0443\u0441\u0438 \u0438\u0437\u0432\u0435\u0448\u0442\u0430\u0458\u0430 \u043d\u0430 \u0441\u043f\u0438\u0441\u043a\u0443 \u0441\u0435 \u0434\u0438\u043d\u0430\u043c\u0438\u0447\u043a\u0438 \u0430\u0436\u0443\u0440\u0438\u0440\u0430\u0458\u0443. \u0418\u043a\u043e\u043d\u043a\u0435 \u043d\u0430\u0437\u043d\u0430\u0447\u0430\u0432\u0430\u0458\u0443 \u0441\u0442\u0430\u0442\u0443\u0441 \u043f\u043b\u0430\u045b\u0430\u045a\u0430 \u0438 \u0444\u0430\u0437\u0443 \u0433\u0435\u043d\u0435\u0440\u0438\u0441\u0430\u045a\u0430 \u0438\u0437\u0432\u0435\u0448\u0442\u0430\u0458\u0430. \u0418\u0437\u0432\u0435\u0448\u0442\u0430\u0458 \u045b\u0435 \u0431\u0438\u0442\u0438 \u0438\u0441\u043f\u043e\u0440\u0443\u0447\u0435\u043d \u043e\u0434\u043c\u0430\u0445 \u043d\u0430\u043a\u043e\u043d \u043f\u043b\u0430\u045b\u0430\u045a\u0430, \u0430 \u0434\u043e\u0431\u0438\u045b\u0435\u0442\u0435 \u043e\u0431\u0430\u0432\u0435\u0448\u0442\u0435\u045a\u0435 \u043d\u0430 \u0443\u043a\u0430\u0437\u0430\u043d\u0443 \u0435-\u043c\u0430\u0438\u043b \u0430\u0434\u0440\u0435\u0441\u0443. \u041d\u0430\u043a\u043e\u043d \u0433\u0435\u043d\u0435\u0440\u0438\u0441\u0430\u045a\u0430 \u0438\u0437\u0432\u0435\u0448\u0442\u0430\u0458\u0430, \u0431\u0438\u045b\u0435 \u0434\u043e\u0441\u0442\u0443\u043f\u0430\u043d 30 \u0434\u0430\u043d\u0430.      <\/p><\/div><\/div>\t\t\t\t<\/div>\n\t\t\t\t<\/div>\n\t\t\t\t\t<\/div>\n\t\t\t\t<\/div>\n\t\t\t\t<\/div>\n\t\t","protected":false},"excerpt":{"rendered":"<p>Provera vozila je veoma jednostavna i ne traje du\u017ee od 5 minuta. Morate pratiti 5 jednostavnih koraka da biste dobili izve\u0161taj. <\/p>\n","protected":false},"author":2,"featured_media":0,"parent":0,"menu_order":0,"comment_status":"closed","ping_status":"closed","template":"","meta":{"inline_featured_image":false,"footnotes":""},"class_list":["post-1622","page","type-page","status-publish","hentry"],"_links":{"self":[{"href":"https:\/\/www.vin-info.com\/sr\/wp-json\/wp\/v2\/pages\/1622","targetHints":{"allow":["GET"]}}],"collection":[{"href":"https:\/\/www.vin-info.com\/sr\/wp-json\/wp\/v2\/pages"}],"about":[{"href":"https:\/\/www.vin-info.com\/sr\/wp-json\/wp\/v2\/types\/page"}],"author":[{"embeddable":true,"href":"https:\/\/www.vin-info.com\/sr\/wp-json\/wp\/v2\/users\/2"}],"replies":[{"embeddable":true,"href":"https:\/\/www.vin-info.com\/sr\/wp-json\/wp\/v2\/comments?post=1622"}],"version-history":[{"count":5,"href":"https:\/\/www.vin-info.com\/sr\/wp-json\/wp\/v2\/pages\/1622\/revisions"}],"predecessor-version":[{"id":3841,"href":"https:\/\/www.vin-info.com\/sr\/wp-json\/wp\/v2\/pages\/1622\/revisions\/3841"}],"wp:attachment":[{"href":"https:\/\/www.vin-info.com\/sr\/wp-json\/wp\/v2\/media?parent=1622"}],"curies":[{"name":"wp","href":"https:\/\/api.w.org\/{rel}","templated":true}]}}