{"id":1584,"date":"2024-08-08T15:00:28","date_gmt":"2024-08-08T13:00:28","guid":{"rendered":"https:\/\/www.vin-info.com\/kontaktirajte-nas\/"},"modified":"2025-12-12T08:42:10","modified_gmt":"2025-12-12T07:42:10","slug":"kontaktirajte-nas","status":"publish","type":"page","link":"https:\/\/www.vin-info.com\/sr\/kontaktirajte-nas\/","title":{"rendered":"Kontaktirajte nas"},"content":{"rendered":"\t\t<div data-elementor-type=\"wp-page\" data-elementor-id=\"1584\" class=\"elementor elementor-1584 elementor-99\" data-elementor-post-type=\"page\">\n\t\t\t\t<div class=\"elementor-element elementor-element-5fcceef e-flex e-con-boxed e-con e-parent\" data-id=\"5fcceef\" data-element_type=\"container\" data-e-type=\"container\">\n\t\t\t\t\t<div class=\"e-con-inner\">\n\t\t\t\t<div class=\"elementor-element elementor-element-65c8c47 elementor-widget elementor-widget-text-editor\" data-id=\"65c8c47\" data-element_type=\"widget\" data-e-type=\"widget\" data-widget_type=\"text-editor.default\">\n\t\t\t\t<div class=\"elementor-widget-container\">\n\t\t\t\t\t\t\t\t\t<p><b>NAPOMENA<\/b>: Ako niste primili e-mail sa izve\u0161tajem nakon kupovine, molimo vas da proverite svoju spam fasciklu ili unesite svoju e-mail adresu na glavnoj stranici sajta u gornjem desnom uglu.<\/p>\t\t\t\t\t\t\t\t<\/div>\n\t\t\t\t<\/div>\n\t\t\t\t\t<\/div>\n\t\t\t\t<\/div>\n\t\t<div class=\"elementor-element elementor-element-ccd4c79 e-flex e-con-boxed e-con e-parent\" data-id=\"ccd4c79\" data-element_type=\"container\" data-e-type=\"container\" data-settings=\"{&quot;background_background&quot;:&quot;classic&quot;}\">\n\t\t\t\t\t<div class=\"e-con-inner\">\n\t\t<div class=\"elementor-element elementor-element-573b520 e-con-full e-flex e-con e-child\" data-id=\"573b520\" data-element_type=\"container\" data-e-type=\"container\">\n\t\t\t\t<div class=\"elementor-element elementor-element-70c2a4c elementor-widget elementor-widget-text-editor\" data-id=\"70c2a4c\" data-element_type=\"widget\" data-e-type=\"widget\" data-widget_type=\"text-editor.default\">\n\t\t\t\t<div class=\"elementor-widget-container\">\n\t\t\t\t\t\t\t\t\t<p>Ako nai\u0111ete na bilo kakve probleme sa va\u0161om lozinkom za na\u0161u veb stranicu, molimo vas da posetite:<\/p>\t\t\t\t\t\t\t\t<\/div>\n\t\t\t\t<\/div>\n\t\t\t\t<\/div>\n\t\t<div class=\"elementor-element elementor-element-2494338 e-con-full e-flex e-con e-child\" data-id=\"2494338\" data-element_type=\"container\" data-e-type=\"container\">\n\t\t\t\t<div class=\"elementor-element elementor-element-eb4184f elementor-widget elementor-widget-button\" data-id=\"eb4184f\" data-element_type=\"widget\" data-e-type=\"widget\" id=\"btn-pass-rec\" data-widget_type=\"button.default\">\n\t\t\t\t<div class=\"elementor-widget-container\">\n\t\t\t\t\t\t\t\t\t<div class=\"elementor-button-wrapper\">\n\t\t\t\t\t<a class=\"elementor-button elementor-button-link elementor-size-sm\" href=\"\/sr\/account\/reset-password#\" id=\"passwd-reco\">\n\t\t\t\t\t\t<span class=\"elementor-button-content-wrapper\">\n\t\t\t\t\t\t\t\t\t<span class=\"elementor-button-text\">Obnova lozinke<\/span>\n\t\t\t\t\t<\/span>\n\t\t\t\t\t<\/a>\n\t\t\t\t<\/div>\n\t\t\t\t\t\t\t\t<\/div>\n\t\t\t\t<\/div>\n\t\t\t\t<\/div>\n\t\t\t\t\t<\/div>\n\t\t\t\t<\/div>\n\t\t<div class=\"elementor-element elementor-element-a058c5f e-flex e-con-boxed e-con e-parent\" data-id=\"a058c5f\" data-element_type=\"container\" data-e-type=\"container\">\n\t\t\t\t\t<div class=\"e-con-inner\">\n\t\t\t\t<div class=\"elementor-element elementor-element-58698c1 elementor-widget elementor-widget-heading\" data-id=\"58698c1\" data-element_type=\"widget\" data-e-type=\"widget\" data-widget_type=\"heading.default\">\n\t\t\t\t<div class=\"elementor-widget-container\">\n\t\t\t\t\t<h2 class=\"elementor-heading-title elementor-size-default\">Kontakt sa kancelarijom korisni\u010dke podr\u0161ke<\/h2>\t\t\t\t<\/div>\n\t\t\t\t<\/div>\n\t\t\t\t<div class=\"elementor-element elementor-element-4d237b9 elementor-button-align-stretch elementor-widget elementor-widget-form\" data-id=\"4d237b9\" data-element_type=\"widget\" data-e-type=\"widget\" id=\"contact-form\" data-settings=\"{&quot;button_width&quot;:&quot;30&quot;,&quot;step_next_label&quot;:&quot;Naredni&quot;,&quot;step_previous_label&quot;:&quot;Prethodni&quot;,&quot;step_type&quot;:&quot;number_text&quot;,&quot;step_icon_shape&quot;:&quot;circle&quot;}\" data-widget_type=\"form.default\">\n\t\t\t\t<div class=\"elementor-widget-container\">\n\t\t\t\t\t\t\t<form class=\"elementor-form\" method=\"post\" name=\"contact-form\" aria-label=\"contact-form\">\n\t\t\t<input type=\"hidden\" name=\"post_id\" value=\"1584\"\/>\n\t\t\t<input type=\"hidden\" name=\"form_id\" value=\"4d237b9\"\/>\n\t\t\t<input type=\"hidden\" name=\"referer_title\" value=\"\" \/>\n\n\t\t\t\n\t\t\t<div class=\"elementor-form-fields-wrapper elementor-labels-above\">\n\t\t\t\t\t\t\t\t<div class=\"elementor-field-type-email elementor-field-group elementor-column elementor-field-group-email elementor-col-100 elementor-field-required elementor-mark-required\">\n\t\t\t\t\t\t\t\t\t\t\t\t<label for=\"form-field-email\" class=\"elementor-field-label\">\n\t\t\t\t\t\t\t\tUnesite svoju adresu e-po\u0161te\t\t\t\t\t\t\t<\/label>\n\t\t\t\t\t\t\t\t\t\t\t\t\t\t<input size=\"1\" type=\"email\" name=\"form_fields[email]\" id=\"form-field-email\" class=\"elementor-field elementor-size-sm  elementor-field-textual\" required=\"required\">\n\t\t\t\t\t\t\t\t\t\t\t<\/div>\n\t\t\t\t\t\t\t\t<div class=\"elementor-field-type-select elementor-field-group elementor-column elementor-field-group-topic elementor-col-100 elementor-field-required elementor-mark-required\">\n\t\t\t\t\t\t\t\t\t\t\t\t<label for=\"form-field-topic\" class=\"elementor-field-label\">\n\t\t\t\t\t\t\t\tIzaberi temu \t\t\t\t\t\t\t<\/label>\n\t\t\t\t\t\t\t\t<div class=\"elementor-field elementor-select-wrapper remove-before \">\n\t\t\t<div class=\"select-caret-down-wrapper\">\n\t\t\t\t<i aria-hidden=\"true\" class=\"eicon-caret-down\"><\/i>\t\t\t<\/div>\n\t\t\t<select name=\"form_fields[topic]\" id=\"form-field-topic\" class=\"elementor-field-textual elementor-size-sm\" required=\"required\">\n\t\t\t\t\t\t\t\t\t<option value=\"4\">\u041e\u043f\u0448\u0442\u0435<\/option>\n\t\t\t\t\t\t\t\t\t<option value=\"0\">\u041f\u0440\u043e\u0431\u043b\u0435\u043c \u0441\u0430 \u043b\u043e\u0437\u0438\u043d\u043a\u043e\u043c<\/option>\n\t\t\t\t\t\t\t\t\t<option value=\"11\">\u0416\u0430\u043b\u0431\u0430<\/option>\n\t\t\t\t\t\t\t<\/select>\n\t\t<\/div>\n\t\t\t\t\t\t<\/div>\n\t\t\t\t\t\t\t\t<div class=\"elementor-field-type-textarea elementor-field-group elementor-column elementor-field-group-message elementor-col-100 elementor-field-required elementor-mark-required\">\n\t\t\t\t\t\t\t\t\t\t\t\t<label for=\"form-field-message\" class=\"elementor-field-label\">\n\t\t\t\t\t\t\t\tUnesite poruku \t\t\t\t\t\t\t<\/label>\n\t\t\t\t\t\t<textarea class=\"elementor-field-textual elementor-field  elementor-size-sm\" name=\"form_fields[message]\" id=\"form-field-message\" rows=\"4\" required=\"required\"><\/textarea>\t\t\t\t<\/div>\n\t\t\t\t\t\t\t\t<div class=\"elementor-field-type-recaptcha elementor-field-group elementor-column elementor-field-group-field_41d138f elementor-col-100\">\n\t\t\t\t\t<div class=\"elementor-field\" id=\"form-field-field_41d138f\"><div class=\"elementor-g-recaptcha\" data-sitekey=\"6LeWZigTAAAAADNmyuVMGnM340HktRZYkaFrosvO\" data-type=\"v2_checkbox\" data-theme=\"light\" data-size=\"normal\"><\/div><\/div>\t\t\t\t<\/div>\n\t\t\t\t\t\t\t\t<div class=\"elementor-field-group elementor-column elementor-field-type-submit elementor-col-30 e-form__buttons\">\n\t\t\t\t\t<button class=\"elementor-button elementor-size-sm\" type=\"submit\" id=\"pg-form-contact-submit\">\n\t\t\t\t\t\t<span class=\"elementor-button-content-wrapper\">\n\t\t\t\t\t\t\t\t\t\t\t\t\t\t\t\t\t\t\t\t\t\t<span class=\"elementor-button-text\">Po\u0161alji poruku<\/span>\n\t\t\t\t\t\t\t\t\t\t\t\t\t<\/span>\n\t\t\t\t\t<\/button>\n\t\t\t\t<\/div>\n\t\t\t<\/div>\n\t\t<\/form>\n\t\t\t\t\t\t<\/div>\n\t\t\t\t<\/div>\n\t\t\t\t<div class=\"elementor-element elementor-element-1a53387 elementor-button-info elementor-widget elementor-widget-button\" data-id=\"1a53387\" data-element_type=\"widget\" data-e-type=\"widget\" data-widget_type=\"button.default\">\n\t\t\t\t<div class=\"elementor-widget-container\">\n\t\t\t\t\t\t\t\t\t<div class=\"elementor-button-wrapper\">\n\t\t\t\t\t<a class=\"elementor-button elementor-button-link elementor-size-sm\" href=\"#elementor-action%3Aaction%3Dpopup%3Aopen%26settings%3DeyJpZCI6MzkzNSwidG9nZ2xlIjpmYWxzZX0%3D\">\n\t\t\t\t\t\t<span class=\"elementor-button-content-wrapper\">\n\t\t\t\t\t\t<span class=\"elementor-button-icon\">\n\t\t\t\t<i aria-hidden=\"true\" class=\"fas fa-fingerprint\"><\/i>\t\t\t<\/span>\n\t\t\t\t\t\t\t\t\t<span class=\"elementor-button-text\">\u0410\u043a\u043e \u0436\u0435\u043b\u0438\u0442\u0435 \u0434\u0430 \u043d\u0430\u0441 \u043a\u043e\u043d\u0442\u0430\u043a\u0442\u0438\u0440\u0430\u0442\u0435, \u043e\u0431\u0440\u0430\u0434\u0438\u045b\u0435\u043c\u043e \u0432\u0430\u0448\u0435 \u043b\u0438\u0447\u043d\u0435 \u043f\u043e\u0434\u0430\u0442\u043a\u0435 \u0443 \u0442\u0443 \u0441\u0432\u0440\u0445\u0443. \u0421\u0430\u0437\u043d\u0430\u0458\u0442\u0435 \u0432\u0438\u0448\u0435, \u0443\u043a\u0459\u0443\u0447\u0443\u0458\u0443\u045b\u0438 \u0438\u043d\u0444\u043e\u0440\u043c\u0430\u0446\u0438\u0458\u0435 \u043e \u043d\u0430\u043c\u0430 \u0438 \u0432\u0430\u0448\u0438\u043c \u043f\u0440\u0430\u0432\u0438\u043c\u0430. <\/span>\n\t\t\t\t\t<\/span>\n\t\t\t\t\t<\/a>\n\t\t\t\t<\/div>\n\t\t\t\t\t\t\t\t<\/div>\n\t\t\t\t<\/div>\n\t\t\t\t\t<\/div>\n\t\t\t\t<\/div>\n\t\t\t\t<\/div>\n\t\t","protected":false},"excerpt":{"rendered":"<p>Ova stranica je pripremljena da omogu\u0107i kontakt sa na\u0161om kompanijom.<\/p>\n","protected":false},"author":2,"featured_media":0,"parent":0,"menu_order":0,"comment_status":"closed","ping_status":"closed","template":"","meta":{"inline_featured_image":false,"footnotes":""},"class_list":["post-1584","page","type-page","status-publish","hentry"],"_links":{"self":[{"href":"https:\/\/www.vin-info.com\/sr\/wp-json\/wp\/v2\/pages\/1584","targetHints":{"allow":["GET"]}}],"collection":[{"href":"https:\/\/www.vin-info.com\/sr\/wp-json\/wp\/v2\/pages"}],"about":[{"href":"https:\/\/www.vin-info.com\/sr\/wp-json\/wp\/v2\/types\/page"}],"author":[{"embeddable":true,"href":"https:\/\/www.vin-info.com\/sr\/wp-json\/wp\/v2\/users\/2"}],"replies":[{"embeddable":true,"href":"https:\/\/www.vin-info.com\/sr\/wp-json\/wp\/v2\/comments?post=1584"}],"version-history":[{"count":15,"href":"https:\/\/www.vin-info.com\/sr\/wp-json\/wp\/v2\/pages\/1584\/revisions"}],"predecessor-version":[{"id":5102,"href":"https:\/\/www.vin-info.com\/sr\/wp-json\/wp\/v2\/pages\/1584\/revisions\/5102"}],"wp:attachment":[{"href":"https:\/\/www.vin-info.com\/sr\/wp-json\/wp\/v2\/media?parent=1584"}],"curies":[{"name":"wp","href":"https:\/\/api.w.org\/{rel}","templated":true}]}}