{"id":2718,"date":"2024-08-20T14:28:38","date_gmt":"2024-08-20T12:28:38","guid":{"rendered":"https:\/\/www.vin-info.com\/zasady-ochrany-osobnych-udajov\/"},"modified":"2025-11-21T13:00:59","modified_gmt":"2025-11-21T12:00:59","slug":"privacy-policy","status":"publish","type":"page","link":"https:\/\/www.vin-info.com\/sk\/privacy-policy\/","title":{"rendered":"Z\u00e1sady ochrany osobn\u00fdch \u00fadajov"},"content":{"rendered":"\t\t<div data-elementor-type=\"wp-page\" data-elementor-id=\"2718\" class=\"elementor elementor-2718 elementor-3\" data-elementor-post-type=\"page\">\n\t\t\t\t<div class=\"elementor-element elementor-element-2726f31 e-flex e-con-boxed e-con e-parent\" data-id=\"2726f31\" data-element_type=\"container\" data-e-type=\"container\">\n\t\t\t\t\t<div class=\"e-con-inner\">\n\t\t\t\t<div class=\"elementor-element elementor-element-c7518d1 elementor-widget elementor-widget-heading\" data-id=\"c7518d1\" data-element_type=\"widget\" data-e-type=\"widget\" data-widget_type=\"heading.default\">\n\t\t\t\t<div class=\"elementor-widget-container\">\n\t\t\t\t\t<h3 class=\"elementor-heading-title elementor-size-default\">I. Spracov\u00e1van\u00e9 osobn\u00e9 \u00fadaje, pr\u00e1vny z\u00e1klad a obdobia spracovania<\/h3>\t\t\t\t<\/div>\n\t\t\t\t<\/div>\n\t\t\t\t<div class=\"elementor-element elementor-element-b3882e0 elementor-widget elementor-widget-text-editor\" data-id=\"b3882e0\" data-element_type=\"widget\" data-e-type=\"widget\" data-widget_type=\"text-editor.default\">\n\t\t\t\t<div class=\"elementor-widget-container\">\n\t\t\t\t\t\t\t\t\t<p>M\u00f4\u017eeme zhroma\u017e\u010fova\u0165, uchov\u00e1va\u0165 a spracov\u00e1va\u0165 nasleduj\u00face druhy osobn\u00fdch \u00fadajov:<\/p><p>&#8211; inform\u00e1cie o va\u0161om po\u010d\u00edta\u010di a o va\u0161ich n\u00e1v\u0161tev\u00e1ch a pou\u017e\u00edvan\u00ed Webovej str\u00e1nky (najm\u00e4: va\u0161a IP adresa, geografick\u00e1 poloha, typ a verzia prehliada\u010da, opera\u010dn\u00fd syst\u00e9m, zdroj odkazu, \u010das a d\u013a\u017eka n\u00e1v\u0161tevy, po\u010det zobrazen\u00ed str\u00e1nok, navig\u00e1cia na webe), ktor\u00e9 sprac\u00favame na z\u00e1klade na\u0161ich legit\u00edmnych z\u00e1ujmov na \u00fa\u010dely \u0161tatistiky a spr\u00e1vy Webovej str\u00e1nky a priameho marketingu po\u010das obdobia, k\u00fdm tieto aktivity dokon\u010d\u00edme alebo k\u00fdm \u00fa\u010dinne nevyu\u017eijete pr\u00e1vo na n\u00e1mietku, pri\u010dom profilovanie vykon\u00e1vame so s\u00fahlasom, k\u00fdm s\u00fahlas neodvol\u00e1te;<\/p><p>&#8211; inform\u00e1cie nevyhnutn\u00e9 na poskytovanie slu\u017eieb dostupn\u00fdch na Webovej str\u00e1nke (najm\u00e4: e-mailov\u00e1 adresa, meno a priezvisko, adresa, da\u0148ov\u00e9 identifika\u010dn\u00e9 \u010d\u00edslo, \u010d\u00edslo bankov\u00e9ho \u00fa\u010dtu, \u010d\u00edslo transakcie, obsah n\u00e1kupn\u00e9ho ko\u0161\u00edka) a inform\u00e1cie s\u00favisiace s registr\u00e1ciou na Webovej str\u00e1nke (najm\u00e4 e-mailov\u00e1 adresa, prihlasovacie meno, heslo), ktor\u00e9 sprac\u00favame na z\u00e1klade plnenia zmluvy definovanej v Obchodn\u00fdch podmienkach s cie\u013eom uzavretia zmluvy, jej vyn\u00fatenia a ukon\u010denia po\u010das obdobia uzavretia a uplat\u0148ovania zmluvy, a na z\u00e1klade na\u0161ich opr\u00e1vnen\u00fdch z\u00e1ujmov s cie\u013eom presadzovania n\u00e1rokov spojen\u00fdch so zmluvou a zabezpe\u010denia bezpe\u010dnosti \u00fadajov poskytnut\u00fdch pou\u017e\u00edvate\u013emi pri registr\u00e1cii na Webovej str\u00e1nke, po\u010das obdobia 6 rokov od konca roka, v ktorom bola zmluva uzavret\u00e1 alebo jej ukon\u010den\u00e1, alebo pok\u00fdm efekt\u00edvne neuplatn\u00edte pr\u00e1vo namieta\u0165, av\u0161ak nie menej ako do ukon\u010denia uplat\u0148ovania n\u00e1rokov spojen\u00fdch so zmluvou a uplynutia leh\u00f4t na n\u00e1roky, a na z\u00e1klade pr\u00e1vnych povinnost\u00ed uveden\u00fdch v Z\u00e1kone o \u00fa\u010dtovn\u00edctve a v Da\u0148ovom z\u00e1kone po\u010das obdob\u00ed uveden\u00fdch v t\u00fdchto predpisoch (aktu\u00e1lne pod\u013ea \u010dl\u00e1nku 74 Z\u00e1kona o \u00fa\u010dtovn\u00edctve a \u010dl\u00e1nku 32 \u00a7 1 Da\u0148ov\u00e9ho z\u00e1kona toto obdobie predstavuje 5 rokov od za\u010diatku roka nasleduj\u00faceho po \u00fa\u010dtovnom roku, ktor\u00fd sa vz\u0165ahuje na pr\u00edslu\u0161n\u00e9 \u00fadaje);<\/p><p>&#8211; inform\u00e1cie, ktor\u00e9 n\u00e1m poskytnete za \u00fa\u010delom prihl\u00e1senia sa na slu\u017eby noviniek na Webovej str\u00e1nke, najm\u00e4 e-mailov\u00e9 ozn\u00e1menia a\/alebo newslettery (e-mailov\u00e1 adresa), ktor\u00e9 spracov\u00e1vame na z\u00e1klade v\u00e1\u0161ho s\u00fahlasu po\u010das obdobia, ke\u010f s\u00fa tieto slu\u017eby akt\u00edvne a\/alebo do odvolania s\u00fahlasu;<\/p><p>&#8211; inform\u00e1cie potrebn\u00e9 na komunik\u00e1ciu s vami (najm\u00e4 e-mailov\u00e1 adresa, meno a priezvisko, telef\u00f3nne \u010d\u00edslo a obsah komunik\u00e1cie), ktor\u00e9 spracov\u00e1vame na z\u00e1klade na\u0161ich opr\u00e1vnen\u00fdch z\u00e1ujmov s cie\u013eom komunikova\u0165 s vami a br\u00e1ni\u0165 sa vo\u010di n\u00e1rokom, po\u010das obdobia 6 rokov od konca roka, v ktorom komunik\u00e1cia skon\u010dila, alebo a\u017e do \u00fa\u010dinn\u00e9ho uplatnenia pr\u00e1va na n\u00e1mietku.<\/p>\t\t\t\t\t\t\t\t<\/div>\n\t\t\t\t<\/div>\n\t\t\t\t<div class=\"elementor-element elementor-element-a0db7e9 elementor-widget elementor-widget-heading\" data-id=\"a0db7e9\" data-element_type=\"widget\" data-e-type=\"widget\" data-widget_type=\"heading.default\">\n\t\t\t\t<div class=\"elementor-widget-container\">\n\t\t\t\t\t<h3 class=\"elementor-heading-title elementor-size-default\">Ia. Automatizovan\u00e9 individu\u00e1lne rozhodovanie vr\u00e1tane profilovania <\/h3>\t\t\t\t<\/div>\n\t\t\t\t<\/div>\n\t\t\t\t<div class=\"elementor-element elementor-element-7e702af elementor-widget elementor-widget-text-editor\" data-id=\"7e702af\" data-element_type=\"widget\" data-e-type=\"widget\" data-widget_type=\"text-editor.default\">\n\t\t\t\t<div class=\"elementor-widget-container\">\n\t\t\t\t\t\t\t\t\t<p>\u00dadaje, ktor\u00e9 spracov\u00e1vame, m\u00f4\u017eeme pou\u017ei\u0165 my alebo na\u0161i spolupracovn\u00edci na automatizovan\u00e9 individu\u00e1lne rozhodovanie v\u00fdhradne v rozsahu reklamy na\u0161ich slu\u017eieb na in\u00fdch webov\u00fdch str\u00e1nkach. Toto sa uskuto\u010d\u0148uje tak, \u017ee na\u0161i spolupracovn\u00edci, ktor\u00ed poskytuj\u00fa reklamn\u00e9 slu\u017eby, m\u00f4\u017eu vytv\u00e1ra\u0165 profil va\u0161ich z\u00e1ujmov a zobrazova\u0165 v\u00e1m reklamy na\u0161ich slu\u017eieb na webov\u00fdch str\u00e1nkach tret\u00edch str\u00e1n. Spolupracovn\u00edci pou\u017e\u00edvaj\u00fa cookies alebo podobn\u00e9 technol\u00f3gie, ktor\u00e9 registruj\u00fa, \u017ee ste nav\u0161t\u00edvili na\u0161u webov\u00fa str\u00e1nku alebo ste pou\u017e\u00edvali na\u0161e slu\u017eby. M\u00f4\u017eete by\u0165 v\u0161ak predmetom profilovania iba na z\u00e1klade v\u00e1\u0161ho dobrovo\u013en\u00e9ho s\u00fahlasu, ktor\u00fd v\u00e1s \u017eiadame, ke\u010f nav\u0161t\u00edvite na\u0161u webov\u00fa str\u00e1nku. Ak nes\u00fahlas\u00edte s profilovan\u00edm, nebudete predmetom profilovania. S\u00fahlas s profilovan\u00edm m\u00f4\u017eete odvola\u0165 kedyko\u013evek t\u00fdm, \u017ee n\u00e1s o tom informujete na na\u0161u e-mailov\u00fa adresu alebo vo va\u0161ich nastaveniach \u00fa\u010dtu, ak ho m\u00e1te, bez toho, aby to malo vplyv na z\u00e1konnos\u0165 spracovania na z\u00e1klade s\u00fahlasu pred jeho odvolan\u00edm.     <\/p>\t\t\t\t\t\t\t\t<\/div>\n\t\t\t\t<\/div>\n\t\t\t\t<div class=\"elementor-element elementor-element-6ce4070 elementor-widget elementor-widget-heading\" data-id=\"6ce4070\" data-element_type=\"widget\" data-e-type=\"widget\" data-widget_type=\"heading.default\">\n\t\t\t\t<div class=\"elementor-widget-container\">\n\t\t\t\t\t<h3 class=\"elementor-heading-title elementor-size-default\">II. Cookies <\/h3>\t\t\t\t<\/div>\n\t\t\t\t<\/div>\n\t\t\t\t<div class=\"elementor-element elementor-element-2b7a137 elementor-widget elementor-widget-text-editor\" data-id=\"2b7a137\" data-element_type=\"widget\" data-e-type=\"widget\" data-widget_type=\"text-editor.default\">\n\t\t\t\t<div class=\"elementor-widget-container\">\n\t\t\t\t\t\t\t\t\t<p>Webov\u00e1 str\u00e1nka pou\u017e\u00edva cookies, ktor\u00e9 n\u00e1m umo\u017e\u0148uj\u00fa prisp\u00f4sobi\u0165 webov\u00fa str\u00e1nku potreb\u00e1m jej pou\u017e\u00edvate\u013eov pr\u00edpravou a anal\u00fdzou \u0161tatistiky o pou\u017e\u00edvan\u00ed webovej str\u00e1nky. \u0160tatistiky sa net\u00fdkaj\u00fa osobn\u00fdch \u00fadajov pou\u017e\u00edvate\u013eov webovej str\u00e1nky. <\/p>\n<p>Cookies s\u00fa inform\u00e1cie zaslan\u00e9 webov\u00fdm serverom do webov\u00e9ho prehliada\u010da a ulo\u017een\u00e9 prehliada\u010dom. Tieto inform\u00e1cie sa potom pri ka\u017edom po\u017eiadavku prehliada\u010da na str\u00e1nku zo servera posielaj\u00fa sp\u00e4\u0165 na server. To umo\u017e\u0148uje webov\u00e9mu serveru identifikova\u0165 a sledova\u0165 webov\u00fd prehliada\u010d.  <\/p>\n<p>Na webovej str\u00e1nke pou\u017e\u00edvame &#8222;session&#8220; a &#8222;persistent&#8220; cookies. Session cookies budeme pou\u017e\u00edva\u0165 na to, aby sme v\u00e1s sledovali, k\u00fdm sa pohybujete po webovej str\u00e1nke. Persistent cookies budeme pou\u017e\u00edva\u0165 na to, aby webov\u00e1 str\u00e1nka mohla rozpozna\u0165, ke\u010f nav\u0161t\u00edvite webov\u00fa str\u00e1nku.  <\/p>\n<p>S\u00fabory cookie rel\u00e1cie bud\u00fa z v\u00e1\u0161ho po\u010d\u00edta\u010da vymazan\u00e9 pri zavret\u00ed prehliada\u010da. Trval\u00e9 s\u00fabory cookie zostan\u00fa ulo\u017een\u00e9 na va\u0161om po\u010d\u00edta\u010di, k\u00fdm nebud\u00fa vymazan\u00e9, alebo k\u00fdm nedosiahnu stanoven\u00fd d\u00e1tum expir\u00e1cie. <\/p>\n<p>Pou\u017e\u00edvame Google Analytics na anal\u00fdzu pou\u017e\u00edvania webovej str\u00e1nky. Google Analytics generuje \u0161tatistick\u00e9 a in\u00e9 inform\u00e1cie o pou\u017e\u00edvan\u00ed webovej str\u00e1nky pomocou cookies, ktor\u00e9 s\u00fa ulo\u017een\u00e9 na po\u010d\u00edta\u010doch pou\u017e\u00edvate\u013eov. Inform\u00e1cie generovan\u00e9 vo vz\u0165ahu k webovej str\u00e1nke sa pou\u017e\u00edvaj\u00fa na vytv\u00e1ranie spr\u00e1v o pou\u017e\u00edvan\u00ed webovej str\u00e1nky. Google tieto inform\u00e1cie ulo\u017e\u00ed. Z\u00e1sady ochrany osobn\u00fdch \u00fadajov spolo\u010dnosti Google s\u00fa k dispoz\u00edcii na: http:\/\/www.google.com\/privacypolicy.html.    <\/p>\n<p>Tretie strany, najm\u00e4 na\u0161i inzerenti\/poskytovatelia platobn\u00fdch slu\u017eieb v\u00e1m m\u00f4\u017eu tie\u017e posla\u0165 cookies v s\u00falade s pravidlami uveden\u00fdmi na ich webov\u00fdch str\u00e1nkach.<\/p>\n<p>S\u00fahlas s pou\u017e\u00edvan\u00edm cookies z webovej str\u00e1nky sa vykon\u00e1va prostredn\u00edctvom mo\u017enost\u00ed, ktor\u00e9 ste vybrali v nastaveniach svojho prehliada\u010da. V\u00e4\u010d\u0161ina prehliada\u010dov v\u00e1m umo\u017e\u0148uje odmietnu\u0165 v\u0161etky cookies alebo odmietnu\u0165 iba cookies tret\u00edch str\u00e1n. Napr\u00edklad v Internet Exploreri m\u00f4\u017eete odmietnu\u0165 v\u0161etky cookies kliknut\u00edm na &#8222;N\u00e1stroje&#8220;, &#8222;Mo\u017enosti Internetu&#8220;, &#8222;Ochrana osobn\u00fdch \u00fadajov&#8220; a v\u00fdberom &#8222;Blokova\u0165 v\u0161etky cookies&#8220; pomocou posuvn\u00e9ho selektora. Blokovanie v\u0161etk\u00fdch cookies v\u0161ak negat\u00edvne ovplyvn\u00ed pou\u017eite\u013enos\u0165 mnoh\u00fdch webov\u00fdch str\u00e1nok.   <\/p>\t\t\t\t\t\t\t\t<\/div>\n\t\t\t\t<\/div>\n\t\t\t\t<div class=\"elementor-element elementor-element-3425db5 elementor-widget elementor-widget-heading\" data-id=\"3425db5\" data-element_type=\"widget\" data-e-type=\"widget\" data-widget_type=\"heading.default\">\n\t\t\t\t<div class=\"elementor-widget-container\">\n\t\t\t\t\t<h3 class=\"elementor-heading-title elementor-size-default\">III. Pr\u00edjemcovia \u00fadajov <\/h3>\t\t\t\t<\/div>\n\t\t\t\t<\/div>\n\t\t\t\t<div class=\"elementor-element elementor-element-95ad2b8 elementor-widget elementor-widget-text-editor\" data-id=\"95ad2b8\" data-element_type=\"widget\" data-e-type=\"widget\" data-widget_type=\"text-editor.default\">\n\t\t\t\t<div class=\"elementor-widget-container\">\n\t\t\t\t\t\t\t\t\t<p>M\u00f4\u017eeme zverejni\u0165 inform\u00e1cie o v\u00e1s ktor\u00e9muko\u013evek z na\u0161ich zamestnancov, \u00faradn\u00edkov a spolupracovn\u00edkov, pokia\u013e je to rozumne potrebn\u00e9 na \u00fa\u010dely uveden\u00e9 v tejto politike ochrany osobn\u00fdch \u00fadajov, av\u0161ak s\u00fa povinn\u00ed zabezpe\u010di\u0165 \u00fadaje n\u00e1le\u017eite.<\/p>\n<p>M\u00f4\u017eeme zverejni\u0165 va\u0161e \u00fadaje na\u0161im spolupracovn\u00edkom, ktor\u00ed ich spracov\u00e1vaj\u00fa v na\u0161om mene (pr\u00edjemcovia \u00fadajov) a vykon\u00e1vaj\u00fa nasleduj\u00face \u010dinnosti: \u00fa\u010dtovn\u00edctvo, informatiku, hosting, \u0161tatistiku, marketing, webov\u00e9 prehliada\u010de, soci\u00e1lne siete.<\/p>\n<p>\u00dadaje m\u00f4\u017eu by\u0165 pren\u00e1\u0161an\u00e9 mimo E\u00da, av\u0161ak iba do \u0161t\u00e1tov alebo subjektov schv\u00e1len\u00fdch pod\u013ea pr\u00e1va E\u00da, najm\u00e4 do subjektov zo Spojen\u00fdch \u0161t\u00e1tov, ktor\u00e9 sa podie\u013eaj\u00fa na projekte Privacy Shield (pozri https:\/\/www.privacyshield.gov\/).<\/p>\n<p>Okrem toho m\u00f4\u017eeme zverejni\u0165 va\u0161e osobn\u00e9 \u00fadaje verejn\u00fdm org\u00e1nom, pokia\u013e sme to povinn\u00ed urobi\u0165 pod\u013ea z\u00e1kona.<\/p>\t\t\t\t\t\t\t\t<\/div>\n\t\t\t\t<\/div>\n\t\t\t\t<div class=\"elementor-element elementor-element-dac743f elementor-widget elementor-widget-heading\" data-id=\"dac743f\" data-element_type=\"widget\" data-e-type=\"widget\" data-widget_type=\"heading.default\">\n\t\t\t\t<div class=\"elementor-widget-container\">\n\t\t\t\t\t<h3 class=\"elementor-heading-title elementor-size-default\">IV. Pr\u00e1va pou\u017e\u00edvate\u013eov <\/h3>\t\t\t\t<\/div>\n\t\t\t\t<\/div>\n\t\t\t\t<div class=\"elementor-element elementor-element-0d0da09 elementor-widget elementor-widget-text-editor\" data-id=\"0d0da09\" data-element_type=\"widget\" data-e-type=\"widget\" data-widget_type=\"text-editor.default\">\n\t\t\t\t<div class=\"elementor-widget-container\">\n\t\t\t\t\t\t\t\t\t<p>Ako pou\u017e\u00edvate\u013e webovej str\u00e1nky m\u00e1te pr\u00e1vo po\u017eadova\u0165 od prev\u00e1dzkovate\u013ea pr\u00edstup k osobn\u00fdm \u00fadajom a ich opravu alebo vymazanie, obmedzenie sprac\u00favania alebo namieta\u0165 proti sprac\u00favaniu, ako aj pr\u00e1vo na prenosnos\u0165 \u00fadajov. Aby ste mohli vyu\u017ei\u0165 tieto pr\u00e1va, kontaktujte n\u00e1s pros\u00edm prostredn\u00edctvom kontaktn\u00e9ho formul\u00e1ra na webovej str\u00e1nke alebo na e-mailov\u00fa adresu, alebo vykonajte zmenu vo svojich nastaveniach \u00fa\u010dtu, ak nejak\u00fd m\u00e1te. <\/p>\n<p>Ako u\u017e\u00edvate\u013e webovej str\u00e1nky m\u00e1te pr\u00e1vo poda\u0165 s\u0165a\u017enos\u0165 t\u00fdkaj\u00facu sa spracovania va\u0161ich \u00fadajov na Inspektor\u00e1t prezidenta \u00daradu na ochranu osobn\u00fdch \u00fadajov (Prezes Urz\u0119du Ochrony Danych Osobowych) v Po\u013esku alebo jeho ekvivalent na inom \u010dlenskom \u0161t\u00e1te E\u00da, v s\u00falade s va\u0161\u00edm obvykl\u00fdm bydliskom, miestom zamestnania alebo miestom \u00fadajn\u00e9ho poru\u0161enia.<\/p>\t\t\t\t\t\t\t\t<\/div>\n\t\t\t\t<\/div>\n\t\t\t\t<div class=\"elementor-element elementor-element-d3ff955 elementor-widget elementor-widget-heading\" data-id=\"d3ff955\" data-element_type=\"widget\" data-e-type=\"widget\" data-widget_type=\"heading.default\">\n\t\t\t\t<div class=\"elementor-widget-container\">\n\t\t\t\t\t<h3 class=\"elementor-heading-title elementor-size-default\">V. Bezpe\u010dnos\u0165 va\u0161ich osobn\u00fdch \u00fadajov<\/h3>\t\t\t\t<\/div>\n\t\t\t\t<\/div>\n\t\t\t\t<div class=\"elementor-element elementor-element-a4ed904 elementor-widget elementor-widget-text-editor\" data-id=\"a4ed904\" data-element_type=\"widget\" data-e-type=\"widget\" data-widget_type=\"text-editor.default\">\n\t\t\t\t<div class=\"elementor-widget-container\">\n\t\t\t\t\t\t\t\t\t<p>Prijmeme primeran\u00e9 technick\u00e9 a organiza\u010dn\u00e9 opatrenia na zabr\u00e1nenie strate, zneu\u017eitiu alebo zmene va\u0161ich osobn\u00fdch \u00fadajov.<\/p>\n<p>V\u0161etky osobn\u00e9 \u00fadaje, ktor\u00e9 poskytnete, budeme uchov\u00e1va\u0165 na na\u0161ich zabezpe\u010den\u00fdch (chr\u00e1nen\u00fdch heslom a firewallom) serveroch. V\u0161etky elektronick\u00e9 transakcie, ktor\u00e9 vykon\u00e1te s nami alebo ktor\u00e9 od n\u00e1s prijmete, a citliv\u00e9 a\/alebo s\u00fakromn\u00e9 v\u00fdmeny \u00fadajov bud\u00fa \u0161ifrovan\u00e9 pomocou SSL technol\u00f3gie. <\/p>\n<p>Vzh\u013eadom na svoju povahu je prenos \u00fadajov cez internet inherentne nezabezpe\u010den\u00fd. Av\u0161ak pou\u017e\u00edvame r\u00f4zne opatrenia na zabezpe\u010denie va\u0161ich \u00fadajov. Ak n\u00e1m chcete poskytn\u00fa\u0165 odpor\u00fa\u010danie t\u00fdkaj\u00face sa bezpe\u010dnosti, vyz\u00fdvame v\u00e1s, aby ste n\u00e1s kontaktovali prostredn\u00edctvom kontaktn\u00e9ho formul\u00e1ra alebo na na\u0161u e-mailov\u00fa adresu.  <\/p>\n<p>Ste zodpovedn\u00fd za uchov\u00e1vanie svojho hesla a pou\u017e\u00edvate\u013esk\u00fdch \u00fadajov v tajnosti a nesmiete ich zverejni\u0165 in\u00fdm osob\u00e1m. Nebudeme v\u00e1s \u017eiada\u0165 o va\u0161e heslo (okrem situ\u00e1cie, ke\u010f sa prihlasujete na webov\u00fa str\u00e1nku). <\/p>\t\t\t\t\t\t\t\t<\/div>\n\t\t\t\t<\/div>\n\t\t\t\t<div class=\"elementor-element elementor-element-16e74e8 elementor-widget elementor-widget-heading\" data-id=\"16e74e8\" data-element_type=\"widget\" data-e-type=\"widget\" data-widget_type=\"heading.default\">\n\t\t\t\t<div class=\"elementor-widget-container\">\n\t\t\t\t\t<h3 class=\"elementor-heading-title elementor-size-default\">VI. Webov\u00e9 str\u00e1nky tret\u00edch str\u00e1n <\/h3>\t\t\t\t<\/div>\n\t\t\t\t<\/div>\n\t\t\t\t<div class=\"elementor-element elementor-element-6027d9e elementor-widget elementor-widget-text-editor\" data-id=\"6027d9e\" data-element_type=\"widget\" data-e-type=\"widget\" data-widget_type=\"text-editor.default\">\n\t\t\t\t<div class=\"elementor-widget-container\">\n\t\t\t\t\t\t\t\t\t<p>Webov\u00e1 str\u00e1nka obsahuje odkazy na in\u00e9 webov\u00e9 str\u00e1nky. Nie sme zodpovedn\u00ed za z\u00e1sady ochrany osobn\u00fdch \u00fadajov alebo praktiky tret\u00edch str\u00e1n. Tieto webov\u00e9 str\u00e1nky, vr\u00e1tane ich obsahu a odkazov, sa m\u00f4\u017eu neust\u00e1le meni\u0165 a m\u00f4\u017eu ma\u0165 svoje vlastn\u00e9 z\u00e1sady ochrany osobn\u00fdch \u00fadajov a in\u00e9 regul\u00e1cie, ktor\u00e9 odpor\u00fa\u010dame pre\u010d\u00edta\u0165.  <\/p>\t\t\t\t\t\t\t\t<\/div>\n\t\t\t\t<\/div>\n\t\t\t\t\t<\/div>\n\t\t\t\t<\/div>\n\t\t\t\t<\/div>\n\t\t","protected":false},"excerpt":{"rendered":"<p>Zav\u00e4zujeme sa chr\u00e1ni\u0165 s\u00fakromie ka\u017ed\u00e9ho pou\u017e\u00edvate\u013ea webovej str\u00e1nky.<\/p>\n<p>Spr\u00e1vcom va\u0161ich \u00fadajov je Autoiso sp. z o.o. so s\u00eddlom: ul. Gnie\u017anie\u0144ska 12, 40-142 Katovice (Po\u013esko). Ak m\u00e1te ak\u00e9ko\u013evek ot\u00e1zky t\u00fdkaj\u00face sa na\u0161ich Pravidiel ochrany osobn\u00fdch \u00fadajov alebo spracovania osobn\u00fdch \u00fadajov z na\u0161ej strany, ako aj ak chcete predlo\u017ei\u0165 pokyny t\u00fdkaj\u00face sa va\u0161ich \u00fadajov, nev\u00e1hajte n\u00e1s kontaktova\u0165 na e-mailovej adrese: support@autoiso.pl alebo na vy\u0161\u0161ie uvedenej adrese s\u00eddla.   <\/p>\n","protected":false},"author":1,"featured_media":0,"parent":0,"menu_order":0,"comment_status":"closed","ping_status":"closed","template":"","meta":{"inline_featured_image":false,"footnotes":""},"class_list":["post-2718","page","type-page","status-publish","hentry"],"_links":{"self":[{"href":"https:\/\/www.vin-info.com\/sk\/wp-json\/wp\/v2\/pages\/2718","targetHints":{"allow":["GET"]}}],"collection":[{"href":"https:\/\/www.vin-info.com\/sk\/wp-json\/wp\/v2\/pages"}],"about":[{"href":"https:\/\/www.vin-info.com\/sk\/wp-json\/wp\/v2\/types\/page"}],"author":[{"embeddable":true,"href":"https:\/\/www.vin-info.com\/sk\/wp-json\/wp\/v2\/users\/1"}],"replies":[{"embeddable":true,"href":"https:\/\/www.vin-info.com\/sk\/wp-json\/wp\/v2\/comments?post=2718"}],"version-history":[{"count":4,"href":"https:\/\/www.vin-info.com\/sk\/wp-json\/wp\/v2\/pages\/2718\/revisions"}],"predecessor-version":[{"id":3999,"href":"https:\/\/www.vin-info.com\/sk\/wp-json\/wp\/v2\/pages\/2718\/revisions\/3999"}],"wp:attachment":[{"href":"https:\/\/www.vin-info.com\/sk\/wp-json\/wp\/v2\/media?parent=2718"}],"curies":[{"name":"wp","href":"https:\/\/api.w.org\/{rel}","templated":true}]}}