{"id":2710,"date":"2024-08-20T13:35:49","date_gmt":"2024-08-20T11:35:49","guid":{"rendered":"https:\/\/www.vin-info.com\/co-je-nove\/"},"modified":"2024-09-04T13:47:22","modified_gmt":"2024-09-04T11:47:22","slug":"co-je-nove","status":"publish","type":"page","link":"https:\/\/www.vin-info.com\/sk\/co-je-nove\/","title":{"rendered":"\u010co je nov\u00e9"},"content":{"rendered":"\t\t<div data-elementor-type=\"wp-page\" data-elementor-id=\"2710\" class=\"elementor elementor-2710 elementor-70\" data-elementor-post-type=\"page\">\n\t\t\t\t<div class=\"elementor-element elementor-element-cff0ae2 e-flex e-con-boxed e-con e-parent\" data-id=\"cff0ae2\" data-element_type=\"container\" data-e-type=\"container\">\n\t\t\t\t\t<div class=\"e-con-inner\">\n\t\t\t\t<div class=\"elementor-element elementor-element-8902441 elementor-grid-3 elementor-grid-tablet-2 elementor-grid-mobile-1 elementor-posts--thumbnail-top elementor-card-shadow-yes elementor-posts__hover-gradient elementor-widget elementor-widget-posts\" data-id=\"8902441\" data-element_type=\"widget\" data-e-type=\"widget\" data-settings=\"{&quot;pagination_type&quot;:&quot;numbers_and_prev_next&quot;,&quot;cards_row_gap&quot;:{&quot;unit&quot;:&quot;px&quot;,&quot;size&quot;:25,&quot;sizes&quot;:[]},&quot;cards_columns&quot;:&quot;3&quot;,&quot;cards_columns_tablet&quot;:&quot;2&quot;,&quot;cards_columns_mobile&quot;:&quot;1&quot;,&quot;cards_row_gap_tablet&quot;:{&quot;unit&quot;:&quot;px&quot;,&quot;size&quot;:&quot;&quot;,&quot;sizes&quot;:[]},&quot;cards_row_gap_mobile&quot;:{&quot;unit&quot;:&quot;px&quot;,&quot;size&quot;:&quot;&quot;,&quot;sizes&quot;:[]}}\" data-widget_type=\"posts.cards\">\n\t\t\t\t<div class=\"elementor-widget-container\">\n\t\t\t\t\t\t\t<div class=\"elementor-posts-container elementor-posts elementor-posts--skin-cards elementor-grid\" role=\"list\">\n\t\t\t\t<article class=\"elementor-post elementor-grid-item post-3538 post type-post status-publish format-standard has-post-thumbnail hentry category-novinky tag-safetyvisl\" role=\"listitem\">\n\t\t\t<div class=\"elementor-post__card\">\n\t\t\t\t<a class=\"elementor-post__thumbnail__link\" href=\"https:\/\/www.vin-info.com\/sk\/zakladne-bezpecnostne-prvky-vozidiel-pravne-poziadavky-vs-priemyselne-standardy\/\" tabindex=\"-1\" ><div class=\"elementor-post__thumbnail\"><img fetchpriority=\"high\" decoding=\"async\" width=\"300\" height=\"199\" src=\"https:\/\/www.vin-info.com\/wp-content\/uploads\/2024\/09\/al_qmyarvnu-300x199.jpg\" class=\"attachment-medium size-medium wp-image-3516\" alt=\"\" srcset=\"https:\/\/www.vin-info.com\/wp-content\/uploads\/2024\/09\/al_qmyarvnu-300x199.jpg 300w, https:\/\/www.vin-info.com\/wp-content\/uploads\/2024\/09\/al_qmyarvnu-1024x680.jpg 1024w, https:\/\/www.vin-info.com\/wp-content\/uploads\/2024\/09\/al_qmyarvnu-768x510.jpg 768w, https:\/\/www.vin-info.com\/wp-content\/uploads\/2024\/09\/al_qmyarvnu-1536x1020.jpg 1536w, https:\/\/www.vin-info.com\/wp-content\/uploads\/2024\/09\/al_qmyarvnu.jpg 1600w\" sizes=\"(max-width: 300px) 100vw, 300px\" \/><\/div><\/a>\n\t\t\t\t<div class=\"elementor-post__text\">\n\t\t\t\t<h3 class=\"elementor-post__title\">\n\t\t\t<a href=\"https:\/\/www.vin-info.com\/sk\/zakladne-bezpecnostne-prvky-vozidiel-pravne-poziadavky-vs-priemyselne-standardy\/\" >\n\t\t\t\tZ\u00e1kladn\u00e9 bezpe\u010dnostn\u00e9 prvky vozidiel: Pr\u00e1vne po\u017eiadavky vs. priemyseln\u00e9 \u0161tandardy\t\t\t<\/a>\n\t\t<\/h3>\n\t\t\t\t<div class=\"elementor-post__excerpt\">\n\t\t\t<p>V s\u00fa\u010dasnej automobilovej krajine nemo\u017eno prece\u0148ova\u0165 d\u00f4le\u017eitos\u0165 bezpe\u010dnostn\u00fdch funkci\u00ed automobilov. S pokrokom v technol\u00f3gii a rast\u00facou potrebou bezpe\u010dnej\u0161\u00edch vozidiel je pre spotrebite\u013eov k\u013e\u00fa\u010dov\u00e9 pochopi\u0165 pr\u00e1vne po\u017eiadavky oproti priemyseln\u00fdm norm\u00e1m pre\t\t<\/div>\n\t\t\t\t<\/div>\n\t\t\t\t\t<\/div>\n\t\t<\/article>\n\t\t\t\t<article class=\"elementor-post elementor-grid-item post-3491 post type-post status-publish format-standard has-post-thumbnail hentry category-novinky tag-reportuksl\" role=\"listitem\">\n\t\t\t<div class=\"elementor-post__card\">\n\t\t\t\t<a class=\"elementor-post__thumbnail__link\" href=\"https:\/\/www.vin-info.com\/sk\/porozumenie-cestnej-dani-vo-velkej-britanii-komplexny-sprievodca-danou-z-motorovych-vozidiel\/\" tabindex=\"-1\" ><div class=\"elementor-post__thumbnail\"><img decoding=\"async\" width=\"300\" height=\"200\" src=\"https:\/\/www.vin-info.com\/wp-content\/uploads\/2024\/08\/bfloxcrijvq-300x200.jpg\" class=\"attachment-medium size-medium wp-image-3371\" alt=\"\" srcset=\"https:\/\/www.vin-info.com\/wp-content\/uploads\/2024\/08\/bfloxcrijvq-300x200.jpg 300w, https:\/\/www.vin-info.com\/wp-content\/uploads\/2024\/08\/bfloxcrijvq-1024x683.jpg 1024w, https:\/\/www.vin-info.com\/wp-content\/uploads\/2024\/08\/bfloxcrijvq-768x512.jpg 768w, https:\/\/www.vin-info.com\/wp-content\/uploads\/2024\/08\/bfloxcrijvq-1536x1024.jpg 1536w, https:\/\/www.vin-info.com\/wp-content\/uploads\/2024\/08\/bfloxcrijvq.jpg 1600w\" sizes=\"(max-width: 300px) 100vw, 300px\" \/><\/div><\/a>\n\t\t\t\t<div class=\"elementor-post__text\">\n\t\t\t\t<h3 class=\"elementor-post__title\">\n\t\t\t<a href=\"https:\/\/www.vin-info.com\/sk\/porozumenie-cestnej-dani-vo-velkej-britanii-komplexny-sprievodca-danou-z-motorovych-vozidiel\/\" >\n\t\t\t\tPorozumenie cestnej dani vo Ve\u013ekej Brit\u00e1nii: Komplexn\u00fd sprievodca da\u0148ou z motorov\u00fdch vozidiel\t\t\t<\/a>\n\t\t<\/h3>\n\t\t\t\t<div class=\"elementor-post__excerpt\">\n\t\t\t<p>Da\u0148 z motorov\u00fdch vozidiel (VED), be\u017ene zn\u00e1ma ako cestn\u00e1 da\u0148, je povinn\u00e1 da\u0148 uvalen\u00e1 na takmer v\u0161etky vozidl\u00e1 vo Ve\u013ekej Brit\u00e1nii. T\u00e1to da\u0148 je z\u00e1sadn\u00fdm aspektom vlastn\u00edctva vozidla vo Ve\u013ekej\t\t<\/div>\n\t\t\t\t<\/div>\n\t\t\t\t\t<\/div>\n\t\t<\/article>\n\t\t\t\t<article class=\"elementor-post elementor-grid-item post-3488 post type-post status-publish format-standard has-post-thumbnail hentry category-novinky tag-safetyvisl\" role=\"listitem\">\n\t\t\t<div class=\"elementor-post__card\">\n\t\t\t\t<a class=\"elementor-post__thumbnail__link\" href=\"https:\/\/www.vin-info.com\/sk\/co-su-automobilove-svolania-a-preco-su-dolezite-pre-bezpecnost\/\" tabindex=\"-1\" ><div class=\"elementor-post__thumbnail\"><img decoding=\"async\" width=\"300\" height=\"200\" src=\"https:\/\/www.vin-info.com\/wp-content\/uploads\/2024\/09\/tnynxi0whxs-300x200.jpg\" class=\"attachment-medium size-medium wp-image-3673\" alt=\"\" srcset=\"https:\/\/www.vin-info.com\/wp-content\/uploads\/2024\/09\/tnynxi0whxs-300x200.jpg 300w, https:\/\/www.vin-info.com\/wp-content\/uploads\/2024\/09\/tnynxi0whxs-1024x683.jpg 1024w, https:\/\/www.vin-info.com\/wp-content\/uploads\/2024\/09\/tnynxi0whxs-768x512.jpg 768w, https:\/\/www.vin-info.com\/wp-content\/uploads\/2024\/09\/tnynxi0whxs-1536x1024.jpg 1536w, https:\/\/www.vin-info.com\/wp-content\/uploads\/2024\/09\/tnynxi0whxs.jpg 1600w\" sizes=\"(max-width: 300px) 100vw, 300px\" \/><\/div><\/a>\n\t\t\t\t<div class=\"elementor-post__text\">\n\t\t\t\t<h3 class=\"elementor-post__title\">\n\t\t\t<a href=\"https:\/\/www.vin-info.com\/sk\/co-su-automobilove-svolania-a-preco-su-dolezite-pre-bezpecnost\/\" >\n\t\t\t\t\u010co s\u00fa automobilov\u00e9 svolania a pre\u010do s\u00fa d\u00f4le\u017eit\u00e9 pre bezpe\u010dnos\u0165?\t\t\t<\/a>\n\t\t<\/h3>\n\t\t\t\t<div class=\"elementor-post__excerpt\">\n\t\t\t<p>Vybavovanie vozidiel zohr\u00e1va k\u013e\u00fa\u010dov\u00fa \u00falohu pri zabezpe\u010dovan\u00ed bezpe\u010dnosti spotrebite\u013eov a celkovej integrity automobilov\u00e9ho priemyslu. Pochopenie toho, \u010do predstavuje vybavovanie vozidla, procesy, ktor\u00e9 s\u00fa s t\u00fdm spojen\u00e9, a v\u00fdznam t\u00fdchto vybavovan\u00ed\t\t<\/div>\n\t\t\t\t<\/div>\n\t\t\t\t\t<\/div>\n\t\t<\/article>\n\t\t\t\t<article class=\"elementor-post elementor-grid-item post-3428 post type-post status-publish format-standard has-post-thumbnail hentry category-novinky tag-reportuksl\" role=\"listitem\">\n\t\t\t<div class=\"elementor-post__card\">\n\t\t\t\t<a class=\"elementor-post__thumbnail__link\" href=\"https:\/\/www.vin-info.com\/sk\/kompletny-sprievodca-mot-zabezpecenie-aby-bolo-vase-vozidlo-sposobile-na-cestu-a-legalne-vo-velkej-britanii\/\" tabindex=\"-1\" ><div class=\"elementor-post__thumbnail\"><img loading=\"lazy\" decoding=\"async\" width=\"300\" height=\"200\" src=\"https:\/\/www.vin-info.com\/wp-content\/uploads\/2024\/08\/vwemmg8xmfw-300x200.jpg\" class=\"attachment-medium size-medium wp-image-3350\" alt=\"\" srcset=\"https:\/\/www.vin-info.com\/wp-content\/uploads\/2024\/08\/vwemmg8xmfw-300x200.jpg 300w, https:\/\/www.vin-info.com\/wp-content\/uploads\/2024\/08\/vwemmg8xmfw-1024x683.jpg 1024w, https:\/\/www.vin-info.com\/wp-content\/uploads\/2024\/08\/vwemmg8xmfw-768x512.jpg 768w, https:\/\/www.vin-info.com\/wp-content\/uploads\/2024\/08\/vwemmg8xmfw-1536x1024.jpg 1536w, https:\/\/www.vin-info.com\/wp-content\/uploads\/2024\/08\/vwemmg8xmfw.jpg 1600w\" sizes=\"(max-width: 300px) 100vw, 300px\" \/><\/div><\/a>\n\t\t\t\t<div class=\"elementor-post__text\">\n\t\t\t\t<h3 class=\"elementor-post__title\">\n\t\t\t<a href=\"https:\/\/www.vin-info.com\/sk\/kompletny-sprievodca-mot-zabezpecenie-aby-bolo-vase-vozidlo-sposobile-na-cestu-a-legalne-vo-velkej-britanii\/\" >\n\t\t\t\tKompletn\u00fd sprievodca MOT: Zabezpe\u010denie, aby bolo va\u0161e vozidlo sp\u00f4sobil\u00e9 na cestu a leg\u00e1lne vo Ve\u013ekej Brit\u00e1nii\t\t\t<\/a>\n\t\t<\/h3>\n\t\t\t\t<div class=\"elementor-post__excerpt\">\n\t\t\t<p>Ministerstvo dopravy test, be\u017ene ozna\u010dovan\u00e9 ako MOT, je z\u00e1kladn\u00fdm aspektom vlastn\u00edctva vozidla vo Spojenom kr\u00e1\u013eovstve. Tento ro\u010dn\u00fd, povinn\u00fd poh\u013ead zabezpe\u010duje, \u017ee vozidl\u00e1 sp\u013a\u0148aj\u00fa minim\u00e1lne bezpe\u010dnostn\u00e9 a environment\u00e1lne normy po\u017eadovan\u00e9 z\u00e1konom.\t\t<\/div>\n\t\t\t\t<\/div>\n\t\t\t\t\t<\/div>\n\t\t<\/article>\n\t\t\t\t<article class=\"elementor-post elementor-grid-item post-3411 post type-post status-publish format-standard has-post-thumbnail hentry category-novinky tag-damagevien-sk\" role=\"listitem\">\n\t\t\t<div class=\"elementor-post__card\">\n\t\t\t\t<a class=\"elementor-post__thumbnail__link\" href=\"https:\/\/www.vin-info.com\/sk\/ako-predchadzajuce-opravy-z-poskodenia-vozidla-ovplyvnuju-jeho-zostatkovu-hodnotu-co-potrebuju-vediet-kupujuci-a-predavajuci\/\" tabindex=\"-1\" ><div class=\"elementor-post__thumbnail\"><img loading=\"lazy\" decoding=\"async\" width=\"300\" height=\"200\" src=\"https:\/\/www.vin-info.com\/wp-content\/uploads\/2024\/08\/ucdrfflhsmc-300x200.jpg\" class=\"attachment-medium size-medium wp-image-3412\" alt=\"\" srcset=\"https:\/\/www.vin-info.com\/wp-content\/uploads\/2024\/08\/ucdrfflhsmc-300x200.jpg 300w, https:\/\/www.vin-info.com\/wp-content\/uploads\/2024\/08\/ucdrfflhsmc-1024x682.jpg 1024w, https:\/\/www.vin-info.com\/wp-content\/uploads\/2024\/08\/ucdrfflhsmc-768x512.jpg 768w, https:\/\/www.vin-info.com\/wp-content\/uploads\/2024\/08\/ucdrfflhsmc-1536x1023.jpg 1536w, https:\/\/www.vin-info.com\/wp-content\/uploads\/2024\/08\/ucdrfflhsmc.jpg 1600w\" sizes=\"(max-width: 300px) 100vw, 300px\" \/><\/div><\/a>\n\t\t\t\t<div class=\"elementor-post__text\">\n\t\t\t\t<h3 class=\"elementor-post__title\">\n\t\t\t<a href=\"https:\/\/www.vin-info.com\/sk\/ako-predchadzajuce-opravy-z-poskodenia-vozidla-ovplyvnuju-jeho-zostatkovu-hodnotu-co-potrebuju-vediet-kupujuci-a-predavajuci\/\" >\n\t\t\t\tAko predch\u00e1dzaj\u00face opravy z po\u0161kodenia vozidla ovplyv\u0148uj\u00fa jeho zostatkov\u00fa hodnotu: \u010co potrebuj\u00fa vedie\u0165 kupuj\u00faci a pred\u00e1vaj\u00faci\t\t\t<\/a>\n\t\t<\/h3>\n\t\t\t\t<div class=\"elementor-post__excerpt\">\n\t\t\t<p>Ke\u010f pr\u00edde na k\u00fapu alebo predaj ojazden\u00e9ho automobilu, pochopenie dopadu predch\u00e1dzaj\u00facich opr\u00e1v na zostatkov\u00fa hodnotu vozidla je k\u013e\u00fa\u010dov\u00e9. \u010ci u\u017e ste kupuj\u00faci, ktor\u00fd h\u013ead\u00e1 spo\u013eahliv\u00fd dopravn\u00fd prostriedok, alebo pred\u00e1vaj\u00faci, ktor\u00fd\t\t<\/div>\n\t\t\t\t<\/div>\n\t\t\t\t\t<\/div>\n\t\t<\/article>\n\t\t\t\t<article class=\"elementor-post elementor-grid-item post-3385 post type-post status-publish format-standard has-post-thumbnail hentry category-novinky tag-damagevien-sk\" role=\"listitem\">\n\t\t\t<div class=\"elementor-post__card\">\n\t\t\t\t<a class=\"elementor-post__thumbnail__link\" href=\"https:\/\/www.vin-info.com\/sk\/ako-citat-spravy-o-udalostiach-a-historii-skod\/\" tabindex=\"-1\" ><div class=\"elementor-post__thumbnail\"><img loading=\"lazy\" decoding=\"async\" width=\"300\" height=\"225\" src=\"https:\/\/www.vin-info.com\/wp-content\/uploads\/2024\/09\/ckjxgyfndqc-300x225.jpg\" class=\"attachment-medium size-medium wp-image-3761\" alt=\"\" srcset=\"https:\/\/www.vin-info.com\/wp-content\/uploads\/2024\/09\/ckjxgyfndqc-300x225.jpg 300w, https:\/\/www.vin-info.com\/wp-content\/uploads\/2024\/09\/ckjxgyfndqc-1024x768.jpg 1024w, https:\/\/www.vin-info.com\/wp-content\/uploads\/2024\/09\/ckjxgyfndqc-768x576.jpg 768w, https:\/\/www.vin-info.com\/wp-content\/uploads\/2024\/09\/ckjxgyfndqc-1536x1152.jpg 1536w, https:\/\/www.vin-info.com\/wp-content\/uploads\/2024\/09\/ckjxgyfndqc.jpg 1600w\" sizes=\"(max-width: 300px) 100vw, 300px\" \/><\/div><\/a>\n\t\t\t\t<div class=\"elementor-post__text\">\n\t\t\t\t<h3 class=\"elementor-post__title\">\n\t\t\t<a href=\"https:\/\/www.vin-info.com\/sk\/ako-citat-spravy-o-udalostiach-a-historii-skod\/\" >\n\t\t\t\tAko \u010d\u00edta\u0165 spr\u00e1vy o udalostiach a hist\u00f3rii \u0161k\u00f4d\t\t\t<\/a>\n\t\t<\/h3>\n\t\t\t\t<div class=\"elementor-post__excerpt\">\n\t\t\t<p>K\u00fapa ojazden\u00e9ho auta m\u00f4\u017ee by\u0165 zlo\u017eit\u00e1 \u00faloha, najm\u00e4 ak si nie ste ist\u00ed jeho minulos\u0165ou. Pochopenie hist\u00f3rie udalost\u00ed a po\u0161kodenia vozidla je rozhoduj\u00face pre prijatie informovan\u00e9ho rozhodnutia. V tomto \u010dl\u00e1nku\t\t<\/div>\n\t\t\t\t<\/div>\n\t\t\t\t\t<\/div>\n\t\t<\/article>\n\t\t\t\t<\/div>\n\t\t\n\t\t\t\t<div class=\"e-load-more-anchor\" data-page=\"1\" data-max-page=\"5\" data-next-page=\"https:\/\/www.vin-info.com\/sk\/wp-json\/wp\/v2\/pages\/2710\/page\/2\/\"><\/div>\n\t\t\t\t<nav class=\"elementor-pagination\" aria-label=\"Pagination\">\n\t\t\t<span class=\"page-numbers prev\">\u00ab Predch\u00e1dzaj\u00face<\/span>\n<span aria-current=\"page\" class=\"page-numbers current\"><span class=\"elementor-screen-only\">Str\u00e1nka<\/span>1<\/span>\n<a class=\"page-numbers\" href=\"https:\/\/www.vin-info.com\/sk\/wp-json\/wp\/v2\/pages\/2710\/page\/2\/\"><span class=\"elementor-screen-only\">Str\u00e1nka<\/span>2<\/a>\n<a class=\"page-numbers\" href=\"https:\/\/www.vin-info.com\/sk\/wp-json\/wp\/v2\/pages\/2710\/page\/3\/\"><span class=\"elementor-screen-only\">Str\u00e1nka<\/span>3<\/a>\n<a class=\"page-numbers\" href=\"https:\/\/www.vin-info.com\/sk\/wp-json\/wp\/v2\/pages\/2710\/page\/4\/\"><span class=\"elementor-screen-only\">Str\u00e1nka<\/span>4<\/a>\n<a class=\"page-numbers\" href=\"https:\/\/www.vin-info.com\/sk\/wp-json\/wp\/v2\/pages\/2710\/page\/5\/\"><span class=\"elementor-screen-only\">Str\u00e1nka<\/span>5<\/a>\n<a class=\"page-numbers next\" href=\"https:\/\/www.vin-info.com\/sk\/wp-json\/wp\/v2\/pages\/2710\/page\/2\/\">\u010eal\u0161\u00ed \u00bb<\/a>\t\t<\/nav>\n\t\t\t\t\t\t<\/div>\n\t\t\t\t<\/div>\n\t\t\t\t\t<\/div>\n\t\t\t\t<\/div>\n\t\t\t\t<\/div>\n\t\t","protected":false},"excerpt":{"rendered":"","protected":false},"author":2,"featured_media":0,"parent":0,"menu_order":0,"comment_status":"closed","ping_status":"closed","template":"","meta":{"inline_featured_image":false,"footnotes":""},"class_list":["post-2710","page","type-page","status-publish","hentry"],"_links":{"self":[{"href":"https:\/\/www.vin-info.com\/sk\/wp-json\/wp\/v2\/pages\/2710","targetHints":{"allow":["GET"]}}],"collection":[{"href":"https:\/\/www.vin-info.com\/sk\/wp-json\/wp\/v2\/pages"}],"about":[{"href":"https:\/\/www.vin-info.com\/sk\/wp-json\/wp\/v2\/types\/page"}],"author":[{"embeddable":true,"href":"https:\/\/www.vin-info.com\/sk\/wp-json\/wp\/v2\/users\/2"}],"replies":[{"embeddable":true,"href":"https:\/\/www.vin-info.com\/sk\/wp-json\/wp\/v2\/comments?post=2710"}],"version-history":[{"count":2,"href":"https:\/\/www.vin-info.com\/sk\/wp-json\/wp\/v2\/pages\/2710\/revisions"}],"predecessor-version":[{"id":3621,"href":"https:\/\/www.vin-info.com\/sk\/wp-json\/wp\/v2\/pages\/2710\/revisions\/3621"}],"wp:attachment":[{"href":"https:\/\/www.vin-info.com\/sk\/wp-json\/wp\/v2\/media?parent=2710"}],"curies":[{"name":"wp","href":"https:\/\/api.w.org\/{rel}","templated":true}]}}