{"id":2704,"date":"2024-08-20T13:34:16","date_gmt":"2024-08-20T11:34:16","guid":{"rendered":"https:\/\/www.vin-info.com\/co-je-vin-ako-skontrolovat-vin-cislo\/"},"modified":"2025-11-21T14:28:55","modified_gmt":"2025-11-21T13:28:55","slug":"what-is-vin","status":"publish","type":"page","link":"https:\/\/www.vin-info.com\/sk\/what-is-vin\/","title":{"rendered":"\u010co je VIN? Ako skontrolova\u0165 VIN \u010d\u00edslo?"},"content":{"rendered":"\t\t<div data-elementor-type=\"wp-page\" data-elementor-id=\"2704\" class=\"elementor elementor-2704 elementor-79\" data-elementor-post-type=\"page\">\n\t\t\t\t<div class=\"elementor-element elementor-element-21b67a0 e-flex e-con-boxed e-con e-parent\" data-id=\"21b67a0\" data-element_type=\"container\" data-e-type=\"container\">\n\t\t\t\t\t<div class=\"e-con-inner\">\n\t\t\t\t<div class=\"elementor-element elementor-element-ec669d1 elementor-widget elementor-widget-image\" data-id=\"ec669d1\" data-element_type=\"widget\" data-e-type=\"widget\" data-widget_type=\"image.default\">\n\t\t\t\t<div class=\"elementor-widget-container\">\n\t\t\t\t\t\t\t\t\t\t\t\t\t\t\t<img fetchpriority=\"high\" decoding=\"async\" width=\"656\" height=\"400\" src=\"https:\/\/www.vin-info.com\/wp-content\/uploads\/2024\/07\/tabliczka-znamionowa-numer-nadwozia-vin-wmi-vds-vis.png\" class=\"attachment-large size-large wp-image-2705\" alt=\"\" srcset=\"https:\/\/www.vin-info.com\/wp-content\/uploads\/2024\/07\/tabliczka-znamionowa-numer-nadwozia-vin-wmi-vds-vis.png 656w, https:\/\/www.vin-info.com\/wp-content\/uploads\/2024\/07\/tabliczka-znamionowa-numer-nadwozia-vin-wmi-vds-vis-300x183.png 300w\" sizes=\"(max-width: 656px) 100vw, 656px\" \/>\t\t\t\t\t\t\t\t\t\t\t\t\t\t\t<\/div>\n\t\t\t\t<\/div>\n\t\t\t\t<div class=\"elementor-element elementor-element-5ecbe10 elementor-widget elementor-widget-heading\" data-id=\"5ecbe10\" data-element_type=\"widget\" data-e-type=\"widget\" data-widget_type=\"heading.default\">\n\t\t\t\t<div class=\"elementor-widget-container\">\n\t\t\t\t\t<h3 class=\"elementor-heading-title elementor-size-default\">Ako je VIN kon\u0161truovan\u00fd?<\/h3>\t\t\t\t<\/div>\n\t\t\t\t<\/div>\n\t\t\t\t<div class=\"elementor-element elementor-element-48df8f7 elementor-widget elementor-widget-text-editor\" data-id=\"48df8f7\" data-element_type=\"widget\" data-e-type=\"widget\" data-widget_type=\"text-editor.default\">\n\t\t\t\t<div class=\"elementor-widget-container\">\n\t\t\t\t\t\t\t\t\t<p>VIN sa sklad\u00e1 z troch odli\u0161n\u00fdch \u010dast\u00ed, z ktor\u00fdch ka\u017ed\u00e1 pln\u00ed \u0161pecifick\u00fd \u00fa\u010del:<\/p>\n<ul>\n<li>\n<p><strong>WMI (Identifik\u00e1tor svetov\u00e9ho v\u00fdrobcu)<\/strong><br \/>Tento je trojznakov\u00fd k\u00f3d, ktor\u00fd identifikuje v\u00fdrobcu vozidla. M\u00f4\u017ee sa sklada\u0165 z p\u00edsmen a \u010d\u00edslic, pri\u010dom pon\u00faka glob\u00e1lny identifik\u00e1tor pre automobilku. <\/p>\n<\/li>\n<li>\n<p><strong>VDS (Sekcia popisu vozidla)<\/strong><br \/>Sklad\u00e1 sa zo \u0161iestich znakov, VDS poskytuje podrobn\u00e9 inform\u00e1cie o modeli vozidla, type karos\u00e9rie, type motora a \u010fal\u0161\u00edch \u0161pecifik\u00e1ci\u00e1ch, v\u0161etko zak\u00f3dovan\u00e9 v sekvencii zvolenej v\u00fdrobcom.<\/p>\n<\/li>\n<li>\n<p><strong>VIS (Sekcia identifik\u00e1tora vozidla) <\/strong><br \/>Posledn\u00e9 \u0161tyri znaky VIN s\u00fa typicky \u010d\u00edseln\u00e9 a \u010dasto obsahuj\u00fa rok v\u00fdroby a z\u00e1vod, kde bolo vozidlo vyroben\u00e9. <\/p>\n<\/li>\n<\/ul>\n<p>VINy pozost\u00e1vaj\u00fa z alfanumerick\u00fdch znakov, pri\u010dom posledn\u00e9 \u0161tyri s\u00fa takmer v\u017edy \u010d\u00edsla. VIN m\u00f4\u017ee obsahova\u0165 ak\u00fako\u013evek kombin\u00e1ciu nasleduj\u00facich ve\u013ek\u00fdch p\u00edsmen a \u010d\u00edslic: 1 2 3 4 5 6 7 8 9 0 A B C D E F G H J K L M N P R S T U V W X Y Z. <\/p>\n<p>V\u00fdrobcovia m\u00f4\u017eu niekedy oddeli\u0165 prvky VIN medzerami alebo interpunk\u010dn\u00fdmi znameniami pre preh\u013eadnos\u0165, ale na ofici\u00e1lnych dokumentoch a samotnom vozidle sa VIN mus\u00ed objavi\u0165 ako jeden s\u00favisl\u00fd re\u0165azec bez ak\u00fdchko\u013evek medzier alebo preru\u0161enia.<\/p>\n\t\t\t\t\t\t\t\t<\/div>\n\t\t\t\t<\/div>\n\t\t\t\t<div class=\"elementor-element elementor-element-2702597 elementor-widget elementor-widget-heading\" data-id=\"2702597\" data-element_type=\"widget\" data-e-type=\"widget\" data-widget_type=\"heading.default\">\n\t\t\t\t<div class=\"elementor-widget-container\">\n\t\t\t\t\t<h3 class=\"elementor-heading-title elementor-size-default\">Kde m\u00f4\u017eem n\u00e1js\u0165 \u010d\u00edslo VIN?<\/h3>\t\t\t\t<\/div>\n\t\t\t\t<\/div>\n\t\t\t\t<div class=\"elementor-element elementor-element-cb51747 elementor-widget elementor-widget-text-editor\" data-id=\"cb51747\" data-element_type=\"widget\" data-e-type=\"widget\" data-widget_type=\"text-editor.default\">\n\t\t\t\t<div class=\"elementor-widget-container\">\n\t\t\t\t\t\t\t\t\t<p>Na v\u00e4\u010d\u0161ine osobn\u00fdch vozidiel sa VIN nach\u00e1dza na viacer\u00fdch miestach, ale naj\u010dastej\u0161ie je vidite\u013en\u00fd na palubnej doske na strane vodi\u010da. Najjednoduch\u0161\u00ed sp\u00f4sob, ako ho n\u00e1js\u0165, je st\u00e1\u0165 vonku pred autom a pozera\u0165 sa cez \u010deln\u00e9 sklo. Okrem toho m\u00f4\u017eete n\u00e1js\u0165 VIN aj na nasleduj\u00facich miestach:  <\/p>\n<ul>\n<li><strong>Dverov\u00fd r\u00e1m na strane vodi\u010da<\/strong> \u2013 \u010casto sa objavuje ako n\u00e1lepka, ke\u010f s\u00fa dvere otvoren\u00e9.<\/li>\n<li><strong>Dvere na strane vodi\u010da<\/strong> \u2013 M\u00f4\u017ee ma\u0165 tie\u017e \u0161t\u00edtok alebo dosku s VIN.<\/li>\n<li><strong>Komora motora<\/strong> \u2013 H\u013eadajte menovku pripevnen\u00fa na bloku motora.<\/li>\n<li><strong>Kufor<\/strong> \u2013 Niektor\u00e9 vozidl\u00e1 maj\u00fa platni\u010dku s VIN v oblasti kufra.<\/li>\n<\/ul>\n<p>Ak m\u00e1te probl\u00e9my so z\u00edskan\u00edm VIN, v\u00e1\u0161 predajca vozidiel alebo v\u00fdrobca v\u00e1m m\u00f4\u017ee poskytn\u00fa\u0165 pomoc pri jeho vyh\u013ead\u00e1van\u00ed pre v\u00e1\u0161 konkr\u00e9tny typ a model. VIN je tie\u017e uveden\u00fd na d\u00f4le\u017eit\u00fdch dokumentoch, ako s\u00fa poistn\u00e9 karty vozidla, registra\u010dn\u00e9 papiere a z\u00e1pisnice o vlastn\u00edctve. <\/p>\n\t\t\t\t\t\t\t\t<\/div>\n\t\t\t\t<\/div>\n\t\t\t\t<div class=\"elementor-element elementor-element-0e185be elementor-widget elementor-widget-image\" data-id=\"0e185be\" data-element_type=\"widget\" data-e-type=\"widget\" data-widget_type=\"image.default\">\n\t\t\t\t<div class=\"elementor-widget-container\">\n\t\t\t\t\t\t\t\t\t\t\t\t\t\t\t<img decoding=\"async\" width=\"800\" height=\"204\" src=\"https:\/\/www.vin-info.com\/wp-content\/uploads\/2024\/07\/miejsce-nr-vin.jpg\" class=\"attachment-large size-large wp-image-2706\" alt=\"\" srcset=\"https:\/\/www.vin-info.com\/wp-content\/uploads\/2024\/07\/miejsce-nr-vin.jpg 980w, https:\/\/www.vin-info.com\/wp-content\/uploads\/2024\/07\/miejsce-nr-vin-300x77.jpg 300w, https:\/\/www.vin-info.com\/wp-content\/uploads\/2024\/07\/miejsce-nr-vin-768x196.jpg 768w\" sizes=\"(max-width: 800px) 100vw, 800px\" \/>\t\t\t\t\t\t\t\t\t\t\t\t\t\t\t<\/div>\n\t\t\t\t<\/div>\n\t\t\t\t<div class=\"elementor-element elementor-element-b0693a5 elementor-widget elementor-widget-heading\" data-id=\"b0693a5\" data-element_type=\"widget\" data-e-type=\"widget\" data-widget_type=\"heading.default\">\n\t\t\t\t<div class=\"elementor-widget-container\">\n\t\t\t\t\t<h3 class=\"elementor-heading-title elementor-size-default\">Pre\u010do je VIN d\u00f4le\u017eit\u00fd?<\/h3>\t\t\t\t<\/div>\n\t\t\t\t<\/div>\n\t\t\t\t<div class=\"elementor-element elementor-element-3df7808 elementor-widget elementor-widget-text-editor\" data-id=\"3df7808\" data-element_type=\"widget\" data-e-type=\"widget\" data-widget_type=\"text-editor.default\">\n\t\t\t\t<div class=\"elementor-widget-container\">\n\t\t\t\t\t\t\t\t\t<p>VIN je viac ne\u017e len re\u0165azec p\u00edsmen a \u010d\u00edslic; obsahuje kritick\u00e9 inform\u00e1cie o hist\u00f3rii vozidla. Odkia\u013e bol vyroben\u00fd, jeho hist\u00f3riu neh\u00f4d, stiahnutia a predch\u00e1dzaj\u00face vlastn\u00edctvo, VIN rozpr\u00e1va cel\u00fd pr\u00edbeh vozidla. Preto je nevyhnutn\u00e9 skontrolova\u0165 VIN pred zak\u00fapen\u00edm vozidla. Ak sa predajca zdr\u00e1ha zdie\u013ea\u0165 VIN, m\u00f4\u017ee to by\u0165 \u010derven\u00e1 vlajka nazna\u010duj\u00faca potenci\u00e1lne probl\u00e9my s vozidlom, najm\u00e4 ak sa cena zd\u00e1 nezvy\u010dajne n\u00edzka.   <\/p>\n<p>Pomocou kontroly VIN alebo dekod\u00e9ra VIN m\u00f4\u017eete odhali\u0165 tieto d\u00f4le\u017eit\u00e9 inform\u00e1cie a urobi\u0165 informovan\u00e9 rozhodnutie o k\u00fape vozidla. Ne\u010dakajte &#8211; n\u00e1jdite VIN na svojom aute a skontrolujte ho na na\u0161ej webovej str\u00e1nke e\u0161te dnes. <\/p>\n\t\t\t\t\t\t\t\t<\/div>\n\t\t\t\t<\/div>\n\t\t\t\t<div class=\"elementor-element elementor-element-3f355cf elementor-widget elementor-widget-template\" data-id=\"3f355cf\" data-element_type=\"widget\" data-e-type=\"widget\" data-widget_type=\"template.default\">\n\t\t\t\t<div class=\"elementor-widget-container\">\n\t\t\t\t\t\t\t<div class=\"elementor-template\">\n\t\t\t\t\t<div data-elementor-type=\"section\" data-elementor-id=\"2547\" class=\"elementor elementor-2547 elementor-757 elementor-757\" data-elementor-post-type=\"elementor_library\">\n\t\t\t<div class=\"elementor-element elementor-element-c6f68bb e-flex e-con-boxed e-con e-parent\" data-id=\"c6f68bb\" data-element_type=\"container\" data-e-type=\"container\">\n\t\t\t\t\t<div class=\"e-con-inner\">\n\t\t\t\t<div class=\"elementor-element elementor-element-7fe4c49 elementor-cta--skin-classic elementor-animated-content elementor-bg-transform elementor-bg-transform-zoom-in elementor-widget elementor-widget-call-to-action\" data-id=\"7fe4c49\" data-element_type=\"widget\" data-e-type=\"widget\" data-widget_type=\"call-to-action.default\">\n\t\t\t\t<div class=\"elementor-widget-container\">\n\t\t\t\t\t\t\t<div class=\"elementor-cta\">\n\t\t\t\t\t<div class=\"elementor-cta__bg-wrapper\">\n\t\t\t\t<div class=\"elementor-cta__bg elementor-bg\" style=\"background-image: url(https:\/\/www.vin-info.com\/wp-content\/uploads\/2024\/06\/cta-vin-info-min-1024x393.jpg);\" role=\"img\" aria-label=\"cta-vin-info-min\"><\/div>\n\t\t\t\t<div class=\"elementor-cta__bg-overlay\"><\/div>\n\t\t\t<\/div>\n\t\t\t\t\t\t\t<div class=\"elementor-cta__content\">\n\t\t\t\t\n\t\t\t\t\t\t\t\t\t<h2 class=\"elementor-cta__title elementor-cta__content-item elementor-content-item\">\n\t\t\t\t\t\tObjavte \u00fapln\u00fa hist\u00f3riu svojho vozidla!\t\t\t\t\t<\/h2>\n\t\t\t\t\n\t\t\t\t\t\t\t\t\t<div class=\"elementor-cta__description elementor-cta__content-item elementor-content-item\">\n\t\t\t\t\t\t<p>Zadajte svoje VIN na odomknutie podrobnej spr\u00e1vy o hist\u00f3rii vozidla. Z\u00edskajte preh\u013ead o z\u00e1znamoch o nehod\u00e1ch, najazden\u00fdch kilometroch, pou\u017e\u00edvan\u00ed a \u010fal\u0161\u00edch d\u00f4le\u017eit\u00fdch inform\u00e1ci\u00e1ch. Uistite sa, \u017ee rob\u00edte dobre informovan\u00e9 rozhodnutie. Skontrolujte svoje VIN a stiahnite si svoju spr\u00e1vu e\u0161te dnes!   <\/p>\n\t\t\t\t\t<\/div>\n\t\t\t\t\n\t\t\t\t\t\t\t\t\t<div class=\"elementor-cta__button-wrapper elementor-cta__content-item elementor-content-item \">\n\t\t\t\t\t<a class=\"elementor-cta__button elementor-button elementor-size-\" href=\"#elementor-action%3Aaction%3Dpopup%3Aopen%26settings%3DeyJpZCI6MjU3NywidG9nZ2xlIjpmYWxzZX0%3D\">\n\t\t\t\t\t\tSkontrolujte VIN teraz\t\t\t\t\t<\/a>\n\t\t\t\t\t<\/div>\n\t\t\t\t\t\t\t<\/div>\n\t\t\t\t\t\t<\/div>\n\t\t\t\t\t\t<\/div>\n\t\t\t\t<\/div>\n\t\t\t\t\t<\/div>\n\t\t\t\t<\/div>\n\t\t\t\t<\/div>\n\t\t\t\t<\/div>\n\t\t\t\t\t\t<\/div>\n\t\t\t\t<\/div>\n\t\t\t\t\t<\/div>\n\t\t\t\t<\/div>\n\t\t\t\t<\/div>\n\t\t","protected":false},"excerpt":{"rendered":"<p>VIN (\u010c\u00edslo identifik\u00e1cie vozidla) je jedine\u010dn\u00fd k\u00f3d pridelen\u00fd ka\u017ed\u00e9mu vozidlu jeho v\u00fdrobcom. Konaj\u00faci ako odtla\u010dok prsta, VIN je nevyhnutn\u00fd na identifik\u00e1ciu konkr\u00e9tneho vozidla na celom svete. Tento k\u00f3d je \u0161tandardizovan\u00fd pod\u013ea ISO 3779 &#8211; 1983, \u010do zabezpe\u010duje, \u017ee identita ka\u017ed\u00e9ho vozidla je uzn\u00e1van\u00e1 univerz\u00e1lne. Nech u\u017e kupujete auto, kontrolujete jeho hist\u00f3riu alebo overujete jeho pravos\u0165, VIN je va\u0161a referen\u010dn\u00e1 hodnota.   <\/p>\n","protected":false},"author":2,"featured_media":0,"parent":0,"menu_order":0,"comment_status":"closed","ping_status":"closed","template":"","meta":{"inline_featured_image":false,"footnotes":""},"class_list":["post-2704","page","type-page","status-publish","hentry"],"_links":{"self":[{"href":"https:\/\/www.vin-info.com\/sk\/wp-json\/wp\/v2\/pages\/2704","targetHints":{"allow":["GET"]}}],"collection":[{"href":"https:\/\/www.vin-info.com\/sk\/wp-json\/wp\/v2\/pages"}],"about":[{"href":"https:\/\/www.vin-info.com\/sk\/wp-json\/wp\/v2\/types\/page"}],"author":[{"embeddable":true,"href":"https:\/\/www.vin-info.com\/sk\/wp-json\/wp\/v2\/users\/2"}],"replies":[{"embeddable":true,"href":"https:\/\/www.vin-info.com\/sk\/wp-json\/wp\/v2\/comments?post=2704"}],"version-history":[{"count":1,"href":"https:\/\/www.vin-info.com\/sk\/wp-json\/wp\/v2\/pages\/2704\/revisions"}],"predecessor-version":[{"id":2707,"href":"https:\/\/www.vin-info.com\/sk\/wp-json\/wp\/v2\/pages\/2704\/revisions\/2707"}],"wp:attachment":[{"href":"https:\/\/www.vin-info.com\/sk\/wp-json\/wp\/v2\/media?parent=2704"}],"curies":[{"name":"wp","href":"https:\/\/api.w.org\/{rel}","templated":true}]}}