{"id":2687,"date":"2024-08-20T13:02:01","date_gmt":"2024-08-20T11:02:01","guid":{"rendered":"https:\/\/www.vin-info.com\/spravy-o-historii-vozidiel\/"},"modified":"2024-08-20T13:02:04","modified_gmt":"2024-08-20T11:02:04","slug":"spravy-o-historii-vozidiel","status":"publish","type":"page","link":"https:\/\/www.vin-info.com\/sk\/spravy-o-historii-vozidiel\/","title":{"rendered":"Spr\u00e1vy o hist\u00f3rii vozidiel"},"content":{"rendered":"\t\t<div data-elementor-type=\"wp-page\" data-elementor-id=\"2687\" class=\"elementor elementor-2687 elementor-733\" data-elementor-post-type=\"page\">\n\t\t\t\t<div class=\"elementor-element elementor-element-583a7bf e-flex e-con-boxed e-con e-parent\" data-id=\"583a7bf\" data-element_type=\"container\" data-e-type=\"container\">\n\t\t\t\t\t<div class=\"e-con-inner\">\n\t\t\t\t<div class=\"elementor-element elementor-element-880840d elementor-widget elementor-widget-heading\" data-id=\"880840d\" data-element_type=\"widget\" data-e-type=\"widget\" data-widget_type=\"heading.default\">\n\t\t\t\t<div class=\"elementor-widget-container\">\n\t\t\t\t\t<h2 class=\"elementor-heading-title elementor-size-default\">Pre\u010do si vybra\u0165 spr\u00e1vu hist\u00f3rie vozidla od VIN-INFO?<\/h2>\t\t\t\t<\/div>\n\t\t\t\t<\/div>\n\t\t\t\t<div class=\"elementor-element elementor-element-d6f94ad elementor-widget elementor-widget-text-editor\" data-id=\"d6f94ad\" data-element_type=\"widget\" data-e-type=\"widget\" data-widget_type=\"text-editor.default\">\n\t\t\t\t<div class=\"elementor-widget-container\">\n\t\t\t\t\t\t\t\t\t<p>Spr\u00e1va hist\u00f3rie vozidla od VIN-INFO poskytuje podrobn\u00fd preh\u013ead o minulosti vozidla, zozbieran\u00fd z \u0161irok\u00e9ho spektra spo\u013eahliv\u00fdch zdrojov. T\u00e1to spr\u00e1va je va\u0161ou najlep\u0161ou obranou na trhu s pou\u017e\u00edvan\u00fdmi automobilmi, pon\u00fakaj\u00faca transparentnos\u0165 a pom\u00e1haj\u00faca v\u00e1m pri informovanom rozhodovan\u00ed o n\u00e1kupe. \u00dadaje s\u00fa zhroma\u017e\u010fovan\u00e9 od r\u00f4znych nez\u00e1visl\u00fdch subjektov, vr\u00e1tane:  <\/p>\n\t\t\t\t\t\t\t\t<\/div>\n\t\t\t\t<\/div>\n\t\t\t\t<div class=\"elementor-element elementor-element-79ed062 elementor-icon-list--layout-traditional elementor-list-item-link-full_width elementor-widget elementor-widget-icon-list\" data-id=\"79ed062\" data-element_type=\"widget\" data-e-type=\"widget\" data-widget_type=\"icon-list.default\">\n\t\t\t\t<div class=\"elementor-widget-container\">\n\t\t\t\t\t\t\t<ul class=\"elementor-icon-list-items\">\n\t\t\t\t\t\t\t<li class=\"elementor-icon-list-item\">\n\t\t\t\t\t\t\t\t\t\t\t<span class=\"elementor-icon-list-icon\">\n\t\t\t\t\t\t\t<i aria-hidden=\"true\" class=\"fas fa-chevron-right\"><\/i>\t\t\t\t\t\t<\/span>\n\t\t\t\t\t\t\t\t\t\t<span class=\"elementor-icon-list-text\">Vl\u00e1dne agent\u00fary<\/span>\n\t\t\t\t\t\t\t\t\t<\/li>\n\t\t\t\t\t\t\t\t<li class=\"elementor-icon-list-item\">\n\t\t\t\t\t\t\t\t\t\t\t<span class=\"elementor-icon-list-icon\">\n\t\t\t\t\t\t\t<i aria-hidden=\"true\" class=\"fas fa-chevron-right\"><\/i>\t\t\t\t\t\t<\/span>\n\t\t\t\t\t\t\t\t\t\t<span class=\"elementor-icon-list-text\">Neziskov\u00e9 organiz\u00e1cie<\/span>\n\t\t\t\t\t\t\t\t\t<\/li>\n\t\t\t\t\t\t\t\t<li class=\"elementor-icon-list-item\">\n\t\t\t\t\t\t\t\t\t\t\t<span class=\"elementor-icon-list-icon\">\n\t\t\t\t\t\t\t<i aria-hidden=\"true\" class=\"fas fa-chevron-right\"><\/i>\t\t\t\t\t\t<\/span>\n\t\t\t\t\t\t\t\t\t\t<span class=\"elementor-icon-list-text\">Priemyseln\u00ed partneri<\/span>\n\t\t\t\t\t\t\t\t\t<\/li>\n\t\t\t\t\t\t<\/ul>\n\t\t\t\t\t\t<\/div>\n\t\t\t\t<\/div>\n\t\t\t\t<div class=\"elementor-element elementor-element-8f54136 elementor-widget elementor-widget-heading\" data-id=\"8f54136\" data-element_type=\"widget\" data-e-type=\"widget\" data-widget_type=\"heading.default\">\n\t\t\t\t<div class=\"elementor-widget-container\">\n\t\t\t\t\t<h2 class=\"elementor-heading-title elementor-size-default\">\u010co obsahuje spr\u00e1va o hist\u00f3rii vozidla?<\/h2>\t\t\t\t<\/div>\n\t\t\t\t<\/div>\n\t\t\t\t<div class=\"elementor-element elementor-element-72e53ca elementor-widget elementor-widget-text-editor\" data-id=\"72e53ca\" data-element_type=\"widget\" data-e-type=\"widget\" data-widget_type=\"text-editor.default\">\n\t\t\t\t<div class=\"elementor-widget-container\">\n\t\t\t\t\t\t\t\t\t<p>Pred objednan\u00edm s\u00fa u\u017e\u00edvate\u013eom poskytnut\u00e9 inform\u00e1cie o sekci\u00e1ch dostupn\u00fdch v spr\u00e1ve. Tu je to, \u010do m\u00f4\u017eete o\u010dak\u00e1va\u0165: <\/p>\n\t\t\t\t\t\t\t\t<\/div>\n\t\t\t\t<\/div>\n\t\t\t\t<div class=\"elementor-element elementor-element-e70135d elementor-widget elementor-widget-heading\" data-id=\"e70135d\" data-element_type=\"widget\" data-e-type=\"widget\" data-widget_type=\"heading.default\">\n\t\t\t\t<div class=\"elementor-widget-container\">\n\t\t\t\t\t<h3 class=\"elementor-heading-title elementor-size-default\">\u0160pecifik\u00e1cie vozidla<\/h3>\t\t\t\t<\/div>\n\t\t\t\t<\/div>\n\t\t\t\t<div class=\"elementor-element elementor-element-d9281df elementor-widget elementor-widget-text-editor\" data-id=\"d9281df\" data-element_type=\"widget\" data-e-type=\"widget\" data-widget_type=\"text-editor.default\">\n\t\t\t\t<div class=\"elementor-widget-container\">\n\t\t\t\t\t\t\t\t\t<p>T\u00e1to \u010das\u0165 pon\u00faka komplexn\u00fd s\u00fabor technick\u00fdch \u00fadajov vych\u00e1dzaj\u00facich z VIN. N\u00e1jdete tu podrobnosti o zna\u010dke vozidla, modeli, type motora, rozmeroch a spotrebe paliva. Tieto inform\u00e1cie s\u00fa k\u013e\u00fa\u010dov\u00e9 pre overenie pravosti uveden\u00fdch vlastnost\u00ed vozidla.  <\/p>\n\t\t\t\t\t\t\t\t<\/div>\n\t\t\t\t<\/div>\n\t\t\t\t<div class=\"elementor-element elementor-element-8ce8d1a elementor-widget elementor-widget-heading\" data-id=\"8ce8d1a\" data-element_type=\"widget\" data-e-type=\"widget\" data-widget_type=\"heading.default\">\n\t\t\t\t<div class=\"elementor-widget-container\">\n\t\t\t\t\t<h3 class=\"elementor-heading-title elementor-size-default\">Mo\u017enosti vybavenia<\/h3>\t\t\t\t<\/div>\n\t\t\t\t<\/div>\n\t\t\t\t<div class=\"elementor-element elementor-element-09d2fb5 elementor-widget elementor-widget-text-editor\" data-id=\"09d2fb5\" data-element_type=\"widget\" data-e-type=\"widget\" data-widget_type=\"text-editor.default\">\n\t\t\t\t<div class=\"elementor-widget-container\">\n\t\t\t\t\t\t\t\t\t<p>T\u00e1to \u010das\u0165 spr\u00e1vy porovn\u00e1va p\u00f4vodne nain\u0161talovan\u00e9 vybavenie s aktu\u00e1lnym stavom vozidla. Zah\u0155\u0148a detaily o r\u00f4znych prvkoch, ako je farba laku, klimatiz\u00e1cia, l\u00e1tka sedadiel a pokro\u010dil\u00e9 syst\u00e9my ako tempomat a navig\u00e1cia. Ch\u00fdbaj\u00face alebo zmenen\u00e9 funkcie m\u00f4\u017eu nazna\u010dova\u0165 minul\u00e9 nehody alebo \u00fapravy, ktor\u00e9 m\u00f4\u017eu ovplyvni\u0165 hodnotu a bezpe\u010dnos\u0165 vozidla.  <\/p>\n\t\t\t\t\t\t\t\t<\/div>\n\t\t\t\t<\/div>\n\t\t\t\t<div class=\"elementor-element elementor-element-75b8983 elementor-widget elementor-widget-heading\" data-id=\"75b8983\" data-element_type=\"widget\" data-e-type=\"widget\" data-widget_type=\"heading.default\">\n\t\t\t\t<div class=\"elementor-widget-container\">\n\t\t\t\t\t<h3 class=\"elementor-heading-title elementor-size-default\">Hist\u00f3ria udalost\u00ed<\/h3>\t\t\t\t<\/div>\n\t\t\t\t<\/div>\n\t\t\t\t<div class=\"elementor-element elementor-element-ef2cd26 elementor-widget elementor-widget-text-editor\" data-id=\"ef2cd26\" data-element_type=\"widget\" data-e-type=\"widget\" data-widget_type=\"text-editor.default\">\n\t\t\t\t<div class=\"elementor-widget-container\">\n\t\t\t\t\t\t\t\t\t<p>Chronologick\u00fd zoznam incidentov vozidla je poskytnut\u00fd, vr\u00e1tane d\u00e1tumu, miesta a odhadovan\u00fdch n\u00e1kladov na ak\u00e9ko\u013evek \u0161kody. Tento oddiel je k\u013e\u00fa\u010dov\u00fd pre pochopenie hist\u00f3rie neh\u00f4d vozidla a ak\u00fdchko\u013evek v\u00fdznamn\u00fdch opr\u00e1v, ktor\u00e9 mohli by\u0165 vykonan\u00e9. <\/p>\n\t\t\t\t\t\t\t\t<\/div>\n\t\t\t\t<\/div>\n\t\t\t\t<div class=\"elementor-element elementor-element-3350345 elementor-widget elementor-widget-heading\" data-id=\"3350345\" data-element_type=\"widget\" data-e-type=\"widget\" data-widget_type=\"heading.default\">\n\t\t\t\t<div class=\"elementor-widget-container\">\n\t\t\t\t\t<h3 class=\"elementor-heading-title elementor-size-default\">Pre\u010d\u00edtania na po\u010dte m\u00ed\u013e<\/h3>\t\t\t\t<\/div>\n\t\t\t\t<\/div>\n\t\t\t\t<div class=\"elementor-element elementor-element-d64ba63 elementor-widget elementor-widget-text-editor\" data-id=\"d64ba63\" data-element_type=\"widget\" data-e-type=\"widget\" data-widget_type=\"text-editor.default\">\n\t\t\t\t<div class=\"elementor-widget-container\">\n\t\t\t\t\t\t\t\t\t<p>Tu s\u00fa zaznamenan\u00e9 \u00fadaje o po\u010dte najazden\u00fdch km z r\u00f4znych f\u00e1z \u017eivota vozidla. Tieto zah\u0155\u0148aj\u00fa \u00fadaje z kontrol, registr\u00e1ci\u00ed, pois\u0165ovn\u00ed a servisn\u00fdch stan\u00edc. Verifik\u00e1cia po\u010dtu najazden\u00fdch km je k\u013e\u00fa\u010dov\u00e1 na zistenie, \u010di s odometrom nebolo manipulovan\u00e9.  <\/p>\n\t\t\t\t\t\t\t\t<\/div>\n\t\t\t\t<\/div>\n\t\t\t\t<div class=\"elementor-element elementor-element-94c0f96 elementor-widget elementor-widget-heading\" data-id=\"94c0f96\" data-element_type=\"widget\" data-e-type=\"widget\" data-widget_type=\"heading.default\">\n\t\t\t\t<div class=\"elementor-widget-container\">\n\t\t\t\t\t<h3 class=\"elementor-heading-title elementor-size-default\">Internetov\u00e1 hist\u00f3ria<\/h3>\t\t\t\t<\/div>\n\t\t\t\t<\/div>\n\t\t\t\t<div class=\"elementor-element elementor-element-e9d4504 elementor-widget elementor-widget-text-editor\" data-id=\"e9d4504\" data-element_type=\"widget\" data-e-type=\"widget\" data-widget_type=\"text-editor.default\">\n\t\t\t\t<div class=\"elementor-widget-container\">\n\t\t\t\t\t\t\t\t\t<p>T\u00e1to sekcia obsahuje predch\u00e1dzaj\u00face online inzer\u00e1ty z automobilov\u00fdch aukci\u00ed, ktor\u00e9 podrobne popisuj\u00fa vybavenie, kilometre, \u0161pecifik\u00e1cie, ceny a fotografie. Tieto historick\u00e9 \u00fadaje m\u00f4\u017eu odhali\u0165 nezrovnalosti alebo predch\u00e1dzaj\u00face po\u0161kodenia, ktor\u00e9 pred\u00e1vaj\u00faci nemus\u00ed zverejni\u0165. <\/p>\n\t\t\t\t\t\t\t\t<\/div>\n\t\t\t\t<\/div>\n\t\t\t\t<div class=\"elementor-element elementor-element-102184d elementor-widget elementor-widget-heading\" data-id=\"102184d\" data-element_type=\"widget\" data-e-type=\"widget\" data-widget_type=\"heading.default\">\n\t\t\t\t<div class=\"elementor-widget-container\">\n\t\t\t\t\t<h3 class=\"elementor-heading-title elementor-size-default\">Datab\u00e1zy kradnut\u00fdch vozidiel<\/h3>\t\t\t\t<\/div>\n\t\t\t\t<\/div>\n\t\t\t\t<div class=\"elementor-element elementor-element-06df8ba elementor-widget elementor-widget-text-editor\" data-id=\"06df8ba\" data-element_type=\"widget\" data-e-type=\"widget\" data-widget_type=\"text-editor.default\">\n\t\t\t\t<div class=\"elementor-widget-container\">\n\t\t\t\t\t\t\t\t\t<p>Spr\u00e1va porovn\u00e1va vozidlo s datab\u00e1zami odcudzen\u00fdch vozidiel v Eur\u00f3pe a Severnej Amerike, aby zabezpe\u010dila, \u017ee auto, o ktor\u00e9 m\u00e1te z\u00e1ujem, nie je uveden\u00e9 ako odcudzen\u00e9. Je to nevyhnutn\u00e9 na vyhnutie sa pr\u00e1vnym komplik\u00e1ci\u00e1m. <\/p>\n\t\t\t\t\t\t\t\t<\/div>\n\t\t\t\t<\/div>\n\t\t\t\t<div class=\"elementor-element elementor-element-84f20c8 elementor-widget elementor-widget-heading\" data-id=\"84f20c8\" data-element_type=\"widget\" data-e-type=\"widget\" data-widget_type=\"heading.default\">\n\t\t\t\t<div class=\"elementor-widget-container\">\n\t\t\t\t\t<h3 class=\"elementor-heading-title elementor-size-default\">Zoznam zavolania v\u00fdrobcu<\/h3>\t\t\t\t<\/div>\n\t\t\t\t<\/div>\n\t\t\t\t<div class=\"elementor-element elementor-element-efdf38f elementor-widget elementor-widget-text-editor\" data-id=\"efdf38f\" data-element_type=\"widget\" data-e-type=\"widget\" data-widget_type=\"text-editor.default\">\n\t\t\t\t<div class=\"elementor-widget-container\">\n\t\t\t\t\t\t\t\t\t<p>Zoznam z\u00e1vodn\u00fdch v\u00fdziev je taktie\u017e zahrnut\u00fd, obsahuj\u00faci ak\u00e9ko\u013evek upozornenia a servisn\u00e9 v\u00fdzvy vydan\u00e9 v\u00fdrobcom pre konkr\u00e9tne vozidlo. T\u00e1to sekcia zabezpe\u010duje, \u017ee ste informovan\u00ed o ak\u00fdchko\u013evek v\u00fdznamn\u00fdch defektoch, ktor\u00e9 mohli by\u0165 rie\u0161en\u00e9 alebo vy\u017eaduj\u00fa pozornos\u0165. <\/p>\n\t\t\t\t\t\t\t\t<\/div>\n\t\t\t\t<\/div>\n\t\t\t\t<div class=\"elementor-element elementor-element-1e29fea elementor-alert-warning elementor-widget elementor-widget-alert\" data-id=\"1e29fea\" data-element_type=\"widget\" data-e-type=\"widget\" data-widget_type=\"alert.default\">\n\t\t\t\t<div class=\"elementor-widget-container\">\n\t\t\t\t\t\t\t<div class=\"elementor-alert\" role=\"alert\">\n\n\t\t\t\t\t\t<span class=\"elementor-alert-title\">POZN\u00c1MKA<\/span>\n\t\t\t\n\t\t\t\t\t\t<span class=\"elementor-alert-description\"><p>Upozor\u0148ujeme, \u017ee aj ke\u010f na\u0161e spr\u00e1vy pon\u00fakaj\u00fa komplexn\u00fa anal\u00fdzu, s\u00fa z\u00e1visl\u00e9 od dostupnosti a \u00faplnosti \u00fadajov z r\u00f4znych zdrojov. V d\u00f4sledku toho nemusia by\u0165 v\u0161etky sekcie dostupn\u00e9 alebo obsahova\u0165 \u00fadaje v ka\u017edej spr\u00e1ve. <\/p>\n<\/span>\n\t\t\t\n\t\t\t\n\t\t<\/div>\n\t\t\t\t\t\t<\/div>\n\t\t\t\t<\/div>\n\t\t\t\t\t<\/div>\n\t\t\t\t<\/div>\n\t\t<div class=\"elementor-element elementor-element-b4663d0 e-flex e-con-boxed e-con e-parent\" data-id=\"b4663d0\" data-element_type=\"container\" data-e-type=\"container\">\n\t\t\t\t\t<div class=\"e-con-inner\">\n\t\t\t\t<div class=\"elementor-element elementor-element-1ee7519 elementor-widget elementor-widget-template\" data-id=\"1ee7519\" data-element_type=\"widget\" data-e-type=\"widget\" data-widget_type=\"template.default\">\n\t\t\t\t<div class=\"elementor-widget-container\">\n\t\t\t\t\t\t\t<div class=\"elementor-template\">\n\t\t\t\t\t<div data-elementor-type=\"section\" data-elementor-id=\"2547\" class=\"elementor elementor-2547 elementor-757 elementor-757\" data-elementor-post-type=\"elementor_library\">\n\t\t\t<div class=\"elementor-element elementor-element-c6f68bb e-flex e-con-boxed e-con e-parent\" data-id=\"c6f68bb\" data-element_type=\"container\" data-e-type=\"container\">\n\t\t\t\t\t<div class=\"e-con-inner\">\n\t\t\t\t<div class=\"elementor-element elementor-element-7fe4c49 elementor-cta--skin-classic elementor-animated-content elementor-bg-transform elementor-bg-transform-zoom-in elementor-widget elementor-widget-call-to-action\" data-id=\"7fe4c49\" data-element_type=\"widget\" data-e-type=\"widget\" data-widget_type=\"call-to-action.default\">\n\t\t\t\t<div class=\"elementor-widget-container\">\n\t\t\t\t\t\t\t<div class=\"elementor-cta\">\n\t\t\t\t\t<div class=\"elementor-cta__bg-wrapper\">\n\t\t\t\t<div class=\"elementor-cta__bg elementor-bg\" style=\"background-image: url(https:\/\/www.vin-info.com\/wp-content\/uploads\/2024\/06\/cta-vin-info-min-1024x393.jpg);\" role=\"img\" aria-label=\"cta-vin-info-min\"><\/div>\n\t\t\t\t<div class=\"elementor-cta__bg-overlay\"><\/div>\n\t\t\t<\/div>\n\t\t\t\t\t\t\t<div class=\"elementor-cta__content\">\n\t\t\t\t\n\t\t\t\t\t\t\t\t\t<h2 class=\"elementor-cta__title elementor-cta__content-item elementor-content-item\">\n\t\t\t\t\t\tObjavte \u00fapln\u00fa hist\u00f3riu svojho vozidla!\t\t\t\t\t<\/h2>\n\t\t\t\t\n\t\t\t\t\t\t\t\t\t<div class=\"elementor-cta__description elementor-cta__content-item elementor-content-item\">\n\t\t\t\t\t\t<p>Zadajte svoje VIN na odomknutie podrobnej spr\u00e1vy o hist\u00f3rii vozidla. Z\u00edskajte preh\u013ead o z\u00e1znamoch o nehod\u00e1ch, najazden\u00fdch kilometroch, pou\u017e\u00edvan\u00ed a \u010fal\u0161\u00edch d\u00f4le\u017eit\u00fdch inform\u00e1ci\u00e1ch. Uistite sa, \u017ee rob\u00edte dobre informovan\u00e9 rozhodnutie. Skontrolujte svoje VIN a stiahnite si svoju spr\u00e1vu e\u0161te dnes!   <\/p>\n\t\t\t\t\t<\/div>\n\t\t\t\t\n\t\t\t\t\t\t\t\t\t<div class=\"elementor-cta__button-wrapper elementor-cta__content-item elementor-content-item \">\n\t\t\t\t\t<a class=\"elementor-cta__button elementor-button elementor-size-\" href=\"#elementor-action%3Aaction%3Dpopup%3Aopen%26settings%3DeyJpZCI6MjU3NywidG9nZ2xlIjpmYWxzZX0%3D\">\n\t\t\t\t\t\tSkontrolujte VIN teraz\t\t\t\t\t<\/a>\n\t\t\t\t\t<\/div>\n\t\t\t\t\t\t\t<\/div>\n\t\t\t\t\t\t<\/div>\n\t\t\t\t\t\t<\/div>\n\t\t\t\t<\/div>\n\t\t\t\t\t<\/div>\n\t\t\t\t<\/div>\n\t\t\t\t<\/div>\n\t\t\t\t<\/div>\n\t\t\t\t\t\t<\/div>\n\t\t\t\t<\/div>\n\t\t\t\t\t<\/div>\n\t\t\t\t<\/div>\n\t\t<div class=\"elementor-element elementor-element-ec00df9 e-flex e-con-boxed e-con e-parent\" data-id=\"ec00df9\" data-element_type=\"container\" data-e-type=\"container\">\n\t\t\t\t\t<div class=\"e-con-inner\">\n\t\t\t\t<div class=\"elementor-element elementor-element-1b919d4 elementor-widget elementor-widget-heading\" data-id=\"1b919d4\" data-element_type=\"widget\" data-e-type=\"widget\" data-widget_type=\"heading.default\">\n\t\t\t\t<div class=\"elementor-widget-container\">\n\t\t\t\t\t<h2 class=\"elementor-heading-title elementor-size-default\">\u0160pecializovan\u00e9 medzin\u00e1rodn\u00e9 spr\u00e1vy o vozidl\u00e1ch<\/h2>\t\t\t\t<\/div>\n\t\t\t\t<\/div>\n\t\t\t\t<div class=\"elementor-element elementor-element-393217c elementor-widget elementor-widget-text-editor\" data-id=\"393217c\" data-element_type=\"widget\" data-e-type=\"widget\" data-widget_type=\"text-editor.default\">\n\t\t\t\t<div class=\"elementor-widget-container\">\n\t\t\t\t\t\t\t\t\t<p>Okrem \u0161tandardnej spr\u00e1vy o hist\u00f3rii vozidla, VIN-INFO pon\u00faka \u0161pecializovan\u00e9 spr\u00e1vy pre vozidl\u00e1 registrovan\u00e9 v konkr\u00e9tnych krajin\u00e1ch, ako s\u00fa Belgicko, Holandsko a USA.<\/p>\n\t\t\t\t\t\t\t\t<\/div>\n\t\t\t\t<\/div>\n\t\t\t\t<div class=\"elementor-element elementor-element-d24b578 elementor-widget elementor-widget-heading\" data-id=\"d24b578\" data-element_type=\"widget\" data-e-type=\"widget\" data-widget_type=\"heading.default\">\n\t\t\t\t<div class=\"elementor-widget-container\">\n\t\t\t\t\t<h3 class=\"elementor-heading-title elementor-size-default\">Nizozemska spr\u00e1va o vozidle<\/h3>\t\t\t\t<\/div>\n\t\t\t\t<\/div>\n\t\t\t\t<div class=\"elementor-element elementor-element-a525c36 elementor-widget elementor-widget-text-editor\" data-id=\"a525c36\" data-element_type=\"widget\" data-e-type=\"widget\" data-widget_type=\"text-editor.default\">\n\t\t\t\t<div class=\"elementor-widget-container\">\n\t\t\t\t\t\t\t\t\t<p>VWE spr\u00e1va poskytuje overen\u00e9 inform\u00e1cie z d\u00f4veryhodn\u00fdch holandsk\u00fdch zdrojov, \u010do v\u00e1m pom\u00f4\u017ee vyhodnoti\u0165 tvrdenia predajcu a technick\u00e9 \u00fadaje vozidla. T\u00e1to spr\u00e1va obsahuje sekcie o stave vozidla, z\u00e1kladn\u00fdch inform\u00e1ci\u00e1ch, hist\u00f3rii vlastn\u00edctva a technick\u00fdch \u00fadajoch, spolu s bezplatnou verifik\u00e1ciou NAP n\u00e1jazdov\u00fdch kilometrov. <\/p>\n\t\t\t\t\t\t\t\t<\/div>\n\t\t\t\t<\/div>\n\t\t\t\t<div class=\"elementor-element elementor-element-06a3fad elementor-widget elementor-widget-heading\" data-id=\"06a3fad\" data-element_type=\"widget\" data-e-type=\"widget\" data-widget_type=\"heading.default\">\n\t\t\t\t<div class=\"elementor-widget-container\">\n\t\t\t\t\t<h3 class=\"elementor-heading-title elementor-size-default\">Spr\u00e1va o vozidle v USA<\/h3>\t\t\t\t<\/div>\n\t\t\t\t<\/div>\n\t\t\t\t<div class=\"elementor-element elementor-element-d193516 elementor-widget elementor-widget-text-editor\" data-id=\"d193516\" data-element_type=\"widget\" data-e-type=\"widget\" data-widget_type=\"text-editor.default\">\n\t\t\t\t<div class=\"elementor-widget-container\">\n\t\t\t\t\t\t\t\t\t<p>USA spr\u00e1va o vozidle je zalo\u017een\u00e1 na \u00fadajoch z N\u00e1rodn\u00e9ho syst\u00e9mu inform\u00e1ci\u00ed o vlastn\u00edckych tituloch motorov\u00fdch vozidiel (NMVTIS), ktor\u00fd pokr\u00fdva v\u00e4\u010d\u0161inu vozidiel registrovan\u00fdch v Spojen\u00fdch \u0161t\u00e1toch. Obsahuje podrobn\u00e9 \u0161pecifik\u00e1cie vozidla, hist\u00f3riu vlastn\u00edctva, aktualiz\u00e1cie stavu (ako s\u00fa z\u00e1chrana alebo po\u0161kodenie pri nehode) a z\u00e1znamy o titule, vr\u00e1tane po\u010d\u00edtania najazden\u00fdch kilometrov. <\/p>\n\t\t\t\t\t\t\t\t<\/div>\n\t\t\t\t<\/div>\n\t\t\t\t<div class=\"elementor-element elementor-element-865aab2 elementor-widget elementor-widget-heading\" data-id=\"865aab2\" data-element_type=\"widget\" data-e-type=\"widget\" data-widget_type=\"heading.default\">\n\t\t\t\t<div class=\"elementor-widget-container\">\n\t\t\t\t\t<h3 class=\"elementor-heading-title elementor-size-default\">Hodnotenie vozidla<\/h3>\t\t\t\t<\/div>\n\t\t\t\t<\/div>\n\t\t\t\t<div class=\"elementor-element elementor-element-bbd8761 elementor-widget elementor-widget-text-editor\" data-id=\"bbd8761\" data-element_type=\"widget\" data-e-type=\"widget\" data-widget_type=\"text-editor.default\">\n\t\t\t\t<div class=\"elementor-widget-container\">\n\t\t\t\t\t\t\t\t\t<p>Ur\u010denie trhovej hodnoty vozidla je k\u013e\u00fa\u010dov\u00e9 pre pos\u00fadenie, \u010di je cena pred\u00e1vaj\u00faceho spravodliv\u00e1. Slu\u017eba oce\u0148ovania vozidiel pou\u017e\u00edva pokro\u010dil\u00e9 algoritmy na anal\u00fdzu trhov\u00fdch \u00fadajov a poskytuje presn\u00fd odhad hodnoty vozidla. <\/p>\n\t\t\t\t\t\t\t\t<\/div>\n\t\t\t\t<\/div>\n\t\t\t\t<div class=\"elementor-element elementor-element-bbc2eb5 elementor-widget elementor-widget-text-editor\" data-id=\"bbc2eb5\" data-element_type=\"widget\" data-e-type=\"widget\" data-widget_type=\"text-editor.default\">\n\t\t\t\t<div class=\"elementor-widget-container\">\n\t\t\t\t\t\t\t\t\t<p>Pou\u017e\u00edvan\u00edm t\u00fdchto komplexn\u00fdch spr\u00e1v m\u00f4\u017eete s d\u00f4verou preh\u013ead\u00e1va\u0165 trh s ojazden\u00fdmi automobilmi, \u010d\u00edm rob\u00edte informovan\u00e9 rozhodnutia, ktor\u00e9 chr\u00e1nia va\u0161u invest\u00edciu a bezpe\u010dnos\u0165.<\/p>\n\t\t\t\t\t\t\t\t<\/div>\n\t\t\t\t<\/div>\n\t\t\t\t\t<\/div>\n\t\t\t\t<\/div>\n\t\t\t\t<\/div>\n\t\t","protected":false},"excerpt":{"rendered":"<p>Spr\u00e1va o hist\u00f3rii vozidla je nevyhnutn\u00fdm n\u00e1strojom pre vodi\u010dov, ktor\u00ed sa chc\u00fa chr\u00e1ni\u0165 pred nepoctiv\u00fdmi predajcami, \u010di u\u017e ide o predajcov automobilov alebo s\u00fakromn\u00e9 osoby. Bohu\u017eia\u013e, niektor\u00ed predajcovia sa zap\u00e1jaj\u00fa do klamliv\u00fdch prakt\u00edk s cie\u013eom umelo zv\u00fd\u0161i\u0165 hodnotu vozidla. Tieto taktiky m\u00f4\u017eu zah\u0155\u0148a\u0165 zmen\u0161ovanie po\u010d\u00edtadiel kilometrov, zatajenie v\u00e1\u017enych po\u0161koden\u00ed, predaj vozidiel, ktor\u00e9 mali hav\u00e1riu, ako keby boli v bezchybnom stave, alebo dokonca pokusy o predaj kradnut\u00fdch vozidiel. Tak\u00e9to praktiky m\u00f4\u017eu vies\u0165 k v\u00fdznamn\u00fdm finan\u010dn\u00fdm strat\u00e1m a v niektor\u00fdch pr\u00edpadoch aj k pr\u00e1vnym n\u00e1sledkom, vr\u00e1tane trestn\u00fdch obvinen\u00ed, ak je nevedomky zak\u00fapen\u00e9 kradnut\u00e9 vozidlo.   <\/p>\n","protected":false},"author":2,"featured_media":0,"parent":0,"menu_order":0,"comment_status":"closed","ping_status":"closed","template":"","meta":{"inline_featured_image":false,"footnotes":""},"class_list":["post-2687","page","type-page","status-publish","hentry"],"_links":{"self":[{"href":"https:\/\/www.vin-info.com\/sk\/wp-json\/wp\/v2\/pages\/2687","targetHints":{"allow":["GET"]}}],"collection":[{"href":"https:\/\/www.vin-info.com\/sk\/wp-json\/wp\/v2\/pages"}],"about":[{"href":"https:\/\/www.vin-info.com\/sk\/wp-json\/wp\/v2\/types\/page"}],"author":[{"embeddable":true,"href":"https:\/\/www.vin-info.com\/sk\/wp-json\/wp\/v2\/users\/2"}],"replies":[{"embeddable":true,"href":"https:\/\/www.vin-info.com\/sk\/wp-json\/wp\/v2\/comments?post=2687"}],"version-history":[{"count":1,"href":"https:\/\/www.vin-info.com\/sk\/wp-json\/wp\/v2\/pages\/2687\/revisions"}],"predecessor-version":[{"id":2688,"href":"https:\/\/www.vin-info.com\/sk\/wp-json\/wp\/v2\/pages\/2687\/revisions\/2688"}],"wp:attachment":[{"href":"https:\/\/www.vin-info.com\/sk\/wp-json\/wp\/v2\/media?parent=2687"}],"curies":[{"name":"wp","href":"https:\/\/api.w.org\/{rel}","templated":true}]}}