{"id":2641,"date":"2024-08-20T12:35:22","date_gmt":"2024-08-20T10:35:22","guid":{"rendered":"https:\/\/www.vin-info.com\/predplatena-licencia\/"},"modified":"2025-12-18T14:00:14","modified_gmt":"2025-12-18T13:00:14","slug":"pre-paid-license","status":"publish","type":"page","link":"https:\/\/www.vin-info.com\/sk\/pre-paid-license\/","title":{"rendered":"Predplaten\u00e1 licencia"},"content":{"rendered":"\t\t<div data-elementor-type=\"wp-page\" data-elementor-id=\"2641\" class=\"elementor elementor-2641 elementor-90\" data-elementor-post-type=\"page\">\n\t\t\t\t<div class=\"elementor-element elementor-element-73c8cef e-flex e-con-boxed e-con e-parent\" data-id=\"73c8cef\" data-element_type=\"container\" data-e-type=\"container\">\n\t\t\t\t\t<div class=\"e-con-inner\">\n\t\t\t\t<div class=\"elementor-element elementor-element-3745ce8 elementor-widget elementor-widget-heading\" data-id=\"3745ce8\" data-element_type=\"widget\" data-e-type=\"widget\" data-widget_type=\"heading.default\">\n\t\t\t\t<div class=\"elementor-widget-container\">\n\t\t\t\t\t<h2 class=\"elementor-heading-title elementor-size-default\">\u010co je predplaten\u00e1 licencia?<\/h2>\t\t\t\t<\/div>\n\t\t\t\t<\/div>\n\t\t<div class=\"elementor-element elementor-element-65ded1e e-con-full e-flex e-con e-child\" data-id=\"65ded1e\" data-element_type=\"container\" data-e-type=\"container\">\n\t\t<div class=\"elementor-element elementor-element-f21c7cb e-con-full e-flex e-con e-child\" data-id=\"f21c7cb\" data-element_type=\"container\" data-e-type=\"container\">\n\t\t\t\t<div class=\"elementor-element elementor-element-2c40369 elementor-widget elementor-widget-text-editor\" data-id=\"2c40369\" data-element_type=\"widget\" data-e-type=\"widget\" data-widget_type=\"text-editor.default\">\n\t\t\t\t<div class=\"elementor-widget-container\">\n\t\t\t\t\t\t\t\t\t<p>Predplaten\u00e1 licencia bola pripraven\u00e1 ako pohodln\u00e9 rie\u0161enie pre spolo\u010dnosti, ktor\u00e9 \u010dasto pou\u017e\u00edvaj\u00fa na\u0161u webov\u00fa str\u00e1nku a potrebuj\u00fa r\u00fdchly pr\u00edstup k hist\u00f3rii vozidla.<\/p><p><span style=\"color: var( --e-global-color-text ); font-family: var( --e-global-typography-text-font-family ), Sans-serif; font-weight: var( --e-global-typography-text-font-weight ); text-align: var(--text-align); font-size: 1rem;\">Predplaten\u00e1 licencia v\u00e1m umo\u017e\u0148uje s\u0165ahova\u0165 spr\u00e1vy bez nutnosti pr\u00edstupova\u0165 na svoj firemn\u00fd \u00fa\u010det alebo firemn\u00fa kreditn\u00fa kartu.<\/span><\/p><p><span style=\"color: var( --e-global-color-text ); font-family: var( --e-global-typography-text-font-family ), Sans-serif; font-weight: var( --e-global-typography-text-font-weight ); text-align: var(--text-align); font-size: 1rem;\">V\u010faka licenci budete m\u00f4c\u0165 zlep\u0161i\u0165 proces n\u00e1kupu spr\u00e1v. Platn\u00e1 licencia umo\u017e\u0148uje zak\u00fapi\u0165 spr\u00e1vu bez v\u0161etk\u00fdch bankov\u00fdch oper\u00e1ci\u00ed, pomocou prostriedkov pridelen\u00fdch k licencii. <\/span><\/p><p><span style=\"color: var( --e-global-color-text ); font-family: var( --e-global-typography-text-font-family ), Sans-serif; font-weight: var( --e-global-typography-text-font-weight ); text-align: var(--text-align); font-size: 1rem;\">T\u00e1to met\u00f3da umo\u017e\u0148uje:<\/span><\/p>\t\t\t\t\t\t\t\t<\/div>\n\t\t\t\t<\/div>\n\t\t\t\t<div class=\"elementor-element elementor-element-18b4dae elementor-icon-list--layout-traditional elementor-list-item-link-full_width elementor-widget elementor-widget-icon-list\" data-id=\"18b4dae\" data-element_type=\"widget\" data-e-type=\"widget\" data-widget_type=\"icon-list.default\">\n\t\t\t\t<div class=\"elementor-widget-container\">\n\t\t\t\t\t\t\t<ul class=\"elementor-icon-list-items\">\n\t\t\t\t\t\t\t<li class=\"elementor-icon-list-item\">\n\t\t\t\t\t\t\t\t\t\t\t<span class=\"elementor-icon-list-icon\">\n\t\t\t\t\t\t\t<i aria-hidden=\"true\" class=\"fas fa-chevron-right\"><\/i>\t\t\t\t\t\t<\/span>\n\t\t\t\t\t\t\t\t\t\t<span class=\"elementor-icon-list-text\">r\u00fdchly pr\u00edstup k spr\u00e1vam o hist\u00f3rii vozidiel,<\/span>\n\t\t\t\t\t\t\t\t\t<\/li>\n\t\t\t\t\t\t\t\t<li class=\"elementor-icon-list-item\">\n\t\t\t\t\t\t\t\t\t\t\t<span class=\"elementor-icon-list-icon\">\n\t\t\t\t\t\t\t<i aria-hidden=\"true\" class=\"fas fa-chevron-right\"><\/i>\t\t\t\t\t\t<\/span>\n\t\t\t\t\t\t\t\t\t\t<span class=\"elementor-icon-list-text\">bezhotovostn\u00e1 k\u00fapa spr\u00e1v zamestnancami,<\/span>\n\t\t\t\t\t\t\t\t\t<\/li>\n\t\t\t\t\t\t\t\t<li class=\"elementor-icon-list-item\">\n\t\t\t\t\t\t\t\t\t\t\t<span class=\"elementor-icon-list-icon\">\n\t\t\t\t\t\t\t<i aria-hidden=\"true\" class=\"fas fa-chevron-right\"><\/i>\t\t\t\t\t\t<\/span>\n\t\t\t\t\t\t\t\t\t\t<span class=\"elementor-icon-list-text\">aktu\u00e1lna kontrola nad zostatkom na \u00fa\u010dte,<\/span>\n\t\t\t\t\t\t\t\t\t<\/li>\n\t\t\t\t\t\t\t\t<li class=\"elementor-icon-list-item\">\n\t\t\t\t\t\t\t\t\t\t\t<span class=\"elementor-icon-list-icon\">\n\t\t\t\t\t\t\t<i aria-hidden=\"true\" class=\"fas fa-chevron-right\"><\/i>\t\t\t\t\t\t<\/span>\n\t\t\t\t\t\t\t\t\t\t<span class=\"elementor-icon-list-text\">pr\u00edstup k automatizovan\u00e9mu syst\u00e9mu spr\u00e1vy fakt\u00far.<\/span>\n\t\t\t\t\t\t\t\t\t<\/li>\n\t\t\t\t\t\t<\/ul>\n\t\t\t\t\t\t<\/div>\n\t\t\t\t<\/div>\n\t\t\t\t<\/div>\n\t\t<div class=\"elementor-element elementor-element-1c74cfe e-con-full e-flex e-con e-child\" data-id=\"1c74cfe\" data-element_type=\"container\" data-e-type=\"container\">\n\t\t\t\t<div class=\"elementor-element elementor-element-2ca2a3c elementor-widget elementor-widget-image\" data-id=\"2ca2a3c\" data-element_type=\"widget\" data-e-type=\"widget\" data-widget_type=\"image.default\">\n\t\t\t\t<div class=\"elementor-widget-container\">\n\t\t\t\t\t\t\t\t\t\t\t\t\t\t\t<img fetchpriority=\"high\" decoding=\"async\" width=\"325\" height=\"315\" src=\"https:\/\/www.vin-info.com\/wp-content\/uploads\/2024\/07\/ico-reports.png\" class=\"attachment-large size-large wp-image-2642\" alt=\"\" srcset=\"https:\/\/www.vin-info.com\/wp-content\/uploads\/2024\/07\/ico-reports.png 325w, https:\/\/www.vin-info.com\/wp-content\/uploads\/2024\/07\/ico-reports-300x291.png 300w\" sizes=\"(max-width: 325px) 100vw, 325px\" \/>\t\t\t\t\t\t\t\t\t\t\t\t\t\t\t<\/div>\n\t\t\t\t<\/div>\n\t\t\t\t<\/div>\n\t\t\t\t<\/div>\n\t\t\t\t<div class=\"elementor-element elementor-element-3aaa89c elementor-widget-divider--view-line elementor-widget elementor-widget-divider\" data-id=\"3aaa89c\" data-element_type=\"widget\" data-e-type=\"widget\" data-widget_type=\"divider.default\">\n\t\t\t\t<div class=\"elementor-widget-container\">\n\t\t\t\t\t\t\t<div class=\"elementor-divider\">\n\t\t\t<span class=\"elementor-divider-separator\">\n\t\t\t\t\t\t<\/span>\n\t\t<\/div>\n\t\t\t\t\t\t<\/div>\n\t\t\t\t<\/div>\n\t\t\t\t\t<\/div>\n\t\t\t\t<\/div>\n\t\t<div class=\"elementor-element elementor-element-ddfa42e e-flex e-con-boxed e-con e-parent\" data-id=\"ddfa42e\" data-element_type=\"container\" data-e-type=\"container\">\n\t\t\t\t\t<div class=\"e-con-inner\">\n\t\t\t\t<div class=\"elementor-element elementor-element-8c06ab5 elementor-widget elementor-widget-heading\" data-id=\"8c06ab5\" data-element_type=\"widget\" data-e-type=\"widget\" data-widget_type=\"heading.default\">\n\t\t\t\t<div class=\"elementor-widget-container\">\n\t\t\t\t\t<h2 class=\"elementor-heading-title elementor-size-default\">Ako zak\u00fapi\u0165 predplaten\u00fa licenciu?<\/h2>\t\t\t\t<\/div>\n\t\t\t\t<\/div>\n\t\t\t\t<div class=\"elementor-element elementor-element-26ed21e elementor-widget elementor-widget-text-editor\" data-id=\"26ed21e\" data-element_type=\"widget\" data-e-type=\"widget\" data-widget_type=\"text-editor.default\">\n\t\t\t\t<div class=\"elementor-widget-container\">\n\t\t\t\t\t\t\t\t\tZak\u00fapenie predplatenej licencie si vy\u017eaduje len tri jednoduch\u00e9 kroky. Vyberte typ licencie, akceptujte na\u0161e pravidl\u00e1. Tret\u00edm krokom je zaplati\u0165 proforma fakt\u00faru vystaven\u00fa vopred za licenciu. Po zaznamenan\u00ed va\u0161ej platby obdr\u017e\u00edte fakt\u00faru a v\u00e1\u0161 individu\u00e1lny k\u00f3d, s ktor\u00fdm budete m\u00f4c\u0165 zaplati\u0165 za spr\u00e1vy. Viac inform\u00e1ci\u00ed o podmienkach pou\u017e\u00edvania n\u00e1jdete na str\u00e1nke pravidiel predplatenej licencie.    \t\t\t\t\t\t\t\t<\/div>\n\t\t\t\t<\/div>\n\t\t<div class=\"elementor-element elementor-element-706e928 e-grid e-con-full e-con e-child\" data-id=\"706e928\" data-element_type=\"container\" data-e-type=\"container\">\n\t\t\t\t<div class=\"elementor-element elementor-element-ae93091 elementor-position-top elementor-widget elementor-widget-image-box\" data-id=\"ae93091\" data-element_type=\"widget\" data-e-type=\"widget\" data-widget_type=\"image-box.default\">\n\t\t\t\t<div class=\"elementor-widget-container\">\n\t\t\t\t\t<div class=\"elementor-image-box-wrapper\"><figure class=\"elementor-image-box-img\"><img decoding=\"async\" width=\"299\" height=\"209\" src=\"https:\/\/www.vin-info.com\/wp-content\/uploads\/2024\/07\/ico-buy-step-1.svg\" class=\"attachment-full size-full wp-image-2643\" alt=\"\" \/><\/figure><div class=\"elementor-image-box-content\"><h3 class=\"elementor-image-box-title\">Krok 1<\/h3><p class=\"elementor-image-box-description\">Vyberte licenciu a vypl\u0148te formul\u00e1r<\/p><\/div><\/div>\t\t\t\t<\/div>\n\t\t\t\t<\/div>\n\t\t\t\t<div class=\"elementor-element elementor-element-67b50cf elementor-position-top elementor-widget elementor-widget-image-box\" data-id=\"67b50cf\" data-element_type=\"widget\" data-e-type=\"widget\" data-widget_type=\"image-box.default\">\n\t\t\t\t<div class=\"elementor-widget-container\">\n\t\t\t\t\t<div class=\"elementor-image-box-wrapper\"><figure class=\"elementor-image-box-img\"><img decoding=\"async\" width=\"299\" height=\"209\" src=\"https:\/\/www.vin-info.com\/wp-content\/uploads\/2024\/07\/ico-buy-step-2.svg\" class=\"attachment-full size-full wp-image-2644\" alt=\"\" \/><\/figure><div class=\"elementor-image-box-content\"><h3 class=\"elementor-image-box-title\">Krok 2<\/h3><p class=\"elementor-image-box-description\">Zapla\u0165te prijat\u00fa proforma fakt\u00faru.<\/p><\/div><\/div>\t\t\t\t<\/div>\n\t\t\t\t<\/div>\n\t\t\t\t<div class=\"elementor-element elementor-element-e715f38 elementor-position-top elementor-widget elementor-widget-image-box\" data-id=\"e715f38\" data-element_type=\"widget\" data-e-type=\"widget\" data-widget_type=\"image-box.default\">\n\t\t\t\t<div class=\"elementor-widget-container\">\n\t\t\t\t\t<div class=\"elementor-image-box-wrapper\"><figure class=\"elementor-image-box-img\"><img loading=\"lazy\" decoding=\"async\" width=\"299\" height=\"209\" src=\"https:\/\/www.vin-info.com\/wp-content\/uploads\/2024\/07\/ico-buy-step-3.svg\" class=\"attachment-full size-full wp-image-2645\" alt=\"\" \/><\/figure><div class=\"elementor-image-box-content\"><h3 class=\"elementor-image-box-title\">Krok 3<\/h3><p class=\"elementor-image-box-description\">Z\u00edskajte svoj individu\u00e1lny k\u00f3d<\/p><\/div><\/div>\t\t\t\t<\/div>\n\t\t\t\t<\/div>\n\t\t\t\t<\/div>\n\t\t\t\t<div class=\"elementor-element elementor-element-6abf509 elementor-position-right elementor-vertical-align-middle elementor-widget elementor-widget-image-box\" data-id=\"6abf509\" data-element_type=\"widget\" data-e-type=\"widget\" data-widget_type=\"image-box.default\">\n\t\t\t\t<div class=\"elementor-widget-container\">\n\t\t\t\t\t<div class=\"elementor-image-box-wrapper\"><figure class=\"elementor-image-box-img\"><img loading=\"lazy\" decoding=\"async\" width=\"163\" height=\"143\" src=\"https:\/\/www.vin-info.com\/wp-content\/uploads\/2024\/07\/ico-licence-monitor.svg\" class=\"attachment-full size-full wp-image-2648\" alt=\"\" \/><\/figure><div class=\"elementor-image-box-content\"><p class=\"elementor-image-box-description\">Predplaten\u00e1 licencia v\u00e1m umo\u017e\u0148uje s\u0165ahova\u0165 spr\u00e1vy bez toho, aby ste museli zaka\u017ed\u00fdm plati\u0165 online. D\u013a\u017eka a hodnota licencie s\u00fa na v\u00fdbere pou\u017e\u00edvate\u013ea. <\/p><\/div><\/div>\t\t\t\t<\/div>\n\t\t\t\t<\/div>\n\t\t\t\t<div class=\"elementor-element elementor-element-f9a6160 elementor-widget-divider--view-line elementor-widget elementor-widget-divider\" data-id=\"f9a6160\" data-element_type=\"widget\" data-e-type=\"widget\" data-widget_type=\"divider.default\">\n\t\t\t\t<div class=\"elementor-widget-container\">\n\t\t\t\t\t\t\t<div class=\"elementor-divider\">\n\t\t\t<span class=\"elementor-divider-separator\">\n\t\t\t\t\t\t<\/span>\n\t\t<\/div>\n\t\t\t\t\t\t<\/div>\n\t\t\t\t<\/div>\n\t\t\t\t\t<\/div>\n\t\t\t\t<\/div>\n\t\t<div class=\"elementor-element elementor-element-17e5e5e e-flex e-con-boxed e-con e-parent\" data-id=\"17e5e5e\" data-element_type=\"container\" data-e-type=\"container\">\n\t\t\t\t\t<div class=\"e-con-inner\">\n\t\t\t\t<div class=\"elementor-element elementor-element-16f1d2c elementor-widget elementor-widget-heading\" data-id=\"16f1d2c\" data-element_type=\"widget\" data-e-type=\"widget\" data-widget_type=\"heading.default\">\n\t\t\t\t<div class=\"elementor-widget-container\">\n\t\t\t\t\t<h2 class=\"elementor-heading-title elementor-size-default\">Ako pou\u017e\u00edva\u0165 predplaten\u00fa licenciu?<\/h2>\t\t\t\t<\/div>\n\t\t\t\t<\/div>\n\t\t\t\t<div class=\"elementor-element elementor-element-8b2ba3f elementor-widget elementor-widget-text-editor\" data-id=\"8b2ba3f\" data-element_type=\"widget\" data-e-type=\"widget\" data-widget_type=\"text-editor.default\">\n\t\t\t\t<div class=\"elementor-widget-container\">\n\t\t\t\t\t\t\t\t\t<p>Pou\u017e\u00edvanie licencie je ve\u013emi jednoduch\u00e9 a ove\u013ea pohodlnej\u0161ie ako tradi\u010dn\u00e1 forma n\u00e1kupu. V\u0161etko, \u010do potrebujete, je va\u0161e VIN \u010d\u00edslo a platn\u00fd Licen\u010dn\u00fd k\u00f3d na r\u00fdchle a pohodln\u00e9 stiahnutie ak\u00e9hoko\u013evek reportu z na\u0161ej webovej str\u00e1nky. <\/p>\t\t\t\t\t\t\t\t<\/div>\n\t\t\t\t<\/div>\n\t\t<div class=\"elementor-element elementor-element-d95aaba e-grid e-con-full e-con e-child\" data-id=\"d95aaba\" data-element_type=\"container\" data-e-type=\"container\">\n\t\t\t\t<div class=\"elementor-element elementor-element-51d19f5 elementor-position-top elementor-widget elementor-widget-image-box\" data-id=\"51d19f5\" data-element_type=\"widget\" data-e-type=\"widget\" data-widget_type=\"image-box.default\">\n\t\t\t\t<div class=\"elementor-widget-container\">\n\t\t\t\t\t<div class=\"elementor-image-box-wrapper\"><figure class=\"elementor-image-box-img\"><img loading=\"lazy\" decoding=\"async\" width=\"360\" height=\"240\" src=\"https:\/\/www.vin-info.com\/wp-content\/uploads\/2024\/07\/ico-enter-vin.svg\" class=\"attachment-full size-full wp-image-2647\" alt=\"\" \/><\/figure><div class=\"elementor-image-box-content\"><p class=\"elementor-image-box-description\"><b>Zadajte svoje VIN<\/b> a po\u010dkajte na v\u00fdsledok bezplatnej kontroly VIN.<\/p><\/div><\/div>\t\t\t\t<\/div>\n\t\t\t\t<\/div>\n\t\t\t\t<div class=\"elementor-element elementor-element-0327244 elementor-position-top elementor-widget elementor-widget-image-box\" data-id=\"0327244\" data-element_type=\"widget\" data-e-type=\"widget\" data-widget_type=\"image-box.default\">\n\t\t\t\t<div class=\"elementor-widget-container\">\n\t\t\t\t\t<div class=\"elementor-image-box-wrapper\"><figure class=\"elementor-image-box-img\"><img loading=\"lazy\" decoding=\"async\" width=\"360\" height=\"240\" src=\"https:\/\/www.vin-info.com\/wp-content\/uploads\/2024\/07\/ico-select-report.svg\" class=\"attachment-full size-full wp-image-2650\" alt=\"\" \/><\/figure><div class=\"elementor-image-box-content\"><p class=\"elementor-image-box-description\">Pla\u0165te za spr\u00e1vy pomocou svojho individu\u00e1lneho predplaten\u00e9ho k\u00f3du.<\/p><\/div><\/div>\t\t\t\t<\/div>\n\t\t\t\t<\/div>\n\t\t\t\t<div class=\"elementor-element elementor-element-67cac8a elementor-position-top elementor-widget elementor-widget-image-box\" data-id=\"67cac8a\" data-element_type=\"widget\" data-e-type=\"widget\" data-widget_type=\"image-box.default\">\n\t\t\t\t<div class=\"elementor-widget-container\">\n\t\t\t\t\t<div class=\"elementor-image-box-wrapper\"><figure class=\"elementor-image-box-img\"><img loading=\"lazy\" decoding=\"async\" width=\"360\" height=\"240\" src=\"https:\/\/www.vin-info.com\/wp-content\/uploads\/2024\/07\/ico-enter-licence-01.svg\" class=\"attachment-full size-full wp-image-2646\" alt=\"\" \/><\/figure><div class=\"elementor-image-box-content\"><p class=\"elementor-image-box-description\">Poplatok za <b>VIN <\/b>spr\u00e1vu bude odpo\u010d\u00edtan\u00fd z v\u00e1\u0161ho k\u00f3du.<\/p><\/div><\/div>\t\t\t\t<\/div>\n\t\t\t\t<\/div>\n\t\t\t\t<div class=\"elementor-element elementor-element-de8dc63 elementor-position-top elementor-widget elementor-widget-image-box\" data-id=\"de8dc63\" data-element_type=\"widget\" data-e-type=\"widget\" data-widget_type=\"image-box.default\">\n\t\t\t\t<div class=\"elementor-widget-container\">\n\t\t\t\t\t<div class=\"elementor-image-box-wrapper\"><figure class=\"elementor-image-box-img\"><img loading=\"lazy\" decoding=\"async\" width=\"248\" height=\"265\" src=\"https:\/\/www.vin-info.com\/wp-content\/uploads\/2024\/07\/ico-report.svg\" class=\"attachment-full size-full wp-image-2649\" alt=\"\" \/><\/figure><div class=\"elementor-image-box-content\"><p class=\"elementor-image-box-description\"><b>Generovanie VIN spr\u00e1vy<\/b><\/p><\/div><\/div>\t\t\t\t<\/div>\n\t\t\t\t<\/div>\n\t\t\t\t<\/div>\n\t\t\t\t<div class=\"elementor-element elementor-element-b899cb1 elementor-position-right elementor-vertical-align-middle elementor-widget elementor-widget-image-box\" data-id=\"b899cb1\" data-element_type=\"widget\" data-e-type=\"widget\" data-widget_type=\"image-box.default\">\n\t\t\t\t<div class=\"elementor-widget-container\">\n\t\t\t\t\t<div class=\"elementor-image-box-wrapper\"><figure class=\"elementor-image-box-img\"><img loading=\"lazy\" decoding=\"async\" width=\"1583\" height=\"602\" src=\"https:\/\/www.vin-info.com\/wp-content\/uploads\/2024\/07\/ico-licence-buying-process.svg\" class=\"attachment-full size-full wp-image-2651\" alt=\"\" \/><\/figure><div class=\"elementor-image-box-content\"><p class=\"elementor-image-box-description\">Pou\u017e\u00edvate\u013esk\u00fd \u00fa\u010det dobit\u00fd prostriedkami umo\u017e\u0148uje s\u0165ahova\u0165 VIN spr\u00e1vy bez nutnosti plati\u0165 online ka\u017ed\u00fd raz. Vy si vyber\u00e1te dobu platnosti licencie a sumu pe\u0148az\u00ed pri n\u00e1kupe. <\/p><\/div><\/div>\t\t\t\t<\/div>\n\t\t\t\t<\/div>\n\t\t\t\t<div class=\"elementor-element elementor-element-ebee040 elementor-align-center elementor-widget elementor-widget-button\" data-id=\"ebee040\" data-element_type=\"widget\" data-e-type=\"widget\" id=\"prepaid-buy\" data-widget_type=\"button.default\">\n\t\t\t\t<div class=\"elementor-widget-container\">\n\t\t\t\t\t\t\t\t\t<div class=\"elementor-button-wrapper\">\n\t\t\t\t\t<a class=\"elementor-button elementor-button-link elementor-size-sm\" href=\"\/sk\/page\/order-new-license\" id=\"btn-pp-order\">\n\t\t\t\t\t\t<span class=\"elementor-button-content-wrapper\">\n\t\t\t\t\t\t\t\t\t<span class=\"elementor-button-text\">Objednajte si predplaten\u00fa kartu.<\/span>\n\t\t\t\t\t<\/span>\n\t\t\t\t\t<\/a>\n\t\t\t\t<\/div>\n\t\t\t\t\t\t\t\t<\/div>\n\t\t\t\t<\/div>\n\t\t\t\t\t<\/div>\n\t\t\t\t<\/div>\n\t\t\t\t<\/div>\n\t\t","protected":false},"excerpt":{"rendered":"<p>Pripravili sme \u0161peci\u00e1lnu ponuku predplaten\u00fdch licenci\u00ed pre na\u0161ich pravideln\u00fdch z\u00e1kazn\u00edkov, ktor\u00e1 v\u00e1m alebo va\u0161im zamestnancom umo\u017en\u00ed pohodln\u00fdm a r\u00fdchlym sp\u00f4sobom s\u0165ahova\u0165 Zpr\u00e1vy o hist\u00f3rii vozidla.<\/p>\n","protected":false},"author":2,"featured_media":0,"parent":0,"menu_order":0,"comment_status":"closed","ping_status":"closed","template":"","meta":{"inline_featured_image":false,"footnotes":""},"class_list":["post-2641","page","type-page","status-publish","hentry"],"_links":{"self":[{"href":"https:\/\/www.vin-info.com\/sk\/wp-json\/wp\/v2\/pages\/2641","targetHints":{"allow":["GET"]}}],"collection":[{"href":"https:\/\/www.vin-info.com\/sk\/wp-json\/wp\/v2\/pages"}],"about":[{"href":"https:\/\/www.vin-info.com\/sk\/wp-json\/wp\/v2\/types\/page"}],"author":[{"embeddable":true,"href":"https:\/\/www.vin-info.com\/sk\/wp-json\/wp\/v2\/users\/2"}],"replies":[{"embeddable":true,"href":"https:\/\/www.vin-info.com\/sk\/wp-json\/wp\/v2\/comments?post=2641"}],"version-history":[{"count":10,"href":"https:\/\/www.vin-info.com\/sk\/wp-json\/wp\/v2\/pages\/2641\/revisions"}],"predecessor-version":[{"id":5226,"href":"https:\/\/www.vin-info.com\/sk\/wp-json\/wp\/v2\/pages\/2641\/revisions\/5226"}],"wp:attachment":[{"href":"https:\/\/www.vin-info.com\/sk\/wp-json\/wp\/v2\/media?parent=2641"}],"curies":[{"name":"wp","href":"https:\/\/api.w.org\/{rel}","templated":true}]}}