{"id":2622,"date":"2024-08-20T12:31:00","date_gmt":"2024-08-20T10:31:00","guid":{"rendered":"https:\/\/www.vin-info.com\/ako-si-objednat-spravu-o-historii-vozidla\/"},"modified":"2024-09-06T15:16:28","modified_gmt":"2024-09-06T13:16:28","slug":"ako-si-objednat-spravu-o-historii-vozidla","status":"publish","type":"page","link":"https:\/\/www.vin-info.com\/sk\/ako-si-objednat-spravu-o-historii-vozidla\/","title":{"rendered":"Ako si objedna\u0165 spr\u00e1vu o hist\u00f3rii vozidla?"},"content":{"rendered":"\t\t<div data-elementor-type=\"wp-page\" data-elementor-id=\"2622\" class=\"elementor elementor-2622 elementor-77\" data-elementor-post-type=\"page\">\n\t\t\t\t<div class=\"elementor-element elementor-element-34f7aea e-flex e-con-boxed e-con e-parent\" data-id=\"34f7aea\" data-element_type=\"container\" data-e-type=\"container\">\n\t\t\t\t\t<div class=\"e-con-inner\">\n\t\t\t\t<div class=\"elementor-element elementor-element-791dfaf elementor-position-right elementor-position-right elementor-vertical-align-top elementor-vertical-align-top elementor-widget elementor-widget-image-box\" data-id=\"791dfaf\" data-element_type=\"widget\" data-e-type=\"widget\" data-widget_type=\"image-box.default\">\n\t\t\t\t<div class=\"elementor-widget-container\">\n\t\t\t\t\t<div class=\"elementor-image-box-wrapper\"><figure class=\"elementor-image-box-img\"><img fetchpriority=\"high\" decoding=\"async\" width=\"768\" height=\"444\" src=\"https:\/\/www.vin-info.com\/wp-content\/uploads\/2024\/07\/vi-free-vin-check.svg\" class=\"attachment-medium_large size-medium_large wp-image-2624\" alt=\"\" \/><\/figure><div class=\"elementor-image-box-content\"><h3 class=\"elementor-image-box-title\">Nap\u00ed\u0161te VIN<\/h3><p class=\"elementor-image-box-description\">V prvom kroku nap\u00ed\u0161te 17-cifern\u00e9 VIN do \u017elt\u00e9ho priestoru na domovskej str\u00e1nke alebo do men\u0161\u00edch \u017elt\u00fdch priestorov dostupn\u00fdch na ka\u017edej str\u00e1nke. Potom kliknite na Skontrolova\u0165.  <br><br><i> Identifika\u010dn\u00e9 \u010d\u00edslo vozidla (VIN) je jedine\u010dn\u00fd k\u00f3d pridelen\u00fd ka\u017ed\u00e9mu motorov\u00e9mu vozidlu pri jeho v\u00fdrobe. Sklad\u00e1 sa z 17 znakov (\u010d\u00edsel a ve\u013ek\u00fdch p\u00edsmen), VIN poskytuje k\u013e\u00fa\u010dov\u00e9 inform\u00e1cie o vozidle, vr\u00e1tane krajiny p\u00f4vodu, v\u00fdrobcu, typu vozidla a roku modelu. Toto \u010d\u00edslo je k\u013e\u00fa\u010dov\u00e9 pre registr\u00e1ciu vozidla, poistenie a historick\u00e9 spr\u00e1vy, pri\u010dom pom\u00e1ha identifikova\u0165 a sledova\u0165 vozidlo po\u010das jeho \u017eivotnosti. VIN sa zvy\u010dajne nach\u00e1dza na pr\u00edstrojovej doske, dver\u00e1ch na strane vodi\u010da alebo v dokumentoch vozidla.   <\/i><\/p><\/div><\/div>\t\t\t\t<\/div>\n\t\t\t\t<\/div>\n\t\t\t\t<div class=\"elementor-element elementor-element-aa5ddbd elementor-widget-divider--view-line_icon elementor-view-default elementor-widget-divider--element-align-center elementor-widget elementor-widget-divider\" data-id=\"aa5ddbd\" data-element_type=\"widget\" data-e-type=\"widget\" data-widget_type=\"divider.default\">\n\t\t\t\t<div class=\"elementor-widget-container\">\n\t\t\t\t\t\t\t<div class=\"elementor-divider\">\n\t\t\t<span class=\"elementor-divider-separator\">\n\t\t\t\t\t\t\t<div class=\"elementor-icon elementor-divider__element\">\n\t\t\t\t\t<i aria-hidden=\"true\" class=\"fas fa-chevron-down\"><\/i><\/div>\n\t\t\t\t\t\t<\/span>\n\t\t<\/div>\n\t\t\t\t\t\t<\/div>\n\t\t\t\t<\/div>\n\t\t\t\t<div class=\"elementor-element elementor-element-31ed445 elementor-position-right elementor-vertical-align-top elementor-widget elementor-widget-image-box\" data-id=\"31ed445\" data-element_type=\"widget\" data-e-type=\"widget\" data-widget_type=\"image-box.default\">\n\t\t\t\t<div class=\"elementor-widget-container\">\n\t\t\t\t\t<div class=\"elementor-image-box-wrapper\"><figure class=\"elementor-image-box-img\"><img decoding=\"async\" width=\"768\" height=\"280\" src=\"https:\/\/www.vin-info.com\/wp-content\/uploads\/2024\/07\/vi-vehicle-history-records.svg\" class=\"attachment-medium_large size-medium_large wp-image-2623\" alt=\"\" \/><\/figure><div class=\"elementor-image-box-content\"><h3 class=\"elementor-image-box-title\">Skontrolujte dostupnos\u0165 spr\u00e1vy<\/h3><p class=\"elementor-image-box-description\">Bezplatn\u00e9 dek\u00f3dovanie vozidla zobrazuje na z\u00e1klade expertn\u00e9ho syst\u00e9mu inform\u00e1cie o: zna\u010dke vozidla, modeli, krajine p\u00f4vodu, type paliva, type karos\u00e9rie, mieste mont\u00e1\u017ee a pod. Tieto inform\u00e1cie s\u00fa identick\u00e9 s inform\u00e1ciami, ktor\u00e9 uvid\u00edte v spr\u00e1ve. Ak bezplatn\u00e9 rozpoznanie vozidla nezobrazuje niektor\u00e9 z t\u00fdchto \u00fadajov, znamen\u00e1 to, \u017ee nebud\u00fa zobrazen\u00e9 ani v spr\u00e1ve.   <br><br> Sekcia Obsah vozidla definuje inform\u00e1cie o vozidle, ktor\u00e9 s\u00fa k dispoz\u00edcii v na\u0161ej datab\u00e1ze. Tieto s\u00fa: rok modelu\/rok v\u00fdroby, po\u010det najazden\u00fdch kilometrov, hist\u00f3ria kontrol, datab\u00e1zy ukradnut\u00fdch vozidiel, chyby v\u00fdrobcu, inform\u00e1cie o v\u00fdrobcovi, fotografie vozidla a \u010fal\u0161ie. Iba polo\u017eky ozna\u010den\u00e9 zelen\u00fdm symbolom dostupnosti d\u00e1t bud\u00fa vyplnen\u00e9 v spr\u00e1ve. Ostatn\u00e9 polo\u017eky, ak s\u00fa pr\u00e1zdne alebo je pozn\u00e1mka o nedostupnosti z\u00e1znamov\/d\u00e1t, nemo\u017eno overi\u0165, nedostupnosti, bez fotografi\u00ed, bud\u00fa taktie\u017e ponechan\u00e9 pr\u00e1zdne v spr\u00e1ve.    <\/p><\/div><\/div>\t\t\t\t<\/div>\n\t\t\t\t<\/div>\n\t\t\t\t<div class=\"elementor-element elementor-element-4ffd580 elementor-widget-divider--view-line_icon elementor-view-default elementor-widget-divider--element-align-center elementor-widget elementor-widget-divider\" data-id=\"4ffd580\" data-element_type=\"widget\" data-e-type=\"widget\" data-widget_type=\"divider.default\">\n\t\t\t\t<div class=\"elementor-widget-container\">\n\t\t\t\t\t\t\t<div class=\"elementor-divider\">\n\t\t\t<span class=\"elementor-divider-separator\">\n\t\t\t\t\t\t\t<div class=\"elementor-icon elementor-divider__element\">\n\t\t\t\t\t<i aria-hidden=\"true\" class=\"fas fa-chevron-down\"><\/i><\/div>\n\t\t\t\t\t\t<\/span>\n\t\t<\/div>\n\t\t\t\t\t\t<\/div>\n\t\t\t\t<\/div>\n\t\t\t\t<div class=\"elementor-element elementor-element-3eacbd3 elementor-position-right elementor-vertical-align-top elementor-widget elementor-widget-image-box\" data-id=\"3eacbd3\" data-element_type=\"widget\" data-e-type=\"widget\" data-widget_type=\"image-box.default\">\n\t\t\t\t<div class=\"elementor-widget-container\">\n\t\t\t\t\t<div class=\"elementor-image-box-wrapper\"><figure class=\"elementor-image-box-img\"><img decoding=\"async\" width=\"768\" height=\"280\" src=\"https:\/\/www.vin-info.com\/wp-content\/uploads\/2024\/07\/vi-vehicle-history-reports.svg\" class=\"attachment-medium_large size-medium_large wp-image-2625\" alt=\"\" \/><\/figure><div class=\"elementor-image-box-content\"><h3 class=\"elementor-image-box-title\">Vyberte typ spr\u00e1vy<\/h3><p class=\"elementor-image-box-description\">V \u010fal\u0161om kroku budete presmerovan\u00ed na predt\u00fdm zvolen\u00fa platobn\u00fa slu\u017ebu. Pros\u00edm, riadte sa pokynmi na obrazovke na dokon\u010denie platby. Ak bezplatn\u00e9 rozpoznanie zodpoved\u00e1 va\u0161im predpokladom, m\u00f4\u017eete pokra\u010dova\u0165 v k\u00fape spr\u00e1vy. Aby ste mohli pokra\u010dova\u0165, nap\u00ed\u0161te svoj e-mail (umo\u017en\u00ed v\u00e1m z\u00edska\u0165 pr\u00edstup k spr\u00e1ve nesk\u00f4r), vyberte spr\u00e1vne mo\u017enosti a zvo\u013ete sp\u00f4sob platby. Po v\u00fdbere mo\u017enost\u00ed uvid\u00edte celkov\u00fa sumu na zaplatenie na spodnej \u010dasti str\u00e1nky. Potom kliknite na <b>Objedna\u0165<\/b>.    <\/p><\/div><\/div>\t\t\t\t<\/div>\n\t\t\t\t<\/div>\n\t\t\t\t<div class=\"elementor-element elementor-element-c410f5f elementor-widget-divider--view-line_icon elementor-view-default elementor-widget-divider--element-align-center elementor-widget elementor-widget-divider\" data-id=\"c410f5f\" data-element_type=\"widget\" data-e-type=\"widget\" data-widget_type=\"divider.default\">\n\t\t\t\t<div class=\"elementor-widget-container\">\n\t\t\t\t\t\t\t<div class=\"elementor-divider\">\n\t\t\t<span class=\"elementor-divider-separator\">\n\t\t\t\t\t\t\t<div class=\"elementor-icon elementor-divider__element\">\n\t\t\t\t\t<i aria-hidden=\"true\" class=\"fas fa-chevron-down\"><\/i><\/div>\n\t\t\t\t\t\t<\/span>\n\t\t<\/div>\n\t\t\t\t\t\t<\/div>\n\t\t\t\t<\/div>\n\t\t\t\t<div class=\"elementor-element elementor-element-2da3196 elementor-position-right elementor-vertical-align-top elementor-widget elementor-widget-image-box\" data-id=\"2da3196\" data-element_type=\"widget\" data-e-type=\"widget\" data-widget_type=\"image-box.default\">\n\t\t\t\t<div class=\"elementor-widget-container\">\n\t\t\t\t\t<div class=\"elementor-image-box-wrapper\"><figure class=\"elementor-image-box-img\"><img loading=\"lazy\" decoding=\"async\" width=\"768\" height=\"282\" src=\"https:\/\/www.vin-info.com\/wp-content\/uploads\/2024\/07\/vi-payments-method.svg\" class=\"attachment-medium_large size-medium_large wp-image-2626\" alt=\"\" \/><\/figure><div class=\"elementor-image-box-content\"><h3 class=\"elementor-image-box-title\">Zapla\u0165te za spr\u00e1vu<\/h3><p class=\"elementor-image-box-description\">V z\u00e1vislosti od vybranej met\u00f3dy platby budete presmerovan\u00ed na webov\u00fa str\u00e1nku na platbu \/ webov\u00fa str\u00e1nku banky. \u010ealej pokra\u010dujte pod\u013ea pokynov na obrazovke. <\/p><\/div><\/div>\t\t\t\t<\/div>\n\t\t\t\t<\/div>\n\t\t\t\t<div class=\"elementor-element elementor-element-f690345 elementor-widget-divider--view-line_icon elementor-view-default elementor-widget-divider--element-align-center elementor-widget elementor-widget-divider\" data-id=\"f690345\" data-element_type=\"widget\" data-e-type=\"widget\" data-widget_type=\"divider.default\">\n\t\t\t\t<div class=\"elementor-widget-container\">\n\t\t\t\t\t\t\t<div class=\"elementor-divider\">\n\t\t\t<span class=\"elementor-divider-separator\">\n\t\t\t\t\t\t\t<div class=\"elementor-icon elementor-divider__element\">\n\t\t\t\t\t<i aria-hidden=\"true\" class=\"fas fa-chevron-down\"><\/i><\/div>\n\t\t\t\t\t\t<\/span>\n\t\t<\/div>\n\t\t\t\t\t\t<\/div>\n\t\t\t\t<\/div>\n\t\t\t\t<div class=\"elementor-element elementor-element-44e0c40 elementor-position-right elementor-vertical-align-top elementor-widget elementor-widget-image-box\" data-id=\"44e0c40\" data-element_type=\"widget\" data-e-type=\"widget\" data-widget_type=\"image-box.default\">\n\t\t\t\t<div class=\"elementor-widget-container\">\n\t\t\t\t\t<div class=\"elementor-image-box-wrapper\"><figure class=\"elementor-image-box-img\"><img loading=\"lazy\" decoding=\"async\" width=\"768\" height=\"413\" src=\"https:\/\/www.vin-info.com\/wp-content\/uploads\/2024\/07\/vi-user-account-vin-list.svg\" class=\"attachment-medium_large size-medium_large wp-image-2627\" alt=\"\" \/><\/figure><div class=\"elementor-image-box-content\"><h3 class=\"elementor-image-box-title\">Zobrazi\u0165 zak\u00fapen\u00fa spr\u00e1vu<\/h3><p class=\"elementor-image-box-description\">Po vykonan\u00ed platby budete automaticky prihl\u00e1sen\u00ed na webovej str\u00e1nke pomocou predt\u00fdm zadan\u00e9 e-mailovej adresy a budete presmerovan\u00ed na v\u00e1\u0161 \u00fa\u010det. T\u00e1to str\u00e1nka obsahuje z\u00e1kladn\u00e9 inform\u00e1cie o na\u0161om \u00fa\u010dte a zoznam zak\u00fapen\u00fdch spr\u00e1v. Stavy spr\u00e1v na zozname s\u00fa dynamicky aktualizovan\u00e9. Ikony ur\u010duj\u00fa stav platby a f\u00e1zu generovania spr\u00e1vy. Spr\u00e1va bude doru\u010den\u00e1 okam\u017eite po platbe a obdr\u017e\u00edte ozn\u00e1menie na poskytnut\u00fa e-mailov\u00fa adresu. Po vygenerovan\u00ed spr\u00e1vy bude dostupn\u00e1 po dobu 30 dn\u00ed.      <\/p><\/div><\/div>\t\t\t\t<\/div>\n\t\t\t\t<\/div>\n\t\t\t\t\t<\/div>\n\t\t\t\t<\/div>\n\t\t\t\t<\/div>\n\t\t","protected":false},"excerpt":{"rendered":"<p>Kontrola vozidla je ve\u013emi jednoduch\u00e1 a trv\u00e1 maxim\u00e1lne 5 min\u00fat. Mus\u00edte dodr\u017ea\u0165 5 jednoduch\u00fdch krokov na z\u00edskanie spr\u00e1vy. <\/p>\n","protected":false},"author":2,"featured_media":0,"parent":0,"menu_order":0,"comment_status":"closed","ping_status":"closed","template":"","meta":{"inline_featured_image":false,"footnotes":""},"class_list":["post-2622","page","type-page","status-publish","hentry"],"_links":{"self":[{"href":"https:\/\/www.vin-info.com\/sk\/wp-json\/wp\/v2\/pages\/2622","targetHints":{"allow":["GET"]}}],"collection":[{"href":"https:\/\/www.vin-info.com\/sk\/wp-json\/wp\/v2\/pages"}],"about":[{"href":"https:\/\/www.vin-info.com\/sk\/wp-json\/wp\/v2\/types\/page"}],"author":[{"embeddable":true,"href":"https:\/\/www.vin-info.com\/sk\/wp-json\/wp\/v2\/users\/2"}],"replies":[{"embeddable":true,"href":"https:\/\/www.vin-info.com\/sk\/wp-json\/wp\/v2\/comments?post=2622"}],"version-history":[{"count":3,"href":"https:\/\/www.vin-info.com\/sk\/wp-json\/wp\/v2\/pages\/2622\/revisions"}],"predecessor-version":[{"id":3833,"href":"https:\/\/www.vin-info.com\/sk\/wp-json\/wp\/v2\/pages\/2622\/revisions\/3833"}],"wp:attachment":[{"href":"https:\/\/www.vin-info.com\/sk\/wp-json\/wp\/v2\/media?parent=2622"}],"curies":[{"name":"wp","href":"https:\/\/api.w.org\/{rel}","templated":true}]}}