{"id":2522,"date":"2024-08-19T14:05:50","date_gmt":"2024-08-19T12:05:50","guid":{"rendered":"https:\/\/www.vin-info.com\/o-nas\/"},"modified":"2024-08-19T14:05:54","modified_gmt":"2024-08-19T12:05:54","slug":"o-nas","status":"publish","type":"page","link":"https:\/\/www.vin-info.com\/sk\/o-nas\/","title":{"rendered":"O n\u00e1s"},"content":{"rendered":"\t\t<div data-elementor-type=\"wp-page\" data-elementor-id=\"2522\" class=\"elementor elementor-2522 elementor-81\" data-elementor-post-type=\"page\">\n\t\t\t\t<div class=\"elementor-element elementor-element-357b291 e-flex e-con-boxed e-con e-parent\" data-id=\"357b291\" data-element_type=\"container\" data-e-type=\"container\">\n\t\t\t\t\t<div class=\"e-con-inner\">\n\t\t\t\t<div class=\"elementor-element elementor-element-6abb2a8 elementor-widget elementor-widget-heading\" data-id=\"6abb2a8\" data-element_type=\"widget\" data-e-type=\"widget\" data-widget_type=\"heading.default\">\n\t\t\t\t<div class=\"elementor-widget-container\">\n\t\t\t\t\t<h2 class=\"elementor-heading-title elementor-size-default\">N\u00e1\u0161 cie\u013e<\/h2>\t\t\t\t<\/div>\n\t\t\t\t<\/div>\n\t\t\t\t<div class=\"elementor-element elementor-element-c5ebda5 elementor-widget elementor-widget-text-editor\" data-id=\"c5ebda5\" data-element_type=\"widget\" data-e-type=\"widget\" data-widget_type=\"text-editor.default\">\n\t\t\t\t<div class=\"elementor-widget-container\">\n\t\t\t\t\t\t\t\t\t<p>Na\u0161\u00edm cie\u013eom je zv\u00fd\u0161i\u0165 povedomie o glob\u00e1lnom probl\u00e9me kr\u00e1de\u017ee \u00e1ut a jej vplyve na automobilov\u00fd priemysel. \u0160tatistiky odha\u013euj\u00fa ohromuj\u00facu realitu: ka\u017ed\u00fd rok sa na svete ukradne pribli\u017ene 3 mili\u00f3ny \u00e1ut. V porovnan\u00ed s celkovou glob\u00e1lnou v\u00fdrobnou kapacitou \u00e1ut predstavuje tento \u00fadaj takmer 10 % v\u0161etk\u00fdch \u00e1ut vyroben\u00fdch ro\u010dne. Tento znepokojuj\u00faci pomer pod\u010diarkuje z\u00e1va\u017enos\u0165 kr\u00e1de\u017ee \u00e1ut ako naliehav\u00e9ho probl\u00e9mu.   <\/p>\n\t\t\t\t\t\t\t\t<\/div>\n\t\t\t\t<\/div>\n\t\t\t\t<div class=\"elementor-element elementor-element-5fc7e3d elementor-widget elementor-widget-text-editor\" data-id=\"5fc7e3d\" data-element_type=\"widget\" data-e-type=\"widget\" data-widget_type=\"text-editor.default\">\n\t\t\t\t<div class=\"elementor-widget-container\">\n\t\t\t\t\t\t\t\t\t<p>Okrem toho chceme zd\u00f4razni\u0165 probl\u00e9m bezoh\u013eadn\u00fdch predajcov automobilov, ktor\u00ed pred\u00e1vaj\u00fa vozidl\u00e1, ktor\u00e9 ohrozuj\u00fa va\u0161u bezpe\u010dnos\u0165. Tieto vozidl\u00e1 \u010dasto poch\u00e1dzaj\u00fa z v\u00e1\u017enych dopravn\u00fdch neh\u00f4d alebo udalost\u00ed, ako s\u00fa po\u017eiare alebo povodne, a predstavuj\u00fa zna\u010dn\u00e9 riziko pre ni\u010d netu\u0161iacich kupcov. <\/p>\n\t\t\t\t\t\t\t\t<\/div>\n\t\t\t\t<\/div>\n\t\t\t\t<div class=\"elementor-element elementor-element-ffe1dd0 elementor-widget elementor-widget-text-editor\" data-id=\"ffe1dd0\" data-element_type=\"widget\" data-e-type=\"widget\" data-widget_type=\"text-editor.default\">\n\t\t\t\t<div class=\"elementor-widget-container\">\n\t\t\t\t\t\t\t\t\t<p>Na\u0161ou misiou je akt\u00edvne sa postavi\u0165 proti t\u00fdmto neetick\u00fdm praktik\u00e1m a prispie\u0165 k zlep\u0161eniu kvality vozidiel dostupn\u00fdch na sekund\u00e1rnom trhu. Sme odhodlan\u00ed ma\u0165 pozit\u00edvny dopad poskytovan\u00edm spo\u013eahliv\u00fdch spr\u00e1v o hist\u00f3rii vozidiel, ktor\u00e9 zabezpe\u010duj\u00fa bezpe\u010dnej\u0161ie a transparentnej\u0161ie transakcie. <\/p>\n\t\t\t\t\t\t\t\t<\/div>\n\t\t\t\t<\/div>\n\t\t\t\t<div class=\"elementor-element elementor-element-e8f5ee4 elementor-widget elementor-widget-heading\" data-id=\"e8f5ee4\" data-element_type=\"widget\" data-e-type=\"widget\" data-widget_type=\"heading.default\">\n\t\t\t\t<div class=\"elementor-widget-container\">\n\t\t\t\t\t<h2 class=\"elementor-heading-title elementor-size-default\">Na\u0161a ponuka<\/h2>\t\t\t\t<\/div>\n\t\t\t\t<\/div>\n\t\t\t\t<div class=\"elementor-element elementor-element-a44dd7a elementor-widget elementor-widget-text-editor\" data-id=\"a44dd7a\" data-element_type=\"widget\" data-e-type=\"widget\" data-widget_type=\"text-editor.default\">\n\t\t\t\t<div class=\"elementor-widget-container\">\n\t\t\t\t\t\t\t\t\t<p>Ver\u00edme, \u017ee na\u0161e komplexn\u00e9 spr\u00e1vy o hist\u00f3rii vozidiel s\u00fa k\u013e\u00fa\u010dom k tomu, aby ste si zak\u00fapili bezpe\u010dn\u00e9 a spo\u013eahliv\u00e9 vozidlo. Vyu\u017eit\u00edm na\u0161ich spr\u00e1v o hist\u00f3rii VIN m\u00f4\u017eete v\u00fdznamne zlep\u0161i\u0165 kvalitu a bezpe\u010dnos\u0165 vozidiel na trhu, najm\u00e4 v USA. <\/p>\n\t\t\t\t\t\t\t\t<\/div>\n\t\t\t\t<\/div>\n\t\t\t\t<div class=\"elementor-element elementor-element-0a2f599 elementor-widget elementor-widget-text-editor\" data-id=\"0a2f599\" data-element_type=\"widget\" data-e-type=\"widget\" data-widget_type=\"text-editor.default\">\n\t\t\t\t<div class=\"elementor-widget-container\">\n\t\t\t\t\t\t\t\t\t<p>M\u00f4\u017eete zohr\u00e1va\u0165 k\u013e\u00fa\u010dov\u00fa \u00falohu v tomto procese. Jednoducho zak\u00fapen\u00edm spr\u00e1vy o hist\u00f3rii vozidla prispievate k bezpe\u010dnej\u0161iemu automobilov\u00e9mu trhu. <\/p>\n\t\t\t\t\t\t\t\t<\/div>\n\t\t\t\t<\/div>\n\t\t\t\t<div class=\"elementor-element elementor-element-061f748 elementor-widget elementor-widget-text-editor\" data-id=\"061f748\" data-element_type=\"widget\" data-e-type=\"widget\" data-widget_type=\"text-editor.default\">\n\t\t\t\t<div class=\"elementor-widget-container\">\n\t\t\t\t\t\t\t\t\t<p>Na\u0161e spr\u00e1vy o hist\u00f3rii vozidiel obsahuj\u00fa podrobn\u00e9 inform\u00e1cie o:<\/p>\n\t\t\t\t\t\t\t\t<\/div>\n\t\t\t\t<\/div>\n\t\t\t\t<div class=\"elementor-element elementor-element-fa9c7ee elementor-icon-list--layout-traditional elementor-list-item-link-full_width elementor-widget elementor-widget-icon-list\" data-id=\"fa9c7ee\" data-element_type=\"widget\" data-e-type=\"widget\" data-widget_type=\"icon-list.default\">\n\t\t\t\t<div class=\"elementor-widget-container\">\n\t\t\t\t\t\t\t<ul class=\"elementor-icon-list-items\">\n\t\t\t\t\t\t\t<li class=\"elementor-icon-list-item\">\n\t\t\t\t\t\t\t\t\t\t\t<span class=\"elementor-icon-list-icon\">\n\t\t\t\t\t\t\t<i aria-hidden=\"true\" class=\"fas fa-check\"><\/i>\t\t\t\t\t\t<\/span>\n\t\t\t\t\t\t\t\t\t\t<span class=\"elementor-icon-list-text\"><b>Inform\u00e1cie o n\u00e1zve:<\/b> Vr\u00e1tane podrobnost\u00ed o spasen\u00fdch alebo vyraden\u00fdch n\u00e1zvoch.<\/span>\n\t\t\t\t\t\t\t\t\t<\/li>\n\t\t\t\t\t\t\t\t<li class=\"elementor-icon-list-item\">\n\t\t\t\t\t\t\t\t\t\t\t<span class=\"elementor-icon-list-icon\">\n\t\t\t\t\t\t\t<i aria-hidden=\"true\" class=\"fas fa-check\"><\/i>\t\t\t\t\t\t<\/span>\n\t\t\t\t\t\t\t\t\t\t<span class=\"elementor-icon-list-text\"><b>Hist\u00f3ria incidentov povodn\u00ed: <\/b>inform\u00e1cie o ak\u00fdchko\u013evek \u0161kod\u00e1ch sp\u00f4soben\u00fdch povod\u0148ami a zachr\u00e1nen\u00fdch tituloch.<\/span>\n\t\t\t\t\t\t\t\t\t<\/li>\n\t\t\t\t\t\t\t\t<li class=\"elementor-icon-list-item\">\n\t\t\t\t\t\t\t\t\t\t\t<span class=\"elementor-icon-list-icon\">\n\t\t\t\t\t\t\t<i aria-hidden=\"true\" class=\"fas fa-check\"><\/i>\t\t\t\t\t\t<\/span>\n\t\t\t\t\t\t\t\t\t\t<span class=\"elementor-icon-list-text\"><b>Hist\u00f3ria neh\u00f4d so stratou total:<\/b> z\u00e1znamy o ak\u00fdchko\u013evek incidentoch, pri ktor\u00fdch bolo vozidlo vyhl\u00e1sen\u00e9 za \u00fapln\u00fa stratu.<\/span>\n\t\t\t\t\t\t\t\t\t<\/li>\n\t\t\t\t\t\t\t\t<li class=\"elementor-icon-list-item\">\n\t\t\t\t\t\t\t\t\t\t\t<span class=\"elementor-icon-list-icon\">\n\t\t\t\t\t\t\t<i aria-hidden=\"true\" class=\"fas fa-check\"><\/i>\t\t\t\t\t\t<\/span>\n\t\t\t\t\t\t\t\t\t\t<span class=\"elementor-icon-list-text\"><b>Odcitovanie tachometra:<\/b> Overenie presn\u00e9ho po\u010dtu najazden\u00fdch kilometrov.<\/span>\n\t\t\t\t\t\t\t\t\t<\/li>\n\t\t\t\t\t\t\t\t<li class=\"elementor-icon-list-item\">\n\t\t\t\t\t\t\t\t\t\t\t<span class=\"elementor-icon-list-icon\">\n\t\t\t\t\t\t\t<i aria-hidden=\"true\" class=\"fas fa-check\"><\/i>\t\t\t\t\t\t<\/span>\n\t\t\t\t\t\t\t\t\t\t<span class=\"elementor-icon-list-text\"><b>Hist\u00f3ria citr\u00f3nov:<\/b> Inform\u00e1cie o tom, \u010di bolo vozidlo zaraden\u00e9 ako citr\u00f3n.<\/span>\n\t\t\t\t\t\t\t\t\t<\/li>\n\t\t\t\t\t\t\t\t<li class=\"elementor-icon-list-item\">\n\t\t\t\t\t\t\t\t\t\t\t<span class=\"elementor-icon-list-icon\">\n\t\t\t\t\t\t\t<i aria-hidden=\"true\" class=\"fas fa-check\"><\/i>\t\t\t\t\t\t<\/span>\n\t\t\t\t\t\t\t\t\t\t<span class=\"elementor-icon-list-text\"><b>Po\u010det majite\u013eov:<\/b> Hist\u00f3ria predch\u00e1dzaj\u00facich majite\u013eov, vr\u00e1tane t\u00fdch s obnoven\u00fdmi alebo zlikvidovan\u00fdmi titulmi.<\/span>\n\t\t\t\t\t\t\t\t\t<\/li>\n\t\t\t\t\t\t\t\t<li class=\"elementor-icon-list-item\">\n\t\t\t\t\t\t\t\t\t\t\t<span class=\"elementor-icon-list-icon\">\n\t\t\t\t\t\t\t<i aria-hidden=\"true\" class=\"fas fa-check\"><\/i>\t\t\t\t\t\t<\/span>\n\t\t\t\t\t\t\t\t\t\t<span class=\"elementor-icon-list-text\"><b>Ukazovatele neh\u00f4d:<\/b> Ako nasadenie airbagov a in\u00e9 kritick\u00e9 bezpe\u010dnostn\u00e9 incidenty.<\/span>\n\t\t\t\t\t\t\t\t\t<\/li>\n\t\t\t\t\t\t\t\t<li class=\"elementor-icon-list-item\">\n\t\t\t\t\t\t\t\t\t\t\t<span class=\"elementor-icon-list-icon\">\n\t\t\t\t\t\t\t<i aria-hidden=\"true\" class=\"fas fa-check\"><\/i>\t\t\t\t\t\t<\/span>\n\t\t\t\t\t\t\t\t\t\t<span class=\"elementor-icon-list-text\"><b>V\u00fdsledky \u0161t\u00e1tnej kontroly emisi\u00ed: <\/b>Z\u00e1znamy o \u0161t\u00e1tnych testoch emisi\u00ed a v\u00fdsledkoch.<\/span>\n\t\t\t\t\t\t\t\t\t<\/li>\n\t\t\t\t\t\t\t\t<li class=\"elementor-icon-list-item\">\n\t\t\t\t\t\t\t\t\t\t\t<span class=\"elementor-icon-list-icon\">\n\t\t\t\t\t\t\t<i aria-hidden=\"true\" class=\"fas fa-check\"><\/i>\t\t\t\t\t\t<\/span>\n\t\t\t\t\t\t\t\t\t\t<span class=\"elementor-icon-list-text\"><b>Z\u00e1znamy o slu\u017eb\u00e1ch:<\/b> Podrobn\u00e1 hist\u00f3ria slu\u017eieb a \u00fadr\u017eby.<\/span>\n\t\t\t\t\t\t\t\t\t<\/li>\n\t\t\t\t\t\t\t\t<li class=\"elementor-icon-list-item\">\n\t\t\t\t\t\t\t\t\t\t\t<span class=\"elementor-icon-list-icon\">\n\t\t\t\t\t\t\t<i aria-hidden=\"true\" class=\"fas fa-check\"><\/i>\t\t\t\t\t\t<\/span>\n\t\t\t\t\t\t\t\t\t\t<span class=\"elementor-icon-list-text\"><b>Pou\u017eitie vozidla:<\/b> Inform\u00e1cie o minulom pou\u017eit\u00ed vozidla, ako s\u00fa taxi, pren\u00e1jom alebo l\u00edzing.<\/span>\n\t\t\t\t\t\t\t\t\t<\/li>\n\t\t\t\t\t\t<\/ul>\n\t\t\t\t\t\t<\/div>\n\t\t\t\t<\/div>\n\t\t\t\t<div class=\"elementor-element elementor-element-9c1bdd1 elementor-widget elementor-widget-heading\" data-id=\"9c1bdd1\" data-element_type=\"widget\" data-e-type=\"widget\" data-widget_type=\"heading.default\">\n\t\t\t\t<div class=\"elementor-widget-container\">\n\t\t\t\t\t<h2 class=\"elementor-heading-title elementor-size-default\">Analyzovanie probl\u00e9mu<\/h2>\t\t\t\t<\/div>\n\t\t\t\t<\/div>\n\t\t\t\t<div class=\"elementor-element elementor-element-ea7cc37 elementor-widget elementor-widget-text-editor\" data-id=\"ea7cc37\" data-element_type=\"widget\" data-e-type=\"widget\" data-widget_type=\"text-editor.default\">\n\t\t\t\t<div class=\"elementor-widget-container\">\n\t\t\t\t\t\t\t\t\t<p>Aby sme lep\u0161ie pochopili dynamiku kr\u00e1de\u017ee automobilov, aplikujeme ekonomick\u00e9 princ\u00edpy, najm\u00e4 &#8222;rovnov\u00e1hu ponuky a dopytu.&#8220; Sk\u00faman\u00edm ukradnut\u00fdch \u00e1ut ako komodity v r\u00e1mci trhov\u00e9ho obratu sa sna\u017e\u00edme identifikova\u0165 faktory, ktor\u00e9 tento jav poh\u00e1\u0148aj\u00fa. T\u00e1to anal\u00fdza n\u00e1m pom\u00e1ha navrhova\u0165 efekt\u00edvnej\u0161ie strat\u00e9gie na boj proti kr\u00e1de\u017ei \u00e1ut a zlep\u0161ovanie celkovej bezpe\u010dnosti a kvality vozidiel.  <\/p>\n\t\t\t\t\t\t\t\t<\/div>\n\t\t\t\t<\/div>\n\t\t\t\t<div class=\"elementor-element elementor-element-f4b67f3 elementor-widget elementor-widget-text-editor\" data-id=\"f4b67f3\" data-element_type=\"widget\" data-e-type=\"widget\" data-widget_type=\"text-editor.default\">\n\t\t\t\t<div class=\"elementor-widget-container\">\n\t\t\t\t\t\t\t\t\t<p>Spolo\u010dne m\u00f4\u017eeme urobi\u0165 rozdiel. Pridajte sa k na\u0161ej snahe vytvori\u0165 bezpe\u010dnej\u0161\u00ed a transparentnej\u0161\u00ed automobilov\u00fd trh pou\u017eit\u00edm na\u0161ich spo\u013eahliv\u00fdch spr\u00e1v o hist\u00f3rii vozidla. <\/p>\n\t\t\t\t\t\t\t\t<\/div>\n\t\t\t\t<\/div>\n\t\t\t\t\t<\/div>\n\t\t\t\t<\/div>\n\t\t\t\t<\/div>\n\t\t","protected":false},"excerpt":{"rendered":"<p>N\u00e1\u0161 cie\u013e Na\u0161\u00edm cie\u013eom je zv\u00fd\u0161i\u0165 povedomie o glob\u00e1lnom probl\u00e9me kr\u00e1de\u017ee \u00e1ut a jej vplyve na automobilov\u00fd priemysel. \u0160tatistiky odha\u013euj\u00fa ohromuj\u00facu realitu: ka\u017ed\u00fd rok sa na svete ukradne pribli\u017ene 3 mili\u00f3ny \u00e1ut. V porovnan\u00ed s celkovou glob\u00e1lnou v\u00fdrobnou kapacitou \u00e1ut predstavuje tento \u00fadaj takmer 10 % v\u0161etk\u00fdch \u00e1ut vyroben\u00fdch ro\u010dne. Tento znepokojuj\u00faci pomer pod\u010diarkuje z\u00e1va\u017enos\u0165 [&hellip;]<\/p>\n","protected":false},"author":2,"featured_media":0,"parent":0,"menu_order":0,"comment_status":"closed","ping_status":"closed","template":"","meta":{"inline_featured_image":false,"footnotes":""},"class_list":["post-2522","page","type-page","status-publish","hentry"],"_links":{"self":[{"href":"https:\/\/www.vin-info.com\/sk\/wp-json\/wp\/v2\/pages\/2522","targetHints":{"allow":["GET"]}}],"collection":[{"href":"https:\/\/www.vin-info.com\/sk\/wp-json\/wp\/v2\/pages"}],"about":[{"href":"https:\/\/www.vin-info.com\/sk\/wp-json\/wp\/v2\/types\/page"}],"author":[{"embeddable":true,"href":"https:\/\/www.vin-info.com\/sk\/wp-json\/wp\/v2\/users\/2"}],"replies":[{"embeddable":true,"href":"https:\/\/www.vin-info.com\/sk\/wp-json\/wp\/v2\/comments?post=2522"}],"version-history":[{"count":2,"href":"https:\/\/www.vin-info.com\/sk\/wp-json\/wp\/v2\/pages\/2522\/revisions"}],"predecessor-version":[{"id":2525,"href":"https:\/\/www.vin-info.com\/sk\/wp-json\/wp\/v2\/pages\/2522\/revisions\/2525"}],"wp:attachment":[{"href":"https:\/\/www.vin-info.com\/sk\/wp-json\/wp\/v2\/media?parent=2522"}],"curies":[{"name":"wp","href":"https:\/\/api.w.org\/{rel}","templated":true}]}}