{"id":1710,"date":"2024-08-09T16:03:37","date_gmt":"2024-08-09T14:03:37","guid":{"rendered":"https:\/\/www.vin-info.com\/rapoarte-de-istoric-al-vehiculului\/"},"modified":"2024-08-09T16:03:38","modified_gmt":"2024-08-09T14:03:38","slug":"rapoarte-de-istoric-al-vehiculului","status":"publish","type":"page","link":"https:\/\/www.vin-info.com\/ro\/rapoarte-de-istoric-al-vehiculului\/","title":{"rendered":"Rapoarte de Istoric al Vehiculului"},"content":{"rendered":"\t\t<div data-elementor-type=\"wp-page\" data-elementor-id=\"1710\" class=\"elementor elementor-1710 elementor-733\" data-elementor-post-type=\"page\">\n\t\t\t\t<div class=\"elementor-element elementor-element-583a7bf e-flex e-con-boxed e-con e-parent\" data-id=\"583a7bf\" data-element_type=\"container\" data-e-type=\"container\">\n\t\t\t\t\t<div class=\"e-con-inner\">\n\t\t\t\t<div class=\"elementor-element elementor-element-880840d elementor-widget elementor-widget-heading\" data-id=\"880840d\" data-element_type=\"widget\" data-e-type=\"widget\" data-widget_type=\"heading.default\">\n\t\t\t\t<div class=\"elementor-widget-container\">\n\t\t\t\t\t<h2 class=\"elementor-heading-title elementor-size-default\">De ce s\u0103 alegi un raport de istoric al vehiculului de la VIN-Info?<\/h2>\t\t\t\t<\/div>\n\t\t\t\t<\/div>\n\t\t\t\t<div class=\"elementor-element elementor-element-d6f94ad elementor-widget elementor-widget-text-editor\" data-id=\"d6f94ad\" data-element_type=\"widget\" data-e-type=\"widget\" data-widget_type=\"text-editor.default\">\n\t\t\t\t<div class=\"elementor-widget-container\">\n\t\t\t\t\t\t\t\t\t<p>Raportul de Istoric al Vehiculului de la VIN-INFO ofer\u0103 o prezentare detaliat\u0103 a trecutului unui vehicul, compilat\u0103 dintr-o gam\u0103 vast\u0103 de surse de \u00eencredere. Acest raport este cea mai bun\u0103 ap\u0103rare a ta pe pia\u021ba de ma\u0219ini second hand, oferind transparen\u021b\u0103 \u0219i ajut\u00e2ndu-te s\u0103 iei o decizie informat\u0103 de cump\u0103rare. Datele sunt adunate din diverse entit\u0103\u021bi independente, inclusiv:  <\/p>\n\t\t\t\t\t\t\t\t<\/div>\n\t\t\t\t<\/div>\n\t\t\t\t<div class=\"elementor-element elementor-element-79ed062 elementor-icon-list--layout-traditional elementor-list-item-link-full_width elementor-widget elementor-widget-icon-list\" data-id=\"79ed062\" data-element_type=\"widget\" data-e-type=\"widget\" data-widget_type=\"icon-list.default\">\n\t\t\t\t<div class=\"elementor-widget-container\">\n\t\t\t\t\t\t\t<ul class=\"elementor-icon-list-items\">\n\t\t\t\t\t\t\t<li class=\"elementor-icon-list-item\">\n\t\t\t\t\t\t\t\t\t\t\t<span class=\"elementor-icon-list-icon\">\n\t\t\t\t\t\t\t<i aria-hidden=\"true\" class=\"fas fa-chevron-right\"><\/i>\t\t\t\t\t\t<\/span>\n\t\t\t\t\t\t\t\t\t\t<span class=\"elementor-icon-list-text\">Agen\u021bii guvernamentale<\/span>\n\t\t\t\t\t\t\t\t\t<\/li>\n\t\t\t\t\t\t\t\t<li class=\"elementor-icon-list-item\">\n\t\t\t\t\t\t\t\t\t\t\t<span class=\"elementor-icon-list-icon\">\n\t\t\t\t\t\t\t<i aria-hidden=\"true\" class=\"fas fa-chevron-right\"><\/i>\t\t\t\t\t\t<\/span>\n\t\t\t\t\t\t\t\t\t\t<span class=\"elementor-icon-list-text\">Organiza\u021bii non-profit<\/span>\n\t\t\t\t\t\t\t\t\t<\/li>\n\t\t\t\t\t\t\t\t<li class=\"elementor-icon-list-item\">\n\t\t\t\t\t\t\t\t\t\t\t<span class=\"elementor-icon-list-icon\">\n\t\t\t\t\t\t\t<i aria-hidden=\"true\" class=\"fas fa-chevron-right\"><\/i>\t\t\t\t\t\t<\/span>\n\t\t\t\t\t\t\t\t\t\t<span class=\"elementor-icon-list-text\">Parteneri din industrie<\/span>\n\t\t\t\t\t\t\t\t\t<\/li>\n\t\t\t\t\t\t<\/ul>\n\t\t\t\t\t\t<\/div>\n\t\t\t\t<\/div>\n\t\t\t\t<div class=\"elementor-element elementor-element-8f54136 elementor-widget elementor-widget-heading\" data-id=\"8f54136\" data-element_type=\"widget\" data-e-type=\"widget\" data-widget_type=\"heading.default\">\n\t\t\t\t<div class=\"elementor-widget-container\">\n\t\t\t\t\t<h2 class=\"elementor-heading-title elementor-size-default\">Ce include raportul de istoric al vehiculului?<\/h2>\t\t\t\t<\/div>\n\t\t\t\t<\/div>\n\t\t\t\t<div class=\"elementor-element elementor-element-72e53ca elementor-widget elementor-widget-text-editor\" data-id=\"72e53ca\" data-element_type=\"widget\" data-e-type=\"widget\" data-widget_type=\"text-editor.default\">\n\t\t\t\t<div class=\"elementor-widget-container\">\n\t\t\t\t\t\t\t\t\t<p>\u00cenainte de a comanda, utilizatorii sunt informa\u021bi despre sec\u021biunile disponibile \u00een raport. Iat\u0103 ce pute\u021bi a\u0219tepta: <\/p>\n\t\t\t\t\t\t\t\t<\/div>\n\t\t\t\t<\/div>\n\t\t\t\t<div class=\"elementor-element elementor-element-e70135d elementor-widget elementor-widget-heading\" data-id=\"e70135d\" data-element_type=\"widget\" data-e-type=\"widget\" data-widget_type=\"heading.default\">\n\t\t\t\t<div class=\"elementor-widget-container\">\n\t\t\t\t\t<h3 class=\"elementor-heading-title elementor-size-default\">Specifica\u021bii ale vehiculului<\/h3>\t\t\t\t<\/div>\n\t\t\t\t<\/div>\n\t\t\t\t<div class=\"elementor-element elementor-element-d9281df elementor-widget elementor-widget-text-editor\" data-id=\"d9281df\" data-element_type=\"widget\" data-e-type=\"widget\" data-widget_type=\"text-editor.default\">\n\t\t\t\t<div class=\"elementor-widget-container\">\n\t\t\t\t\t\t\t\t\t<p>Aceast\u0103 sec\u021biune ofer\u0103 un set cuprinz\u0103tor de date tehnice derivate din VIN. Ve\u021bi g\u0103si detalii despre marca, modelul, tipul motorului, dimensiunile \u0219i consumul de combustibil al vehiculului. Aceste informa\u021bii sunt cruciale pentru verificarea autenticit\u0103\u021bii caracteristicilor revendicate ale vehiculului.  <\/p>\n\t\t\t\t\t\t\t\t<\/div>\n\t\t\t\t<\/div>\n\t\t\t\t<div class=\"elementor-element elementor-element-8ce8d1a elementor-widget elementor-widget-heading\" data-id=\"8ce8d1a\" data-element_type=\"widget\" data-e-type=\"widget\" data-widget_type=\"heading.default\">\n\t\t\t\t<div class=\"elementor-widget-container\">\n\t\t\t\t\t<h3 class=\"elementor-heading-title elementor-size-default\">Op\u021biuni de echipament<\/h3>\t\t\t\t<\/div>\n\t\t\t\t<\/div>\n\t\t\t\t<div class=\"elementor-element elementor-element-09d2fb5 elementor-widget elementor-widget-text-editor\" data-id=\"09d2fb5\" data-element_type=\"widget\" data-e-type=\"widget\" data-widget_type=\"text-editor.default\">\n\t\t\t\t<div class=\"elementor-widget-container\">\n\t\t\t\t\t\t\t\t\t<p>Aceast\u0103 parte a raportului compar\u0103 echipamentele instalate \u00een fabric\u0103 cu starea actual\u0103 a vehiculului. Include detalii despre diverse caracteristici precum culoarea vopselei, aerul condi\u021bionat, materialul scaunelor \u0219i sisteme avansate precum controlul de croazier\u0103 \u0219i naviga\u021bia. Caracteristicile lips\u0103 sau modificate ar putea indica accidente anterioare sau modific\u0103ri, ceea ce poate afecta valoarea \u0219i siguran\u021ba vehiculului.  <\/p>\n\t\t\t\t\t\t\t\t<\/div>\n\t\t\t\t<\/div>\n\t\t\t\t<div class=\"elementor-element elementor-element-75b8983 elementor-widget elementor-widget-heading\" data-id=\"75b8983\" data-element_type=\"widget\" data-e-type=\"widget\" data-widget_type=\"heading.default\">\n\t\t\t\t<div class=\"elementor-widget-container\">\n\t\t\t\t\t<h3 class=\"elementor-heading-title elementor-size-default\">Istoricul evenimentelor<\/h3>\t\t\t\t<\/div>\n\t\t\t\t<\/div>\n\t\t\t\t<div class=\"elementor-element elementor-element-ef2cd26 elementor-widget elementor-widget-text-editor\" data-id=\"ef2cd26\" data-element_type=\"widget\" data-e-type=\"widget\" data-widget_type=\"text-editor.default\">\n\t\t\t\t<div class=\"elementor-widget-container\">\n\t\t\t\t\t\t\t\t\t<p>O list\u0103 cronologic\u0103 a incidentelor vehiculare este furnizat\u0103, detaliind data, loca\u021bia \u0219i costurile estimate pentru orice daune. Aceast\u0103 sec\u021biune este esen\u021bial\u0103 pentru \u00een\u021belegerea istoriei accidentelor vehiculului \u0219i a oric\u0103ror repara\u021bii semnificative care pot fi fost efectuate. <\/p>\n\t\t\t\t\t\t\t\t<\/div>\n\t\t\t\t<\/div>\n\t\t\t\t<div class=\"elementor-element elementor-element-3350345 elementor-widget elementor-widget-heading\" data-id=\"3350345\" data-element_type=\"widget\" data-e-type=\"widget\" data-widget_type=\"heading.default\">\n\t\t\t\t<div class=\"elementor-widget-container\">\n\t\t\t\t\t<h3 class=\"elementor-heading-title elementor-size-default\">Citiri de kilometraj<\/h3>\t\t\t\t<\/div>\n\t\t\t\t<\/div>\n\t\t\t\t<div class=\"elementor-element elementor-element-d64ba63 elementor-widget elementor-widget-text-editor\" data-id=\"d64ba63\" data-element_type=\"widget\" data-e-type=\"widget\" data-widget_type=\"text-editor.default\">\n\t\t\t\t<div class=\"elementor-widget-container\">\n\t\t\t\t\t\t\t\t\t<p>Citirile de kilometraj din diferite etape ale vie\u021bii vehiculului sunt \u00eenregistrate aici. Acestea includ date din inspec\u021bii, \u00eenregistr\u0103ri, companii de asigur\u0103ri \u0219i sta\u021bii de service. Verificarea kilometrajului este esen\u021bial\u0103 pentru a se asigura c\u0103 odometrul nu a fost manipulat.  <\/p>\n\t\t\t\t\t\t\t\t<\/div>\n\t\t\t\t<\/div>\n\t\t\t\t<div class=\"elementor-element elementor-element-94c0f96 elementor-widget elementor-widget-heading\" data-id=\"94c0f96\" data-element_type=\"widget\" data-e-type=\"widget\" data-widget_type=\"heading.default\">\n\t\t\t\t<div class=\"elementor-widget-container\">\n\t\t\t\t\t<h3 class=\"elementor-heading-title elementor-size-default\">Istoria Internetului<\/h3>\t\t\t\t<\/div>\n\t\t\t\t<\/div>\n\t\t\t\t<div class=\"elementor-element elementor-element-e9d4504 elementor-widget elementor-widget-text-editor\" data-id=\"e9d4504\" data-element_type=\"widget\" data-e-type=\"widget\" data-widget_type=\"text-editor.default\">\n\t\t\t\t<div class=\"elementor-widget-container\">\n\t\t\t\t\t\t\t\t\t<p>Aceast\u0103 sec\u021biune include anun\u021buri online anterioare de la licita\u021bii auto, echipamente de detaliere, kilometraj, specifica\u021bii, pre\u021buri \u0219i fotografii. Aceste date istorice pot dezv\u0103lui discrepan\u021be sau daune anterioare pe care un v\u00e2nz\u0103tor s-ar putea s\u0103 nu le dezv\u0103luie. <\/p>\n\t\t\t\t\t\t\t\t<\/div>\n\t\t\t\t<\/div>\n\t\t\t\t<div class=\"elementor-element elementor-element-102184d elementor-widget elementor-widget-heading\" data-id=\"102184d\" data-element_type=\"widget\" data-e-type=\"widget\" data-widget_type=\"heading.default\">\n\t\t\t\t<div class=\"elementor-widget-container\">\n\t\t\t\t\t<h3 class=\"elementor-heading-title elementor-size-default\">Baze de date pentru vehicule furate<\/h3>\t\t\t\t<\/div>\n\t\t\t\t<\/div>\n\t\t\t\t<div class=\"elementor-element elementor-element-06df8ba elementor-widget elementor-widget-text-editor\" data-id=\"06df8ba\" data-element_type=\"widget\" data-e-type=\"widget\" data-widget_type=\"text-editor.default\">\n\t\t\t\t<div class=\"elementor-widget-container\">\n\t\t\t\t\t\t\t\t\t<p>Raportul verific\u0103 vehiculul \u00een baza de date a vehiculelor furate din Europa \u0219i America de Nord, asigur\u00e2ndu-se c\u0103 ma\u0219ina care te intereseaz\u0103 nu este listat\u0103 ca furat\u0103. Acest lucru este esen\u021bial pentru a evita complica\u021biile legale. <\/p>\n\t\t\t\t\t\t\t\t<\/div>\n\t\t\t\t<\/div>\n\t\t\t\t<div class=\"elementor-element elementor-element-84f20c8 elementor-widget elementor-widget-heading\" data-id=\"84f20c8\" data-element_type=\"widget\" data-e-type=\"widget\" data-widget_type=\"heading.default\">\n\t\t\t\t<div class=\"elementor-widget-container\">\n\t\t\t\t\t<h3 class=\"elementor-heading-title elementor-size-default\">Retragerea din fabric\u0103<\/h3>\t\t\t\t<\/div>\n\t\t\t\t<\/div>\n\t\t\t\t<div class=\"elementor-element elementor-element-efdf38f elementor-widget elementor-widget-text-editor\" data-id=\"efdf38f\" data-element_type=\"widget\" data-e-type=\"widget\" data-widget_type=\"text-editor.default\">\n\t\t\t\t<div class=\"elementor-widget-container\">\n\t\t\t\t\t\t\t\t\t<p>Retururile de fabrci sunt de asemenea incluse, enumer\u00e2nd orice avertiz\u0103ri \u0219i apeluri de servicii emise de c\u0103tre produc\u0103tor pentru vehiculul specific. Aceast\u0103 sec\u021biune asigur\u0103 c\u0103 e\u0219ti con\u0219tient de orice defecte semnificative care pot fi solu\u021bionate sau necesit\u0103 aten\u021bie. <\/p>\n\t\t\t\t\t\t\t\t<\/div>\n\t\t\t\t<\/div>\n\t\t\t\t<div class=\"elementor-element elementor-element-1e29fea elementor-alert-warning elementor-widget elementor-widget-alert\" data-id=\"1e29fea\" data-element_type=\"widget\" data-e-type=\"widget\" data-widget_type=\"alert.default\">\n\t\t\t\t<div class=\"elementor-widget-container\">\n\t\t\t\t\t\t\t<div class=\"elementor-alert\" role=\"alert\">\n\n\t\t\t\t\t\t<span class=\"elementor-alert-title\">NOT\u0102<\/span>\n\t\t\t\n\t\t\t\t\t\t<span class=\"elementor-alert-description\"><p>V\u0103 rug\u0103m s\u0103 re\u021bine\u021bi c\u0103, de\u0219i rapoartele noastre ofer\u0103 o analiz\u0103 cuprinz\u0103toare, ele depind de disponibilitatea \u0219i completitudinea datelor din diverse surse. Ca urmare, nu toate sec\u021biunile pot fi disponibile sau pot con\u021bine date \u00een fiecare raport. <\/p>\n<\/span>\n\t\t\t\n\t\t\t\n\t\t<\/div>\n\t\t\t\t\t\t<\/div>\n\t\t\t\t<\/div>\n\t\t\t\t\t<\/div>\n\t\t\t\t<\/div>\n\t\t<div class=\"elementor-element elementor-element-b4663d0 e-flex e-con-boxed e-con e-parent\" data-id=\"b4663d0\" data-element_type=\"container\" data-e-type=\"container\">\n\t\t\t\t\t<div class=\"e-con-inner\">\n\t\t\t\t<div class=\"elementor-element elementor-element-1ee7519 elementor-widget elementor-widget-template\" data-id=\"1ee7519\" data-element_type=\"widget\" data-e-type=\"widget\" data-widget_type=\"template.default\">\n\t\t\t\t<div class=\"elementor-widget-container\">\n\t\t\t\t\t\t\t<div class=\"elementor-template\">\n\t\t\t\t\t<div data-elementor-type=\"section\" data-elementor-id=\"1473\" class=\"elementor elementor-1473 elementor-757 elementor-757\" data-elementor-post-type=\"elementor_library\">\n\t\t\t<div class=\"elementor-element elementor-element-c6f68bb e-flex e-con-boxed e-con e-parent\" data-id=\"c6f68bb\" data-element_type=\"container\" data-e-type=\"container\">\n\t\t\t\t\t<div class=\"e-con-inner\">\n\t\t\t\t<div class=\"elementor-element elementor-element-7fe4c49 elementor-cta--skin-classic elementor-animated-content elementor-bg-transform elementor-bg-transform-zoom-in elementor-widget elementor-widget-call-to-action\" data-id=\"7fe4c49\" data-element_type=\"widget\" data-e-type=\"widget\" data-widget_type=\"call-to-action.default\">\n\t\t\t\t<div class=\"elementor-widget-container\">\n\t\t\t\t\t\t\t<div class=\"elementor-cta\">\n\t\t\t\t\t<div class=\"elementor-cta__bg-wrapper\">\n\t\t\t\t<div class=\"elementor-cta__bg elementor-bg\" style=\"background-image: url(https:\/\/www.vin-info.com\/wp-content\/uploads\/2024\/06\/cta-vin-info-min-1024x393.jpg);\" role=\"img\" aria-label=\"cta-vin-info-min\"><\/div>\n\t\t\t\t<div class=\"elementor-cta__bg-overlay\"><\/div>\n\t\t\t<\/div>\n\t\t\t\t\t\t\t<div class=\"elementor-cta__content\">\n\t\t\t\t\n\t\t\t\t\t\t\t\t\t<h2 class=\"elementor-cta__title elementor-cta__content-item elementor-content-item\">\n\t\t\t\t\t\tDescoperi\u021bi \u00eentreaga istorie a vehiculului dumneavoastr\u0103!\t\t\t\t\t<\/h2>\n\t\t\t\t\n\t\t\t\t\t\t\t\t\t<div class=\"elementor-cta__description elementor-cta__content-item elementor-content-item\">\n\t\t\t\t\t\t<p>Introduce\u021bi VIN-ul dvs. pentru a debloca un raport detaliat despre istoricul vehiculului. Ob\u021bine\u021bi informa\u021bii despre \u00eenregistr\u0103rile accidentelor, kilometraj, utilizare \u0219i alte informa\u021bii esen\u021biale. Asigura\u021bi-v\u0103 c\u0103 lua\u021bi o decizie bine fundamentat\u0103. Verifica\u021bi VIN-ul dvs. \u0219i desc\u0103rca\u021bi raportul ast\u0103zi!   <\/p>\n\t\t\t\t\t<\/div>\n\t\t\t\t\n\t\t\t\t\t\t\t\t\t<div class=\"elementor-cta__button-wrapper elementor-cta__content-item elementor-content-item \">\n\t\t\t\t\t<a class=\"elementor-cta__button elementor-button elementor-size-\" href=\"#elementor-action%3Aaction%3Dpopup%3Aopen%26settings%3DeyJpZCI6MTkxMiwidG9nZ2xlIjpmYWxzZX0%3D\">\n\t\t\t\t\t\tVerifica\u021bi VIN-ul acum\t\t\t\t\t<\/a>\n\t\t\t\t\t<\/div>\n\t\t\t\t\t\t\t<\/div>\n\t\t\t\t\t\t<\/div>\n\t\t\t\t\t\t<\/div>\n\t\t\t\t<\/div>\n\t\t\t\t\t<\/div>\n\t\t\t\t<\/div>\n\t\t\t\t<\/div>\n\t\t\t\t<\/div>\n\t\t\t\t\t\t<\/div>\n\t\t\t\t<\/div>\n\t\t\t\t\t<\/div>\n\t\t\t\t<\/div>\n\t\t<div class=\"elementor-element elementor-element-ec00df9 e-flex e-con-boxed e-con e-parent\" data-id=\"ec00df9\" data-element_type=\"container\" data-e-type=\"container\">\n\t\t\t\t\t<div class=\"e-con-inner\">\n\t\t\t\t<div class=\"elementor-element elementor-element-1b919d4 elementor-widget elementor-widget-heading\" data-id=\"1b919d4\" data-element_type=\"widget\" data-e-type=\"widget\" data-widget_type=\"heading.default\">\n\t\t\t\t<div class=\"elementor-widget-container\">\n\t\t\t\t\t<h2 class=\"elementor-heading-title elementor-size-default\">Rapoarte interna\u021bionale specializate pentru vehicule<\/h2>\t\t\t\t<\/div>\n\t\t\t\t<\/div>\n\t\t\t\t<div class=\"elementor-element elementor-element-393217c elementor-widget elementor-widget-text-editor\" data-id=\"393217c\" data-element_type=\"widget\" data-e-type=\"widget\" data-widget_type=\"text-editor.default\">\n\t\t\t\t<div class=\"elementor-widget-container\">\n\t\t\t\t\t\t\t\t\t<p>\u00cen plus fa\u021b\u0103 de raportul standard despre istoria vehiculului, VIN-INFO ofer\u0103 rapoarte specializate pentru vehicule \u00eenregistrate \u00een anumite \u021b\u0103ri, cum ar fi Belgia, Olanda \u0219i SUA.<\/p>\n\t\t\t\t\t\t\t\t<\/div>\n\t\t\t\t<\/div>\n\t\t\t\t<div class=\"elementor-element elementor-element-d24b578 elementor-widget elementor-widget-heading\" data-id=\"d24b578\" data-element_type=\"widget\" data-e-type=\"widget\" data-widget_type=\"heading.default\">\n\t\t\t\t<div class=\"elementor-widget-container\">\n\t\t\t\t\t<h3 class=\"elementor-heading-title elementor-size-default\">Raportul privind vehiculele din Olanda<\/h3>\t\t\t\t<\/div>\n\t\t\t\t<\/div>\n\t\t\t\t<div class=\"elementor-element elementor-element-a525c36 elementor-widget elementor-widget-text-editor\" data-id=\"a525c36\" data-element_type=\"widget\" data-e-type=\"widget\" data-widget_type=\"text-editor.default\">\n\t\t\t\t<div class=\"elementor-widget-container\">\n\t\t\t\t\t\t\t\t\t<p>Raportul VWE ofer\u0103 informa\u021bii verificate din surse olandeze de \u00eencredere, ajut\u00e2ndu-v\u0103 s\u0103 evalua\u021bi afirma\u021biile v\u00e2nz\u0103torului \u0219i datele tehnice ale vehiculului. Acest raport include sec\u021biuni despre Starea Vehiculului, Informa\u021bii de Baz\u0103, Istoricul Propriet\u0103\u021bii \u0219i Date Tehnice, \u00eempreun\u0103 cu o verificare gratuit\u0103 a mileajului NAP. <\/p>\n\t\t\t\t\t\t\t\t<\/div>\n\t\t\t\t<\/div>\n\t\t\t\t<div class=\"elementor-element elementor-element-06a3fad elementor-widget elementor-widget-heading\" data-id=\"06a3fad\" data-element_type=\"widget\" data-e-type=\"widget\" data-widget_type=\"heading.default\">\n\t\t\t\t<div class=\"elementor-widget-container\">\n\t\t\t\t\t<h3 class=\"elementor-heading-title elementor-size-default\">Raport de vehicul din SUA<\/h3>\t\t\t\t<\/div>\n\t\t\t\t<\/div>\n\t\t\t\t<div class=\"elementor-element elementor-element-d193516 elementor-widget elementor-widget-text-editor\" data-id=\"d193516\" data-element_type=\"widget\" data-e-type=\"widget\" data-widget_type=\"text-editor.default\">\n\t\t\t\t<div class=\"elementor-widget-container\">\n\t\t\t\t\t\t\t\t\t<p>Raportul privind vehiculele din SUA se bazeaz\u0103 pe date din Sistemul Na\u021bional de Informa\u021bii despre Titlul Vehiculelor Motorizate (NMVTIS), acoperind cele mai multe vehicule \u00eenregistrate \u00een Statele Unite. Include specifica\u021bii detaliate ale vehiculelor, istoric de proprietate, actualiz\u0103ri de statut (cum ar fi daunele din accident sau salvare) \u0219i \u00eenregistr\u0103ri ale titlurilor, inclusiv citiri ale odometrului. <\/p>\n\t\t\t\t\t\t\t\t<\/div>\n\t\t\t\t<\/div>\n\t\t\t\t<div class=\"elementor-element elementor-element-865aab2 elementor-widget elementor-widget-heading\" data-id=\"865aab2\" data-element_type=\"widget\" data-e-type=\"widget\" data-widget_type=\"heading.default\">\n\t\t\t\t<div class=\"elementor-widget-container\">\n\t\t\t\t\t<h3 class=\"elementor-heading-title elementor-size-default\">Evaluarea vehiculului<\/h3>\t\t\t\t<\/div>\n\t\t\t\t<\/div>\n\t\t\t\t<div class=\"elementor-element elementor-element-bbd8761 elementor-widget elementor-widget-text-editor\" data-id=\"bbd8761\" data-element_type=\"widget\" data-e-type=\"widget\" data-widget_type=\"text-editor.default\">\n\t\t\t\t<div class=\"elementor-widget-container\">\n\t\t\t\t\t\t\t\t\t<p>Determinarea valorii de pia\u021b\u0103 a unui vehicul este esen\u021bial\u0103 pentru a evalua dac\u0103 pre\u021bul v\u00e2nz\u0103torului este corect. Serviciul de evaluare a vehiculelor utilizeaz\u0103 algoritmi avansa\u021bi pentru a analiza datele de pia\u021b\u0103 \u0219i pentru a oferi o estimare precis\u0103 a valorii vehiculului. <\/p>\n\t\t\t\t\t\t\t\t<\/div>\n\t\t\t\t<\/div>\n\t\t\t\t<div class=\"elementor-element elementor-element-bbc2eb5 elementor-widget elementor-widget-text-editor\" data-id=\"bbc2eb5\" data-element_type=\"widget\" data-e-type=\"widget\" data-widget_type=\"text-editor.default\">\n\t\t\t\t<div class=\"elementor-widget-container\">\n\t\t\t\t\t\t\t\t\t<p>Folosind aceste rapoarte cuprinz\u0103toare, po\u021bi naviga pe pia\u021ba automobilelor second-hand cu \u00eencredere, lu\u00e2nd decizii informate care \u00ee\u021bi protejeaz\u0103 investi\u021bia \u0219i siguran\u021ba.<\/p>\n\t\t\t\t\t\t\t\t<\/div>\n\t\t\t\t<\/div>\n\t\t\t\t\t<\/div>\n\t\t\t\t<\/div>\n\t\t\t\t<\/div>\n\t\t","protected":false},"excerpt":{"rendered":"<p>Un raport de istoric al vehiculului este un instrument esen\u021bial pentru \u0219oferii care doresc s\u0103 se protejeze de v\u00e2nz\u0103tori necinstit, fie c\u0103 sunt dealeri sau persoane fizice. Din p\u0103cate, unii v\u00e2nz\u0103tori se angajeaz\u0103 \u00een practici \u00een\u0219el\u0103toare pentru a supraevalua artificial valoarea unui vehicul. Aceste tactici pot include defalcarea odometrelor, ascunderea de daune grave, v\u00e2nzarea de vehicule care au fost implicate \u00een accidente ca \u0219i cum ar fi fost \u00een stare perfect\u0103, sau chiar \u00eencercarea de a vinde vehicule furate. Astfel de practici pot duce la pierderi financiare semnificative \u0219i, \u00een unele cazuri, la consecin\u021be legale, inclusiv acuza\u021bii penale, dac\u0103 un vehicul furat este achizi\u021bionat f\u0103r\u0103 inten\u021bie.   <\/p>\n","protected":false},"author":2,"featured_media":0,"parent":0,"menu_order":0,"comment_status":"closed","ping_status":"closed","template":"","meta":{"inline_featured_image":false,"footnotes":""},"class_list":["post-1710","page","type-page","status-publish","hentry"],"_links":{"self":[{"href":"https:\/\/www.vin-info.com\/ro\/wp-json\/wp\/v2\/pages\/1710","targetHints":{"allow":["GET"]}}],"collection":[{"href":"https:\/\/www.vin-info.com\/ro\/wp-json\/wp\/v2\/pages"}],"about":[{"href":"https:\/\/www.vin-info.com\/ro\/wp-json\/wp\/v2\/types\/page"}],"author":[{"embeddable":true,"href":"https:\/\/www.vin-info.com\/ro\/wp-json\/wp\/v2\/users\/2"}],"replies":[{"embeddable":true,"href":"https:\/\/www.vin-info.com\/ro\/wp-json\/wp\/v2\/comments?post=1710"}],"version-history":[{"count":1,"href":"https:\/\/www.vin-info.com\/ro\/wp-json\/wp\/v2\/pages\/1710\/revisions"}],"predecessor-version":[{"id":1711,"href":"https:\/\/www.vin-info.com\/ro\/wp-json\/wp\/v2\/pages\/1710\/revisions\/1711"}],"wp:attachment":[{"href":"https:\/\/www.vin-info.com\/ro\/wp-json\/wp\/v2\/media?parent=1710"}],"curies":[{"name":"wp","href":"https:\/\/api.w.org\/{rel}","templated":true}]}}