{"id":1644,"date":"2024-08-09T10:51:42","date_gmt":"2024-08-09T08:51:42","guid":{"rendered":"https:\/\/www.vin-info.com\/licenta-preplatita\/"},"modified":"2025-12-18T13:57:54","modified_gmt":"2025-12-18T12:57:54","slug":"pre-paid-license","status":"publish","type":"page","link":"https:\/\/www.vin-info.com\/ro\/pre-paid-license\/","title":{"rendered":"Licen\u021b\u0103 prepl\u0103tit\u0103"},"content":{"rendered":"\t\t<div data-elementor-type=\"wp-page\" data-elementor-id=\"1644\" class=\"elementor elementor-1644 elementor-90\" data-elementor-post-type=\"page\">\n\t\t\t\t<div class=\"elementor-element elementor-element-73c8cef e-flex e-con-boxed e-con e-parent\" data-id=\"73c8cef\" data-element_type=\"container\" data-e-type=\"container\">\n\t\t\t\t\t<div class=\"e-con-inner\">\n\t\t\t\t<div class=\"elementor-element elementor-element-3745ce8 elementor-widget elementor-widget-heading\" data-id=\"3745ce8\" data-element_type=\"widget\" data-e-type=\"widget\" data-widget_type=\"heading.default\">\n\t\t\t\t<div class=\"elementor-widget-container\">\n\t\t\t\t\t<h2 class=\"elementor-heading-title elementor-size-default\">Ce este Licen\u021ba Prepl\u0103tit\u0103?<\/h2>\t\t\t\t<\/div>\n\t\t\t\t<\/div>\n\t\t<div class=\"elementor-element elementor-element-65ded1e e-con-full e-flex e-con e-child\" data-id=\"65ded1e\" data-element_type=\"container\" data-e-type=\"container\">\n\t\t<div class=\"elementor-element elementor-element-f21c7cb e-con-full e-flex e-con e-child\" data-id=\"f21c7cb\" data-element_type=\"container\" data-e-type=\"container\">\n\t\t\t\t<div class=\"elementor-element elementor-element-2c40369 elementor-widget elementor-widget-text-editor\" data-id=\"2c40369\" data-element_type=\"widget\" data-e-type=\"widget\" data-widget_type=\"text-editor.default\">\n\t\t\t\t<div class=\"elementor-widget-container\">\n\t\t\t\t\t\t\t\t\t<p>Licen\u021ba Pre-Pl\u0103tit\u0103 a fost preg\u0103tit\u0103 ca o comoditate pentru companiile care folosesc frecvent site-ul nostru \u0219i au nevoie de acces rapid la Istoricul Vehiculului.<\/p><p><span style=\"color: var( --e-global-color-text ); font-family: var( --e-global-typography-text-font-family ), Sans-serif; font-weight: var( --e-global-typography-text-font-weight ); text-align: var(--text-align); font-size: 1rem;\">Licen\u021ba Pre-Pl\u0103tit\u0103 v\u0103 permite s\u0103 desc\u0103rca\u021bi rapoarte f\u0103r\u0103 a fi necesar s\u0103 accesa\u021bi contul companiei sau cardul de credit al companiei.<\/span><\/p><p><span style=\"color: var( --e-global-color-text ); font-family: var( --e-global-typography-text-font-family ), Sans-serif; font-weight: var( --e-global-typography-text-font-weight ); text-align: var(--text-align); font-size: 1rem;\">Datorit\u0103 licen\u021bei, ve\u021bi \u00eembun\u0103t\u0103\u021bi procesul de achizi\u021bie a rapoartelor. Licen\u021ba valid\u0103 permite achizi\u021bionarea raportului f\u0103r\u0103 toate opera\u021biunile bancare, folosind fondurile atribuite licen\u021bei. <\/span><\/p><p><span style=\"color: var( --e-global-color-text ); font-family: var( --e-global-typography-text-font-family ), Sans-serif; font-weight: var( --e-global-typography-text-font-weight ); text-align: var(--text-align); font-size: 1rem;\">Aceast\u0103 metod\u0103 permite:<\/span><\/p>\t\t\t\t\t\t\t\t<\/div>\n\t\t\t\t<\/div>\n\t\t\t\t<div class=\"elementor-element elementor-element-18b4dae elementor-icon-list--layout-traditional elementor-list-item-link-full_width elementor-widget elementor-widget-icon-list\" data-id=\"18b4dae\" data-element_type=\"widget\" data-e-type=\"widget\" data-widget_type=\"icon-list.default\">\n\t\t\t\t<div class=\"elementor-widget-container\">\n\t\t\t\t\t\t\t<ul class=\"elementor-icon-list-items\">\n\t\t\t\t\t\t\t<li class=\"elementor-icon-list-item\">\n\t\t\t\t\t\t\t\t\t\t\t<span class=\"elementor-icon-list-icon\">\n\t\t\t\t\t\t\t<i aria-hidden=\"true\" class=\"fas fa-chevron-right\"><\/i>\t\t\t\t\t\t<\/span>\n\t\t\t\t\t\t\t\t\t\t<span class=\"elementor-icon-list-text\">acces rapid la rapoartele istoricului vehiculului,<\/span>\n\t\t\t\t\t\t\t\t\t<\/li>\n\t\t\t\t\t\t\t\t<li class=\"elementor-icon-list-item\">\n\t\t\t\t\t\t\t\t\t\t\t<span class=\"elementor-icon-list-icon\">\n\t\t\t\t\t\t\t<i aria-hidden=\"true\" class=\"fas fa-chevron-right\"><\/i>\t\t\t\t\t\t<\/span>\n\t\t\t\t\t\t\t\t\t\t<span class=\"elementor-icon-list-text\">achizi\u021bia f\u0103r\u0103 numerar a rapoartelor de c\u0103tre angaja\u021bi,<\/span>\n\t\t\t\t\t\t\t\t\t<\/li>\n\t\t\t\t\t\t\t\t<li class=\"elementor-icon-list-item\">\n\t\t\t\t\t\t\t\t\t\t\t<span class=\"elementor-icon-list-icon\">\n\t\t\t\t\t\t\t<i aria-hidden=\"true\" class=\"fas fa-chevron-right\"><\/i>\t\t\t\t\t\t<\/span>\n\t\t\t\t\t\t\t\t\t\t<span class=\"elementor-icon-list-text\">controlul curent asupra soldului contului,<\/span>\n\t\t\t\t\t\t\t\t\t<\/li>\n\t\t\t\t\t\t\t\t<li class=\"elementor-icon-list-item\">\n\t\t\t\t\t\t\t\t\t\t\t<span class=\"elementor-icon-list-icon\">\n\t\t\t\t\t\t\t<i aria-hidden=\"true\" class=\"fas fa-chevron-right\"><\/i>\t\t\t\t\t\t<\/span>\n\t\t\t\t\t\t\t\t\t\t<span class=\"elementor-icon-list-text\">acces la un sistem de gestionare a facturilor automatizat.<\/span>\n\t\t\t\t\t\t\t\t\t<\/li>\n\t\t\t\t\t\t<\/ul>\n\t\t\t\t\t\t<\/div>\n\t\t\t\t<\/div>\n\t\t\t\t<\/div>\n\t\t<div class=\"elementor-element elementor-element-1c74cfe e-con-full e-flex e-con e-child\" data-id=\"1c74cfe\" data-element_type=\"container\" data-e-type=\"container\">\n\t\t\t\t<div class=\"elementor-element elementor-element-2ca2a3c elementor-widget elementor-widget-image\" data-id=\"2ca2a3c\" data-element_type=\"widget\" data-e-type=\"widget\" data-widget_type=\"image.default\">\n\t\t\t\t<div class=\"elementor-widget-container\">\n\t\t\t\t\t\t\t\t\t\t\t\t\t\t\t<img fetchpriority=\"high\" decoding=\"async\" width=\"325\" height=\"315\" src=\"https:\/\/www.vin-info.com\/wp-content\/uploads\/2024\/07\/ico-reports.png\" class=\"attachment-large size-large wp-image-778\" alt=\"\" srcset=\"https:\/\/www.vin-info.com\/wp-content\/uploads\/2024\/07\/ico-reports.png.webp 325w, https:\/\/www.vin-info.com\/wp-content\/uploads\/2024\/07\/ico-reports-300x291.png.webp 300w\" sizes=\"(max-width: 325px) 100vw, 325px\" \/>\t\t\t\t\t\t\t\t\t\t\t\t\t\t\t<\/div>\n\t\t\t\t<\/div>\n\t\t\t\t<\/div>\n\t\t\t\t<\/div>\n\t\t\t\t<div class=\"elementor-element elementor-element-3aaa89c elementor-widget-divider--view-line elementor-widget elementor-widget-divider\" data-id=\"3aaa89c\" data-element_type=\"widget\" data-e-type=\"widget\" data-widget_type=\"divider.default\">\n\t\t\t\t<div class=\"elementor-widget-container\">\n\t\t\t\t\t\t\t<div class=\"elementor-divider\">\n\t\t\t<span class=\"elementor-divider-separator\">\n\t\t\t\t\t\t<\/span>\n\t\t<\/div>\n\t\t\t\t\t\t<\/div>\n\t\t\t\t<\/div>\n\t\t\t\t\t<\/div>\n\t\t\t\t<\/div>\n\t\t<div class=\"elementor-element elementor-element-ddfa42e e-flex e-con-boxed e-con e-parent\" data-id=\"ddfa42e\" data-element_type=\"container\" data-e-type=\"container\">\n\t\t\t\t\t<div class=\"e-con-inner\">\n\t\t\t\t<div class=\"elementor-element elementor-element-8c06ab5 elementor-widget elementor-widget-heading\" data-id=\"8c06ab5\" data-element_type=\"widget\" data-e-type=\"widget\" data-widget_type=\"heading.default\">\n\t\t\t\t<div class=\"elementor-widget-container\">\n\t\t\t\t\t<h2 class=\"elementor-heading-title elementor-size-default\">Cum s\u0103 cump\u0103ra\u021bi o licen\u021b\u0103 prepl\u0103tit\u0103?<\/h2>\t\t\t\t<\/div>\n\t\t\t\t<\/div>\n\t\t\t\t<div class=\"elementor-element elementor-element-26ed21e elementor-widget elementor-widget-text-editor\" data-id=\"26ed21e\" data-element_type=\"widget\" data-e-type=\"widget\" data-widget_type=\"text-editor.default\">\n\t\t\t\t<div class=\"elementor-widget-container\">\n\t\t\t\t\t\t\t\t\tAchizi\u021bia unei Licen\u021be Pre-Pl\u0103tite necesit\u0103 doar trei pa\u0219i u\u0219ori. Selecta\u021bi tipul de licen\u021b\u0103, accepta\u021bi reglement\u0103rile noastre. Al treilea pas este s\u0103 pl\u0103ti\u021bi o factur\u0103 proforma emis\u0103 \u00een avans pentru licen\u021b\u0103. Dup\u0103 ce a\u021bi efectuat plata, ve\u021bi primi o factur\u0103 \u0219i codul dumneavoastr\u0103 individual cu care ve\u021bi putea pl\u0103ti pentru Rapoarte. Pute\u021bi citi mai multe despre termenii de utilizare pe pagina de Reglement\u0103ri pentru Licen\u021be Pre-Pl\u0103tite.    \t\t\t\t\t\t\t\t<\/div>\n\t\t\t\t<\/div>\n\t\t<div class=\"elementor-element elementor-element-706e928 e-grid e-con-full e-con e-child\" data-id=\"706e928\" data-element_type=\"container\" data-e-type=\"container\">\n\t\t\t\t<div class=\"elementor-element elementor-element-ae93091 elementor-position-top elementor-widget elementor-widget-image-box\" data-id=\"ae93091\" data-element_type=\"widget\" data-e-type=\"widget\" data-widget_type=\"image-box.default\">\n\t\t\t\t<div class=\"elementor-widget-container\">\n\t\t\t\t\t<div class=\"elementor-image-box-wrapper\"><figure class=\"elementor-image-box-img\"><img decoding=\"async\" width=\"299\" height=\"209\" src=\"https:\/\/www.vin-info.com\/wp-content\/uploads\/2024\/07\/ico-buy-step-1.svg\" class=\"attachment-full size-full wp-image-792\" alt=\"\" \/><\/figure><div class=\"elementor-image-box-content\"><h3 class=\"elementor-image-box-title\">Pasul 1<\/h3><p class=\"elementor-image-box-description\">Selecta\u021bi o licen\u021b\u0103 \u0219i completa\u021bi formularul.<\/p><\/div><\/div>\t\t\t\t<\/div>\n\t\t\t\t<\/div>\n\t\t\t\t<div class=\"elementor-element elementor-element-67b50cf elementor-position-top elementor-widget elementor-widget-image-box\" data-id=\"67b50cf\" data-element_type=\"widget\" data-e-type=\"widget\" data-widget_type=\"image-box.default\">\n\t\t\t\t<div class=\"elementor-widget-container\">\n\t\t\t\t\t<div class=\"elementor-image-box-wrapper\"><figure class=\"elementor-image-box-img\"><img decoding=\"async\" width=\"299\" height=\"209\" src=\"https:\/\/www.vin-info.com\/wp-content\/uploads\/2024\/07\/ico-buy-step-2.svg\" class=\"attachment-full size-full wp-image-806\" alt=\"\" \/><\/figure><div class=\"elementor-image-box-content\"><h3 class=\"elementor-image-box-title\">Pasul 2<\/h3><p class=\"elementor-image-box-description\">Pl\u0103ti\u021bi factura pro-form\u0103 primit\u0103.<\/p><\/div><\/div>\t\t\t\t<\/div>\n\t\t\t\t<\/div>\n\t\t\t\t<div class=\"elementor-element elementor-element-e715f38 elementor-position-top elementor-widget elementor-widget-image-box\" data-id=\"e715f38\" data-element_type=\"widget\" data-e-type=\"widget\" data-widget_type=\"image-box.default\">\n\t\t\t\t<div class=\"elementor-widget-container\">\n\t\t\t\t\t<div class=\"elementor-image-box-wrapper\"><figure class=\"elementor-image-box-img\"><img loading=\"lazy\" decoding=\"async\" width=\"299\" height=\"209\" src=\"https:\/\/www.vin-info.com\/wp-content\/uploads\/2024\/07\/ico-buy-step-3.svg\" class=\"attachment-full size-full wp-image-820\" alt=\"\" \/><\/figure><div class=\"elementor-image-box-content\"><h3 class=\"elementor-image-box-title\">Pasul 3<\/h3><p class=\"elementor-image-box-description\">Ob\u021bine\u021bi codul dumneavoastr\u0103 individual<\/p><\/div><\/div>\t\t\t\t<\/div>\n\t\t\t\t<\/div>\n\t\t\t\t<\/div>\n\t\t\t\t<div class=\"elementor-element elementor-element-6abf509 elementor-position-right elementor-vertical-align-middle elementor-widget elementor-widget-image-box\" data-id=\"6abf509\" data-element_type=\"widget\" data-e-type=\"widget\" data-widget_type=\"image-box.default\">\n\t\t\t\t<div class=\"elementor-widget-container\">\n\t\t\t\t\t<div class=\"elementor-image-box-wrapper\"><figure class=\"elementor-image-box-img\"><img loading=\"lazy\" decoding=\"async\" width=\"163\" height=\"143\" src=\"https:\/\/www.vin-info.com\/wp-content\/uploads\/2024\/07\/ico-licence-monitor.svg\" class=\"attachment-full size-full wp-image-862\" alt=\"\" \/><\/figure><div class=\"elementor-image-box-content\"><p class=\"elementor-image-box-description\">Licen\u021ba Pre-Pl\u0103tit\u0103 v\u0103 permite s\u0103 desc\u0103rca\u021bi rapoartele f\u0103r\u0103 a fi nevoie s\u0103 pl\u0103ti\u021bi online de fiecare dat\u0103. Durata \u0219i valoarea licen\u021bei sunt la alegerea utilizatorului. <\/p><\/div><\/div>\t\t\t\t<\/div>\n\t\t\t\t<\/div>\n\t\t\t\t<div class=\"elementor-element elementor-element-f9a6160 elementor-widget-divider--view-line elementor-widget elementor-widget-divider\" data-id=\"f9a6160\" data-element_type=\"widget\" data-e-type=\"widget\" data-widget_type=\"divider.default\">\n\t\t\t\t<div class=\"elementor-widget-container\">\n\t\t\t\t\t\t\t<div class=\"elementor-divider\">\n\t\t\t<span class=\"elementor-divider-separator\">\n\t\t\t\t\t\t<\/span>\n\t\t<\/div>\n\t\t\t\t\t\t<\/div>\n\t\t\t\t<\/div>\n\t\t\t\t\t<\/div>\n\t\t\t\t<\/div>\n\t\t<div class=\"elementor-element elementor-element-17e5e5e e-flex e-con-boxed e-con e-parent\" data-id=\"17e5e5e\" data-element_type=\"container\" data-e-type=\"container\">\n\t\t\t\t\t<div class=\"e-con-inner\">\n\t\t\t\t<div class=\"elementor-element elementor-element-16f1d2c elementor-widget elementor-widget-heading\" data-id=\"16f1d2c\" data-element_type=\"widget\" data-e-type=\"widget\" data-widget_type=\"heading.default\">\n\t\t\t\t<div class=\"elementor-widget-container\">\n\t\t\t\t\t<h2 class=\"elementor-heading-title elementor-size-default\">Cum s\u0103 folose\u0219ti Licen\u021ba Pre-Pl\u0103tit\u0103?<\/h2>\t\t\t\t<\/div>\n\t\t\t\t<\/div>\n\t\t\t\t<div class=\"elementor-element elementor-element-8b2ba3f elementor-widget elementor-widget-text-editor\" data-id=\"8b2ba3f\" data-element_type=\"widget\" data-e-type=\"widget\" data-widget_type=\"text-editor.default\">\n\t\t\t\t<div class=\"elementor-widget-container\">\n\t\t\t\t\t\t\t\t\t<p>Utilizarea licen\u021bei este foarte simpl\u0103 \u0219i mult mai convenabil\u0103 dec\u00e2t forma tradi\u021bional\u0103 de achizi\u021bie. Tot ce ai nevoie este num\u0103rul t\u0103u VIN \u0219i un cod de licen\u021b\u0103 valid pentru a desc\u0103rca orice raport de pe site-ul nostru \u00eentr-un mod rapid \u0219i convenabil. <\/p>\t\t\t\t\t\t\t\t<\/div>\n\t\t\t\t<\/div>\n\t\t<div class=\"elementor-element elementor-element-d95aaba e-grid e-con-full e-con e-child\" data-id=\"d95aaba\" data-element_type=\"container\" data-e-type=\"container\">\n\t\t\t\t<div class=\"elementor-element elementor-element-51d19f5 elementor-position-top elementor-widget elementor-widget-image-box\" data-id=\"51d19f5\" data-element_type=\"widget\" data-e-type=\"widget\" data-widget_type=\"image-box.default\">\n\t\t\t\t<div class=\"elementor-widget-container\">\n\t\t\t\t\t<div class=\"elementor-image-box-wrapper\"><figure class=\"elementor-image-box-img\"><img loading=\"lazy\" decoding=\"async\" width=\"360\" height=\"240\" src=\"https:\/\/www.vin-info.com\/wp-content\/uploads\/2024\/07\/ico-enter-vin.svg\" class=\"attachment-full size-full wp-image-848\" alt=\"\" \/><\/figure><div class=\"elementor-image-box-content\"><p class=\"elementor-image-box-description\"><b>Introdu scorul VIN<\/b> \u0219i a\u0219teapt\u0103 rezultatul gratuit al verific\u0103rii VIN.<\/p><\/div><\/div>\t\t\t\t<\/div>\n\t\t\t\t<\/div>\n\t\t\t\t<div class=\"elementor-element elementor-element-0327244 elementor-position-top elementor-widget elementor-widget-image-box\" data-id=\"0327244\" data-element_type=\"widget\" data-e-type=\"widget\" data-widget_type=\"image-box.default\">\n\t\t\t\t<div class=\"elementor-widget-container\">\n\t\t\t\t\t<div class=\"elementor-image-box-wrapper\"><figure class=\"elementor-image-box-img\"><img loading=\"lazy\" decoding=\"async\" width=\"360\" height=\"240\" src=\"https:\/\/www.vin-info.com\/wp-content\/uploads\/2024\/07\/ico-select-report.svg\" class=\"attachment-full size-full wp-image-890\" alt=\"\" \/><\/figure><div class=\"elementor-image-box-content\"><p class=\"elementor-image-box-description\">Pl\u0103ti\u021bi pentru rapoarte folosind codul dumneavoastr\u0103 individual de plat\u0103 anticipat\u0103.<\/p><\/div><\/div>\t\t\t\t<\/div>\n\t\t\t\t<\/div>\n\t\t\t\t<div class=\"elementor-element elementor-element-67cac8a elementor-position-top elementor-widget elementor-widget-image-box\" data-id=\"67cac8a\" data-element_type=\"widget\" data-e-type=\"widget\" data-widget_type=\"image-box.default\">\n\t\t\t\t<div class=\"elementor-widget-container\">\n\t\t\t\t\t<div class=\"elementor-image-box-wrapper\"><figure class=\"elementor-image-box-img\"><img loading=\"lazy\" decoding=\"async\" width=\"360\" height=\"240\" src=\"https:\/\/www.vin-info.com\/wp-content\/uploads\/2024\/07\/ico-enter-licence-01.svg\" class=\"attachment-full size-full wp-image-834\" alt=\"\" \/><\/figure><div class=\"elementor-image-box-content\"><p class=\"elementor-image-box-description\">Taxa pentru raportul <b>VIN <\/b>va fi dedus\u0103 din codul t\u0103u.<\/p><\/div><\/div>\t\t\t\t<\/div>\n\t\t\t\t<\/div>\n\t\t\t\t<div class=\"elementor-element elementor-element-de8dc63 elementor-position-top elementor-widget elementor-widget-image-box\" data-id=\"de8dc63\" data-element_type=\"widget\" data-e-type=\"widget\" data-widget_type=\"image-box.default\">\n\t\t\t\t<div class=\"elementor-widget-container\">\n\t\t\t\t\t<div class=\"elementor-image-box-wrapper\"><figure class=\"elementor-image-box-img\"><img loading=\"lazy\" decoding=\"async\" width=\"248\" height=\"265\" src=\"https:\/\/www.vin-info.com\/wp-content\/uploads\/2024\/07\/ico-report.svg\" class=\"attachment-full size-full wp-image-876\" alt=\"\" \/><\/figure><div class=\"elementor-image-box-content\"><p class=\"elementor-image-box-description\"><b>Generarea raportului VIN<\/b><\/p><\/div><\/div>\t\t\t\t<\/div>\n\t\t\t\t<\/div>\n\t\t\t\t<\/div>\n\t\t\t\t<div class=\"elementor-element elementor-element-b899cb1 elementor-position-right elementor-vertical-align-middle elementor-widget elementor-widget-image-box\" data-id=\"b899cb1\" data-element_type=\"widget\" data-e-type=\"widget\" data-widget_type=\"image-box.default\">\n\t\t\t\t<div class=\"elementor-widget-container\">\n\t\t\t\t\t<div class=\"elementor-image-box-wrapper\"><figure class=\"elementor-image-box-img\"><img loading=\"lazy\" decoding=\"async\" width=\"1583\" height=\"602\" src=\"https:\/\/www.vin-info.com\/wp-content\/uploads\/2024\/07\/ico-licence-buying-process.svg\" class=\"attachment-full size-full wp-image-907\" alt=\"\" \/><\/figure><div class=\"elementor-image-box-content\"><p class=\"elementor-image-box-description\">The User Account topped up with funds allows you to download VIN Reports without having to pay online each time. You choose the time the License is valid and amount of money when purchasing. <\/p><\/div><\/div>\t\t\t\t<\/div>\n\t\t\t\t<\/div>\n\t\t\t\t<div class=\"elementor-element elementor-element-ebee040 elementor-align-center elementor-widget elementor-widget-button\" data-id=\"ebee040\" data-element_type=\"widget\" data-e-type=\"widget\" id=\"prepaid-buy\" data-widget_type=\"button.default\">\n\t\t\t\t<div class=\"elementor-widget-container\">\n\t\t\t\t\t\t\t\t\t<div class=\"elementor-button-wrapper\">\n\t\t\t\t\t<a class=\"elementor-button elementor-button-link elementor-size-sm\" href=\"\/ro\/page\/order-new-license\" id=\"btn-pp-order\">\n\t\t\t\t\t\t<span class=\"elementor-button-content-wrapper\">\n\t\t\t\t\t\t\t\t\t<span class=\"elementor-button-text\">Comand\u0103 Pre-Pl\u0103tit<\/span>\n\t\t\t\t\t<\/span>\n\t\t\t\t\t<\/a>\n\t\t\t\t<\/div>\n\t\t\t\t\t\t\t\t<\/div>\n\t\t\t\t<\/div>\n\t\t\t\t\t<\/div>\n\t\t\t\t<\/div>\n\t\t\t\t<\/div>\n\t\t","protected":false},"excerpt":{"rendered":"<p>Am preg\u0103tit o ofert\u0103 special\u0103 de licen\u021b\u0103 Pre-Pl\u0103tit\u0103 pentru clien\u021bii no\u0219tri obi\u0219nui\u021bi, care v\u0103 va permite dumneavoastr\u0103 sau angaja\u021bilor dumneavoastr\u0103 s\u0103 descarce Rapoarte de Istoric Auto \u00eentr-un mod convenabil \u0219i rapid.<\/p>\n","protected":false},"author":2,"featured_media":0,"parent":0,"menu_order":0,"comment_status":"closed","ping_status":"closed","template":"","meta":{"inline_featured_image":false,"footnotes":""},"class_list":["post-1644","page","type-page","status-publish","hentry"],"_links":{"self":[{"href":"https:\/\/www.vin-info.com\/ro\/wp-json\/wp\/v2\/pages\/1644","targetHints":{"allow":["GET"]}}],"collection":[{"href":"https:\/\/www.vin-info.com\/ro\/wp-json\/wp\/v2\/pages"}],"about":[{"href":"https:\/\/www.vin-info.com\/ro\/wp-json\/wp\/v2\/types\/page"}],"author":[{"embeddable":true,"href":"https:\/\/www.vin-info.com\/ro\/wp-json\/wp\/v2\/users\/2"}],"replies":[{"embeddable":true,"href":"https:\/\/www.vin-info.com\/ro\/wp-json\/wp\/v2\/comments?post=1644"}],"version-history":[{"count":6,"href":"https:\/\/www.vin-info.com\/ro\/wp-json\/wp\/v2\/pages\/1644\/revisions"}],"predecessor-version":[{"id":5217,"href":"https:\/\/www.vin-info.com\/ro\/wp-json\/wp\/v2\/pages\/1644\/revisions\/5217"}],"wp:attachment":[{"href":"https:\/\/www.vin-info.com\/ro\/wp-json\/wp\/v2\/media?parent=1644"}],"curies":[{"name":"wp","href":"https:\/\/api.w.org\/{rel}","templated":true}]}}