{"id":1618,"date":"2024-08-08T16:19:34","date_gmt":"2024-08-08T14:19:34","guid":{"rendered":"https:\/\/www.vin-info.com\/cum-sa-comand-un-raport-de-istoric-al-vehiculului\/"},"modified":"2024-10-16T15:37:58","modified_gmt":"2024-10-16T13:37:58","slug":"cum-sa-comand-un-raport-de-istoric-al-vehiculului","status":"publish","type":"page","link":"https:\/\/www.vin-info.com\/ro\/cum-sa-comand-un-raport-de-istoric-al-vehiculului\/","title":{"rendered":"Cum s\u0103 comand un raport de istoric al vehiculului?"},"content":{"rendered":"\t\t<div data-elementor-type=\"wp-page\" data-elementor-id=\"1618\" class=\"elementor elementor-1618 elementor-77\" data-elementor-post-type=\"page\">\n\t\t\t\t<div class=\"elementor-element elementor-element-34f7aea e-flex e-con-boxed e-con e-parent\" data-id=\"34f7aea\" data-element_type=\"container\" data-e-type=\"container\">\n\t\t\t\t\t<div class=\"e-con-inner\">\n\t\t\t\t<div class=\"elementor-element elementor-element-791dfaf elementor-position-right elementor-position-right elementor-vertical-align-top elementor-vertical-align-top elementor-widget elementor-widget-image-box\" data-id=\"791dfaf\" data-element_type=\"widget\" data-e-type=\"widget\" data-widget_type=\"image-box.default\">\n\t\t\t\t<div class=\"elementor-widget-container\">\n\t\t\t\t\t<div class=\"elementor-image-box-wrapper\"><figure class=\"elementor-image-box-img\"><img decoding=\"async\" width=\"1\" height=\"1\" src=\"https:\/\/www.vin-info.com\/wp-content\/uploads\/2024\/07\/vi-free-vin-check.svg\" class=\"attachment-medium_large size-medium_large wp-image-272\" alt=\"\" \/><\/figure><div class=\"elementor-image-box-content\"><h3 class=\"elementor-image-box-title\">Scrie\u021bi VIN<\/h3><p class=\"elementor-image-box-description\">\u00cen primul pas, scrie\u021bi cele 17 cifre VIN \u00een spa\u021biul galben de pe pagina principal\u0103 sau \u00een spa\u021biile galbene mai mici disponibile pe fiecare pagin\u0103. Apoi, face\u021bi clic pe Verificare.  <br><br><i> Num\u0103rul de identificare al vehiculului (VIN) este un cod unic asignat fiec\u0103rui vehicul motorizat atunci c\u00e2nd este fabricat. Compus din 17 caractere (at\u00e2t cifre, c\u00e2t \u0219i litere mari), VIN-ul ofer\u0103 informa\u021bii cheie despre vehicul, inclusiv \u021bara de origine, fabricantul, tipul de vehicul \u0219i anul modelului. Acest num\u0103r este crucial pentru \u00eenregistrarea vehiculului, asigurare \u0219i rapoarte de istoric, ajut\u00e2nd la identificarea \u0219i urm\u0103rirea vehiculului pe parcursul \u00eentregii sale vie\u021bi. VIN-ul poate fi g\u0103sit de obicei pe tabloul de bord, u\u0219a de pe partea \u0219oferului sau \u00een documentele vehiculului.   <\/i><\/p><\/div><\/div>\t\t\t\t<\/div>\n\t\t\t\t<\/div>\n\t\t\t\t<div class=\"elementor-element elementor-element-aa5ddbd elementor-widget-divider--view-line_icon elementor-view-default elementor-widget-divider--element-align-center elementor-widget elementor-widget-divider\" data-id=\"aa5ddbd\" data-element_type=\"widget\" data-e-type=\"widget\" data-widget_type=\"divider.default\">\n\t\t\t\t<div class=\"elementor-widget-container\">\n\t\t\t\t\t\t\t<div class=\"elementor-divider\">\n\t\t\t<span class=\"elementor-divider-separator\">\n\t\t\t\t\t\t\t<div class=\"elementor-icon elementor-divider__element\">\n\t\t\t\t\t<i aria-hidden=\"true\" class=\"fas fa-chevron-down\"><\/i><\/div>\n\t\t\t\t\t\t<\/span>\n\t\t<\/div>\n\t\t\t\t\t\t<\/div>\n\t\t\t\t<\/div>\n\t\t\t\t<div class=\"elementor-element elementor-element-31ed445 elementor-position-right elementor-vertical-align-top elementor-widget elementor-widget-image-box\" data-id=\"31ed445\" data-element_type=\"widget\" data-e-type=\"widget\" data-widget_type=\"image-box.default\">\n\t\t\t\t<div class=\"elementor-widget-container\">\n\t\t\t\t\t<div class=\"elementor-image-box-wrapper\"><figure class=\"elementor-image-box-img\"><img decoding=\"async\" width=\"1\" height=\"1\" src=\"https:\/\/www.vin-info.com\/wp-content\/uploads\/2024\/07\/vi-vehicle-history-records.svg\" class=\"attachment-medium_large size-medium_large wp-image-258\" alt=\"\" \/><\/figure><div class=\"elementor-image-box-content\"><h3 class=\"elementor-image-box-title\">Verifica\u021bi disponibilitatea raportului<\/h3><p class=\"elementor-image-box-description\">Decodarea gratuit\u0103 a vehiculului arat\u0103, pe baza unui sistem expert, informa\u021bii despre: marca vehiculului, modelul, \u021bara de origine, tipul de combustibil, tipul caroseriei, locul de asamblare etc. Aceste informa\u021bii sunt identice cu informa\u021biile pe care le ve\u021bi vedea \u00een raport. Dac\u0103 recunoa\u0219terea gratuit\u0103 a vehiculului nu afi\u0219eaz\u0103 unele dintre aceste date, \u00eenseamn\u0103 c\u0103 acestea nu vor fi afi\u0219ate nici \u00een raport.   <br><br> Sec\u021biunea Con\u021binutului Vehiculului define\u0219te informa\u021biile despre vehicul care sunt disponibile \u00een baza noastr\u0103 de date. Acestea sunt: anul modelului\/anul de produc\u021bie, kilometrajul, istoricul verific\u0103rilor, baza de date a vehiculelor furate, defectele de fabrica\u021bie, informa\u021bii despre fabricant, fotografii ale vehiculului \u0219i altele. Numai elementele marcate cu o bif\u0103 verde de disponibilitate a datelor vor fi completate \u00een raport. Alte elemente, dac\u0103 sunt goale sau exist\u0103 o not\u0103 despre lipsa \u00eenregistr\u0103rilor\/datelor disponibile, imposibil de verificat, indisponibilitate, f\u0103r\u0103 fotografii, vor r\u0103m\u00e2ne de asemenea goale \u00een raport.    <\/p><\/div><\/div>\t\t\t\t<\/div>\n\t\t\t\t<\/div>\n\t\t\t\t<div class=\"elementor-element elementor-element-4ffd580 elementor-widget-divider--view-line_icon elementor-view-default elementor-widget-divider--element-align-center elementor-widget elementor-widget-divider\" data-id=\"4ffd580\" data-element_type=\"widget\" data-e-type=\"widget\" data-widget_type=\"divider.default\">\n\t\t\t\t<div class=\"elementor-widget-container\">\n\t\t\t\t\t\t\t<div class=\"elementor-divider\">\n\t\t\t<span class=\"elementor-divider-separator\">\n\t\t\t\t\t\t\t<div class=\"elementor-icon elementor-divider__element\">\n\t\t\t\t\t<i aria-hidden=\"true\" class=\"fas fa-chevron-down\"><\/i><\/div>\n\t\t\t\t\t\t<\/span>\n\t\t<\/div>\n\t\t\t\t\t\t<\/div>\n\t\t\t\t<\/div>\n\t\t\t\t<div class=\"elementor-element elementor-element-3eacbd3 elementor-position-right elementor-vertical-align-top elementor-widget elementor-widget-image-box\" data-id=\"3eacbd3\" data-element_type=\"widget\" data-e-type=\"widget\" data-widget_type=\"image-box.default\">\n\t\t\t\t<div class=\"elementor-widget-container\">\n\t\t\t\t\t<div class=\"elementor-image-box-wrapper\"><figure class=\"elementor-image-box-img\"><img decoding=\"async\" width=\"1\" height=\"1\" src=\"https:\/\/www.vin-info.com\/wp-content\/uploads\/2024\/07\/vi-vehicle-history-reports.svg\" class=\"attachment-medium_large size-medium_large wp-image-286\" alt=\"\" \/><\/figure><div class=\"elementor-image-box-content\"><h3 class=\"elementor-image-box-title\">Alege tipul de raport<\/h3><p class=\"elementor-image-box-description\">\u00cen urm\u0103torul pas vei fi redirec\u021bionat c\u0103tre serviciul de plat\u0103 ales anterior. Te rug\u0103m s\u0103 urmezi instruc\u021biunile de pe ecran pentru a finaliza plata. Dac\u0103 recunoa\u0219terea gratuit\u0103 corespunde a\u0219tept\u0103rilor tale, po\u021bi continua cu achizi\u021bionarea raportului. Pentru a continua, scrie-\u021bi e-mailul (permi\u021b\u00e2ndu-\u021bi s\u0103 ai acces la raport mai t\u00e2rziu), alege op\u021biunile corecte \u0219i selecteaz\u0103 metoda de plat\u0103. Dup\u0103 ce alegi op\u021biunile, vei vedea suma total\u0103 de plat\u0103 \u00een partea de jos a paginii. Apoi, f\u0103 clic pe <b>Comand\u0103<\/b>.    <\/p><\/div><\/div>\t\t\t\t<\/div>\n\t\t\t\t<\/div>\n\t\t\t\t<div class=\"elementor-element elementor-element-c410f5f elementor-widget-divider--view-line_icon elementor-view-default elementor-widget-divider--element-align-center elementor-widget elementor-widget-divider\" data-id=\"c410f5f\" data-element_type=\"widget\" data-e-type=\"widget\" data-widget_type=\"divider.default\">\n\t\t\t\t<div class=\"elementor-widget-container\">\n\t\t\t\t\t\t\t<div class=\"elementor-divider\">\n\t\t\t<span class=\"elementor-divider-separator\">\n\t\t\t\t\t\t\t<div class=\"elementor-icon elementor-divider__element\">\n\t\t\t\t\t<i aria-hidden=\"true\" class=\"fas fa-chevron-down\"><\/i><\/div>\n\t\t\t\t\t\t<\/span>\n\t\t<\/div>\n\t\t\t\t\t\t<\/div>\n\t\t\t\t<\/div>\n\t\t\t\t<div class=\"elementor-element elementor-element-2da3196 elementor-position-right elementor-vertical-align-top elementor-widget elementor-widget-image-box\" data-id=\"2da3196\" data-element_type=\"widget\" data-e-type=\"widget\" data-widget_type=\"image-box.default\">\n\t\t\t\t<div class=\"elementor-widget-container\">\n\t\t\t\t\t<div class=\"elementor-image-box-wrapper\"><figure class=\"elementor-image-box-img\"><img loading=\"lazy\" decoding=\"async\" width=\"1\" height=\"1\" src=\"https:\/\/www.vin-info.com\/wp-content\/uploads\/2024\/07\/vi-payments-method.svg\" class=\"attachment-medium_large size-medium_large wp-image-300\" alt=\"\" \/><\/figure><div class=\"elementor-image-box-content\"><h3 class=\"elementor-image-box-title\">Pl\u0103ti\u021bi pentru raport.<\/h3><p class=\"elementor-image-box-description\">\u00cen func\u021bie de modalitatea de plat\u0103 aleas\u0103, ve\u021bi fi direc\u021bionat c\u0103tre site-ul de plat\u0103 \/ site-ul b\u0103ncii. Apoi, continua\u021bi conform instruc\u021biunilor de pe ecran. <\/p><\/div><\/div>\t\t\t\t<\/div>\n\t\t\t\t<\/div>\n\t\t\t\t<div class=\"elementor-element elementor-element-f690345 elementor-widget-divider--view-line_icon elementor-view-default elementor-widget-divider--element-align-center elementor-widget elementor-widget-divider\" data-id=\"f690345\" data-element_type=\"widget\" data-e-type=\"widget\" data-widget_type=\"divider.default\">\n\t\t\t\t<div class=\"elementor-widget-container\">\n\t\t\t\t\t\t\t<div class=\"elementor-divider\">\n\t\t\t<span class=\"elementor-divider-separator\">\n\t\t\t\t\t\t\t<div class=\"elementor-icon elementor-divider__element\">\n\t\t\t\t\t<i aria-hidden=\"true\" class=\"fas fa-chevron-down\"><\/i><\/div>\n\t\t\t\t\t\t<\/span>\n\t\t<\/div>\n\t\t\t\t\t\t<\/div>\n\t\t\t\t<\/div>\n\t\t\t\t<div class=\"elementor-element elementor-element-44e0c40 elementor-position-right elementor-vertical-align-top elementor-widget elementor-widget-image-box\" data-id=\"44e0c40\" data-element_type=\"widget\" data-e-type=\"widget\" data-widget_type=\"image-box.default\">\n\t\t\t\t<div class=\"elementor-widget-container\">\n\t\t\t\t\t<div class=\"elementor-image-box-wrapper\"><figure class=\"elementor-image-box-img\"><img loading=\"lazy\" decoding=\"async\" width=\"1\" height=\"1\" src=\"https:\/\/www.vin-info.com\/wp-content\/uploads\/2024\/07\/vi-user-account-vin-list.svg\" class=\"attachment-medium_large size-medium_large wp-image-314\" alt=\"\" \/><\/figure><div class=\"elementor-image-box-content\"><h3 class=\"elementor-image-box-title\">Vizualiza\u021bi raportul achizi\u021bionat<\/h3><p class=\"elementor-image-box-description\">Dup\u0103 efectuarea pl\u0103\u021bii, ve\u021bi fi conectat automat la site-ul web utiliz\u00e2nd adresa de e-mail dat\u0103 anterior \u0219i ve\u021bi fi direc\u021bionat c\u0103tre contul dumneavoastr\u0103. Aceast\u0103 pagin\u0103 con\u021bine informa\u021bii de baz\u0103 despre contul nostru \u0219i o list\u0103 a rapoartelor achizi\u021bionate. St\u0103rile rapoartelor de pe list\u0103 sunt actualizate dinamic. Iconi\u021bele desemneaz\u0103 starea pl\u0103\u021bii \u0219i faza gener\u0103rii raportului. Raportul va fi livrat imediat dup\u0103 plat\u0103, iar ve\u021bi primi o notificare la adresa de e-mail furnizat\u0103. Dup\u0103 generarea raportului, acesta va fi disponibil timp de 30 de zile.      <\/p><\/div><\/div>\t\t\t\t<\/div>\n\t\t\t\t<\/div>\n\t\t\t\t\t<\/div>\n\t\t\t\t<\/div>\n\t\t\t\t<\/div>\n\t\t","protected":false},"excerpt":{"rendered":"<p>Verificarea unui vehicul este foarte u\u0219oar\u0103 \u0219i nu dureaz\u0103 mai mult de 5 minute. Trebuie s\u0103 urma\u021bi 5 pa\u0219i simpli pentru a ob\u021bine raportul. <\/p>\n","protected":false},"author":2,"featured_media":0,"parent":0,"menu_order":0,"comment_status":"closed","ping_status":"closed","template":"","meta":{"inline_featured_image":false,"footnotes":""},"class_list":["post-1618","page","type-page","status-publish","hentry"],"_links":{"self":[{"href":"https:\/\/www.vin-info.com\/ro\/wp-json\/wp\/v2\/pages\/1618","targetHints":{"allow":["GET"]}}],"collection":[{"href":"https:\/\/www.vin-info.com\/ro\/wp-json\/wp\/v2\/pages"}],"about":[{"href":"https:\/\/www.vin-info.com\/ro\/wp-json\/wp\/v2\/types\/page"}],"author":[{"embeddable":true,"href":"https:\/\/www.vin-info.com\/ro\/wp-json\/wp\/v2\/users\/2"}],"replies":[{"embeddable":true,"href":"https:\/\/www.vin-info.com\/ro\/wp-json\/wp\/v2\/comments?post=1618"}],"version-history":[{"count":5,"href":"https:\/\/www.vin-info.com\/ro\/wp-json\/wp\/v2\/pages\/1618\/revisions"}],"predecessor-version":[{"id":3843,"href":"https:\/\/www.vin-info.com\/ro\/wp-json\/wp\/v2\/pages\/1618\/revisions\/3843"}],"wp:attachment":[{"href":"https:\/\/www.vin-info.com\/ro\/wp-json\/wp\/v2\/media?parent=1618"}],"curies":[{"name":"wp","href":"https:\/\/api.w.org\/{rel}","templated":true}]}}