{"id":1586,"date":"2024-08-08T15:07:23","date_gmt":"2024-08-08T13:07:23","guid":{"rendered":"https:\/\/www.vin-info.com\/despre-noi\/"},"modified":"2024-08-08T15:07:24","modified_gmt":"2024-08-08T13:07:24","slug":"despre-noi","status":"publish","type":"page","link":"https:\/\/www.vin-info.com\/ro\/despre-noi\/","title":{"rendered":"Despre noi"},"content":{"rendered":"\t\t<div data-elementor-type=\"wp-page\" data-elementor-id=\"1586\" class=\"elementor elementor-1586 elementor-81\" data-elementor-post-type=\"page\">\n\t\t\t\t<div class=\"elementor-element elementor-element-357b291 e-flex e-con-boxed e-con e-parent\" data-id=\"357b291\" data-element_type=\"container\" data-e-type=\"container\">\n\t\t\t\t\t<div class=\"e-con-inner\">\n\t\t\t\t<div class=\"elementor-element elementor-element-6abb2a8 elementor-widget elementor-widget-heading\" data-id=\"6abb2a8\" data-element_type=\"widget\" data-e-type=\"widget\" data-widget_type=\"heading.default\">\n\t\t\t\t<div class=\"elementor-widget-container\">\n\t\t\t\t\t<h2 class=\"elementor-heading-title elementor-size-default\">Scopul nostru<\/h2>\t\t\t\t<\/div>\n\t\t\t\t<\/div>\n\t\t\t\t<div class=\"elementor-element elementor-element-c5ebda5 elementor-widget elementor-widget-text-editor\" data-id=\"c5ebda5\" data-element_type=\"widget\" data-e-type=\"widget\" data-widget_type=\"text-editor.default\">\n\t\t\t\t<div class=\"elementor-widget-container\">\n\t\t\t\t\t\t\t\t\t<p>Ne propunem s\u0103 cre\u0219tem con\u0219tientizarea cu privire la problema global\u0103 a furtului de ma\u0219ini \u0219i impactul s\u0103u asupra industriei auto. Statisticile dezv\u0103luie o realitate uluitoare: aproximativ 3 milioane de ma\u0219ini sunt furate \u00een \u00eentreaga lume \u00een fiecare an. Comparativ cu produc\u021bia total\u0103 global\u0103 de ma\u0219ini, aceast\u0103 cifr\u0103 reprezint\u0103 aproape 10% din toate ma\u0219inile produse anual. Aceast\u0103 rat\u0103 alarmant\u0103 subliniaz\u0103 severitatea furtului de ma\u0219ini ca o problem\u0103 urgent\u0103.   <\/p>\n\t\t\t\t\t\t\t\t<\/div>\n\t\t\t\t<\/div>\n\t\t\t\t<div class=\"elementor-element elementor-element-5fc7e3d elementor-widget elementor-widget-text-editor\" data-id=\"5fc7e3d\" data-element_type=\"widget\" data-e-type=\"widget\" data-widget_type=\"text-editor.default\">\n\t\t\t\t<div class=\"elementor-widget-container\">\n\t\t\t\t\t\t\t\t\t<p>\u00cen plus, dorim s\u0103 eviden\u021biem problema dealerilor de automobile lipsi\u021bi de scrupule care v\u00e2nd vehicule care compromit siguran\u021ba dumneavoastr\u0103. Aceste vehicule provin adesea din accidente rutiere grave sau evenimente precum incendii sau inunda\u021bii, reprezent\u00e2nd riscuri semnificative pentru cump\u0103r\u0103torii neaviza\u021bi. <\/p>\n\t\t\t\t\t\t\t\t<\/div>\n\t\t\t\t<\/div>\n\t\t\t\t<div class=\"elementor-element elementor-element-ffe1dd0 elementor-widget elementor-widget-text-editor\" data-id=\"ffe1dd0\" data-element_type=\"widget\" data-e-type=\"widget\" data-widget_type=\"text-editor.default\">\n\t\t\t\t<div class=\"elementor-widget-container\">\n\t\t\t\t\t\t\t\t\t<p>Misiunea noastr\u0103 este s\u0103 ne opunem activ acestor practici neetice \u0219i s\u0103 contribuim la \u00eembun\u0103t\u0103\u021birea calit\u0103\u021bii vehiculelor disponibile pe pia\u021ba secundar\u0103. Suntem dedica\u021bi s\u0103 avem un impact pozitiv prin furnizarea de rapoarte de istoric al vehiculelor de \u00eencredere care asigur\u0103 tranzac\u021bii mai sigure \u0219i mai transparente. <\/p>\n\t\t\t\t\t\t\t\t<\/div>\n\t\t\t\t<\/div>\n\t\t\t\t<div class=\"elementor-element elementor-element-e8f5ee4 elementor-widget elementor-widget-heading\" data-id=\"e8f5ee4\" data-element_type=\"widget\" data-e-type=\"widget\" data-widget_type=\"heading.default\">\n\t\t\t\t<div class=\"elementor-widget-container\">\n\t\t\t\t\t<h2 class=\"elementor-heading-title elementor-size-default\">Oferta noastr\u0103<\/h2>\t\t\t\t<\/div>\n\t\t\t\t<\/div>\n\t\t\t\t<div class=\"elementor-element elementor-element-a44dd7a elementor-widget elementor-widget-text-editor\" data-id=\"a44dd7a\" data-element_type=\"widget\" data-e-type=\"widget\" data-widget_type=\"text-editor.default\">\n\t\t\t\t<div class=\"elementor-widget-container\">\n\t\t\t\t\t\t\t\t\t<p>Credem c\u0103 rapoartele noastre cu istoricul complet al vehiculelor sunt esen\u021biale pentru a v\u0103 ajuta s\u0103 achizi\u021biona\u021bi un vehicul sigur \u0219i fiabil. Prin utilizarea rapoartelor noastre de istorii VIN, pute\u021bi \u00eembun\u0103t\u0103\u021bi semnificativ calitatea \u0219i siguran\u021ba vehiculelor de pe pia\u021b\u0103, \u00een special \u00een SUA. <\/p>\n\t\t\t\t\t\t\t\t<\/div>\n\t\t\t\t<\/div>\n\t\t\t\t<div class=\"elementor-element elementor-element-0a2f599 elementor-widget elementor-widget-text-editor\" data-id=\"0a2f599\" data-element_type=\"widget\" data-e-type=\"widget\" data-widget_type=\"text-editor.default\">\n\t\t\t\t<div class=\"elementor-widget-container\">\n\t\t\t\t\t\t\t\t\t<p>Pute\u021bi juca un rol crucial \u00een acest proces. Prin simpla achizi\u021bionare a unui raport de istoric al vehiculului, contribui\u021bi la un marketplace auto mai sigur. <\/p>\n\t\t\t\t\t\t\t\t<\/div>\n\t\t\t\t<\/div>\n\t\t\t\t<div class=\"elementor-element elementor-element-061f748 elementor-widget elementor-widget-text-editor\" data-id=\"061f748\" data-element_type=\"widget\" data-e-type=\"widget\" data-widget_type=\"text-editor.default\">\n\t\t\t\t<div class=\"elementor-widget-container\">\n\t\t\t\t\t\t\t\t\t<p>Rapoartele noastre de istoric al vehiculului includ informa\u021bii detaliate despre:<\/p>\n\t\t\t\t\t\t\t\t<\/div>\n\t\t\t\t<\/div>\n\t\t\t\t<div class=\"elementor-element elementor-element-fa9c7ee elementor-icon-list--layout-traditional elementor-list-item-link-full_width elementor-widget elementor-widget-icon-list\" data-id=\"fa9c7ee\" data-element_type=\"widget\" data-e-type=\"widget\" data-widget_type=\"icon-list.default\">\n\t\t\t\t<div class=\"elementor-widget-container\">\n\t\t\t\t\t\t\t<ul class=\"elementor-icon-list-items\">\n\t\t\t\t\t\t\t<li class=\"elementor-icon-list-item\">\n\t\t\t\t\t\t\t\t\t\t\t<span class=\"elementor-icon-list-icon\">\n\t\t\t\t\t\t\t<i aria-hidden=\"true\" class=\"fas fa-check\"><\/i>\t\t\t\t\t\t<\/span>\n\t\t\t\t\t\t\t\t\t\t<span class=\"elementor-icon-list-text\"><b>Informa\u021bii despre titlu: <\/b>bold Incluz\u00e2nd detalii despre titluri salvate sau destinate dezmembr\u0103rii.<\/span>\n\t\t\t\t\t\t\t\t\t<\/li>\n\t\t\t\t\t\t\t\t<li class=\"elementor-icon-list-item\">\n\t\t\t\t\t\t\t\t\t\t\t<span class=\"elementor-icon-list-icon\">\n\t\t\t\t\t\t\t<i aria-hidden=\"true\" class=\"fas fa-check\"><\/i>\t\t\t\t\t\t<\/span>\n\t\t\t\t\t\t\t\t\t\t<span class=\"elementor-icon-list-text\"><b>Istoricul incidentelor de inunda\u021bii:<\/b> informa\u021bii importante despre orice daune legate de inunda\u021bii \u0219i titluri salvate.<\/span>\n\t\t\t\t\t\t\t\t\t<\/li>\n\t\t\t\t\t\t\t\t<li class=\"elementor-icon-list-item\">\n\t\t\t\t\t\t\t\t\t\t\t<span class=\"elementor-icon-list-icon\">\n\t\t\t\t\t\t\t<i aria-hidden=\"true\" class=\"fas fa-check\"><\/i>\t\t\t\t\t\t<\/span>\n\t\t\t\t\t\t\t\t\t\t<span class=\"elementor-icon-list-text\"><b>Istoricul accidentelor cu pierdere total\u0103:<\/b> \u00eenregistr\u0103ri clare ale oric\u0103ror incidente \u00een care vehiculul a fost declarat o pierdere total\u0103.<\/span>\n\t\t\t\t\t\t\t\t\t<\/li>\n\t\t\t\t\t\t\t\t<li class=\"elementor-icon-list-item\">\n\t\t\t\t\t\t\t\t\t\t\t<span class=\"elementor-icon-list-icon\">\n\t\t\t\t\t\t\t<i aria-hidden=\"true\" class=\"fas fa-check\"><\/i>\t\t\t\t\t\t<\/span>\n\t\t\t\t\t\t\t\t\t\t<span class=\"elementor-icon-list-text\"><b>Citiri ale odometrului:<\/b> verificarea mileajului corect.<\/span>\n\t\t\t\t\t\t\t\t\t<\/li>\n\t\t\t\t\t\t\t\t<li class=\"elementor-icon-list-item\">\n\t\t\t\t\t\t\t\t\t\t\t<span class=\"elementor-icon-list-icon\">\n\t\t\t\t\t\t\t<i aria-hidden=\"true\" class=\"fas fa-check\"><\/i>\t\t\t\t\t\t<\/span>\n\t\t\t\t\t\t\t\t\t\t<span class=\"elementor-icon-list-text\"><b>Istoria Lemon: <\/b>informa\u021bii relevante privind dac\u0103 vehiculul a fost clasificat\u0103 ca un lemon.<\/span>\n\t\t\t\t\t\t\t\t\t<\/li>\n\t\t\t\t\t\t\t\t<li class=\"elementor-icon-list-item\">\n\t\t\t\t\t\t\t\t\t\t\t<span class=\"elementor-icon-list-icon\">\n\t\t\t\t\t\t\t<i aria-hidden=\"true\" class=\"fas fa-check\"><\/i>\t\t\t\t\t\t<\/span>\n\t\t\t\t\t\t\t\t\t\t<span class=\"elementor-icon-list-text\"><b>Num\u0103rul de proprietari:<\/b> o istorie a proprietarilor anteriori, inclusiv cei cu titluri de salvare sau casare.<\/span>\n\t\t\t\t\t\t\t\t\t<\/li>\n\t\t\t\t\t\t\t\t<li class=\"elementor-icon-list-item\">\n\t\t\t\t\t\t\t\t\t\t\t<span class=\"elementor-icon-list-icon\">\n\t\t\t\t\t\t\t<i aria-hidden=\"true\" class=\"fas fa-check\"><\/i>\t\t\t\t\t\t<\/span>\n\t\t\t\t\t\t\t\t\t\t<span class=\"elementor-icon-list-text\"><b>Indicatori de accident<\/b>: bold Asemenea desf\u0103\u0219ur\u0103rilor de airbag \u0219i altor incidente critice de siguran\u021b\u0103.<\/span>\n\t\t\t\t\t\t\t\t\t<\/li>\n\t\t\t\t\t\t\t\t<li class=\"elementor-icon-list-item\">\n\t\t\t\t\t\t\t\t\t\t\t<span class=\"elementor-icon-list-icon\">\n\t\t\t\t\t\t\t<i aria-hidden=\"true\" class=\"fas fa-check\"><\/i>\t\t\t\t\t\t<\/span>\n\t\t\t\t\t\t\t\t\t\t<span class=\"elementor-icon-list-text\"><b>Rezultatele inspectiei emisiilor de stat: <\/b>eviden\u021be clare ale testelor de emisie de stat \u0219i rezultatele acestora.<\/span>\n\t\t\t\t\t\t\t\t\t<\/li>\n\t\t\t\t\t\t\t\t<li class=\"elementor-icon-list-item\">\n\t\t\t\t\t\t\t\t\t\t\t<span class=\"elementor-icon-list-icon\">\n\t\t\t\t\t\t\t<i aria-hidden=\"true\" class=\"fas fa-check\"><\/i>\t\t\t\t\t\t<\/span>\n\t\t\t\t\t\t\t\t\t\t<span class=\"elementor-icon-list-text\"><b>Istoricul serviciilor<\/b>: Detaliat istoric de service \u0219i \u00eentre\u021binere.<\/span>\n\t\t\t\t\t\t\t\t\t<\/li>\n\t\t\t\t\t\t\t\t<li class=\"elementor-icon-list-item\">\n\t\t\t\t\t\t\t\t\t\t\t<span class=\"elementor-icon-list-icon\">\n\t\t\t\t\t\t\t<i aria-hidden=\"true\" class=\"fas fa-check\"><\/i>\t\t\t\t\t\t<\/span>\n\t\t\t\t\t\t\t\t\t\t<span class=\"elementor-icon-list-text\"><b>Utilizarea Vehiculului:<\/b> informa\u021bii relevante privind utilizarea anterioar\u0103 a vehiculului, cum ar fi taxi, \u00eenchiriere sau leasing.<\/span>\n\t\t\t\t\t\t\t\t\t<\/li>\n\t\t\t\t\t\t<\/ul>\n\t\t\t\t\t\t<\/div>\n\t\t\t\t<\/div>\n\t\t\t\t<div class=\"elementor-element elementor-element-9c1bdd1 elementor-widget elementor-widget-heading\" data-id=\"9c1bdd1\" data-element_type=\"widget\" data-e-type=\"widget\" data-widget_type=\"heading.default\">\n\t\t\t\t<div class=\"elementor-widget-container\">\n\t\t\t\t\t<h2 class=\"elementor-heading-title elementor-size-default\">Analiz\u00e2nd problema<\/h2>\t\t\t\t<\/div>\n\t\t\t\t<\/div>\n\t\t\t\t<div class=\"elementor-element elementor-element-ea7cc37 elementor-widget elementor-widget-text-editor\" data-id=\"ea7cc37\" data-element_type=\"widget\" data-e-type=\"widget\" data-widget_type=\"text-editor.default\">\n\t\t\t\t<div class=\"elementor-widget-container\">\n\t\t\t\t\t\t\t\t\t<p>Pentru a \u00een\u021belege mai bine dinamica furtului de ma\u0219ini, aplic\u0103m principii economice, \u00een special \u201eechilibrul dintre ofert\u0103 \u0219i cerere\u201d. Prin examinarea ma\u0219inilor furate ca o marf\u0103 \u00een cadrul circula\u021biei de pe pia\u021b\u0103, ne propunem s\u0103 identific\u0103m factorii care determin\u0103 acest fenomen. Aceast\u0103 analiz\u0103 ne ajut\u0103 s\u0103 propunem strategii mai eficiente pentru a combate furtul de ma\u0219ini \u0219i a \u00eembun\u0103t\u0103\u021bi siguran\u021ba \u0219i calitatea general\u0103 a vehiculelor.  <\/p>\n\t\t\t\t\t\t\t\t<\/div>\n\t\t\t\t<\/div>\n\t\t\t\t<div class=\"elementor-element elementor-element-f4b67f3 elementor-widget elementor-widget-text-editor\" data-id=\"f4b67f3\" data-element_type=\"widget\" data-e-type=\"widget\" data-widget_type=\"text-editor.default\">\n\t\t\t\t<div class=\"elementor-widget-container\">\n\t\t\t\t\t\t\t\t\t<p>\u00cempreun\u0103, putem face o diferen\u021b\u0103. Al\u0103tura\u021bi-v\u0103 efortului nostru de a crea o pia\u021b\u0103 auto mai sigur\u0103 \u0219i mai transparent\u0103, folosind rapoartele noastre de istoric al vehiculului de \u00eencredere. <\/p>\n\t\t\t\t\t\t\t\t<\/div>\n\t\t\t\t<\/div>\n\t\t\t\t\t<\/div>\n\t\t\t\t<\/div>\n\t\t\t\t<\/div>\n\t\t","protected":false},"excerpt":{"rendered":"<p>Scopul nostru Ne propunem s\u0103 cre\u0219tem con\u0219tientizarea cu privire la problema global\u0103 a furtului de ma\u0219ini \u0219i impactul s\u0103u asupra industriei auto. Statisticile dezv\u0103luie o realitate uluitoare: aproximativ 3 milioane de ma\u0219ini sunt furate \u00een \u00eentreaga lume \u00een fiecare an. Comparativ cu produc\u021bia total\u0103 global\u0103 de ma\u0219ini, aceast\u0103 cifr\u0103 reprezint\u0103 aproape 10% din toate ma\u0219inile [&hellip;]<\/p>\n","protected":false},"author":2,"featured_media":0,"parent":0,"menu_order":0,"comment_status":"closed","ping_status":"closed","template":"","meta":{"inline_featured_image":false,"footnotes":""},"class_list":["post-1586","page","type-page","status-publish","hentry"],"_links":{"self":[{"href":"https:\/\/www.vin-info.com\/ro\/wp-json\/wp\/v2\/pages\/1586","targetHints":{"allow":["GET"]}}],"collection":[{"href":"https:\/\/www.vin-info.com\/ro\/wp-json\/wp\/v2\/pages"}],"about":[{"href":"https:\/\/www.vin-info.com\/ro\/wp-json\/wp\/v2\/types\/page"}],"author":[{"embeddable":true,"href":"https:\/\/www.vin-info.com\/ro\/wp-json\/wp\/v2\/users\/2"}],"replies":[{"embeddable":true,"href":"https:\/\/www.vin-info.com\/ro\/wp-json\/wp\/v2\/comments?post=1586"}],"version-history":[{"count":1,"href":"https:\/\/www.vin-info.com\/ro\/wp-json\/wp\/v2\/pages\/1586\/revisions"}],"predecessor-version":[{"id":1587,"href":"https:\/\/www.vin-info.com\/ro\/wp-json\/wp\/v2\/pages\/1586\/revisions\/1587"}],"wp:attachment":[{"href":"https:\/\/www.vin-info.com\/ro\/wp-json\/wp\/v2\/media?parent=1586"}],"curies":[{"name":"wp","href":"https:\/\/api.w.org\/{rel}","templated":true}]}}