{"id":2186,"date":"2024-08-13T14:51:11","date_gmt":"2024-08-13T12:51:11","guid":{"rendered":"https:\/\/www.vin-info.com\/sobre-nos\/"},"modified":"2024-08-13T14:51:23","modified_gmt":"2024-08-13T12:51:23","slug":"sobre-nos","status":"publish","type":"page","link":"https:\/\/www.vin-info.com\/pt\/sobre-nos\/","title":{"rendered":"Sobre n\u00f3s"},"content":{"rendered":"\t\t<div data-elementor-type=\"wp-page\" data-elementor-id=\"2186\" class=\"elementor elementor-2186 elementor-81\" data-elementor-post-type=\"page\">\n\t\t\t\t<div class=\"elementor-element elementor-element-357b291 e-flex e-con-boxed e-con e-parent\" data-id=\"357b291\" data-element_type=\"container\" data-e-type=\"container\">\n\t\t\t\t\t<div class=\"e-con-inner\">\n\t\t\t\t<div class=\"elementor-element elementor-element-6abb2a8 elementor-widget elementor-widget-heading\" data-id=\"6abb2a8\" data-element_type=\"widget\" data-e-type=\"widget\" data-widget_type=\"heading.default\">\n\t\t\t\t<div class=\"elementor-widget-container\">\n\t\t\t\t\t<h2 class=\"elementor-heading-title elementor-size-default\">Nossa Meta<\/h2>\t\t\t\t<\/div>\n\t\t\t\t<\/div>\n\t\t\t\t<div class=\"elementor-element elementor-element-c5ebda5 elementor-widget elementor-widget-text-editor\" data-id=\"c5ebda5\" data-element_type=\"widget\" data-e-type=\"widget\" data-widget_type=\"text-editor.default\">\n\t\t\t\t<div class=\"elementor-widget-container\">\n\t\t\t\t\t\t\t\t\t<p>Nosso objetivo \u00e9 aumentar a conscientiza\u00e7\u00e3o sobre o problema global do roubo de carros e seu impacto na ind\u00fastria automotiva. Estat\u00edsticas revelam uma realidade impressionante: aproximadamente 3 milh\u00f5es de carros s\u00e3o roubados em todo o mundo a cada ano. Quando comparado \u00e0 produ\u00e7\u00e3o total de carros no mundo, esse n\u00famero representa cerca de 10% de todos os carros produzidos anualmente. Essa taxa alarmante destaca a gravidade do roubo de carros como um problema urgente.   <\/p>\n\t\t\t\t\t\t\t\t<\/div>\n\t\t\t\t<\/div>\n\t\t\t\t<div class=\"elementor-element elementor-element-5fc7e3d elementor-widget elementor-widget-text-editor\" data-id=\"5fc7e3d\" data-element_type=\"widget\" data-e-type=\"widget\" data-widget_type=\"text-editor.default\">\n\t\t\t\t<div class=\"elementor-widget-container\">\n\t\t\t\t\t\t\t\t\t<p>Al\u00e9m disso, queremos destacar o problema dos concession\u00e1rios de autom\u00f3veis sem escr\u00fapulos que vendem ve\u00edculos que comprometem sua seguran\u00e7a. Esses ve\u00edculos muitas vezes v\u00eam de acidentes de tr\u00e2nsito graves ou eventos como inc\u00eandios ou inunda\u00e7\u00f5es, representando riscos significativos para compradores desavisados. <\/p>\n\t\t\t\t\t\t\t\t<\/div>\n\t\t\t\t<\/div>\n\t\t\t\t<div class=\"elementor-element elementor-element-ffe1dd0 elementor-widget elementor-widget-text-editor\" data-id=\"ffe1dd0\" data-element_type=\"widget\" data-e-type=\"widget\" data-widget_type=\"text-editor.default\">\n\t\t\t\t<div class=\"elementor-widget-container\">\n\t\t\t\t\t\t\t\t\t<p>Nossa miss\u00e3o \u00e9 nos opor ativamente a essas pr\u00e1ticas anti\u00e9ticas e contribuir para melhorar a qualidade dos ve\u00edculos dispon\u00edveis no mercado secund\u00e1rio. Estamos comprometidos em causar um impacto positivo ao fornecer relat\u00f3rios confi\u00e1veis de hist\u00f3rico de ve\u00edculos que garantam transa\u00e7\u00f5es mais seguras e transparentes. <\/p>\n\t\t\t\t\t\t\t\t<\/div>\n\t\t\t\t<\/div>\n\t\t\t\t<div class=\"elementor-element elementor-element-e8f5ee4 elementor-widget elementor-widget-heading\" data-id=\"e8f5ee4\" data-element_type=\"widget\" data-e-type=\"widget\" data-widget_type=\"heading.default\">\n\t\t\t\t<div class=\"elementor-widget-container\">\n\t\t\t\t\t<h2 class=\"elementor-heading-title elementor-size-default\">Nossa Oferta<\/h2>\t\t\t\t<\/div>\n\t\t\t\t<\/div>\n\t\t\t\t<div class=\"elementor-element elementor-element-a44dd7a elementor-widget elementor-widget-text-editor\" data-id=\"a44dd7a\" data-element_type=\"widget\" data-e-type=\"widget\" data-widget_type=\"text-editor.default\">\n\t\t\t\t<div class=\"elementor-widget-container\">\n\t\t\t\t\t\t\t\t\t<p>Acreditamos que nossos relat\u00f3rios de hist\u00f3rico de ve\u00edculos abrangentes s\u00e3o fundamentais para ajud\u00e1-lo a comprar um ve\u00edculo seguro e confi\u00e1vel. Ao utilizar nossos relat\u00f3rios de hist\u00f3rico de VIN, voc\u00ea pode melhorar significativamente a qualidade e a seguran\u00e7a dos ve\u00edculos no mercado, especialmente nos EUA. <\/p>\n\t\t\t\t\t\t\t\t<\/div>\n\t\t\t\t<\/div>\n\t\t\t\t<div class=\"elementor-element elementor-element-0a2f599 elementor-widget elementor-widget-text-editor\" data-id=\"0a2f599\" data-element_type=\"widget\" data-e-type=\"widget\" data-widget_type=\"text-editor.default\">\n\t\t\t\t<div class=\"elementor-widget-container\">\n\t\t\t\t\t\t\t\t\t<p>Voc\u00ea pode desempenhar um papel crucial neste processo. Simplesmente ao comprar um relat\u00f3rio de hist\u00f3rico de ve\u00edculos, voc\u00ea contribui para um mercado automotivo mais seguro. <\/p>\n\t\t\t\t\t\t\t\t<\/div>\n\t\t\t\t<\/div>\n\t\t\t\t<div class=\"elementor-element elementor-element-061f748 elementor-widget elementor-widget-text-editor\" data-id=\"061f748\" data-element_type=\"widget\" data-e-type=\"widget\" data-widget_type=\"text-editor.default\">\n\t\t\t\t<div class=\"elementor-widget-container\">\n\t\t\t\t\t\t\t\t\t<p>N na\u0161i izve\u0161taji o istoriji vozila uklju\u010duju detaljne informacije o:<\/p>\n\t\t\t\t\t\t\t\t<\/div>\n\t\t\t\t<\/div>\n\t\t\t\t<div class=\"elementor-element elementor-element-fa9c7ee elementor-icon-list--layout-traditional elementor-list-item-link-full_width elementor-widget elementor-widget-icon-list\" data-id=\"fa9c7ee\" data-element_type=\"widget\" data-e-type=\"widget\" data-widget_type=\"icon-list.default\">\n\t\t\t\t<div class=\"elementor-widget-container\">\n\t\t\t\t\t\t\t<ul class=\"elementor-icon-list-items\">\n\t\t\t\t\t\t\t<li class=\"elementor-icon-list-item\">\n\t\t\t\t\t\t\t\t\t\t\t<span class=\"elementor-icon-list-icon\">\n\t\t\t\t\t\t\t<i aria-hidden=\"true\" class=\"fas fa-check\"><\/i>\t\t\t\t\t\t<\/span>\n\t\t\t\t\t\t\t\t\t\t<span class=\"elementor-icon-list-text\"><b>Informa\u00e7\u00f5es do T\u00edtulo:<\/b> negrito Incluindo detalhes sobre t\u00edtulos recuperados ou desativados.<\/span>\n\t\t\t\t\t\t\t\t\t<\/li>\n\t\t\t\t\t\t\t\t<li class=\"elementor-icon-list-item\">\n\t\t\t\t\t\t\t\t\t\t\t<span class=\"elementor-icon-list-icon\">\n\t\t\t\t\t\t\t<i aria-hidden=\"true\" class=\"fas fa-check\"><\/i>\t\t\t\t\t\t<\/span>\n\t\t\t\t\t\t\t\t\t\t<span class=\"elementor-icon-list-text\"><b>Hist\u00f3rico de Incidentes de Inunda\u00e7\u00f5es:<\/b> Informa\u00e7\u00f5es em destaque sobre quaisquer danos relacionados a inunda\u00e7\u00f5es e t\u00edtulos recuperados.<\/span>\n\t\t\t\t\t\t\t\t\t<\/li>\n\t\t\t\t\t\t\t\t<li class=\"elementor-icon-list-item\">\n\t\t\t\t\t\t\t\t\t\t\t<span class=\"elementor-icon-list-icon\">\n\t\t\t\t\t\t\t<i aria-hidden=\"true\" class=\"fas fa-check\"><\/i>\t\t\t\t\t\t<\/span>\n\t\t\t\t\t\t\t\t\t\t<span class=\"elementor-icon-list-text\"><b>Hist\u00f3rico de Acidentes de Perda Total:<\/b> registros de quaisquer incidentes em que o ve\u00edculo foi declarado uma perda total.<\/span>\n\t\t\t\t\t\t\t\t\t<\/li>\n\t\t\t\t\t\t\t\t<li class=\"elementor-icon-list-item\">\n\t\t\t\t\t\t\t\t\t\t\t<span class=\"elementor-icon-list-icon\">\n\t\t\t\t\t\t\t<i aria-hidden=\"true\" class=\"fas fa-check\"><\/i>\t\t\t\t\t\t<\/span>\n\t\t\t\t\t\t\t\t\t\t<span class=\"elementor-icon-list-text\"><b>Leituras do od\u00f4metro: <\/b>verifica\u00e7\u00e3o em negrito de quilometragem precisa.<\/span>\n\t\t\t\t\t\t\t\t\t<\/li>\n\t\t\t\t\t\t\t\t<li class=\"elementor-icon-list-item\">\n\t\t\t\t\t\t\t\t\t\t\t<span class=\"elementor-icon-list-icon\">\n\t\t\t\t\t\t\t<i aria-hidden=\"true\" class=\"fas fa-check\"><\/i>\t\t\t\t\t\t<\/span>\n\t\t\t\t\t\t\t\t\t\t<span class=\"elementor-icon-list-text\"><b>Hist\u00f3ria do Lim\u00e3o<\/b>: informa\u00e7\u00f5es em negrito sobre se o ve\u00edculo foi classificado como um lim\u00e3o.<\/span>\n\t\t\t\t\t\t\t\t\t<\/li>\n\t\t\t\t\t\t\t\t<li class=\"elementor-icon-list-item\">\n\t\t\t\t\t\t\t\t\t\t\t<span class=\"elementor-icon-list-icon\">\n\t\t\t\t\t\t\t<i aria-hidden=\"true\" class=\"fas fa-check\"><\/i>\t\t\t\t\t\t<\/span>\n\t\t\t\t\t\t\t\t\t\t<span class=\"elementor-icon-list-text\"><b>N\u00famero de Propriet\u00e1rios<\/b>: negrito Uma hist\u00f3ria de propriet\u00e1rios anteriores, incluindo aqueles com t\u00edtulos recuperados ou sucata.<\/span>\n\t\t\t\t\t\t\t\t\t<\/li>\n\t\t\t\t\t\t\t\t<li class=\"elementor-icon-list-item\">\n\t\t\t\t\t\t\t\t\t\t\t<span class=\"elementor-icon-list-icon\">\n\t\t\t\t\t\t\t<i aria-hidden=\"true\" class=\"fas fa-check\"><\/i>\t\t\t\t\t\t<\/span>\n\t\t\t\t\t\t\t\t\t\t<span class=\"elementor-icon-list-text\"><b>Indicadores de acidentes<\/b>: negrito como o acionamento de airbags e outros incidentes cr\u00edticos de seguran\u00e7a.<\/span>\n\t\t\t\t\t\t\t\t\t<\/li>\n\t\t\t\t\t\t\t\t<li class=\"elementor-icon-list-item\">\n\t\t\t\t\t\t\t\t\t\t\t<span class=\"elementor-icon-list-icon\">\n\t\t\t\t\t\t\t<i aria-hidden=\"true\" class=\"fas fa-check\"><\/i>\t\t\t\t\t\t<\/span>\n\t\t\t\t\t\t\t\t\t\t<span class=\"elementor-icon-list-text\"><b>Resultados da Inspe\u00e7\u00e3o de Emiss\u00f5es do Estado:<\/b> Registros detalhados dos testes de emiss\u00f5es do estado e resultados.<\/span>\n\t\t\t\t\t\t\t\t\t<\/li>\n\t\t\t\t\t\t\t\t<li class=\"elementor-icon-list-item\">\n\t\t\t\t\t\t\t\t\t\t\t<span class=\"elementor-icon-list-icon\">\n\t\t\t\t\t\t\t<i aria-hidden=\"true\" class=\"fas fa-check\"><\/i>\t\t\t\t\t\t<\/span>\n\t\t\t\t\t\t\t\t\t\t<span class=\"elementor-icon-list-text\"><b>Registros de Servi\u00e7o<\/b>: hist\u00f3rico de servi\u00e7o e manuten\u00e7\u00e3o detalhado e em destaque.<\/span>\n\t\t\t\t\t\t\t\t\t<\/li>\n\t\t\t\t\t\t\t\t<li class=\"elementor-icon-list-item\">\n\t\t\t\t\t\t\t\t\t\t\t<span class=\"elementor-icon-list-icon\">\n\t\t\t\t\t\t\t<i aria-hidden=\"true\" class=\"fas fa-check\"><\/i>\t\t\t\t\t\t<\/span>\n\t\t\t\t\t\t\t\t\t\t<span class=\"elementor-icon-list-text\"><b>Uso do Ve\u00edculo:<\/b> Informa\u00e7\u00f5es em destaque sobre o uso passado do ve\u00edculo, como t\u00e1xi, loca\u00e7\u00e3o ou leasing.<\/span>\n\t\t\t\t\t\t\t\t\t<\/li>\n\t\t\t\t\t\t<\/ul>\n\t\t\t\t\t\t<\/div>\n\t\t\t\t<\/div>\n\t\t\t\t<div class=\"elementor-element elementor-element-9c1bdd1 elementor-widget elementor-widget-heading\" data-id=\"9c1bdd1\" data-element_type=\"widget\" data-e-type=\"widget\" data-widget_type=\"heading.default\">\n\t\t\t\t<div class=\"elementor-widget-container\">\n\t\t\t\t\t<h2 class=\"elementor-heading-title elementor-size-default\">Analisando a Quest\u00e3o<\/h2>\t\t\t\t<\/div>\n\t\t\t\t<\/div>\n\t\t\t\t<div class=\"elementor-element elementor-element-ea7cc37 elementor-widget elementor-widget-text-editor\" data-id=\"ea7cc37\" data-element_type=\"widget\" data-e-type=\"widget\" data-widget_type=\"text-editor.default\">\n\t\t\t\t<div class=\"elementor-widget-container\">\n\t\t\t\t\t\t\t\t\t<p>Para entender melhor a din\u00e2mica do roubo de carros, aplicamos princ\u00edpios econ\u00f4micos, particularmente o &#8220;equil\u00edbrio entre oferta e demanda.&#8221; Ao examinar carros roubados como uma mercadoria dentro do giro do mercado, buscamos identificar os fatores que impulsionam esse fen\u00f4meno. Esta an\u00e1lise nos ajuda a propor estrat\u00e9gias mais eficazes para combater o roubo de carros e melhorar a seguran\u00e7a e a qualidade geral dos ve\u00edculos.  <\/p>\n\t\t\t\t\t\t\t\t<\/div>\n\t\t\t\t<\/div>\n\t\t\t\t<div class=\"elementor-element elementor-element-f4b67f3 elementor-widget elementor-widget-text-editor\" data-id=\"f4b67f3\" data-element_type=\"widget\" data-e-type=\"widget\" data-widget_type=\"text-editor.default\">\n\t\t\t\t<div class=\"elementor-widget-container\">\n\t\t\t\t\t\t\t\t\t<p>Juntos, podemos fazer a diferen\u00e7a. Participe de nosso esfor\u00e7o para criar um mercado automotivo mais seguro e transparente, utilizando nossos relat\u00f3rios de hist\u00f3rico de ve\u00edculos confi\u00e1veis. <\/p>\n\t\t\t\t\t\t\t\t<\/div>\n\t\t\t\t<\/div>\n\t\t\t\t\t<\/div>\n\t\t\t\t<\/div>\n\t\t\t\t<\/div>\n\t\t","protected":false},"excerpt":{"rendered":"<p>Nossa Meta Nosso objetivo \u00e9 aumentar a conscientiza\u00e7\u00e3o sobre o problema global do roubo de carros e seu impacto na ind\u00fastria automotiva. Estat\u00edsticas revelam uma realidade impressionante: aproximadamente 3 milh\u00f5es de carros s\u00e3o roubados em todo o mundo a cada ano. Quando comparado \u00e0 produ\u00e7\u00e3o total de carros no mundo, esse n\u00famero representa cerca de [&hellip;]<\/p>\n","protected":false},"author":2,"featured_media":0,"parent":0,"menu_order":0,"comment_status":"closed","ping_status":"closed","template":"","meta":{"inline_featured_image":false,"footnotes":""},"class_list":["post-2186","page","type-page","status-publish","hentry"],"_links":{"self":[{"href":"https:\/\/www.vin-info.com\/pt\/wp-json\/wp\/v2\/pages\/2186","targetHints":{"allow":["GET"]}}],"collection":[{"href":"https:\/\/www.vin-info.com\/pt\/wp-json\/wp\/v2\/pages"}],"about":[{"href":"https:\/\/www.vin-info.com\/pt\/wp-json\/wp\/v2\/types\/page"}],"author":[{"embeddable":true,"href":"https:\/\/www.vin-info.com\/pt\/wp-json\/wp\/v2\/users\/2"}],"replies":[{"embeddable":true,"href":"https:\/\/www.vin-info.com\/pt\/wp-json\/wp\/v2\/comments?post=2186"}],"version-history":[{"count":1,"href":"https:\/\/www.vin-info.com\/pt\/wp-json\/wp\/v2\/pages\/2186\/revisions"}],"predecessor-version":[{"id":2190,"href":"https:\/\/www.vin-info.com\/pt\/wp-json\/wp\/v2\/pages\/2186\/revisions\/2190"}],"wp:attachment":[{"href":"https:\/\/www.vin-info.com\/pt\/wp-json\/wp\/v2\/media?parent=2186"}],"curies":[{"name":"wp","href":"https:\/\/api.w.org\/{rel}","templated":true}]}}