{"id":2149,"date":"2024-08-13T14:50:35","date_gmt":"2024-08-13T12:50:35","guid":{"rendered":"https:\/\/www.vin-info.com\/o-que-ha-de-novo\/"},"modified":"2024-09-04T13:47:17","modified_gmt":"2024-09-04T11:47:17","slug":"o-que-ha-de-novo","status":"publish","type":"page","link":"https:\/\/www.vin-info.com\/pt\/o-que-ha-de-novo\/","title":{"rendered":"O que h\u00e1 de novo"},"content":{"rendered":"\t\t<div data-elementor-type=\"wp-page\" data-elementor-id=\"2149\" class=\"elementor elementor-2149 elementor-70\" data-elementor-post-type=\"page\">\n\t\t\t\t<div class=\"elementor-element elementor-element-cff0ae2 e-flex e-con-boxed e-con e-parent\" data-id=\"cff0ae2\" data-element_type=\"container\" data-e-type=\"container\">\n\t\t\t\t\t<div class=\"e-con-inner\">\n\t\t\t\t<div class=\"elementor-element elementor-element-8902441 elementor-grid-3 elementor-grid-tablet-2 elementor-grid-mobile-1 elementor-posts--thumbnail-top elementor-card-shadow-yes elementor-posts__hover-gradient elementor-widget elementor-widget-posts\" data-id=\"8902441\" data-element_type=\"widget\" data-e-type=\"widget\" data-settings=\"{&quot;pagination_type&quot;:&quot;numbers_and_prev_next&quot;,&quot;cards_row_gap&quot;:{&quot;unit&quot;:&quot;px&quot;,&quot;size&quot;:25,&quot;sizes&quot;:[]},&quot;cards_columns&quot;:&quot;3&quot;,&quot;cards_columns_tablet&quot;:&quot;2&quot;,&quot;cards_columns_mobile&quot;:&quot;1&quot;,&quot;cards_row_gap_tablet&quot;:{&quot;unit&quot;:&quot;px&quot;,&quot;size&quot;:&quot;&quot;,&quot;sizes&quot;:[]},&quot;cards_row_gap_mobile&quot;:{&quot;unit&quot;:&quot;px&quot;,&quot;size&quot;:&quot;&quot;,&quot;sizes&quot;:[]}}\" data-widget_type=\"posts.cards\">\n\t\t\t\t<div class=\"elementor-widget-container\">\n\t\t\t\t\t\t\t<div class=\"elementor-posts-container elementor-posts elementor-posts--skin-cards elementor-grid\" role=\"list\">\n\t\t\t\t<article class=\"elementor-post elementor-grid-item post-3534 post type-post status-publish format-standard has-post-thumbnail hentry category-noticias tag-safetyvipt\" role=\"listitem\">\n\t\t\t<div class=\"elementor-post__card\">\n\t\t\t\t<a class=\"elementor-post__thumbnail__link\" href=\"https:\/\/www.vin-info.com\/pt\/recursos-essenciais-de-seguranca-automotiva-requisitos-legais-vs-padroes-da-industria\/\" tabindex=\"-1\" ><div class=\"elementor-post__thumbnail\"><img fetchpriority=\"high\" decoding=\"async\" width=\"300\" height=\"199\" src=\"https:\/\/www.vin-info.com\/wp-content\/uploads\/2024\/09\/al_qmyarvnu-300x199.jpg\" class=\"attachment-medium size-medium wp-image-3512\" alt=\"\" srcset=\"https:\/\/www.vin-info.com\/wp-content\/uploads\/2024\/09\/al_qmyarvnu-300x199.jpg 300w, https:\/\/www.vin-info.com\/wp-content\/uploads\/2024\/09\/al_qmyarvnu-1024x680.jpg 1024w, https:\/\/www.vin-info.com\/wp-content\/uploads\/2024\/09\/al_qmyarvnu-768x510.jpg 768w, https:\/\/www.vin-info.com\/wp-content\/uploads\/2024\/09\/al_qmyarvnu-1536x1020.jpg 1536w, https:\/\/www.vin-info.com\/wp-content\/uploads\/2024\/09\/al_qmyarvnu.jpg 1600w\" sizes=\"(max-width: 300px) 100vw, 300px\" \/><\/div><\/a>\n\t\t\t\t<div class=\"elementor-post__text\">\n\t\t\t\t<h3 class=\"elementor-post__title\">\n\t\t\t<a href=\"https:\/\/www.vin-info.com\/pt\/recursos-essenciais-de-seguranca-automotiva-requisitos-legais-vs-padroes-da-industria\/\" >\n\t\t\t\tRecursos essenciais de seguran\u00e7a automotiva: requisitos legais vs. padr\u00f5es da ind\u00fastria\t\t\t<\/a>\n\t\t<\/h3>\n\t\t\t\t<div class=\"elementor-post__excerpt\">\n\t\t\t<p>No cen\u00e1rio automotivo atual, a import\u00e2ncia dos recursos de seguran\u00e7a dos autom\u00f3veis n\u00e3o pode ser subestimada. Com os avan\u00e7os na tecnologia e a crescente necessidade de ve\u00edculos mais seguros, entender\t\t<\/div>\n\t\t\t\t<\/div>\n\t\t\t\t\t<\/div>\n\t\t<\/article>\n\t\t\t\t<article class=\"elementor-post elementor-grid-item post-3483 post type-post status-publish format-standard has-post-thumbnail hentry category-noticias tag-reportukpt\" role=\"listitem\">\n\t\t\t<div class=\"elementor-post__card\">\n\t\t\t\t<a class=\"elementor-post__thumbnail__link\" href=\"https:\/\/www.vin-info.com\/pt\/entendendo-o-imposto-rodoviario-no-reino-unido-um-guia-abrangente-para-o-imposto-sobre-veiculos\/\" tabindex=\"-1\" ><div class=\"elementor-post__thumbnail\"><img decoding=\"async\" width=\"300\" height=\"200\" src=\"https:\/\/www.vin-info.com\/wp-content\/uploads\/2024\/08\/bfloxcrijvq-300x200.jpg\" class=\"attachment-medium size-medium wp-image-3367\" alt=\"\" srcset=\"https:\/\/www.vin-info.com\/wp-content\/uploads\/2024\/08\/bfloxcrijvq-300x200.jpg 300w, https:\/\/www.vin-info.com\/wp-content\/uploads\/2024\/08\/bfloxcrijvq-1024x683.jpg 1024w, https:\/\/www.vin-info.com\/wp-content\/uploads\/2024\/08\/bfloxcrijvq-768x512.jpg 768w, https:\/\/www.vin-info.com\/wp-content\/uploads\/2024\/08\/bfloxcrijvq-1536x1024.jpg 1536w, https:\/\/www.vin-info.com\/wp-content\/uploads\/2024\/08\/bfloxcrijvq.jpg 1600w\" sizes=\"(max-width: 300px) 100vw, 300px\" \/><\/div><\/a>\n\t\t\t\t<div class=\"elementor-post__text\">\n\t\t\t\t<h3 class=\"elementor-post__title\">\n\t\t\t<a href=\"https:\/\/www.vin-info.com\/pt\/entendendo-o-imposto-rodoviario-no-reino-unido-um-guia-abrangente-para-o-imposto-sobre-veiculos\/\" >\n\t\t\t\tEntendendo o Imposto Rodovi\u00e1rio no Reino Unido: Um Guia Abrangente para o Imposto sobre Ve\u00edculos\t\t\t<\/a>\n\t\t<\/h3>\n\t\t\t\t<div class=\"elementor-post__excerpt\">\n\t\t\t<p>O Imposto sobre Ve\u00edculos (VED), comumente conhecido como imposto rodovi\u00e1rio, \u00e9 um imposto obrigat\u00f3rio aplicado a quase todos os ve\u00edculos no Reino Unido. Este imposto \u00e9 um aspecto essencial da\t\t<\/div>\n\t\t\t\t<\/div>\n\t\t\t\t\t<\/div>\n\t\t<\/article>\n\t\t\t\t<article class=\"elementor-post elementor-grid-item post-3478 post type-post status-publish format-standard has-post-thumbnail hentry category-noticias tag-safetyvipt\" role=\"listitem\">\n\t\t\t<div class=\"elementor-post__card\">\n\t\t\t\t<a class=\"elementor-post__thumbnail__link\" href=\"https:\/\/www.vin-info.com\/pt\/o-que-sao-recalls-de-veiculos-e-por-que-sao-importantes-para-a-seguranca\/\" tabindex=\"-1\" ><div class=\"elementor-post__thumbnail\"><img decoding=\"async\" width=\"300\" height=\"200\" src=\"https:\/\/www.vin-info.com\/wp-content\/uploads\/2024\/09\/tnynxi0whxs-300x200.jpg\" class=\"attachment-medium size-medium wp-image-3669\" alt=\"\" srcset=\"https:\/\/www.vin-info.com\/wp-content\/uploads\/2024\/09\/tnynxi0whxs-300x200.jpg 300w, https:\/\/www.vin-info.com\/wp-content\/uploads\/2024\/09\/tnynxi0whxs-1024x683.jpg 1024w, https:\/\/www.vin-info.com\/wp-content\/uploads\/2024\/09\/tnynxi0whxs-768x512.jpg 768w, https:\/\/www.vin-info.com\/wp-content\/uploads\/2024\/09\/tnynxi0whxs-1536x1024.jpg 1536w, https:\/\/www.vin-info.com\/wp-content\/uploads\/2024\/09\/tnynxi0whxs.jpg 1600w\" sizes=\"(max-width: 300px) 100vw, 300px\" \/><\/div><\/a>\n\t\t\t\t<div class=\"elementor-post__text\">\n\t\t\t\t<h3 class=\"elementor-post__title\">\n\t\t\t<a href=\"https:\/\/www.vin-info.com\/pt\/o-que-sao-recalls-de-veiculos-e-por-que-sao-importantes-para-a-seguranca\/\" >\n\t\t\t\tO que s\u00e3o recalls de ve\u00edculos e por que s\u00e3o importantes para a seguran\u00e7a?\t\t\t<\/a>\n\t\t<\/h3>\n\t\t\t\t<div class=\"elementor-post__excerpt\">\n\t\t\t<p>Os recalls de ve\u00edculos desempenham um papel crucial na garantia da seguran\u00e7a dos consumidores e na integridade do setor automotivo como um todo. Compreender o que constitui um recall de\t\t<\/div>\n\t\t\t\t<\/div>\n\t\t\t\t\t<\/div>\n\t\t<\/article>\n\t\t\t\t<article class=\"elementor-post elementor-grid-item post-3433 post type-post status-publish format-standard has-post-thumbnail hentry category-noticias tag-reportukpt\" role=\"listitem\">\n\t\t\t<div class=\"elementor-post__card\">\n\t\t\t\t<a class=\"elementor-post__thumbnail__link\" href=\"https:\/\/www.vin-info.com\/pt\/guia-completo-para-o-mot-garantindo-que-o-seu-veiculo-esta-em-condicoes-de-circular-e-legal-no-reino-unido\/\" tabindex=\"-1\" ><div class=\"elementor-post__thumbnail\"><img loading=\"lazy\" decoding=\"async\" width=\"300\" height=\"200\" src=\"https:\/\/www.vin-info.com\/wp-content\/uploads\/2024\/08\/vwemmg8xmfw-300x200.jpg\" class=\"attachment-medium size-medium wp-image-3346\" alt=\"\" srcset=\"https:\/\/www.vin-info.com\/wp-content\/uploads\/2024\/08\/vwemmg8xmfw-300x200.jpg 300w, https:\/\/www.vin-info.com\/wp-content\/uploads\/2024\/08\/vwemmg8xmfw-1024x683.jpg 1024w, https:\/\/www.vin-info.com\/wp-content\/uploads\/2024\/08\/vwemmg8xmfw-768x512.jpg 768w, https:\/\/www.vin-info.com\/wp-content\/uploads\/2024\/08\/vwemmg8xmfw-1536x1024.jpg 1536w, https:\/\/www.vin-info.com\/wp-content\/uploads\/2024\/08\/vwemmg8xmfw.jpg 1600w\" sizes=\"(max-width: 300px) 100vw, 300px\" \/><\/div><\/a>\n\t\t\t\t<div class=\"elementor-post__text\">\n\t\t\t\t<h3 class=\"elementor-post__title\">\n\t\t\t<a href=\"https:\/\/www.vin-info.com\/pt\/guia-completo-para-o-mot-garantindo-que-o-seu-veiculo-esta-em-condicoes-de-circular-e-legal-no-reino-unido\/\" >\n\t\t\t\tGuia Completo para o MOT: Garantindo que o Seu Ve\u00edculo Est\u00e1 em Condi\u00e7\u00f5es de Circular e Legal no Reino Unido\t\t\t<\/a>\n\t\t<\/h3>\n\t\t\t\t<div class=\"elementor-post__excerpt\">\n\t\t\t<p>O teste do Minist\u00e9rio dos Transportes, comumente referido como MOT, \u00e9 um aspecto essencial da posse de ve\u00edculos no Reino Unido. Esta inspe\u00e7\u00e3o anual e obrigat\u00f3ria garante que os ve\u00edculos\t\t<\/div>\n\t\t\t\t<\/div>\n\t\t\t\t\t<\/div>\n\t\t<\/article>\n\t\t\t\t<article class=\"elementor-post elementor-grid-item post-3405 post type-post status-publish format-standard has-post-thumbnail hentry category-noticias tag-damagevien-pt\" role=\"listitem\">\n\t\t\t<div class=\"elementor-post__card\">\n\t\t\t\t<a class=\"elementor-post__thumbnail__link\" href=\"https:\/\/www.vin-info.com\/pt\/como-reparos-anteriores-de-danos-no-carro-impactam-o-valor-de-revenda-do-veiculo-o-que-compradores-e-vendedores-precisam-saber\/\" tabindex=\"-1\" ><div class=\"elementor-post__thumbnail\"><img loading=\"lazy\" decoding=\"async\" width=\"300\" height=\"200\" src=\"https:\/\/www.vin-info.com\/wp-content\/uploads\/2024\/08\/ucdrfflhsmc-300x200.jpg\" class=\"attachment-medium size-medium wp-image-3406\" alt=\"\" srcset=\"https:\/\/www.vin-info.com\/wp-content\/uploads\/2024\/08\/ucdrfflhsmc-300x200.jpg 300w, https:\/\/www.vin-info.com\/wp-content\/uploads\/2024\/08\/ucdrfflhsmc-1024x682.jpg 1024w, https:\/\/www.vin-info.com\/wp-content\/uploads\/2024\/08\/ucdrfflhsmc-768x512.jpg 768w, https:\/\/www.vin-info.com\/wp-content\/uploads\/2024\/08\/ucdrfflhsmc-1536x1023.jpg 1536w, https:\/\/www.vin-info.com\/wp-content\/uploads\/2024\/08\/ucdrfflhsmc.jpg 1600w\" sizes=\"(max-width: 300px) 100vw, 300px\" \/><\/div><\/a>\n\t\t\t\t<div class=\"elementor-post__text\">\n\t\t\t\t<h3 class=\"elementor-post__title\">\n\t\t\t<a href=\"https:\/\/www.vin-info.com\/pt\/como-reparos-anteriores-de-danos-no-carro-impactam-o-valor-de-revenda-do-veiculo-o-que-compradores-e-vendedores-precisam-saber\/\" >\n\t\t\t\tComo reparos anteriores de danos no carro impactam o valor de revenda do ve\u00edculo: O que compradores e vendedores precisam saber.\t\t\t<\/a>\n\t\t<\/h3>\n\t\t\t\t<div class=\"elementor-post__excerpt\">\n\t\t\t<p>Quando se trata de comprar ou vender um carro usado, entender o impacto de reparos anteriores no valor de revenda do ve\u00edculo \u00e9 crucial. Se voc\u00ea \u00e9 um comprador em\t\t<\/div>\n\t\t\t\t<\/div>\n\t\t\t\t\t<\/div>\n\t\t<\/article>\n\t\t\t\t<article class=\"elementor-post elementor-grid-item post-3353 post type-post status-publish format-standard has-post-thumbnail hentry category-noticias tag-damagevien-pt\" role=\"listitem\">\n\t\t\t<div class=\"elementor-post__card\">\n\t\t\t\t<a class=\"elementor-post__thumbnail__link\" href=\"https:\/\/www.vin-info.com\/pt\/como-ler-relatorios-sobre-historico-de-eventos-e-danos\/\" tabindex=\"-1\" ><div class=\"elementor-post__thumbnail\"><img loading=\"lazy\" decoding=\"async\" width=\"300\" height=\"225\" src=\"https:\/\/www.vin-info.com\/wp-content\/uploads\/2024\/09\/ckjxgyfndqc-300x225.jpg\" class=\"attachment-medium size-medium wp-image-3757\" alt=\"\" srcset=\"https:\/\/www.vin-info.com\/wp-content\/uploads\/2024\/09\/ckjxgyfndqc-300x225.jpg 300w, https:\/\/www.vin-info.com\/wp-content\/uploads\/2024\/09\/ckjxgyfndqc-1024x768.jpg 1024w, https:\/\/www.vin-info.com\/wp-content\/uploads\/2024\/09\/ckjxgyfndqc-768x576.jpg 768w, https:\/\/www.vin-info.com\/wp-content\/uploads\/2024\/09\/ckjxgyfndqc-1536x1152.jpg 1536w, https:\/\/www.vin-info.com\/wp-content\/uploads\/2024\/09\/ckjxgyfndqc.jpg 1600w\" sizes=\"(max-width: 300px) 100vw, 300px\" \/><\/div><\/a>\n\t\t\t\t<div class=\"elementor-post__text\">\n\t\t\t\t<h3 class=\"elementor-post__title\">\n\t\t\t<a href=\"https:\/\/www.vin-info.com\/pt\/como-ler-relatorios-sobre-historico-de-eventos-e-danos\/\" >\n\t\t\t\tComo ler relat\u00f3rios sobre hist\u00f3rico de eventos e danos.\t\t\t<\/a>\n\t\t<\/h3>\n\t\t\t\t<div class=\"elementor-post__excerpt\">\n\t\t\t<p>Comprar um carro usado pode ser uma tarefa assustadora, especialmente se voc\u00ea n\u00e3o tem certeza sobre o seu passado. Compreender o hist\u00f3rico de eventos e danos de um ve\u00edculo \u00e9\t\t<\/div>\n\t\t\t\t<\/div>\n\t\t\t\t\t<\/div>\n\t\t<\/article>\n\t\t\t\t<\/div>\n\t\t\n\t\t\t\t<div class=\"e-load-more-anchor\" data-page=\"1\" data-max-page=\"5\" data-next-page=\"https:\/\/www.vin-info.com\/pt\/wp-json\/wp\/v2\/pages\/2149\/page\/2\/\"><\/div>\n\t\t\t\t<nav class=\"elementor-pagination\" aria-label=\"Pagination\">\n\t\t\t<span class=\"page-numbers prev\">\u00ab Anterior \u00bb<\/span>\n<span aria-current=\"page\" class=\"page-numbers current\"><span class=\"elementor-screen-only\">Page<\/span>1<\/span>\n<a class=\"page-numbers\" href=\"https:\/\/www.vin-info.com\/pt\/wp-json\/wp\/v2\/pages\/2149\/page\/2\/\"><span class=\"elementor-screen-only\">Page<\/span>2<\/a>\n<a class=\"page-numbers\" href=\"https:\/\/www.vin-info.com\/pt\/wp-json\/wp\/v2\/pages\/2149\/page\/3\/\"><span class=\"elementor-screen-only\">Page<\/span>3<\/a>\n<a class=\"page-numbers\" href=\"https:\/\/www.vin-info.com\/pt\/wp-json\/wp\/v2\/pages\/2149\/page\/4\/\"><span class=\"elementor-screen-only\">Page<\/span>4<\/a>\n<a class=\"page-numbers\" href=\"https:\/\/www.vin-info.com\/pt\/wp-json\/wp\/v2\/pages\/2149\/page\/5\/\"><span class=\"elementor-screen-only\">Page<\/span>5<\/a>\n<a class=\"page-numbers next\" href=\"https:\/\/www.vin-info.com\/pt\/wp-json\/wp\/v2\/pages\/2149\/page\/2\/\">Pr\u00f3ximo \u00bb<\/a>\t\t<\/nav>\n\t\t\t\t\t\t<\/div>\n\t\t\t\t<\/div>\n\t\t\t\t\t<\/div>\n\t\t\t\t<\/div>\n\t\t\t\t<\/div>\n\t\t","protected":false},"excerpt":{"rendered":"","protected":false},"author":2,"featured_media":0,"parent":0,"menu_order":0,"comment_status":"closed","ping_status":"closed","template":"","meta":{"inline_featured_image":false,"footnotes":""},"class_list":["post-2149","page","type-page","status-publish","hentry"],"_links":{"self":[{"href":"https:\/\/www.vin-info.com\/pt\/wp-json\/wp\/v2\/pages\/2149","targetHints":{"allow":["GET"]}}],"collection":[{"href":"https:\/\/www.vin-info.com\/pt\/wp-json\/wp\/v2\/pages"}],"about":[{"href":"https:\/\/www.vin-info.com\/pt\/wp-json\/wp\/v2\/types\/page"}],"author":[{"embeddable":true,"href":"https:\/\/www.vin-info.com\/pt\/wp-json\/wp\/v2\/users\/2"}],"replies":[{"embeddable":true,"href":"https:\/\/www.vin-info.com\/pt\/wp-json\/wp\/v2\/comments?post=2149"}],"version-history":[{"count":2,"href":"https:\/\/www.vin-info.com\/pt\/wp-json\/wp\/v2\/pages\/2149\/revisions"}],"predecessor-version":[{"id":3617,"href":"https:\/\/www.vin-info.com\/pt\/wp-json\/wp\/v2\/pages\/2149\/revisions\/3617"}],"wp:attachment":[{"href":"https:\/\/www.vin-info.com\/pt\/wp-json\/wp\/v2\/media?parent=2149"}],"curies":[{"name":"wp","href":"https:\/\/api.w.org\/{rel}","templated":true}]}}