{"id":1706,"date":"2024-08-09T15:59:25","date_gmt":"2024-08-09T13:59:25","guid":{"rendered":"https:\/\/www.vin-info.com\/transporto-priemones-istorijos-ataskaitos\/"},"modified":"2024-08-09T15:59:27","modified_gmt":"2024-08-09T13:59:27","slug":"transporto-priemones-istorijos-ataskaitos","status":"publish","type":"page","link":"https:\/\/www.vin-info.com\/lt\/transporto-priemones-istorijos-ataskaitos\/","title":{"rendered":"Transporto priemon\u0117s istorijos ataskaitos"},"content":{"rendered":"\t\t<div data-elementor-type=\"wp-page\" data-elementor-id=\"1706\" class=\"elementor elementor-1706 elementor-733\" data-elementor-post-type=\"page\">\n\t\t\t\t<div class=\"elementor-element elementor-element-583a7bf e-flex e-con-boxed e-con e-parent\" data-id=\"583a7bf\" data-element_type=\"container\" data-e-type=\"container\">\n\t\t\t\t\t<div class=\"e-con-inner\">\n\t\t\t\t<div class=\"elementor-element elementor-element-880840d elementor-widget elementor-widget-heading\" data-id=\"880840d\" data-element_type=\"widget\" data-e-type=\"widget\" data-widget_type=\"heading.default\">\n\t\t\t\t<div class=\"elementor-widget-container\">\n\t\t\t\t\t<h2 class=\"elementor-heading-title elementor-size-default\">Kod\u0117l pasirinkti transporto priemon\u0117s istorijos ataskait\u0105 i\u0161 VIN-Info?<\/h2>\t\t\t\t<\/div>\n\t\t\t\t<\/div>\n\t\t\t\t<div class=\"elementor-element elementor-element-d6f94ad elementor-widget elementor-widget-text-editor\" data-id=\"d6f94ad\" data-element_type=\"widget\" data-e-type=\"widget\" data-widget_type=\"text-editor.default\">\n\t\t\t\t<div class=\"elementor-widget-container\">\n\t\t\t\t\t\t\t\t\t<p>VIN-INFO transporto istorijos ataskaita pateikia i\u0161sami\u0105 transporto priemon\u0117s praeities ap\u017evalg\u0105, sudaryt\u0105 remiantis daugybe patikim\u0173 \u0161altini\u0173. \u0160i ataskaita yra geriausia j\u016bs\u0173 gynybos priemon\u0117 naudot\u0173 automobili\u0173 rinkoje, u\u017etikrinanti skaidrum\u0105 ir padedanti priimti informuot\u0105 pirkimo sprendim\u0105. Duomenys renkami i\u0161 \u012fvairi\u0173 nepriklausom\u0173 institucij\u0173, \u012fskaitant:  <\/p>\n\t\t\t\t\t\t\t\t<\/div>\n\t\t\t\t<\/div>\n\t\t\t\t<div class=\"elementor-element elementor-element-79ed062 elementor-icon-list--layout-traditional elementor-list-item-link-full_width elementor-widget elementor-widget-icon-list\" data-id=\"79ed062\" data-element_type=\"widget\" data-e-type=\"widget\" data-widget_type=\"icon-list.default\">\n\t\t\t\t<div class=\"elementor-widget-container\">\n\t\t\t\t\t\t\t<ul class=\"elementor-icon-list-items\">\n\t\t\t\t\t\t\t<li class=\"elementor-icon-list-item\">\n\t\t\t\t\t\t\t\t\t\t\t<span class=\"elementor-icon-list-icon\">\n\t\t\t\t\t\t\t<i aria-hidden=\"true\" class=\"fas fa-chevron-right\"><\/i>\t\t\t\t\t\t<\/span>\n\t\t\t\t\t\t\t\t\t\t<span class=\"elementor-icon-list-text\">Vyriausybin\u0117s institucijos<\/span>\n\t\t\t\t\t\t\t\t\t<\/li>\n\t\t\t\t\t\t\t\t<li class=\"elementor-icon-list-item\">\n\t\t\t\t\t\t\t\t\t\t\t<span class=\"elementor-icon-list-icon\">\n\t\t\t\t\t\t\t<i aria-hidden=\"true\" class=\"fas fa-chevron-right\"><\/i>\t\t\t\t\t\t<\/span>\n\t\t\t\t\t\t\t\t\t\t<span class=\"elementor-icon-list-text\">Ne pelno organizacijos<\/span>\n\t\t\t\t\t\t\t\t\t<\/li>\n\t\t\t\t\t\t\t\t<li class=\"elementor-icon-list-item\">\n\t\t\t\t\t\t\t\t\t\t\t<span class=\"elementor-icon-list-icon\">\n\t\t\t\t\t\t\t<i aria-hidden=\"true\" class=\"fas fa-chevron-right\"><\/i>\t\t\t\t\t\t<\/span>\n\t\t\t\t\t\t\t\t\t\t<span class=\"elementor-icon-list-text\">Pramon\u0117s partneriai<\/span>\n\t\t\t\t\t\t\t\t\t<\/li>\n\t\t\t\t\t\t<\/ul>\n\t\t\t\t\t\t<\/div>\n\t\t\t\t<\/div>\n\t\t\t\t<div class=\"elementor-element elementor-element-8f54136 elementor-widget elementor-widget-heading\" data-id=\"8f54136\" data-element_type=\"widget\" data-e-type=\"widget\" data-widget_type=\"heading.default\">\n\t\t\t\t<div class=\"elementor-widget-container\">\n\t\t\t\t\t<h2 class=\"elementor-heading-title elementor-size-default\">K\u0105 apima transporto priemoni\u0173 istorijos ataskaita?<\/h2>\t\t\t\t<\/div>\n\t\t\t\t<\/div>\n\t\t\t\t<div class=\"elementor-element elementor-element-72e53ca elementor-widget elementor-widget-text-editor\" data-id=\"72e53ca\" data-element_type=\"widget\" data-e-type=\"widget\" data-widget_type=\"text-editor.default\">\n\t\t\t\t<div class=\"elementor-widget-container\">\n\t\t\t\t\t\t\t\t\t<p>Prie\u0161 u\u017esakant, vartotojams pateikiama informacija apie ataskaitoje esan\u010dias skiltis. \u0160tai ko galite tik\u0117tis: <\/p>\n\t\t\t\t\t\t\t\t<\/div>\n\t\t\t\t<\/div>\n\t\t\t\t<div class=\"elementor-element elementor-element-e70135d elementor-widget elementor-widget-heading\" data-id=\"e70135d\" data-element_type=\"widget\" data-e-type=\"widget\" data-widget_type=\"heading.default\">\n\t\t\t\t<div class=\"elementor-widget-container\">\n\t\t\t\t\t<h3 class=\"elementor-heading-title elementor-size-default\">Transporto techniniai duomenys<\/h3>\t\t\t\t<\/div>\n\t\t\t\t<\/div>\n\t\t\t\t<div class=\"elementor-element elementor-element-d9281df elementor-widget elementor-widget-text-editor\" data-id=\"d9281df\" data-element_type=\"widget\" data-e-type=\"widget\" data-widget_type=\"text-editor.default\">\n\t\t\t\t<div class=\"elementor-widget-container\">\n\t\t\t\t\t\t\t\t\t<p>\u0160iame skyriuje pateikiama i\u0161sami technin\u0117 informacija, gauta i\u0161 VIN. \u010cia rasite informacij\u0105 apie transporto priemon\u0117s gamintoj\u0105, model\u012f, variklio tip\u0105, matmenis ir degal\u0173 sunaudojim\u0105. \u0160i informacija yra labai svarbi norint patvirtinti transporto priemon\u0117s nurodytas savybes.  <\/p>\n\t\t\t\t\t\t\t\t<\/div>\n\t\t\t\t<\/div>\n\t\t\t\t<div class=\"elementor-element elementor-element-8ce8d1a elementor-widget elementor-widget-heading\" data-id=\"8ce8d1a\" data-element_type=\"widget\" data-e-type=\"widget\" data-widget_type=\"heading.default\">\n\t\t\t\t<div class=\"elementor-widget-container\">\n\t\t\t\t\t<h3 class=\"elementor-heading-title elementor-size-default\">\u012erangos parinktys<\/h3>\t\t\t\t<\/div>\n\t\t\t\t<\/div>\n\t\t\t\t<div class=\"elementor-element elementor-element-09d2fb5 elementor-widget elementor-widget-text-editor\" data-id=\"09d2fb5\" data-element_type=\"widget\" data-e-type=\"widget\" data-widget_type=\"text-editor.default\">\n\t\t\t\t<div class=\"elementor-widget-container\">\n\t\t\t\t\t\t\t\t\t<p>\u0160i ataskaitos dalis lygina gamyklinius \u012frenginius su transporto priemon\u0117s dabartine b\u016bkle. Joje pateikiama informacija apie \u012fvairias savybes, tokius kaip da\u017e\u0173 spalva, oro kondicionierius, s\u0117dyni\u0173 audinys ir pa\u017eangios sistemos, tokios kaip kruizo kontrol\u0117 ir navigacija. Tr\u016bkstamos arba pakeistos savyb\u0117s gali rodyti ankstesnius avarijas arba modifikacijas, kas gali paveikti transporto priemon\u0117s vert\u0119 ir saugum\u0105.  <\/p>\n\t\t\t\t\t\t\t\t<\/div>\n\t\t\t\t<\/div>\n\t\t\t\t<div class=\"elementor-element elementor-element-75b8983 elementor-widget elementor-widget-heading\" data-id=\"75b8983\" data-element_type=\"widget\" data-e-type=\"widget\" data-widget_type=\"heading.default\">\n\t\t\t\t<div class=\"elementor-widget-container\">\n\t\t\t\t\t<h3 class=\"elementor-heading-title elementor-size-default\">\u012evyki\u0173 istorija<\/h3>\t\t\t\t<\/div>\n\t\t\t\t<\/div>\n\t\t\t\t<div class=\"elementor-element elementor-element-ef2cd26 elementor-widget elementor-widget-text-editor\" data-id=\"ef2cd26\" data-element_type=\"widget\" data-e-type=\"widget\" data-widget_type=\"text-editor.default\">\n\t\t\t\t<div class=\"elementor-widget-container\">\n\t\t\t\t\t\t\t\t\t<p>Teikiamas chronologinis transporto priemoni\u0173 incident\u0173 s\u0105ra\u0161as, nurodantis dat\u0105, viet\u0105 ir apytiksl\u0117s nuostoli\u0173 i\u0161laidas. \u0160i dalis yra svarbi norint suprasti transporto priemon\u0117s avarij\u0173 istorij\u0105 ir bet kokius didelius remontus, kurie gal\u0117jo b\u016bti atlikti. <\/p>\n\t\t\t\t\t\t\t\t<\/div>\n\t\t\t\t<\/div>\n\t\t\t\t<div class=\"elementor-element elementor-element-3350345 elementor-widget elementor-widget-heading\" data-id=\"3350345\" data-element_type=\"widget\" data-e-type=\"widget\" data-widget_type=\"heading.default\">\n\t\t\t\t<div class=\"elementor-widget-container\">\n\t\t\t\t\t<h3 class=\"elementor-heading-title elementor-size-default\">Ridos rodmenys<\/h3>\t\t\t\t<\/div>\n\t\t\t\t<\/div>\n\t\t\t\t<div class=\"elementor-element elementor-element-d64ba63 elementor-widget elementor-widget-text-editor\" data-id=\"d64ba63\" data-element_type=\"widget\" data-e-type=\"widget\" data-widget_type=\"text-editor.default\">\n\t\t\t\t<div class=\"elementor-widget-container\">\n\t\t\t\t\t\t\t\t\t<p>\u010cia yra \u012fra\u0161yti skirting\u0173 transporto priemon\u0117s gyvenimo etap\u0173 ridos rodmenys. Tai apima duomenis i\u0161 technini\u0173 ap\u017ei\u016br\u0173, registracij\u0173, draudimo \u012fmoni\u0173 ir serviso sto\u010di\u0173. Ridos tikrinimas yra itin svarbus, kad b\u016bt\u0173 u\u017etikrinta, jog prietais\u0173 skydelio rida nebuvo suklastota.  <\/p>\n\t\t\t\t\t\t\t\t<\/div>\n\t\t\t\t<\/div>\n\t\t\t\t<div class=\"elementor-element elementor-element-94c0f96 elementor-widget elementor-widget-heading\" data-id=\"94c0f96\" data-element_type=\"widget\" data-e-type=\"widget\" data-widget_type=\"heading.default\">\n\t\t\t\t<div class=\"elementor-widget-container\">\n\t\t\t\t\t<h3 class=\"elementor-heading-title elementor-size-default\">Interneto istorija<\/h3>\t\t\t\t<\/div>\n\t\t\t\t<\/div>\n\t\t\t\t<div class=\"elementor-element elementor-element-e9d4504 elementor-widget elementor-widget-text-editor\" data-id=\"e9d4504\" data-element_type=\"widget\" data-e-type=\"widget\" data-widget_type=\"text-editor.default\">\n\t\t\t\t<div class=\"elementor-widget-container\">\n\t\t\t\t\t\t\t\t\t<p>\u0160iame skyriuje pateikiami ankstesni internetiniai automobili\u0173 aukcion\u0173 s\u0105ra\u0161ai, apimantys \u012frang\u0105, rido, specifikacijas, kainas ir nuotraukas. \u0160ie istoriniai duomenys gali atskleisti neatitikimus arba ankstesnius pa\u017eeidimus, kuri\u0173 pardav\u0117jas gali neskelbti. <\/p>\n\t\t\t\t\t\t\t\t<\/div>\n\t\t\t\t<\/div>\n\t\t\t\t<div class=\"elementor-element elementor-element-102184d elementor-widget elementor-widget-heading\" data-id=\"102184d\" data-element_type=\"widget\" data-e-type=\"widget\" data-widget_type=\"heading.default\">\n\t\t\t\t<div class=\"elementor-widget-container\">\n\t\t\t\t\t<h3 class=\"elementor-heading-title elementor-size-default\">Vagyt\u0173 transporto priemoni\u0173 duomen\u0173 baz\u0117s<\/h3>\t\t\t\t<\/div>\n\t\t\t\t<\/div>\n\t\t\t\t<div class=\"elementor-element elementor-element-06df8ba elementor-widget elementor-widget-text-editor\" data-id=\"06df8ba\" data-element_type=\"widget\" data-e-type=\"widget\" data-widget_type=\"text-editor.default\">\n\t\t\t\t<div class=\"elementor-widget-container\">\n\t\t\t\t\t\t\t\t\t<p>Ataskaita patikrina transporto priemon\u0119 su pavogt\u0173 transporto priemoni\u0173 duomen\u0173 baz\u0117mis Europoje ir \u0160iaur\u0117s Amerikoje, u\u017etikrindama, kad jus dominanti ma\u0161ina n\u0117ra pa\u017eym\u0117ta kaip pavogta. Tai yra b\u016btina norint i\u0161vengti teisini\u0173 komplikacij\u0173. <\/p>\n\t\t\t\t\t\t\t\t<\/div>\n\t\t\t\t<\/div>\n\t\t\t\t<div class=\"elementor-element elementor-element-84f20c8 elementor-widget elementor-widget-heading\" data-id=\"84f20c8\" data-element_type=\"widget\" data-e-type=\"widget\" data-widget_type=\"heading.default\">\n\t\t\t\t<div class=\"elementor-widget-container\">\n\t\t\t\t\t<h3 class=\"elementor-heading-title elementor-size-default\">Gamykliniai priminimai<\/h3>\t\t\t\t<\/div>\n\t\t\t\t<\/div>\n\t\t\t\t<div class=\"elementor-element elementor-element-efdf38f elementor-widget elementor-widget-text-editor\" data-id=\"efdf38f\" data-element_type=\"widget\" data-e-type=\"widget\" data-widget_type=\"text-editor.default\">\n\t\t\t\t<div class=\"elementor-widget-container\">\n\t\t\t\t\t\t\t\t\t<p>Gamykloje at\u0161aukimai taip pat \u012ftraukiami, nurodant bet kokius \u012fsp\u0117jimus ir paslaug\u0173 at\u0161aukimus, kuriuos i\u0161dalijo gamintojas konkre\u010diam automobiliui. \u0160i dalis u\u017etikrina, kad j\u016bs \u017einote apie bet kokius svarbiausius tr\u016bkumus, kurie gal\u0117jo b\u016bti i\u0161spr\u0119sti arba kuriems reikia d\u0117mesio. <\/p>\n\t\t\t\t\t\t\t\t<\/div>\n\t\t\t\t<\/div>\n\t\t\t\t<div class=\"elementor-element elementor-element-1e29fea elementor-alert-warning elementor-widget elementor-widget-alert\" data-id=\"1e29fea\" data-element_type=\"widget\" data-e-type=\"widget\" data-widget_type=\"alert.default\">\n\t\t\t\t<div class=\"elementor-widget-container\">\n\t\t\t\t\t\t\t<div class=\"elementor-alert\" role=\"alert\">\n\n\t\t\t\t\t\t<span class=\"elementor-alert-title\">PA\u017dYM\u0116JIMAS<\/span>\n\t\t\t\n\t\t\t\t\t\t<span class=\"elementor-alert-description\"><p>Pra\u0161ome atkreipti d\u0117mes\u012f, kad nors m\u016bs\u0173 ataskaitos si\u016blo i\u0161sami\u0105 analiz\u0119, jos remiasi duomen\u0173 i\u0161 \u012fvairi\u0173 \u0161altini\u0173 prieinamumu ir pilnumu. D\u0117l to ne visos ataskaitos dalys gali b\u016bti prieinamos arba tur\u0117ti duomen\u0173. <\/p>\n<\/span>\n\t\t\t\n\t\t\t\n\t\t<\/div>\n\t\t\t\t\t\t<\/div>\n\t\t\t\t<\/div>\n\t\t\t\t\t<\/div>\n\t\t\t\t<\/div>\n\t\t<div class=\"elementor-element elementor-element-b4663d0 e-flex e-con-boxed e-con e-parent\" data-id=\"b4663d0\" data-element_type=\"container\" data-e-type=\"container\">\n\t\t\t\t\t<div class=\"e-con-inner\">\n\t\t\t\t<div class=\"elementor-element elementor-element-1ee7519 elementor-widget elementor-widget-template\" data-id=\"1ee7519\" data-element_type=\"widget\" data-e-type=\"widget\" data-widget_type=\"template.default\">\n\t\t\t\t<div class=\"elementor-widget-container\">\n\t\t\t\t\t\t\t<div class=\"elementor-template\">\n\t\t\t\t\t<div data-elementor-type=\"section\" data-elementor-id=\"1465\" class=\"elementor elementor-1465 elementor-757 elementor-757\" data-elementor-post-type=\"elementor_library\">\n\t\t\t<div class=\"elementor-element elementor-element-c6f68bb e-flex e-con-boxed e-con e-parent\" data-id=\"c6f68bb\" data-element_type=\"container\" data-e-type=\"container\">\n\t\t\t\t\t<div class=\"e-con-inner\">\n\t\t\t\t<div class=\"elementor-element elementor-element-7fe4c49 elementor-cta--skin-classic elementor-animated-content elementor-bg-transform elementor-bg-transform-zoom-in elementor-widget elementor-widget-call-to-action\" data-id=\"7fe4c49\" data-element_type=\"widget\" data-e-type=\"widget\" data-widget_type=\"call-to-action.default\">\n\t\t\t\t<div class=\"elementor-widget-container\">\n\t\t\t\t\t\t\t<div class=\"elementor-cta\">\n\t\t\t\t\t<div class=\"elementor-cta__bg-wrapper\">\n\t\t\t\t<div class=\"elementor-cta__bg elementor-bg\" style=\"background-image: url(https:\/\/www.vin-info.com\/wp-content\/uploads\/2024\/06\/cta-vin-info-min-1024x393.jpg);\" role=\"img\" aria-label=\"cta-vin-info-min\"><\/div>\n\t\t\t\t<div class=\"elementor-cta__bg-overlay\"><\/div>\n\t\t\t<\/div>\n\t\t\t\t\t\t\t<div class=\"elementor-cta__content\">\n\t\t\t\t\n\t\t\t\t\t\t\t\t\t<h2 class=\"elementor-cta__title elementor-cta__content-item elementor-content-item\">\n\t\t\t\t\t\tAtskleiskite savo automobilio piln\u0105 istorij\u0105!\t\t\t\t\t<\/h2>\n\t\t\t\t\n\t\t\t\t\t\t\t\t\t<div class=\"elementor-cta__description elementor-cta__content-item elementor-content-item\">\n\t\t\t\t\t\t<p>\u012eveskite savo VIN, kad gautum\u0117te i\u0161sami\u0105 transporto priemon\u0117s istorijos ataskait\u0105. Su\u017einokite apie avarij\u0173 \u012fra\u0161us, rida, naudojim\u0105 ir kit\u0105 svarbi\u0105 informacij\u0105. U\u017etikrinkite, kad priimate gerai apgalvot\u0105 sprendim\u0105. Patikrinkite savo VIN ir atsisi\u0173skite savo ataskait\u0105 \u0161iandien!   <\/p>\n\t\t\t\t\t<\/div>\n\t\t\t\t\n\t\t\t\t\t\t\t\t\t<div class=\"elementor-cta__button-wrapper elementor-cta__content-item elementor-content-item \">\n\t\t\t\t\t<a class=\"elementor-cta__button elementor-button elementor-size-\" href=\"#elementor-action%3Aaction%3Dpopup%3Aopen%26settings%3DeyJpZCI6MTkxNywidG9nZ2xlIjpmYWxzZX0%3D\">\n\t\t\t\t\t\tPatikrinkite VIN dabar\t\t\t\t\t<\/a>\n\t\t\t\t\t<\/div>\n\t\t\t\t\t\t\t<\/div>\n\t\t\t\t\t\t<\/div>\n\t\t\t\t\t\t<\/div>\n\t\t\t\t<\/div>\n\t\t\t\t\t<\/div>\n\t\t\t\t<\/div>\n\t\t\t\t<\/div>\n\t\t\t\t<\/div>\n\t\t\t\t\t\t<\/div>\n\t\t\t\t<\/div>\n\t\t\t\t\t<\/div>\n\t\t\t\t<\/div>\n\t\t<div class=\"elementor-element elementor-element-ec00df9 e-flex e-con-boxed e-con e-parent\" data-id=\"ec00df9\" data-element_type=\"container\" data-e-type=\"container\">\n\t\t\t\t\t<div class=\"e-con-inner\">\n\t\t\t\t<div class=\"elementor-element elementor-element-1b919d4 elementor-widget elementor-widget-heading\" data-id=\"1b919d4\" data-element_type=\"widget\" data-e-type=\"widget\" data-widget_type=\"heading.default\">\n\t\t\t\t<div class=\"elementor-widget-container\">\n\t\t\t\t\t<h2 class=\"elementor-heading-title elementor-size-default\">Specializuoti tarptautiniai transporto priemoni\u0173 ataskaitos<\/h2>\t\t\t\t<\/div>\n\t\t\t\t<\/div>\n\t\t\t\t<div class=\"elementor-element elementor-element-393217c elementor-widget elementor-widget-text-editor\" data-id=\"393217c\" data-element_type=\"widget\" data-e-type=\"widget\" data-widget_type=\"text-editor.default\">\n\t\t\t\t<div class=\"elementor-widget-container\">\n\t\t\t\t\t\t\t\t\t<p>Be standartinio transporto priemon\u0117s istorijos ataskaitos, VIN-INFO si\u016blo specializuotas ataskaitas apie transporto priemones, registruotas tam tikrose \u0161alyse, tokiose kaip Belgija, Nyderlandai ir JAV.<\/p>\n\t\t\t\t\t\t\t\t<\/div>\n\t\t\t\t<\/div>\n\t\t\t\t<div class=\"elementor-element elementor-element-d24b578 elementor-widget elementor-widget-heading\" data-id=\"d24b578\" data-element_type=\"widget\" data-e-type=\"widget\" data-widget_type=\"heading.default\">\n\t\t\t\t<div class=\"elementor-widget-container\">\n\t\t\t\t\t<h3 class=\"elementor-heading-title elementor-size-default\">Nyderland\u0173 transporto priemon\u0117s ataskaita<\/h3>\t\t\t\t<\/div>\n\t\t\t\t<\/div>\n\t\t\t\t<div class=\"elementor-element elementor-element-a525c36 elementor-widget elementor-widget-text-editor\" data-id=\"a525c36\" data-element_type=\"widget\" data-e-type=\"widget\" data-widget_type=\"text-editor.default\">\n\t\t\t\t<div class=\"elementor-widget-container\">\n\t\t\t\t\t\t\t\t\t<p>VWE ataskaita pateikia patvirtint\u0105 informacij\u0105 i\u0161 patikim\u0173 nyderland\u0173 \u0161altini\u0173, padedan\u010di\u0173 \u012fvertinti pardav\u0117jo teiginius ir transporto priemon\u0117s techninius duomenis. \u0160i ataskaita apima skyrius apie transporto priemon\u0117s b\u016bkl\u0119, pagrindin\u0119 informacij\u0105, nuosavyb\u0117s istorij\u0105 ir techninius duomenis, taip pat nemokam\u0105 NAP ridos patikrinim\u0105. <\/p>\n\t\t\t\t\t\t\t\t<\/div>\n\t\t\t\t<\/div>\n\t\t\t\t<div class=\"elementor-element elementor-element-06a3fad elementor-widget elementor-widget-heading\" data-id=\"06a3fad\" data-element_type=\"widget\" data-e-type=\"widget\" data-widget_type=\"heading.default\">\n\t\t\t\t<div class=\"elementor-widget-container\">\n\t\t\t\t\t<h3 class=\"elementor-heading-title elementor-size-default\">JAV transporto priemon\u0117s ataskaita<\/h3>\t\t\t\t<\/div>\n\t\t\t\t<\/div>\n\t\t\t\t<div class=\"elementor-element elementor-element-d193516 elementor-widget elementor-widget-text-editor\" data-id=\"d193516\" data-element_type=\"widget\" data-e-type=\"widget\" data-widget_type=\"text-editor.default\">\n\t\t\t\t<div class=\"elementor-widget-container\">\n\t\t\t\t\t\t\t\t\t<p>JAV transporto priemoni\u0173 ataskaita remiasi Nacionalin\u0117s motorini\u0173 transporto priemoni\u0173 pavadinimo informacijos sistemos (NMVTIS) duomenimis, apiman\u010diais daugum\u0105 transporto priemoni\u0173, registruot\u0173 Jungtin\u0117se Valstijose. Joje pateikiamos i\u0161samios transporto priemoni\u0173 specifikacijos, nuosavyb\u0117s istorija, b\u016bkl\u0117s atnaujinimai (tokie kaip sugadinta ar avarijos pa\u017eeista) ir pavadinim\u0173 \u012fra\u0161ai, \u012fskaitant ridos parodymus. <\/p>\n\t\t\t\t\t\t\t\t<\/div>\n\t\t\t\t<\/div>\n\t\t\t\t<div class=\"elementor-element elementor-element-865aab2 elementor-widget elementor-widget-heading\" data-id=\"865aab2\" data-element_type=\"widget\" data-e-type=\"widget\" data-widget_type=\"heading.default\">\n\t\t\t\t<div class=\"elementor-widget-container\">\n\t\t\t\t\t<h3 class=\"elementor-heading-title elementor-size-default\">Transporto vertinimas<\/h3>\t\t\t\t<\/div>\n\t\t\t\t<\/div>\n\t\t\t\t<div class=\"elementor-element elementor-element-bbd8761 elementor-widget elementor-widget-text-editor\" data-id=\"bbd8761\" data-element_type=\"widget\" data-e-type=\"widget\" data-widget_type=\"text-editor.default\">\n\t\t\t\t<div class=\"elementor-widget-container\">\n\t\t\t\t\t\t\t\t\t<p>Nustatyti transporto priemon\u0117s rinkos vert\u0119 yra svarbu vertinant, ar pardav\u0117jo kaina yra teisinga. Transporto priemon\u0117s vertinimo paslauga naudoja pa\u017eangius algoritmus, kad analizuot\u0173 rinkos duomenis ir pateikt\u0173 tiksl\u0173 transporto priemon\u0117s vert\u0117s \u012fvertinim\u0105. <\/p>\n\t\t\t\t\t\t\t\t<\/div>\n\t\t\t\t<\/div>\n\t\t\t\t<div class=\"elementor-element elementor-element-bbc2eb5 elementor-widget elementor-widget-text-editor\" data-id=\"bbc2eb5\" data-element_type=\"widget\" data-e-type=\"widget\" data-widget_type=\"text-editor.default\">\n\t\t\t\t<div class=\"elementor-widget-container\">\n\t\t\t\t\t\t\t\t\t<p>Naudodamiesi \u0161iais i\u0161samiais ataskaitomis, galite pasitik\u0117dami nar\u0161yti naudot\u0173 automobili\u0173 rinkoje, priimdami informuotus sprendimus, kurie saugo j\u016bs\u0173 investicijas ir saugum\u0105.<\/p>\n\t\t\t\t\t\t\t\t<\/div>\n\t\t\t\t<\/div>\n\t\t\t\t\t<\/div>\n\t\t\t\t<\/div>\n\t\t\t\t<\/div>\n\t\t","protected":false},"excerpt":{"rendered":"<p>Transporto priemoni\u0173 istorijos ataskaita yra b\u016btinas \u012frankis vairuotojams, siekiantiems apsaugoti save nuo nes\u0105\u017eining\u0173 pardav\u0117j\u0173, nepriklausomai nuo to, ar tai yra atstovybes, ar priva\u010dios asmenyb\u0117s. Deja, kai kurie pardav\u0117jai u\u017esiima apgaulingomis praktikomis, kad dirbtinai padidint\u0173 transporto priemon\u0117s vert\u0119. \u0160ios taktikos gali apimti odometr\u0173 suklastojim\u0105, rimto pa\u017eeidimo sl\u0117pim\u0105, transporto priemoni\u0173, kurios buvo avarijose, pardavim\u0105 kaip nepriekai\u0161tingos b\u016bkl\u0117s, arba netgi bandym\u0105 parduoti vogtas transporto priemones. Tokios praktikos gali sukelti reik\u0161ming\u0105 finansin\u0119 \u017eal\u0105 ir, kai kuriais atvejais, teisinius padarinius, \u012fskaitant baud\u017eiamuosius kaltinimus, jei nety\u010dia \u012fsigyjama vogta transporto priemon\u0117.   <\/p>\n","protected":false},"author":2,"featured_media":0,"parent":0,"menu_order":0,"comment_status":"closed","ping_status":"closed","template":"","meta":{"inline_featured_image":false,"footnotes":""},"class_list":["post-1706","page","type-page","status-publish","hentry"],"_links":{"self":[{"href":"https:\/\/www.vin-info.com\/lt\/wp-json\/wp\/v2\/pages\/1706","targetHints":{"allow":["GET"]}}],"collection":[{"href":"https:\/\/www.vin-info.com\/lt\/wp-json\/wp\/v2\/pages"}],"about":[{"href":"https:\/\/www.vin-info.com\/lt\/wp-json\/wp\/v2\/types\/page"}],"author":[{"embeddable":true,"href":"https:\/\/www.vin-info.com\/lt\/wp-json\/wp\/v2\/users\/2"}],"replies":[{"embeddable":true,"href":"https:\/\/www.vin-info.com\/lt\/wp-json\/wp\/v2\/comments?post=1706"}],"version-history":[{"count":1,"href":"https:\/\/www.vin-info.com\/lt\/wp-json\/wp\/v2\/pages\/1706\/revisions"}],"predecessor-version":[{"id":1707,"href":"https:\/\/www.vin-info.com\/lt\/wp-json\/wp\/v2\/pages\/1706\/revisions\/1707"}],"wp:attachment":[{"href":"https:\/\/www.vin-info.com\/lt\/wp-json\/wp\/v2\/media?parent=1706"}],"curies":[{"name":"wp","href":"https:\/\/api.w.org\/{rel}","templated":true}]}}