{"id":1614,"date":"2024-08-08T16:11:46","date_gmt":"2024-08-08T14:11:46","guid":{"rendered":"https:\/\/www.vin-info.com\/kaip-uzsisakyti-transporto-priemones-istorijos-ataskaita\/"},"modified":"2024-09-06T15:12:59","modified_gmt":"2024-09-06T13:12:59","slug":"kaip-uzsisakyti-transporto-priemones-istorijos-ataskaita","status":"publish","type":"page","link":"https:\/\/www.vin-info.com\/lt\/kaip-uzsisakyti-transporto-priemones-istorijos-ataskaita\/","title":{"rendered":"Kaip u\u017esisakyti transporto priemon\u0117s istorijos ataskait\u0105?"},"content":{"rendered":"\t\t<div data-elementor-type=\"wp-page\" data-elementor-id=\"1614\" class=\"elementor elementor-1614 elementor-77\" data-elementor-post-type=\"page\">\n\t\t\t\t<div class=\"elementor-element elementor-element-34f7aea e-flex e-con-boxed e-con e-parent\" data-id=\"34f7aea\" data-element_type=\"container\" data-e-type=\"container\">\n\t\t\t\t\t<div class=\"e-con-inner\">\n\t\t\t\t<div class=\"elementor-element elementor-element-791dfaf elementor-position-right elementor-position-right elementor-vertical-align-top elementor-vertical-align-top elementor-widget elementor-widget-image-box\" data-id=\"791dfaf\" data-element_type=\"widget\" data-e-type=\"widget\" data-widget_type=\"image-box.default\">\n\t\t\t\t<div class=\"elementor-widget-container\">\n\t\t\t\t\t<div class=\"elementor-image-box-wrapper\"><figure class=\"elementor-image-box-img\"><img decoding=\"async\" width=\"1\" height=\"1\" src=\"https:\/\/www.vin-info.com\/wp-content\/uploads\/2024\/07\/vi-free-vin-check.svg\" class=\"attachment-medium_large size-medium_large wp-image-270\" alt=\"\" \/><\/figure><div class=\"elementor-image-box-content\"><h3 class=\"elementor-image-box-title\">\u012era\u0161ykite VIN kod\u0105<\/h3><p class=\"elementor-image-box-description\">Pirmajame \u017eingsnyje \u012fra\u0161ykite 17 skaitmen\u0173 VIN geltonoje erdv\u0117je pagrindiniame puslapyje arba ma\u017eesn\u0117se geltonose erdv\u0117se, esan\u010diose kiekviename puslapyje. Tada spustel\u0117kite Patikrinti.  <br><br><i> Transporto priemoni\u0173 identifikavimo numeris (VIN) yra unikalus kodas, priskirtas kiekvienai motorinei transporto priemonei, kai ji pagaminama. J\u012f sudaro 17 simboli\u0173 (skai\u010di\u0173 ir did\u017ei\u0173j\u0173 raid\u017ei\u0173), VIN suteikia svarbios informacijos apie transporto priemon\u0119, \u012fskaitant kilm\u0117s \u0161al\u012f, gamintoj\u0105, transporto priemon\u0117s tip\u0105 ir modelio metus. \u0160is numeris yra itin svarbus transporto priemoni\u0173 registracijos, draudimo ir istorij\u0173 ataskait\u0173 sudarymo procese, padedantis identifikuoti ir sekti transporto priemon\u0119 vis\u0105 jos gyvavimo laikotarp\u012f. VIN da\u017eniausiai galima rasti ant prietais\u0173 skydelio, vairuotojo \u0161onin\u0117se duryse arba transporto priemon\u0117s dokumentuose.   <\/i><\/p><\/div><\/div>\t\t\t\t<\/div>\n\t\t\t\t<\/div>\n\t\t\t\t<div class=\"elementor-element elementor-element-aa5ddbd elementor-widget-divider--view-line_icon elementor-view-default elementor-widget-divider--element-align-center elementor-widget elementor-widget-divider\" data-id=\"aa5ddbd\" data-element_type=\"widget\" data-e-type=\"widget\" data-widget_type=\"divider.default\">\n\t\t\t\t<div class=\"elementor-widget-container\">\n\t\t\t\t\t\t\t<div class=\"elementor-divider\">\n\t\t\t<span class=\"elementor-divider-separator\">\n\t\t\t\t\t\t\t<div class=\"elementor-icon elementor-divider__element\">\n\t\t\t\t\t<i aria-hidden=\"true\" class=\"fas fa-chevron-down\"><\/i><\/div>\n\t\t\t\t\t\t<\/span>\n\t\t<\/div>\n\t\t\t\t\t\t<\/div>\n\t\t\t\t<\/div>\n\t\t\t\t<div class=\"elementor-element elementor-element-31ed445 elementor-position-right elementor-vertical-align-top elementor-widget elementor-widget-image-box\" data-id=\"31ed445\" data-element_type=\"widget\" data-e-type=\"widget\" data-widget_type=\"image-box.default\">\n\t\t\t\t<div class=\"elementor-widget-container\">\n\t\t\t\t\t<div class=\"elementor-image-box-wrapper\"><figure class=\"elementor-image-box-img\"><img decoding=\"async\" width=\"1\" height=\"1\" src=\"https:\/\/www.vin-info.com\/wp-content\/uploads\/2024\/07\/vi-vehicle-history-records.svg\" class=\"attachment-medium_large size-medium_large wp-image-256\" alt=\"\" \/><\/figure><div class=\"elementor-image-box-content\"><h3 class=\"elementor-image-box-title\">Patikrinkite ataskaitos prieinamum\u0105<\/h3><p class=\"elementor-image-box-description\">Nemokamas transporto priemon\u0117s kodavimas pateikia informacij\u0105 remiantis ekspert\u0173 sistema apie: transporto priemon\u0117s mark\u0119, model\u012f, kilm\u0117s \u0161al\u012f, kuro tip\u0105, k\u0117bulo tip\u0105, surinkimo viet\u0105 ir kt. \u0160i informacija yra identi\u0161ka informacijai, kuri\u0105 matysite ataskaitoje. Jei nemokamas transporto priemon\u0117s atpa\u017einimas nerodo kai kuri\u0173 \u0161i\u0173 duomen\u0173, tai rei\u0161kia, kad jie taip pat nebus rodomi ataskaitoje.   <br><br> Sekcija \"Transporto priemon\u0117s turinys\" apibr\u0117\u017eia informacij\u0105 apie transporto priemon\u0119, kuri yra prieinama m\u016bs\u0173 duomen\u0173 baz\u0117je. Tai yra: modeli\u0173 metai\/gamybos metai, rida, patikrinim\u0173 istorija, vogt\u0173 transporto priemoni\u0173 duomen\u0173 baz\u0117s, gamintoj\u0173 defektai, informacija apie gamintoj\u0105, transporto priemon\u0117s nuotraukos ir kiti. Tik elementai, pa\u017eym\u0117ti \u017ealiu duomen\u0173 prieinamumo \u017eymekliu, bus u\u017epildyti ataskaitoje. Kiti elementai, jei jie yra tu\u0161ti arba yra pastaba apie tai, kad n\u0117ra \u012fra\u0161\u0173\/duomen\u0173, kuriuos b\u016bt\u0173 galima patikrinti, neprieinamumas, n\u0117ra nuotrauk\u0173, taip pat liks tu\u0161ti ataskaitoje.    <\/p><\/div><\/div>\t\t\t\t<\/div>\n\t\t\t\t<\/div>\n\t\t\t\t<div class=\"elementor-element elementor-element-4ffd580 elementor-widget-divider--view-line_icon elementor-view-default elementor-widget-divider--element-align-center elementor-widget elementor-widget-divider\" data-id=\"4ffd580\" data-element_type=\"widget\" data-e-type=\"widget\" data-widget_type=\"divider.default\">\n\t\t\t\t<div class=\"elementor-widget-container\">\n\t\t\t\t\t\t\t<div class=\"elementor-divider\">\n\t\t\t<span class=\"elementor-divider-separator\">\n\t\t\t\t\t\t\t<div class=\"elementor-icon elementor-divider__element\">\n\t\t\t\t\t<i aria-hidden=\"true\" class=\"fas fa-chevron-down\"><\/i><\/div>\n\t\t\t\t\t\t<\/span>\n\t\t<\/div>\n\t\t\t\t\t\t<\/div>\n\t\t\t\t<\/div>\n\t\t\t\t<div class=\"elementor-element elementor-element-3eacbd3 elementor-position-right elementor-vertical-align-top elementor-widget elementor-widget-image-box\" data-id=\"3eacbd3\" data-element_type=\"widget\" data-e-type=\"widget\" data-widget_type=\"image-box.default\">\n\t\t\t\t<div class=\"elementor-widget-container\">\n\t\t\t\t\t<div class=\"elementor-image-box-wrapper\"><figure class=\"elementor-image-box-img\"><img decoding=\"async\" width=\"1\" height=\"1\" src=\"https:\/\/www.vin-info.com\/wp-content\/uploads\/2024\/07\/vi-vehicle-history-reports.svg\" class=\"attachment-medium_large size-medium_large wp-image-284\" alt=\"\" \/><\/figure><div class=\"elementor-image-box-content\"><h3 class=\"elementor-image-box-title\">Pasirinkite ataskaitos tip\u0105<\/h3><p class=\"elementor-image-box-description\">Kitame \u017eingsnyje b\u016bsite nukreipti \u012f anks\u010diau pasirinkt\u0105 mok\u0117jimo paslaug\u0105. Pra\u0161ome sekti ekrane pateiktas instrukcijas, kad u\u017ebaigtum\u0117te mok\u0117jim\u0105. Jei nemokamas atpa\u017einimas atitinka j\u016bs\u0173 l\u016bkes\u010dius, galite t\u0119sti ataskaitos pirkim\u0105. Nor\u0117dami t\u0119sti, \u012fra\u0161ykite savo el. pa\u0161to adres\u0105 (tai suteiks jums prieig\u0105 prie ataskaitos v\u0117liau), pasirinkite tinkamas parinktis ir pasirinkite mok\u0117jimo b\u016bd\u0105. Pasirinkus parinktis, apa\u010dioje puslapio pamatysite bendr\u0105 sum\u0105, kuri\u0105 reikia sumok\u0117ti. Tada spustel\u0117kite <b>U\u017esakyti<\/b>.    <\/p><\/div><\/div>\t\t\t\t<\/div>\n\t\t\t\t<\/div>\n\t\t\t\t<div class=\"elementor-element elementor-element-c410f5f elementor-widget-divider--view-line_icon elementor-view-default elementor-widget-divider--element-align-center elementor-widget elementor-widget-divider\" data-id=\"c410f5f\" data-element_type=\"widget\" data-e-type=\"widget\" data-widget_type=\"divider.default\">\n\t\t\t\t<div class=\"elementor-widget-container\">\n\t\t\t\t\t\t\t<div class=\"elementor-divider\">\n\t\t\t<span class=\"elementor-divider-separator\">\n\t\t\t\t\t\t\t<div class=\"elementor-icon elementor-divider__element\">\n\t\t\t\t\t<i aria-hidden=\"true\" class=\"fas fa-chevron-down\"><\/i><\/div>\n\t\t\t\t\t\t<\/span>\n\t\t<\/div>\n\t\t\t\t\t\t<\/div>\n\t\t\t\t<\/div>\n\t\t\t\t<div class=\"elementor-element elementor-element-2da3196 elementor-position-right elementor-vertical-align-top elementor-widget elementor-widget-image-box\" data-id=\"2da3196\" data-element_type=\"widget\" data-e-type=\"widget\" data-widget_type=\"image-box.default\">\n\t\t\t\t<div class=\"elementor-widget-container\">\n\t\t\t\t\t<div class=\"elementor-image-box-wrapper\"><figure class=\"elementor-image-box-img\"><img loading=\"lazy\" decoding=\"async\" width=\"1\" height=\"1\" src=\"https:\/\/www.vin-info.com\/wp-content\/uploads\/2024\/07\/vi-payments-method.svg\" class=\"attachment-medium_large size-medium_large wp-image-298\" alt=\"\" \/><\/figure><div class=\"elementor-image-box-content\"><h3 class=\"elementor-image-box-title\">Sumok\u0117ti u\u017e ataskait\u0105<\/h3><p class=\"elementor-image-box-description\">Priklausomai nuo pasirinkto mok\u0117jimo b\u016bdo, b\u016bsite nukreipti \u012f mok\u0117jimo svetain\u0119 \/ banko svetain\u0119. Toliau veiksite pagal ekrane pateiktas instrukcijas. <\/p><\/div><\/div>\t\t\t\t<\/div>\n\t\t\t\t<\/div>\n\t\t\t\t<div class=\"elementor-element elementor-element-f690345 elementor-widget-divider--view-line_icon elementor-view-default elementor-widget-divider--element-align-center elementor-widget elementor-widget-divider\" data-id=\"f690345\" data-element_type=\"widget\" data-e-type=\"widget\" data-widget_type=\"divider.default\">\n\t\t\t\t<div class=\"elementor-widget-container\">\n\t\t\t\t\t\t\t<div class=\"elementor-divider\">\n\t\t\t<span class=\"elementor-divider-separator\">\n\t\t\t\t\t\t\t<div class=\"elementor-icon elementor-divider__element\">\n\t\t\t\t\t<i aria-hidden=\"true\" class=\"fas fa-chevron-down\"><\/i><\/div>\n\t\t\t\t\t\t<\/span>\n\t\t<\/div>\n\t\t\t\t\t\t<\/div>\n\t\t\t\t<\/div>\n\t\t\t\t<div class=\"elementor-element elementor-element-44e0c40 elementor-position-right elementor-vertical-align-top elementor-widget elementor-widget-image-box\" data-id=\"44e0c40\" data-element_type=\"widget\" data-e-type=\"widget\" data-widget_type=\"image-box.default\">\n\t\t\t\t<div class=\"elementor-widget-container\">\n\t\t\t\t\t<div class=\"elementor-image-box-wrapper\"><figure class=\"elementor-image-box-img\"><img loading=\"lazy\" decoding=\"async\" width=\"1\" height=\"1\" src=\"https:\/\/www.vin-info.com\/wp-content\/uploads\/2024\/07\/vi-user-account-vin-list.svg\" class=\"attachment-medium_large size-medium_large wp-image-312\" alt=\"\" \/><\/figure><div class=\"elementor-image-box-content\"><h3 class=\"elementor-image-box-title\">Per\u017ei\u016br\u0117ti \u012fsigyt\u0105 ataskait\u0105<\/h3><p class=\"elementor-image-box-description\">Sukmus sumok\u0117jim\u0105, j\u016bs automati\u0161kai prisijungsite prie svetain\u0117s naudodamiesi anks\u010diau pateiktu el. pa\u0161to adresu ir b\u016bsite nukreipti \u012f savo paskyr\u0105. \u0160iame puslapyje pateikta pagrindin\u0117 informacija apie m\u016bs\u0173 paskyr\u0105 ir \u012fsigyt\u0173 ataskait\u0173 s\u0105ra\u0161as. Ataskait\u0173 b\u016bsenos s\u0105ra\u0161e dinami\u0161kai atnaujinamos. Ikonos rodo mok\u0117jimo b\u016bsen\u0105 ir ataskaitos parengimo etap\u0105. Ataskaita bus pateikta i\u0161 karto po apmok\u0117jimo, o j\u016bs gausite prane\u0161im\u0105 \u012f pateikt\u0105 el. pa\u0161to adres\u0105. Sugeneravus ataskait\u0105, ji bus prieinama 30 dien\u0173.      <\/p><\/div><\/div>\t\t\t\t<\/div>\n\t\t\t\t<\/div>\n\t\t\t\t\t<\/div>\n\t\t\t\t<\/div>\n\t\t\t\t<\/div>\n\t\t","protected":false},"excerpt":{"rendered":"<p>Patikrinti transporto priemon\u0119 yra labai paprasta ir u\u017etrunka ne ilgiau kaip 5 minutes. Turite sekti 5 paprastus \u017eingsnius, kad gautum\u0117te ataskait\u0105. <\/p>\n","protected":false},"author":2,"featured_media":0,"parent":0,"menu_order":0,"comment_status":"closed","ping_status":"closed","template":"","meta":{"inline_featured_image":false,"footnotes":""},"class_list":["post-1614","page","type-page","status-publish","hentry"],"_links":{"self":[{"href":"https:\/\/www.vin-info.com\/lt\/wp-json\/wp\/v2\/pages\/1614","targetHints":{"allow":["GET"]}}],"collection":[{"href":"https:\/\/www.vin-info.com\/lt\/wp-json\/wp\/v2\/pages"}],"about":[{"href":"https:\/\/www.vin-info.com\/lt\/wp-json\/wp\/v2\/types\/page"}],"author":[{"embeddable":true,"href":"https:\/\/www.vin-info.com\/lt\/wp-json\/wp\/v2\/users\/2"}],"replies":[{"embeddable":true,"href":"https:\/\/www.vin-info.com\/lt\/wp-json\/wp\/v2\/comments?post=1614"}],"version-history":[{"count":4,"href":"https:\/\/www.vin-info.com\/lt\/wp-json\/wp\/v2\/pages\/1614\/revisions"}],"predecessor-version":[{"id":3825,"href":"https:\/\/www.vin-info.com\/lt\/wp-json\/wp\/v2\/pages\/1614\/revisions\/3825"}],"wp:attachment":[{"href":"https:\/\/www.vin-info.com\/lt\/wp-json\/wp\/v2\/media?parent=1614"}],"curies":[{"name":"wp","href":"https:\/\/api.w.org\/{rel}","templated":true}]}}