{"id":1567,"date":"2024-08-08T14:34:36","date_gmt":"2024-08-08T12:34:36","guid":{"rendered":"https:\/\/www.vin-info.com\/apie-mus\/"},"modified":"2024-08-08T14:51:24","modified_gmt":"2024-08-08T12:51:24","slug":"apie-mus","status":"publish","type":"page","link":"https:\/\/www.vin-info.com\/lt\/apie-mus\/","title":{"rendered":"Apie mus"},"content":{"rendered":"\t\t<div data-elementor-type=\"wp-page\" data-elementor-id=\"1567\" class=\"elementor elementor-1567 elementor-81\" data-elementor-post-type=\"page\">\n\t\t\t\t<div class=\"elementor-element elementor-element-357b291 e-flex e-con-boxed e-con e-parent\" data-id=\"357b291\" data-element_type=\"container\" data-e-type=\"container\">\n\t\t\t\t\t<div class=\"e-con-inner\">\n\t\t\t\t<div class=\"elementor-element elementor-element-6abb2a8 elementor-widget elementor-widget-heading\" data-id=\"6abb2a8\" data-element_type=\"widget\" data-e-type=\"widget\" data-widget_type=\"heading.default\">\n\t\t\t\t<div class=\"elementor-widget-container\">\n\t\t\t\t\t<h2 class=\"elementor-heading-title elementor-size-default\">M\u016bs\u0173 tikslas<\/h2>\t\t\t\t<\/div>\n\t\t\t\t<\/div>\n\t\t\t\t<div class=\"elementor-element elementor-element-c5ebda5 elementor-widget elementor-widget-text-editor\" data-id=\"c5ebda5\" data-element_type=\"widget\" data-e-type=\"widget\" data-widget_type=\"text-editor.default\">\n\t\t\t\t<div class=\"elementor-widget-container\">\n\t\t\t\t\t\t\t\t\t<p>Tiksime didinti supratim\u0105 apie globali\u0105 automobili\u0173 vagyst\u0117s problem\u0105 ir jos poveik\u012f automobili\u0173 pramonei. Statistika atskleid\u017eia \u0161okiruojan\u010di\u0105 realyb\u0119: kiekvienais metais visame pasaulyje pavagiama apie 3 milijonus automobili\u0173. Palyginus su bendra automobili\u0173 gamyba visame pasaulyje, \u0161i suma sudaro beveik 10% vis\u0173 kasmet pagamint\u0173 automobili\u0173. \u0160is nerim\u0105 keliantis rodiklis pabr\u0117\u017eia automobili\u0173 vagyst\u0117s problemos rimtum\u0105.   <\/p>\n\t\t\t\t\t\t\t\t<\/div>\n\t\t\t\t<\/div>\n\t\t\t\t<div class=\"elementor-element elementor-element-5fc7e3d elementor-widget elementor-widget-text-editor\" data-id=\"5fc7e3d\" data-element_type=\"widget\" data-e-type=\"widget\" data-widget_type=\"text-editor.default\">\n\t\t\t\t<div class=\"elementor-widget-container\">\n\t\t\t\t\t\t\t\t\t<p>Be to, norime pabr\u0117\u017eti nes\u0105\u017eining\u0173 automobili\u0173 prekybinink\u0173 problem\u0105, kurie parduoda transporto priemones, kelian\u010dias pavoj\u0173 j\u016bs\u0173 saugumui. \u0160ios transporto priemon\u0117s da\u017enai kilusios i\u0161 rimt\u0173 keli\u0173 \u012fvyki\u0173 ar toki\u0173 \u012fvyki\u0173 kaip gaisrai ar potvyniai, kelian\u010di\u0173 didel\u0119 rizik\u0105 neatsargiems pirk\u0117jams. <\/p>\n\t\t\t\t\t\t\t\t<\/div>\n\t\t\t\t<\/div>\n\t\t\t\t<div class=\"elementor-element elementor-element-ffe1dd0 elementor-widget elementor-widget-text-editor\" data-id=\"ffe1dd0\" data-element_type=\"widget\" data-e-type=\"widget\" data-widget_type=\"text-editor.default\">\n\t\t\t\t<div class=\"elementor-widget-container\">\n\t\t\t\t\t\t\t\t\t<p>M\u016bs\u0173 misija yra aktyviai prie\u0161intis \u0161iems neeti\u0161kiems praktikams ir prisid\u0117ti prie antrin\u0117je rinkoje si\u016blom\u0173 transporto priemoni\u0173 kokyb\u0117s gerinimo. Esame \u012fsipareigoj\u0119 daryti teigiam\u0105 poveik\u012f, teikdami patikimus transporto priemoni\u0173 istorijos ataskaitas, u\u017etikrinan\u010dias saugesnius ir skaidresnius sandorius. <\/p>\n\t\t\t\t\t\t\t\t<\/div>\n\t\t\t\t<\/div>\n\t\t\t\t<div class=\"elementor-element elementor-element-e8f5ee4 elementor-widget elementor-widget-heading\" data-id=\"e8f5ee4\" data-element_type=\"widget\" data-e-type=\"widget\" data-widget_type=\"heading.default\">\n\t\t\t\t<div class=\"elementor-widget-container\">\n\t\t\t\t\t<h2 class=\"elementor-heading-title elementor-size-default\">M\u016bs\u0173 pasi\u016blymas<\/h2>\t\t\t\t<\/div>\n\t\t\t\t<\/div>\n\t\t\t\t<div class=\"elementor-element elementor-element-a44dd7a elementor-widget elementor-widget-text-editor\" data-id=\"a44dd7a\" data-element_type=\"widget\" data-e-type=\"widget\" data-widget_type=\"text-editor.default\">\n\t\t\t\t<div class=\"elementor-widget-container\">\n\t\t\t\t\t\t\t\t\t<p>We believe that our comprehensive vehicle history reports are key to helping you purchase a safe and reliable vehicle. By utilizing our VIN history reports, you can significantly improve the quality and safety of vehicles on the market, especially in the US. <\/p>\n\t\t\t\t\t\t\t\t<\/div>\n\t\t\t\t<\/div>\n\t\t\t\t<div class=\"elementor-element elementor-element-0a2f599 elementor-widget elementor-widget-text-editor\" data-id=\"0a2f599\" data-element_type=\"widget\" data-e-type=\"widget\" data-widget_type=\"text-editor.default\">\n\t\t\t\t<div class=\"elementor-widget-container\">\n\t\t\t\t\t\t\t\t\t<p>J\u016bs galite atlikti svarb\u0173 vaidmen\u012f \u0161iame procese. Papras\u010diausiai \u012fsigydami transporto priemon\u0117s istorijos ataskait\u0105, prisidedate prie saugesn\u0117s automobili\u0173 rinkos. <\/p>\n\t\t\t\t\t\t\t\t<\/div>\n\t\t\t\t<\/div>\n\t\t\t\t<div class=\"elementor-element elementor-element-061f748 elementor-widget elementor-widget-text-editor\" data-id=\"061f748\" data-element_type=\"widget\" data-e-type=\"widget\" data-widget_type=\"text-editor.default\">\n\t\t\t\t<div class=\"elementor-widget-container\">\n\t\t\t\t\t\t\t\t\t<p>M\u016bs\u0173 transporto priemon\u0117s istorijos ataskaitos apima i\u0161sami\u0105 informacij\u0105 apie:<\/p>\n\t\t\t\t\t\t\t\t<\/div>\n\t\t\t\t<\/div>\n\t\t\t\t<div class=\"elementor-element elementor-element-fa9c7ee elementor-icon-list--layout-traditional elementor-list-item-link-full_width elementor-widget elementor-widget-icon-list\" data-id=\"fa9c7ee\" data-element_type=\"widget\" data-e-type=\"widget\" data-widget_type=\"icon-list.default\">\n\t\t\t\t<div class=\"elementor-widget-container\">\n\t\t\t\t\t\t\t<ul class=\"elementor-icon-list-items\">\n\t\t\t\t\t\t\t<li class=\"elementor-icon-list-item\">\n\t\t\t\t\t\t\t\t\t\t\t<span class=\"elementor-icon-list-icon\">\n\t\t\t\t\t\t\t<i aria-hidden=\"true\" class=\"fas fa-check\"><\/i>\t\t\t\t\t\t<\/span>\n\t\t\t\t\t\t\t\t\t\t<span class=\"elementor-icon-list-text\"><b>Titulin\u0117 informacija<\/b>: \u012eskaitant informacij\u0105 apie i\u0161saugotas arba metines titulus.<\/span>\n\t\t\t\t\t\t\t\t\t<\/li>\n\t\t\t\t\t\t\t\t<li class=\"elementor-icon-list-item\">\n\t\t\t\t\t\t\t\t\t\t\t<span class=\"elementor-icon-list-icon\">\n\t\t\t\t\t\t\t<i aria-hidden=\"true\" class=\"fas fa-check\"><\/i>\t\t\t\t\t\t<\/span>\n\t\t\t\t\t\t\t\t\t\t<span class=\"elementor-icon-list-text\"><b>Potvyni\u0173 incident\u0173 istorija: <\/b>Informacija apie bet koki\u0105 potvyni\u0173 sugadint\u0105 turt\u0105 ir i\u0161gelb\u0117tus dokumentus.<\/span>\n\t\t\t\t\t\t\t\t\t<\/li>\n\t\t\t\t\t\t\t\t<li class=\"elementor-icon-list-item\">\n\t\t\t\t\t\t\t\t\t\t\t<span class=\"elementor-icon-list-icon\">\n\t\t\t\t\t\t\t<i aria-hidden=\"true\" class=\"fas fa-check\"><\/i>\t\t\t\t\t\t<\/span>\n\t\t\t\t\t\t\t\t\t\t<span class=\"elementor-icon-list-text\"><b>Visi\u0161kas nuostolis:<\/b> \u012era\u0161ai apie bet kokius incidentus, kai automobilis buvo pripa\u017eintas visi\u0161ku nuostoliu.<\/span>\n\t\t\t\t\t\t\t\t\t<\/li>\n\t\t\t\t\t\t\t\t<li class=\"elementor-icon-list-item\">\n\t\t\t\t\t\t\t\t\t\t\t<span class=\"elementor-icon-list-icon\">\n\t\t\t\t\t\t\t<i aria-hidden=\"true\" class=\"fas fa-check\"><\/i>\t\t\t\t\t\t<\/span>\n\t\t\t\t\t\t\t\t\t\t<span class=\"elementor-icon-list-text\"><b>Odometr\u0173 rodmenys:<\/b> Tikslio atstumo patvirtinimas.<\/span>\n\t\t\t\t\t\t\t\t\t<\/li>\n\t\t\t\t\t\t\t\t<li class=\"elementor-icon-list-item\">\n\t\t\t\t\t\t\t\t\t\t\t<span class=\"elementor-icon-list-icon\">\n\t\t\t\t\t\t\t<i aria-hidden=\"true\" class=\"fas fa-check\"><\/i>\t\t\t\t\t\t<\/span>\n\t\t\t\t\t\t\t\t\t\t<span class=\"elementor-icon-list-text\"><b>Lemon istorija:<\/b> dr\u0105si informacija apie tai, ar automobilis buvo klasifikuojamas kaip citrina.<\/span>\n\t\t\t\t\t\t\t\t\t<\/li>\n\t\t\t\t\t\t\t\t<li class=\"elementor-icon-list-item\">\n\t\t\t\t\t\t\t\t\t\t\t<span class=\"elementor-icon-list-icon\">\n\t\t\t\t\t\t\t<i aria-hidden=\"true\" class=\"fas fa-check\"><\/i>\t\t\t\t\t\t<\/span>\n\t\t\t\t\t\t\t\t\t\t<span class=\"elementor-icon-list-text\"><b>Savinink\u0173 skai\u010dius: <\/b>Ankstesni\u0173 savinink\u0173 istorija, \u012fskaitant tuos, kuri\u0173 titulai buvo i\u0161saugoti arba nura\u0161yti.<\/span>\n\t\t\t\t\t\t\t\t\t<\/li>\n\t\t\t\t\t\t\t\t<li class=\"elementor-icon-list-item\">\n\t\t\t\t\t\t\t\t\t\t\t<span class=\"elementor-icon-list-icon\">\n\t\t\t\t\t\t\t<i aria-hidden=\"true\" class=\"fas fa-check\"><\/i>\t\t\t\t\t\t<\/span>\n\t\t\t\t\t\t\t\t\t\t<span class=\"elementor-icon-list-text\"><b>Incident\u0173 rodikliai:<\/b> Tokie kaip oro pagalvi\u0173 i\u0161siskleidimai ir kiti kritiniai saugumo incidentai.<\/span>\n\t\t\t\t\t\t\t\t\t<\/li>\n\t\t\t\t\t\t\t\t<li class=\"elementor-icon-list-item\">\n\t\t\t\t\t\t\t\t\t\t\t<span class=\"elementor-icon-list-icon\">\n\t\t\t\t\t\t\t<i aria-hidden=\"true\" class=\"fas fa-check\"><\/i>\t\t\t\t\t\t<\/span>\n\t\t\t\t\t\t\t\t\t\t<span class=\"elementor-icon-list-text\"><b>Valstyb\u0117s emisij\u0173 patikros rezultatai:<\/b> dr\u0105s\u016bs valstyb\u0117s emisij\u0173 bandym\u0173 ir rezultat\u0173 \u012fra\u0161ai.<\/span>\n\t\t\t\t\t\t\t\t\t<\/li>\n\t\t\t\t\t\t\t\t<li class=\"elementor-icon-list-item\">\n\t\t\t\t\t\t\t\t\t\t\t<span class=\"elementor-icon-list-icon\">\n\t\t\t\t\t\t\t<i aria-hidden=\"true\" class=\"fas fa-check\"><\/i>\t\t\t\t\t\t<\/span>\n\t\t\t\t\t\t\t\t\t\t<span class=\"elementor-icon-list-text\"><b>Paslaug\u0173 \u012fra\u0161ai: <\/b>I\u0161sami paslaug\u0173 ir prie\u017ei\u016bros istorija.<\/span>\n\t\t\t\t\t\t\t\t\t<\/li>\n\t\t\t\t\t\t\t\t<li class=\"elementor-icon-list-item\">\n\t\t\t\t\t\t\t\t\t\t\t<span class=\"elementor-icon-list-icon\">\n\t\t\t\t\t\t\t<i aria-hidden=\"true\" class=\"fas fa-check\"><\/i>\t\t\t\t\t\t<\/span>\n\t\t\t\t\t\t\t\t\t\t<span class=\"elementor-icon-list-text\"><b>Transporto priemon\u0117s naudojimas: <\/b>Informacija apie transporto priemon\u0117s ankstesn\u012f naudojim\u0105, pavyzd\u017eiui, taksi, nuoma ar lizingas.<\/span>\n\t\t\t\t\t\t\t\t\t<\/li>\n\t\t\t\t\t\t<\/ul>\n\t\t\t\t\t\t<\/div>\n\t\t\t\t<\/div>\n\t\t\t\t<div class=\"elementor-element elementor-element-9c1bdd1 elementor-widget elementor-widget-heading\" data-id=\"9c1bdd1\" data-element_type=\"widget\" data-e-type=\"widget\" data-widget_type=\"heading.default\">\n\t\t\t\t<div class=\"elementor-widget-container\">\n\t\t\t\t\t<h2 class=\"elementor-heading-title elementor-size-default\">Problemos analizavimas<\/h2>\t\t\t\t<\/div>\n\t\t\t\t<\/div>\n\t\t\t\t<div class=\"elementor-element elementor-element-ea7cc37 elementor-widget elementor-widget-text-editor\" data-id=\"ea7cc37\" data-element_type=\"widget\" data-e-type=\"widget\" data-widget_type=\"text-editor.default\">\n\t\t\t\t<div class=\"elementor-widget-container\">\n\t\t\t\t\t\t\t\t\t<p>Norint geriau suprasti automobili\u0173 vagys\u010di\u0173 dinamik\u0105, taikome ekonominius principus, ypa\u010d &#8222;pasi\u016blos ir paklausos pusiausvyr\u0105.&#8221; I\u0161nagrin\u0117dami pavogtus automobilius kaip prek\u0119 rinkos apyvartoje, siekiame nustatyti veiksnius, kurie lemia \u0161\u012f rei\u0161kin\u012f. \u0160i analiz\u0117 padeda mums pasi\u016blyti efektyvesnes strategijas kovoti su automobili\u0173 vagyst\u0117mis ir pagerinti bendr\u0105 transporto priemoni\u0173 saugum\u0105 bei kokyb\u0119.  <\/p>\n\t\t\t\t\t\t\t\t<\/div>\n\t\t\t\t<\/div>\n\t\t\t\t<div class=\"elementor-element elementor-element-f4b67f3 elementor-widget elementor-widget-text-editor\" data-id=\"f4b67f3\" data-element_type=\"widget\" data-e-type=\"widget\" data-widget_type=\"text-editor.default\">\n\t\t\t\t<div class=\"elementor-widget-container\">\n\t\t\t\t\t\t\t\t\t<p>Kartu mes galime padaryti skirtum\u0105. Prisijunkite prie m\u016bs\u0173 pastang\u0173 sukurti saugesn\u0119, skaidresn\u0119 automobili\u0173 rink\u0105 naudodamiesi m\u016bs\u0173 patikimais transporto priemoni\u0173 istorijos ataskaitomis. <\/p>\n\t\t\t\t\t\t\t\t<\/div>\n\t\t\t\t<\/div>\n\t\t\t\t\t<\/div>\n\t\t\t\t<\/div>\n\t\t\t\t<\/div>\n\t\t","protected":false},"excerpt":{"rendered":"<p>M\u016bs\u0173 tikslas Tiksime didinti supratim\u0105 apie globali\u0105 automobili\u0173 vagyst\u0117s problem\u0105 ir jos poveik\u012f automobili\u0173 pramonei. Statistika atskleid\u017eia \u0161okiruojan\u010di\u0105 realyb\u0119: kiekvienais metais visame pasaulyje pavagiama apie 3 milijonus automobili\u0173. Palyginus su bendra automobili\u0173 gamyba visame pasaulyje, \u0161i suma sudaro beveik 10% vis\u0173 kasmet pagamint\u0173 automobili\u0173. \u0160is nerim\u0105 keliantis rodiklis pabr\u0117\u017eia automobili\u0173 vagyst\u0117s problemos rimtum\u0105. Be to, [&hellip;]<\/p>\n","protected":false},"author":2,"featured_media":0,"parent":0,"menu_order":0,"comment_status":"closed","ping_status":"closed","template":"","meta":{"inline_featured_image":false,"footnotes":""},"class_list":["post-1567","page","type-page","status-publish","hentry"],"_links":{"self":[{"href":"https:\/\/www.vin-info.com\/lt\/wp-json\/wp\/v2\/pages\/1567","targetHints":{"allow":["GET"]}}],"collection":[{"href":"https:\/\/www.vin-info.com\/lt\/wp-json\/wp\/v2\/pages"}],"about":[{"href":"https:\/\/www.vin-info.com\/lt\/wp-json\/wp\/v2\/types\/page"}],"author":[{"embeddable":true,"href":"https:\/\/www.vin-info.com\/lt\/wp-json\/wp\/v2\/users\/2"}],"replies":[{"embeddable":true,"href":"https:\/\/www.vin-info.com\/lt\/wp-json\/wp\/v2\/comments?post=1567"}],"version-history":[{"count":4,"href":"https:\/\/www.vin-info.com\/lt\/wp-json\/wp\/v2\/pages\/1567\/revisions"}],"predecessor-version":[{"id":1581,"href":"https:\/\/www.vin-info.com\/lt\/wp-json\/wp\/v2\/pages\/1567\/revisions\/1581"}],"wp:attachment":[{"href":"https:\/\/www.vin-info.com\/lt\/wp-json\/wp\/v2\/media?parent=1567"}],"curies":[{"name":"wp","href":"https:\/\/api.w.org\/{rel}","templated":true}]}}