{"id":2714,"date":"2024-08-20T13:39:05","date_gmt":"2024-08-20T11:39:05","guid":{"rendered":"https:\/\/www.vin-info.com\/adatvedelmi-nyilatkozat\/"},"modified":"2025-11-21T12:52:35","modified_gmt":"2025-11-21T11:52:35","slug":"privacy-policy","status":"publish","type":"page","link":"https:\/\/www.vin-info.com\/hu\/privacy-policy\/","title":{"rendered":"Adatv\u00e9delmi nyilatkozat"},"content":{"rendered":"\t\t<div data-elementor-type=\"wp-page\" data-elementor-id=\"2714\" class=\"elementor elementor-2714 elementor-3\" data-elementor-post-type=\"page\">\n\t\t\t\t<div class=\"elementor-element elementor-element-2726f31 e-flex e-con-boxed e-con e-parent\" data-id=\"2726f31\" data-element_type=\"container\" data-e-type=\"container\">\n\t\t\t\t\t<div class=\"e-con-inner\">\n\t\t\t\t<div class=\"elementor-element elementor-element-c7518d1 elementor-widget elementor-widget-heading\" data-id=\"c7518d1\" data-element_type=\"widget\" data-e-type=\"widget\" data-widget_type=\"heading.default\">\n\t\t\t\t<div class=\"elementor-widget-container\">\n\t\t\t\t\t<h3 class=\"elementor-heading-title elementor-size-default\">I. Feldolgozott szem\u00e9lyes adatok, jogi alap \u00e9s feldolgoz\u00e1si id\u0151szakok<\/h3>\t\t\t\t<\/div>\n\t\t\t\t<\/div>\n\t\t\t\t<div class=\"elementor-element elementor-element-b3882e0 elementor-widget elementor-widget-text-editor\" data-id=\"b3882e0\" data-element_type=\"widget\" data-e-type=\"widget\" data-widget_type=\"text-editor.default\">\n\t\t\t\t<div class=\"elementor-widget-container\">\n\t\t\t\t\t\t\t\t\t<p>Szem\u00e9lyes adatokat a k\u00f6vetkez\u0151 t\u00edpusokban gy\u0171jthet\u00fcnk, t\u00e1rolhatunk \u00e9s feldolgozhatunk:<\/p><p>&#8211; inform\u00e1ci\u00f3 a sz\u00e1m\u00edt\u00f3g\u00e9p\u00e9r\u0151l \u00e9s a Weboldal l\u00e1togat\u00e1sair\u00f3l \u00e9s haszn\u00e1lat\u00e1r\u00f3l (k\u00fcl\u00f6n\u00f6sen: az \u00d6n IP-c\u00edme, f\u00f6ldrajzi helyzete, b\u00f6ng\u00e9sz\u0151 t\u00edpusa \u00e9s verzi\u00f3ja, oper\u00e1ci\u00f3s rendszere, hivatkoz\u00e1si forr\u00e1sa, a l\u00e1togat\u00e1s ideje \u00e9s hossza, oldalmegtekint\u00e9sek, weboldal navig\u00e1ci\u00f3), amelyet jogos \u00e9rdekeink alapj\u00e1n dolgozunk fel statisztikai \u00e9s a Weboldal adminisztr\u00e1ci\u00f3ja c\u00e9lj\u00e1b\u00f3l, valamint k\u00f6zvetlen marketing c\u00e9lj\u00e1b\u00f3l, a tev\u00e9kenys\u00e9gek befejez\u00e9s\u00e9ig vagy addig, am\u00edg \u00d6n \u00e9rv\u00e9nyesen nem gyakorolja a fellebbez\u00e9si jog\u00e1t, a profilalkot\u00e1st az \u00d6n hozz\u00e1j\u00e1rul\u00e1s\u00e1val v\u00e9gezve, am\u00edg \u00d6n vissza nem vonja a hozz\u00e1j\u00e1rul\u00e1s\u00e1t;<\/p><p>&#8211; az \u00d6n \u00e1ltal megadott adatok, amelyek sz\u00fcks\u00e9gesek a honlapon el\u00e9rhet\u0151 szolg\u00e1ltat\u00e1sok ny\u00fajt\u00e1s\u00e1hoz (k\u00fcl\u00f6n\u00f6sen: e-mail c\u00edm, n\u00e9v \u00e9s vezet\u00e9kn\u00e9v, c\u00edm, ad\u00f3sz\u00e1m, banksz\u00e1mlasz\u00e1m, tranzakci\u00f3s sz\u00e1m, a bev\u00e1s\u00e1rl\u00f3kos\u00e1r tartalma) \u00e9s az adatok, amelyek a honlapon t\u00f6rt\u00e9n\u0151 regisztr\u00e1ci\u00f3val kapcsolatosak (k\u00fcl\u00f6n\u00f6sen e-mail c\u00edm, bejelentkez\u00e9s, jelsz\u00f3), amelyeket a Szerz\u0151d\u00e9si felt\u00e9telekben meghat\u00e1rozott szerz\u0151d\u00e9s teljes\u00edt\u00e9s\u00e9nek alapj\u00e1n dolgozunk fel a szerz\u0151d\u00e9s megk\u00f6t\u00e9s\u00e9nek, v\u00e9grehajt\u00e1s\u00e1nak \u00e9s megsz\u00fcntet\u00e9s\u00e9nek c\u00e9lj\u00e1b\u00f3l a szerz\u0151d\u00e9s megk\u00f6t\u00e9s\u00e9nek \u00e9s v\u00e9grehajt\u00e1s\u00e1nak id\u0151tartama alatt, valamint jogszer\u0171 \u00e9rdekeink alapj\u00e1n a szerz\u0151d\u00e9ssel kapcsolatos ig\u00e9nyek \u00e9rv\u00e9nyes\u00edt\u00e9se \u00e9s a felhaszn\u00e1l\u00f3k \u00e1ltal a honlapon t\u00f6rt\u00e9n\u0151 regisztr\u00e1ci\u00f3 sor\u00e1n megadott adatok biztons\u00e1g\u00e1nak garant\u00e1l\u00e1sa \u00e9rdek\u00e9ben, 6 \u00e9vig a szerz\u0151d\u00e9s teljes\u00edt\u00e9si \u00e9v\u00e9nek v\u00e9g\u00e9t\u0151l sz\u00e1m\u00edtva, vagy a jogosults\u00e1gi jog hat\u00e9kony gyakorl\u00e1s\u00e1ig, de legk\u00e9s\u0151bb a szerz\u0151d\u00e9ssel kapcsolatos ig\u00e9nyek \u00e9rv\u00e9nyes\u00edt\u00e9se \u00e9s az ig\u00e9nyek el\u00e9v\u00fcl\u00e9si idej\u00e9nek lej\u00e1rt\u00e1ig, valamint a sz\u00e1mviteli t\u00f6rv\u00e9nyben \u00e9s az ad\u00f3t\u00f6rv\u00e9nyben el\u0151\u00edrt jogi k\u00f6telezetts\u00e9gek alapj\u00e1n az ezekben a szab\u00e1lyoz\u00e1sokban megjel\u00f6lt id\u0151szakok alatt (jelenleg a sz\u00e1mviteli t\u00f6rv\u00e9ny 74. cikkelye \u00e9s az ad\u00f3t\u00f6rv\u00e9ny 32. \u00a7 1. bekezd\u00e9se szerint ez az id\u0151szak 5 \u00e9v a vonatkoz\u00f3 adatokkal \u00f6sszef\u00fcgg\u00e9sben az azt k\u00f6vet\u0151 \u00e9v kezdet\u00e9t\u0151l sz\u00e1m\u00edtva);<\/p><p>&#8211; az inform\u00e1ci\u00f3, amelyet a weboldal h\u00edrlev\u00e9l szolg\u00e1ltat\u00e1sainak ig\u00e9nybev\u00e9tel\u00e9hez biztos\u00edt sz\u00e1munkra, k\u00fcl\u00f6n\u00f6sen e-mail \u00e9rtes\u00edt\u00e9sek \u00e9s\/vagy h\u00edrlevelek (e-mail c\u00edm), amelyet az \u00f6n hozz\u00e1j\u00e1rul\u00e1sa alapj\u00e1n dolgozunk fel, am\u00edg ezek a szolg\u00e1ltat\u00e1sok akt\u00edvak \u00e9s\/vagy am\u00edg a hozz\u00e1j\u00e1rul\u00e1st vissza nem vonj\u00e1k;<\/p><p>&#8211; az \u00d6nnel val\u00f3 kommunik\u00e1ci\u00f3hoz sz\u00fcks\u00e9ges inform\u00e1ci\u00f3k (k\u00fcl\u00f6n\u00f6sen e-mail c\u00edm, n\u00e9v \u00e9s vezet\u00e9kn\u00e9v, telefonsz\u00e1m \u00e9s kommunik\u00e1ci\u00f3 tartalma), amelyeket jogos \u00e9rdekeink alapj\u00e1n dolgozunk fel, azzal a c\u00e9llal, hogy kommunik\u00e1ljunk \u00d6nnel \u00e9s megv\u00e9dj\u00fck magunkat a k\u00f6vetel\u00e9sekkel szemben, a kommunik\u00e1ci\u00f3t k\u00f6vet\u0151 \u00e9v v\u00e9g\u00e9t\u0151l sz\u00e1m\u00edtott 6 \u00e9ves id\u0151szak alatt, vagy am\u00edg \u00d6n hat\u00e9konyan nem gyakorolja a tiltakoz\u00e1si jog\u00e1t.<\/p>\t\t\t\t\t\t\t\t<\/div>\n\t\t\t\t<\/div>\n\t\t\t\t<div class=\"elementor-element elementor-element-a0db7e9 elementor-widget elementor-widget-heading\" data-id=\"a0db7e9\" data-element_type=\"widget\" data-e-type=\"widget\" data-widget_type=\"heading.default\">\n\t\t\t\t<div class=\"elementor-widget-container\">\n\t\t\t\t\t<h3 class=\"elementor-heading-title elementor-size-default\">Ia. Automatiz\u00e1lt egy\u00e9ni d\u00f6nt\u00e9shozatal, bele\u00e9rtve a profilalkot\u00e1st <\/h3>\t\t\t\t<\/div>\n\t\t\t\t<\/div>\n\t\t\t\t<div class=\"elementor-element elementor-element-7e702af elementor-widget elementor-widget-text-editor\" data-id=\"7e702af\" data-element_type=\"widget\" data-e-type=\"widget\" data-widget_type=\"text-editor.default\">\n\t\t\t\t<div class=\"elementor-widget-container\">\n\t\t\t\t\t\t\t\t\t<p>Az \u00e1ltalunk feldolgozott adatokat mi vagy az egy\u00fcttm\u0171k\u00f6d\u0151ink felhaszn\u00e1lhatj\u00e1k automatiz\u00e1lt egy\u00e9ni d\u00f6nt\u00e9shozatalhoz, kiz\u00e1r\u00f3lag szolg\u00e1ltat\u00e1saink hirdet\u00e9se c\u00e9lj\u00e1b\u00f3l m\u00e1s weboldalakon. Ezt \u00fagy val\u00f3s\u00edtj\u00e1k meg, hogy az egy\u00fcttm\u0171k\u00f6d\u0151ink, akik nek\u00fcnk hirdet\u00e9si szolg\u00e1ltat\u00e1sokat ny\u00fajtanak, \u00e9rdekl\u0151d\u00e9si profilt k\u00e9sz\u00edthetnek r\u00f3lad, \u00e9s a harmadik f\u00e9l weboldalain megjelen\u00edthetik szolg\u00e1ltat\u00e1saink hirdet\u00e9seit. Az egy\u00fcttm\u0171k\u00f6d\u0151k s\u00fctiket vagy hasonl\u00f3 technol\u00f3gi\u00e1kat haszn\u00e1lnak, amelyek r\u00f6gz\u00edtik, hogy megl\u00e1togattad a weboldalunkat, vagy hogy haszn\u00e1ltad a szolg\u00e1ltat\u00e1sainkat. Ugyanakkor az \u00e9rdekl\u0151d\u00e9si profiloz\u00e1snak csak a te \u00f6nk\u00e9ntes hozz\u00e1j\u00e1rul\u00e1sodon alapulva n\u00e9zhetsz al\u00e1, amit k\u00e9r\u00fcnk, amikor megl\u00e1togatod a weboldalunkat. Ha nem adsz hozz\u00e1j\u00e1rul\u00e1st a profiloz\u00e1shoz, nem fogsz al\u00e1vetve lenni a profiloz\u00e1snak. B\u00e1rmikor visszavonhatod a profiloz\u00e1sra vonatkoz\u00f3 hozz\u00e1j\u00e1rul\u00e1sodat, ha err\u0151l \u00e9rtes\u00edted az e-mail c\u00edm\u00fcnket, vagy a fi\u00f3kbe\u00e1ll\u00edt\u00e1saidban, ha van ilyen, an\u00e9lk\u00fcl, hogy ez befoly\u00e1soln\u00e1 a hozz\u00e1j\u00e1rul\u00e1son alapul\u00f3 adatkezel\u00e9s jogszer\u0171s\u00e9g\u00e9t a visszavon\u00e1s el\u0151tt.     <\/p>\t\t\t\t\t\t\t\t<\/div>\n\t\t\t\t<\/div>\n\t\t\t\t<div class=\"elementor-element elementor-element-6ce4070 elementor-widget elementor-widget-heading\" data-id=\"6ce4070\" data-element_type=\"widget\" data-e-type=\"widget\" data-widget_type=\"heading.default\">\n\t\t\t\t<div class=\"elementor-widget-container\">\n\t\t\t\t\t<h3 class=\"elementor-heading-title elementor-size-default\">II. S\u00fctik <\/h3>\t\t\t\t<\/div>\n\t\t\t\t<\/div>\n\t\t\t\t<div class=\"elementor-element elementor-element-2b7a137 elementor-widget elementor-widget-text-editor\" data-id=\"2b7a137\" data-element_type=\"widget\" data-e-type=\"widget\" data-widget_type=\"text-editor.default\">\n\t\t\t\t<div class=\"elementor-widget-container\">\n\t\t\t\t\t\t\t\t\t<p>A webhely s\u00fctiket haszn\u00e1l, amelyek lehet\u0151v\u00e9 teszik sz\u00e1munkra, hogy a webhelyet a felhaszn\u00e1l\u00f3k ig\u00e9nyeihez igaz\u00edtsuk az\u00e1ltal, hogy el\u0151k\u00e9sz\u00edtj\u00fck \u00e9s elemezz\u00fck a webhely haszn\u00e1lat\u00e1nak statisztik\u00e1it. A statisztik\u00e1k nem vonatkoznak a webhely felhaszn\u00e1l\u00f3inak szem\u00e9lyes adataira. <\/p>\n<p>A s\u00fcti olyan inform\u00e1ci\u00f3kb\u00f3l \u00e1ll, amelyet egy webkiszolg\u00e1l\u00f3 k\u00fcld a webb\u00f6ng\u00e9sz\u0151nek, \u00e9s amelyet a b\u00f6ng\u00e9sz\u0151 t\u00e1rol. Az inform\u00e1ci\u00f3t ezut\u00e1n minden alkalommal visszak\u00fcldi a szervernek, amikor a b\u00f6ng\u00e9sz\u0151 k\u00e9r egy oldalt a szervert\u0151l. Ez lehet\u0151v\u00e9 teszi a webkiszolg\u00e1l\u00f3 sz\u00e1m\u00e1ra, hogy azonos\u00edtsa \u00e9s nyomon k\u00f6vesse a webb\u00f6ng\u00e9sz\u0151t.  <\/p>\n<p>Mind &#8222;munkamenet&#8221; s\u00fctiket, mind &#8222;\u00e1lland\u00f3&#8221; s\u00fctiket haszn\u00e1lunk a Weboldalon. A munkamenet s\u00fctiket arra haszn\u00e1ljuk, hogy nyomon k\u00f6vethess\u00fck \u00d6nt, mik\u00f6zben a Weboldalon navig\u00e1l. Az \u00e1lland\u00f3 s\u00fctiket arra haszn\u00e1ljuk, hogy a Weboldal felismerje \u00d6nt, amikor ell\u00e1togat a Weboldalra.  <\/p>\n<p>A munkamenet s\u00fctik t\u00f6rl\u00e9sre ker\u00fclnek a sz\u00e1m\u00edt\u00f3g\u00e9p\u00e9r\u0151l, amikor bez\u00e1rja a b\u00f6ng\u00e9sz\u0151t. A tart\u00f3s s\u00fctik a sz\u00e1m\u00edt\u00f3g\u00e9p\u00e9n maradnak, am\u00edg t\u00f6rl\u00e9sre nem ker\u00fclnek, vagy am\u00edg el nem \u00e9rik a megadott lej\u00e1rati d\u00e1tumot. <\/p>\n<p>A Google Analytics-t haszn\u00e1ljuk a Weboldal haszn\u00e1lat\u00e1nak elemz\u00e9s\u00e9re. A Google Analytics statisztikai \u00e9s egy\u00e9b inform\u00e1ci\u00f3kat gener\u00e1l a Weboldal haszn\u00e1lat\u00e1r\u00f3l a cookie-k seg\u00edts\u00e9g\u00e9vel, amelyeket a felhaszn\u00e1l\u00f3k sz\u00e1m\u00edt\u00f3g\u00e9p\u00e9n t\u00e1rolnak. A Weboldallal kapcsolatos gener\u00e1lt inform\u00e1ci\u00f3kat a Weboldal haszn\u00e1lat\u00e1r\u00f3l sz\u00f3l\u00f3 jelent\u00e9sek k\u00e9sz\u00edt\u00e9s\u00e9re haszn\u00e1lj\u00e1k. A Google ezt az inform\u00e1ci\u00f3t t\u00e1rolni fogja. A Google adatv\u00e9delmi nyilatkozata el\u00e9rhet\u0151 a k\u00f6vetkez\u0151 c\u00edmen: http:\/\/www.google.com\/privacypolicy.html.    <\/p>\n<p>Harmadik felek, k\u00fcl\u00f6n\u00f6sen a hirdet\u0151ink\/fizet\u00e9si szolg\u00e1ltat\u00f3k szint\u00e9n k\u00fcldhetnek \u00d6nnek s\u00fctiket a weboldalaikon felt\u00fcntetett szab\u00e1lyoknak megfelel\u0151en.<\/p>\n<p>A s\u00fctik haszn\u00e1lat\u00e1ra vonatkoz\u00f3 beleegyez\u00e9st az \u00d6n \u00e1ltal a b\u00f6ng\u00e9sz\u0151 be\u00e1ll\u00edt\u00e1saiban v\u00e1lasztott lehet\u0151s\u00e9gek r\u00e9v\u00e9n adj\u00e1k meg a weboldalon. A b\u00f6ng\u00e9sz\u0151k t\u00f6bbs\u00e9ge lehet\u0151v\u00e9 teszi, hogy elutas\u00edtsa az \u00f6sszes s\u00fctit, vagy csak a harmadik f\u00e9l s\u00fctijeit utas\u00edtsa el. P\u00e9ld\u00e1ul az Internet Explorerben az \u00f6sszes s\u00fcti elutas\u00edt\u00e1s\u00e1hoz kattintson az &#8222;Eszk\u00f6z\u00f6k&#8221;, &#8222;Internetbe\u00e1ll\u00edt\u00e1sok&#8221;, &#8222;Adatv\u00e9delem&#8221; men\u00fcre, \u00e9s v\u00e1lassza a &#8222;Minden s\u00fcti blokkol\u00e1sa&#8221; lehet\u0151s\u00e9get a cs\u00faszk\u00e1val. Az \u00f6sszes s\u00fcti blokkol\u00e1sa azonban negat\u00edvan befoly\u00e1solja sok weboldal haszn\u00e1lhat\u00f3s\u00e1g\u00e1t.   <\/p>\t\t\t\t\t\t\t\t<\/div>\n\t\t\t\t<\/div>\n\t\t\t\t<div class=\"elementor-element elementor-element-3425db5 elementor-widget elementor-widget-heading\" data-id=\"3425db5\" data-element_type=\"widget\" data-e-type=\"widget\" data-widget_type=\"heading.default\">\n\t\t\t\t<div class=\"elementor-widget-container\">\n\t\t\t\t\t<h3 class=\"elementor-heading-title elementor-size-default\">III. Adatkezel\u0151k <\/h3>\t\t\t\t<\/div>\n\t\t\t\t<\/div>\n\t\t\t\t<div class=\"elementor-element elementor-element-95ad2b8 elementor-widget elementor-widget-text-editor\" data-id=\"95ad2b8\" data-element_type=\"widget\" data-e-type=\"widget\" data-widget_type=\"text-editor.default\">\n\t\t\t\t<div class=\"elementor-widget-container\">\n\t\t\t\t\t\t\t\t\t<p>Inform\u00e1ci\u00f3t adhatunk meg r\u00f3lad b\u00e1rmelyik alkalmazottunknak, tisztvisel\u0151nknek \u00e9s munkat\u00e1rsunknak, amennyire \u00e9sszer\u0171en sz\u00fcks\u00e9ges a jelen Adatv\u00e9delmi Szab\u00e1lyzatban meghat\u00e1rozott c\u00e9lok \u00e9rdek\u00e9ben, azonban k\u00f6telesek megfelel\u0151en biztos\u00edtani az adatokat.<\/p>\n<p>Adataidat megoszthatjuk egy\u00fcttm\u0171k\u00f6d\u0151inkkel, akik a mi nev\u00e9ben dolgozz\u00e1k fel azokat (adatc\u00edmzettek), \u00e9s a k\u00f6vetkez\u0151 tev\u00e9kenys\u00e9geket v\u00e9gzik: k\u00f6nyvel\u00e9s, informatikai szolg\u00e1ltat\u00e1sok, t\u00e1rhelyszolg\u00e1ltat\u00e1s, statisztika, marketing, web b\u00f6ng\u00e9sz\u0151k, k\u00f6z\u00f6ss\u00e9gi h\u00e1l\u00f3zatok.<\/p>\n<p>Az adatok \u00e1transfer\u00e1lhat\u00f3ak az EU-n k\u00edv\u00fclre, azonban csak az EU jogszab\u00e1lyai szerint j\u00f3v\u00e1hagyott \u00e1llamokba vagy szervezetekhez, k\u00fcl\u00f6n\u00f6sen az Egyes\u00fclt \u00c1llamokb\u00f3l sz\u00e1rmaz\u00f3 entit\u00e1sokhoz, amelyek r\u00e9szt vesznek a Privacy Shield projekten (l\u00e1sd: https:\/\/www.privacyshield.gov\/).<\/p>\n<p>Ezenk\u00edv\u00fcl nyilv\u00e1nos hat\u00f3s\u00e1goknak is \u00e1tadhatjuk szem\u00e9lyes adatait, amennyiben azt a t\u00f6rv\u00e9ny megk\u00f6veteli.<\/p>\t\t\t\t\t\t\t\t<\/div>\n\t\t\t\t<\/div>\n\t\t\t\t<div class=\"elementor-element elementor-element-dac743f elementor-widget elementor-widget-heading\" data-id=\"dac743f\" data-element_type=\"widget\" data-e-type=\"widget\" data-widget_type=\"heading.default\">\n\t\t\t\t<div class=\"elementor-widget-container\">\n\t\t\t\t\t<h3 class=\"elementor-heading-title elementor-size-default\">IV. Felhaszn\u00e1l\u00f3i jogok <\/h3>\t\t\t\t<\/div>\n\t\t\t\t<\/div>\n\t\t\t\t<div class=\"elementor-element elementor-element-0d0da09 elementor-widget elementor-widget-text-editor\" data-id=\"0d0da09\" data-element_type=\"widget\" data-e-type=\"widget\" data-widget_type=\"text-editor.default\">\n\t\t\t\t<div class=\"elementor-widget-container\">\n\t\t\t\t\t\t\t\t\t<p>Weboldal haszn\u00e1l\u00f3jak\u00e9nt jogod van k\u00e9rni az adatkezel\u0151t\u0151l a szem\u00e9lyes adatokhoz val\u00f3 hozz\u00e1f\u00e9r\u00e9st, azok helyesb\u00edt\u00e9s\u00e9t vagy t\u00f6rl\u00e9s\u00e9t, vagy a feldolgoz\u00e1s korl\u00e1toz\u00e1s\u00e1t, illetve jogod van a feldolgoz\u00e1s ellen tiltakozni, valamint a hordozhat\u00f3s\u00e1ghoz f\u0171z\u0151d\u0151 jogod is van. E jogok ig\u00e9nybev\u00e9tel\u00e9hez k\u00e9rj\u00fck, l\u00e9pj vel\u00fcnk kapcsolatba a Weboldalon tal\u00e1lhat\u00f3 kapcsolatfelv\u00e9teli \u0171rlap seg\u00edts\u00e9g\u00e9vel, vagy k\u00fcldj e-mailt, illetve v\u00e9gezhetsz m\u00f3dos\u00edt\u00e1st a fi\u00f3kbe\u00e1ll\u00edt\u00e1saidban, ha van. <\/p>\n<p>Weboldal felhaszn\u00e1l\u00f3jak\u00e9nt jogod van panaszt tenni az adatkezel\u00e9s\u00fcnkkel kapcsolatban a Lengyelorsz\u00e1gban tal\u00e1lhat\u00f3 Szem\u00e9lyes Adatok V\u00e9delm\u00e9nek Hivatal\u00e1nak eln\u00f6k\u00e9n\u00e9l (Prezes Urz\u0119du Ochrony Danych Osobowych) vagy annak megfelel\u0151j\u00e9t m\u00e1s EU tag\u00e1llamban, a szok\u00e1sos lak\u00f3helyed, munkahelyed vagy a v\u00e9lt megs\u00e9rt\u00e9s helye szerint.<\/p>\t\t\t\t\t\t\t\t<\/div>\n\t\t\t\t<\/div>\n\t\t\t\t<div class=\"elementor-element elementor-element-d3ff955 elementor-widget elementor-widget-heading\" data-id=\"d3ff955\" data-element_type=\"widget\" data-e-type=\"widget\" data-widget_type=\"heading.default\">\n\t\t\t\t<div class=\"elementor-widget-container\">\n\t\t\t\t\t<h3 class=\"elementor-heading-title elementor-size-default\">V. A szem\u00e9lyes adatai v\u00e9delme<\/h3>\t\t\t\t<\/div>\n\t\t\t\t<\/div>\n\t\t\t\t<div class=\"elementor-element elementor-element-a4ed904 elementor-widget elementor-widget-text-editor\" data-id=\"a4ed904\" data-element_type=\"widget\" data-e-type=\"widget\" data-widget_type=\"text-editor.default\">\n\t\t\t\t<div class=\"elementor-widget-container\">\n\t\t\t\t\t\t\t\t\t<p>\u00c9sszer\u0171 technikai \u00e9s szervez\u00e9si \u00f3vint\u00e9zked\u00e9seket fogunk tenni a szem\u00e9lyes adatai elveszt\u00e9s\u00e9nek, vissza\u00e9l\u00e9s\u00e9nek vagy m\u00f3dos\u00edt\u00e1s\u00e1nak megel\u0151z\u00e9se \u00e9rdek\u00e9ben.<\/p>\n<p>Minden szem\u00e9lyes inform\u00e1ci\u00f3t, amelyet megad, biztons\u00e1gos (jelsz\u00f3- \u00e9s t\u0171zfalv\u00e9delemmel ell\u00e1tott) szervereinken t\u00e1rolunk. Minden elektronikus tranzakci\u00f3t, amelyet vel\u00fcnk folytat vagy amelyet t\u0151l\u00fcnk kap, valamint a \u00e9rz\u00e9keny \u00e9s\/vagy priv\u00e1t adatok cser\u00e9j\u00e9t SSL technol\u00f3gi\u00e1val titkos\u00edtjuk. <\/p>\n<p>Term\u00e9szete szerint az adat\u00e1tvitel az interneten mag\u00e1ban foglalja a biztons\u00e1g hi\u00e1nyoss\u00e1gait. Azonban k\u00fcl\u00f6nb\u00f6z\u0151 int\u00e9zked\u00e9seket haszn\u00e1lunk az adataid v\u00e9delme \u00e9rdek\u00e9ben. Ha aj\u00e1nl\u00e1st szeretn\u00e9l adni a biztons\u00e1ggal kapcsolatban, arra b\u00e1tor\u00edtunk, hogy l\u00e9pj kapcsolatba vel\u00fcnk a kapcsolatfelv\u00e9teli \u0171rlapon kereszt\u00fcl vagy az e-mail c\u00edm\u00fcnkre.  <\/p>\n<p>\u00d6n felel\u0151s a jelsz\u00f3 \u00e9s a felhaszn\u00e1l\u00f3i adatok titokban tart\u00e1s\u00e1\u00e9rt, \u00e9s nem k\u00f6teles azokat m\u00e1s szem\u00e9lyeknek felfedni. Nem fogjuk k\u00e9rni a jelszav\u00e1t (kiv\u00e9ve, ha bejelentkezik a Weboldalra). <\/p>\t\t\t\t\t\t\t\t<\/div>\n\t\t\t\t<\/div>\n\t\t\t\t<div class=\"elementor-element elementor-element-16e74e8 elementor-widget elementor-widget-heading\" data-id=\"16e74e8\" data-element_type=\"widget\" data-e-type=\"widget\" data-widget_type=\"heading.default\">\n\t\t\t\t<div class=\"elementor-widget-container\">\n\t\t\t\t\t<h3 class=\"elementor-heading-title elementor-size-default\">VI. Harmadik f\u00e9l weboldalai <\/h3>\t\t\t\t<\/div>\n\t\t\t\t<\/div>\n\t\t\t\t<div class=\"elementor-element elementor-element-6027d9e elementor-widget elementor-widget-text-editor\" data-id=\"6027d9e\" data-element_type=\"widget\" data-e-type=\"widget\" data-widget_type=\"text-editor.default\">\n\t\t\t\t<div class=\"elementor-widget-container\">\n\t\t\t\t\t\t\t\t\t<p>A weboldal m\u00e1s weboldalakra mutat\u00f3 linkeket tartalmaz. Nem v\u00e1llalunk felel\u0151ss\u00e9get a harmadik f\u00e9l weboldalak adatv\u00e9delmi politik\u00e1i\u00e9rt vagy gyakorlat\u00e1\u00e9rt. Ezek a weboldalak, bele\u00e9rtve a tartalmukat \u00e9s a linkeket, folyamatosan v\u00e1ltozhatnak, \u00e9s saj\u00e1t adatv\u00e9delmi politik\u00e1jukat \u00e9s egy\u00e9b szab\u00e1lyoz\u00e1saikat is tarthatj\u00e1k, amelyeket aj\u00e1nlott elolvasni.  <\/p>\t\t\t\t\t\t\t\t<\/div>\n\t\t\t\t<\/div>\n\t\t\t\t\t<\/div>\n\t\t\t\t<\/div>\n\t\t\t\t<\/div>\n\t\t","protected":false},"excerpt":{"rendered":"<p>Elk\u00f6telezettek vagyunk az egyes Weboldal felhaszn\u00e1l\u00f3k mag\u00e1n\u00e9let\u00e9nek v\u00e9delme mellett.<\/p>\n<p>Az \u00d6n adatainak kezel\u0151je az Autoiso sp. z o.o., sz\u00e9khelye: ul. Gnie\u017anie\u0144ska 12, 40-142 Katowice (Lengyelorsz\u00e1g). Ha k\u00e9rd\u00e9se van az Adatv\u00e9delmi Szab\u00e1lyzatunkkal vagy a szem\u00e9lyes adatok feldolgoz\u00e1s\u00e1val kapcsolatban, valamint ha szeretn\u00e9 beny\u00fajtani az adataival kapcsolatos utas\u00edt\u00e1sait, k\u00e9rj\u00fck, l\u00e9pjen vel\u00fcnk kapcsolatba az al\u00e1bbi e-mail c\u00edmen: support@autoiso.pl vagy a fent megadott sz\u00e9khely c\u00edm\u00e9n.   <\/p>\n","protected":false},"author":1,"featured_media":0,"parent":0,"menu_order":0,"comment_status":"closed","ping_status":"closed","template":"","meta":{"inline_featured_image":false,"footnotes":""},"class_list":["post-2714","page","type-page","status-publish","hentry"],"_links":{"self":[{"href":"https:\/\/www.vin-info.com\/hu\/wp-json\/wp\/v2\/pages\/2714","targetHints":{"allow":["GET"]}}],"collection":[{"href":"https:\/\/www.vin-info.com\/hu\/wp-json\/wp\/v2\/pages"}],"about":[{"href":"https:\/\/www.vin-info.com\/hu\/wp-json\/wp\/v2\/types\/page"}],"author":[{"embeddable":true,"href":"https:\/\/www.vin-info.com\/hu\/wp-json\/wp\/v2\/users\/1"}],"replies":[{"embeddable":true,"href":"https:\/\/www.vin-info.com\/hu\/wp-json\/wp\/v2\/comments?post=2714"}],"version-history":[{"count":3,"href":"https:\/\/www.vin-info.com\/hu\/wp-json\/wp\/v2\/pages\/2714\/revisions"}],"predecessor-version":[{"id":3983,"href":"https:\/\/www.vin-info.com\/hu\/wp-json\/wp\/v2\/pages\/2714\/revisions\/3983"}],"wp:attachment":[{"href":"https:\/\/www.vin-info.com\/hu\/wp-json\/wp\/v2\/media?parent=2714"}],"curies":[{"name":"wp","href":"https:\/\/api.w.org\/{rel}","templated":true}]}}