{"id":2708,"date":"2024-08-20T13:34:55","date_gmt":"2024-08-20T11:34:55","guid":{"rendered":"https:\/\/www.vin-info.com\/mi-ujsag\/"},"modified":"2024-09-04T13:47:11","modified_gmt":"2024-09-04T11:47:11","slug":"mi-ujsag","status":"publish","type":"page","link":"https:\/\/www.vin-info.com\/hu\/mi-ujsag\/","title":{"rendered":"Mi \u00fajs\u00e1g"},"content":{"rendered":"\t\t<div data-elementor-type=\"wp-page\" data-elementor-id=\"2708\" class=\"elementor elementor-2708 elementor-70\" data-elementor-post-type=\"page\">\n\t\t\t\t<div class=\"elementor-element elementor-element-cff0ae2 e-flex e-con-boxed e-con e-parent\" data-id=\"cff0ae2\" data-element_type=\"container\" data-e-type=\"container\">\n\t\t\t\t\t<div class=\"e-con-inner\">\n\t\t\t\t<div class=\"elementor-element elementor-element-8902441 elementor-grid-3 elementor-grid-tablet-2 elementor-grid-mobile-1 elementor-posts--thumbnail-top elementor-card-shadow-yes elementor-posts__hover-gradient elementor-widget elementor-widget-posts\" data-id=\"8902441\" data-element_type=\"widget\" data-e-type=\"widget\" data-settings=\"{&quot;pagination_type&quot;:&quot;numbers_and_prev_next&quot;,&quot;cards_row_gap&quot;:{&quot;unit&quot;:&quot;px&quot;,&quot;size&quot;:25,&quot;sizes&quot;:[]},&quot;cards_columns&quot;:&quot;3&quot;,&quot;cards_columns_tablet&quot;:&quot;2&quot;,&quot;cards_columns_mobile&quot;:&quot;1&quot;,&quot;cards_row_gap_tablet&quot;:{&quot;unit&quot;:&quot;px&quot;,&quot;size&quot;:&quot;&quot;,&quot;sizes&quot;:[]},&quot;cards_row_gap_mobile&quot;:{&quot;unit&quot;:&quot;px&quot;,&quot;size&quot;:&quot;&quot;,&quot;sizes&quot;:[]}}\" data-widget_type=\"posts.cards\">\n\t\t\t\t<div class=\"elementor-widget-container\">\n\t\t\t\t\t\t\t<div class=\"elementor-posts-container elementor-posts elementor-posts--skin-cards elementor-grid\" role=\"list\">\n\t\t\t\t<article class=\"elementor-post elementor-grid-item post-3530 post type-post status-publish format-standard has-post-thumbnail hentry category-hirek tag-safetyvihu\" role=\"listitem\">\n\t\t\t<div class=\"elementor-post__card\">\n\t\t\t\t<a class=\"elementor-post__thumbnail__link\" href=\"https:\/\/www.vin-info.com\/hu\/lenyeges-autobiztonsagi-jellemzok-jogi-kovetelmenyek-vs-iparagi-szabvanyok\/\" tabindex=\"-1\" ><div class=\"elementor-post__thumbnail\"><img fetchpriority=\"high\" decoding=\"async\" width=\"300\" height=\"199\" src=\"https:\/\/www.vin-info.com\/wp-content\/uploads\/2024\/09\/al_qmyarvnu-300x199.jpg\" class=\"attachment-medium size-medium wp-image-3508\" alt=\"\" srcset=\"https:\/\/www.vin-info.com\/wp-content\/uploads\/2024\/09\/al_qmyarvnu-300x199.jpg 300w, https:\/\/www.vin-info.com\/wp-content\/uploads\/2024\/09\/al_qmyarvnu-1024x680.jpg 1024w, https:\/\/www.vin-info.com\/wp-content\/uploads\/2024\/09\/al_qmyarvnu-768x510.jpg 768w, https:\/\/www.vin-info.com\/wp-content\/uploads\/2024\/09\/al_qmyarvnu-1536x1020.jpg 1536w, https:\/\/www.vin-info.com\/wp-content\/uploads\/2024\/09\/al_qmyarvnu.jpg 1600w\" sizes=\"(max-width: 300px) 100vw, 300px\" \/><\/div><\/a>\n\t\t\t\t<div class=\"elementor-post__text\">\n\t\t\t\t<h3 class=\"elementor-post__title\">\n\t\t\t<a href=\"https:\/\/www.vin-info.com\/hu\/lenyeges-autobiztonsagi-jellemzok-jogi-kovetelmenyek-vs-iparagi-szabvanyok\/\" >\n\t\t\t\tL\u00e9nyeges aut\u00f3biztons\u00e1gi jellemz\u0151k: Jogi k\u00f6vetelm\u00e9nyek vs. ipar\u00e1gi szabv\u00e1nyok\t\t\t<\/a>\n\t\t<\/h3>\n\t\t\t\t<div class=\"elementor-post__excerpt\">\n\t\t\t<p>A mai aut\u00f3ipari k\u00f6rnyezetben az aut\u00f3s biztons\u00e1gi funkci\u00f3k fontoss\u00e1g\u00e1t nem lehet el\u00e9gg\u00e9 hangs\u00falyozni. A technol\u00f3giai fejl\u0151d\u00e9s \u00e9s a biztons\u00e1gosabb j\u00e1rm\u0171vek ir\u00e1nti n\u00f6vekv\u0151 ig\u00e9ny r\u00e9v\u00e9n kritikus fontoss\u00e1g\u00fa a jogi k\u00f6vetelm\u00e9nyek \u00e9s\t\t<\/div>\n\t\t\t\t<\/div>\n\t\t\t\t\t<\/div>\n\t\t<\/article>\n\t\t\t\t<article class=\"elementor-post elementor-grid-item post-3467 post type-post status-publish format-standard has-post-thumbnail hentry category-hirek tag-reportukhu\" role=\"listitem\">\n\t\t\t<div class=\"elementor-post__card\">\n\t\t\t\t<a class=\"elementor-post__thumbnail__link\" href=\"https:\/\/www.vin-info.com\/hu\/a-gepjarmuado-megertese-az-egyesult-kiralysagban-a-jarmuvek-jovedeki-adojanak-atfogo-utmutatoja\/\" tabindex=\"-1\" ><div class=\"elementor-post__thumbnail\"><img decoding=\"async\" width=\"300\" height=\"200\" src=\"https:\/\/www.vin-info.com\/wp-content\/uploads\/2024\/08\/bfloxcrijvq-300x200.jpg\" class=\"attachment-medium size-medium wp-image-3363\" alt=\"\" srcset=\"https:\/\/www.vin-info.com\/wp-content\/uploads\/2024\/08\/bfloxcrijvq-300x200.jpg 300w, https:\/\/www.vin-info.com\/wp-content\/uploads\/2024\/08\/bfloxcrijvq-1024x683.jpg 1024w, https:\/\/www.vin-info.com\/wp-content\/uploads\/2024\/08\/bfloxcrijvq-768x512.jpg 768w, https:\/\/www.vin-info.com\/wp-content\/uploads\/2024\/08\/bfloxcrijvq-1536x1024.jpg 1536w, https:\/\/www.vin-info.com\/wp-content\/uploads\/2024\/08\/bfloxcrijvq.jpg 1600w\" sizes=\"(max-width: 300px) 100vw, 300px\" \/><\/div><\/a>\n\t\t\t\t<div class=\"elementor-post__text\">\n\t\t\t\t<h3 class=\"elementor-post__title\">\n\t\t\t<a href=\"https:\/\/www.vin-info.com\/hu\/a-gepjarmuado-megertese-az-egyesult-kiralysagban-a-jarmuvek-jovedeki-adojanak-atfogo-utmutatoja\/\" >\n\t\t\t\tA g\u00e9pj\u00e1rm\u0171ad\u00f3 meg\u00e9rt\u00e9se az Egyes\u00fclt Kir\u00e1lys\u00e1gban: A j\u00e1rm\u0171vek j\u00f6ved\u00e9ki ad\u00f3j\u00e1nak \u00e1tfog\u00f3 \u00fatmutat\u00f3ja\t\t\t<\/a>\n\t\t<\/h3>\n\t\t\t\t<div class=\"elementor-post__excerpt\">\n\t\t\t<p>Vehicle Excise Duty (VED), commonly known as road tax, is a mandatory tax levied on almost all vehicles in the United Kingdom. This tax is an essential aspect of vehicle\t\t<\/div>\n\t\t\t\t<\/div>\n\t\t\t\t\t<\/div>\n\t\t<\/article>\n\t\t\t\t<article class=\"elementor-post elementor-grid-item post-3466 post type-post status-publish format-standard has-post-thumbnail hentry category-hirek tag-safetyvihu\" role=\"listitem\">\n\t\t\t<div class=\"elementor-post__card\">\n\t\t\t\t<a class=\"elementor-post__thumbnail__link\" href=\"https:\/\/www.vin-info.com\/hu\/mik-azok-a-jarmuvisszahivasok-es-miert-fontosak-a-biztonsag-szempontjabol\/\" tabindex=\"-1\" ><div class=\"elementor-post__thumbnail\"><img decoding=\"async\" width=\"300\" height=\"200\" src=\"https:\/\/www.vin-info.com\/wp-content\/uploads\/2024\/09\/tnynxi0whxs-300x200.jpg\" class=\"attachment-medium size-medium wp-image-3665\" alt=\"\" srcset=\"https:\/\/www.vin-info.com\/wp-content\/uploads\/2024\/09\/tnynxi0whxs-300x200.jpg 300w, https:\/\/www.vin-info.com\/wp-content\/uploads\/2024\/09\/tnynxi0whxs-1024x683.jpg 1024w, https:\/\/www.vin-info.com\/wp-content\/uploads\/2024\/09\/tnynxi0whxs-768x512.jpg 768w, https:\/\/www.vin-info.com\/wp-content\/uploads\/2024\/09\/tnynxi0whxs-1536x1024.jpg 1536w, https:\/\/www.vin-info.com\/wp-content\/uploads\/2024\/09\/tnynxi0whxs.jpg 1600w\" sizes=\"(max-width: 300px) 100vw, 300px\" \/><\/div><\/a>\n\t\t\t\t<div class=\"elementor-post__text\">\n\t\t\t\t<h3 class=\"elementor-post__title\">\n\t\t\t<a href=\"https:\/\/www.vin-info.com\/hu\/mik-azok-a-jarmuvisszahivasok-es-miert-fontosak-a-biztonsag-szempontjabol\/\" >\n\t\t\t\tMik azok a j\u00e1rm\u0171visszah\u00edv\u00e1sok, \u00e9s mi\u00e9rt fontosak a biztons\u00e1g szempontj\u00e1b\u00f3l?\t\t\t<\/a>\n\t\t<\/h3>\n\t\t\t\t<div class=\"elementor-post__excerpt\">\n\t\t\t<p>A j\u00e1rm\u0171visszah\u00edv\u00e1sok kulcsszerepet j\u00e1tszanak a fogyaszt\u00f3k biztons\u00e1g\u00e1nak \u00e9s az aut\u00f3ipar \u00e1ltal\u00e1nos integrit\u00e1s\u00e1nak biztos\u00edt\u00e1s\u00e1ban. Fontos meg\u00e9rteni, mi sz\u00e1m\u00edt j\u00e1rm\u0171visszah\u00edv\u00e1snak, az \u00e9rintett folyamatokat \u00e9s ezek jelent\u0151s\u00e9g\u00e9t, hogy a fogyaszt\u00f3k biztons\u00e1gosabb d\u00f6nt\u00e9seket hozhassanak.\t\t<\/div>\n\t\t\t\t<\/div>\n\t\t\t\t\t<\/div>\n\t\t<\/article>\n\t\t\t\t<article class=\"elementor-post elementor-grid-item post-3421 post type-post status-publish format-standard has-post-thumbnail hentry category-hirek tag-reportukhu\" role=\"listitem\">\n\t\t\t<div class=\"elementor-post__card\">\n\t\t\t\t<a class=\"elementor-post__thumbnail__link\" href=\"https:\/\/www.vin-info.com\/hu\/a-teljes-utmutato-a-mot-hoz-biztositsa-hogy-jarmuve-kozuti-biztonsagos-es-legalis-az-egyesult-kiralysagban\/\" tabindex=\"-1\" ><div class=\"elementor-post__thumbnail\"><img loading=\"lazy\" decoding=\"async\" width=\"300\" height=\"200\" src=\"https:\/\/www.vin-info.com\/wp-content\/uploads\/2024\/08\/vwemmg8xmfw-300x200.jpg\" class=\"attachment-medium size-medium wp-image-3342\" alt=\"\" srcset=\"https:\/\/www.vin-info.com\/wp-content\/uploads\/2024\/08\/vwemmg8xmfw-300x200.jpg 300w, https:\/\/www.vin-info.com\/wp-content\/uploads\/2024\/08\/vwemmg8xmfw-1024x683.jpg 1024w, https:\/\/www.vin-info.com\/wp-content\/uploads\/2024\/08\/vwemmg8xmfw-768x512.jpg 768w, https:\/\/www.vin-info.com\/wp-content\/uploads\/2024\/08\/vwemmg8xmfw-1536x1024.jpg 1536w, https:\/\/www.vin-info.com\/wp-content\/uploads\/2024\/08\/vwemmg8xmfw.jpg 1600w\" sizes=\"(max-width: 300px) 100vw, 300px\" \/><\/div><\/a>\n\t\t\t\t<div class=\"elementor-post__text\">\n\t\t\t\t<h3 class=\"elementor-post__title\">\n\t\t\t<a href=\"https:\/\/www.vin-info.com\/hu\/a-teljes-utmutato-a-mot-hoz-biztositsa-hogy-jarmuve-kozuti-biztonsagos-es-legalis-az-egyesult-kiralysagban\/\" >\n\t\t\t\tA teljes \u00fatmutat\u00f3 a MOT-hoz: Biztos\u00edtsa, hogy j\u00e1rm\u0171ve k\u00f6z\u00fati biztons\u00e1gos \u00e9s leg\u00e1lis az Egyes\u00fclt Kir\u00e1lys\u00e1gban\t\t\t<\/a>\n\t\t<\/h3>\n\t\t\t\t<div class=\"elementor-post__excerpt\">\n\t\t\t<p>A K\u00f6zleked\u00e9si Miniszt\u00e9rium vizsg\u00e1lata, amelyet \u00e1ltal\u00e1ban MOT-nak neveznek, a j\u00e1rm\u0171tulajdonl\u00e1s alapvet\u0151 aspektusa az Egyes\u00fclt Kir\u00e1lys\u00e1gban. Ez az \u00e9venk\u00e9nti, k\u00f6telez\u0151 ellen\u0151rz\u00e9s biztos\u00edtja, hogy a j\u00e1rm\u0171vek megfeleljenek a t\u00f6rv\u00e9ny \u00e1ltal el\u0151\u00edrt minim\u00e1lis\t\t<\/div>\n\t\t\t\t<\/div>\n\t\t\t\t\t<\/div>\n\t\t<\/article>\n\t\t\t\t<article class=\"elementor-post elementor-grid-item post-3400 post type-post status-publish format-standard has-post-thumbnail hentry category-hirek tag-damagevien-hu\" role=\"listitem\">\n\t\t\t<div class=\"elementor-post__card\">\n\t\t\t\t<a class=\"elementor-post__thumbnail__link\" href=\"https:\/\/www.vin-info.com\/hu\/hogyan-befolyasoljak-a-korabbi-javitasok-az-autokarbol-szarmazo-jarmuertekesitesi-arat-amit-a-vasarloknak-es-az-eladoknak-tudniuk-kell\/\" tabindex=\"-1\" ><div class=\"elementor-post__thumbnail\"><img loading=\"lazy\" decoding=\"async\" width=\"300\" height=\"200\" src=\"https:\/\/www.vin-info.com\/wp-content\/uploads\/2024\/08\/ucdrfflhsmc-300x200.jpg\" class=\"attachment-medium size-medium wp-image-3401\" alt=\"\" srcset=\"https:\/\/www.vin-info.com\/wp-content\/uploads\/2024\/08\/ucdrfflhsmc-300x200.jpg 300w, https:\/\/www.vin-info.com\/wp-content\/uploads\/2024\/08\/ucdrfflhsmc-1024x682.jpg 1024w, https:\/\/www.vin-info.com\/wp-content\/uploads\/2024\/08\/ucdrfflhsmc-768x512.jpg 768w, https:\/\/www.vin-info.com\/wp-content\/uploads\/2024\/08\/ucdrfflhsmc-1536x1023.jpg 1536w, https:\/\/www.vin-info.com\/wp-content\/uploads\/2024\/08\/ucdrfflhsmc.jpg 1600w\" sizes=\"(max-width: 300px) 100vw, 300px\" \/><\/div><\/a>\n\t\t\t\t<div class=\"elementor-post__text\">\n\t\t\t\t<h3 class=\"elementor-post__title\">\n\t\t\t<a href=\"https:\/\/www.vin-info.com\/hu\/hogyan-befolyasoljak-a-korabbi-javitasok-az-autokarbol-szarmazo-jarmuertekesitesi-arat-amit-a-vasarloknak-es-az-eladoknak-tudniuk-kell\/\" >\n\t\t\t\tHogyan befoly\u00e1solj\u00e1k a kor\u00e1bbi jav\u00edt\u00e1sok az aut\u00f3k\u00e1rb\u00f3l sz\u00e1rmaz\u00f3 j\u00e1rm\u0171\u00e9rt\u00e9kes\u00edt\u00e9si \u00e1rat: Amit a v\u00e1s\u00e1rl\u00f3knak \u00e9s az elad\u00f3knak tudniuk kell\t\t\t<\/a>\n\t\t<\/h3>\n\t\t\t\t<div class=\"elementor-post__excerpt\">\n\t\t\t<p>Amikor haszn\u00e1lt aut\u00f3 v\u00e1s\u00e1rl\u00e1s\u00e1r\u00f3l vagy elad\u00e1s\u00e1r\u00f3l van sz\u00f3, elengedhetetlen meg\u00e9rteni a kor\u00e1bbi jav\u00edt\u00e1sok hat\u00e1s\u00e1t a j\u00e1rm\u0171 viszontelad\u00e1si \u00e9rt\u00e9k\u00e9re. Ak\u00e1r egy megb\u00edzhat\u00f3 j\u00e1rm\u0171vet keres\u0151 v\u00e1s\u00e1rl\u00f3, ak\u00e1r a legjobb \u00e1rat el\u00e9rni pr\u00f3b\u00e1l\u00f3\t\t<\/div>\n\t\t\t\t<\/div>\n\t\t\t\t\t<\/div>\n\t\t<\/article>\n\t\t\t\t<article class=\"elementor-post elementor-grid-item post-3327 post type-post status-publish format-standard has-post-thumbnail hentry category-hirek tag-damagevien-hu\" role=\"listitem\">\n\t\t\t<div class=\"elementor-post__card\">\n\t\t\t\t<a class=\"elementor-post__thumbnail__link\" href=\"https:\/\/www.vin-info.com\/hu\/hogyan-olvassuk-az-esemeny-es-karjelenteseket\/\" tabindex=\"-1\" ><div class=\"elementor-post__thumbnail\"><img loading=\"lazy\" decoding=\"async\" width=\"300\" height=\"225\" src=\"https:\/\/www.vin-info.com\/wp-content\/uploads\/2024\/09\/ckjxgyfndqc-300x225.jpg\" class=\"attachment-medium size-medium wp-image-3753\" alt=\"\" srcset=\"https:\/\/www.vin-info.com\/wp-content\/uploads\/2024\/09\/ckjxgyfndqc-300x225.jpg 300w, https:\/\/www.vin-info.com\/wp-content\/uploads\/2024\/09\/ckjxgyfndqc-1024x768.jpg 1024w, https:\/\/www.vin-info.com\/wp-content\/uploads\/2024\/09\/ckjxgyfndqc-768x576.jpg 768w, https:\/\/www.vin-info.com\/wp-content\/uploads\/2024\/09\/ckjxgyfndqc-1536x1152.jpg 1536w, https:\/\/www.vin-info.com\/wp-content\/uploads\/2024\/09\/ckjxgyfndqc.jpg 1600w\" sizes=\"(max-width: 300px) 100vw, 300px\" \/><\/div><\/a>\n\t\t\t\t<div class=\"elementor-post__text\">\n\t\t\t\t<h3 class=\"elementor-post__title\">\n\t\t\t<a href=\"https:\/\/www.vin-info.com\/hu\/hogyan-olvassuk-az-esemeny-es-karjelenteseket\/\" >\n\t\t\t\tHogyan olvassuk az esem\u00e9ny- \u00e9s k\u00e1rjelent\u00e9seket\t\t\t<\/a>\n\t\t<\/h3>\n\t\t\t\t<div class=\"elementor-post__excerpt\">\n\t\t\t<p>Haszn\u00e1ltaut\u00f3 v\u00e1s\u00e1rl\u00e1sa ijeszt\u0151 feladat lehet, k\u00fcl\u00f6n\u00f6sen, ha nem biztos a m\u00faltj\u00e1ban. A j\u00e1rm\u0171 esem\u00e9nyeinek \u00e9s k\u00e1rokoz\u00e1s\u00e1nak t\u00f6rt\u00e9nete kulcsfontoss\u00e1g\u00fa ahhoz, hogy megalapozott d\u00f6nt\u00e9st hozzunk. Ebben a cikkben v\u00e9gigvezetj\u00fck, hogyan olvashat\u00f3k hat\u00e9konyan\t\t<\/div>\n\t\t\t\t<\/div>\n\t\t\t\t\t<\/div>\n\t\t<\/article>\n\t\t\t\t<\/div>\n\t\t\n\t\t\t\t<div class=\"e-load-more-anchor\" data-page=\"1\" data-max-page=\"5\" data-next-page=\"https:\/\/www.vin-info.com\/hu\/wp-json\/wp\/v2\/pages\/2708\/page\/2\/\"><\/div>\n\t\t\t\t<nav class=\"elementor-pagination\" aria-label=\"Lapsz\u00e1moz\u00e1s\">\n\t\t\t<span class=\"page-numbers prev\">\u00ab El\u0151z\u0151<\/span>\n<span aria-current=\"page\" class=\"page-numbers current\"><span class=\"elementor-screen-only\">Oldal<\/span>1<\/span>\n<a class=\"page-numbers\" href=\"https:\/\/www.vin-info.com\/hu\/wp-json\/wp\/v2\/pages\/2708\/page\/2\/\"><span class=\"elementor-screen-only\">Oldal<\/span>2<\/a>\n<a class=\"page-numbers\" href=\"https:\/\/www.vin-info.com\/hu\/wp-json\/wp\/v2\/pages\/2708\/page\/3\/\"><span class=\"elementor-screen-only\">Oldal<\/span>3<\/a>\n<a class=\"page-numbers\" href=\"https:\/\/www.vin-info.com\/hu\/wp-json\/wp\/v2\/pages\/2708\/page\/4\/\"><span class=\"elementor-screen-only\">Oldal<\/span>4<\/a>\n<a class=\"page-numbers\" href=\"https:\/\/www.vin-info.com\/hu\/wp-json\/wp\/v2\/pages\/2708\/page\/5\/\"><span class=\"elementor-screen-only\">Oldal<\/span>5<\/a>\n<a class=\"page-numbers next\" href=\"https:\/\/www.vin-info.com\/hu\/wp-json\/wp\/v2\/pages\/2708\/page\/2\/\">K\u00f6vetkez\u0151 \u00bb<\/a>\t\t<\/nav>\n\t\t\t\t\t\t<\/div>\n\t\t\t\t<\/div>\n\t\t\t\t\t<\/div>\n\t\t\t\t<\/div>\n\t\t\t\t<\/div>\n\t\t","protected":false},"excerpt":{"rendered":"","protected":false},"author":2,"featured_media":0,"parent":0,"menu_order":0,"comment_status":"closed","ping_status":"closed","template":"","meta":{"inline_featured_image":false,"footnotes":""},"class_list":["post-2708","page","type-page","status-publish","hentry"],"_links":{"self":[{"href":"https:\/\/www.vin-info.com\/hu\/wp-json\/wp\/v2\/pages\/2708","targetHints":{"allow":["GET"]}}],"collection":[{"href":"https:\/\/www.vin-info.com\/hu\/wp-json\/wp\/v2\/pages"}],"about":[{"href":"https:\/\/www.vin-info.com\/hu\/wp-json\/wp\/v2\/types\/page"}],"author":[{"embeddable":true,"href":"https:\/\/www.vin-info.com\/hu\/wp-json\/wp\/v2\/users\/2"}],"replies":[{"embeddable":true,"href":"https:\/\/www.vin-info.com\/hu\/wp-json\/wp\/v2\/comments?post=2708"}],"version-history":[{"count":2,"href":"https:\/\/www.vin-info.com\/hu\/wp-json\/wp\/v2\/pages\/2708\/revisions"}],"predecessor-version":[{"id":3612,"href":"https:\/\/www.vin-info.com\/hu\/wp-json\/wp\/v2\/pages\/2708\/revisions\/3612"}],"wp:attachment":[{"href":"https:\/\/www.vin-info.com\/hu\/wp-json\/wp\/v2\/media?parent=2708"}],"curies":[{"name":"wp","href":"https:\/\/api.w.org\/{rel}","templated":true}]}}