{"id":2689,"date":"2024-08-20T13:03:38","date_gmt":"2024-08-20T11:03:38","guid":{"rendered":"https:\/\/www.vin-info.com\/vin-dekoder\/"},"modified":"2024-08-20T13:03:39","modified_gmt":"2024-08-20T11:03:39","slug":"vin-dekoder","status":"publish","type":"page","link":"https:\/\/www.vin-info.com\/hu\/vin-dekoder\/","title":{"rendered":"VIN dek\u00f3der"},"content":{"rendered":"\t\t<div data-elementor-type=\"wp-page\" data-elementor-id=\"2689\" class=\"elementor elementor-2689 elementor-745\" data-elementor-post-type=\"page\">\n\t\t\t\t<div class=\"elementor-element elementor-element-f4dfb66 e-flex e-con-boxed e-con e-parent\" data-id=\"f4dfb66\" data-element_type=\"container\" data-e-type=\"container\">\n\t\t\t\t\t<div class=\"e-con-inner\">\n\t\t\t\t<div class=\"elementor-element elementor-element-8ec60b0 elementor-widget elementor-widget-heading\" data-id=\"8ec60b0\" data-element_type=\"widget\" data-e-type=\"widget\" data-widget_type=\"heading.default\">\n\t\t\t\t<div class=\"elementor-widget-container\">\n\t\t\t\t\t<h2 class=\"elementor-heading-title elementor-size-default\">Mi a c\u00e9lja a VIN dek\u00f3dernek?<\/h2>\t\t\t\t<\/div>\n\t\t\t\t<\/div>\n\t\t\t\t<div class=\"elementor-element elementor-element-2976aaf elementor-widget elementor-widget-text-editor\" data-id=\"2976aaf\" data-element_type=\"widget\" data-e-type=\"widget\" data-widget_type=\"text-editor.default\">\n\t\t\t\t<div class=\"elementor-widget-container\">\n\t\t\t\t\t\t\t\t\t<p>A VIN dek\u00f3dol\u00e1sa lehet\u0151v\u00e9 teszi egy j\u00e1rm\u0171 azonos\u00edt\u00e1s\u00e1t \u00e9s ellen\u0151rz\u00e9s\u00e9t, fontos inform\u00e1ci\u00f3kat ny\u00fajtva r\u00f3la. Ez alapvet\u0151, mivel lehet\u0151v\u00e9 teszi a v\u00e1s\u00e1rl\u00f3 sz\u00e1m\u00e1ra, hogy ellen\u0151rizze az elad\u00f3 vagy keresked\u0151 \u00e1ltal megadott r\u00e9szleteket. A VIN ellen\u0151rz\u00e9s\u00e9vel a leend\u0151 vev\u0151 hozz\u00e1f\u00e9r\u00e9st kap az \u00f6sszes alapvet\u0151 inform\u00e1ci\u00f3hoz a j\u00e1rm\u0171r\u0151l, valamint sz\u00e1mos tov\u00e1bbi kateg\u00f3ri\u00e1hoz, amelyek el\u00e9rhet\u0151ek a J\u00e1rm\u0171t\u00f6rt\u00e9neti Jelent\u00e9sben.  <\/p>\n\t\t\t\t\t\t\t\t<\/div>\n\t\t\t\t<\/div>\n\t\t\t\t<div class=\"elementor-element elementor-element-297acc6 elementor-widget elementor-widget-heading\" data-id=\"297acc6\" data-element_type=\"widget\" data-e-type=\"widget\" data-widget_type=\"heading.default\">\n\t\t\t\t<div class=\"elementor-widget-container\">\n\t\t\t\t\t<h2 class=\"elementor-heading-title elementor-size-default\">Milyen inform\u00e1ci\u00f3kat kaphatok a VIN dek\u00f3dert\u0151l?<\/h2>\t\t\t\t<\/div>\n\t\t\t\t<\/div>\n\t\t\t\t<div class=\"elementor-element elementor-element-78148cc elementor-widget elementor-widget-text-editor\" data-id=\"78148cc\" data-element_type=\"widget\" data-e-type=\"widget\" data-widget_type=\"text-editor.default\">\n\t\t\t\t<div class=\"elementor-widget-container\">\n\t\t\t\t\t\t\t\t\t<p>A VIN dek\u00f3dol\u00e1sa sz\u00e1mos kulcsfontoss\u00e1g\u00fa r\u00e9szletet felfed a j\u00e1rm\u0171r\u0151l. A VIN dek\u00f3dol\u00e1sa \u00e9s a jelent\u00e9s megrendel\u00e9se ut\u00e1n az \u00e9rdekl\u0151d\u0151 v\u00e1s\u00e1rl\u00f3 megtudja: <\/p>\n\t\t\t\t\t\t\t\t<\/div>\n\t\t\t\t<\/div>\n\t\t\t\t<div class=\"elementor-element elementor-element-87a0377 elementor-icon-list--layout-traditional elementor-list-item-link-full_width elementor-widget elementor-widget-icon-list\" data-id=\"87a0377\" data-element_type=\"widget\" data-e-type=\"widget\" data-widget_type=\"icon-list.default\">\n\t\t\t\t<div class=\"elementor-widget-container\">\n\t\t\t\t\t\t\t<ul class=\"elementor-icon-list-items\">\n\t\t\t\t\t\t\t<li class=\"elementor-icon-list-item\">\n\t\t\t\t\t\t\t\t\t\t\t<span class=\"elementor-icon-list-icon\">\n\t\t\t\t\t\t\t<i aria-hidden=\"true\" class=\"fas fa-chevron-right\"><\/i>\t\t\t\t\t\t<\/span>\n\t\t\t\t\t\t\t\t\t\t<span class=\"elementor-icon-list-text\"><b>M\u0171szaki adatok:<\/b> M\u00e1rka, modell, \u00fczemanyag t\u00edpus, karossz\u00e9ria t\u00edpus, motor t\u00e9rfogat, \u00fcl\u00e9sek sz\u00e1ma, j\u00e1rm\u0171 kateg\u00f3ria.<\/span>\n\t\t\t\t\t\t\t\t\t<\/li>\n\t\t\t\t\t\t\t\t<li class=\"elementor-icon-list-item\">\n\t\t\t\t\t\t\t\t\t\t\t<span class=\"elementor-icon-list-icon\">\n\t\t\t\t\t\t\t<i aria-hidden=\"true\" class=\"fas fa-chevron-right\"><\/i>\t\t\t\t\t\t<\/span>\n\t\t\t\t\t\t\t\t\t\t<span class=\"elementor-icon-list-text\"><b>Ellen\u0151rz\u00e9sek:<\/b> Nyilv\u00e1ntart\u00e1sok a J\u00e1rm\u0171ellen\u0151rz\u0151 \u00c1llom\u00e1sokr\u00f3l, enged\u00e9lyezett szervizekr\u0151l stb.<\/span>\n\t\t\t\t\t\t\t\t\t<\/li>\n\t\t\t\t\t\t\t\t<li class=\"elementor-icon-list-item\">\n\t\t\t\t\t\t\t\t\t\t\t<span class=\"elementor-icon-list-icon\">\n\t\t\t\t\t\t\t<i aria-hidden=\"true\" class=\"fas fa-chevron-right\"><\/i>\t\t\t\t\t\t<\/span>\n\t\t\t\t\t\t\t\t\t\t<span class=\"elementor-icon-list-text\"><b>Futott kilom\u00e9ter:<\/b> Nyilv\u00e1ntartott fut\u00e1sm\u00e9r\u0151-\u00e9rt\u00e9kek.<\/span>\n\t\t\t\t\t\t\t\t\t<\/li>\n\t\t\t\t\t\t\t\t<li class=\"elementor-icon-list-item\">\n\t\t\t\t\t\t\t\t\t\t\t<span class=\"elementor-icon-list-icon\">\n\t\t\t\t\t\t\t<i aria-hidden=\"true\" class=\"fas fa-chevron-right\"><\/i>\t\t\t\t\t\t<\/span>\n\t\t\t\t\t\t\t\t\t\t<span class=\"elementor-icon-list-text\"><b>Gy\u00e1ri hib\u00e1k:<\/b> Gy\u00e1rt\u00f3i visszah\u00edv\u00e1sok \u00e9s ismert probl\u00e9m\u00e1k.<\/span>\n\t\t\t\t\t\t\t\t\t<\/li>\n\t\t\t\t\t\t\t\t<li class=\"elementor-icon-list-item\">\n\t\t\t\t\t\t\t\t\t\t\t<span class=\"elementor-icon-list-icon\">\n\t\t\t\t\t\t\t<i aria-hidden=\"true\" class=\"fas fa-chevron-right\"><\/i>\t\t\t\t\t\t<\/span>\n\t\t\t\t\t\t\t\t\t\t<span class=\"elementor-icon-list-text\"><b>Gy\u00e1rt\u00f3i inform\u00e1ci\u00f3: <\/b>Gy\u00e1rt\u00e1si d\u00e1tum, \u00f6sszeszerel\u00e9si hely, sz\u00e1rmaz\u00e1si orsz\u00e1g.<\/span>\n\t\t\t\t\t\t\t\t\t<\/li>\n\t\t\t\t\t\t\t\t<li class=\"elementor-icon-list-item\">\n\t\t\t\t\t\t\t\t\t\t\t<span class=\"elementor-icon-list-icon\">\n\t\t\t\t\t\t\t<i aria-hidden=\"true\" class=\"fas fa-chevron-right\"><\/i>\t\t\t\t\t\t<\/span>\n\t\t\t\t\t\t\t\t\t\t<span class=\"elementor-icon-list-text\"><b>Felszerel\u00e9s<\/b>: Fest\u00e9k \u00e9s l\u00f6kh\u00e1r\u00edt\u00f3 sz\u00edn, l\u00e9gkondicion\u00e1l\u00f3, \u00fcl\u00e9sk\u00e1rpit t\u00edpusa, elektromos vagy s\u00f6t\u00e9t\u00edtett ablakok, napf\u00e9nytet\u0151, f\u0171t\u00f6tt \u00fcl\u00e9sek, tet\u0151s\u00edn, riaszt\u00f3rendszer, sebess\u00e9gtart\u00f3 automatika, l\u00e9gzs\u00e1kok, parkol\u00e1s\u00e9rz\u00e9kel\u0151k, telep\u00edtett rendszerek, d\u00edszt\u00e1rcs\u00e1k stb.<\/span>\n\t\t\t\t\t\t\t\t\t<\/li>\n\t\t\t\t\t\t<\/ul>\n\t\t\t\t\t\t<\/div>\n\t\t\t\t<\/div>\n\t\t\t\t<div class=\"elementor-element elementor-element-9b04525 elementor-widget elementor-widget-text-editor\" data-id=\"9b04525\" data-element_type=\"widget\" data-e-type=\"widget\" data-widget_type=\"text-editor.default\">\n\t\t\t\t<div class=\"elementor-widget-container\">\n\t\t\t\t\t\t\t\t\t<p>Ezenk\u00edv\u00fcl a VIN dek\u00f3der seg\u00edt ellen\u0151rizni, hogy a j\u00e1rm\u0171 szerepel-e az ellopott j\u00e1rm\u0171vek adatb\u00e1zisaiban (Lengyelorsz\u00e1gban, Eur\u00f3p\u00e1ban \u00e9s \u00c9szak-Amerik\u00e1ban), \u00e9s hozz\u00e1f\u00e9r\u00e9st biztos\u00edt a kor\u00e1bbi online \u00e1rver\u00e9sekr\u0151l k\u00e9sz\u00fclt f\u00e9nyk\u00e9pekhez.<\/p>\n\t\t\t\t\t\t\t\t<\/div>\n\t\t\t\t<\/div>\n\t\t\t\t<div class=\"elementor-element elementor-element-a0bb07d elementor-widget elementor-widget-heading\" data-id=\"a0bb07d\" data-element_type=\"widget\" data-e-type=\"widget\" data-widget_type=\"heading.default\">\n\t\t\t\t<div class=\"elementor-widget-container\">\n\t\t\t\t\t<h2 class=\"elementor-heading-title elementor-size-default\">Hogyan lehet dek\u00f3dolni egy VIN-t?<\/h2>\t\t\t\t<\/div>\n\t\t\t\t<\/div>\n\t\t\t\t<div class=\"elementor-element elementor-element-388aca7 elementor-widget elementor-widget-text-editor\" data-id=\"388aca7\" data-element_type=\"widget\" data-e-type=\"widget\" data-widget_type=\"text-editor.default\">\n\t\t\t\t<div class=\"elementor-widget-container\">\n\t\t\t\t\t\t\t\t\t<p>A k\u00edv\u00e1nt j\u00e1rm\u0171 VIN-k\u00f3dj\u00e1nak dek\u00f3dol\u00e1s\u00e1hoz haszn\u00e1lhatja dek\u00f3dol\u00f3inkat a vin-info.com weboldalon. A VIN dek\u00f3dol\u00e1sa ut\u00e1n alapvet\u0151 inform\u00e1ci\u00f3kat kap a j\u00e1rm\u0171r\u0151l \u00e9s \u00e1ttekint\u00e9st a j\u00e1rm\u0171 t\u00f6rt\u00e9neti jelent\u00e9s\u00e9ben szerepl\u0151 kateg\u00f3ri\u00e1kr\u00f3l. <\/p>\n\t\t\t\t\t\t\t\t<\/div>\n\t\t\t\t<\/div>\n\t\t<div class=\"elementor-element elementor-element-2575bf1 e-con-full e-flex e-con e-child\" data-id=\"2575bf1\" data-element_type=\"container\" data-e-type=\"container\">\n\t\t\t\t<div class=\"elementor-element elementor-element-b83cf4c elementor-widget elementor-widget-template\" data-id=\"b83cf4c\" data-element_type=\"widget\" data-e-type=\"widget\" data-widget_type=\"template.default\">\n\t\t\t\t<div class=\"elementor-widget-container\">\n\t\t\t\t\t\t\t<div class=\"elementor-template\">\n\t\t\t\t\t<div data-elementor-type=\"section\" data-elementor-id=\"2437\" class=\"elementor elementor-2437 elementor-757 elementor-757\" data-elementor-post-type=\"elementor_library\">\n\t\t\t<div class=\"elementor-element elementor-element-c6f68bb e-flex e-con-boxed e-con e-parent\" data-id=\"c6f68bb\" data-element_type=\"container\" data-e-type=\"container\">\n\t\t\t\t\t<div class=\"e-con-inner\">\n\t\t\t\t<div class=\"elementor-element elementor-element-7fe4c49 elementor-cta--skin-classic elementor-animated-content elementor-bg-transform elementor-bg-transform-zoom-in elementor-widget elementor-widget-call-to-action\" data-id=\"7fe4c49\" data-element_type=\"widget\" data-e-type=\"widget\" data-widget_type=\"call-to-action.default\">\n\t\t\t\t<div class=\"elementor-widget-container\">\n\t\t\t\t\t\t\t<div class=\"elementor-cta\">\n\t\t\t\t\t<div class=\"elementor-cta__bg-wrapper\">\n\t\t\t\t<div class=\"elementor-cta__bg elementor-bg\" style=\"background-image: url(https:\/\/www.vin-info.com\/wp-content\/uploads\/2024\/06\/cta-vin-info-min-1024x393.jpg);\" role=\"img\" aria-label=\"cta-vin-info-min\"><\/div>\n\t\t\t\t<div class=\"elementor-cta__bg-overlay\"><\/div>\n\t\t\t<\/div>\n\t\t\t\t\t\t\t<div class=\"elementor-cta__content\">\n\t\t\t\t\n\t\t\t\t\t\t\t\t\t<h2 class=\"elementor-cta__title elementor-cta__content-item elementor-content-item\">\n\t\t\t\t\t\tFedezze fel j\u00e1rm\u0171ve teljes t\u00f6rt\u00e9net\u00e9t!\t\t\t\t\t<\/h2>\n\t\t\t\t\n\t\t\t\t\t\t\t\t\t<div class=\"elementor-cta__description elementor-cta__content-item elementor-content-item\">\n\t\t\t\t\t\t<p>\u00cdrja be a VIN sz\u00e1m\u00e1t a r\u00e9szletes j\u00e1rm\u0171t\u00f6rt\u00e9neti jelent\u00e9s megnyit\u00e1s\u00e1hoz. Szerezzen betekint\u00e9st a baleseti nyilv\u00e1ntart\u00e1sokba, fut\u00e1steljes\u00edtm\u00e9nybe, haszn\u00e1latba \u00e9s m\u00e1s fontos inform\u00e1ci\u00f3kba. Gy\u0151z\u0151dj\u00f6n meg r\u00f3la, hogy j\u00f3l megalapozott d\u00f6nt\u00e9st hoz. Ellen\u0151rizze a VIN sz\u00e1m\u00e1t, \u00e9s t\u00f6ltse le a jelent\u00e9s\u00e9t m\u00e9g ma!   <\/p>\n\t\t\t\t\t<\/div>\n\t\t\t\t\n\t\t\t\t\t\t\t\t\t<div class=\"elementor-cta__button-wrapper elementor-cta__content-item elementor-content-item \">\n\t\t\t\t\t<a class=\"elementor-cta__button elementor-button elementor-size-\" href=\"#elementor-action%3Aaction%3Dpopup%3Aopen%26settings%3DeyJpZCI6MjQ5NywidG9nZ2xlIjpmYWxzZX0%3D\">\n\t\t\t\t\t\tEllen\u0151rizze a VIN-t most\t\t\t\t\t<\/a>\n\t\t\t\t\t<\/div>\n\t\t\t\t\t\t\t<\/div>\n\t\t\t\t\t\t<\/div>\n\t\t\t\t\t\t<\/div>\n\t\t\t\t<\/div>\n\t\t\t\t\t<\/div>\n\t\t\t\t<\/div>\n\t\t\t\t<\/div>\n\t\t\t\t<\/div>\n\t\t\t\t\t\t<\/div>\n\t\t\t\t<\/div>\n\t\t\t\t<\/div>\n\t\t\t\t\t<\/div>\n\t\t\t\t<\/div>\n\t\t\t\t<\/div>\n\t\t","protected":false},"excerpt":{"rendered":"<p>A VIN dek\u00f3der egy speci\u00e1lis algoritmus, amelyet a 17 karakterb\u0151l \u00e1ll\u00f3 J\u00e1rm\u0171 Azonos\u00edt\u00f3 Sz\u00e1m (VIN) inform\u00e1ci\u00f3inak dek\u00f3dol\u00e1s\u00e1ra terveztek. A dek\u00f3dol\u00e1s alkalmaz\u00e1s\u00e1t\u00f3l \u00e9s a sz\u00e1mban k\u00f3dolt el\u00e9rhet\u0151 adatforr\u00e1sokt\u00f3l f\u00fcgg\u0151en a dek\u00f3der k\u00fcl\u00f6nb\u00f6z\u0151 r\u00e9szleteket szolg\u00e1ltat, amelyeket egy online jelent\u00e9sben mutat be. <\/p>\n","protected":false},"author":2,"featured_media":0,"parent":0,"menu_order":0,"comment_status":"closed","ping_status":"closed","template":"","meta":{"inline_featured_image":false,"footnotes":""},"class_list":["post-2689","page","type-page","status-publish","hentry"],"_links":{"self":[{"href":"https:\/\/www.vin-info.com\/hu\/wp-json\/wp\/v2\/pages\/2689","targetHints":{"allow":["GET"]}}],"collection":[{"href":"https:\/\/www.vin-info.com\/hu\/wp-json\/wp\/v2\/pages"}],"about":[{"href":"https:\/\/www.vin-info.com\/hu\/wp-json\/wp\/v2\/types\/page"}],"author":[{"embeddable":true,"href":"https:\/\/www.vin-info.com\/hu\/wp-json\/wp\/v2\/users\/2"}],"replies":[{"embeddable":true,"href":"https:\/\/www.vin-info.com\/hu\/wp-json\/wp\/v2\/comments?post=2689"}],"version-history":[{"count":1,"href":"https:\/\/www.vin-info.com\/hu\/wp-json\/wp\/v2\/pages\/2689\/revisions"}],"predecessor-version":[{"id":2690,"href":"https:\/\/www.vin-info.com\/hu\/wp-json\/wp\/v2\/pages\/2689\/revisions\/2690"}],"wp:attachment":[{"href":"https:\/\/www.vin-info.com\/hu\/wp-json\/wp\/v2\/media?parent=2689"}],"curies":[{"name":"wp","href":"https:\/\/api.w.org\/{rel}","templated":true}]}}