{"id":2683,"date":"2024-08-20T12:54:58","date_gmt":"2024-08-20T10:54:58","guid":{"rendered":"https:\/\/www.vin-info.com\/jarmutorteneti-jelentesek\/"},"modified":"2024-08-20T12:55:00","modified_gmt":"2024-08-20T10:55:00","slug":"jarmutorteneti-jelentesek","status":"publish","type":"page","link":"https:\/\/www.vin-info.com\/hu\/jarmutorteneti-jelentesek\/","title":{"rendered":"J\u00e1rm\u0171t\u00f6rt\u00e9neti Jelent\u00e9sek"},"content":{"rendered":"\t\t<div data-elementor-type=\"wp-page\" data-elementor-id=\"2683\" class=\"elementor elementor-2683 elementor-733\" data-elementor-post-type=\"page\">\n\t\t\t\t<div class=\"elementor-element elementor-element-583a7bf e-flex e-con-boxed e-con e-parent\" data-id=\"583a7bf\" data-element_type=\"container\" data-e-type=\"container\">\n\t\t\t\t\t<div class=\"e-con-inner\">\n\t\t\t\t<div class=\"elementor-element elementor-element-880840d elementor-widget elementor-widget-heading\" data-id=\"880840d\" data-element_type=\"widget\" data-e-type=\"widget\" data-widget_type=\"heading.default\">\n\t\t\t\t<div class=\"elementor-widget-container\">\n\t\t\t\t\t<h2 class=\"elementor-heading-title elementor-size-default\">Mi\u00e9rt v\u00e1lasszon j\u00e1rm\u0171t\u00f6rt\u00e9neti jelent\u00e9st a VIN-Info-t\u00f3l?<\/h2>\t\t\t\t<\/div>\n\t\t\t\t<\/div>\n\t\t\t\t<div class=\"elementor-element elementor-element-d6f94ad elementor-widget elementor-widget-text-editor\" data-id=\"d6f94ad\" data-element_type=\"widget\" data-e-type=\"widget\" data-widget_type=\"text-editor.default\">\n\t\t\t\t<div class=\"elementor-widget-container\">\n\t\t\t\t\t\t\t\t\t<p>A VIN-INFO j\u00e1rm\u0171t\u00f6rt\u00e9neti jelent\u00e9se r\u00e9szletes \u00e1ttekint\u00e9st ny\u00fajt egy j\u00e1rm\u0171 m\u00faltj\u00e1r\u00f3l, megb\u00edzhat\u00f3 forr\u00e1sok sz\u00e9les sk\u00e1l\u00e1j\u00e1b\u00f3l \u00f6ssze\u00e1ll\u00edtva. Ez a jelent\u00e9s a legjobb v\u00e9delmi vonalad a haszn\u00e1lt aut\u00f3k piac\u00e1n, \u00e1tl\u00e1that\u00f3s\u00e1got k\u00edn\u00e1lva \u00e9s seg\u00edtve a t\u00e1j\u00e9kozott v\u00e1s\u00e1rl\u00e1si d\u00f6nt\u00e9s meghozatal\u00e1ban. Az adatokat k\u00fcl\u00f6nb\u00f6z\u0151 f\u00fcggetlen szervezetekt\u0151l gy\u0171jtik, bele\u00e9rtve:  <\/p>\n\t\t\t\t\t\t\t\t<\/div>\n\t\t\t\t<\/div>\n\t\t\t\t<div class=\"elementor-element elementor-element-79ed062 elementor-icon-list--layout-traditional elementor-list-item-link-full_width elementor-widget elementor-widget-icon-list\" data-id=\"79ed062\" data-element_type=\"widget\" data-e-type=\"widget\" data-widget_type=\"icon-list.default\">\n\t\t\t\t<div class=\"elementor-widget-container\">\n\t\t\t\t\t\t\t<ul class=\"elementor-icon-list-items\">\n\t\t\t\t\t\t\t<li class=\"elementor-icon-list-item\">\n\t\t\t\t\t\t\t\t\t\t\t<span class=\"elementor-icon-list-icon\">\n\t\t\t\t\t\t\t<i aria-hidden=\"true\" class=\"fas fa-chevron-right\"><\/i>\t\t\t\t\t\t<\/span>\n\t\t\t\t\t\t\t\t\t\t<span class=\"elementor-icon-list-text\">Korm\u00e1nyzati \u00fcgyn\u00f6ks\u00e9gek<\/span>\n\t\t\t\t\t\t\t\t\t<\/li>\n\t\t\t\t\t\t\t\t<li class=\"elementor-icon-list-item\">\n\t\t\t\t\t\t\t\t\t\t\t<span class=\"elementor-icon-list-icon\">\n\t\t\t\t\t\t\t<i aria-hidden=\"true\" class=\"fas fa-chevron-right\"><\/i>\t\t\t\t\t\t<\/span>\n\t\t\t\t\t\t\t\t\t\t<span class=\"elementor-icon-list-text\">Non-profit szervezetek<\/span>\n\t\t\t\t\t\t\t\t\t<\/li>\n\t\t\t\t\t\t\t\t<li class=\"elementor-icon-list-item\">\n\t\t\t\t\t\t\t\t\t\t\t<span class=\"elementor-icon-list-icon\">\n\t\t\t\t\t\t\t<i aria-hidden=\"true\" class=\"fas fa-chevron-right\"><\/i>\t\t\t\t\t\t<\/span>\n\t\t\t\t\t\t\t\t\t\t<span class=\"elementor-icon-list-text\">Ipari partnerek<\/span>\n\t\t\t\t\t\t\t\t\t<\/li>\n\t\t\t\t\t\t<\/ul>\n\t\t\t\t\t\t<\/div>\n\t\t\t\t<\/div>\n\t\t\t\t<div class=\"elementor-element elementor-element-8f54136 elementor-widget elementor-widget-heading\" data-id=\"8f54136\" data-element_type=\"widget\" data-e-type=\"widget\" data-widget_type=\"heading.default\">\n\t\t\t\t<div class=\"elementor-widget-container\">\n\t\t\t\t\t<h2 class=\"elementor-heading-title elementor-size-default\">Mit tartalmaz a j\u00e1rm\u0171t\u00f6rt\u00e9neti jelent\u00e9s?<\/h2>\t\t\t\t<\/div>\n\t\t\t\t<\/div>\n\t\t\t\t<div class=\"elementor-element elementor-element-72e53ca elementor-widget elementor-widget-text-editor\" data-id=\"72e53ca\" data-element_type=\"widget\" data-e-type=\"widget\" data-widget_type=\"text-editor.default\">\n\t\t\t\t<div class=\"elementor-widget-container\">\n\t\t\t\t\t\t\t\t\t<p>Miel\u0151tt rendelne, a felhaszn\u00e1l\u00f3k inform\u00e1ci\u00f3t kapnak a jelent\u00e9sben el\u00e9rhet\u0151 szekci\u00f3kr\u00f3l. \u00cdme, amit elv\u00e1rhat: <\/p>\n\t\t\t\t\t\t\t\t<\/div>\n\t\t\t\t<\/div>\n\t\t\t\t<div class=\"elementor-element elementor-element-e70135d elementor-widget elementor-widget-heading\" data-id=\"e70135d\" data-element_type=\"widget\" data-e-type=\"widget\" data-widget_type=\"heading.default\">\n\t\t\t\t<div class=\"elementor-widget-container\">\n\t\t\t\t\t<h3 class=\"elementor-heading-title elementor-size-default\">J\u00e1rm\u0171specifik\u00e1ci\u00f3k<\/h3>\t\t\t\t<\/div>\n\t\t\t\t<\/div>\n\t\t\t\t<div class=\"elementor-element elementor-element-d9281df elementor-widget elementor-widget-text-editor\" data-id=\"d9281df\" data-element_type=\"widget\" data-e-type=\"widget\" data-widget_type=\"text-editor.default\">\n\t\t\t\t<div class=\"elementor-widget-container\">\n\t\t\t\t\t\t\t\t\t<p>Ez a szakasz egy \u00e1tfog\u00f3 technikai adatcsomagot k\u00edn\u00e1l, amely a VIN-b\u0151l sz\u00e1rmazik. Itt tal\u00e1lhat\u00f3k a j\u00e1rm\u0171 m\u00e1rk\u00e1j\u00e1ra, modellj\u00e9re, motor t\u00edpus\u00e1ra, m\u00e9reteire \u00e9s \u00fczemanyag-fogyaszt\u00e1s\u00e1ra vonatkoz\u00f3 r\u00e9szletek. Ez az inform\u00e1ci\u00f3 kulcsfontoss\u00e1g\u00fa a j\u00e1rm\u0171 \u00e1ltal \u00e1ll\u00edtott tulajdons\u00e1gok hiteles\u00edt\u00e9s\u00e9hez.  <\/p>\n\t\t\t\t\t\t\t\t<\/div>\n\t\t\t\t<\/div>\n\t\t\t\t<div class=\"elementor-element elementor-element-8ce8d1a elementor-widget elementor-widget-heading\" data-id=\"8ce8d1a\" data-element_type=\"widget\" data-e-type=\"widget\" data-widget_type=\"heading.default\">\n\t\t\t\t<div class=\"elementor-widget-container\">\n\t\t\t\t\t<h3 class=\"elementor-heading-title elementor-size-default\">Felszerelts\u00e9gi Opci\u00f3k<\/h3>\t\t\t\t<\/div>\n\t\t\t\t<\/div>\n\t\t\t\t<div class=\"elementor-element elementor-element-09d2fb5 elementor-widget elementor-widget-text-editor\" data-id=\"09d2fb5\" data-element_type=\"widget\" data-e-type=\"widget\" data-widget_type=\"text-editor.default\">\n\t\t\t\t<div class=\"elementor-widget-container\">\n\t\t\t\t\t\t\t\t\t<p>A jelent\u00e9s ezen r\u00e9sze \u00f6sszehasonl\u00edtja a gy\u00e1rilag beszerelt felszerel\u00e9st a j\u00e1rm\u0171 aktu\u00e1lis \u00e1llapot\u00e1val. R\u00e9szletezi a k\u00fcl\u00f6nb\u00f6z\u0151 jellemz\u0151ket, mint a f\u00e9nyez\u00e9s sz\u00edne, l\u00e9gkondicion\u00e1l\u00f3, \u00fcl\u00e9shuzat \u00e9s fejlettebb rendszerek, mint a sebess\u00e9gtart\u00f3 automatikus \u00e9s a navig\u00e1ci\u00f3. A hi\u00e1nyz\u00f3 vagy m\u00f3dos\u00edtott jellemz\u0151k kor\u00e1bbi balesetekre vagy m\u00f3dos\u00edt\u00e1sokra utalhatnak, amelyek befoly\u00e1solhatj\u00e1k a j\u00e1rm\u0171 \u00e9rt\u00e9k\u00e9t \u00e9s biztons\u00e1g\u00e1t.  <\/p>\n\t\t\t\t\t\t\t\t<\/div>\n\t\t\t\t<\/div>\n\t\t\t\t<div class=\"elementor-element elementor-element-75b8983 elementor-widget elementor-widget-heading\" data-id=\"75b8983\" data-element_type=\"widget\" data-e-type=\"widget\" data-widget_type=\"heading.default\">\n\t\t\t\t<div class=\"elementor-widget-container\">\n\t\t\t\t\t<h3 class=\"elementor-heading-title elementor-size-default\">Esem\u00e9ny T\u00f6rt\u00e9net<\/h3>\t\t\t\t<\/div>\n\t\t\t\t<\/div>\n\t\t\t\t<div class=\"elementor-element elementor-element-ef2cd26 elementor-widget elementor-widget-text-editor\" data-id=\"ef2cd26\" data-element_type=\"widget\" data-e-type=\"widget\" data-widget_type=\"text-editor.default\">\n\t\t\t\t<div class=\"elementor-widget-container\">\n\t\t\t\t\t\t\t\t\t<p>Id\u0151rendben felsorolt j\u00e1rm\u0171incidensek list\u00e1ja tal\u00e1lhat\u00f3, amely tartalmazza a d\u00e1tumot, a helysz\u00ednt \u00e9s a k\u00e1r becs\u00fclt k\u00f6lts\u00e9geit. Ez a szakasz elengedhetetlen a j\u00e1rm\u0171 baleseti t\u00f6rt\u00e9net\u00e9nek \u00e9s a jelent\u0151s jav\u00edt\u00e1soknak a meg\u00e9rt\u00e9s\u00e9hez, amelyek esetleg t\u00f6rt\u00e9nt. <\/p>\n\t\t\t\t\t\t\t\t<\/div>\n\t\t\t\t<\/div>\n\t\t\t\t<div class=\"elementor-element elementor-element-3350345 elementor-widget elementor-widget-heading\" data-id=\"3350345\" data-element_type=\"widget\" data-e-type=\"widget\" data-widget_type=\"heading.default\">\n\t\t\t\t<div class=\"elementor-widget-container\">\n\t\t\t\t\t<h3 class=\"elementor-heading-title elementor-size-default\">Kilom\u00e9ter\u00f3ra-\u00e9rt\u00e9kek<\/h3>\t\t\t\t<\/div>\n\t\t\t\t<\/div>\n\t\t\t\t<div class=\"elementor-element elementor-element-d64ba63 elementor-widget elementor-widget-text-editor\" data-id=\"d64ba63\" data-element_type=\"widget\" data-e-type=\"widget\" data-widget_type=\"text-editor.default\">\n\t\t\t\t<div class=\"elementor-widget-container\">\n\t\t\t\t\t\t\t\t\t<p>Itt a j\u00e1rm\u0171 \u00e9let\u00e9nek k\u00fcl\u00f6nb\u00f6z\u0151 szakaszaib\u00f3l sz\u00e1rmaz\u00f3 kilom\u00e9ter\u00f3ra-adatai tal\u00e1lhat\u00f3ak. Ezek tartalmazz\u00e1k a m\u0171szaki vizsg\u00e1latok, nyilv\u00e1ntart\u00e1sok, biztos\u00edt\u00f3t\u00e1rsas\u00e1gok \u00e9s szervizek adatait. A kilom\u00e9ter\u00f3ra ellen\u0151rz\u00e9se kulcsfontoss\u00e1g\u00fa annak biztos\u00edt\u00e1s\u00e1ra, hogy az \u00f3r\u00e1t nem manipul\u00e1lt\u00e1k.  <\/p>\n\t\t\t\t\t\t\t\t<\/div>\n\t\t\t\t<\/div>\n\t\t\t\t<div class=\"elementor-element elementor-element-94c0f96 elementor-widget elementor-widget-heading\" data-id=\"94c0f96\" data-element_type=\"widget\" data-e-type=\"widget\" data-widget_type=\"heading.default\">\n\t\t\t\t<div class=\"elementor-widget-container\">\n\t\t\t\t\t<h3 class=\"elementor-heading-title elementor-size-default\">Internet T\u00f6rt\u00e9nelem<\/h3>\t\t\t\t<\/div>\n\t\t\t\t<\/div>\n\t\t\t\t<div class=\"elementor-element elementor-element-e9d4504 elementor-widget elementor-widget-text-editor\" data-id=\"e9d4504\" data-element_type=\"widget\" data-e-type=\"widget\" data-widget_type=\"text-editor.default\">\n\t\t\t\t<div class=\"elementor-widget-container\">\n\t\t\t\t\t\t\t\t\t<p>Ez a szakasz tartalmazza a kor\u00e1bbi online hirdet\u00e9seket az aut\u00f3s aukci\u00f3kr\u00f3l, amelyek r\u00e9szletesen bemutatj\u00e1k a felszerel\u00e9st, a kilom\u00e9ter\u00f3ra \u00e1ll\u00e1s\u00e1t, a m\u0171szaki adatokat, az \u00e1rakat \u00e9s a f\u00e9nyk\u00e9peket. Ez a t\u00f6rt\u00e9neti adat felfedheti a elt\u00e9r\u00e9seket vagy kor\u00e1bbi k\u00e1rosod\u00e1sokat, amelyeket az elad\u00f3 esetleg nem fed fel. <\/p>\n\t\t\t\t\t\t\t\t<\/div>\n\t\t\t\t<\/div>\n\t\t\t\t<div class=\"elementor-element elementor-element-102184d elementor-widget elementor-widget-heading\" data-id=\"102184d\" data-element_type=\"widget\" data-e-type=\"widget\" data-widget_type=\"heading.default\">\n\t\t\t\t<div class=\"elementor-widget-container\">\n\t\t\t\t\t<h3 class=\"elementor-heading-title elementor-size-default\">Lopott J\u00e1rm\u0171 Adatb\u00e1zisok<\/h3>\t\t\t\t<\/div>\n\t\t\t\t<\/div>\n\t\t\t\t<div class=\"elementor-element elementor-element-06df8ba elementor-widget elementor-widget-text-editor\" data-id=\"06df8ba\" data-element_type=\"widget\" data-e-type=\"widget\" data-widget_type=\"text-editor.default\">\n\t\t\t\t<div class=\"elementor-widget-container\">\n\t\t\t\t\t\t\t\t\t<p>A jelent\u00e9s ellen\u0151rzi a j\u00e1rm\u0171vet a lopott j\u00e1rm\u0171vek adatb\u00e1zisaiban Eur\u00f3p\u00e1ban \u00e9s \u00c9szak-Amerik\u00e1ban, biztos\u00edtva, hogy az \u00f6n \u00e1ltal keresett aut\u00f3 ne szerepeljen mint lopott. Ez elengedhetetlen a jogi komplik\u00e1ci\u00f3k elker\u00fcl\u00e9s\u00e9hez. <\/p>\n\t\t\t\t\t\t\t\t<\/div>\n\t\t\t\t<\/div>\n\t\t\t\t<div class=\"elementor-element elementor-element-84f20c8 elementor-widget elementor-widget-heading\" data-id=\"84f20c8\" data-element_type=\"widget\" data-e-type=\"widget\" data-widget_type=\"heading.default\">\n\t\t\t\t<div class=\"elementor-widget-container\">\n\t\t\t\t\t<h3 class=\"elementor-heading-title elementor-size-default\">Gy\u00e1ri Visszah\u00edv\u00e1sok<\/h3>\t\t\t\t<\/div>\n\t\t\t\t<\/div>\n\t\t\t\t<div class=\"elementor-element elementor-element-efdf38f elementor-widget elementor-widget-text-editor\" data-id=\"efdf38f\" data-element_type=\"widget\" data-e-type=\"widget\" data-widget_type=\"text-editor.default\">\n\t\t\t\t<div class=\"elementor-widget-container\">\n\t\t\t\t\t\t\t\t\t<p>A gy\u00e1ri visszah\u00edv\u00e1sok is szerepelnek, felsorolva b\u00e1rmilyen figyelmeztet\u00e9st \u00e9s szerviz-visszah\u00edv\u00e1st, amelyet a gy\u00e1rt\u00f3 kiadott a konkr\u00e9t j\u00e1rm\u0171re vonatkoz\u00f3an. Ez a szakasz biztos\u00edtja, hogy \u00d6n tudat\u00e1ban legyen b\u00e1rmilyen jelent\u0151s hib\u00e1nak, amelyet m\u00e1r orvosoltak vagy figyelmet ig\u00e9nyel. <\/p>\n\t\t\t\t\t\t\t\t<\/div>\n\t\t\t\t<\/div>\n\t\t\t\t<div class=\"elementor-element elementor-element-1e29fea elementor-alert-warning elementor-widget elementor-widget-alert\" data-id=\"1e29fea\" data-element_type=\"widget\" data-e-type=\"widget\" data-widget_type=\"alert.default\">\n\t\t\t\t<div class=\"elementor-widget-container\">\n\t\t\t\t\t\t\t<div class=\"elementor-alert\" role=\"alert\">\n\n\t\t\t\t\t\t<span class=\"elementor-alert-title\">MEGJEGYZ\u00c9S<\/span>\n\t\t\t\n\t\t\t\t\t\t<span class=\"elementor-alert-description\"><p>K\u00e9rj\u00fck, vegye figyelembe, hogy m\u00edg jelent\u00e9seink \u00e1tfog\u00f3 elemz\u00e9st k\u00edn\u00e1lnak, azok k\u00fcl\u00f6nb\u00f6z\u0151 forr\u00e1sok adatainak el\u00e9rhet\u0151s\u00e9g\u00e9t\u0151l \u00e9s teljess\u00e9g\u00e9t\u0151l f\u00fcggenek. Ennek k\u00f6vetkezt\u00e9ben nem minden szakasz lehet el\u00e9rhet\u0151 vagy tartalmazhat adatokat minden jelent\u00e9sben. <\/p>\n<\/span>\n\t\t\t\n\t\t\t\n\t\t<\/div>\n\t\t\t\t\t\t<\/div>\n\t\t\t\t<\/div>\n\t\t\t\t\t<\/div>\n\t\t\t\t<\/div>\n\t\t<div class=\"elementor-element elementor-element-b4663d0 e-flex e-con-boxed e-con e-parent\" data-id=\"b4663d0\" data-element_type=\"container\" data-e-type=\"container\">\n\t\t\t\t\t<div class=\"e-con-inner\">\n\t\t\t\t<div class=\"elementor-element elementor-element-1ee7519 elementor-widget elementor-widget-template\" data-id=\"1ee7519\" data-element_type=\"widget\" data-e-type=\"widget\" data-widget_type=\"template.default\">\n\t\t\t\t<div class=\"elementor-widget-container\">\n\t\t\t\t\t\t\t<div class=\"elementor-template\">\n\t\t\t\t\t<div data-elementor-type=\"section\" data-elementor-id=\"2437\" class=\"elementor elementor-2437 elementor-757 elementor-757\" data-elementor-post-type=\"elementor_library\">\n\t\t\t<div class=\"elementor-element elementor-element-c6f68bb e-flex e-con-boxed e-con e-parent\" data-id=\"c6f68bb\" data-element_type=\"container\" data-e-type=\"container\">\n\t\t\t\t\t<div class=\"e-con-inner\">\n\t\t\t\t<div class=\"elementor-element elementor-element-7fe4c49 elementor-cta--skin-classic elementor-animated-content elementor-bg-transform elementor-bg-transform-zoom-in elementor-widget elementor-widget-call-to-action\" data-id=\"7fe4c49\" data-element_type=\"widget\" data-e-type=\"widget\" data-widget_type=\"call-to-action.default\">\n\t\t\t\t<div class=\"elementor-widget-container\">\n\t\t\t\t\t\t\t<div class=\"elementor-cta\">\n\t\t\t\t\t<div class=\"elementor-cta__bg-wrapper\">\n\t\t\t\t<div class=\"elementor-cta__bg elementor-bg\" style=\"background-image: url(https:\/\/www.vin-info.com\/wp-content\/uploads\/2024\/06\/cta-vin-info-min-1024x393.jpg);\" role=\"img\" aria-label=\"cta-vin-info-min\"><\/div>\n\t\t\t\t<div class=\"elementor-cta__bg-overlay\"><\/div>\n\t\t\t<\/div>\n\t\t\t\t\t\t\t<div class=\"elementor-cta__content\">\n\t\t\t\t\n\t\t\t\t\t\t\t\t\t<h2 class=\"elementor-cta__title elementor-cta__content-item elementor-content-item\">\n\t\t\t\t\t\tFedezze fel j\u00e1rm\u0171ve teljes t\u00f6rt\u00e9net\u00e9t!\t\t\t\t\t<\/h2>\n\t\t\t\t\n\t\t\t\t\t\t\t\t\t<div class=\"elementor-cta__description elementor-cta__content-item elementor-content-item\">\n\t\t\t\t\t\t<p>\u00cdrja be a VIN sz\u00e1m\u00e1t a r\u00e9szletes j\u00e1rm\u0171t\u00f6rt\u00e9neti jelent\u00e9s megnyit\u00e1s\u00e1hoz. Szerezzen betekint\u00e9st a baleseti nyilv\u00e1ntart\u00e1sokba, fut\u00e1steljes\u00edtm\u00e9nybe, haszn\u00e1latba \u00e9s m\u00e1s fontos inform\u00e1ci\u00f3kba. Gy\u0151z\u0151dj\u00f6n meg r\u00f3la, hogy j\u00f3l megalapozott d\u00f6nt\u00e9st hoz. Ellen\u0151rizze a VIN sz\u00e1m\u00e1t, \u00e9s t\u00f6ltse le a jelent\u00e9s\u00e9t m\u00e9g ma!   <\/p>\n\t\t\t\t\t<\/div>\n\t\t\t\t\n\t\t\t\t\t\t\t\t\t<div class=\"elementor-cta__button-wrapper elementor-cta__content-item elementor-content-item \">\n\t\t\t\t\t<a class=\"elementor-cta__button elementor-button elementor-size-\" href=\"#elementor-action%3Aaction%3Dpopup%3Aopen%26settings%3DeyJpZCI6MjQ5NywidG9nZ2xlIjpmYWxzZX0%3D\">\n\t\t\t\t\t\tEllen\u0151rizze a VIN-t most\t\t\t\t\t<\/a>\n\t\t\t\t\t<\/div>\n\t\t\t\t\t\t\t<\/div>\n\t\t\t\t\t\t<\/div>\n\t\t\t\t\t\t<\/div>\n\t\t\t\t<\/div>\n\t\t\t\t\t<\/div>\n\t\t\t\t<\/div>\n\t\t\t\t<\/div>\n\t\t\t\t<\/div>\n\t\t\t\t\t\t<\/div>\n\t\t\t\t<\/div>\n\t\t\t\t\t<\/div>\n\t\t\t\t<\/div>\n\t\t<div class=\"elementor-element elementor-element-ec00df9 e-flex e-con-boxed e-con e-parent\" data-id=\"ec00df9\" data-element_type=\"container\" data-e-type=\"container\">\n\t\t\t\t\t<div class=\"e-con-inner\">\n\t\t\t\t<div class=\"elementor-element elementor-element-1b919d4 elementor-widget elementor-widget-heading\" data-id=\"1b919d4\" data-element_type=\"widget\" data-e-type=\"widget\" data-widget_type=\"heading.default\">\n\t\t\t\t<div class=\"elementor-widget-container\">\n\t\t\t\t\t<h2 class=\"elementor-heading-title elementor-size-default\">Specializ\u00e1lt Nemzetk\u00f6zi J\u00e1rm\u0171jelent\u00e9sek<\/h2>\t\t\t\t<\/div>\n\t\t\t\t<\/div>\n\t\t\t\t<div class=\"elementor-element elementor-element-393217c elementor-widget elementor-widget-text-editor\" data-id=\"393217c\" data-element_type=\"widget\" data-e-type=\"widget\" data-widget_type=\"text-editor.default\">\n\t\t\t\t<div class=\"elementor-widget-container\">\n\t\t\t\t\t\t\t\t\t<p>A standard J\u00e1rm\u0171t\u00f6rt\u00e9neti Jelent\u00e9s mellett a VIN-INFO specializ\u00e1lt jelent\u00e9seket is k\u00edn\u00e1l a bizonyos orsz\u00e1gokban regisztr\u00e1lt j\u00e1rm\u0171vekr\u0151l, mint p\u00e9ld\u00e1ul Belgium, Hollandia \u00e9s az Egyes\u00fclt \u00c1llamok.<\/p>\n\t\t\t\t\t\t\t\t<\/div>\n\t\t\t\t<\/div>\n\t\t\t\t<div class=\"elementor-element elementor-element-d24b578 elementor-widget elementor-widget-heading\" data-id=\"d24b578\" data-element_type=\"widget\" data-e-type=\"widget\" data-widget_type=\"heading.default\">\n\t\t\t\t<div class=\"elementor-widget-container\">\n\t\t\t\t\t<h3 class=\"elementor-heading-title elementor-size-default\">Hollandia J\u00e1rm\u0171jelent\u00e9s<\/h3>\t\t\t\t<\/div>\n\t\t\t\t<\/div>\n\t\t\t\t<div class=\"elementor-element elementor-element-a525c36 elementor-widget elementor-widget-text-editor\" data-id=\"a525c36\" data-element_type=\"widget\" data-e-type=\"widget\" data-widget_type=\"text-editor.default\">\n\t\t\t\t<div class=\"elementor-widget-container\">\n\t\t\t\t\t\t\t\t\t<p>A VWE Jelent\u00e9s ellen\u0151rz\u00f6tt inform\u00e1ci\u00f3kat szolg\u00e1ltat megb\u00edzhat\u00f3 holland forr\u00e1sokb\u00f3l, seg\u00edtve \u00d6nt az elad\u00f3 \u00e1ll\u00edt\u00e1sainak \u00e9s a j\u00e1rm\u0171 m\u0171szakiadatainak \u00e9rt\u00e9kel\u00e9s\u00e9ben. Ez a jelent\u00e9s tartalmazza a J\u00e1rm\u0171 \u00e1llapota, Alapinform\u00e1ci\u00f3k, Tulajdonosi t\u00f6rt\u00e9net \u00e9s M\u0171szaki adatok szakaszokat, valamint egy ingyenes NAP kilom\u00e9ter-ellen\u0151rz\u00e9st. <\/p>\n\t\t\t\t\t\t\t\t<\/div>\n\t\t\t\t<\/div>\n\t\t\t\t<div class=\"elementor-element elementor-element-06a3fad elementor-widget elementor-widget-heading\" data-id=\"06a3fad\" data-element_type=\"widget\" data-e-type=\"widget\" data-widget_type=\"heading.default\">\n\t\t\t\t<div class=\"elementor-widget-container\">\n\t\t\t\t\t<h3 class=\"elementor-heading-title elementor-size-default\">USA J\u00e1rm\u0171 Jelent\u00e9s<\/h3>\t\t\t\t<\/div>\n\t\t\t\t<\/div>\n\t\t\t\t<div class=\"elementor-element elementor-element-d193516 elementor-widget elementor-widget-text-editor\" data-id=\"d193516\" data-element_type=\"widget\" data-e-type=\"widget\" data-widget_type=\"text-editor.default\">\n\t\t\t\t<div class=\"elementor-widget-container\">\n\t\t\t\t\t\t\t\t\t<p>Az Egyes\u00fclt \u00c1llamok J\u00e1rm\u0171 Jelent\u00e9s az Orsz\u00e1gos J\u00e1rm\u0171 C\u00edm Inform\u00e1ci\u00f3s Rendszer (NMVTIS) adataira \u00e9p\u00fcl, amely a legt\u00f6bb az Egyes\u00fclt \u00c1llamokban nyilv\u00e1ntartott j\u00e1rm\u0171vet lefedi. R\u00e9szletes j\u00e1rm\u0171specifik\u00e1ci\u00f3kat, tulajdonosi t\u00f6rt\u00e9netet, st\u00e1tuszfriss\u00edt\u00e9seket (p\u00e9ld\u00e1ul mentett vagy baleseti k\u00e1rosod\u00e1s), valamint c\u00edmnyilv\u00e1ntart\u00e1sokat tartalmaz, bele\u00e9rtve az odom\u00e9ter-\u00e9rt\u00e9keket is. <\/p>\n\t\t\t\t\t\t\t\t<\/div>\n\t\t\t\t<\/div>\n\t\t\t\t<div class=\"elementor-element elementor-element-865aab2 elementor-widget elementor-widget-heading\" data-id=\"865aab2\" data-element_type=\"widget\" data-e-type=\"widget\" data-widget_type=\"heading.default\">\n\t\t\t\t<div class=\"elementor-widget-container\">\n\t\t\t\t\t<h3 class=\"elementor-heading-title elementor-size-default\">J\u00e1rm\u0171\u00e9rt\u00e9kel\u00e9s<\/h3>\t\t\t\t<\/div>\n\t\t\t\t<\/div>\n\t\t\t\t<div class=\"elementor-element elementor-element-bbd8761 elementor-widget elementor-widget-text-editor\" data-id=\"bbd8761\" data-element_type=\"widget\" data-e-type=\"widget\" data-widget_type=\"text-editor.default\">\n\t\t\t\t<div class=\"elementor-widget-container\">\n\t\t\t\t\t\t\t\t\t<p>A j\u00e1rm\u0171 piaci \u00e9rt\u00e9k\u00e9nek meghat\u00e1roz\u00e1sa kulcsfontoss\u00e1g\u00fa annak felm\u00e9r\u00e9s\u00e9hez, hogy az elad\u00f3 \u00e1ra megfelel\u0151-e. A J\u00e1rm\u0171 \u00c9rt\u00e9kel\u00e9si szolg\u00e1ltat\u00e1s fejlett algoritmusokat haszn\u00e1l a piaci adatok elemz\u00e9s\u00e9re, \u00e9s pontos becsl\u00e9st ad a j\u00e1rm\u0171 \u00e9rt\u00e9k\u00e9re. <\/p>\n\t\t\t\t\t\t\t\t<\/div>\n\t\t\t\t<\/div>\n\t\t\t\t<div class=\"elementor-element elementor-element-bbc2eb5 elementor-widget elementor-widget-text-editor\" data-id=\"bbc2eb5\" data-element_type=\"widget\" data-e-type=\"widget\" data-widget_type=\"text-editor.default\">\n\t\t\t\t<div class=\"elementor-widget-container\">\n\t\t\t\t\t\t\t\t\t<p>Ezeknek az \u00e1tfog\u00f3 jelent\u00e9seknek a haszn\u00e1lat\u00e1val magabiztosan navig\u00e1lhat a haszn\u00e1lt aut\u00f3k piac\u00e1n, megalapozott d\u00f6nt\u00e9seket hozva, amelyek v\u00e9dik befektet\u00e9s\u00e9t \u00e9s biztons\u00e1g\u00e1t.<\/p>\n\t\t\t\t\t\t\t\t<\/div>\n\t\t\t\t<\/div>\n\t\t\t\t\t<\/div>\n\t\t\t\t<\/div>\n\t\t\t\t<\/div>\n\t\t","protected":false},"excerpt":{"rendered":"<p>A J\u00e1rm\u0171t\u00f6rt\u00e9neti Jelent\u00e9s egy alapvet\u0151 eszk\u00f6z a sof\u0151r\u00f6k sz\u00e1m\u00e1ra, akik meg akarj\u00e1k v\u00e9deni magukat a tisztess\u00e9gtelen elad\u00f3kkal szemben, legyenek azok aut\u00f3keresked\u00e9sek vagy mag\u00e1nszem\u00e9lyek. Sajnos egyes elad\u00f3k megt\u00e9veszt\u0151 gyakorlatokhoz folyamodnak, hogy mesters\u00e9gesen felnagy\u00edts\u00e1k egy j\u00e1rm\u0171 \u00e9rt\u00e9k\u00e9t. Ezek a taktik\u00e1k magukban foglalhatj\u00e1k az \u00f3ra visszateker\u00e9s\u00e9t, a s\u00falyos s\u00e9r\u00fcl\u00e9sek eltitkol\u00e1s\u00e1t, balesetekben r\u00e9szt vett j\u00e1rm\u0171vek elad\u00e1s\u00e1t, mintha azok makul\u00e1tlan \u00e1llapotban lenn\u00e9nek, vagy ak\u00e1r lopott j\u00e1rm\u0171vek \u00e9rt\u00e9kes\u00edt\u00e9s\u00e9re is k\u00eds\u00e9rletet tehetnek. Az ilyen gyakorlatok jelent\u0151s p\u00e9nz\u00fcgyi vesztes\u00e9get okozhatnak, \u00e9s bizonyos esetekben jogi k\u00f6vetkezm\u00e9nyekhez vezethetnek, bele\u00e9rtve a b\u00fcntet\u0151jogi v\u00e1dakat is, ha egy lopott j\u00e1rm\u0171vet tudt\u00e1n k\u00edv\u00fcl v\u00e1s\u00e1rolnak meg.   <\/p>\n","protected":false},"author":2,"featured_media":0,"parent":0,"menu_order":0,"comment_status":"closed","ping_status":"closed","template":"","meta":{"inline_featured_image":false,"footnotes":""},"class_list":["post-2683","page","type-page","status-publish","hentry"],"_links":{"self":[{"href":"https:\/\/www.vin-info.com\/hu\/wp-json\/wp\/v2\/pages\/2683","targetHints":{"allow":["GET"]}}],"collection":[{"href":"https:\/\/www.vin-info.com\/hu\/wp-json\/wp\/v2\/pages"}],"about":[{"href":"https:\/\/www.vin-info.com\/hu\/wp-json\/wp\/v2\/types\/page"}],"author":[{"embeddable":true,"href":"https:\/\/www.vin-info.com\/hu\/wp-json\/wp\/v2\/users\/2"}],"replies":[{"embeddable":true,"href":"https:\/\/www.vin-info.com\/hu\/wp-json\/wp\/v2\/comments?post=2683"}],"version-history":[{"count":1,"href":"https:\/\/www.vin-info.com\/hu\/wp-json\/wp\/v2\/pages\/2683\/revisions"}],"predecessor-version":[{"id":2684,"href":"https:\/\/www.vin-info.com\/hu\/wp-json\/wp\/v2\/pages\/2683\/revisions\/2684"}],"wp:attachment":[{"href":"https:\/\/www.vin-info.com\/hu\/wp-json\/wp\/v2\/media?parent=2683"}],"curies":[{"name":"wp","href":"https:\/\/api.w.org\/{rel}","templated":true}]}}