{"id":2603,"date":"2024-08-20T12:25:25","date_gmt":"2024-08-20T10:25:25","guid":{"rendered":"https:\/\/www.vin-info.com\/elore-fizetett-licenc\/"},"modified":"2025-12-18T13:52:47","modified_gmt":"2025-12-18T12:52:47","slug":"pre-paid-license","status":"publish","type":"page","link":"https:\/\/www.vin-info.com\/hu\/pre-paid-license\/","title":{"rendered":"El\u0151re Fizetett Licenc"},"content":{"rendered":"\t\t<div data-elementor-type=\"wp-page\" data-elementor-id=\"2603\" class=\"elementor elementor-2603 elementor-90\" data-elementor-post-type=\"page\">\n\t\t\t\t<div class=\"elementor-element elementor-element-73c8cef e-flex e-con-boxed e-con e-parent\" data-id=\"73c8cef\" data-element_type=\"container\" data-e-type=\"container\">\n\t\t\t\t\t<div class=\"e-con-inner\">\n\t\t\t\t<div class=\"elementor-element elementor-element-3745ce8 elementor-widget elementor-widget-heading\" data-id=\"3745ce8\" data-element_type=\"widget\" data-e-type=\"widget\" data-widget_type=\"heading.default\">\n\t\t\t\t<div class=\"elementor-widget-container\">\n\t\t\t\t\t<h2 class=\"elementor-heading-title elementor-size-default\">Mi az el\u0151re kifizetett enged\u00e9ly?<\/h2>\t\t\t\t<\/div>\n\t\t\t\t<\/div>\n\t\t<div class=\"elementor-element elementor-element-65ded1e e-con-full e-flex e-con e-child\" data-id=\"65ded1e\" data-element_type=\"container\" data-e-type=\"container\">\n\t\t<div class=\"elementor-element elementor-element-f21c7cb e-con-full e-flex e-con e-child\" data-id=\"f21c7cb\" data-element_type=\"container\" data-e-type=\"container\">\n\t\t\t\t<div class=\"elementor-element elementor-element-2c40369 elementor-widget elementor-widget-text-editor\" data-id=\"2c40369\" data-element_type=\"widget\" data-e-type=\"widget\" data-widget_type=\"text-editor.default\">\n\t\t\t\t<div class=\"elementor-widget-container\">\n\t\t\t\t\t\t\t\t\t<p>A Pre-Paid licencet k\u00e9nyelmi szempontb\u00f3l k\u00e9sz\u00edtett\u00fck azoknak a c\u00e9geknek, amelyek gyakran haszn\u00e1lj\u00e1k a weboldalunkat, \u00e9s gyors hozz\u00e1f\u00e9r\u00e9sre van sz\u00fcks\u00e9g\u00fck a J\u00e1rm\u0171t\u00f6rt\u00e9netekhez.<\/p><p><span style=\"color: var( --e-global-color-text ); font-family: var( --e-global-typography-text-font-family ), Sans-serif; font-weight: var( --e-global-typography-text-font-weight ); text-align: var(--text-align); font-size: 1rem;\">A Pre-Paid licenc lehet\u0151v\u00e9 teszi, hogy jelent\u00e9seket t\u00f6lts\u00f6n le an\u00e9lk\u00fcl, hogy hozz\u00e1f\u00e9rne a v\u00e1llalati fi\u00f3kj\u00e1hoz vagy a v\u00e1llalati bankk\u00e1rty\u00e1hoz.<\/span><\/p><p><span style=\"color: var( --e-global-color-text ); font-family: var( --e-global-typography-text-font-family ), Sans-serif; font-weight: var( --e-global-typography-text-font-weight ); text-align: var(--text-align); font-size: 1rem;\">A licencnek k\u00f6sz\u00f6nhet\u0151en jav\u00edtani fogja a jelent\u00e9sek v\u00e1s\u00e1rl\u00e1si folyamat\u00e1t. \u00c9rv\u00e9nyes licenc lehet\u0151v\u00e9 teszi a jelent\u00e9sek megv\u00e1s\u00e1rl\u00e1s\u00e1t minden banki m\u0171velet n\u00e9lk\u00fcl, a licenchez rendelt alapok felhaszn\u00e1l\u00e1s\u00e1val. <\/span><\/p><p><span style=\"color: var( --e-global-color-text ); font-family: var( --e-global-typography-text-font-family ), Sans-serif; font-weight: var( --e-global-typography-text-font-weight ); text-align: var(--text-align); font-size: 1rem;\">Ez a m\u00f3dszer lehet\u0151v\u00e9 teszi:<\/span><\/p>\t\t\t\t\t\t\t\t<\/div>\n\t\t\t\t<\/div>\n\t\t\t\t<div class=\"elementor-element elementor-element-18b4dae elementor-icon-list--layout-traditional elementor-list-item-link-full_width elementor-widget elementor-widget-icon-list\" data-id=\"18b4dae\" data-element_type=\"widget\" data-e-type=\"widget\" data-widget_type=\"icon-list.default\">\n\t\t\t\t<div class=\"elementor-widget-container\">\n\t\t\t\t\t\t\t<ul class=\"elementor-icon-list-items\">\n\t\t\t\t\t\t\t<li class=\"elementor-icon-list-item\">\n\t\t\t\t\t\t\t\t\t\t\t<span class=\"elementor-icon-list-icon\">\n\t\t\t\t\t\t\t<i aria-hidden=\"true\" class=\"fas fa-chevron-right\"><\/i>\t\t\t\t\t\t<\/span>\n\t\t\t\t\t\t\t\t\t\t<span class=\"elementor-icon-list-text\">gyors hozz\u00e1f\u00e9r\u00e9s a j\u00e1rm\u0171t\u00f6rt\u00e9neti jelent\u00e9sekhez,<\/span>\n\t\t\t\t\t\t\t\t\t<\/li>\n\t\t\t\t\t\t\t\t<li class=\"elementor-icon-list-item\">\n\t\t\t\t\t\t\t\t\t\t\t<span class=\"elementor-icon-list-icon\">\n\t\t\t\t\t\t\t<i aria-hidden=\"true\" class=\"fas fa-chevron-right\"><\/i>\t\t\t\t\t\t<\/span>\n\t\t\t\t\t\t\t\t\t\t<span class=\"elementor-icon-list-text\">k\u00e9szp\u00e9nz n\u00e9lk\u00fcli besz\u00e1mol\u00f3v\u00e1s\u00e1rl\u00e1s alkalmazottak \u00e1ltal,<\/span>\n\t\t\t\t\t\t\t\t\t<\/li>\n\t\t\t\t\t\t\t\t<li class=\"elementor-icon-list-item\">\n\t\t\t\t\t\t\t\t\t\t\t<span class=\"elementor-icon-list-icon\">\n\t\t\t\t\t\t\t<i aria-hidden=\"true\" class=\"fas fa-chevron-right\"><\/i>\t\t\t\t\t\t<\/span>\n\t\t\t\t\t\t\t\t\t\t<span class=\"elementor-icon-list-text\">jelenlegi ellen\u0151rz\u00e9s a sz\u00e1mla egyenlege felett,<\/span>\n\t\t\t\t\t\t\t\t\t<\/li>\n\t\t\t\t\t\t\t\t<li class=\"elementor-icon-list-item\">\n\t\t\t\t\t\t\t\t\t\t\t<span class=\"elementor-icon-list-icon\">\n\t\t\t\t\t\t\t<i aria-hidden=\"true\" class=\"fas fa-chevron-right\"><\/i>\t\t\t\t\t\t<\/span>\n\t\t\t\t\t\t\t\t\t\t<span class=\"elementor-icon-list-text\">hozz\u00e1f\u00e9r\u00e9s egy automatiz\u00e1lt sz\u00e1mlakezel\u0151 rendszerhez.<\/span>\n\t\t\t\t\t\t\t\t\t<\/li>\n\t\t\t\t\t\t<\/ul>\n\t\t\t\t\t\t<\/div>\n\t\t\t\t<\/div>\n\t\t\t\t<\/div>\n\t\t<div class=\"elementor-element elementor-element-1c74cfe e-con-full e-flex e-con e-child\" data-id=\"1c74cfe\" data-element_type=\"container\" data-e-type=\"container\">\n\t\t\t\t<div class=\"elementor-element elementor-element-2ca2a3c elementor-widget elementor-widget-image\" data-id=\"2ca2a3c\" data-element_type=\"widget\" data-e-type=\"widget\" data-widget_type=\"image.default\">\n\t\t\t\t<div class=\"elementor-widget-container\">\n\t\t\t\t\t\t\t\t\t\t\t\t\t\t\t<img fetchpriority=\"high\" decoding=\"async\" width=\"325\" height=\"315\" src=\"https:\/\/www.vin-info.com\/wp-content\/uploads\/2024\/07\/ico-reports.png\" class=\"attachment-large size-large wp-image-2604\" alt=\"\" srcset=\"https:\/\/www.vin-info.com\/wp-content\/uploads\/2024\/07\/ico-reports.png 325w, https:\/\/www.vin-info.com\/wp-content\/uploads\/2024\/07\/ico-reports-300x291.png 300w\" sizes=\"(max-width: 325px) 100vw, 325px\" \/>\t\t\t\t\t\t\t\t\t\t\t\t\t\t\t<\/div>\n\t\t\t\t<\/div>\n\t\t\t\t<\/div>\n\t\t\t\t<\/div>\n\t\t\t\t<div class=\"elementor-element elementor-element-3aaa89c elementor-widget-divider--view-line elementor-widget elementor-widget-divider\" data-id=\"3aaa89c\" data-element_type=\"widget\" data-e-type=\"widget\" data-widget_type=\"divider.default\">\n\t\t\t\t<div class=\"elementor-widget-container\">\n\t\t\t\t\t\t\t<div class=\"elementor-divider\">\n\t\t\t<span class=\"elementor-divider-separator\">\n\t\t\t\t\t\t<\/span>\n\t\t<\/div>\n\t\t\t\t\t\t<\/div>\n\t\t\t\t<\/div>\n\t\t\t\t\t<\/div>\n\t\t\t\t<\/div>\n\t\t<div class=\"elementor-element elementor-element-ddfa42e e-flex e-con-boxed e-con e-parent\" data-id=\"ddfa42e\" data-element_type=\"container\" data-e-type=\"container\">\n\t\t\t\t\t<div class=\"e-con-inner\">\n\t\t\t\t<div class=\"elementor-element elementor-element-8c06ab5 elementor-widget elementor-widget-heading\" data-id=\"8c06ab5\" data-element_type=\"widget\" data-e-type=\"widget\" data-widget_type=\"heading.default\">\n\t\t\t\t<div class=\"elementor-widget-container\">\n\t\t\t\t\t<h2 class=\"elementor-heading-title elementor-size-default\">Hogyan lehet v\u00e1s\u00e1rolni egy El\u0151re Fizetett Licencet?<\/h2>\t\t\t\t<\/div>\n\t\t\t\t<\/div>\n\t\t\t\t<div class=\"elementor-element elementor-element-26ed21e elementor-widget elementor-widget-text-editor\" data-id=\"26ed21e\" data-element_type=\"widget\" data-e-type=\"widget\" data-widget_type=\"text-editor.default\">\n\t\t\t\t<div class=\"elementor-widget-container\">\n\t\t\t\t\t\t\t\t\tA Pre-Paid Licenc v\u00e1s\u00e1rl\u00e1sa mind\u00f6ssze h\u00e1rom egyszer\u0171 l\u00e9p\u00e9st ig\u00e9nyel. V\u00e1lassza ki a licenc t\u00edpus\u00e1t, fogadja el szab\u00e1lyzatunkat. A harmadik l\u00e9p\u00e9s egy el\u0151re kiadott proforma sz\u00e1mla kifizet\u00e9se a licenc\u00e9rt. A befizet\u00e9s ut\u00e1n sz\u00e1ml\u00e1t \u00e9s egy\u00e9ni k\u00f3dot fog kapni, amellyel a Jelent\u00e9sek\u00e9rt tud fizetni. Tov\u00e1bbi inform\u00e1ci\u00f3t a Pre-Paid Licenc Szab\u00e1lyzat oldal\u00e1n olvashat.    \t\t\t\t\t\t\t\t<\/div>\n\t\t\t\t<\/div>\n\t\t<div class=\"elementor-element elementor-element-706e928 e-grid e-con-full e-con e-child\" data-id=\"706e928\" data-element_type=\"container\" data-e-type=\"container\">\n\t\t\t\t<div class=\"elementor-element elementor-element-ae93091 elementor-position-top elementor-widget elementor-widget-image-box\" data-id=\"ae93091\" data-element_type=\"widget\" data-e-type=\"widget\" data-widget_type=\"image-box.default\">\n\t\t\t\t<div class=\"elementor-widget-container\">\n\t\t\t\t\t<div class=\"elementor-image-box-wrapper\"><figure class=\"elementor-image-box-img\"><img decoding=\"async\" width=\"299\" height=\"209\" src=\"https:\/\/www.vin-info.com\/wp-content\/uploads\/2024\/07\/ico-buy-step-1.svg\" class=\"attachment-full size-full wp-image-2605\" alt=\"\" \/><\/figure><div class=\"elementor-image-box-content\"><h3 class=\"elementor-image-box-title\">1. l\u00e9p\u00e9s<\/h3><p class=\"elementor-image-box-description\">V\u00e1lasszon egy licencet, \u00e9s t\u00f6ltse ki a formanyomtatv\u00e1nyt.<\/p><\/div><\/div>\t\t\t\t<\/div>\n\t\t\t\t<\/div>\n\t\t\t\t<div class=\"elementor-element elementor-element-67b50cf elementor-position-top elementor-widget elementor-widget-image-box\" data-id=\"67b50cf\" data-element_type=\"widget\" data-e-type=\"widget\" data-widget_type=\"image-box.default\">\n\t\t\t\t<div class=\"elementor-widget-container\">\n\t\t\t\t\t<div class=\"elementor-image-box-wrapper\"><figure class=\"elementor-image-box-img\"><img decoding=\"async\" width=\"299\" height=\"209\" src=\"https:\/\/www.vin-info.com\/wp-content\/uploads\/2024\/07\/ico-buy-step-2.svg\" class=\"attachment-full size-full wp-image-2606\" alt=\"\" \/><\/figure><div class=\"elementor-image-box-content\"><h3 class=\"elementor-image-box-title\">2. l\u00e9p\u00e9s<\/h3><p class=\"elementor-image-box-description\">Fizesse ki a kapott pro forma sz\u00e1ml\u00e1t<\/p><\/div><\/div>\t\t\t\t<\/div>\n\t\t\t\t<\/div>\n\t\t\t\t<div class=\"elementor-element elementor-element-e715f38 elementor-position-top elementor-widget elementor-widget-image-box\" data-id=\"e715f38\" data-element_type=\"widget\" data-e-type=\"widget\" data-widget_type=\"image-box.default\">\n\t\t\t\t<div class=\"elementor-widget-container\">\n\t\t\t\t\t<div class=\"elementor-image-box-wrapper\"><figure class=\"elementor-image-box-img\"><img loading=\"lazy\" decoding=\"async\" width=\"299\" height=\"209\" src=\"https:\/\/www.vin-info.com\/wp-content\/uploads\/2024\/07\/ico-buy-step-3.svg\" class=\"attachment-full size-full wp-image-2607\" alt=\"\" \/><\/figure><div class=\"elementor-image-box-content\"><h3 class=\"elementor-image-box-title\">3. l\u00e9p\u00e9s<\/h3><p class=\"elementor-image-box-description\">Szerezd meg az egyedi k\u00f3dodat<\/p><\/div><\/div>\t\t\t\t<\/div>\n\t\t\t\t<\/div>\n\t\t\t\t<\/div>\n\t\t\t\t<div class=\"elementor-element elementor-element-6abf509 elementor-position-right elementor-vertical-align-middle elementor-widget elementor-widget-image-box\" data-id=\"6abf509\" data-element_type=\"widget\" data-e-type=\"widget\" data-widget_type=\"image-box.default\">\n\t\t\t\t<div class=\"elementor-widget-container\">\n\t\t\t\t\t<div class=\"elementor-image-box-wrapper\"><figure class=\"elementor-image-box-img\"><img loading=\"lazy\" decoding=\"async\" width=\"163\" height=\"143\" src=\"https:\/\/www.vin-info.com\/wp-content\/uploads\/2024\/07\/ico-licence-monitor.svg\" class=\"attachment-full size-full wp-image-2610\" alt=\"\" \/><\/figure><div class=\"elementor-image-box-content\"><p class=\"elementor-image-box-description\">A Pre-Paid enged\u00e9ly lehet\u0151v\u00e9 teszi a jelent\u00e9sek let\u00f6lt\u00e9s\u00e9t an\u00e9lk\u00fcl, hogy minden alkalommal online kellene fizetni. A haszn\u00e1lati id\u0151tartamot \u00e9s az enged\u00e9ly \u00e9rt\u00e9k\u00e9t a felhaszn\u00e1l\u00f3 v\u00e1lasztja meg. <\/p><\/div><\/div>\t\t\t\t<\/div>\n\t\t\t\t<\/div>\n\t\t\t\t<div class=\"elementor-element elementor-element-f9a6160 elementor-widget-divider--view-line elementor-widget elementor-widget-divider\" data-id=\"f9a6160\" data-element_type=\"widget\" data-e-type=\"widget\" data-widget_type=\"divider.default\">\n\t\t\t\t<div class=\"elementor-widget-container\">\n\t\t\t\t\t\t\t<div class=\"elementor-divider\">\n\t\t\t<span class=\"elementor-divider-separator\">\n\t\t\t\t\t\t<\/span>\n\t\t<\/div>\n\t\t\t\t\t\t<\/div>\n\t\t\t\t<\/div>\n\t\t\t\t\t<\/div>\n\t\t\t\t<\/div>\n\t\t<div class=\"elementor-element elementor-element-17e5e5e e-flex e-con-boxed e-con e-parent\" data-id=\"17e5e5e\" data-element_type=\"container\" data-e-type=\"container\">\n\t\t\t\t\t<div class=\"e-con-inner\">\n\t\t\t\t<div class=\"elementor-element elementor-element-16f1d2c elementor-widget elementor-widget-heading\" data-id=\"16f1d2c\" data-element_type=\"widget\" data-e-type=\"widget\" data-widget_type=\"heading.default\">\n\t\t\t\t<div class=\"elementor-widget-container\">\n\t\t\t\t\t<h2 class=\"elementor-heading-title elementor-size-default\">Hogyan haszn\u00e1ljuk a Pre-Paid Licencet?<\/h2>\t\t\t\t<\/div>\n\t\t\t\t<\/div>\n\t\t\t\t<div class=\"elementor-element elementor-element-8b2ba3f elementor-widget elementor-widget-text-editor\" data-id=\"8b2ba3f\" data-element_type=\"widget\" data-e-type=\"widget\" data-widget_type=\"text-editor.default\">\n\t\t\t\t<div class=\"elementor-widget-container\">\n\t\t\t\t\t\t\t\t\t<p>A licenc haszn\u00e1lata nagyon egyszer\u0171, \u00e9s sokkal k\u00e9nyelmesebb, mint a hagyom\u00e1nyos v\u00e1s\u00e1rl\u00e1si forma. Csak a VIN sz\u00e1m\u00e1ra \u00e9s egy \u00e9rv\u00e9nyes Licenck\u00f3dra van sz\u00fcks\u00e9ge, hogy gyors \u00e9s k\u00e9nyelmes m\u00f3don let\u00f6lthessen b\u00e1rmilyen jelent\u00e9st a weboldalunkr\u00f3l. <\/p>\t\t\t\t\t\t\t\t<\/div>\n\t\t\t\t<\/div>\n\t\t<div class=\"elementor-element elementor-element-d95aaba e-grid e-con-full e-con e-child\" data-id=\"d95aaba\" data-element_type=\"container\" data-e-type=\"container\">\n\t\t\t\t<div class=\"elementor-element elementor-element-51d19f5 elementor-position-top elementor-widget elementor-widget-image-box\" data-id=\"51d19f5\" data-element_type=\"widget\" data-e-type=\"widget\" data-widget_type=\"image-box.default\">\n\t\t\t\t<div class=\"elementor-widget-container\">\n\t\t\t\t\t<div class=\"elementor-image-box-wrapper\"><figure class=\"elementor-image-box-img\"><img loading=\"lazy\" decoding=\"async\" width=\"360\" height=\"240\" src=\"https:\/\/www.vin-info.com\/wp-content\/uploads\/2024\/07\/ico-enter-vin.svg\" class=\"attachment-full size-full wp-image-2609\" alt=\"\" \/><\/figure><div class=\"elementor-image-box-content\"><p class=\"elementor-image-box-description\"><b>Adja meg a VIN<\/b> sz\u00e1m\u00e1t, \u00e9s v\u00e1rjon a ingyenes VIN ellen\u0151rz\u00e9s eredm\u00e9ny\u00e9re.<\/p><\/div><\/div>\t\t\t\t<\/div>\n\t\t\t\t<\/div>\n\t\t\t\t<div class=\"elementor-element elementor-element-0327244 elementor-position-top elementor-widget elementor-widget-image-box\" data-id=\"0327244\" data-element_type=\"widget\" data-e-type=\"widget\" data-widget_type=\"image-box.default\">\n\t\t\t\t<div class=\"elementor-widget-container\">\n\t\t\t\t\t<div class=\"elementor-image-box-wrapper\"><figure class=\"elementor-image-box-img\"><img loading=\"lazy\" decoding=\"async\" width=\"360\" height=\"240\" src=\"https:\/\/www.vin-info.com\/wp-content\/uploads\/2024\/07\/ico-select-report.svg\" class=\"attachment-full size-full wp-image-2612\" alt=\"\" \/><\/figure><div class=\"elementor-image-box-content\"><p class=\"elementor-image-box-description\">Fizesse be a jelent\u00e9seket az egyedi el\u0151re fizetett k\u00f3dj\u00e1val.<\/p><\/div><\/div>\t\t\t\t<\/div>\n\t\t\t\t<\/div>\n\t\t\t\t<div class=\"elementor-element elementor-element-67cac8a elementor-position-top elementor-widget elementor-widget-image-box\" data-id=\"67cac8a\" data-element_type=\"widget\" data-e-type=\"widget\" data-widget_type=\"image-box.default\">\n\t\t\t\t<div class=\"elementor-widget-container\">\n\t\t\t\t\t<div class=\"elementor-image-box-wrapper\"><figure class=\"elementor-image-box-img\"><img loading=\"lazy\" decoding=\"async\" width=\"360\" height=\"240\" src=\"https:\/\/www.vin-info.com\/wp-content\/uploads\/2024\/07\/ico-enter-licence-01.svg\" class=\"attachment-full size-full wp-image-2608\" alt=\"\" \/><\/figure><div class=\"elementor-image-box-content\"><p class=\"elementor-image-box-description\">A <b>VIN<\/b> Jelent\u00e9s d\u00edj\u00e1t a K\u00f3dodb\u00f3l vonj\u00e1k le.<\/p><\/div><\/div>\t\t\t\t<\/div>\n\t\t\t\t<\/div>\n\t\t\t\t<div class=\"elementor-element elementor-element-de8dc63 elementor-position-top elementor-widget elementor-widget-image-box\" data-id=\"de8dc63\" data-element_type=\"widget\" data-e-type=\"widget\" data-widget_type=\"image-box.default\">\n\t\t\t\t<div class=\"elementor-widget-container\">\n\t\t\t\t\t<div class=\"elementor-image-box-wrapper\"><figure class=\"elementor-image-box-img\"><img loading=\"lazy\" decoding=\"async\" width=\"248\" height=\"265\" src=\"https:\/\/www.vin-info.com\/wp-content\/uploads\/2024\/07\/ico-report.svg\" class=\"attachment-full size-full wp-image-2611\" alt=\"\" \/><\/figure><div class=\"elementor-image-box-content\"><p class=\"elementor-image-box-description\"><b>VIN Jelent\u00e9s Gener\u00e1l\u00e1sa<\/b><\/p><\/div><\/div>\t\t\t\t<\/div>\n\t\t\t\t<\/div>\n\t\t\t\t<\/div>\n\t\t\t\t<div class=\"elementor-element elementor-element-b899cb1 elementor-position-right elementor-vertical-align-middle elementor-widget elementor-widget-image-box\" data-id=\"b899cb1\" data-element_type=\"widget\" data-e-type=\"widget\" data-widget_type=\"image-box.default\">\n\t\t\t\t<div class=\"elementor-widget-container\">\n\t\t\t\t\t<div class=\"elementor-image-box-wrapper\"><figure class=\"elementor-image-box-img\"><img loading=\"lazy\" decoding=\"async\" width=\"1583\" height=\"602\" src=\"https:\/\/www.vin-info.com\/wp-content\/uploads\/2024\/07\/ico-licence-buying-process.svg\" class=\"attachment-full size-full wp-image-2613\" alt=\"\" \/><\/figure><div class=\"elementor-image-box-content\"><p class=\"elementor-image-box-description\">A felt\u00f6lt\u00f6tt felhaszn\u00e1l\u00f3i fi\u00f3k lehet\u0151v\u00e9 teszi, hogy a VIN jelent\u00e9seket let\u00f6ltsd an\u00e9lk\u00fcl, hogy minden alkalommal online kellene fizetned. Te v\u00e1lasztod meg, mennyi ideig \u00e9rv\u00e9nyes a licenc \u00e9s mennyi p\u00e9nzt haszn\u00e1lsz v\u00e1s\u00e1rl\u00e1skor. <\/p><\/div><\/div>\t\t\t\t<\/div>\n\t\t\t\t<\/div>\n\t\t\t\t<div class=\"elementor-element elementor-element-ebee040 elementor-align-center elementor-widget elementor-widget-button\" data-id=\"ebee040\" data-element_type=\"widget\" data-e-type=\"widget\" id=\"prepaid-buy\" data-widget_type=\"button.default\">\n\t\t\t\t<div class=\"elementor-widget-container\">\n\t\t\t\t\t\t\t\t\t<div class=\"elementor-button-wrapper\">\n\t\t\t\t\t<a class=\"elementor-button elementor-button-link elementor-size-sm\" href=\"\/hu\/page\/order-new-license\" id=\"btn-pp-order\">\n\t\t\t\t\t\t<span class=\"elementor-button-content-wrapper\">\n\t\t\t\t\t\t\t\t\t<span class=\"elementor-button-text\">Rendelje meg az El\u0151re Fizetettet<\/span>\n\t\t\t\t\t<\/span>\n\t\t\t\t\t<\/a>\n\t\t\t\t<\/div>\n\t\t\t\t\t\t\t\t<\/div>\n\t\t\t\t<\/div>\n\t\t\t\t\t<\/div>\n\t\t\t\t<\/div>\n\t\t\t\t<\/div>\n\t\t","protected":false},"excerpt":{"rendered":"<p>K\u00e9sz\u00edtett\u00fcnk egy k\u00fcl\u00f6nleges el\u0151re fizetett licenc aj\u00e1nlatot rendszeres \u00fcgyfeleink sz\u00e1m\u00e1ra, amely lehet\u0151v\u00e9 teszi, hogy \u00d6n vagy alkalmazottai k\u00e9nyelmesen \u00e9s gyorsan let\u00f6lthess\u00e9k a J\u00e1rm\u0171t\u00f6rt\u00e9neti Jelent\u00e9seket.<\/p>\n","protected":false},"author":2,"featured_media":0,"parent":0,"menu_order":0,"comment_status":"closed","ping_status":"closed","template":"","meta":{"inline_featured_image":false,"footnotes":""},"class_list":["post-2603","page","type-page","status-publish","hentry"],"_links":{"self":[{"href":"https:\/\/www.vin-info.com\/hu\/wp-json\/wp\/v2\/pages\/2603","targetHints":{"allow":["GET"]}}],"collection":[{"href":"https:\/\/www.vin-info.com\/hu\/wp-json\/wp\/v2\/pages"}],"about":[{"href":"https:\/\/www.vin-info.com\/hu\/wp-json\/wp\/v2\/types\/page"}],"author":[{"embeddable":true,"href":"https:\/\/www.vin-info.com\/hu\/wp-json\/wp\/v2\/users\/2"}],"replies":[{"embeddable":true,"href":"https:\/\/www.vin-info.com\/hu\/wp-json\/wp\/v2\/comments?post=2603"}],"version-history":[{"count":7,"href":"https:\/\/www.vin-info.com\/hu\/wp-json\/wp\/v2\/pages\/2603\/revisions"}],"predecessor-version":[{"id":5212,"href":"https:\/\/www.vin-info.com\/hu\/wp-json\/wp\/v2\/pages\/2603\/revisions\/5212"}],"wp:attachment":[{"href":"https:\/\/www.vin-info.com\/hu\/wp-json\/wp\/v2\/media?parent=2603"}],"curies":[{"name":"wp","href":"https:\/\/api.w.org\/{rel}","templated":true}]}}