{"id":2536,"date":"2024-08-19T14:20:51","date_gmt":"2024-08-19T12:20:51","guid":{"rendered":"https:\/\/www.vin-info.com\/hogyan-kerheto-le-a-jarmutorteneti-jelentes\/"},"modified":"2024-09-06T15:11:20","modified_gmt":"2024-09-06T13:11:20","slug":"hogyan-kerheto-le-a-jarmutorteneti-jelentes","status":"publish","type":"page","link":"https:\/\/www.vin-info.com\/hu\/hogyan-kerheto-le-a-jarmutorteneti-jelentes\/","title":{"rendered":"Hogyan k\u00e9rhet\u0151 le a J\u00e1rm\u0171t\u00f6rt\u00e9neti Jelent\u00e9s?"},"content":{"rendered":"\t\t<div data-elementor-type=\"wp-page\" data-elementor-id=\"2536\" class=\"elementor elementor-2536 elementor-77\" data-elementor-post-type=\"page\">\n\t\t\t\t<div class=\"elementor-element elementor-element-34f7aea e-flex e-con-boxed e-con e-parent\" data-id=\"34f7aea\" data-element_type=\"container\" data-e-type=\"container\">\n\t\t\t\t\t<div class=\"e-con-inner\">\n\t\t\t\t<div class=\"elementor-element elementor-element-791dfaf elementor-position-right elementor-position-right elementor-vertical-align-top elementor-vertical-align-top elementor-widget elementor-widget-image-box\" data-id=\"791dfaf\" data-element_type=\"widget\" data-e-type=\"widget\" data-widget_type=\"image-box.default\">\n\t\t\t\t<div class=\"elementor-widget-container\">\n\t\t\t\t\t<div class=\"elementor-image-box-wrapper\"><figure class=\"elementor-image-box-img\"><img fetchpriority=\"high\" decoding=\"async\" width=\"768\" height=\"444\" src=\"https:\/\/www.vin-info.com\/wp-content\/uploads\/2024\/07\/vi-free-vin-check.svg\" class=\"attachment-medium_large size-medium_large wp-image-2538\" alt=\"\" \/><\/figure><div class=\"elementor-image-box-content\"><h3 class=\"elementor-image-box-title\">\u00cdrd be a VIN-t<\/h3><p class=\"elementor-image-box-description\">Az els\u0151 l\u00e9p\u00e9sben \u00edrja be a 17 jegy\u0171 VIN-t a kezd\u0151lap s\u00e1rga ter\u00fclet\u00e9re, vagy a kisebb s\u00e1rga mez\u0151kre, amelyek minden oldalon el\u00e9rhet\u0151ek. <br>Ezut\u00e1n kattintson a \"Check\" gombra.  <br><br><i> A J\u00e1rm\u0171 Azonos\u00edt\u00f3 Sz\u00e1m (VIN) egy egyedi k\u00f3d, amelyet minden j\u00e1rm\u0171h\u00f6z hozz\u00e1rendelnek, amikor azt gy\u00e1rtj\u00e1k. <br>A 17 karakterb\u0151l (mind sz\u00e1mjegyekb\u0151l, mind nagybet\u0171kb\u0151l) \u00e1ll\u00f3 VIN kulcsfontoss\u00e1g\u00fa inform\u00e1ci\u00f3kat szolg\u00e1ltat a j\u00e1rm\u0171r\u0151l, bele\u00e9rtve a sz\u00e1rmaz\u00e1si orsz\u00e1got, a gy\u00e1rt\u00f3t, a j\u00e1rm\u0171 t\u00edpus\u00e1t \u00e9s a modell \u00e9vet. <br>Ez a sz\u00e1m elengedhetetlen a j\u00e1rm\u0171 nyilv\u00e1ntart\u00e1s\u00e1hoz, biztos\u00edt\u00e1s\u00e1hoz \u00e9s a t\u00f6rt\u00e9neti jelent\u00e9sekhez, seg\u00edtve a j\u00e1rm\u0171 azonos\u00edt\u00e1s\u00e1t \u00e9s nyomon k\u00f6vet\u00e9s\u00e9t annak \u00e9lettartama alatt. <br>A VIN \u00e1ltal\u00e1ban a m\u0171szerfalon, a vezet\u0151oldali ajt\u00f3n vagy a j\u00e1rm\u0171 dokumentumaiban tal\u00e1lhat\u00f3.   <\/i><\/p><\/div><\/div>\t\t\t\t<\/div>\n\t\t\t\t<\/div>\n\t\t\t\t<div class=\"elementor-element elementor-element-aa5ddbd elementor-widget-divider--view-line_icon elementor-view-default elementor-widget-divider--element-align-center elementor-widget elementor-widget-divider\" data-id=\"aa5ddbd\" data-element_type=\"widget\" data-e-type=\"widget\" data-widget_type=\"divider.default\">\n\t\t\t\t<div class=\"elementor-widget-container\">\n\t\t\t\t\t\t\t<div class=\"elementor-divider\">\n\t\t\t<span class=\"elementor-divider-separator\">\n\t\t\t\t\t\t\t<div class=\"elementor-icon elementor-divider__element\">\n\t\t\t\t\t<i aria-hidden=\"true\" class=\"fas fa-chevron-down\"><\/i><\/div>\n\t\t\t\t\t\t<\/span>\n\t\t<\/div>\n\t\t\t\t\t\t<\/div>\n\t\t\t\t<\/div>\n\t\t\t\t<div class=\"elementor-element elementor-element-31ed445 elementor-position-right elementor-vertical-align-top elementor-widget elementor-widget-image-box\" data-id=\"31ed445\" data-element_type=\"widget\" data-e-type=\"widget\" data-widget_type=\"image-box.default\">\n\t\t\t\t<div class=\"elementor-widget-container\">\n\t\t\t\t\t<div class=\"elementor-image-box-wrapper\"><figure class=\"elementor-image-box-img\"><img decoding=\"async\" width=\"768\" height=\"280\" src=\"https:\/\/www.vin-info.com\/wp-content\/uploads\/2024\/07\/vi-vehicle-history-records.svg\" class=\"attachment-medium_large size-medium_large wp-image-2537\" alt=\"\" \/><\/figure><div class=\"elementor-image-box-content\"><h3 class=\"elementor-image-box-title\">Ellen\u0151rizze a jelent\u00e9s el\u00e9rhet\u0151s\u00e9g\u00e9t<\/h3><p class=\"elementor-image-box-description\">A j\u00e1rm\u0171 ingyenes dek\u00f3dol\u00e1sa egy szak\u00e9rt\u0151i rendszer alapj\u00e1n inform\u00e1ci\u00f3kat ny\u00fajt a k\u00f6vetkez\u0151kr\u0151l: a j\u00e1rm\u0171 m\u00e1rk\u00e1ja, modellje, sz\u00e1rmaz\u00e1si orsz\u00e1ga, \u00fczemanyag t\u00edpusa, karossz\u00e9ria t\u00edpusa, \u00f6sszes\u00edt\u00e9si hely, stb. <br>Ezek az inform\u00e1ci\u00f3k azonosak azokkal az inform\u00e1ci\u00f3kkal, amelyeket a jelent\u00e9sben l\u00e1that. <br>Ha az ingyenes j\u00e1rm\u0171felismer\u00e9s nem jelen\u00edt meg ezek k\u00f6z\u00fcl n\u00e9h\u00e1ny adatot, az azt jelenti, hogy ezek a jelent\u00e9sben sem fognak megjelenni.   <br><br> A J\u00e1rm\u0171 Tartalma szakasz azokat az inform\u00e1ci\u00f3kat hat\u00e1rozza meg a j\u00e1rm\u0171r\u0151l, amelyek el\u00e9rhet\u0151k az adatb\u00e1zisunkban. Ezek a k\u00f6vetkez\u0151k: gy\u00e1rt\u00e1si \u00e9v\/modell\u00e9v, futott kilom\u00e9ter, ellen\u0151rz\u00e9si el\u0151zm\u00e9nyek, lopott j\u00e1rm\u0171vek adatb\u00e1zisa, gy\u00e1rt\u00f3i hib\u00e1k, inform\u00e1ci\u00f3 a gy\u00e1rt\u00f3r\u00f3l, j\u00e1rm\u0171 f\u00e9nyk\u00e9pei \u00e9s m\u00e1sok. Csak a z\u00f6ld adat-el\u00e9rhet\u0151s\u00e9gi pipa jel\u00f6l\u00e9ssel ell\u00e1tott t\u00e9telek ker\u00fclnek kit\u00f6lt\u00e9sre a jelent\u00e9sben. A t\u00f6bbi t\u00e9telt, ha \u00fcresek vagy ha nincs nyilv\u00e1ntart\u00e1s\/adat el\u00e9rhet\u0151, ellen\u0151rizhetetlen, el\u00e9rhetetlen, nincs f\u00e9nyk\u00e9p, szint\u00e9n \u00fcresen hagyjuk a jelent\u00e9sben.    <\/p><\/div><\/div>\t\t\t\t<\/div>\n\t\t\t\t<\/div>\n\t\t\t\t<div class=\"elementor-element elementor-element-4ffd580 elementor-widget-divider--view-line_icon elementor-view-default elementor-widget-divider--element-align-center elementor-widget elementor-widget-divider\" data-id=\"4ffd580\" data-element_type=\"widget\" data-e-type=\"widget\" data-widget_type=\"divider.default\">\n\t\t\t\t<div class=\"elementor-widget-container\">\n\t\t\t\t\t\t\t<div class=\"elementor-divider\">\n\t\t\t<span class=\"elementor-divider-separator\">\n\t\t\t\t\t\t\t<div class=\"elementor-icon elementor-divider__element\">\n\t\t\t\t\t<i aria-hidden=\"true\" class=\"fas fa-chevron-down\"><\/i><\/div>\n\t\t\t\t\t\t<\/span>\n\t\t<\/div>\n\t\t\t\t\t\t<\/div>\n\t\t\t\t<\/div>\n\t\t\t\t<div class=\"elementor-element elementor-element-3eacbd3 elementor-position-right elementor-vertical-align-top elementor-widget elementor-widget-image-box\" data-id=\"3eacbd3\" data-element_type=\"widget\" data-e-type=\"widget\" data-widget_type=\"image-box.default\">\n\t\t\t\t<div class=\"elementor-widget-container\">\n\t\t\t\t\t<div class=\"elementor-image-box-wrapper\"><figure class=\"elementor-image-box-img\"><img decoding=\"async\" width=\"768\" height=\"280\" src=\"https:\/\/www.vin-info.com\/wp-content\/uploads\/2024\/07\/vi-vehicle-history-reports.svg\" class=\"attachment-medium_large size-medium_large wp-image-2539\" alt=\"\" \/><\/figure><div class=\"elementor-image-box-content\"><h3 class=\"elementor-image-box-title\">V\u00e1lassza ki a jelent\u00e9st\u00edpust<\/h3><p class=\"elementor-image-box-description\">A k\u00f6vetkez\u0151 l\u00e9p\u00e9sben \u00e1tir\u00e1ny\u00edtanak a kor\u00e1bban v\u00e1lasztott fizet\u00e9si szolg\u00e1ltat\u00e1shoz. <br>K\u00e9rj\u00fck, k\u00f6vesse a k\u00e9perny\u0151n megjelen\u0151 utas\u00edt\u00e1sokat a kifizet\u00e9s befejez\u00e9s\u00e9hez. Ha a d\u00edjmentes azonos\u00edt\u00e1s megfelel a v\u00e1rakoz\u00e1sainak, folytathatja a jelent\u00e9s megv\u00e1s\u00e1rl\u00e1s\u00e1t. <br>A folytat\u00e1shoz \u00edrja be az e-mail c\u00edm\u00e9t (lehet\u0151v\u00e9 t\u00e9ve, hogy k\u00e9s\u0151bb hozz\u00e1f\u00e9rjen a jelent\u00e9shez), v\u00e1lassza ki a megfelel\u0151 opci\u00f3kat, \u00e9s v\u00e1lassza ki a fizet\u00e9si m\u00f3dot. <br>Az opci\u00f3k kiv\u00e1laszt\u00e1sa ut\u00e1n az oldal alj\u00e1n l\u00e1thatja a fizetend\u0151 teljes \u00f6sszeget. <br>Ezut\u00e1n kattintson a <b>Megrendel\u00e9s gombra<\/b>.    <\/p><\/div><\/div>\t\t\t\t<\/div>\n\t\t\t\t<\/div>\n\t\t\t\t<div class=\"elementor-element elementor-element-c410f5f elementor-widget-divider--view-line_icon elementor-view-default elementor-widget-divider--element-align-center elementor-widget elementor-widget-divider\" data-id=\"c410f5f\" data-element_type=\"widget\" data-e-type=\"widget\" data-widget_type=\"divider.default\">\n\t\t\t\t<div class=\"elementor-widget-container\">\n\t\t\t\t\t\t\t<div class=\"elementor-divider\">\n\t\t\t<span class=\"elementor-divider-separator\">\n\t\t\t\t\t\t\t<div class=\"elementor-icon elementor-divider__element\">\n\t\t\t\t\t<i aria-hidden=\"true\" class=\"fas fa-chevron-down\"><\/i><\/div>\n\t\t\t\t\t\t<\/span>\n\t\t<\/div>\n\t\t\t\t\t\t<\/div>\n\t\t\t\t<\/div>\n\t\t\t\t<div class=\"elementor-element elementor-element-2da3196 elementor-position-right elementor-vertical-align-top elementor-widget elementor-widget-image-box\" data-id=\"2da3196\" data-element_type=\"widget\" data-e-type=\"widget\" data-widget_type=\"image-box.default\">\n\t\t\t\t<div class=\"elementor-widget-container\">\n\t\t\t\t\t<div class=\"elementor-image-box-wrapper\"><figure class=\"elementor-image-box-img\"><img loading=\"lazy\" decoding=\"async\" width=\"768\" height=\"282\" src=\"https:\/\/www.vin-info.com\/wp-content\/uploads\/2024\/07\/vi-payments-method.svg\" class=\"attachment-medium_large size-medium_large wp-image-2540\" alt=\"\" \/><\/figure><div class=\"elementor-image-box-content\"><h3 class=\"elementor-image-box-title\">Fizesse ki a jelent\u00e9st<\/h3><p class=\"elementor-image-box-description\">A v\u00e1lasztott fizet\u00e9si m\u00f3d alapj\u00e1n a fizet\u00e9si weboldalra \/ bank weboldal\u00e1ra leszel ir\u00e1ny\u00edtva. <br>Tov\u00e1bb\u00e1, a k\u00e9perny\u0151n tal\u00e1lhat\u00f3 utas\u00edt\u00e1sok szerint folytasd. <\/p><\/div><\/div>\t\t\t\t<\/div>\n\t\t\t\t<\/div>\n\t\t\t\t<div class=\"elementor-element elementor-element-f690345 elementor-widget-divider--view-line_icon elementor-view-default elementor-widget-divider--element-align-center elementor-widget elementor-widget-divider\" data-id=\"f690345\" data-element_type=\"widget\" data-e-type=\"widget\" data-widget_type=\"divider.default\">\n\t\t\t\t<div class=\"elementor-widget-container\">\n\t\t\t\t\t\t\t<div class=\"elementor-divider\">\n\t\t\t<span class=\"elementor-divider-separator\">\n\t\t\t\t\t\t\t<div class=\"elementor-icon elementor-divider__element\">\n\t\t\t\t\t<i aria-hidden=\"true\" class=\"fas fa-chevron-down\"><\/i><\/div>\n\t\t\t\t\t\t<\/span>\n\t\t<\/div>\n\t\t\t\t\t\t<\/div>\n\t\t\t\t<\/div>\n\t\t\t\t<div class=\"elementor-element elementor-element-44e0c40 elementor-position-right elementor-vertical-align-top elementor-widget elementor-widget-image-box\" data-id=\"44e0c40\" data-element_type=\"widget\" data-e-type=\"widget\" data-widget_type=\"image-box.default\">\n\t\t\t\t<div class=\"elementor-widget-container\">\n\t\t\t\t\t<div class=\"elementor-image-box-wrapper\"><figure class=\"elementor-image-box-img\"><img loading=\"lazy\" decoding=\"async\" width=\"768\" height=\"413\" src=\"https:\/\/www.vin-info.com\/wp-content\/uploads\/2024\/07\/vi-user-account-vin-list.svg\" class=\"attachment-medium_large size-medium_large wp-image-2541\" alt=\"\" \/><\/figure><div class=\"elementor-image-box-content\"><h3 class=\"elementor-image-box-title\">Megv\u00e1s\u00e1rolt jelent\u00e9s megtekint\u00e9se<\/h3><p class=\"elementor-image-box-description\">A befizet\u00e9s ut\u00e1n automatikusan bejelentkezik a weboldalra a kor\u00e1bban megadott e-mail c\u00edm haszn\u00e1lat\u00e1val, \u00e9s \u00e1tir\u00e1ny\u00edtjuk a fi\u00f3kj\u00e1hoz. Ez az oldal alapvet\u0151 inform\u00e1ci\u00f3kat tartalmaz a fi\u00f3kunkr\u00f3l \u00e9s a megv\u00e1s\u00e1rolt jelent\u00e9sek list\u00e1j\u00e1t. A jelent\u00e9sek \u00e1llapota a list\u00e1n dinamikusan friss\u00fcl. Az ikonok a fizet\u00e9si \u00e1llapotot \u00e9s a jelent\u00e9s gener\u00e1l\u00e1s\u00e1nak f\u00e1zis\u00e1t jelzik. A jelent\u00e9st a befizet\u00e9s ut\u00e1n azonnal elk\u00fcldj\u00fck, \u00e9s \u00e9rtes\u00edt\u00e9st kap a megadott e-mail c\u00edmre. A jelent\u00e9s elk\u00e9sz\u00edt\u00e9se ut\u00e1n 30 napig lesz el\u00e9rhet\u0151.      <\/p><\/div><\/div>\t\t\t\t<\/div>\n\t\t\t\t<\/div>\n\t\t\t\t\t<\/div>\n\t\t\t\t<\/div>\n\t\t\t\t<\/div>\n\t\t","protected":false},"excerpt":{"rendered":"<p>Egy j\u00e1rm\u0171 ellen\u0151rz\u00e9se nagyon egyszer\u0171, \u00e9s nem tart tov\u00e1bb 5 percn\u00e9l.<br \/>5 egyszer\u0171 l\u00e9p\u00e9st kell k\u00f6vetnie a jelent\u00e9s megszerz\u00e9s\u00e9hez. <\/p>\n","protected":false},"author":2,"featured_media":0,"parent":0,"menu_order":0,"comment_status":"closed","ping_status":"closed","template":"","meta":{"inline_featured_image":false,"footnotes":""},"class_list":["post-2536","page","type-page","status-publish","hentry"],"_links":{"self":[{"href":"https:\/\/www.vin-info.com\/hu\/wp-json\/wp\/v2\/pages\/2536","targetHints":{"allow":["GET"]}}],"collection":[{"href":"https:\/\/www.vin-info.com\/hu\/wp-json\/wp\/v2\/pages"}],"about":[{"href":"https:\/\/www.vin-info.com\/hu\/wp-json\/wp\/v2\/types\/page"}],"author":[{"embeddable":true,"href":"https:\/\/www.vin-info.com\/hu\/wp-json\/wp\/v2\/users\/2"}],"replies":[{"embeddable":true,"href":"https:\/\/www.vin-info.com\/hu\/wp-json\/wp\/v2\/comments?post=2536"}],"version-history":[{"count":7,"href":"https:\/\/www.vin-info.com\/hu\/wp-json\/wp\/v2\/pages\/2536\/revisions"}],"predecessor-version":[{"id":3823,"href":"https:\/\/www.vin-info.com\/hu\/wp-json\/wp\/v2\/pages\/2536\/revisions\/3823"}],"wp:attachment":[{"href":"https:\/\/www.vin-info.com\/hu\/wp-json\/wp\/v2\/media?parent=2536"}],"curies":[{"name":"wp","href":"https:\/\/api.w.org\/{rel}","templated":true}]}}