{"id":2512,"date":"2024-08-19T11:27:56","date_gmt":"2024-08-19T09:27:56","guid":{"rendered":"https:\/\/www.vin-info.com\/rolunk\/"},"modified":"2024-08-19T14:29:42","modified_gmt":"2024-08-19T12:29:42","slug":"rolunk","status":"publish","type":"page","link":"https:\/\/www.vin-info.com\/hu\/rolunk\/","title":{"rendered":"R\u00f3lunk"},"content":{"rendered":"\t\t<div data-elementor-type=\"wp-page\" data-elementor-id=\"2512\" class=\"elementor elementor-2512 elementor-81\" data-elementor-post-type=\"page\">\n\t\t\t\t<div class=\"elementor-element elementor-element-357b291 e-flex e-con-boxed e-con e-parent\" data-id=\"357b291\" data-element_type=\"container\" data-e-type=\"container\">\n\t\t\t\t\t<div class=\"e-con-inner\">\n\t\t\t\t<div class=\"elementor-element elementor-element-6abb2a8 elementor-widget elementor-widget-heading\" data-id=\"6abb2a8\" data-element_type=\"widget\" data-e-type=\"widget\" data-widget_type=\"heading.default\">\n\t\t\t\t<div class=\"elementor-widget-container\">\n\t\t\t\t\t<h2 class=\"elementor-heading-title elementor-size-default\">C\u00e9lunk<\/h2>\t\t\t\t<\/div>\n\t\t\t\t<\/div>\n\t\t\t\t<div class=\"elementor-element elementor-element-c5ebda5 elementor-widget elementor-widget-text-editor\" data-id=\"c5ebda5\" data-element_type=\"widget\" data-e-type=\"widget\" data-widget_type=\"text-editor.default\">\n\t\t\t\t<div class=\"elementor-widget-container\">\n\t\t\t\t\t\t\t\t\t<p>C\u00e9lunk, hogy felh\u00edvjuk a figyelmet a g\u00e9pj\u00e1rm\u0171tolvajl\u00e1s glob\u00e1lis probl\u00e9m\u00e1j\u00e1ra \u00e9s annak hat\u00e1s\u00e1ra az aut\u00f3iparra. A statisztik\u00e1k megd\u00f6bbent\u0151 val\u00f3s\u00e1got t\u00e1rnak fel: \u00e9vente k\u00f6r\u00fclbel\u00fcl 3 milli\u00f3 aut\u00f3t lopnak el vil\u00e1gszerte. \u00d6sszehasonl\u00edtva a glob\u00e1lis aut\u00f3gy\u00e1rt\u00e1s teljes mennyis\u00e9g\u00e9vel, ez a sz\u00e1m a gy\u00e1rtott \u00f6sszes aut\u00f3 k\u00f6zel 10%-\u00e1t jelenti \u00e9vente. Ez a riaszt\u00f3 ar\u00e1ny hangs\u00falyozza a g\u00e9pj\u00e1rm\u0171tolvajl\u00e1s s\u00falyoss\u00e1g\u00e1t, mint s\u00fcrget\u0151 probl\u00e9m\u00e1t.   <\/p>\n\t\t\t\t\t\t\t\t<\/div>\n\t\t\t\t<\/div>\n\t\t\t\t<div class=\"elementor-element elementor-element-5fc7e3d elementor-widget elementor-widget-text-editor\" data-id=\"5fc7e3d\" data-element_type=\"widget\" data-e-type=\"widget\" data-widget_type=\"text-editor.default\">\n\t\t\t\t<div class=\"elementor-widget-container\">\n\t\t\t\t\t\t\t\t\t<p>Ezenk\u00edv\u00fcl szeretn\u00e9nk kiemelni a tisztess\u00e9gtelen aut\u00f3keresked\u0151k probl\u00e9m\u00e1j\u00e1t, akik olyan j\u00e1rm\u0171veket \u00e1rus\u00edtanak, amelyek vesz\u00e9lyeztetik a biztons\u00e1godat. Ezek a j\u00e1rm\u0171vek gyakran s\u00falyos k\u00f6zleked\u00e9si balesetekb\u0151l vagy olyan esem\u00e9nyekb\u0151l sz\u00e1rmaznak, mint a t\u0171z vagy az \u00e1rv\u00edz, jelent\u0151s kock\u00e1zatot jelentve a gyan\u00fatlan v\u00e1s\u00e1rl\u00f3kra. <\/p>\n\t\t\t\t\t\t\t\t<\/div>\n\t\t\t\t<\/div>\n\t\t\t\t<div class=\"elementor-element elementor-element-ffe1dd0 elementor-widget elementor-widget-text-editor\" data-id=\"ffe1dd0\" data-element_type=\"widget\" data-e-type=\"widget\" data-widget_type=\"text-editor.default\">\n\t\t\t\t<div class=\"elementor-widget-container\">\n\t\t\t\t\t\t\t\t\t<p>K\u00fcldet\u00e9s\u00fcnk, hogy akt\u00edvan ellen\u00e1lljunk ezeknek az etik\u00e1tlan gyakorlatoknak, \u00e9s hozz\u00e1j\u00e1ruljunk a m\u00e1sodlagos piacon el\u00e9rhet\u0151 j\u00e1rm\u0171vek min\u0151s\u00e9g\u00e9nek jav\u00edt\u00e1s\u00e1hoz. Elk\u00f6telezettek vagyunk amellett, hogy pozit\u00edv hat\u00e1st gyakoroljunk az\u00e1ltal, hogy megb\u00edzhat\u00f3 j\u00e1rm\u0171t\u00f6rt\u00e9neti jelent\u00e9seket k\u00edn\u00e1lunk, amelyek biztos\u00edtj\u00e1k a biztons\u00e1gosabb \u00e9s \u00e1tl\u00e1that\u00f3bb tranzakci\u00f3kat. <\/p>\n\t\t\t\t\t\t\t\t<\/div>\n\t\t\t\t<\/div>\n\t\t\t\t<div class=\"elementor-element elementor-element-e8f5ee4 elementor-widget elementor-widget-heading\" data-id=\"e8f5ee4\" data-element_type=\"widget\" data-e-type=\"widget\" data-widget_type=\"heading.default\">\n\t\t\t\t<div class=\"elementor-widget-container\">\n\t\t\t\t\t<h2 class=\"elementor-heading-title elementor-size-default\">Aj\u00e1nlatunk<\/h2>\t\t\t\t<\/div>\n\t\t\t\t<\/div>\n\t\t\t\t<div class=\"elementor-element elementor-element-a44dd7a elementor-widget elementor-widget-text-editor\" data-id=\"a44dd7a\" data-element_type=\"widget\" data-e-type=\"widget\" data-widget_type=\"text-editor.default\">\n\t\t\t\t<div class=\"elementor-widget-container\">\n\t\t\t\t\t\t\t\t\t<p>Hissz\u00fck, hogy \u00e1tfog\u00f3 j\u00e1rm\u0171t\u00f6rt\u00e9neti jelent\u00e9seink kulcsfontoss\u00e1g\u00faak abban, hogy seg\u00edtsenek \u00d6nnek egy biztons\u00e1gos \u00e9s megb\u00edzhat\u00f3 j\u00e1rm\u0171 megv\u00e1s\u00e1rl\u00e1s\u00e1ban. VIN t\u00f6rt\u00e9neti jelent\u00e9seink kihaszn\u00e1l\u00e1s\u00e1val jelent\u0151sen jav\u00edthatja a piacon el\u00e9rhet\u0151 j\u00e1rm\u0171vek min\u0151s\u00e9g\u00e9t \u00e9s biztons\u00e1g\u00e1t, k\u00fcl\u00f6n\u00f6sen az Egyes\u00fclt \u00c1llamokban. <\/p>\n\t\t\t\t\t\t\t\t<\/div>\n\t\t\t\t<\/div>\n\t\t\t\t<div class=\"elementor-element elementor-element-0a2f599 elementor-widget elementor-widget-text-editor\" data-id=\"0a2f599\" data-element_type=\"widget\" data-e-type=\"widget\" data-widget_type=\"text-editor.default\">\n\t\t\t\t<div class=\"elementor-widget-container\">\n\t\t\t\t\t\t\t\t\t<p>Kulcsszerepet j\u00e1tszhatsz ebben a folyamatban. Csup\u00e1n egy j\u00e1rm\u0171t\u00f6rt\u00e9neti jelent\u00e9s megv\u00e1s\u00e1rl\u00e1s\u00e1val hozz\u00e1j\u00e1rulsz egy biztons\u00e1gosabb aut\u00f3piac kialak\u00edt\u00e1s\u00e1hoz. <\/p>\n\t\t\t\t\t\t\t\t<\/div>\n\t\t\t\t<\/div>\n\t\t\t\t<div class=\"elementor-element elementor-element-061f748 elementor-widget elementor-widget-text-editor\" data-id=\"061f748\" data-element_type=\"widget\" data-e-type=\"widget\" data-widget_type=\"text-editor.default\">\n\t\t\t\t<div class=\"elementor-widget-container\">\n\t\t\t\t\t\t\t\t\t<p>J\u00e1rm\u0171t\u00f6rt\u00e9neti jelent\u00e9seink r\u00e9szletes inform\u00e1ci\u00f3kat tartalmaznak a k\u00f6vetkez\u0151kr\u0151l:<\/p>\n\t\t\t\t\t\t\t\t<\/div>\n\t\t\t\t<\/div>\n\t\t\t\t<div class=\"elementor-element elementor-element-fa9c7ee elementor-icon-list--layout-traditional elementor-list-item-link-full_width elementor-widget elementor-widget-icon-list\" data-id=\"fa9c7ee\" data-element_type=\"widget\" data-e-type=\"widget\" data-widget_type=\"icon-list.default\">\n\t\t\t\t<div class=\"elementor-widget-container\">\n\t\t\t\t\t\t\t<ul class=\"elementor-icon-list-items\">\n\t\t\t\t\t\t\t<li class=\"elementor-icon-list-item\">\n\t\t\t\t\t\t\t\t\t\t\t<span class=\"elementor-icon-list-icon\">\n\t\t\t\t\t\t\t<i aria-hidden=\"true\" class=\"fas fa-check\"><\/i>\t\t\t\t\t\t<\/span>\n\t\t\t\t\t\t\t\t\t\t<span class=\"elementor-icon-list-text\"><b>C\u00edminform\u00e1ci\u00f3:<\/b> Bele\u00e9rtve a mentett vagy selejtezett c\u00edmek r\u00e9szleteit.<\/span>\n\t\t\t\t\t\t\t\t\t<\/li>\n\t\t\t\t\t\t\t\t<li class=\"elementor-icon-list-item\">\n\t\t\t\t\t\t\t\t\t\t\t<span class=\"elementor-icon-list-icon\">\n\t\t\t\t\t\t\t<i aria-hidden=\"true\" class=\"fas fa-check\"><\/i>\t\t\t\t\t\t<\/span>\n\t\t\t\t\t\t\t\t\t\t<span class=\"elementor-icon-list-text\"><b>\u00c1rvizekkel kapcsolatos esem\u00e9nyek t\u00f6rt\u00e9nete:<\/b> Inform\u00e1ci\u00f3k az \u00e1rv\u00edzhez kapcsol\u00f3d\u00f3 k\u00e1rokr\u00f3l \u00e9s a mentett c\u00edmekr\u0151l.<\/span>\n\t\t\t\t\t\t\t\t\t<\/li>\n\t\t\t\t\t\t\t\t<li class=\"elementor-icon-list-item\">\n\t\t\t\t\t\t\t\t\t\t\t<span class=\"elementor-icon-list-icon\">\n\t\t\t\t\t\t\t<i aria-hidden=\"true\" class=\"fas fa-check\"><\/i>\t\t\t\t\t\t<\/span>\n\t\t\t\t\t\t\t\t\t\t<span class=\"elementor-icon-list-text\"><b>Teljes vesztes\u00e9g baleseti t\u00f6rt\u00e9nelem:<\/b> Minden olyan esem\u00e9ny nyilv\u00e1ntart\u00e1sa, amikor a j\u00e1rm\u0171vet teljes vesztes\u00e9gnek nyilv\u00e1n\u00edtott\u00e1k.<\/span>\n\t\t\t\t\t\t\t\t\t<\/li>\n\t\t\t\t\t\t\t\t<li class=\"elementor-icon-list-item\">\n\t\t\t\t\t\t\t\t\t\t\t<span class=\"elementor-icon-list-icon\">\n\t\t\t\t\t\t\t<i aria-hidden=\"true\" class=\"fas fa-check\"><\/i>\t\t\t\t\t\t<\/span>\n\t\t\t\t\t\t\t\t\t\t<span class=\"elementor-icon-list-text\"><b>Odom\u00e9ter \u00e1ll\u00e1sok:<\/b> A pontos kilom\u00e9ter\u00f3ra-\u00e1ll\u00e1s ellen\u0151rz\u00e9se.<\/span>\n\t\t\t\t\t\t\t\t\t<\/li>\n\t\t\t\t\t\t\t\t<li class=\"elementor-icon-list-item\">\n\t\t\t\t\t\t\t\t\t\t\t<span class=\"elementor-icon-list-icon\">\n\t\t\t\t\t\t\t<i aria-hidden=\"true\" class=\"fas fa-check\"><\/i>\t\t\t\t\t\t<\/span>\n\t\t\t\t\t\t\t\t\t\t<span class=\"elementor-icon-list-text\"><b>Lemon T\u00f6rt\u00e9net:<\/b> Inform\u00e1ci\u00f3 arr\u00f3l, hogy a j\u00e1rm\u0171vet citromnak min\u0151s\u00edtett\u00e9k-e.<\/span>\n\t\t\t\t\t\t\t\t\t<\/li>\n\t\t\t\t\t\t\t\t<li class=\"elementor-icon-list-item\">\n\t\t\t\t\t\t\t\t\t\t\t<span class=\"elementor-icon-list-icon\">\n\t\t\t\t\t\t\t<i aria-hidden=\"true\" class=\"fas fa-check\"><\/i>\t\t\t\t\t\t<\/span>\n\t\t\t\t\t\t\t\t\t\t<span class=\"elementor-icon-list-text\"><b>Tulajdonosok sz\u00e1ma:<\/b> A kor\u00e1bbi tulajdonosok t\u00f6rt\u00e9nete, bele\u00e9rtve azokat, akik megsemmis\u00edtett vagy le\u00edrt c\u00edmekkel rendelkeznek.<\/span>\n\t\t\t\t\t\t\t\t\t<\/li>\n\t\t\t\t\t\t\t\t<li class=\"elementor-icon-list-item\">\n\t\t\t\t\t\t\t\t\t\t\t<span class=\"elementor-icon-list-icon\">\n\t\t\t\t\t\t\t<i aria-hidden=\"true\" class=\"fas fa-check\"><\/i>\t\t\t\t\t\t<\/span>\n\t\t\t\t\t\t\t\t\t\t<span class=\"elementor-icon-list-text\"><b>Baleset jelz\u0151k:<\/b> Mint p\u00e9ld\u00e1ul l\u00e9gzs\u00e1k-kib\u0151v\u00edt\u00e9sek \u00e9s m\u00e1s kritikus biztons\u00e1gi incidensek.<\/span>\n\t\t\t\t\t\t\t\t\t<\/li>\n\t\t\t\t\t\t\t\t<li class=\"elementor-icon-list-item\">\n\t\t\t\t\t\t\t\t\t\t\t<span class=\"elementor-icon-list-icon\">\n\t\t\t\t\t\t\t<i aria-hidden=\"true\" class=\"fas fa-check\"><\/i>\t\t\t\t\t\t<\/span>\n\t\t\t\t\t\t\t\t\t\t<span class=\"elementor-icon-list-text\"><b>\u00c1llami Kibocs\u00e1t\u00e1si Ellen\u0151rz\u00e9si Eredm\u00e9nyek: <\/b>\u00c1llami kibocs\u00e1t\u00e1si tesztek \u00e9s azok eredm\u00e9nyeinek nyilv\u00e1ntart\u00e1sa.<\/span>\n\t\t\t\t\t\t\t\t\t<\/li>\n\t\t\t\t\t\t\t\t<li class=\"elementor-icon-list-item\">\n\t\t\t\t\t\t\t\t\t\t\t<span class=\"elementor-icon-list-icon\">\n\t\t\t\t\t\t\t<i aria-hidden=\"true\" class=\"fas fa-check\"><\/i>\t\t\t\t\t\t<\/span>\n\t\t\t\t\t\t\t\t\t\t<span class=\"elementor-icon-list-text\"><b>Szervizjelent\u00e9sek:<\/b> R\u00e9szletes szerviz- \u00e9s karbantart\u00e1si t\u00f6rt\u00e9nelem.<\/span>\n\t\t\t\t\t\t\t\t\t<\/li>\n\t\t\t\t\t\t\t\t<li class=\"elementor-icon-list-item\">\n\t\t\t\t\t\t\t\t\t\t\t<span class=\"elementor-icon-list-icon\">\n\t\t\t\t\t\t\t<i aria-hidden=\"true\" class=\"fas fa-check\"><\/i>\t\t\t\t\t\t<\/span>\n\t\t\t\t\t\t\t\t\t\t<span class=\"elementor-icon-list-text\"><b>J\u00e1rm\u0171haszn\u00e1lat<\/b>: Inform\u00e1ci\u00f3 a j\u00e1rm\u0171 kor\u00e1bbi haszn\u00e1lat\u00e1r\u00f3l, p\u00e9ld\u00e1ul taxi, b\u00e9rl\u00e9s vagy l\u00edzing.<\/span>\n\t\t\t\t\t\t\t\t\t<\/li>\n\t\t\t\t\t\t<\/ul>\n\t\t\t\t\t\t<\/div>\n\t\t\t\t<\/div>\n\t\t\t\t<div class=\"elementor-element elementor-element-9c1bdd1 elementor-widget elementor-widget-heading\" data-id=\"9c1bdd1\" data-element_type=\"widget\" data-e-type=\"widget\" data-widget_type=\"heading.default\">\n\t\t\t\t<div class=\"elementor-widget-container\">\n\t\t\t\t\t<h2 class=\"elementor-heading-title elementor-size-default\">A probl\u00e9ma elemz\u00e9se<\/h2>\t\t\t\t<\/div>\n\t\t\t\t<\/div>\n\t\t\t\t<div class=\"elementor-element elementor-element-ea7cc37 elementor-widget elementor-widget-text-editor\" data-id=\"ea7cc37\" data-element_type=\"widget\" data-e-type=\"widget\" data-widget_type=\"text-editor.default\">\n\t\t\t\t<div class=\"elementor-widget-container\">\n\t\t\t\t\t\t\t\t\t<p>A g\u00e9pkocsi lop\u00e1s dinamik\u00e1j\u00e1nak jobb meg\u00e9rt\u00e9se \u00e9rdek\u00e9ben gazdas\u00e1gi elveket alkalmazunk, k\u00fcl\u00f6n\u00f6sen a &#8222;kereslet \u00e9s k\u00edn\u00e1lat egyens\u00faly\u00e1t&#8221;. A lopott aut\u00f3kat mint \u00e1rucikket vizsg\u00e1lva a piaci forgalomban, azt c\u00e9lozzuk meg, hogy azonos\u00edtsuk azokat a t\u00e9nyez\u0151ket, amelyek ezt a jelens\u00e9get vez\u00e9rlik. Ez az elemz\u00e9s seg\u00edt nek\u00fcnk hat\u00e9konyabb strat\u00e9gi\u00e1k javaslat\u00e1ban a g\u00e9pkocsi lop\u00e1s ellen, valamint a j\u00e1rm\u0171vek \u00e1ltal\u00e1nos biztons\u00e1g\u00e1nak \u00e9s min\u0151s\u00e9g\u00e9nek jav\u00edt\u00e1s\u00e1ban.  <\/p>\n\t\t\t\t\t\t\t\t<\/div>\n\t\t\t\t<\/div>\n\t\t\t\t<div class=\"elementor-element elementor-element-f4b67f3 elementor-widget elementor-widget-text-editor\" data-id=\"f4b67f3\" data-element_type=\"widget\" data-e-type=\"widget\" data-widget_type=\"text-editor.default\">\n\t\t\t\t<div class=\"elementor-widget-container\">\n\t\t\t\t\t\t\t\t\t<p>Egy\u00fctt v\u00e1ltoz\u00e1st hozhatunk. Csatlakozzon hozz\u00e1nk, hogy biztons\u00e1gosabb \u00e9s \u00e1tl\u00e1that\u00f3bb aut\u00f3piacot hozzunk l\u00e9tre megb\u00edzhat\u00f3 j\u00e1rm\u0171t\u00f6rt\u00e9neti jelent\u00e9seink felhaszn\u00e1l\u00e1s\u00e1val. <\/p>\n\t\t\t\t\t\t\t\t<\/div>\n\t\t\t\t<\/div>\n\t\t\t\t\t<\/div>\n\t\t\t\t<\/div>\n\t\t\t\t<\/div>\n\t\t","protected":false},"excerpt":{"rendered":"<p>C\u00e9lunk C\u00e9lunk, hogy felh\u00edvjuk a figyelmet a g\u00e9pj\u00e1rm\u0171tolvajl\u00e1s glob\u00e1lis probl\u00e9m\u00e1j\u00e1ra \u00e9s annak hat\u00e1s\u00e1ra az aut\u00f3iparra. A statisztik\u00e1k megd\u00f6bbent\u0151 val\u00f3s\u00e1got t\u00e1rnak fel: \u00e9vente k\u00f6r\u00fclbel\u00fcl 3 milli\u00f3 aut\u00f3t lopnak el vil\u00e1gszerte. \u00d6sszehasonl\u00edtva a glob\u00e1lis aut\u00f3gy\u00e1rt\u00e1s teljes mennyis\u00e9g\u00e9vel, ez a sz\u00e1m a gy\u00e1rtott \u00f6sszes aut\u00f3 k\u00f6zel 10%-\u00e1t jelenti \u00e9vente. Ez a riaszt\u00f3 ar\u00e1ny hangs\u00falyozza a g\u00e9pj\u00e1rm\u0171tolvajl\u00e1s s\u00falyoss\u00e1g\u00e1t, mint [&hellip;]<\/p>\n","protected":false},"author":2,"featured_media":0,"parent":0,"menu_order":0,"comment_status":"closed","ping_status":"closed","template":"","meta":{"inline_featured_image":false,"footnotes":""},"class_list":["post-2512","page","type-page","status-publish","hentry"],"_links":{"self":[{"href":"https:\/\/www.vin-info.com\/hu\/wp-json\/wp\/v2\/pages\/2512","targetHints":{"allow":["GET"]}}],"collection":[{"href":"https:\/\/www.vin-info.com\/hu\/wp-json\/wp\/v2\/pages"}],"about":[{"href":"https:\/\/www.vin-info.com\/hu\/wp-json\/wp\/v2\/types\/page"}],"author":[{"embeddable":true,"href":"https:\/\/www.vin-info.com\/hu\/wp-json\/wp\/v2\/users\/2"}],"replies":[{"embeddable":true,"href":"https:\/\/www.vin-info.com\/hu\/wp-json\/wp\/v2\/comments?post=2512"}],"version-history":[{"count":5,"href":"https:\/\/www.vin-info.com\/hu\/wp-json\/wp\/v2\/pages\/2512\/revisions"}],"predecessor-version":[{"id":2546,"href":"https:\/\/www.vin-info.com\/hu\/wp-json\/wp\/v2\/pages\/2512\/revisions\/2546"}],"wp:attachment":[{"href":"https:\/\/www.vin-info.com\/hu\/wp-json\/wp\/v2\/media?parent=2512"}],"curies":[{"name":"wp","href":"https:\/\/api.w.org\/{rel}","templated":true}]}}