{"id":1780,"date":"2024-08-12T11:57:29","date_gmt":"2024-08-12T09:57:29","guid":{"rendered":"https:\/\/www.vin-info.com\/quoi-de-neuf\/"},"modified":"2024-09-04T13:47:10","modified_gmt":"2024-09-04T11:47:10","slug":"quoi-de-neuf","status":"publish","type":"page","link":"https:\/\/www.vin-info.com\/fr\/quoi-de-neuf\/","title":{"rendered":"Quoi de neuf"},"content":{"rendered":"\t\t<div data-elementor-type=\"wp-page\" data-elementor-id=\"1780\" class=\"elementor elementor-1780 elementor-70\" data-elementor-post-type=\"page\">\n\t\t\t\t<div class=\"elementor-element elementor-element-cff0ae2 e-flex e-con-boxed e-con e-parent\" data-id=\"cff0ae2\" data-element_type=\"container\" data-e-type=\"container\">\n\t\t\t\t\t<div class=\"e-con-inner\">\n\t\t\t\t<div class=\"elementor-element elementor-element-8902441 elementor-grid-3 elementor-grid-tablet-2 elementor-grid-mobile-1 elementor-posts--thumbnail-top elementor-card-shadow-yes elementor-posts__hover-gradient elementor-widget elementor-widget-posts\" data-id=\"8902441\" data-element_type=\"widget\" data-e-type=\"widget\" data-settings=\"{&quot;pagination_type&quot;:&quot;numbers_and_prev_next&quot;,&quot;cards_row_gap&quot;:{&quot;unit&quot;:&quot;px&quot;,&quot;size&quot;:25,&quot;sizes&quot;:[]},&quot;cards_columns&quot;:&quot;3&quot;,&quot;cards_columns_tablet&quot;:&quot;2&quot;,&quot;cards_columns_mobile&quot;:&quot;1&quot;,&quot;cards_row_gap_tablet&quot;:{&quot;unit&quot;:&quot;px&quot;,&quot;size&quot;:&quot;&quot;,&quot;sizes&quot;:[]},&quot;cards_row_gap_mobile&quot;:{&quot;unit&quot;:&quot;px&quot;,&quot;size&quot;:&quot;&quot;,&quot;sizes&quot;:[]}}\" data-widget_type=\"posts.cards\">\n\t\t\t\t<div class=\"elementor-widget-container\">\n\t\t\t\t\t\t\t<div class=\"elementor-posts-container elementor-posts elementor-posts--skin-cards elementor-grid\" role=\"list\">\n\t\t\t\t<article class=\"elementor-post elementor-grid-item post-3528 post type-post status-publish format-standard has-post-thumbnail hentry category-news-fr tag-safetyvifr\" role=\"listitem\">\n\t\t\t<div class=\"elementor-post__card\">\n\t\t\t\t<a class=\"elementor-post__thumbnail__link\" href=\"https:\/\/www.vin-info.com\/fr\/caracteristiques-de-securite-essentielles-des-voitures-exigences-legales-vs-normes-de-lindustrie\/\" tabindex=\"-1\" ><div class=\"elementor-post__thumbnail\"><img fetchpriority=\"high\" decoding=\"async\" width=\"300\" height=\"199\" src=\"https:\/\/www.vin-info.com\/wp-content\/uploads\/2024\/09\/al_qmyarvnu-300x199.jpg\" class=\"attachment-medium size-medium wp-image-3506\" alt=\"\" srcset=\"https:\/\/www.vin-info.com\/wp-content\/uploads\/2024\/09\/al_qmyarvnu-300x199.jpg 300w, https:\/\/www.vin-info.com\/wp-content\/uploads\/2024\/09\/al_qmyarvnu-1024x680.jpg 1024w, https:\/\/www.vin-info.com\/wp-content\/uploads\/2024\/09\/al_qmyarvnu-768x510.jpg 768w, https:\/\/www.vin-info.com\/wp-content\/uploads\/2024\/09\/al_qmyarvnu-1536x1020.jpg 1536w, https:\/\/www.vin-info.com\/wp-content\/uploads\/2024\/09\/al_qmyarvnu.jpg 1600w\" sizes=\"(max-width: 300px) 100vw, 300px\" \/><\/div><\/a>\n\t\t\t\t<div class=\"elementor-post__text\">\n\t\t\t\t<h3 class=\"elementor-post__title\">\n\t\t\t<a href=\"https:\/\/www.vin-info.com\/fr\/caracteristiques-de-securite-essentielles-des-voitures-exigences-legales-vs-normes-de-lindustrie\/\" >\n\t\t\t\tCaract\u00e9ristiques de s\u00e9curit\u00e9 essentielles des voitures : exigences l\u00e9gales vs. normes de l&rsquo;industrie\t\t\t<\/a>\n\t\t<\/h3>\n\t\t\t\t<div class=\"elementor-post__excerpt\">\n\t\t\t<p>Dans le paysage automobile d&rsquo;aujourd&rsquo;hui, l&rsquo;importance des caract\u00e9ristiques de s\u00e9curit\u00e9 des voitures ne peut \u00eatre sous-estim\u00e9e. Avec les avanc\u00e9es technologiques et le besoin croissant de v\u00e9hicules plus s\u00fbrs, comprendre les\t\t<\/div>\n\t\t\t\t<\/div>\n\t\t\t\t\t<\/div>\n\t\t<\/article>\n\t\t\t\t<article class=\"elementor-post elementor-grid-item post-3464 post type-post status-publish format-standard has-post-thumbnail hentry category-news-fr tag-reportukfr\" role=\"listitem\">\n\t\t\t<div class=\"elementor-post__card\">\n\t\t\t\t<a class=\"elementor-post__thumbnail__link\" href=\"https:\/\/www.vin-info.com\/fr\/comprendre-la-taxe-routiere-au-royaume-uni-un-guide-complet-sur-la-taxe-daccise-sur-les-vehicules\/\" tabindex=\"-1\" ><div class=\"elementor-post__thumbnail\"><img decoding=\"async\" width=\"300\" height=\"200\" src=\"https:\/\/www.vin-info.com\/wp-content\/uploads\/2024\/08\/bfloxcrijvq-300x200.jpg\" class=\"attachment-medium size-medium wp-image-3361\" alt=\"\" srcset=\"https:\/\/www.vin-info.com\/wp-content\/uploads\/2024\/08\/bfloxcrijvq-300x200.jpg 300w, https:\/\/www.vin-info.com\/wp-content\/uploads\/2024\/08\/bfloxcrijvq-1024x683.jpg 1024w, https:\/\/www.vin-info.com\/wp-content\/uploads\/2024\/08\/bfloxcrijvq-768x512.jpg 768w, https:\/\/www.vin-info.com\/wp-content\/uploads\/2024\/08\/bfloxcrijvq-1536x1024.jpg 1536w, https:\/\/www.vin-info.com\/wp-content\/uploads\/2024\/08\/bfloxcrijvq.jpg 1600w\" sizes=\"(max-width: 300px) 100vw, 300px\" \/><\/div><\/a>\n\t\t\t\t<div class=\"elementor-post__text\">\n\t\t\t\t<h3 class=\"elementor-post__title\">\n\t\t\t<a href=\"https:\/\/www.vin-info.com\/fr\/comprendre-la-taxe-routiere-au-royaume-uni-un-guide-complet-sur-la-taxe-daccise-sur-les-vehicules\/\" >\n\t\t\t\tComprendre la taxe routi\u00e8re au Royaume-Uni : un guide complet sur la taxe d&rsquo;accise sur les v\u00e9hicules.\t\t\t<\/a>\n\t\t<\/h3>\n\t\t\t\t<div class=\"elementor-post__excerpt\">\n\t\t\t<p>La taxe sur les v\u00e9hicules a moteur (VED), commun\u00e9ment appel\u00e9e taxe routi\u00e8re, est une taxe obligatoire pr\u00e9lev\u00e9e sur presque tous les v\u00e9hicules au Royaume-Uni. Cette taxe est un aspect essentiel\t\t<\/div>\n\t\t\t\t<\/div>\n\t\t\t\t\t<\/div>\n\t\t<\/article>\n\t\t\t\t<article class=\"elementor-post elementor-grid-item post-3462 post type-post status-publish format-standard has-post-thumbnail hentry category-news-fr tag-safetyvifr\" role=\"listitem\">\n\t\t\t<div class=\"elementor-post__card\">\n\t\t\t\t<a class=\"elementor-post__thumbnail__link\" href=\"https:\/\/www.vin-info.com\/fr\/quest-ce-que-les-rappels-de-vehicules-et-pourquoi-sont-ils-importants-pour-la-securite\/\" tabindex=\"-1\" ><div class=\"elementor-post__thumbnail\"><img decoding=\"async\" width=\"300\" height=\"200\" src=\"https:\/\/www.vin-info.com\/wp-content\/uploads\/2024\/09\/tnynxi0whxs-300x200.jpg\" class=\"attachment-medium size-medium wp-image-3663\" alt=\"\" srcset=\"https:\/\/www.vin-info.com\/wp-content\/uploads\/2024\/09\/tnynxi0whxs-300x200.jpg 300w, https:\/\/www.vin-info.com\/wp-content\/uploads\/2024\/09\/tnynxi0whxs-1024x683.jpg 1024w, https:\/\/www.vin-info.com\/wp-content\/uploads\/2024\/09\/tnynxi0whxs-768x512.jpg 768w, https:\/\/www.vin-info.com\/wp-content\/uploads\/2024\/09\/tnynxi0whxs-1536x1024.jpg 1536w, https:\/\/www.vin-info.com\/wp-content\/uploads\/2024\/09\/tnynxi0whxs.jpg 1600w\" sizes=\"(max-width: 300px) 100vw, 300px\" \/><\/div><\/a>\n\t\t\t\t<div class=\"elementor-post__text\">\n\t\t\t\t<h3 class=\"elementor-post__title\">\n\t\t\t<a href=\"https:\/\/www.vin-info.com\/fr\/quest-ce-que-les-rappels-de-vehicules-et-pourquoi-sont-ils-importants-pour-la-securite\/\" >\n\t\t\t\tQu&rsquo;est-ce que les rappels de v\u00e9hicules et pourquoi sont-ils importants pour la s\u00e9curit\u00e9 ?\t\t\t<\/a>\n\t\t<\/h3>\n\t\t\t\t<div class=\"elementor-post__excerpt\">\n\t\t\t<p>Les rappels de v\u00e9hicules jouent un r\u00f4le crucial dans la s\u00e9curit\u00e9 des consommateurs et l&rsquo;int\u00e9grit\u00e9 globale de l&rsquo;industrie automobile. Comprendre ce qui constitue un rappel de v\u00e9hicule, les processus impliqu\u00e9s\t\t<\/div>\n\t\t\t\t<\/div>\n\t\t\t\t\t<\/div>\n\t\t<\/article>\n\t\t\t\t<article class=\"elementor-post elementor-grid-item post-3418 post type-post status-publish format-standard has-post-thumbnail hentry category-news-fr tag-reportukfr\" role=\"listitem\">\n\t\t\t<div class=\"elementor-post__card\">\n\t\t\t\t<a class=\"elementor-post__thumbnail__link\" href=\"https:\/\/www.vin-info.com\/fr\/guide-complet-sur-le-mot-assurer-que-votre-vehicule-est-en-etat-de-rouler-et-legal-au-royaume-uni\/\" tabindex=\"-1\" ><div class=\"elementor-post__thumbnail\"><img loading=\"lazy\" decoding=\"async\" width=\"300\" height=\"200\" src=\"https:\/\/www.vin-info.com\/wp-content\/uploads\/2024\/08\/vwemmg8xmfw-300x200.jpg\" class=\"attachment-medium size-medium wp-image-3340\" alt=\"\" srcset=\"https:\/\/www.vin-info.com\/wp-content\/uploads\/2024\/08\/vwemmg8xmfw-300x200.jpg 300w, https:\/\/www.vin-info.com\/wp-content\/uploads\/2024\/08\/vwemmg8xmfw-1024x683.jpg 1024w, https:\/\/www.vin-info.com\/wp-content\/uploads\/2024\/08\/vwemmg8xmfw-768x512.jpg 768w, https:\/\/www.vin-info.com\/wp-content\/uploads\/2024\/08\/vwemmg8xmfw-1536x1024.jpg 1536w, https:\/\/www.vin-info.com\/wp-content\/uploads\/2024\/08\/vwemmg8xmfw.jpg 1600w\" sizes=\"(max-width: 300px) 100vw, 300px\" \/><\/div><\/a>\n\t\t\t\t<div class=\"elementor-post__text\">\n\t\t\t\t<h3 class=\"elementor-post__title\">\n\t\t\t<a href=\"https:\/\/www.vin-info.com\/fr\/guide-complet-sur-le-mot-assurer-que-votre-vehicule-est-en-etat-de-rouler-et-legal-au-royaume-uni\/\" >\n\t\t\t\tGuide complet sur le MOT : Assurer que votre v\u00e9hicule est en \u00e9tat de rouler et l\u00e9gal au Royaume-Uni\t\t\t<\/a>\n\t\t<\/h3>\n\t\t\t\t<div class=\"elementor-post__excerpt\">\n\t\t\t<p>Le test du minist\u00e8re des Transports, commun\u00e9ment appel\u00e9 le contr\u00f4le technique, est un aspect essentiel de la possession d&rsquo;un v\u00e9hicule au Royaume-Uni. Cette inspection annuelle et obligatoire garantit que les\t\t<\/div>\n\t\t\t\t<\/div>\n\t\t\t\t\t<\/div>\n\t\t<\/article>\n\t\t\t\t<article class=\"elementor-post elementor-grid-item post-3396 post type-post status-publish format-standard has-post-thumbnail hentry category-news-fr tag-damagevien-fr\" role=\"listitem\">\n\t\t\t<div class=\"elementor-post__card\">\n\t\t\t\t<a class=\"elementor-post__thumbnail__link\" href=\"https:\/\/www.vin-info.com\/fr\/comment-les-reparations-precedentes-suite-a-des-dommages-automobiles-impactent-la-valeur-de-revente-du-vehicule-ce-que-les-acheteurs-et-les-vendeurs-doivent-savoir\/\" tabindex=\"-1\" ><div class=\"elementor-post__thumbnail\"><img loading=\"lazy\" decoding=\"async\" width=\"300\" height=\"200\" src=\"https:\/\/www.vin-info.com\/wp-content\/uploads\/2024\/08\/ucdrfflhsmc-300x200.jpg\" class=\"attachment-medium size-medium wp-image-1293\" alt=\"\" srcset=\"https:\/\/www.vin-info.com\/wp-content\/uploads\/2024\/08\/ucdrfflhsmc-300x200.jpg 300w, https:\/\/www.vin-info.com\/wp-content\/uploads\/2024\/08\/ucdrfflhsmc-1024x682.jpg 1024w, https:\/\/www.vin-info.com\/wp-content\/uploads\/2024\/08\/ucdrfflhsmc-768x512.jpg 768w, https:\/\/www.vin-info.com\/wp-content\/uploads\/2024\/08\/ucdrfflhsmc-1536x1023.jpg 1536w, https:\/\/www.vin-info.com\/wp-content\/uploads\/2024\/08\/ucdrfflhsmc.jpg 1600w\" sizes=\"(max-width: 300px) 100vw, 300px\" \/><\/div><\/a>\n\t\t\t\t<div class=\"elementor-post__text\">\n\t\t\t\t<h3 class=\"elementor-post__title\">\n\t\t\t<a href=\"https:\/\/www.vin-info.com\/fr\/comment-les-reparations-precedentes-suite-a-des-dommages-automobiles-impactent-la-valeur-de-revente-du-vehicule-ce-que-les-acheteurs-et-les-vendeurs-doivent-savoir\/\" >\n\t\t\t\tComment les r\u00e9parations pr\u00e9c\u00e9dentes suite \u00e0 des dommages automobiles impactent la valeur de revente du v\u00e9hicule : Ce que les acheteurs et les vendeurs doivent savoir\t\t\t<\/a>\n\t\t<\/h3>\n\t\t\t\t<div class=\"elementor-post__excerpt\">\n\t\t\t<p>Lorsqu&rsquo;il s&rsquo;agit d&rsquo;acheter ou de vendre une voiture d&rsquo;occasion, comprendre l&rsquo;impact des r\u00e9parations pr\u00e9c\u00e9dentes sur la valeur de revente du v\u00e9hicule est crucial. Que vous soyez un acheteur \u00e0 la\t\t<\/div>\n\t\t\t\t<\/div>\n\t\t\t\t\t<\/div>\n\t\t<\/article>\n\t\t\t\t<article class=\"elementor-post elementor-grid-item post-3323 post type-post status-publish format-standard has-post-thumbnail hentry category-news-fr tag-damagevien-fr\" role=\"listitem\">\n\t\t\t<div class=\"elementor-post__card\">\n\t\t\t\t<a class=\"elementor-post__thumbnail__link\" href=\"https:\/\/www.vin-info.com\/fr\/comment-lire-les-rapports-sur-lhistoire-des-evenements-et-des-dommages\/\" tabindex=\"-1\" ><div class=\"elementor-post__thumbnail\"><img loading=\"lazy\" decoding=\"async\" width=\"300\" height=\"225\" src=\"https:\/\/www.vin-info.com\/wp-content\/uploads\/2024\/09\/ckjxgyfndqc-300x225.jpg\" class=\"attachment-medium size-medium wp-image-3751\" alt=\"\" srcset=\"https:\/\/www.vin-info.com\/wp-content\/uploads\/2024\/09\/ckjxgyfndqc-300x225.jpg 300w, https:\/\/www.vin-info.com\/wp-content\/uploads\/2024\/09\/ckjxgyfndqc-1024x768.jpg 1024w, https:\/\/www.vin-info.com\/wp-content\/uploads\/2024\/09\/ckjxgyfndqc-768x576.jpg 768w, https:\/\/www.vin-info.com\/wp-content\/uploads\/2024\/09\/ckjxgyfndqc-1536x1152.jpg 1536w, https:\/\/www.vin-info.com\/wp-content\/uploads\/2024\/09\/ckjxgyfndqc.jpg 1600w\" sizes=\"(max-width: 300px) 100vw, 300px\" \/><\/div><\/a>\n\t\t\t\t<div class=\"elementor-post__text\">\n\t\t\t\t<h3 class=\"elementor-post__title\">\n\t\t\t<a href=\"https:\/\/www.vin-info.com\/fr\/comment-lire-les-rapports-sur-lhistoire-des-evenements-et-des-dommages\/\" >\n\t\t\t\tComment lire les rapports sur l&rsquo;histoire des \u00e9v\u00e9nements et des dommages.\t\t\t<\/a>\n\t\t<\/h3>\n\t\t\t\t<div class=\"elementor-post__excerpt\">\n\t\t\t<p>Acheter une voiture d&rsquo;occasion peut \u00eatre une t\u00e2che d\u00e9courageante, surtout si vous n&rsquo;\u00eates pas s\u00fbr de son pass\u00e9. Comprendre l&rsquo;historique des \u00e9v\u00e9nements et des dommages d&rsquo;un v\u00e9hicule est crucial pour\t\t<\/div>\n\t\t\t\t<\/div>\n\t\t\t\t\t<\/div>\n\t\t<\/article>\n\t\t\t\t<\/div>\n\t\t\n\t\t\t\t<div class=\"e-load-more-anchor\" data-page=\"1\" data-max-page=\"5\" data-next-page=\"https:\/\/www.vin-info.com\/fr\/wp-json\/wp\/v2\/pages\/1780\/page\/2\/\"><\/div>\n\t\t\t\t<nav class=\"elementor-pagination\" aria-label=\"Pagination\">\n\t\t\t<span class=\"page-numbers prev\">\u00ab Pr\u00e9c\u00e9dent \u00bb<\/span>\n<span aria-current=\"page\" class=\"page-numbers current\"><span class=\"elementor-screen-only\">Page<\/span>1<\/span>\n<a class=\"page-numbers\" href=\"https:\/\/www.vin-info.com\/fr\/wp-json\/wp\/v2\/pages\/1780\/page\/2\/\"><span class=\"elementor-screen-only\">Page<\/span>2<\/a>\n<a class=\"page-numbers\" href=\"https:\/\/www.vin-info.com\/fr\/wp-json\/wp\/v2\/pages\/1780\/page\/3\/\"><span class=\"elementor-screen-only\">Page<\/span>3<\/a>\n<a class=\"page-numbers\" href=\"https:\/\/www.vin-info.com\/fr\/wp-json\/wp\/v2\/pages\/1780\/page\/4\/\"><span class=\"elementor-screen-only\">Page<\/span>4<\/a>\n<a class=\"page-numbers\" href=\"https:\/\/www.vin-info.com\/fr\/wp-json\/wp\/v2\/pages\/1780\/page\/5\/\"><span class=\"elementor-screen-only\">Page<\/span>5<\/a>\n<a class=\"page-numbers next\" href=\"https:\/\/www.vin-info.com\/fr\/wp-json\/wp\/v2\/pages\/1780\/page\/2\/\">Suivant \u00bb<\/a>\t\t<\/nav>\n\t\t\t\t\t\t<\/div>\n\t\t\t\t<\/div>\n\t\t\t\t\t<\/div>\n\t\t\t\t<\/div>\n\t\t\t\t<\/div>\n\t\t","protected":false},"excerpt":{"rendered":"","protected":false},"author":2,"featured_media":0,"parent":0,"menu_order":0,"comment_status":"closed","ping_status":"closed","template":"","meta":{"inline_featured_image":false,"footnotes":""},"class_list":["post-1780","page","type-page","status-publish","hentry"],"_links":{"self":[{"href":"https:\/\/www.vin-info.com\/fr\/wp-json\/wp\/v2\/pages\/1780","targetHints":{"allow":["GET"]}}],"collection":[{"href":"https:\/\/www.vin-info.com\/fr\/wp-json\/wp\/v2\/pages"}],"about":[{"href":"https:\/\/www.vin-info.com\/fr\/wp-json\/wp\/v2\/types\/page"}],"author":[{"embeddable":true,"href":"https:\/\/www.vin-info.com\/fr\/wp-json\/wp\/v2\/users\/2"}],"replies":[{"embeddable":true,"href":"https:\/\/www.vin-info.com\/fr\/wp-json\/wp\/v2\/comments?post=1780"}],"version-history":[{"count":2,"href":"https:\/\/www.vin-info.com\/fr\/wp-json\/wp\/v2\/pages\/1780\/revisions"}],"predecessor-version":[{"id":3611,"href":"https:\/\/www.vin-info.com\/fr\/wp-json\/wp\/v2\/pages\/1780\/revisions\/3611"}],"wp:attachment":[{"href":"https:\/\/www.vin-info.com\/fr\/wp-json\/wp\/v2\/media?parent=1780"}],"curies":[{"name":"wp","href":"https:\/\/api.w.org\/{rel}","templated":true}]}}