{"id":1702,"date":"2024-08-09T15:47:20","date_gmt":"2024-08-09T13:47:20","guid":{"rendered":"https:\/\/www.vin-info.com\/rapports-dhistorique-de-vehicule\/"},"modified":"2024-08-09T15:47:22","modified_gmt":"2024-08-09T13:47:22","slug":"rapports-dhistorique-de-vehicule","status":"publish","type":"page","link":"https:\/\/www.vin-info.com\/fr\/rapports-dhistorique-de-vehicule\/","title":{"rendered":"Rapports d&rsquo;historique de v\u00e9hicule"},"content":{"rendered":"\t\t<div data-elementor-type=\"wp-page\" data-elementor-id=\"1702\" class=\"elementor elementor-1702 elementor-733\" data-elementor-post-type=\"page\">\n\t\t\t\t<div class=\"elementor-element elementor-element-583a7bf e-flex e-con-boxed e-con e-parent\" data-id=\"583a7bf\" data-element_type=\"container\" data-e-type=\"container\">\n\t\t\t\t\t<div class=\"e-con-inner\">\n\t\t\t\t<div class=\"elementor-element elementor-element-880840d elementor-widget elementor-widget-heading\" data-id=\"880840d\" data-element_type=\"widget\" data-e-type=\"widget\" data-widget_type=\"heading.default\">\n\t\t\t\t<div class=\"elementor-widget-container\">\n\t\t\t\t\t<h2 class=\"elementor-heading-title elementor-size-default\">Pourquoi choisir un rapport d'historique de v\u00e9hicule de VIN-Info ?<\/h2>\t\t\t\t<\/div>\n\t\t\t\t<\/div>\n\t\t\t\t<div class=\"elementor-element elementor-element-d6f94ad elementor-widget elementor-widget-text-editor\" data-id=\"d6f94ad\" data-element_type=\"widget\" data-e-type=\"widget\" data-widget_type=\"text-editor.default\">\n\t\t\t\t<div class=\"elementor-widget-container\">\n\t\t\t\t\t\t\t\t\t<p>Le rapport d&rsquo;historique du v\u00e9hicule de VIN-INFO fournit un aper\u00e7u d\u00e9taill\u00e9 du pass\u00e9 d&rsquo;un v\u00e9hicule, compil\u00e9 \u00e0 partir d&rsquo;un large \u00e9ventail de sources fiables. Ce rapport est votre meilleure ligne de d\u00e9fense sur le march\u00e9 des voitures d&rsquo;occasion, offrant une transparence et vous aidant \u00e0 prendre une d\u00e9cision d&rsquo;achat \u00e9clair\u00e9e. Les donn\u00e9es sont rassembl\u00e9es \u00e0 partir de diverses entit\u00e9s ind\u00e9pendantes, y compris :  <\/p>\n\t\t\t\t\t\t\t\t<\/div>\n\t\t\t\t<\/div>\n\t\t\t\t<div class=\"elementor-element elementor-element-79ed062 elementor-icon-list--layout-traditional elementor-list-item-link-full_width elementor-widget elementor-widget-icon-list\" data-id=\"79ed062\" data-element_type=\"widget\" data-e-type=\"widget\" data-widget_type=\"icon-list.default\">\n\t\t\t\t<div class=\"elementor-widget-container\">\n\t\t\t\t\t\t\t<ul class=\"elementor-icon-list-items\">\n\t\t\t\t\t\t\t<li class=\"elementor-icon-list-item\">\n\t\t\t\t\t\t\t\t\t\t\t<span class=\"elementor-icon-list-icon\">\n\t\t\t\t\t\t\t<i aria-hidden=\"true\" class=\"fas fa-chevron-right\"><\/i>\t\t\t\t\t\t<\/span>\n\t\t\t\t\t\t\t\t\t\t<span class=\"elementor-icon-list-text\">Agences gouvernementales<\/span>\n\t\t\t\t\t\t\t\t\t<\/li>\n\t\t\t\t\t\t\t\t<li class=\"elementor-icon-list-item\">\n\t\t\t\t\t\t\t\t\t\t\t<span class=\"elementor-icon-list-icon\">\n\t\t\t\t\t\t\t<i aria-hidden=\"true\" class=\"fas fa-chevron-right\"><\/i>\t\t\t\t\t\t<\/span>\n\t\t\t\t\t\t\t\t\t\t<span class=\"elementor-icon-list-text\">Organisations \u00e0 but non lucratif<\/span>\n\t\t\t\t\t\t\t\t\t<\/li>\n\t\t\t\t\t\t\t\t<li class=\"elementor-icon-list-item\">\n\t\t\t\t\t\t\t\t\t\t\t<span class=\"elementor-icon-list-icon\">\n\t\t\t\t\t\t\t<i aria-hidden=\"true\" class=\"fas fa-chevron-right\"><\/i>\t\t\t\t\t\t<\/span>\n\t\t\t\t\t\t\t\t\t\t<span class=\"elementor-icon-list-text\">Partenaires de l'industrie<\/span>\n\t\t\t\t\t\t\t\t\t<\/li>\n\t\t\t\t\t\t<\/ul>\n\t\t\t\t\t\t<\/div>\n\t\t\t\t<\/div>\n\t\t\t\t<div class=\"elementor-element elementor-element-8f54136 elementor-widget elementor-widget-heading\" data-id=\"8f54136\" data-element_type=\"widget\" data-e-type=\"widget\" data-widget_type=\"heading.default\">\n\t\t\t\t<div class=\"elementor-widget-container\">\n\t\t\t\t\t<h2 class=\"elementor-heading-title elementor-size-default\">Que contient le rapport d'historique du v\u00e9hicule ?<\/h2>\t\t\t\t<\/div>\n\t\t\t\t<\/div>\n\t\t\t\t<div class=\"elementor-element elementor-element-72e53ca elementor-widget elementor-widget-text-editor\" data-id=\"72e53ca\" data-element_type=\"widget\" data-e-type=\"widget\" data-widget_type=\"text-editor.default\">\n\t\t\t\t<div class=\"elementor-widget-container\">\n\t\t\t\t\t\t\t\t\t<p>Avant de commander, les utilisateurs re\u00e7oivent des informations sur les sections disponibles dans le rapport. Voici ce \u00e0 quoi vous pouvez vous attendre : <\/p>\n\t\t\t\t\t\t\t\t<\/div>\n\t\t\t\t<\/div>\n\t\t\t\t<div class=\"elementor-element elementor-element-e70135d elementor-widget elementor-widget-heading\" data-id=\"e70135d\" data-element_type=\"widget\" data-e-type=\"widget\" data-widget_type=\"heading.default\">\n\t\t\t\t<div class=\"elementor-widget-container\">\n\t\t\t\t\t<h3 class=\"elementor-heading-title elementor-size-default\">Sp\u00e9cifications du v\u00e9hicule<\/h3>\t\t\t\t<\/div>\n\t\t\t\t<\/div>\n\t\t\t\t<div class=\"elementor-element elementor-element-d9281df elementor-widget elementor-widget-text-editor\" data-id=\"d9281df\" data-element_type=\"widget\" data-e-type=\"widget\" data-widget_type=\"text-editor.default\">\n\t\t\t\t<div class=\"elementor-widget-container\">\n\t\t\t\t\t\t\t\t\t<p>Cette section offre un ensemble complet de donn\u00e9es techniques d\u00e9riv\u00e9es du VIN. Vous trouverez des d\u00e9tails sur la marque, le mod\u00e8le, le type de moteur, les dimensions et la consommation de carburant du v\u00e9hicule. Ces informations sont essentielles pour v\u00e9rifier l&rsquo;authenticit\u00e9 des caract\u00e9ristiques revendiqu\u00e9es du v\u00e9hicule.  <\/p>\n\t\t\t\t\t\t\t\t<\/div>\n\t\t\t\t<\/div>\n\t\t\t\t<div class=\"elementor-element elementor-element-8ce8d1a elementor-widget elementor-widget-heading\" data-id=\"8ce8d1a\" data-element_type=\"widget\" data-e-type=\"widget\" data-widget_type=\"heading.default\">\n\t\t\t\t<div class=\"elementor-widget-container\">\n\t\t\t\t\t<h3 class=\"elementor-heading-title elementor-size-default\">Options d'\u00e9quipement<\/h3>\t\t\t\t<\/div>\n\t\t\t\t<\/div>\n\t\t\t\t<div class=\"elementor-element elementor-element-09d2fb5 elementor-widget elementor-widget-text-editor\" data-id=\"09d2fb5\" data-element_type=\"widget\" data-e-type=\"widget\" data-widget_type=\"text-editor.default\">\n\t\t\t\t<div class=\"elementor-widget-container\">\n\t\t\t\t\t\t\t\t\t<p>Cette partie du rapport compare l&rsquo;\u00e9quipement install\u00e9 en usine avec l&rsquo;\u00e9tat actuel du v\u00e9hicule. Elle comprend des d\u00e9tails sur diverses caract\u00e9ristiques telles que la couleur de la peinture, la climatisation, le tissu des si\u00e8ges et des syst\u00e8mes avanc\u00e9s comme le r\u00e9gulateur de vitesse et la navigation. Des caract\u00e9ristiques manquantes ou modifi\u00e9es pourraient indiquer des accidents pass\u00e9s ou des modifications, ce qui peut affecter la valeur et la s\u00e9curit\u00e9 du v\u00e9hicule.  <\/p>\n\t\t\t\t\t\t\t\t<\/div>\n\t\t\t\t<\/div>\n\t\t\t\t<div class=\"elementor-element elementor-element-75b8983 elementor-widget elementor-widget-heading\" data-id=\"75b8983\" data-element_type=\"widget\" data-e-type=\"widget\" data-widget_type=\"heading.default\">\n\t\t\t\t<div class=\"elementor-widget-container\">\n\t\t\t\t\t<h3 class=\"elementor-heading-title elementor-size-default\">Historique des \u00e9v\u00e9nements<\/h3>\t\t\t\t<\/div>\n\t\t\t\t<\/div>\n\t\t\t\t<div class=\"elementor-element elementor-element-ef2cd26 elementor-widget elementor-widget-text-editor\" data-id=\"ef2cd26\" data-element_type=\"widget\" data-e-type=\"widget\" data-widget_type=\"text-editor.default\">\n\t\t\t\t<div class=\"elementor-widget-container\">\n\t\t\t\t\t\t\t\t\t<p>Une liste chronologique des incidents de v\u00e9hicules est fournie, d\u00e9taillant la date, le lieu et les co\u00fbts estim\u00e9s des dommages. Cette section est essentielle pour comprendre l&rsquo;historique des accidents du v\u00e9hicule et les r\u00e9parations significatives qui ont pu \u00eatre effectu\u00e9es. <\/p>\n\t\t\t\t\t\t\t\t<\/div>\n\t\t\t\t<\/div>\n\t\t\t\t<div class=\"elementor-element elementor-element-3350345 elementor-widget elementor-widget-heading\" data-id=\"3350345\" data-element_type=\"widget\" data-e-type=\"widget\" data-widget_type=\"heading.default\">\n\t\t\t\t<div class=\"elementor-widget-container\">\n\t\t\t\t\t<h3 class=\"elementor-heading-title elementor-size-default\">Lecture de kilom\u00e9trage<\/h3>\t\t\t\t<\/div>\n\t\t\t\t<\/div>\n\t\t\t\t<div class=\"elementor-element elementor-element-d64ba63 elementor-widget elementor-widget-text-editor\" data-id=\"d64ba63\" data-element_type=\"widget\" data-e-type=\"widget\" data-widget_type=\"text-editor.default\">\n\t\t\t\t<div class=\"elementor-widget-container\">\n\t\t\t\t\t\t\t\t\t<p>Les relev\u00e9s de kilom\u00e9trage provenant de diff\u00e9rentes \u00e9tapes de la vie du v\u00e9hicule sont enregistr\u00e9s ici. Cela inclut des donn\u00e9es provenant des inspections, des immatriculations, des compagnies d&rsquo;assurance et des stations de service. V\u00e9rifier le kilom\u00e9trage est crucial pour s&rsquo;assurer que le compteur kilom\u00e9trique n&rsquo;a pas \u00e9t\u00e9 alt\u00e9r\u00e9.  <\/p>\n\t\t\t\t\t\t\t\t<\/div>\n\t\t\t\t<\/div>\n\t\t\t\t<div class=\"elementor-element elementor-element-94c0f96 elementor-widget elementor-widget-heading\" data-id=\"94c0f96\" data-element_type=\"widget\" data-e-type=\"widget\" data-widget_type=\"heading.default\">\n\t\t\t\t<div class=\"elementor-widget-container\">\n\t\t\t\t\t<h3 class=\"elementor-heading-title elementor-size-default\">Histoire d'Internet<\/h3>\t\t\t\t<\/div>\n\t\t\t\t<\/div>\n\t\t\t\t<div class=\"elementor-element elementor-element-e9d4504 elementor-widget elementor-widget-text-editor\" data-id=\"e9d4504\" data-element_type=\"widget\" data-e-type=\"widget\" data-widget_type=\"text-editor.default\">\n\t\t\t\t<div class=\"elementor-widget-container\">\n\t\t\t\t\t\t\t\t\t<p>Cette section comprend les pr\u00e9c\u00e9dentes annonces en ligne provenant des ench\u00e8res automobiles, d\u00e9taillant l&rsquo;\u00e9quipement, le kilom\u00e9trage, les sp\u00e9cifications, les prix et les photos. Ces donn\u00e9es historiques peuvent r\u00e9v\u00e9ler des incoh\u00e9rences ou des dommages ant\u00e9rieurs qu&rsquo;un vendeur pourrait ne pas divulguer. <\/p>\n\t\t\t\t\t\t\t\t<\/div>\n\t\t\t\t<\/div>\n\t\t\t\t<div class=\"elementor-element elementor-element-102184d elementor-widget elementor-widget-heading\" data-id=\"102184d\" data-element_type=\"widget\" data-e-type=\"widget\" data-widget_type=\"heading.default\">\n\t\t\t\t<div class=\"elementor-widget-container\">\n\t\t\t\t\t<h3 class=\"elementor-heading-title elementor-size-default\">Bases de donn\u00e9es de v\u00e9hicules vol\u00e9s<\/h3>\t\t\t\t<\/div>\n\t\t\t\t<\/div>\n\t\t\t\t<div class=\"elementor-element elementor-element-06df8ba elementor-widget elementor-widget-text-editor\" data-id=\"06df8ba\" data-element_type=\"widget\" data-e-type=\"widget\" data-widget_type=\"text-editor.default\">\n\t\t\t\t<div class=\"elementor-widget-container\">\n\t\t\t\t\t\t\t\t\t<p>Le rapport v\u00e9rifie le v\u00e9hicule par rapport aux bases de donn\u00e9es de v\u00e9hicules vol\u00e9s en Europe et en Am\u00e9rique du Nord, s&rsquo;assurant que la voiture qui vous int\u00e9resse n&rsquo;est pas r\u00e9pertori\u00e9e comme vol\u00e9e. Ceci est essentiel pour \u00e9viter des complications juridiques. <\/p>\n\t\t\t\t\t\t\t\t<\/div>\n\t\t\t\t<\/div>\n\t\t\t\t<div class=\"elementor-element elementor-element-84f20c8 elementor-widget elementor-widget-heading\" data-id=\"84f20c8\" data-element_type=\"widget\" data-e-type=\"widget\" data-widget_type=\"heading.default\">\n\t\t\t\t<div class=\"elementor-widget-container\">\n\t\t\t\t\t<h3 class=\"elementor-heading-title elementor-size-default\">Rappels d'usine<\/h3>\t\t\t\t<\/div>\n\t\t\t\t<\/div>\n\t\t\t\t<div class=\"elementor-element elementor-element-efdf38f elementor-widget elementor-widget-text-editor\" data-id=\"efdf38f\" data-element_type=\"widget\" data-e-type=\"widget\" data-widget_type=\"text-editor.default\">\n\t\t\t\t<div class=\"elementor-widget-container\">\n\t\t\t\t\t\t\t\t\t<p>Les rappels d&rsquo;usine sont \u00e9galement inclus, \u00e9num\u00e9rant tous les avertissements et rappels de service \u00e9mis par le fabricant pour le v\u00e9hicule sp\u00e9cifique. Cette section garantit que vous \u00eates conscient des d\u00e9fauts significatifs qui ont pu \u00eatre r\u00e9solus ou qui n\u00e9cessitent une attention. <\/p>\n\t\t\t\t\t\t\t\t<\/div>\n\t\t\t\t<\/div>\n\t\t\t\t<div class=\"elementor-element elementor-element-1e29fea elementor-alert-warning elementor-widget elementor-widget-alert\" data-id=\"1e29fea\" data-element_type=\"widget\" data-e-type=\"widget\" data-widget_type=\"alert.default\">\n\t\t\t\t<div class=\"elementor-widget-container\">\n\t\t\t\t\t\t\t<div class=\"elementor-alert\" role=\"alert\">\n\n\t\t\t\t\t\t<span class=\"elementor-alert-title\">REMARQUE<\/span>\n\t\t\t\n\t\t\t\t\t\t<span class=\"elementor-alert-description\"><p>Veuillez noter que bien que nos rapports offrent une analyse compl\u00e8te, ils d\u00e9pendent de la disponibilit\u00e9 et de l'exhaustivit\u00e9 des donn\u00e9es provenant de diverses sources. Par cons\u00e9quent, toutes les sections peuvent ne pas \u00eatre disponibles ou contenir des donn\u00e9es dans chaque rapport. <\/p>\n<\/span>\n\t\t\t\n\t\t\t\n\t\t<\/div>\n\t\t\t\t\t\t<\/div>\n\t\t\t\t<\/div>\n\t\t\t\t\t<\/div>\n\t\t\t\t<\/div>\n\t\t<div class=\"elementor-element elementor-element-b4663d0 e-flex e-con-boxed e-con e-parent\" data-id=\"b4663d0\" data-element_type=\"container\" data-e-type=\"container\">\n\t\t\t\t\t<div class=\"e-con-inner\">\n\t\t\t\t<div class=\"elementor-element elementor-element-1ee7519 elementor-widget elementor-widget-template\" data-id=\"1ee7519\" data-element_type=\"widget\" data-e-type=\"widget\" data-widget_type=\"template.default\">\n\t\t\t\t<div class=\"elementor-widget-container\">\n\t\t\t\t\t\t\t<div class=\"elementor-template\">\n\t\t\t\t\t<div data-elementor-type=\"section\" data-elementor-id=\"1440\" class=\"elementor elementor-1440 elementor-757 elementor-757\" data-elementor-post-type=\"elementor_library\">\n\t\t\t<div class=\"elementor-element elementor-element-c6f68bb e-flex e-con-boxed e-con e-parent\" data-id=\"c6f68bb\" data-element_type=\"container\" data-e-type=\"container\">\n\t\t\t\t\t<div class=\"e-con-inner\">\n\t\t\t\t<div class=\"elementor-element elementor-element-7fe4c49 elementor-cta--skin-classic elementor-animated-content elementor-bg-transform elementor-bg-transform-zoom-in elementor-widget elementor-widget-call-to-action\" data-id=\"7fe4c49\" data-element_type=\"widget\" data-e-type=\"widget\" data-widget_type=\"call-to-action.default\">\n\t\t\t\t<div class=\"elementor-widget-container\">\n\t\t\t\t\t\t\t<div class=\"elementor-cta\">\n\t\t\t\t\t<div class=\"elementor-cta__bg-wrapper\">\n\t\t\t\t<div class=\"elementor-cta__bg elementor-bg\" style=\"background-image: url(https:\/\/www.vin-info.com\/wp-content\/uploads\/2024\/06\/cta-vin-info-min-1024x393.jpg);\" role=\"img\" aria-label=\"cta-vin-info-min\"><\/div>\n\t\t\t\t<div class=\"elementor-cta__bg-overlay\"><\/div>\n\t\t\t<\/div>\n\t\t\t\t\t\t\t<div class=\"elementor-cta__content\">\n\t\t\t\t\n\t\t\t\t\t\t\t\t\t<h2 class=\"elementor-cta__title elementor-cta__content-item elementor-content-item\">\n\t\t\t\t\t\tD\u00e9couvrez l'historique complet de votre v\u00e9hicule !\t\t\t\t\t<\/h2>\n\t\t\t\t\n\t\t\t\t\t\t\t\t\t<div class=\"elementor-cta__description elementor-cta__content-item elementor-content-item\">\n\t\t\t\t\t\t<p>Saisissez votre VIN pour obtenir un rapport d\u00e9taill\u00e9 sur l'historique du v\u00e9hicule. Obtenez des informations sur les accidents, le kilom\u00e9trage, l'utilisation et d'autres informations cruciales. Assurez-vous de prendre une d\u00e9cision \u00e9clair\u00e9e. V\u00e9rifiez votre NIV et t\u00e9l\u00e9chargez votre rapport d\u00e8s aujourd'hui !   <\/p>\n\t\t\t\t\t<\/div>\n\t\t\t\t\n\t\t\t\t\t\t\t\t\t<div class=\"elementor-cta__button-wrapper elementor-cta__content-item elementor-content-item \">\n\t\t\t\t\t<a class=\"elementor-cta__button elementor-button elementor-size-\" href=\"#elementor-action%3Aaction%3Dpopup%3Aopen%26settings%3DeyJpZCI6MTkwNSwidG9nZ2xlIjpmYWxzZX0%3D\">\n\t\t\t\t\t\tV\u00e9rifier le NIV maintenant\t\t\t\t\t<\/a>\n\t\t\t\t\t<\/div>\n\t\t\t\t\t\t\t<\/div>\n\t\t\t\t\t\t<\/div>\n\t\t\t\t\t\t<\/div>\n\t\t\t\t<\/div>\n\t\t\t\t\t<\/div>\n\t\t\t\t<\/div>\n\t\t\t\t<\/div>\n\t\t\t\t<\/div>\n\t\t\t\t\t\t<\/div>\n\t\t\t\t<\/div>\n\t\t\t\t\t<\/div>\n\t\t\t\t<\/div>\n\t\t<div class=\"elementor-element elementor-element-ec00df9 e-flex e-con-boxed e-con e-parent\" data-id=\"ec00df9\" data-element_type=\"container\" data-e-type=\"container\">\n\t\t\t\t\t<div class=\"e-con-inner\">\n\t\t\t\t<div class=\"elementor-element elementor-element-1b919d4 elementor-widget elementor-widget-heading\" data-id=\"1b919d4\" data-element_type=\"widget\" data-e-type=\"widget\" data-widget_type=\"heading.default\">\n\t\t\t\t<div class=\"elementor-widget-container\">\n\t\t\t\t\t<h2 class=\"elementor-heading-title elementor-size-default\">Rapports internationaux sp\u00e9cialis\u00e9s sur les v\u00e9hicules<\/h2>\t\t\t\t<\/div>\n\t\t\t\t<\/div>\n\t\t\t\t<div class=\"elementor-element elementor-element-393217c elementor-widget elementor-widget-text-editor\" data-id=\"393217c\" data-element_type=\"widget\" data-e-type=\"widget\" data-widget_type=\"text-editor.default\">\n\t\t\t\t<div class=\"elementor-widget-container\">\n\t\t\t\t\t\t\t\t\t<p>En plus du rapport d&rsquo;historique du v\u00e9hicule standard, VIN-INFO propose des rapports sp\u00e9cialis\u00e9s pour les v\u00e9hicules enregistr\u00e9s dans des pays sp\u00e9cifiques, tels que la Belgique, les Pays-Bas et les \u00c9tats-Unis.<\/p>\n\t\t\t\t\t\t\t\t<\/div>\n\t\t\t\t<\/div>\n\t\t\t\t<div class=\"elementor-element elementor-element-d24b578 elementor-widget elementor-widget-heading\" data-id=\"d24b578\" data-element_type=\"widget\" data-e-type=\"widget\" data-widget_type=\"heading.default\">\n\t\t\t\t<div class=\"elementor-widget-container\">\n\t\t\t\t\t<h3 class=\"elementor-heading-title elementor-size-default\">Rapport sur les v\u00e9hicules des Pays-Bas<\/h3>\t\t\t\t<\/div>\n\t\t\t\t<\/div>\n\t\t\t\t<div class=\"elementor-element elementor-element-a525c36 elementor-widget elementor-widget-text-editor\" data-id=\"a525c36\" data-element_type=\"widget\" data-e-type=\"widget\" data-widget_type=\"text-editor.default\">\n\t\t\t\t<div class=\"elementor-widget-container\">\n\t\t\t\t\t\t\t\t\t<p>Le rapport VWE fournit des informations v\u00e9rifi\u00e9es provenant de sources n\u00e9erlandaises fiables, vous aidant \u00e0 \u00e9valuer les d\u00e9clarations du vendeur et les donn\u00e9es techniques du v\u00e9hicule. Ce rapport comprend des sections sur l&rsquo;\u00e9tat du v\u00e9hicule, les informations de base, l&rsquo;historique de propri\u00e9t\u00e9 et les donn\u00e9es techniques, ainsi qu&rsquo;une v\u00e9rification gratuite du kilom\u00e9trage NAP. <\/p>\n\t\t\t\t\t\t\t\t<\/div>\n\t\t\t\t<\/div>\n\t\t\t\t<div class=\"elementor-element elementor-element-06a3fad elementor-widget elementor-widget-heading\" data-id=\"06a3fad\" data-element_type=\"widget\" data-e-type=\"widget\" data-widget_type=\"heading.default\">\n\t\t\t\t<div class=\"elementor-widget-container\">\n\t\t\t\t\t<h3 class=\"elementor-heading-title elementor-size-default\">Rapport sur les v\u00e9hicules aux \u00c9tats-Unis<\/h3>\t\t\t\t<\/div>\n\t\t\t\t<\/div>\n\t\t\t\t<div class=\"elementor-element elementor-element-d193516 elementor-widget elementor-widget-text-editor\" data-id=\"d193516\" data-element_type=\"widget\" data-e-type=\"widget\" data-widget_type=\"text-editor.default\">\n\t\t\t\t<div class=\"elementor-widget-container\">\n\t\t\t\t\t\t\t\t\t<p>Le rapport sur les v\u00e9hicules des \u00c9tats-Unis est bas\u00e9 sur des donn\u00e9es provenant du Syst\u00e8me national d&rsquo;information sur les titres de v\u00e9hicules \u00e0 moteur (NMVTIS), couvrant la plupart des v\u00e9hicules immatricul\u00e9s aux \u00c9tats-Unis. Il comprend des sp\u00e9cifications d\u00e9taill\u00e9es des v\u00e9hicules, un historique de propri\u00e9t\u00e9, des mises \u00e0 jour de statut (telles que les dommages de r\u00e9cup\u00e9ration ou d&rsquo;accident) et des enregistrements de titre, y compris les relev\u00e9s de compteur kilom\u00e9trique. <\/p>\n\t\t\t\t\t\t\t\t<\/div>\n\t\t\t\t<\/div>\n\t\t\t\t<div class=\"elementor-element elementor-element-865aab2 elementor-widget elementor-widget-heading\" data-id=\"865aab2\" data-element_type=\"widget\" data-e-type=\"widget\" data-widget_type=\"heading.default\">\n\t\t\t\t<div class=\"elementor-widget-container\">\n\t\t\t\t\t<h3 class=\"elementor-heading-title elementor-size-default\">\u00c9valuation des v\u00e9hicules<\/h3>\t\t\t\t<\/div>\n\t\t\t\t<\/div>\n\t\t\t\t<div class=\"elementor-element elementor-element-bbd8761 elementor-widget elementor-widget-text-editor\" data-id=\"bbd8761\" data-element_type=\"widget\" data-e-type=\"widget\" data-widget_type=\"text-editor.default\">\n\t\t\t\t<div class=\"elementor-widget-container\">\n\t\t\t\t\t\t\t\t\t<p>D\u00e9terminer la valeur marchande d&rsquo;un v\u00e9hicule est crucial pour \u00e9valuer si le prix du vendeur est \u00e9quitable. Le service d&rsquo;\u00e9valuation des v\u00e9hicules utilise des algorithmes avanc\u00e9s pour analyser les donn\u00e9es du march\u00e9 et fournir une estimation pr\u00e9cise de la valeur du v\u00e9hicule. <\/p>\n\t\t\t\t\t\t\t\t<\/div>\n\t\t\t\t<\/div>\n\t\t\t\t<div class=\"elementor-element elementor-element-bbc2eb5 elementor-widget elementor-widget-text-editor\" data-id=\"bbc2eb5\" data-element_type=\"widget\" data-e-type=\"widget\" data-widget_type=\"text-editor.default\">\n\t\t\t\t<div class=\"elementor-widget-container\">\n\t\t\t\t\t\t\t\t\t<p>En utilisant ces rapports complets, vous pouvez naviguer sur le march\u00e9 des voitures d&rsquo;occasion en toute confiance, en prenant des d\u00e9cisions \u00e9clair\u00e9es qui prot\u00e8gent votre investissement et votre s\u00e9curit\u00e9.<\/p>\n\t\t\t\t\t\t\t\t<\/div>\n\t\t\t\t<\/div>\n\t\t\t\t\t<\/div>\n\t\t\t\t<\/div>\n\t\t\t\t<\/div>\n\t\t","protected":false},"excerpt":{"rendered":"<p>Un rapport d&rsquo;historique de v\u00e9hicule est un outil essentiel pour les conducteurs cherchant \u00e0 se prot\u00e9ger contre les vendeurs malhonn\u00eates, qu&rsquo;il s&rsquo;agisse de concessionnaires ou de particuliers. Malheureusement, certains vendeurs s&rsquo;engagent dans des pratiques trompeuses pour gonfler artificiellement la valeur d&rsquo;un v\u00e9hicule. Ces tactiques peuvent inclure le droppage des compteurs kilom\u00e9triques, la dissimulation de dommages s\u00e9rieux, la vente de v\u00e9hicules qui ont \u00e9t\u00e9 accident\u00e9s comme s&rsquo;ils \u00e9taient en parfait \u00e9tat, voire la tentative de vendre des v\u00e9hicules vol\u00e9s. De telles pratiques peuvent entra\u00eener des pertes financi\u00e8res importantes et, dans certains cas, des cons\u00e9quences juridiques, y compris des accusations criminelles, si un v\u00e9hicule vol\u00e9 est achet\u00e9 \u00e0 l&rsquo;insu de l&rsquo;acheteur.   <\/p>\n","protected":false},"author":2,"featured_media":0,"parent":0,"menu_order":0,"comment_status":"closed","ping_status":"closed","template":"","meta":{"inline_featured_image":false,"footnotes":""},"class_list":["post-1702","page","type-page","status-publish","hentry"],"_links":{"self":[{"href":"https:\/\/www.vin-info.com\/fr\/wp-json\/wp\/v2\/pages\/1702","targetHints":{"allow":["GET"]}}],"collection":[{"href":"https:\/\/www.vin-info.com\/fr\/wp-json\/wp\/v2\/pages"}],"about":[{"href":"https:\/\/www.vin-info.com\/fr\/wp-json\/wp\/v2\/types\/page"}],"author":[{"embeddable":true,"href":"https:\/\/www.vin-info.com\/fr\/wp-json\/wp\/v2\/users\/2"}],"replies":[{"embeddable":true,"href":"https:\/\/www.vin-info.com\/fr\/wp-json\/wp\/v2\/comments?post=1702"}],"version-history":[{"count":1,"href":"https:\/\/www.vin-info.com\/fr\/wp-json\/wp\/v2\/pages\/1702\/revisions"}],"predecessor-version":[{"id":1703,"href":"https:\/\/www.vin-info.com\/fr\/wp-json\/wp\/v2\/pages\/1702\/revisions\/1703"}],"wp:attachment":[{"href":"https:\/\/www.vin-info.com\/fr\/wp-json\/wp\/v2\/media?parent=1702"}],"curies":[{"name":"wp","href":"https:\/\/api.w.org\/{rel}","templated":true}]}}