{"id":1636,"date":"2024-08-09T09:55:29","date_gmt":"2024-08-09T07:55:29","guid":{"rendered":"https:\/\/www.vin-info.com\/licence-prepayee\/"},"modified":"2025-12-18T13:49:39","modified_gmt":"2025-12-18T12:49:39","slug":"pre-paid-license","status":"publish","type":"page","link":"https:\/\/www.vin-info.com\/fr\/pre-paid-license\/","title":{"rendered":"Licence pr\u00e9pay\u00e9e"},"content":{"rendered":"\t\t<div data-elementor-type=\"wp-page\" data-elementor-id=\"1636\" class=\"elementor elementor-1636 elementor-90\" data-elementor-post-type=\"page\">\n\t\t\t\t<div class=\"elementor-element elementor-element-73c8cef e-flex e-con-boxed e-con e-parent\" data-id=\"73c8cef\" data-element_type=\"container\" data-e-type=\"container\">\n\t\t\t\t\t<div class=\"e-con-inner\">\n\t\t\t\t<div class=\"elementor-element elementor-element-3745ce8 elementor-widget elementor-widget-heading\" data-id=\"3745ce8\" data-element_type=\"widget\" data-e-type=\"widget\" data-widget_type=\"heading.default\">\n\t\t\t\t<div class=\"elementor-widget-container\">\n\t\t\t\t\t<h2 class=\"elementor-heading-title elementor-size-default\">Qu'est-ce que la licence pr\u00e9pay\u00e9e ?<\/h2>\t\t\t\t<\/div>\n\t\t\t\t<\/div>\n\t\t<div class=\"elementor-element elementor-element-65ded1e e-con-full e-flex e-con e-child\" data-id=\"65ded1e\" data-element_type=\"container\" data-e-type=\"container\">\n\t\t<div class=\"elementor-element elementor-element-f21c7cb e-con-full e-flex e-con e-child\" data-id=\"f21c7cb\" data-element_type=\"container\" data-e-type=\"container\">\n\t\t\t\t<div class=\"elementor-element elementor-element-2c40369 elementor-widget elementor-widget-text-editor\" data-id=\"2c40369\" data-element_type=\"widget\" data-e-type=\"widget\" data-widget_type=\"text-editor.default\">\n\t\t\t\t<div class=\"elementor-widget-container\">\n\t\t\t\t\t\t\t\t\t<p>La licence pr\u00e9pay\u00e9e a \u00e9t\u00e9 pr\u00e9par\u00e9e comme une commodit\u00e9 pour les entreprises qui utilisent souvent notre site web et ont besoin d&rsquo;un acc\u00e8s rapide \u00e0 l&rsquo;historique des v\u00e9hicules.<\/p><p><span style=\"color: var( --e-global-color-text ); font-family: var( --e-global-typography-text-font-family ), Sans-serif; font-weight: var( --e-global-typography-text-font-weight ); text-align: var(--text-align); font-size: 1rem;\">La licence pr\u00e9pay\u00e9e vous permet de t\u00e9l\u00e9charger des rapports sans avoir \u00e0 acc\u00e9der \u00e0 votre compte entreprise ou \u00e0 la carte de cr\u00e9dit de l&rsquo;entreprise.<\/span><\/p><p><span style=\"color: var( --e-global-color-text ); font-family: var( --e-global-typography-text-font-family ), Sans-serif; font-weight: var( --e-global-typography-text-font-weight ); text-align: var(--text-align); font-size: 1rem;\">Gr\u00e2ce \u00e0 la licence, vous am\u00e9liorerez le processus d&rsquo;achat de rapports. Une licence valide permet d&rsquo;acheter le rapport sans toutes les op\u00e9rations bancaires, en utilisant les fonds attribu\u00e9s \u00e0 la licence. <\/span><\/p><p><span style=\"color: var( --e-global-color-text ); font-family: var( --e-global-typography-text-font-family ), Sans-serif; font-weight: var( --e-global-typography-text-font-weight ); text-align: var(--text-align); font-size: 1rem;\">Cette m\u00e9thode permet :<\/span><\/p>\t\t\t\t\t\t\t\t<\/div>\n\t\t\t\t<\/div>\n\t\t\t\t<div class=\"elementor-element elementor-element-18b4dae elementor-icon-list--layout-traditional elementor-list-item-link-full_width elementor-widget elementor-widget-icon-list\" data-id=\"18b4dae\" data-element_type=\"widget\" data-e-type=\"widget\" data-widget_type=\"icon-list.default\">\n\t\t\t\t<div class=\"elementor-widget-container\">\n\t\t\t\t\t\t\t<ul class=\"elementor-icon-list-items\">\n\t\t\t\t\t\t\t<li class=\"elementor-icon-list-item\">\n\t\t\t\t\t\t\t\t\t\t\t<span class=\"elementor-icon-list-icon\">\n\t\t\t\t\t\t\t<i aria-hidden=\"true\" class=\"fas fa-chevron-right\"><\/i>\t\t\t\t\t\t<\/span>\n\t\t\t\t\t\t\t\t\t\t<span class=\"elementor-icon-list-text\">acc\u00e8s rapide aux rapports d'historique des v\u00e9hicules,<\/span>\n\t\t\t\t\t\t\t\t\t<\/li>\n\t\t\t\t\t\t\t\t<li class=\"elementor-icon-list-item\">\n\t\t\t\t\t\t\t\t\t\t\t<span class=\"elementor-icon-list-icon\">\n\t\t\t\t\t\t\t<i aria-hidden=\"true\" class=\"fas fa-chevron-right\"><\/i>\t\t\t\t\t\t<\/span>\n\t\t\t\t\t\t\t\t\t\t<span class=\"elementor-icon-list-text\">achat sans esp\u00e8ces de rapports par les employ\u00e9s,<\/span>\n\t\t\t\t\t\t\t\t\t<\/li>\n\t\t\t\t\t\t\t\t<li class=\"elementor-icon-list-item\">\n\t\t\t\t\t\t\t\t\t\t\t<span class=\"elementor-icon-list-icon\">\n\t\t\t\t\t\t\t<i aria-hidden=\"true\" class=\"fas fa-chevron-right\"><\/i>\t\t\t\t\t\t<\/span>\n\t\t\t\t\t\t\t\t\t\t<span class=\"elementor-icon-list-text\">contr\u00f4le actuel sur le solde du compte,<\/span>\n\t\t\t\t\t\t\t\t\t<\/li>\n\t\t\t\t\t\t\t\t<li class=\"elementor-icon-list-item\">\n\t\t\t\t\t\t\t\t\t\t\t<span class=\"elementor-icon-list-icon\">\n\t\t\t\t\t\t\t<i aria-hidden=\"true\" class=\"fas fa-chevron-right\"><\/i>\t\t\t\t\t\t<\/span>\n\t\t\t\t\t\t\t\t\t\t<span class=\"elementor-icon-list-text\">acc\u00e8s \u00e0 un syst\u00e8me de gestion des factures automatis\u00e9.<\/span>\n\t\t\t\t\t\t\t\t\t<\/li>\n\t\t\t\t\t\t<\/ul>\n\t\t\t\t\t\t<\/div>\n\t\t\t\t<\/div>\n\t\t\t\t<\/div>\n\t\t<div class=\"elementor-element elementor-element-1c74cfe e-con-full e-flex e-con e-child\" data-id=\"1c74cfe\" data-element_type=\"container\" data-e-type=\"container\">\n\t\t\t\t<div class=\"elementor-element elementor-element-2ca2a3c elementor-widget elementor-widget-image\" data-id=\"2ca2a3c\" data-element_type=\"widget\" data-e-type=\"widget\" data-widget_type=\"image.default\">\n\t\t\t\t<div class=\"elementor-widget-container\">\n\t\t\t\t\t\t\t\t\t\t\t\t\t\t\t<img fetchpriority=\"high\" decoding=\"async\" width=\"325\" height=\"315\" src=\"https:\/\/www.vin-info.com\/wp-content\/uploads\/2024\/07\/ico-reports.png\" class=\"attachment-large size-large wp-image-774\" alt=\"\" srcset=\"https:\/\/www.vin-info.com\/wp-content\/uploads\/2024\/07\/ico-reports.png 325w, https:\/\/www.vin-info.com\/wp-content\/uploads\/2024\/07\/ico-reports-300x291.png 300w\" sizes=\"(max-width: 325px) 100vw, 325px\" \/>\t\t\t\t\t\t\t\t\t\t\t\t\t\t\t<\/div>\n\t\t\t\t<\/div>\n\t\t\t\t<\/div>\n\t\t\t\t<\/div>\n\t\t\t\t<div class=\"elementor-element elementor-element-3aaa89c elementor-widget-divider--view-line elementor-widget elementor-widget-divider\" data-id=\"3aaa89c\" data-element_type=\"widget\" data-e-type=\"widget\" data-widget_type=\"divider.default\">\n\t\t\t\t<div class=\"elementor-widget-container\">\n\t\t\t\t\t\t\t<div class=\"elementor-divider\">\n\t\t\t<span class=\"elementor-divider-separator\">\n\t\t\t\t\t\t<\/span>\n\t\t<\/div>\n\t\t\t\t\t\t<\/div>\n\t\t\t\t<\/div>\n\t\t\t\t\t<\/div>\n\t\t\t\t<\/div>\n\t\t<div class=\"elementor-element elementor-element-ddfa42e e-flex e-con-boxed e-con e-parent\" data-id=\"ddfa42e\" data-element_type=\"container\" data-e-type=\"container\">\n\t\t\t\t\t<div class=\"e-con-inner\">\n\t\t\t\t<div class=\"elementor-element elementor-element-8c06ab5 elementor-widget elementor-widget-heading\" data-id=\"8c06ab5\" data-element_type=\"widget\" data-e-type=\"widget\" data-widget_type=\"heading.default\">\n\t\t\t\t<div class=\"elementor-widget-container\">\n\t\t\t\t\t<h2 class=\"elementor-heading-title elementor-size-default\">Comment acheter une licence pr\u00e9pay\u00e9e ?<\/h2>\t\t\t\t<\/div>\n\t\t\t\t<\/div>\n\t\t\t\t<div class=\"elementor-element elementor-element-26ed21e elementor-widget elementor-widget-text-editor\" data-id=\"26ed21e\" data-element_type=\"widget\" data-e-type=\"widget\" data-widget_type=\"text-editor.default\">\n\t\t\t\t<div class=\"elementor-widget-container\">\n\t\t\t\t\t\t\t\t\tL&rsquo;achat d&rsquo;une licence pr\u00e9pay\u00e9e n\u00e9cessite seulement trois \u00e9tapes simples. S\u00e9lectionnez le type de licence, acceptez nos r\u00e8glements. La troisi\u00e8me \u00e9tape consiste \u00e0 payer une facture proforma \u00e9mise \u00e0 l&rsquo;avance pour la licence. Apr\u00e8s avoir effectu\u00e9 votre paiement, vous recevrez une facture et votre code individuel avec lequel vous pourrez payer les rapports. Vous pouvez en savoir plus sur les conditions d&rsquo;utilisation sur la page des R\u00e8glements de Licence Pr\u00e9pay\u00e9e.    \t\t\t\t\t\t\t\t<\/div>\n\t\t\t\t<\/div>\n\t\t<div class=\"elementor-element elementor-element-706e928 e-grid e-con-full e-con e-child\" data-id=\"706e928\" data-element_type=\"container\" data-e-type=\"container\">\n\t\t\t\t<div class=\"elementor-element elementor-element-ae93091 elementor-position-top elementor-widget elementor-widget-image-box\" data-id=\"ae93091\" data-element_type=\"widget\" data-e-type=\"widget\" data-widget_type=\"image-box.default\">\n\t\t\t\t<div class=\"elementor-widget-container\">\n\t\t\t\t\t<div class=\"elementor-image-box-wrapper\"><figure class=\"elementor-image-box-img\"><img decoding=\"async\" width=\"299\" height=\"209\" src=\"https:\/\/www.vin-info.com\/wp-content\/uploads\/2024\/07\/ico-buy-step-1.svg\" class=\"attachment-full size-full wp-image-788\" alt=\"\" \/><\/figure><div class=\"elementor-image-box-content\"><h3 class=\"elementor-image-box-title\">\u00c9tape 1<\/h3><p class=\"elementor-image-box-description\">S\u00e9lectionnez une licence et remplissez le formulaire.<\/p><\/div><\/div>\t\t\t\t<\/div>\n\t\t\t\t<\/div>\n\t\t\t\t<div class=\"elementor-element elementor-element-67b50cf elementor-position-top elementor-widget elementor-widget-image-box\" data-id=\"67b50cf\" data-element_type=\"widget\" data-e-type=\"widget\" data-widget_type=\"image-box.default\">\n\t\t\t\t<div class=\"elementor-widget-container\">\n\t\t\t\t\t<div class=\"elementor-image-box-wrapper\"><figure class=\"elementor-image-box-img\"><img decoding=\"async\" width=\"299\" height=\"209\" src=\"https:\/\/www.vin-info.com\/wp-content\/uploads\/2024\/07\/ico-buy-step-2.svg\" class=\"attachment-full size-full wp-image-802\" alt=\"\" \/><\/figure><div class=\"elementor-image-box-content\"><h3 class=\"elementor-image-box-title\">\u00c9tape 2<\/h3><p class=\"elementor-image-box-description\">Payer la facture pro forma re\u00e7ue.<\/p><\/div><\/div>\t\t\t\t<\/div>\n\t\t\t\t<\/div>\n\t\t\t\t<div class=\"elementor-element elementor-element-e715f38 elementor-position-top elementor-widget elementor-widget-image-box\" data-id=\"e715f38\" data-element_type=\"widget\" data-e-type=\"widget\" data-widget_type=\"image-box.default\">\n\t\t\t\t<div class=\"elementor-widget-container\">\n\t\t\t\t\t<div class=\"elementor-image-box-wrapper\"><figure class=\"elementor-image-box-img\"><img loading=\"lazy\" decoding=\"async\" width=\"299\" height=\"209\" src=\"https:\/\/www.vin-info.com\/wp-content\/uploads\/2024\/07\/ico-buy-step-3.svg\" class=\"attachment-full size-full wp-image-816\" alt=\"\" \/><\/figure><div class=\"elementor-image-box-content\"><h3 class=\"elementor-image-box-title\">\u00c9tape 3<\/h3><p class=\"elementor-image-box-description\">Obesite svoj jedinstveni kod<\/p><\/div><\/div>\t\t\t\t<\/div>\n\t\t\t\t<\/div>\n\t\t\t\t<\/div>\n\t\t\t\t<div class=\"elementor-element elementor-element-6abf509 elementor-position-right elementor-vertical-align-middle elementor-widget elementor-widget-image-box\" data-id=\"6abf509\" data-element_type=\"widget\" data-e-type=\"widget\" data-widget_type=\"image-box.default\">\n\t\t\t\t<div class=\"elementor-widget-container\">\n\t\t\t\t\t<div class=\"elementor-image-box-wrapper\"><figure class=\"elementor-image-box-img\"><img loading=\"lazy\" decoding=\"async\" width=\"163\" height=\"143\" src=\"https:\/\/www.vin-info.com\/wp-content\/uploads\/2024\/07\/ico-licence-monitor.svg\" class=\"attachment-full size-full wp-image-858\" alt=\"\" \/><\/figure><div class=\"elementor-image-box-content\"><p class=\"elementor-image-box-description\">La licence pr\u00e9pay\u00e9e vous permet de t\u00e9l\u00e9charger les rapports sans avoir \u00e0 payer en ligne \u00e0 chaque fois. La dur\u00e9e et la valeur de la licence sont au choix de l'utilisateur. <\/p><\/div><\/div>\t\t\t\t<\/div>\n\t\t\t\t<\/div>\n\t\t\t\t<div class=\"elementor-element elementor-element-f9a6160 elementor-widget-divider--view-line elementor-widget elementor-widget-divider\" data-id=\"f9a6160\" data-element_type=\"widget\" data-e-type=\"widget\" data-widget_type=\"divider.default\">\n\t\t\t\t<div class=\"elementor-widget-container\">\n\t\t\t\t\t\t\t<div class=\"elementor-divider\">\n\t\t\t<span class=\"elementor-divider-separator\">\n\t\t\t\t\t\t<\/span>\n\t\t<\/div>\n\t\t\t\t\t\t<\/div>\n\t\t\t\t<\/div>\n\t\t\t\t\t<\/div>\n\t\t\t\t<\/div>\n\t\t<div class=\"elementor-element elementor-element-17e5e5e e-flex e-con-boxed e-con e-parent\" data-id=\"17e5e5e\" data-element_type=\"container\" data-e-type=\"container\">\n\t\t\t\t\t<div class=\"e-con-inner\">\n\t\t\t\t<div class=\"elementor-element elementor-element-16f1d2c elementor-widget elementor-widget-heading\" data-id=\"16f1d2c\" data-element_type=\"widget\" data-e-type=\"widget\" data-widget_type=\"heading.default\">\n\t\t\t\t<div class=\"elementor-widget-container\">\n\t\t\t\t\t<h2 class=\"elementor-heading-title elementor-size-default\">Comment utiliser la licence pr\u00e9pay\u00e9e ?<\/h2>\t\t\t\t<\/div>\n\t\t\t\t<\/div>\n\t\t\t\t<div class=\"elementor-element elementor-element-8b2ba3f elementor-widget elementor-widget-text-editor\" data-id=\"8b2ba3f\" data-element_type=\"widget\" data-e-type=\"widget\" data-widget_type=\"text-editor.default\">\n\t\t\t\t<div class=\"elementor-widget-container\">\n\t\t\t\t\t\t\t\t\t<p>L&rsquo;utilisation de la licence est tr\u00e8s simple et beaucoup plus pratique que la forme d&rsquo;achat traditionnelle. Tout ce dont vous avez besoin est votre num\u00e9ro VIN et un code de licence valide pour t\u00e9l\u00e9charger n&rsquo;importe quel rapport de notre site web de mani\u00e8re rapide et pratique. <\/p>\t\t\t\t\t\t\t\t<\/div>\n\t\t\t\t<\/div>\n\t\t<div class=\"elementor-element elementor-element-d95aaba e-grid e-con-full e-con e-child\" data-id=\"d95aaba\" data-element_type=\"container\" data-e-type=\"container\">\n\t\t\t\t<div class=\"elementor-element elementor-element-51d19f5 elementor-position-top elementor-widget elementor-widget-image-box\" data-id=\"51d19f5\" data-element_type=\"widget\" data-e-type=\"widget\" data-widget_type=\"image-box.default\">\n\t\t\t\t<div class=\"elementor-widget-container\">\n\t\t\t\t\t<div class=\"elementor-image-box-wrapper\"><figure class=\"elementor-image-box-img\"><img loading=\"lazy\" decoding=\"async\" width=\"360\" height=\"240\" src=\"https:\/\/www.vin-info.com\/wp-content\/uploads\/2024\/07\/ico-enter-vin.svg\" class=\"attachment-full size-full wp-image-844\" alt=\"\" \/><\/figure><div class=\"elementor-image-box-content\"><p class=\"elementor-image-box-description\"><b>Entrez votre VIN<\/b> en gras et attendez le r\u00e9sultat gratuit de la v\u00e9rification du VIN.<\/p><\/div><\/div>\t\t\t\t<\/div>\n\t\t\t\t<\/div>\n\t\t\t\t<div class=\"elementor-element elementor-element-0327244 elementor-position-top elementor-widget elementor-widget-image-box\" data-id=\"0327244\" data-element_type=\"widget\" data-e-type=\"widget\" data-widget_type=\"image-box.default\">\n\t\t\t\t<div class=\"elementor-widget-container\">\n\t\t\t\t\t<div class=\"elementor-image-box-wrapper\"><figure class=\"elementor-image-box-img\"><img loading=\"lazy\" decoding=\"async\" width=\"360\" height=\"240\" src=\"https:\/\/www.vin-info.com\/wp-content\/uploads\/2024\/07\/ico-select-report.svg\" class=\"attachment-full size-full wp-image-886\" alt=\"\" \/><\/figure><div class=\"elementor-image-box-content\"><p class=\"elementor-image-box-description\">Paiement pour les rapports en utilisant votre code pr\u00e9pay\u00e9 individuel.<\/p><\/div><\/div>\t\t\t\t<\/div>\n\t\t\t\t<\/div>\n\t\t\t\t<div class=\"elementor-element elementor-element-67cac8a elementor-position-top elementor-widget elementor-widget-image-box\" data-id=\"67cac8a\" data-element_type=\"widget\" data-e-type=\"widget\" data-widget_type=\"image-box.default\">\n\t\t\t\t<div class=\"elementor-widget-container\">\n\t\t\t\t\t<div class=\"elementor-image-box-wrapper\"><figure class=\"elementor-image-box-img\"><img loading=\"lazy\" decoding=\"async\" width=\"360\" height=\"240\" src=\"https:\/\/www.vin-info.com\/wp-content\/uploads\/2024\/07\/ico-enter-licence-01.svg\" class=\"attachment-full size-full wp-image-830\" alt=\"\" \/><\/figure><div class=\"elementor-image-box-content\"><p class=\"elementor-image-box-description\">Les frais pour le rapport <b>VIN <\/b>seront d\u00e9duits de votre Code.<\/p><\/div><\/div>\t\t\t\t<\/div>\n\t\t\t\t<\/div>\n\t\t\t\t<div class=\"elementor-element elementor-element-de8dc63 elementor-position-top elementor-widget elementor-widget-image-box\" data-id=\"de8dc63\" data-element_type=\"widget\" data-e-type=\"widget\" data-widget_type=\"image-box.default\">\n\t\t\t\t<div class=\"elementor-widget-container\">\n\t\t\t\t\t<div class=\"elementor-image-box-wrapper\"><figure class=\"elementor-image-box-img\"><img loading=\"lazy\" decoding=\"async\" width=\"248\" height=\"265\" src=\"https:\/\/www.vin-info.com\/wp-content\/uploads\/2024\/07\/ico-report.svg\" class=\"attachment-full size-full wp-image-872\" alt=\"\" \/><\/figure><div class=\"elementor-image-box-content\"><p class=\"elementor-image-box-description\"><b>G\u00e9n\u00e9ration de rapport VIN<\/b><\/p><\/div><\/div>\t\t\t\t<\/div>\n\t\t\t\t<\/div>\n\t\t\t\t<\/div>\n\t\t\t\t<div class=\"elementor-element elementor-element-b899cb1 elementor-position-right elementor-vertical-align-middle elementor-widget elementor-widget-image-box\" data-id=\"b899cb1\" data-element_type=\"widget\" data-e-type=\"widget\" data-widget_type=\"image-box.default\">\n\t\t\t\t<div class=\"elementor-widget-container\">\n\t\t\t\t\t<div class=\"elementor-image-box-wrapper\"><figure class=\"elementor-image-box-img\"><img loading=\"lazy\" decoding=\"async\" width=\"1583\" height=\"602\" src=\"https:\/\/www.vin-info.com\/wp-content\/uploads\/2024\/07\/ico-licence-buying-process.svg\" class=\"attachment-full size-full wp-image-903\" alt=\"\" \/><\/figure><div class=\"elementor-image-box-content\"><p class=\"elementor-image-box-description\">Le compte utilisateur recharg\u00e9 avec des fonds vous permet de t\u00e9l\u00e9charger des rapports VIN sans avoir \u00e0 payer en ligne \u00e0 chaque fois. Vous choisissez la dur\u00e9e de validit\u00e9 de la licence et le montant lors de l'achat. <\/p><\/div><\/div>\t\t\t\t<\/div>\n\t\t\t\t<\/div>\n\t\t\t\t<div class=\"elementor-element elementor-element-ebee040 elementor-align-center elementor-widget elementor-widget-button\" data-id=\"ebee040\" data-element_type=\"widget\" data-e-type=\"widget\" id=\"prepaid-buy\" data-widget_type=\"button.default\">\n\t\t\t\t<div class=\"elementor-widget-container\">\n\t\t\t\t\t\t\t\t\t<div class=\"elementor-button-wrapper\">\n\t\t\t\t\t<a class=\"elementor-button elementor-button-link elementor-size-sm\" href=\"\/fr\/page\/order-new-license\" id=\"btn-pp-order\">\n\t\t\t\t\t\t<span class=\"elementor-button-content-wrapper\">\n\t\t\t\t\t\t\t\t\t<span class=\"elementor-button-text\">Commander le code pr\u00e9pay\u00e9<\/span>\n\t\t\t\t\t<\/span>\n\t\t\t\t\t<\/a>\n\t\t\t\t<\/div>\n\t\t\t\t\t\t\t\t<\/div>\n\t\t\t\t<\/div>\n\t\t\t\t\t<\/div>\n\t\t\t\t<\/div>\n\t\t\t\t<\/div>\n\t\t","protected":false},"excerpt":{"rendered":"<p>Nous avons pr\u00e9par\u00e9 une offre sp\u00e9ciale de licence pr\u00e9pay\u00e9e pour nos clients r\u00e9guliers, qui vous permettra \u00e0 vous ou \u00e0 vos employ\u00e9s de t\u00e9l\u00e9charger des rapports d&rsquo;historique de v\u00e9hicule de mani\u00e8re pratique et rapide.<\/p>\n","protected":false},"author":2,"featured_media":0,"parent":0,"menu_order":0,"comment_status":"closed","ping_status":"closed","template":"","meta":{"inline_featured_image":false,"footnotes":""},"class_list":["post-1636","page","type-page","status-publish","hentry"],"_links":{"self":[{"href":"https:\/\/www.vin-info.com\/fr\/wp-json\/wp\/v2\/pages\/1636","targetHints":{"allow":["GET"]}}],"collection":[{"href":"https:\/\/www.vin-info.com\/fr\/wp-json\/wp\/v2\/pages"}],"about":[{"href":"https:\/\/www.vin-info.com\/fr\/wp-json\/wp\/v2\/types\/page"}],"author":[{"embeddable":true,"href":"https:\/\/www.vin-info.com\/fr\/wp-json\/wp\/v2\/users\/2"}],"replies":[{"embeddable":true,"href":"https:\/\/www.vin-info.com\/fr\/wp-json\/wp\/v2\/comments?post=1636"}],"version-history":[{"count":6,"href":"https:\/\/www.vin-info.com\/fr\/wp-json\/wp\/v2\/pages\/1636\/revisions"}],"predecessor-version":[{"id":5210,"href":"https:\/\/www.vin-info.com\/fr\/wp-json\/wp\/v2\/pages\/1636\/revisions\/5210"}],"wp:attachment":[{"href":"https:\/\/www.vin-info.com\/fr\/wp-json\/wp\/v2\/media?parent=1636"}],"curies":[{"name":"wp","href":"https:\/\/api.w.org\/{rel}","templated":true}]}}