{"id":1610,"date":"2024-08-08T16:02:42","date_gmt":"2024-08-08T14:02:42","guid":{"rendered":"https:\/\/www.vin-info.com\/comment-commander-un-rapport-dhistorique-de-vehicule\/"},"modified":"2024-09-06T15:10:25","modified_gmt":"2024-09-06T13:10:25","slug":"comment-commander-un-rapport-dhistorique-de-vehicule","status":"publish","type":"page","link":"https:\/\/www.vin-info.com\/fr\/comment-commander-un-rapport-dhistorique-de-vehicule\/","title":{"rendered":"Comment commander un rapport d&rsquo;historique de v\u00e9hicule ?"},"content":{"rendered":"\t\t<div data-elementor-type=\"wp-page\" data-elementor-id=\"1610\" class=\"elementor elementor-1610 elementor-77\" data-elementor-post-type=\"page\">\n\t\t\t\t<div class=\"elementor-element elementor-element-34f7aea e-flex e-con-boxed e-con e-parent\" data-id=\"34f7aea\" data-element_type=\"container\" data-e-type=\"container\">\n\t\t\t\t\t<div class=\"e-con-inner\">\n\t\t\t\t<div class=\"elementor-element elementor-element-791dfaf elementor-position-right elementor-position-right elementor-vertical-align-top elementor-vertical-align-top elementor-widget elementor-widget-image-box\" data-id=\"791dfaf\" data-element_type=\"widget\" data-e-type=\"widget\" data-widget_type=\"image-box.default\">\n\t\t\t\t<div class=\"elementor-widget-container\">\n\t\t\t\t\t<div class=\"elementor-image-box-wrapper\"><figure class=\"elementor-image-box-img\"><img decoding=\"async\" width=\"1\" height=\"1\" src=\"https:\/\/www.vin-info.com\/wp-content\/uploads\/2024\/07\/vi-free-vin-check.svg\" class=\"attachment-medium_large size-medium_large wp-image-268\" alt=\"\" \/><\/figure><div class=\"elementor-image-box-content\"><h3 class=\"elementor-image-box-title\">Choisir un sujet<\/h3><p class=\"elementor-image-box-description\">Dans la premi\u00e8re \u00e9tape, \u00e9crivez les 17 chiffres du VIN dans l'espace jaune de la page d'accueil ou dans les petits espaces jaunes disponibles sur chaque page. Ensuite, cliquez sur V\u00e9rifier.  <br><br><i> Le num\u00e9ro d'identification du v\u00e9hicule (NIV) est un code unique attribu\u00e9 \u00e0 chaque v\u00e9hicule \u00e0 moteur lors de sa fabrication. Compos\u00e9 de 17 caract\u00e8res (chiffres et lettres majuscules), le NIV fournit des informations cl\u00e9s sur le v\u00e9hicule, y compris le pays d'origine, le fabricant, le type de v\u00e9hicule et l'ann\u00e9e mod\u00e8le. Ce num\u00e9ro est crucial pour l'enregistrement du v\u00e9hicule, l'assurance et les rapports d'historique, aidant \u00e0 identifier et \u00e0 suivre le v\u00e9hicule tout au long de sa dur\u00e9e de vie. Le NIV se trouve g\u00e9n\u00e9ralement sur le tableau de bord, la porte du c\u00f4t\u00e9 conducteur ou les documents du v\u00e9hicule.   <\/i><\/p><\/div><\/div>\t\t\t\t<\/div>\n\t\t\t\t<\/div>\n\t\t\t\t<div class=\"elementor-element elementor-element-aa5ddbd elementor-widget-divider--view-line_icon elementor-view-default elementor-widget-divider--element-align-center elementor-widget elementor-widget-divider\" data-id=\"aa5ddbd\" data-element_type=\"widget\" data-e-type=\"widget\" data-widget_type=\"divider.default\">\n\t\t\t\t<div class=\"elementor-widget-container\">\n\t\t\t\t\t\t\t<div class=\"elementor-divider\">\n\t\t\t<span class=\"elementor-divider-separator\">\n\t\t\t\t\t\t\t<div class=\"elementor-icon elementor-divider__element\">\n\t\t\t\t\t<i aria-hidden=\"true\" class=\"fas fa-chevron-down\"><\/i><\/div>\n\t\t\t\t\t\t<\/span>\n\t\t<\/div>\n\t\t\t\t\t\t<\/div>\n\t\t\t\t<\/div>\n\t\t\t\t<div class=\"elementor-element elementor-element-31ed445 elementor-position-right elementor-vertical-align-top elementor-widget elementor-widget-image-box\" data-id=\"31ed445\" data-element_type=\"widget\" data-e-type=\"widget\" data-widget_type=\"image-box.default\">\n\t\t\t\t<div class=\"elementor-widget-container\">\n\t\t\t\t\t<div class=\"elementor-image-box-wrapper\"><figure class=\"elementor-image-box-img\"><img decoding=\"async\" width=\"1\" height=\"1\" src=\"https:\/\/www.vin-info.com\/wp-content\/uploads\/2024\/07\/vi-vehicle-history-records.svg\" class=\"attachment-medium_large size-medium_large wp-image-254\" alt=\"\" \/><\/figure><div class=\"elementor-image-box-content\"><h3 class=\"elementor-image-box-title\">V\u00e9rifiez la disponibilit\u00e9 du rapport.<\/h3><p class=\"elementor-image-box-description\">Le d\u00e9codage gratuit du v\u00e9hicule montre, sur la base d'un syst\u00e8me expert, des informations sur : la marque du v\u00e9hicule, le mod\u00e8le, le pays d'origine, le type de carburant, le type de carrosserie, le lieu d'assemblage, etc. Ces informations sont identiques \u00e0 celles que vous verrez dans le rapport. Si la reconnaissance gratuite du v\u00e9hicule n'affiche pas certaines de ces donn\u00e9es, cela signifie qu'elles ne seront \u00e9galement pas affich\u00e9es dans le rapport.   <br><br> La section Contenu du V\u00e9hicule d\u00e9finit les informations sur le v\u00e9hicule qui sont disponibles dans notre base de donn\u00e9es. Celles-ci sont : ann\u00e9e mod\u00e8le\/ann\u00e9e de production, kilom\u00e9trage, historique des v\u00e9rifications, bases de donn\u00e9es des v\u00e9hicules vol\u00e9s, d\u00e9fauts du fabricant, informations sur le fabricant, photographies du v\u00e9hicule et autres. Seuls les \u00e9l\u00e9ments marqu\u00e9s d'une case verte de disponibilit\u00e9 des donn\u00e9es seront remplis dans le rapport. Les autres \u00e9l\u00e9ments, s'ils sont vides ou s'il y a une note indiquant qu'aucun enregistrement\/donn\u00e9e n'est disponible, impossible \u00e0 v\u00e9rifier, indisponibilit\u00e9, pas de photos, seront \u00e9galement laiss\u00e9s vides dans le rapport.    <\/p><\/div><\/div>\t\t\t\t<\/div>\n\t\t\t\t<\/div>\n\t\t\t\t<div class=\"elementor-element elementor-element-4ffd580 elementor-widget-divider--view-line_icon elementor-view-default elementor-widget-divider--element-align-center elementor-widget elementor-widget-divider\" data-id=\"4ffd580\" data-element_type=\"widget\" data-e-type=\"widget\" data-widget_type=\"divider.default\">\n\t\t\t\t<div class=\"elementor-widget-container\">\n\t\t\t\t\t\t\t<div class=\"elementor-divider\">\n\t\t\t<span class=\"elementor-divider-separator\">\n\t\t\t\t\t\t\t<div class=\"elementor-icon elementor-divider__element\">\n\t\t\t\t\t<i aria-hidden=\"true\" class=\"fas fa-chevron-down\"><\/i><\/div>\n\t\t\t\t\t\t<\/span>\n\t\t<\/div>\n\t\t\t\t\t\t<\/div>\n\t\t\t\t<\/div>\n\t\t\t\t<div class=\"elementor-element elementor-element-3eacbd3 elementor-position-right elementor-vertical-align-top elementor-widget elementor-widget-image-box\" data-id=\"3eacbd3\" data-element_type=\"widget\" data-e-type=\"widget\" data-widget_type=\"image-box.default\">\n\t\t\t\t<div class=\"elementor-widget-container\">\n\t\t\t\t\t<div class=\"elementor-image-box-wrapper\"><figure class=\"elementor-image-box-img\"><img decoding=\"async\" width=\"1\" height=\"1\" src=\"https:\/\/www.vin-info.com\/wp-content\/uploads\/2024\/07\/vi-vehicle-history-reports.svg\" class=\"attachment-medium_large size-medium_large wp-image-282\" alt=\"\" \/><\/figure><div class=\"elementor-image-box-content\"><h3 class=\"elementor-image-box-title\">Choisissez le type de rapport<\/h3><p class=\"elementor-image-box-description\">Dans l'\u00e9tape suivante, vous serez redirig\u00e9 vers le service de paiement choisi pr\u00e9c\u00e9demment. Veuillez suivre les instructions \u00e0 l'\u00e9cran pour compl\u00e9ter le paiement. Si la reconnaissance gratuite correspond \u00e0 vos attentes, vous pouvez proc\u00e9der \u00e0 l'achat du rapport. Pour continuer, \u00e9crivez votre e-mail (vous permettant d'acc\u00e9der au rapport plus tard), choisissez les bonnes options et s\u00e9lectionnez le mode de paiement. Apr\u00e8s avoir choisi les options, vous verrez le total \u00e0 payer en bas de la page. Ensuite, cliquez sur <b>Commander<\/b>.    <\/p><\/div><\/div>\t\t\t\t<\/div>\n\t\t\t\t<\/div>\n\t\t\t\t<div class=\"elementor-element elementor-element-c410f5f elementor-widget-divider--view-line_icon elementor-view-default elementor-widget-divider--element-align-center elementor-widget elementor-widget-divider\" data-id=\"c410f5f\" data-element_type=\"widget\" data-e-type=\"widget\" data-widget_type=\"divider.default\">\n\t\t\t\t<div class=\"elementor-widget-container\">\n\t\t\t\t\t\t\t<div class=\"elementor-divider\">\n\t\t\t<span class=\"elementor-divider-separator\">\n\t\t\t\t\t\t\t<div class=\"elementor-icon elementor-divider__element\">\n\t\t\t\t\t<i aria-hidden=\"true\" class=\"fas fa-chevron-down\"><\/i><\/div>\n\t\t\t\t\t\t<\/span>\n\t\t<\/div>\n\t\t\t\t\t\t<\/div>\n\t\t\t\t<\/div>\n\t\t\t\t<div class=\"elementor-element elementor-element-2da3196 elementor-position-right elementor-vertical-align-top elementor-widget elementor-widget-image-box\" data-id=\"2da3196\" data-element_type=\"widget\" data-e-type=\"widget\" data-widget_type=\"image-box.default\">\n\t\t\t\t<div class=\"elementor-widget-container\">\n\t\t\t\t\t<div class=\"elementor-image-box-wrapper\"><figure class=\"elementor-image-box-img\"><img loading=\"lazy\" decoding=\"async\" width=\"1\" height=\"1\" src=\"https:\/\/www.vin-info.com\/wp-content\/uploads\/2024\/07\/vi-payments-method.svg\" class=\"attachment-medium_large size-medium_large wp-image-296\" alt=\"\" \/><\/figure><div class=\"elementor-image-box-content\"><h3 class=\"elementor-image-box-title\">Payer pour le rapport<\/h3><p class=\"elementor-image-box-description\">Selon le mode de paiement choisi, vous serez dirig\u00e9 vers le site de paiement \/ le site de la banque. Ensuite, vous proc\u00e9derez selon les instructions affich\u00e9es \u00e0 l'\u00e9cran. <\/p><\/div><\/div>\t\t\t\t<\/div>\n\t\t\t\t<\/div>\n\t\t\t\t<div class=\"elementor-element elementor-element-f690345 elementor-widget-divider--view-line_icon elementor-view-default elementor-widget-divider--element-align-center elementor-widget elementor-widget-divider\" data-id=\"f690345\" data-element_type=\"widget\" data-e-type=\"widget\" data-widget_type=\"divider.default\">\n\t\t\t\t<div class=\"elementor-widget-container\">\n\t\t\t\t\t\t\t<div class=\"elementor-divider\">\n\t\t\t<span class=\"elementor-divider-separator\">\n\t\t\t\t\t\t\t<div class=\"elementor-icon elementor-divider__element\">\n\t\t\t\t\t<i aria-hidden=\"true\" class=\"fas fa-chevron-down\"><\/i><\/div>\n\t\t\t\t\t\t<\/span>\n\t\t<\/div>\n\t\t\t\t\t\t<\/div>\n\t\t\t\t<\/div>\n\t\t\t\t<div class=\"elementor-element elementor-element-44e0c40 elementor-position-right elementor-vertical-align-top elementor-widget elementor-widget-image-box\" data-id=\"44e0c40\" data-element_type=\"widget\" data-e-type=\"widget\" data-widget_type=\"image-box.default\">\n\t\t\t\t<div class=\"elementor-widget-container\">\n\t\t\t\t\t<div class=\"elementor-image-box-wrapper\"><figure class=\"elementor-image-box-img\"><img loading=\"lazy\" decoding=\"async\" width=\"1\" height=\"1\" src=\"https:\/\/www.vin-info.com\/wp-content\/uploads\/2024\/07\/vi-user-account-vin-list.svg\" class=\"attachment-medium_large size-medium_large wp-image-310\" alt=\"\" \/><\/figure><div class=\"elementor-image-box-content\"><h3 class=\"elementor-image-box-title\">Voir le rapport achet\u00e9<\/h3><p class=\"elementor-image-box-description\">Apr\u00e8s avoir effectu\u00e9 le paiement, vous serez automatiquement connect\u00e9 au site Web en utilisant l'adresse e-mail pr\u00e9c\u00e9demment fournie et dirig\u00e9 vers votre compte. Cette page contient des informations de base sur notre compte et une liste des rapports achet\u00e9s. Les statuts des rapports sur la liste sont mis \u00e0 jour dynamiquement. Les ic\u00f4nes d\u00e9signent le statut de paiement et la phase de g\u00e9n\u00e9ration du rapport. Le rapport sera livr\u00e9 imm\u00e9diatement apr\u00e8s le paiement, et vous recevrez une notification \u00e0 l'adresse e-mail fournie. Apr\u00e8s la g\u00e9n\u00e9ration du rapport, il sera disponible pendant 30 jours.      <\/p><\/div><\/div>\t\t\t\t<\/div>\n\t\t\t\t<\/div>\n\t\t\t\t\t<\/div>\n\t\t\t\t<\/div>\n\t\t\t\t<\/div>\n\t\t","protected":false},"excerpt":{"rendered":"<p>V\u00e9rifier un v\u00e9hicule est tr\u00e8s facile et ne prend pas plus de 5 minutes. Vous devez suivre 5 \u00e9tapes simples pour obtenir le rapport. <\/p>\n","protected":false},"author":2,"featured_media":0,"parent":0,"menu_order":0,"comment_status":"closed","ping_status":"closed","template":"","meta":{"inline_featured_image":false,"footnotes":""},"class_list":["post-1610","page","type-page","status-publish","hentry"],"_links":{"self":[{"href":"https:\/\/www.vin-info.com\/fr\/wp-json\/wp\/v2\/pages\/1610","targetHints":{"allow":["GET"]}}],"collection":[{"href":"https:\/\/www.vin-info.com\/fr\/wp-json\/wp\/v2\/pages"}],"about":[{"href":"https:\/\/www.vin-info.com\/fr\/wp-json\/wp\/v2\/types\/page"}],"author":[{"embeddable":true,"href":"https:\/\/www.vin-info.com\/fr\/wp-json\/wp\/v2\/users\/2"}],"replies":[{"embeddable":true,"href":"https:\/\/www.vin-info.com\/fr\/wp-json\/wp\/v2\/comments?post=1610"}],"version-history":[{"count":4,"href":"https:\/\/www.vin-info.com\/fr\/wp-json\/wp\/v2\/pages\/1610\/revisions"}],"predecessor-version":[{"id":3819,"href":"https:\/\/www.vin-info.com\/fr\/wp-json\/wp\/v2\/pages\/1610\/revisions\/3819"}],"wp:attachment":[{"href":"https:\/\/www.vin-info.com\/fr\/wp-json\/wp\/v2\/media?parent=1610"}],"curies":[{"name":"wp","href":"https:\/\/api.w.org\/{rel}","templated":true}]}}