{"id":2306,"date":"2024-08-14T09:57:34","date_gmt":"2024-08-14T07:57:34","guid":{"rendered":"https:\/\/www.vin-info.com\/vin-dekoder\/"},"modified":"2024-08-14T09:57:35","modified_gmt":"2024-08-14T07:57:35","slug":"vin-dekoder","status":"publish","type":"page","link":"https:\/\/www.vin-info.com\/de\/vin-dekoder\/","title":{"rendered":"VIN Dekoder"},"content":{"rendered":"\t\t<div data-elementor-type=\"wp-page\" data-elementor-id=\"2306\" class=\"elementor elementor-2306 elementor-745\" data-elementor-post-type=\"page\">\n\t\t\t\t<div class=\"elementor-element elementor-element-f4dfb66 e-flex e-con-boxed e-con e-parent\" data-id=\"f4dfb66\" data-element_type=\"container\" data-e-type=\"container\">\n\t\t\t\t\t<div class=\"e-con-inner\">\n\t\t\t\t<div class=\"elementor-element elementor-element-8ec60b0 elementor-widget elementor-widget-heading\" data-id=\"8ec60b0\" data-element_type=\"widget\" data-e-type=\"widget\" data-widget_type=\"heading.default\">\n\t\t\t\t<div class=\"elementor-widget-container\">\n\t\t\t\t\t<h2 class=\"elementor-heading-title elementor-size-default\">Was ist der Zweck des VIN-Decoders?<\/h2>\t\t\t\t<\/div>\n\t\t\t\t<\/div>\n\t\t\t\t<div class=\"elementor-element elementor-element-2976aaf elementor-widget elementor-widget-text-editor\" data-id=\"2976aaf\" data-element_type=\"widget\" data-e-type=\"widget\" data-widget_type=\"text-editor.default\">\n\t\t\t\t<div class=\"elementor-widget-container\">\n\t\t\t\t\t\t\t\t\t<p>Die Entschl\u00fcsselung einer VIN erm\u00f6glicht die Identifizierung und Verifizierung eines Fahrzeugs und liefert wichtige Informationen dar\u00fcber. Dies ist entscheidend, da es dem K\u00e4ufer erm\u00f6glicht, die vom Verk\u00e4ufer oder H\u00e4ndler angegebenen Details zu \u00fcberpr\u00fcfen. Durch die \u00dcberpr\u00fcfung der VIN erh\u00e4lt der potenzielle K\u00e4ufer Zugang zu allen grundlegenden Informationen \u00fcber das Fahrzeug sowie zu vielen zus\u00e4tzlichen Kategorien, die im Fahrzeughistorienbericht verf\u00fcgbar sind.  <\/p>\n\t\t\t\t\t\t\t\t<\/div>\n\t\t\t\t<\/div>\n\t\t\t\t<div class=\"elementor-element elementor-element-297acc6 elementor-widget elementor-widget-heading\" data-id=\"297acc6\" data-element_type=\"widget\" data-e-type=\"widget\" data-widget_type=\"heading.default\">\n\t\t\t\t<div class=\"elementor-widget-container\">\n\t\t\t\t\t<h2 class=\"elementor-heading-title elementor-size-default\">Welche Informationen kann ich vom VIN-Dekoder erhalten?<\/h2>\t\t\t\t<\/div>\n\t\t\t\t<\/div>\n\t\t\t\t<div class=\"elementor-element elementor-element-78148cc elementor-widget elementor-widget-text-editor\" data-id=\"78148cc\" data-element_type=\"widget\" data-e-type=\"widget\" data-widget_type=\"text-editor.default\">\n\t\t\t\t<div class=\"elementor-widget-container\">\n\t\t\t\t\t\t\t\t\t<p>Die Decodierung einer VIN wird zahlreiche wichtige Details \u00fcber das Fahrzeug offenbaren. Nach der Decodierung der VIN und der Bestellung eines Berichts wird der interessierte K\u00e4ufer erfahren \u00fcber: <\/p>\n\t\t\t\t\t\t\t\t<\/div>\n\t\t\t\t<\/div>\n\t\t\t\t<div class=\"elementor-element elementor-element-87a0377 elementor-icon-list--layout-traditional elementor-list-item-link-full_width elementor-widget elementor-widget-icon-list\" data-id=\"87a0377\" data-element_type=\"widget\" data-e-type=\"widget\" data-widget_type=\"icon-list.default\">\n\t\t\t\t<div class=\"elementor-widget-container\">\n\t\t\t\t\t\t\t<ul class=\"elementor-icon-list-items\">\n\t\t\t\t\t\t\t<li class=\"elementor-icon-list-item\">\n\t\t\t\t\t\t\t\t\t\t\t<span class=\"elementor-icon-list-icon\">\n\t\t\t\t\t\t\t<i aria-hidden=\"true\" class=\"fas fa-chevron-right\"><\/i>\t\t\t\t\t\t<\/span>\n\t\t\t\t\t\t\t\t\t\t<span class=\"elementor-icon-list-text\"><b>Technische Spezifikationen:<\/b> Hersteller, Modell, Treibstoffart, Karosserieart, Motorleistung, Anzahl der Sitze, Fahrzeugklasse.<\/span>\n\t\t\t\t\t\t\t\t\t<\/li>\n\t\t\t\t\t\t\t\t<li class=\"elementor-icon-list-item\">\n\t\t\t\t\t\t\t\t\t\t\t<span class=\"elementor-icon-list-icon\">\n\t\t\t\t\t\t\t<i aria-hidden=\"true\" class=\"fas fa-chevron-right\"><\/i>\t\t\t\t\t\t<\/span>\n\t\t\t\t\t\t\t\t\t\t<span class=\"elementor-icon-list-text\"><b>Inspektionen:<\/b> Fett Protokolle von Fahrzeuginspektionsstationen, autorisierten Servicezentren usw.<\/span>\n\t\t\t\t\t\t\t\t\t<\/li>\n\t\t\t\t\t\t\t\t<li class=\"elementor-icon-list-item\">\n\t\t\t\t\t\t\t\t\t\t\t<span class=\"elementor-icon-list-icon\">\n\t\t\t\t\t\t\t<i aria-hidden=\"true\" class=\"fas fa-chevron-right\"><\/i>\t\t\t\t\t\t<\/span>\n\t\t\t\t\t\t\t\t\t\t<span class=\"elementor-icon-list-text\"><b>Kilometerstand:<\/b> fettAufgezeichnete Kilometerst\u00e4nde.<\/span>\n\t\t\t\t\t\t\t\t\t<\/li>\n\t\t\t\t\t\t\t\t<li class=\"elementor-icon-list-item\">\n\t\t\t\t\t\t\t\t\t\t\t<span class=\"elementor-icon-list-icon\">\n\t\t\t\t\t\t\t<i aria-hidden=\"true\" class=\"fas fa-chevron-right\"><\/i>\t\t\t\t\t\t<\/span>\n\t\t\t\t\t\t\t\t\t\t<span class=\"elementor-icon-list-text\"><b>Fabrikfehler:<\/b> Fettgedruckte Hersteller-R\u00fcckrufe und bekannte Probleme.<\/span>\n\t\t\t\t\t\t\t\t\t<\/li>\n\t\t\t\t\t\t\t\t<li class=\"elementor-icon-list-item\">\n\t\t\t\t\t\t\t\t\t\t\t<span class=\"elementor-icon-list-icon\">\n\t\t\t\t\t\t\t<i aria-hidden=\"true\" class=\"fas fa-chevron-right\"><\/i>\t\t\t\t\t\t<\/span>\n\t\t\t\t\t\t\t\t\t\t<span class=\"elementor-icon-list-text\"><b>Herstellerinformationen: <\/b>fette Produktionsdatum, Montageort, Herkunftsland.<\/span>\n\t\t\t\t\t\t\t\t\t<\/li>\n\t\t\t\t\t\t\t\t<li class=\"elementor-icon-list-item\">\n\t\t\t\t\t\t\t\t\t\t\t<span class=\"elementor-icon-list-icon\">\n\t\t\t\t\t\t\t<i aria-hidden=\"true\" class=\"fas fa-chevron-right\"><\/i>\t\t\t\t\t\t<\/span>\n\t\t\t\t\t\t\t\t\t\t<span class=\"elementor-icon-list-text\"><b>Ausr\u00fcstung:<\/b> uninvasive Farbe und Sto\u00dff\u00e4ngerfarbe, Klimaanlage, Sitzbezugstoff, elektrisch betriebene oder get\u00f6nte Fenster, Schiebedach, beheizbare Sitze, Dachgep\u00e4cktr\u00e4ger, Alarmanlage, Tempomat, Airbags, Parksensoren, installierte Systeme, dekorative Verkleidungen usw.<\/span>\n\t\t\t\t\t\t\t\t\t<\/li>\n\t\t\t\t\t\t<\/ul>\n\t\t\t\t\t\t<\/div>\n\t\t\t\t<\/div>\n\t\t\t\t<div class=\"elementor-element elementor-element-9b04525 elementor-widget elementor-widget-text-editor\" data-id=\"9b04525\" data-element_type=\"widget\" data-e-type=\"widget\" data-widget_type=\"text-editor.default\">\n\t\t\t\t<div class=\"elementor-widget-container\">\n\t\t\t\t\t\t\t\t\t<p>Zus\u00e4tzlich hilft der VIN-Dekoder, zu pr\u00fcfen, ob das Fahrzeug in gestohlen Fahrzeugdatenbanken (in Polen, Europa und Nordamerika) aufgef\u00fchrt ist, und bietet Zugang zu Fotos von fr\u00fcheren Online-Auktionen.<\/p>\n\t\t\t\t\t\t\t\t<\/div>\n\t\t\t\t<\/div>\n\t\t\t\t<div class=\"elementor-element elementor-element-a0bb07d elementor-widget elementor-widget-heading\" data-id=\"a0bb07d\" data-element_type=\"widget\" data-e-type=\"widget\" data-widget_type=\"heading.default\">\n\t\t\t\t<div class=\"elementor-widget-container\">\n\t\t\t\t\t<h2 class=\"elementor-heading-title elementor-size-default\">Wie man eine VIN entschl\u00fcsselt?<\/h2>\t\t\t\t<\/div>\n\t\t\t\t<\/div>\n\t\t\t\t<div class=\"elementor-element elementor-element-388aca7 elementor-widget elementor-widget-text-editor\" data-id=\"388aca7\" data-element_type=\"widget\" data-e-type=\"widget\" data-widget_type=\"text-editor.default\">\n\t\t\t\t<div class=\"elementor-widget-container\">\n\t\t\t\t\t\t\t\t\t<p>Um die VIN des Fahrzeugs, an dem Sie interessiert sind, zu entschl\u00fcsseln, k\u00f6nnen Sie unseren Decoder auf der website vin-info.com verwenden. Nach der Entschl\u00fcsselung der VIN erhalten Sie grundlegende Informationen \u00fcber das Fahrzeug und einen \u00dcberblick \u00fcber die Kategorien, die im Online Fahrzeugverlauf Bericht enthalten sind. <\/p>\n\t\t\t\t\t\t\t\t<\/div>\n\t\t\t\t<\/div>\n\t\t<div class=\"elementor-element elementor-element-2575bf1 e-con-full e-flex e-con e-child\" data-id=\"2575bf1\" data-element_type=\"container\" data-e-type=\"container\">\n\t\t\t\t<div class=\"elementor-element elementor-element-b83cf4c elementor-widget elementor-widget-template\" data-id=\"b83cf4c\" data-element_type=\"widget\" data-e-type=\"widget\" data-widget_type=\"template.default\">\n\t\t\t\t<div class=\"elementor-widget-container\">\n\t\t\t\t\t\t\t<div class=\"elementor-template\">\n\t\t\t\t\t<div data-elementor-type=\"section\" data-elementor-id=\"2173\" class=\"elementor elementor-2173 elementor-757 elementor-757\" data-elementor-post-type=\"elementor_library\">\n\t\t\t<div class=\"elementor-element elementor-element-c6f68bb e-flex e-con-boxed e-con e-parent\" data-id=\"c6f68bb\" data-element_type=\"container\" data-e-type=\"container\">\n\t\t\t\t\t<div class=\"e-con-inner\">\n\t\t\t\t<div class=\"elementor-element elementor-element-7fe4c49 elementor-cta--skin-classic elementor-animated-content elementor-bg-transform elementor-bg-transform-zoom-in elementor-widget elementor-widget-call-to-action\" data-id=\"7fe4c49\" data-element_type=\"widget\" data-e-type=\"widget\" data-widget_type=\"call-to-action.default\">\n\t\t\t\t<div class=\"elementor-widget-container\">\n\t\t\t\t\t\t\t<div class=\"elementor-cta\">\n\t\t\t\t\t<div class=\"elementor-cta__bg-wrapper\">\n\t\t\t\t<div class=\"elementor-cta__bg elementor-bg\" style=\"background-image: url(https:\/\/www.vin-info.com\/wp-content\/uploads\/2024\/06\/cta-vin-info-min-1024x393.jpg);\" role=\"img\" aria-label=\"cta-vin-info-min\"><\/div>\n\t\t\t\t<div class=\"elementor-cta__bg-overlay\"><\/div>\n\t\t\t<\/div>\n\t\t\t\t\t\t\t<div class=\"elementor-cta__content\">\n\t\t\t\t\n\t\t\t\t\t\t\t\t\t<h2 class=\"elementor-cta__title elementor-cta__content-item elementor-content-item\">\n\t\t\t\t\t\tEntdecken Sie die vollst\u00e4ndige Geschichte Ihres Fahrzeugs!\t\t\t\t\t<\/h2>\n\t\t\t\t\n\t\t\t\t\t\t\t\t\t<div class=\"elementor-cta__description elementor-cta__content-item elementor-content-item\">\n\t\t\t\t\t\t<p>Geben Sie Ihre VIN ein, um einen detaillierten Fahrzeughistorienbericht freizuschalten. Erhalten Sie Einblicke in Unfallberichte, Kilometerstand, Nutzung und andere wichtige Informationen. Stellen Sie sicher, dass Sie eine fundierte Entscheidung treffen. \u00dcberpr\u00fcfen Sie Ihre VIN und laden Sie noch heute Ihren Bericht herunter!   <\/p>\n\t\t\t\t\t<\/div>\n\t\t\t\t\n\t\t\t\t\t\t\t\t\t<div class=\"elementor-cta__button-wrapper elementor-cta__content-item elementor-content-item \">\n\t\t\t\t\t<a class=\"elementor-cta__button elementor-button elementor-size-\" href=\"#elementor-action%3Aaction%3Dpopup%3Aopen%26settings%3DeyJpZCI6MjE4MCwidG9nZ2xlIjpmYWxzZX0%3D\">\n\t\t\t\t\t\tFahrzeug-Identifizierungsnummer jetzt \u00fcberpr\u00fcfen\t\t\t\t\t<\/a>\n\t\t\t\t\t<\/div>\n\t\t\t\t\t\t\t<\/div>\n\t\t\t\t\t\t<\/div>\n\t\t\t\t\t\t<\/div>\n\t\t\t\t<\/div>\n\t\t\t\t\t<\/div>\n\t\t\t\t<\/div>\n\t\t\t\t<\/div>\n\t\t\t\t<\/div>\n\t\t\t\t\t\t<\/div>\n\t\t\t\t<\/div>\n\t\t\t\t<\/div>\n\t\t\t\t\t<\/div>\n\t\t\t\t<\/div>\n\t\t\t\t<\/div>\n\t\t","protected":false},"excerpt":{"rendered":"<p>Der VIN-Decoder ist ein spezieller Algorithmus, der entwickelt wurde, um die in der 17-stelligen Fahrzeug-Identifikationsnummer (VIN) eingebetteten Informationen zu entschl\u00fcsseln. Je nach der Dekodierungsanwendung und den verf\u00fcgbaren Datenquellen, die in der Nummer kodiert sind, bietet der Decoder verschiedene Details an, die in einem Online-Bericht pr\u00e4sentiert werden. <\/p>\n","protected":false},"author":2,"featured_media":0,"parent":0,"menu_order":0,"comment_status":"closed","ping_status":"closed","template":"","meta":{"inline_featured_image":false,"footnotes":""},"class_list":["post-2306","page","type-page","status-publish","hentry"],"_links":{"self":[{"href":"https:\/\/www.vin-info.com\/de\/wp-json\/wp\/v2\/pages\/2306","targetHints":{"allow":["GET"]}}],"collection":[{"href":"https:\/\/www.vin-info.com\/de\/wp-json\/wp\/v2\/pages"}],"about":[{"href":"https:\/\/www.vin-info.com\/de\/wp-json\/wp\/v2\/types\/page"}],"author":[{"embeddable":true,"href":"https:\/\/www.vin-info.com\/de\/wp-json\/wp\/v2\/users\/2"}],"replies":[{"embeddable":true,"href":"https:\/\/www.vin-info.com\/de\/wp-json\/wp\/v2\/comments?post=2306"}],"version-history":[{"count":1,"href":"https:\/\/www.vin-info.com\/de\/wp-json\/wp\/v2\/pages\/2306\/revisions"}],"predecessor-version":[{"id":2307,"href":"https:\/\/www.vin-info.com\/de\/wp-json\/wp\/v2\/pages\/2306\/revisions\/2307"}],"wp:attachment":[{"href":"https:\/\/www.vin-info.com\/de\/wp-json\/wp\/v2\/media?parent=2306"}],"curies":[{"name":"wp","href":"https:\/\/api.w.org\/{rel}","templated":true}]}}