{"id":2304,"date":"2024-08-14T09:52:42","date_gmt":"2024-08-14T07:52:42","guid":{"rendered":"https:\/\/www.vin-info.com\/fahrzeughistorieberichte\/"},"modified":"2024-08-14T09:52:43","modified_gmt":"2024-08-14T07:52:43","slug":"fahrzeughistorieberichte","status":"publish","type":"page","link":"https:\/\/www.vin-info.com\/de\/fahrzeughistorieberichte\/","title":{"rendered":"Fahrzeughistorieberichte"},"content":{"rendered":"\t\t<div data-elementor-type=\"wp-page\" data-elementor-id=\"2304\" class=\"elementor elementor-2304 elementor-733\" data-elementor-post-type=\"page\">\n\t\t\t\t<div class=\"elementor-element elementor-element-583a7bf e-flex e-con-boxed e-con e-parent\" data-id=\"583a7bf\" data-element_type=\"container\" data-e-type=\"container\">\n\t\t\t\t\t<div class=\"e-con-inner\">\n\t\t\t\t<div class=\"elementor-element elementor-element-880840d elementor-widget elementor-widget-heading\" data-id=\"880840d\" data-element_type=\"widget\" data-e-type=\"widget\" data-widget_type=\"heading.default\">\n\t\t\t\t<div class=\"elementor-widget-container\">\n\t\t\t\t\t<h2 class=\"elementor-heading-title elementor-size-default\">Warum ein Fahrzeughistoriebericht von VIN-Info w\u00e4hlen?<\/h2>\t\t\t\t<\/div>\n\t\t\t\t<\/div>\n\t\t\t\t<div class=\"elementor-element elementor-element-d6f94ad elementor-widget elementor-widget-text-editor\" data-id=\"d6f94ad\" data-element_type=\"widget\" data-e-type=\"widget\" data-widget_type=\"text-editor.default\">\n\t\t\t\t<div class=\"elementor-widget-container\">\n\t\t\t\t\t\t\t\t\t<p>Der Fahrzeughistoriebericht von VIN-INFO bietet einen detaillierten \u00dcberblick \u00fcber die Vergangenheit eines Fahrzeugs, der aus einer Vielzahl von zuverl\u00e4ssigen Quellen zusammengestellt wurde. Dieser Bericht ist Ihre beste Verteidigungslinie auf dem Gebrauchtwagenmarkt, bietet Transparenz und hilft Ihnen, eine informierte Kaufentscheidung zu treffen. Die Daten werden von verschiedenen unabh\u00e4ngigen Stellen gesammelt, einschlie\u00dflich:  <\/p>\n\t\t\t\t\t\t\t\t<\/div>\n\t\t\t\t<\/div>\n\t\t\t\t<div class=\"elementor-element elementor-element-79ed062 elementor-icon-list--layout-traditional elementor-list-item-link-full_width elementor-widget elementor-widget-icon-list\" data-id=\"79ed062\" data-element_type=\"widget\" data-e-type=\"widget\" data-widget_type=\"icon-list.default\">\n\t\t\t\t<div class=\"elementor-widget-container\">\n\t\t\t\t\t\t\t<ul class=\"elementor-icon-list-items\">\n\t\t\t\t\t\t\t<li class=\"elementor-icon-list-item\">\n\t\t\t\t\t\t\t\t\t\t\t<span class=\"elementor-icon-list-icon\">\n\t\t\t\t\t\t\t<i aria-hidden=\"true\" class=\"fas fa-chevron-right\"><\/i>\t\t\t\t\t\t<\/span>\n\t\t\t\t\t\t\t\t\t\t<span class=\"elementor-icon-list-text\">Regierungsbeh\u00f6rden<\/span>\n\t\t\t\t\t\t\t\t\t<\/li>\n\t\t\t\t\t\t\t\t<li class=\"elementor-icon-list-item\">\n\t\t\t\t\t\t\t\t\t\t\t<span class=\"elementor-icon-list-icon\">\n\t\t\t\t\t\t\t<i aria-hidden=\"true\" class=\"fas fa-chevron-right\"><\/i>\t\t\t\t\t\t<\/span>\n\t\t\t\t\t\t\t\t\t\t<span class=\"elementor-icon-list-text\">Gemeinn\u00fctzige Organisationen<\/span>\n\t\t\t\t\t\t\t\t\t<\/li>\n\t\t\t\t\t\t\t\t<li class=\"elementor-icon-list-item\">\n\t\t\t\t\t\t\t\t\t\t\t<span class=\"elementor-icon-list-icon\">\n\t\t\t\t\t\t\t<i aria-hidden=\"true\" class=\"fas fa-chevron-right\"><\/i>\t\t\t\t\t\t<\/span>\n\t\t\t\t\t\t\t\t\t\t<span class=\"elementor-icon-list-text\">Industriepartner<\/span>\n\t\t\t\t\t\t\t\t\t<\/li>\n\t\t\t\t\t\t<\/ul>\n\t\t\t\t\t\t<\/div>\n\t\t\t\t<\/div>\n\t\t\t\t<div class=\"elementor-element elementor-element-8f54136 elementor-widget elementor-widget-heading\" data-id=\"8f54136\" data-element_type=\"widget\" data-e-type=\"widget\" data-widget_type=\"heading.default\">\n\t\t\t\t<div class=\"elementor-widget-container\">\n\t\t\t\t\t<h2 class=\"elementor-heading-title elementor-size-default\">Was enth\u00e4lt der Fahrzeughistoriebericht?<\/h2>\t\t\t\t<\/div>\n\t\t\t\t<\/div>\n\t\t\t\t<div class=\"elementor-element elementor-element-72e53ca elementor-widget elementor-widget-text-editor\" data-id=\"72e53ca\" data-element_type=\"widget\" data-e-type=\"widget\" data-widget_type=\"text-editor.default\">\n\t\t\t\t<div class=\"elementor-widget-container\">\n\t\t\t\t\t\t\t\t\t<p>Vor der Bestellung erhalten die Nutzer Informationen \u00fcber die in dem Bericht verf\u00fcgbaren Abschnitte. Hier ist, was Sie erwarten k\u00f6nnen: <\/p>\n\t\t\t\t\t\t\t\t<\/div>\n\t\t\t\t<\/div>\n\t\t\t\t<div class=\"elementor-element elementor-element-e70135d elementor-widget elementor-widget-heading\" data-id=\"e70135d\" data-element_type=\"widget\" data-e-type=\"widget\" data-widget_type=\"heading.default\">\n\t\t\t\t<div class=\"elementor-widget-container\">\n\t\t\t\t\t<h3 class=\"elementor-heading-title elementor-size-default\">Fahrzeugspezifikationen<\/h3>\t\t\t\t<\/div>\n\t\t\t\t<\/div>\n\t\t\t\t<div class=\"elementor-element elementor-element-d9281df elementor-widget elementor-widget-text-editor\" data-id=\"d9281df\" data-element_type=\"widget\" data-e-type=\"widget\" data-widget_type=\"text-editor.default\">\n\t\t\t\t<div class=\"elementor-widget-container\">\n\t\t\t\t\t\t\t\t\t<p>Dieser Abschnitt bietet eine umfassende Reihe technischer Daten, die aus der VIN abgeleitet sind. Sie finden Details zur Marke, zum Modell, zum Motortyp, zu den Abmessungen und zum Kraftstoffverbrauch des Fahrzeugs. Diese Informationen sind entscheidend f\u00fcr die \u00dcberpr\u00fcfung der Echtheit der angegebenen Merkmale des Fahrzeugs.  <\/p>\n\t\t\t\t\t\t\t\t<\/div>\n\t\t\t\t<\/div>\n\t\t\t\t<div class=\"elementor-element elementor-element-8ce8d1a elementor-widget elementor-widget-heading\" data-id=\"8ce8d1a\" data-element_type=\"widget\" data-e-type=\"widget\" data-widget_type=\"heading.default\">\n\t\t\t\t<div class=\"elementor-widget-container\">\n\t\t\t\t\t<h3 class=\"elementor-heading-title elementor-size-default\">Ausr\u00fcstungsoptionen<\/h3>\t\t\t\t<\/div>\n\t\t\t\t<\/div>\n\t\t\t\t<div class=\"elementor-element elementor-element-09d2fb5 elementor-widget elementor-widget-text-editor\" data-id=\"09d2fb5\" data-element_type=\"widget\" data-e-type=\"widget\" data-widget_type=\"text-editor.default\">\n\t\t\t\t<div class=\"elementor-widget-container\">\n\t\t\t\t\t\t\t\t\t<p>Dieser Teil des Berichts vergleicht die werkseitig eingebauten Ausstattungen mit dem aktuellen Zustand des Fahrzeugs. Er enth\u00e4lt Details zu verschiedenen Merkmalen wie Farben, Klimaanlage, Sitzstoff und modernen Systemen wie Tempomat und Navigation. Fehlende oder ver\u00e4nderte Merkmale k\u00f6nnten auf fr\u00fchere Unf\u00e4lle oder Modifikationen hinweisen, was den Wert und die Sicherheit des Fahrzeugs beeintr\u00e4chtigen kann.  <\/p>\n\t\t\t\t\t\t\t\t<\/div>\n\t\t\t\t<\/div>\n\t\t\t\t<div class=\"elementor-element elementor-element-75b8983 elementor-widget elementor-widget-heading\" data-id=\"75b8983\" data-element_type=\"widget\" data-e-type=\"widget\" data-widget_type=\"heading.default\">\n\t\t\t\t<div class=\"elementor-widget-container\">\n\t\t\t\t\t<h3 class=\"elementor-heading-title elementor-size-default\">Ereignishistorie<\/h3>\t\t\t\t<\/div>\n\t\t\t\t<\/div>\n\t\t\t\t<div class=\"elementor-element elementor-element-ef2cd26 elementor-widget elementor-widget-text-editor\" data-id=\"ef2cd26\" data-element_type=\"widget\" data-e-type=\"widget\" data-widget_type=\"text-editor.default\">\n\t\t\t\t<div class=\"elementor-widget-container\">\n\t\t\t\t\t\t\t\t\t<p>Eine chronologische Liste von Fahrzeugvorf\u00e4llen wird bereitgestellt, in der das Datum, der Ort und die gesch\u00e4tzten Kosten f\u00fcr eventuelle Sch\u00e4den aufgef\u00fchrt sind. Dieser Abschnitt ist entscheidend f\u00fcr das Verst\u00e4ndnis der Unfallhistorie des Fahrzeugs und etwaiger signifikanter Reparaturen, die m\u00f6glicherweise durchgef\u00fchrt wurden. <\/p>\n\t\t\t\t\t\t\t\t<\/div>\n\t\t\t\t<\/div>\n\t\t\t\t<div class=\"elementor-element elementor-element-3350345 elementor-widget elementor-widget-heading\" data-id=\"3350345\" data-element_type=\"widget\" data-e-type=\"widget\" data-widget_type=\"heading.default\">\n\t\t\t\t<div class=\"elementor-widget-container\">\n\t\t\t\t\t<h3 class=\"elementor-heading-title elementor-size-default\">Kilometerstand<\/h3>\t\t\t\t<\/div>\n\t\t\t\t<\/div>\n\t\t\t\t<div class=\"elementor-element elementor-element-d64ba63 elementor-widget elementor-widget-text-editor\" data-id=\"d64ba63\" data-element_type=\"widget\" data-e-type=\"widget\" data-widget_type=\"text-editor.default\">\n\t\t\t\t<div class=\"elementor-widget-container\">\n\t\t\t\t\t\t\t\t\t<p>Hier werden die Kilometerst\u00e4nde aus verschiedenen Lebensphasen des Fahrzeugs aufgezeichnet. Dazu geh\u00f6ren Daten von Inspektionen, Zulassungen, Versicherungsgesellschaften und Servicewerkst\u00e4tten. Die \u00dcberpr\u00fcfung des Kilometerstandes ist entscheidend, um sicherzustellen, dass der Kilometerz\u00e4hler nicht manipuliert wurde.  <\/p>\n\t\t\t\t\t\t\t\t<\/div>\n\t\t\t\t<\/div>\n\t\t\t\t<div class=\"elementor-element elementor-element-94c0f96 elementor-widget elementor-widget-heading\" data-id=\"94c0f96\" data-element_type=\"widget\" data-e-type=\"widget\" data-widget_type=\"heading.default\">\n\t\t\t\t<div class=\"elementor-widget-container\">\n\t\t\t\t\t<h3 class=\"elementor-heading-title elementor-size-default\">Internetgeschichte<\/h3>\t\t\t\t<\/div>\n\t\t\t\t<\/div>\n\t\t\t\t<div class=\"elementor-element elementor-element-e9d4504 elementor-widget elementor-widget-text-editor\" data-id=\"e9d4504\" data-element_type=\"widget\" data-e-type=\"widget\" data-widget_type=\"text-editor.default\">\n\t\t\t\t<div class=\"elementor-widget-container\">\n\t\t\t\t\t\t\t\t\t<p>Dieser Abschnitt enth\u00e4lt fr\u00fchere Online-Angebote von Automobilauktionen, detailliert nach Ausstattung, Kilometerstand, Spezifikationen, Preisen und Fotos. Diese historischen Daten k\u00f6nnen Unterschiede oder fr\u00fchere Sch\u00e4den aufzeigen, die ein Verk\u00e4ufer m\u00f6glicherweise nicht offenbart. <\/p>\n\t\t\t\t\t\t\t\t<\/div>\n\t\t\t\t<\/div>\n\t\t\t\t<div class=\"elementor-element elementor-element-102184d elementor-widget elementor-widget-heading\" data-id=\"102184d\" data-element_type=\"widget\" data-e-type=\"widget\" data-widget_type=\"heading.default\">\n\t\t\t\t<div class=\"elementor-widget-container\">\n\t\t\t\t\t<h3 class=\"elementor-heading-title elementor-size-default\">Datenbanken f\u00fcr gestohlene Fahrzeuge<\/h3>\t\t\t\t<\/div>\n\t\t\t\t<\/div>\n\t\t\t\t<div class=\"elementor-element elementor-element-06df8ba elementor-widget elementor-widget-text-editor\" data-id=\"06df8ba\" data-element_type=\"widget\" data-e-type=\"widget\" data-widget_type=\"text-editor.default\">\n\t\t\t\t<div class=\"elementor-widget-container\">\n\t\t\t\t\t\t\t\t\t<p>Der Bericht \u00fcberpr\u00fcft das Fahrzeug anhand von Datenbanken gestohlener Fahrzeuge in Europa und Nordamerika, um sicherzustellen, dass das Auto, an dem Sie interessiert sind, nicht als gestohlen aufgef\u00fchrt ist. Dies ist entscheidend, um rechtliche Komplikationen zu vermeiden. <\/p>\n\t\t\t\t\t\t\t\t<\/div>\n\t\t\t\t<\/div>\n\t\t\t\t<div class=\"elementor-element elementor-element-84f20c8 elementor-widget elementor-widget-heading\" data-id=\"84f20c8\" data-element_type=\"widget\" data-e-type=\"widget\" data-widget_type=\"heading.default\">\n\t\t\t\t<div class=\"elementor-widget-container\">\n\t\t\t\t\t<h3 class=\"elementor-heading-title elementor-size-default\">R\u00fcckrufe von Fabriken<\/h3>\t\t\t\t<\/div>\n\t\t\t\t<\/div>\n\t\t\t\t<div class=\"elementor-element elementor-element-efdf38f elementor-widget elementor-widget-text-editor\" data-id=\"efdf38f\" data-element_type=\"widget\" data-e-type=\"widget\" data-widget_type=\"text-editor.default\">\n\t\t\t\t<div class=\"elementor-widget-container\">\n\t\t\t\t\t\t\t\t\t<p>Fabrikr\u00fcckrufe sind ebenfalls enthalten, die alle Warnungen und Servicer\u00fcckrufe auflisten, die vom Hersteller f\u00fcr das spezifische Fahrzeug ausgegeben wurden. Dieser Abschnitt stellt sicher, dass Sie sich \u00fcber etwaige wesentliche M\u00e4ngel im Klaren sind, die behoben wurden oder Aufmerksamkeit ben\u00f6tigen. <\/p>\n\t\t\t\t\t\t\t\t<\/div>\n\t\t\t\t<\/div>\n\t\t\t\t<div class=\"elementor-element elementor-element-1e29fea elementor-alert-warning elementor-widget elementor-widget-alert\" data-id=\"1e29fea\" data-element_type=\"widget\" data-e-type=\"widget\" data-widget_type=\"alert.default\">\n\t\t\t\t<div class=\"elementor-widget-container\">\n\t\t\t\t\t\t\t<div class=\"elementor-alert\" role=\"alert\">\n\n\t\t\t\t\t\t<span class=\"elementor-alert-title\">HINWEIS<\/span>\n\t\t\t\n\t\t\t\t\t\t<span class=\"elementor-alert-description\"><p>Bitte beachten Sie, dass unsere Berichte umfassende Analysen bieten, sie jedoch von der Verf\u00fcgbarkeit und Vollst\u00e4ndigkeit der Daten aus verschiedenen Quellen abh\u00e4ngen. Infolgedessen sind m\u00f6glicherweise nicht alle Abschnitte in jedem Bericht verf\u00fcgbar oder enthalten Daten. <\/p>\n<\/span>\n\t\t\t\n\t\t\t\n\t\t<\/div>\n\t\t\t\t\t\t<\/div>\n\t\t\t\t<\/div>\n\t\t\t\t\t<\/div>\n\t\t\t\t<\/div>\n\t\t<div class=\"elementor-element elementor-element-b4663d0 e-flex e-con-boxed e-con e-parent\" data-id=\"b4663d0\" data-element_type=\"container\" data-e-type=\"container\">\n\t\t\t\t\t<div class=\"e-con-inner\">\n\t\t\t\t<div class=\"elementor-element elementor-element-1ee7519 elementor-widget elementor-widget-template\" data-id=\"1ee7519\" data-element_type=\"widget\" data-e-type=\"widget\" data-widget_type=\"template.default\">\n\t\t\t\t<div class=\"elementor-widget-container\">\n\t\t\t\t\t\t\t<div class=\"elementor-template\">\n\t\t\t\t\t<div data-elementor-type=\"section\" data-elementor-id=\"2173\" class=\"elementor elementor-2173 elementor-757 elementor-757\" data-elementor-post-type=\"elementor_library\">\n\t\t\t<div class=\"elementor-element elementor-element-c6f68bb e-flex e-con-boxed e-con e-parent\" data-id=\"c6f68bb\" data-element_type=\"container\" data-e-type=\"container\">\n\t\t\t\t\t<div class=\"e-con-inner\">\n\t\t\t\t<div class=\"elementor-element elementor-element-7fe4c49 elementor-cta--skin-classic elementor-animated-content elementor-bg-transform elementor-bg-transform-zoom-in elementor-widget elementor-widget-call-to-action\" data-id=\"7fe4c49\" data-element_type=\"widget\" data-e-type=\"widget\" data-widget_type=\"call-to-action.default\">\n\t\t\t\t<div class=\"elementor-widget-container\">\n\t\t\t\t\t\t\t<div class=\"elementor-cta\">\n\t\t\t\t\t<div class=\"elementor-cta__bg-wrapper\">\n\t\t\t\t<div class=\"elementor-cta__bg elementor-bg\" style=\"background-image: url(https:\/\/www.vin-info.com\/wp-content\/uploads\/2024\/06\/cta-vin-info-min-1024x393.jpg);\" role=\"img\" aria-label=\"cta-vin-info-min\"><\/div>\n\t\t\t\t<div class=\"elementor-cta__bg-overlay\"><\/div>\n\t\t\t<\/div>\n\t\t\t\t\t\t\t<div class=\"elementor-cta__content\">\n\t\t\t\t\n\t\t\t\t\t\t\t\t\t<h2 class=\"elementor-cta__title elementor-cta__content-item elementor-content-item\">\n\t\t\t\t\t\tEntdecken Sie die vollst\u00e4ndige Geschichte Ihres Fahrzeugs!\t\t\t\t\t<\/h2>\n\t\t\t\t\n\t\t\t\t\t\t\t\t\t<div class=\"elementor-cta__description elementor-cta__content-item elementor-content-item\">\n\t\t\t\t\t\t<p>Geben Sie Ihre VIN ein, um einen detaillierten Fahrzeughistorienbericht freizuschalten. Erhalten Sie Einblicke in Unfallberichte, Kilometerstand, Nutzung und andere wichtige Informationen. Stellen Sie sicher, dass Sie eine fundierte Entscheidung treffen. \u00dcberpr\u00fcfen Sie Ihre VIN und laden Sie noch heute Ihren Bericht herunter!   <\/p>\n\t\t\t\t\t<\/div>\n\t\t\t\t\n\t\t\t\t\t\t\t\t\t<div class=\"elementor-cta__button-wrapper elementor-cta__content-item elementor-content-item \">\n\t\t\t\t\t<a class=\"elementor-cta__button elementor-button elementor-size-\" href=\"#elementor-action%3Aaction%3Dpopup%3Aopen%26settings%3DeyJpZCI6MjE4MCwidG9nZ2xlIjpmYWxzZX0%3D\">\n\t\t\t\t\t\tFahrzeug-Identifizierungsnummer jetzt \u00fcberpr\u00fcfen\t\t\t\t\t<\/a>\n\t\t\t\t\t<\/div>\n\t\t\t\t\t\t\t<\/div>\n\t\t\t\t\t\t<\/div>\n\t\t\t\t\t\t<\/div>\n\t\t\t\t<\/div>\n\t\t\t\t\t<\/div>\n\t\t\t\t<\/div>\n\t\t\t\t<\/div>\n\t\t\t\t<\/div>\n\t\t\t\t\t\t<\/div>\n\t\t\t\t<\/div>\n\t\t\t\t\t<\/div>\n\t\t\t\t<\/div>\n\t\t<div class=\"elementor-element elementor-element-ec00df9 e-flex e-con-boxed e-con e-parent\" data-id=\"ec00df9\" data-element_type=\"container\" data-e-type=\"container\">\n\t\t\t\t\t<div class=\"e-con-inner\">\n\t\t\t\t<div class=\"elementor-element elementor-element-1b919d4 elementor-widget elementor-widget-heading\" data-id=\"1b919d4\" data-element_type=\"widget\" data-e-type=\"widget\" data-widget_type=\"heading.default\">\n\t\t\t\t<div class=\"elementor-widget-container\">\n\t\t\t\t\t<h2 class=\"elementor-heading-title elementor-size-default\">Spezialisierte internationale Fahrzeugberichte<\/h2>\t\t\t\t<\/div>\n\t\t\t\t<\/div>\n\t\t\t\t<div class=\"elementor-element elementor-element-393217c elementor-widget elementor-widget-text-editor\" data-id=\"393217c\" data-element_type=\"widget\" data-e-type=\"widget\" data-widget_type=\"text-editor.default\">\n\t\t\t\t<div class=\"elementor-widget-container\">\n\t\t\t\t\t\t\t\t\t<p>Neben dem standardm\u00e4\u00dfigen Fahrzeughistoriebericht bietet VIN-INFO spezialisierte Berichte f\u00fcr Fahrzeuge an, die in bestimmten L\u00e4ndern wie Belgien, den Niederlanden und den USA registriert sind.<\/p>\n\t\t\t\t\t\t\t\t<\/div>\n\t\t\t\t<\/div>\n\t\t\t\t<div class=\"elementor-element elementor-element-d24b578 elementor-widget elementor-widget-heading\" data-id=\"d24b578\" data-element_type=\"widget\" data-e-type=\"widget\" data-widget_type=\"heading.default\">\n\t\t\t\t<div class=\"elementor-widget-container\">\n\t\t\t\t\t<h3 class=\"elementor-heading-title elementor-size-default\">Niederlande Fahrzeugbericht<\/h3>\t\t\t\t<\/div>\n\t\t\t\t<\/div>\n\t\t\t\t<div class=\"elementor-element elementor-element-a525c36 elementor-widget elementor-widget-text-editor\" data-id=\"a525c36\" data-element_type=\"widget\" data-e-type=\"widget\" data-widget_type=\"text-editor.default\">\n\t\t\t\t<div class=\"elementor-widget-container\">\n\t\t\t\t\t\t\t\t\t<p>Der VWE-Bericht enth\u00e4lt verifizierte Informationen aus zuverl\u00e4ssigen niederl\u00e4ndischen Quellen, die Ihnen helfen, die Anspr\u00fcche des Verk\u00e4ufers und die technischen Daten des Fahrzeugs zu bewerten. Dieser Bericht umfasst Abschnitte zu Fahrzeugstatus, Basisinformationen, Eigentumshistorie und technischen Daten sowie eine kostenlose NAP-Meilen\u00fcberpr\u00fcfung. <\/p>\n\t\t\t\t\t\t\t\t<\/div>\n\t\t\t\t<\/div>\n\t\t\t\t<div class=\"elementor-element elementor-element-06a3fad elementor-widget elementor-widget-heading\" data-id=\"06a3fad\" data-element_type=\"widget\" data-e-type=\"widget\" data-widget_type=\"heading.default\">\n\t\t\t\t<div class=\"elementor-widget-container\">\n\t\t\t\t\t<h3 class=\"elementor-heading-title elementor-size-default\">USA Fahrzeugbericht<\/h3>\t\t\t\t<\/div>\n\t\t\t\t<\/div>\n\t\t\t\t<div class=\"elementor-element elementor-element-d193516 elementor-widget elementor-widget-text-editor\" data-id=\"d193516\" data-element_type=\"widget\" data-e-type=\"widget\" data-widget_type=\"text-editor.default\">\n\t\t\t\t<div class=\"elementor-widget-container\">\n\t\t\t\t\t\t\t\t\t<p>Der Fahrzeugbericht der USA basiert auf Daten aus dem National Motor Vehicle Title Information System (NMVTIS) und umfasst die meisten in den Vereinigten Staaten registrierten Fahrzeuge. Er enth\u00e4lt detaillierte Fahrzeugspezifikationen, Eigentumshistorie, Statusaktualisierungen (wie Salvage- oder Unfallsch\u00e4den) und Titelaufzeichnungen, einschlie\u00dflich Kilometerstand. <\/p>\n\t\t\t\t\t\t\t\t<\/div>\n\t\t\t\t<\/div>\n\t\t\t\t<div class=\"elementor-element elementor-element-865aab2 elementor-widget elementor-widget-heading\" data-id=\"865aab2\" data-element_type=\"widget\" data-e-type=\"widget\" data-widget_type=\"heading.default\">\n\t\t\t\t<div class=\"elementor-widget-container\">\n\t\t\t\t\t<h3 class=\"elementor-heading-title elementor-size-default\">Fahrzeugbewertung<\/h3>\t\t\t\t<\/div>\n\t\t\t\t<\/div>\n\t\t\t\t<div class=\"elementor-element elementor-element-bbd8761 elementor-widget elementor-widget-text-editor\" data-id=\"bbd8761\" data-element_type=\"widget\" data-e-type=\"widget\" data-widget_type=\"text-editor.default\">\n\t\t\t\t<div class=\"elementor-widget-container\">\n\t\t\t\t\t\t\t\t\t<p>Die Fahrzeugbewertungsdienstleistung verwendet fortschrittliche Algorithmen, um Marktdaten zu analysieren und eine genaue Sch\u00e4tzung des Wertes des Fahrzeugs bereitzustellen. <\/p>\n\t\t\t\t\t\t\t\t<\/div>\n\t\t\t\t<\/div>\n\t\t\t\t<div class=\"elementor-element elementor-element-bbc2eb5 elementor-widget elementor-widget-text-editor\" data-id=\"bbc2eb5\" data-element_type=\"widget\" data-e-type=\"widget\" data-widget_type=\"text-editor.default\">\n\t\t\t\t<div class=\"elementor-widget-container\">\n\t\t\t\t\t\t\t\t\t<p>Durch die Nutzung dieser umfassenden Berichte k\u00f6nnen Sie den Gebrauchtwagenmarkt mit Vertrauen durchqueren und fundierte Entscheidungen treffen, die Ihre Investition und Sicherheit sch\u00fctzen.<\/p>\n\t\t\t\t\t\t\t\t<\/div>\n\t\t\t\t<\/div>\n\t\t\t\t\t<\/div>\n\t\t\t\t<\/div>\n\t\t\t\t<\/div>\n\t\t","protected":false},"excerpt":{"rendered":"<p>Ein Fahrzeugsbericht ist ein wichtiges Werkzeug f\u00fcr Fahrer, die sich vor unehrlichen Verk\u00e4ufern sch\u00fctzen m\u00f6chten, egal ob es sich um H\u00e4ndler oder Privatpersonen handelt. Leider nutzen einige Verk\u00e4ufer betr\u00fcgerische Praktiken, um den Wert eines Fahrzeugs k\u00fcnstlich zu erh\u00f6hen. Zu diesen Taktiken geh\u00f6ren das Zur\u00fccksetzen von Kilometerz\u00e4hlern, das Verschweigen von erheblichen Sch\u00e4den, der Verkauf von Fahrzeugen, die in Unf\u00e4lle verwickelt waren, als w\u00e4ren sie in einwandfreiem Zustand, oder sogar der Versuch, gestohlene Fahrzeuge zu verkaufen. Solche Praktiken k\u00f6nnen zu erheblichen finanziellen Verlusten f\u00fchren und in einigen F\u00e4llen auch rechtliche Konsequenzen nach sich ziehen, einschlie\u00dflich strafrechtlicher Anklagen, wenn ein gestohlenes Fahrzeug unwissentlich gekauft wird.   <\/p>\n","protected":false},"author":2,"featured_media":0,"parent":0,"menu_order":0,"comment_status":"closed","ping_status":"closed","template":"","meta":{"inline_featured_image":false,"footnotes":""},"class_list":["post-2304","page","type-page","status-publish","hentry"],"_links":{"self":[{"href":"https:\/\/www.vin-info.com\/de\/wp-json\/wp\/v2\/pages\/2304","targetHints":{"allow":["GET"]}}],"collection":[{"href":"https:\/\/www.vin-info.com\/de\/wp-json\/wp\/v2\/pages"}],"about":[{"href":"https:\/\/www.vin-info.com\/de\/wp-json\/wp\/v2\/types\/page"}],"author":[{"embeddable":true,"href":"https:\/\/www.vin-info.com\/de\/wp-json\/wp\/v2\/users\/2"}],"replies":[{"embeddable":true,"href":"https:\/\/www.vin-info.com\/de\/wp-json\/wp\/v2\/comments?post=2304"}],"version-history":[{"count":1,"href":"https:\/\/www.vin-info.com\/de\/wp-json\/wp\/v2\/pages\/2304\/revisions"}],"predecessor-version":[{"id":2305,"href":"https:\/\/www.vin-info.com\/de\/wp-json\/wp\/v2\/pages\/2304\/revisions\/2305"}],"wp:attachment":[{"href":"https:\/\/www.vin-info.com\/de\/wp-json\/wp\/v2\/media?parent=2304"}],"curies":[{"name":"wp","href":"https:\/\/api.w.org\/{rel}","templated":true}]}}