{"id":2288,"date":"2024-08-14T09:02:07","date_gmt":"2024-08-14T07:02:07","guid":{"rendered":"https:\/\/www.vin-info.com\/datenschutzrichtlinie\/"},"modified":"2025-11-21T12:51:50","modified_gmt":"2025-11-21T11:51:50","slug":"privacy-policy","status":"publish","type":"page","link":"https:\/\/www.vin-info.com\/de\/privacy-policy\/","title":{"rendered":"Datenschutzrichtlinie"},"content":{"rendered":"\t\t<div data-elementor-type=\"wp-page\" data-elementor-id=\"2288\" class=\"elementor elementor-2288 elementor-3\" data-elementor-post-type=\"page\">\n\t\t\t\t<div class=\"elementor-element elementor-element-2726f31 e-flex e-con-boxed e-con e-parent\" data-id=\"2726f31\" data-element_type=\"container\" data-e-type=\"container\">\n\t\t\t\t\t<div class=\"e-con-inner\">\n\t\t\t\t<div class=\"elementor-element elementor-element-c7518d1 elementor-widget elementor-widget-heading\" data-id=\"c7518d1\" data-element_type=\"widget\" data-e-type=\"widget\" data-widget_type=\"heading.default\">\n\t\t\t\t<div class=\"elementor-widget-container\">\n\t\t\t\t\t<h3 class=\"elementor-heading-title elementor-size-default\">I. Verarbeitete personenbezogene Daten, Rechtsgrundlagen und Verarbeitungszeitr\u00e4ume<\/h3>\t\t\t\t<\/div>\n\t\t\t\t<\/div>\n\t\t\t\t<div class=\"elementor-element elementor-element-b3882e0 elementor-widget elementor-widget-text-editor\" data-id=\"b3882e0\" data-element_type=\"widget\" data-e-type=\"widget\" data-widget_type=\"text-editor.default\">\n\t\t\t\t<div class=\"elementor-widget-container\">\n\t\t\t\t\t\t\t\t\t<p>Wir k\u00f6nnen die folgenden Arten von pers\u00f6nlichen Daten erheben, speichern und verarbeiten:<\/p><p>&#8211; Informationen \u00fcber Ihren Computer und \u00fcber Ihre Besuche und die Nutzung der Website (insbesondere: Ihre IP-Adresse, geografische Lage, Browser-Typ und -Version, Betriebssystem, Empfehlungsquelle, Uhrzeit und Dauer des Besuchs, Seitenaufrufe, Navigation auf der Website), die wir auf Basis unserer berechtigten Interessen zu Statistiken und Verwaltung der Website sowie Direktmarketing w\u00e4hrend des Zeitraums verarbeiten, bis wir diese Aktivit\u00e4ten abgeschlossen haben oder bis Sie Ihrem Widerspruchsrecht wirksam nachkommen, unter Verwendung von Profiling mit Ihrer Einwilligung, bis Sie die Einwilligung widerrufen;<\/p><p>&#8211; Informationen, die notwendig sind, um die auf der Website angebotenen Dienstleistungen bereitzustellen (insbesondere: E-Mail-Adresse, Vorname und Nachname, Adresse, Steueridentifikationsnummer, Kontonummer, Transaktionsnummer, Inhalt des Warenkorbs) und Informationen, die mit der Registrierung auf der Website verbunden sind (insbesondere E-Mail-Adresse, Benutzername, Passwort), die wir auf der Grundlage der Erf\u00fcllung eines in den Allgemeinen Gesch\u00e4ftsbedingungen definierten Vertrags verarbeiten, mit dem Ziel, den Vertrag abzuschlie\u00dfen, ihn durchzusetzen und ihn w\u00e4hrend der Zeit des Abschlusses und der Aus\u00fcbung des Vertrags zu beenden, sowie auf der Grundlage unserer berechtigten Interessen mit dem Ziel, Anspr\u00fcche in Verbindung mit dem Vertrag durchzusetzen und die Sicherheit der von den Nutzern im Rahmen der Registrierung auf der Website bereitgestellten Daten zu gew\u00e4hrleisten, f\u00fcr einen Zeitraum von 6 Jahren ab dem Ende des Jahres der Vertragsvollziehung oder seiner Beendigung, oder bis Sie wirksam Ihr Recht auf Widerspruch aus\u00fcben, jedoch nicht weniger als bis zum Abschluss der Durchsetzung der mit dem Vertrag verbundenen Anspr\u00fcche und dem Ablauf der Verj\u00e4hrungsfrist f\u00fcr Anspr\u00fcche, und auf der Grundlage der gesetzlichen Verpflichtungen, die im Rechnungslegungsgesetz und im Steuerrecht festgelegt sind, w\u00e4hrend der in diesen Vorschriften angegebenen Perioden (derzeit gem\u00e4\u00df Artikel 74 des Rechnungslegungsgesetzes und Artikel 32 \u00a7 1 des Steuerrechts besteht dieser Zeitraum aus 5 Jahren ab dem Beginn des Jahres, das auf das Finanzjahr folgt, das mit den jeweiligen Daten zusammenh\u00e4ngt);<\/p><p>&#8211; Informationen, die Sie uns zum Zweck des Abonnierens der Nachrichtenservices der Website zur Verf\u00fcgung stellen, insbesondere E-Mail-Benachrichtigungen und\/oder Newsletter (E-Mail-Adresse), die wir auf der Grundlage Ihrer Zustimmung w\u00e4hrend der Zeit, in der diese Dienste aktiv sind und\/oder bis die Zustimmung widerrufen wird, verarbeiten;<\/p><p>&#8211; Informationen, die f\u00fcr die Kommunikation mit Ihnen erforderlich sind (insbesondere E-Mail-Adresse, Name und Nachname, Telefonnummer und Kommunikationsinhalt), die wir auf der Grundlage unserer berechtigten Interessen zu dem Zweck verarbeiten, mit Ihnen zu kommunizieren und uns gegen Anspr\u00fcche zu verteidigen, w\u00e4hrend eines Zeitraums von 6 Jahren nach dem Ende des Jahres, in dem die Kommunikation beendet wurde, oder bis Sie Ihr Widerspruchsrecht wirksam aus\u00fcben.<\/p>\t\t\t\t\t\t\t\t<\/div>\n\t\t\t\t<\/div>\n\t\t\t\t<div class=\"elementor-element elementor-element-a0db7e9 elementor-widget elementor-widget-heading\" data-id=\"a0db7e9\" data-element_type=\"widget\" data-e-type=\"widget\" data-widget_type=\"heading.default\">\n\t\t\t\t<div class=\"elementor-widget-container\">\n\t\t\t\t\t<h3 class=\"elementor-heading-title elementor-size-default\">Ia. Automisierte individuelle Entscheidungsfindung einschlie\u00dflich Profiling <\/h3>\t\t\t\t<\/div>\n\t\t\t\t<\/div>\n\t\t\t\t<div class=\"elementor-element elementor-element-7e702af elementor-widget elementor-widget-text-editor\" data-id=\"7e702af\" data-element_type=\"widget\" data-e-type=\"widget\" data-widget_type=\"text-editor.default\">\n\t\t\t\t<div class=\"elementor-widget-container\">\n\t\t\t\t\t\t\t\t\t<p>Die Daten, die wir verarbeiten, k\u00f6nnen von uns oder unseren Partnern zur automatisierten Entscheidungsfindung ausschlie\u00dflich im Rahmen der Bewerbung unserer Dienstleistungen auf anderen Webseiten verwendet werden. Dies geschieht so, dass unsere Partner, die Werbedienstleistungen f\u00fcr uns erbringen, ein Profil Ihrer Interessen erstellen und Ihnen Werbung f\u00fcr unsere Dienstleistungen auf den Webseiten Dritter anzeigen k\u00f6nnen. Die Partner verwenden Cookies oder \u00e4hnliche Technologien, die registrieren, dass Sie unsere Website besucht haben oder dass Sie unsere Dienstleistungen genutzt haben. Sie k\u00f6nnen jedoch nur mit Ihrer freiwilligen Zustimmung profiliert werden, um die wir Sie beim Besuch unserer Website bitten. Wenn Sie der Profilierung nicht zustimmen, werden Sie nicht profiliert. Sie k\u00f6nnen die Zustimmung zur Profilierung jederzeit widerrufen, indem Sie uns diesbez\u00fcglich an unsere E-Mail-Adresse oder in Ihren Kontoeinstellungen, falls Sie \u00fcber ein Konto verf\u00fcgen, mitteilen, ohne die Gesetzm\u00e4\u00dfigkeit der Verarbeitung, die auf der Zustimmung vor deren Widerruf basiert, zu beeintr\u00e4chtigen.     <\/p>\t\t\t\t\t\t\t\t<\/div>\n\t\t\t\t<\/div>\n\t\t\t\t<div class=\"elementor-element elementor-element-6ce4070 elementor-widget elementor-widget-heading\" data-id=\"6ce4070\" data-element_type=\"widget\" data-e-type=\"widget\" data-widget_type=\"heading.default\">\n\t\t\t\t<div class=\"elementor-widget-container\">\n\t\t\t\t\t<h3 class=\"elementor-heading-title elementor-size-default\">II. Cookies <\/h3>\t\t\t\t<\/div>\n\t\t\t\t<\/div>\n\t\t\t\t<div class=\"elementor-element elementor-element-2b7a137 elementor-widget elementor-widget-text-editor\" data-id=\"2b7a137\" data-element_type=\"widget\" data-e-type=\"widget\" data-widget_type=\"text-editor.default\">\n\t\t\t\t<div class=\"elementor-widget-container\">\n\t\t\t\t\t\t\t\t\t<p>Die Website verwendet Cookies, die es uns erm\u00f6glichen, die Website an die Bed\u00fcrfnisse ihrer Nutzer anzupassen, indem wir Statistiken \u00fcber die Nutzung der Website durch sie erstellen und analysieren. Die Statistiken beziehen sich nicht auf pers\u00f6nliche Daten der Website-Nutzer. <\/p>\n<p>Ein Cookie besteht aus Informationen, die von einem Webserver an einen Webbrowser gesendet und vom Browser gespeichert werden. Diese Informationen werden dann jedes Mal an den Server zur\u00fcckgesendet, wenn der Browser eine Seite vom Server anfordert. Dies erm\u00f6glicht es dem Webserver, den Webbrowser zu identifizieren und zu verfolgen.  <\/p>\n<p>Wir verwenden sowohl &#8222;Sitzungs&#8220;-Cookies als auch &#8222;dauerhafte&#8220; Cookies auf der Website. Wir verwenden die Sitzungscookies, um: Sie w\u00e4hrend Ihrer Navigation auf der Website zu verfolgen. Wir verwenden die dauerhaften Cookies, um: die Website in die Lage zu versetzen, Sie zu erkennen, wenn Sie die Website besuchen.  <\/p>\n<p>Sitzungs-Cookies werden von Ihrem Computer gel\u00f6scht, wenn Sie Ihren Browser schlie\u00dfen. Persistente Cookies bleiben auf Ihrem Computer gespeichert, bis sie gel\u00f6scht werden oder bis sie ein festgelegtes Ablaufdatum erreichen. <\/p>\n<p>Wir verwenden Google Analytics, um die Nutzung der Website zu analysieren. Google Analytics generiert statistische und andere Informationen \u00fcber die Nutzung der Website durch Cookies, die auf den Computern der Nutzer gespeichert werden. Die generierten Informationen in Bezug auf die Website werden verwendet, um Berichte \u00fcber die Nutzung der Website zu erstellen. Google wird diese Informationen speichern. Die Datenschutzrichtlinie von Google ist verf\u00fcgbar unter: http:\/\/www.google.com\/privacypolicy.html.    <\/p>\n<p>Dritte Parteien, insbesondere unsere Werbetreibenden\/Zahlungsdienstleister, k\u00f6nnen Ihnen ebenfalls Cookies gem\u00e4\u00df den auf ihren Websites angegebenen Regeln senden.<\/p>\n<p>Die Zustimmung zur Verwendung von Cookies von der Website erfolgt durch die von Ihnen in den Einstellungen Ihres Browsers gew\u00e4hlten Optionen. Die meisten Browser erlauben es Ihnen, alle Cookies abzulehnen oder nur Cookies von Drittanbietern abzulehnen. Zum Beispiel k\u00f6nnen Sie in Internet Explorer alle Cookies ablehnen, indem Sie auf &#8222;Extras&#8220;, &#8222;Internetoptionen&#8220;, &#8222;Datenschutz&#8220; klicken und &#8222;Alle Cookies blockieren&#8220; mit dem Schieberegler ausw\u00e4hlen. Das Blockieren aller Cookies hat jedoch negative Auswirkungen auf die Benutzerfreundlichkeit vieler Websites.   <\/p>\t\t\t\t\t\t\t\t<\/div>\n\t\t\t\t<\/div>\n\t\t\t\t<div class=\"elementor-element elementor-element-3425db5 elementor-widget elementor-widget-heading\" data-id=\"3425db5\" data-element_type=\"widget\" data-e-type=\"widget\" data-widget_type=\"heading.default\">\n\t\t\t\t<div class=\"elementor-widget-container\">\n\t\t\t\t\t<h3 class=\"elementor-heading-title elementor-size-default\">III. Empf\u00e4nger von Daten <\/h3>\t\t\t\t<\/div>\n\t\t\t\t<\/div>\n\t\t\t\t<div class=\"elementor-element elementor-element-95ad2b8 elementor-widget elementor-widget-text-editor\" data-id=\"95ad2b8\" data-element_type=\"widget\" data-e-type=\"widget\" data-widget_type=\"text-editor.default\">\n\t\t\t\t<div class=\"elementor-widget-container\">\n\t\t\t\t\t\t\t\t\t<p>Wir k\u00f6nnen Informationen \u00fcber Sie an unsere Mitarbeiter, Beamten und Mitarbeiter weitergeben, soweit dies f\u00fcr die in dieser Datenschutzrichtlinie dargelegten Zwecke angemessen erforderlich ist. Sie sind jedoch verpflichtet, die Daten ordnungsgem\u00e4\u00df zu sichern.<\/p>\n<p>Wir k\u00f6nnen Ihre Daten an unsere Kooperationspartner weitergeben, die diese in unserem Auftrag verarbeiten (Datenempf\u00e4nger) und folgende Aktivit\u00e4ten durchf\u00fchren: Buchhaltung, Informatik, Hosting, Statistik, Marketing, Webbrowser, soziale Netzwerke.<\/p>\n<p>Die Daten d\u00fcrfen au\u00dferhalb der EU \u00fcbertragen werden, jedoch nur an Staaten oder Einrichtungen, die unter dem EU-Recht genehmigt sind, insbesondere an Einrichtungen aus den USA, die am Privacy Shield-Projekt teilnehmen (siehe https:\/\/www.privacyshield.gov\/).<\/p>\n<p>Dar\u00fcber hinaus k\u00f6nnen wir Ihre pers\u00f6nlichen Daten an \u00f6ffentliche Beh\u00f6rden weitergeben, soweit wir gesetzlich dazu verpflichtet sind.<\/p>\t\t\t\t\t\t\t\t<\/div>\n\t\t\t\t<\/div>\n\t\t\t\t<div class=\"elementor-element elementor-element-dac743f elementor-widget elementor-widget-heading\" data-id=\"dac743f\" data-element_type=\"widget\" data-e-type=\"widget\" data-widget_type=\"heading.default\">\n\t\t\t\t<div class=\"elementor-widget-container\">\n\t\t\t\t\t<h3 class=\"elementor-heading-title elementor-size-default\">IV. Nutzerrechte <\/h3>\t\t\t\t<\/div>\n\t\t\t\t<\/div>\n\t\t\t\t<div class=\"elementor-element elementor-element-0d0da09 elementor-widget elementor-widget-text-editor\" data-id=\"0d0da09\" data-element_type=\"widget\" data-e-type=\"widget\" data-widget_type=\"text-editor.default\">\n\t\t\t\t<div class=\"elementor-widget-container\">\n\t\t\t\t\t\t\t\t\t<p>Als Benutzer der Website haben Sie das Recht, vom Verantwortlichen Zugang zu Ihren personenbezogenen Daten sowie deren Berichtigung oder L\u00f6schung oder die Einschr\u00e4nkung der Verarbeitung zu verlangen oder der Verarbeitung zu widersprechen, sowie das Recht auf Daten\u00fcbertragbarkeit. Um diese Rechte auszu\u00fcben, kontaktieren Sie uns bitte \u00fcber das Kontaktformular auf der Website oder die E-Mail-Adresse oder \u00e4ndern Sie Ihre Kontoeinstellungen, falls Sie ein Konto haben. <\/p>\n<p>Als Nutzer der Website haben Sie das Recht, Beschwerden \u00fcber die Verarbeitung Ihrer Daten beim Inspektorpr\u00e4sidenten des Amtes f\u00fcr den Schutz personenbezogener Daten (Prezes Urz\u0119du Ochrony Danych Osobowych) in Polen oder dessen Pendant in einem anderen EU-Mitgliedstaat gem\u00e4\u00df Ihrem gew\u00f6hnlichen Aufenthalt, Ihrem Arbeitsort oder dem Ort des angeblichen Versto\u00dfes einzureichen.<\/p>\t\t\t\t\t\t\t\t<\/div>\n\t\t\t\t<\/div>\n\t\t\t\t<div class=\"elementor-element elementor-element-d3ff955 elementor-widget elementor-widget-heading\" data-id=\"d3ff955\" data-element_type=\"widget\" data-e-type=\"widget\" data-widget_type=\"heading.default\">\n\t\t\t\t<div class=\"elementor-widget-container\">\n\t\t\t\t\t<h3 class=\"elementor-heading-title elementor-size-default\">V. Sicherheit Ihrer pers\u00f6nlichen Informationen<\/h3>\t\t\t\t<\/div>\n\t\t\t\t<\/div>\n\t\t\t\t<div class=\"elementor-element elementor-element-a4ed904 elementor-widget elementor-widget-text-editor\" data-id=\"a4ed904\" data-element_type=\"widget\" data-e-type=\"widget\" data-widget_type=\"text-editor.default\">\n\t\t\t\t<div class=\"elementor-widget-container\">\n\t\t\t\t\t\t\t\t\t<p>Wir werden angemessene technische und organisatorische Vorkehrungen treffen, um den Verlust, Missbrauch oder die Ver\u00e4nderung Ihrer personenbezogenen Daten zu verhindern.<\/p>\n<p>Wir werden alle pers\u00f6nlichen Informationen, die Sie bereitstellen, auf unseren sicheren (passwort- und firewallgesch\u00fctzten) Servern speichern. Alle elektronischen Transaktionen, die Sie mit uns durchf\u00fchren oder von uns erhalten, sowie der Austausch sensibler und\/oder privater Daten werden mit SSL-Technologie verschl\u00fcsselt. <\/p>\n<p>Aufgrund ihrer Natur ist die Daten\u00fcbertragung \u00fcber das Internet von Natur aus unsicher. Wir ergreifen jedoch verschiedene Ma\u00dfnahmen, um Ihre Daten zu sichern. Wenn Sie uns Empfehlungen zur Sicherheit geben m\u00f6chten, ermutigen wir Sie, uns \u00fcber das Kontaktformular oder unsere E-Mail-Adresse zu kontaktieren.  <\/p>\n<p>Sie sind daf\u00fcr verantwortlich, Ihr Passwort und Ihre Benutzerdaten vertraulich zu behandeln, und Sie d\u00fcrfen diese nicht an andere Personen weitergeben. Wir werden Sie nicht nach Ihrem Passwort fragen (au\u00dfer wenn Sie sich auf der Website anmelden). <\/p>\t\t\t\t\t\t\t\t<\/div>\n\t\t\t\t<\/div>\n\t\t\t\t<div class=\"elementor-element elementor-element-16e74e8 elementor-widget elementor-widget-heading\" data-id=\"16e74e8\" data-element_type=\"widget\" data-e-type=\"widget\" data-widget_type=\"heading.default\">\n\t\t\t\t<div class=\"elementor-widget-container\">\n\t\t\t\t\t<h3 class=\"elementor-heading-title elementor-size-default\">VI. Websites von Drittanbietern <\/h3>\t\t\t\t<\/div>\n\t\t\t\t<\/div>\n\t\t\t\t<div class=\"elementor-element elementor-element-6027d9e elementor-widget elementor-widget-text-editor\" data-id=\"6027d9e\" data-element_type=\"widget\" data-e-type=\"widget\" data-widget_type=\"text-editor.default\">\n\t\t\t\t<div class=\"elementor-widget-container\">\n\t\t\t\t\t\t\t\t\t<p>Die Website enth\u00e4lt Links zu anderen Websites. Wir sind nicht verantwortlich f\u00fcr die Datenschutzrichtlinien oder -praktiken von Drittanbieter-Websites. Diese Websites, einschlie\u00dflich ihrer Inhalte und Links, k\u00f6nnen st\u00e4ndig \u00e4ndern und haben m\u00f6glicherweise ihre eigenen Datenschutzrichtlinien und andere Vorschriften, die wir empfehlen zu lesen.  <\/p>\t\t\t\t\t\t\t\t<\/div>\n\t\t\t\t<\/div>\n\t\t\t\t\t<\/div>\n\t\t\t\t<\/div>\n\t\t\t\t<\/div>\n\t\t","protected":false},"excerpt":{"rendered":"<p>Wir verpflichten uns, die Privatsph\u00e4re jedes Nutzers der Website zu sch\u00fctzen.<\/p>\n<p>Der Administrator Ihrer Daten ist die Autoiso sp. z o.o. mit Sitz in der ul. Gnie\u017anie\u0144ska 12, 40-142 Katowice (Polen). Wenn Sie Fragen zu unserer Datenschutzrichtlinie oder zur Verarbeitung personenbezogener Daten durch uns haben oder wenn Sie Anweisungen zu Ihren Daten einreichen m\u00f6chten, kontaktieren Sie uns bitte unter der E-Mail-Adresse: support@autoiso.pl oder unter der oben genannten Adresse des eingetragenen B\u00fcros.   <\/p>\n","protected":false},"author":1,"featured_media":0,"parent":0,"menu_order":0,"comment_status":"closed","ping_status":"closed","template":"","meta":{"inline_featured_image":false,"footnotes":""},"class_list":["post-2288","page","type-page","status-publish","hentry"],"_links":{"self":[{"href":"https:\/\/www.vin-info.com\/de\/wp-json\/wp\/v2\/pages\/2288","targetHints":{"allow":["GET"]}}],"collection":[{"href":"https:\/\/www.vin-info.com\/de\/wp-json\/wp\/v2\/pages"}],"about":[{"href":"https:\/\/www.vin-info.com\/de\/wp-json\/wp\/v2\/types\/page"}],"author":[{"embeddable":true,"href":"https:\/\/www.vin-info.com\/de\/wp-json\/wp\/v2\/users\/1"}],"replies":[{"embeddable":true,"href":"https:\/\/www.vin-info.com\/de\/wp-json\/wp\/v2\/comments?post=2288"}],"version-history":[{"count":3,"href":"https:\/\/www.vin-info.com\/de\/wp-json\/wp\/v2\/pages\/2288\/revisions"}],"predecessor-version":[{"id":3981,"href":"https:\/\/www.vin-info.com\/de\/wp-json\/wp\/v2\/pages\/2288\/revisions\/3981"}],"wp:attachment":[{"href":"https:\/\/www.vin-info.com\/de\/wp-json\/wp\/v2\/media?parent=2288"}],"curies":[{"name":"wp","href":"https:\/\/api.w.org\/{rel}","templated":true}]}}