{"id":2269,"date":"2024-08-14T08:27:47","date_gmt":"2024-08-14T06:27:47","guid":{"rendered":"https:\/\/www.vin-info.com\/wie-bestelle-ich-einen-fahrzeughistoriebericht\/"},"modified":"2024-09-06T15:10:50","modified_gmt":"2024-09-06T13:10:50","slug":"wie-bestelle-ich-einen-fahrzeughistoriebericht","status":"publish","type":"page","link":"https:\/\/www.vin-info.com\/de\/wie-bestelle-ich-einen-fahrzeughistoriebericht\/","title":{"rendered":"Wie bestelle ich einen Fahrzeughistoriebericht?"},"content":{"rendered":"\t\t<div data-elementor-type=\"wp-page\" data-elementor-id=\"2269\" class=\"elementor elementor-2269 elementor-77\" data-elementor-post-type=\"page\">\n\t\t\t\t<div class=\"elementor-element elementor-element-34f7aea e-flex e-con-boxed e-con e-parent\" data-id=\"34f7aea\" data-element_type=\"container\" data-e-type=\"container\">\n\t\t\t\t\t<div class=\"e-con-inner\">\n\t\t\t\t<div class=\"elementor-element elementor-element-791dfaf elementor-position-right elementor-position-right elementor-vertical-align-top elementor-vertical-align-top elementor-widget elementor-widget-image-box\" data-id=\"791dfaf\" data-element_type=\"widget\" data-e-type=\"widget\" data-widget_type=\"image-box.default\">\n\t\t\t\t<div class=\"elementor-widget-container\">\n\t\t\t\t\t<div class=\"elementor-image-box-wrapper\"><figure class=\"elementor-image-box-img\"><img fetchpriority=\"high\" decoding=\"async\" width=\"768\" height=\"444\" src=\"https:\/\/www.vin-info.com\/wp-content\/uploads\/2024\/07\/vi-free-vin-check.svg\" class=\"attachment-medium_large size-medium_large wp-image-2271\" alt=\"\" \/><\/figure><div class=\"elementor-image-box-content\"><h3 class=\"elementor-image-box-title\">Geben Sie die VIN ein<\/h3><p class=\"elementor-image-box-description\">Geben Sie im ersten Schritt die 17-stellig VIN in den gelben Bereich auf der Startseite oder in die kleineren gelben Bereiche auf jeder Seite ein. Klicken Sie dann auf \u00dcberpr\u00fcfen.  <br><br><i> Die Fahrzeug-Identifizierungsnummer (VIN) ist ein einzigartiger Code, der jedem Kraftfahrzeug bei seiner Herstellung zugewiesen wird. Sie besteht aus 17 Zeichen (sowohl Ziffern als auch Gro\u00dfbuchstaben) und liefert wichtige Informationen \u00fcber das Fahrzeug, einschlie\u00dflich des Herkunftslandes, des Herstellers, des Fahrzeugtyps und des Modelljahres. Diese Nummer ist entscheidend f\u00fcr die Fahrzeugregistrierung, Versicherungen und Historienberichte, da sie hilft, das Fahrzeug \u00fcber seinen gesamten Lebenszyklus zu identifizieren und zu verfolgen. Die VIN ist in der Regel auf dem Armaturenbrett, an der Fahrert\u00fcr oder in den Fahrzeugdokumenten zu finden.   <\/i><\/p><\/div><\/div>\t\t\t\t<\/div>\n\t\t\t\t<\/div>\n\t\t\t\t<div class=\"elementor-element elementor-element-aa5ddbd elementor-widget-divider--view-line_icon elementor-view-default elementor-widget-divider--element-align-center elementor-widget elementor-widget-divider\" data-id=\"aa5ddbd\" data-element_type=\"widget\" data-e-type=\"widget\" data-widget_type=\"divider.default\">\n\t\t\t\t<div class=\"elementor-widget-container\">\n\t\t\t\t\t\t\t<div class=\"elementor-divider\">\n\t\t\t<span class=\"elementor-divider-separator\">\n\t\t\t\t\t\t\t<div class=\"elementor-icon elementor-divider__element\">\n\t\t\t\t\t<i aria-hidden=\"true\" class=\"fas fa-chevron-down\"><\/i><\/div>\n\t\t\t\t\t\t<\/span>\n\t\t<\/div>\n\t\t\t\t\t\t<\/div>\n\t\t\t\t<\/div>\n\t\t\t\t<div class=\"elementor-element elementor-element-31ed445 elementor-position-right elementor-vertical-align-top elementor-widget elementor-widget-image-box\" data-id=\"31ed445\" data-element_type=\"widget\" data-e-type=\"widget\" data-widget_type=\"image-box.default\">\n\t\t\t\t<div class=\"elementor-widget-container\">\n\t\t\t\t\t<div class=\"elementor-image-box-wrapper\"><figure class=\"elementor-image-box-img\"><img decoding=\"async\" width=\"768\" height=\"280\" src=\"https:\/\/www.vin-info.com\/wp-content\/uploads\/2024\/07\/vi-vehicle-history-records.svg\" class=\"attachment-medium_large size-medium_large wp-image-2270\" alt=\"\" \/><\/figure><div class=\"elementor-image-box-content\"><h3 class=\"elementor-image-box-title\">\u00dcberpr\u00fcfen Sie die Verf\u00fcgbarkeit des Berichts.<\/h3><p class=\"elementor-image-box-description\">Die kostenlose Dekodierung des Fahrzeugs zeigt basierend auf einem Expertensystem Informationen zu: Marke des Fahrzeugs, Modell, Herkunftsland, Kraftstoffart, Karosserieart, Montageort usw. Diese Informationen sind identisch mit den Informationen, die Sie im Bericht sehen werden. Wenn die kostenlose Fahrzeugerkennung einige dieser Daten nicht anzeigt, bedeutet dies, dass sie auch im Bericht nicht angezeigt werden.   <br><br> Der Abschnitt Fahrzeuginhalte definiert die Informationen \u00fcber das Fahrzeug, die in unserer Datenbank verf\u00fcgbar sind. Diese sind: Baujahr\/Produktionsjahr, Kilometerstand, Pr\u00fcfhistorie, Datenbanken gestohlener Fahrzeuge, Herstellerm\u00e4ngel, Informationen zum Hersteller, Fahrzeugfotos und andere. Nur die mit einem gr\u00fcnen Datenverf\u00fcgbarkeitsh\u00e4kchen markierten Elemente werden im Bericht ausgef\u00fcllt. Andere Elemente, wenn sie leer sind oder eine Notiz \u00fcber keine Aufzeichnungen\/Daten verf\u00fcgbar, nicht pr\u00fcfbar, nicht verf\u00fcgbar, keine Fotos vorhanden ist, werden ebenfalls im Bericht leer gelassen.    <\/p><\/div><\/div>\t\t\t\t<\/div>\n\t\t\t\t<\/div>\n\t\t\t\t<div class=\"elementor-element elementor-element-4ffd580 elementor-widget-divider--view-line_icon elementor-view-default elementor-widget-divider--element-align-center elementor-widget elementor-widget-divider\" data-id=\"4ffd580\" data-element_type=\"widget\" data-e-type=\"widget\" data-widget_type=\"divider.default\">\n\t\t\t\t<div class=\"elementor-widget-container\">\n\t\t\t\t\t\t\t<div class=\"elementor-divider\">\n\t\t\t<span class=\"elementor-divider-separator\">\n\t\t\t\t\t\t\t<div class=\"elementor-icon elementor-divider__element\">\n\t\t\t\t\t<i aria-hidden=\"true\" class=\"fas fa-chevron-down\"><\/i><\/div>\n\t\t\t\t\t\t<\/span>\n\t\t<\/div>\n\t\t\t\t\t\t<\/div>\n\t\t\t\t<\/div>\n\t\t\t\t<div class=\"elementor-element elementor-element-3eacbd3 elementor-position-right elementor-vertical-align-top elementor-widget elementor-widget-image-box\" data-id=\"3eacbd3\" data-element_type=\"widget\" data-e-type=\"widget\" data-widget_type=\"image-box.default\">\n\t\t\t\t<div class=\"elementor-widget-container\">\n\t\t\t\t\t<div class=\"elementor-image-box-wrapper\"><figure class=\"elementor-image-box-img\"><img decoding=\"async\" width=\"768\" height=\"280\" src=\"https:\/\/www.vin-info.com\/wp-content\/uploads\/2024\/07\/vi-vehicle-history-reports.svg\" class=\"attachment-medium_large size-medium_large wp-image-2272\" alt=\"\" \/><\/figure><div class=\"elementor-image-box-content\"><h3 class=\"elementor-image-box-title\">W\u00e4hlen Sie den Berichtstyp aus<\/h3><p class=\"elementor-image-box-description\">Im n\u00e4chsten Schritt werden Sie zum zuvor ausgew\u00e4hlten Zahlungsdienst weitergeleitet. Bitte folgen Sie den Anweisungen auf dem Bildschirm, um die Zahlung abzuschlie\u00dfen. Wenn die kostenlose Identifizierung Ihren Annahmen entspricht, k\u00f6nnen Sie mit dem Kauf des Berichts fortfahren. Um fortzufahren, geben Sie bitte Ihre E-Mail-Adresse ein (dies erm\u00f6glicht Ihnen den sp\u00e4teren Zugang zum Bericht), w\u00e4hlen Sie die richtigen Optionen aus und w\u00e4hlen Sie die Zahlungsart. Nachdem Sie die Optionen ausgew\u00e4hlt haben, sehen Sie den Gesamtbetrag, der am Ende der Seite zu zahlen ist. Klicken Sie dann auf <b>Bestellung<\/b>.    <\/p><\/div><\/div>\t\t\t\t<\/div>\n\t\t\t\t<\/div>\n\t\t\t\t<div class=\"elementor-element elementor-element-c410f5f elementor-widget-divider--view-line_icon elementor-view-default elementor-widget-divider--element-align-center elementor-widget elementor-widget-divider\" data-id=\"c410f5f\" data-element_type=\"widget\" data-e-type=\"widget\" data-widget_type=\"divider.default\">\n\t\t\t\t<div class=\"elementor-widget-container\">\n\t\t\t\t\t\t\t<div class=\"elementor-divider\">\n\t\t\t<span class=\"elementor-divider-separator\">\n\t\t\t\t\t\t\t<div class=\"elementor-icon elementor-divider__element\">\n\t\t\t\t\t<i aria-hidden=\"true\" class=\"fas fa-chevron-down\"><\/i><\/div>\n\t\t\t\t\t\t<\/span>\n\t\t<\/div>\n\t\t\t\t\t\t<\/div>\n\t\t\t\t<\/div>\n\t\t\t\t<div class=\"elementor-element elementor-element-2da3196 elementor-position-right elementor-vertical-align-top elementor-widget elementor-widget-image-box\" data-id=\"2da3196\" data-element_type=\"widget\" data-e-type=\"widget\" data-widget_type=\"image-box.default\">\n\t\t\t\t<div class=\"elementor-widget-container\">\n\t\t\t\t\t<div class=\"elementor-image-box-wrapper\"><figure class=\"elementor-image-box-img\"><img loading=\"lazy\" decoding=\"async\" width=\"768\" height=\"282\" src=\"https:\/\/www.vin-info.com\/wp-content\/uploads\/2024\/07\/vi-payments-method.svg\" class=\"attachment-medium_large size-medium_large wp-image-2273\" alt=\"\" \/><\/figure><div class=\"elementor-image-box-content\"><h3 class=\"elementor-image-box-title\">Bezahlen Sie f\u00fcr den Bericht<\/h3><p class=\"elementor-image-box-description\">Je nach gew\u00e4hlter Zahlungsart werden Sie auf die Zahlungswebsite \/ die Website der Bank weitergeleitet. Anschlie\u00dfend fahren Sie gem\u00e4\u00df den Anweisungen auf dem Bildschirm fort. <\/p><\/div><\/div>\t\t\t\t<\/div>\n\t\t\t\t<\/div>\n\t\t\t\t<div class=\"elementor-element elementor-element-f690345 elementor-widget-divider--view-line_icon elementor-view-default elementor-widget-divider--element-align-center elementor-widget elementor-widget-divider\" data-id=\"f690345\" data-element_type=\"widget\" data-e-type=\"widget\" data-widget_type=\"divider.default\">\n\t\t\t\t<div class=\"elementor-widget-container\">\n\t\t\t\t\t\t\t<div class=\"elementor-divider\">\n\t\t\t<span class=\"elementor-divider-separator\">\n\t\t\t\t\t\t\t<div class=\"elementor-icon elementor-divider__element\">\n\t\t\t\t\t<i aria-hidden=\"true\" class=\"fas fa-chevron-down\"><\/i><\/div>\n\t\t\t\t\t\t<\/span>\n\t\t<\/div>\n\t\t\t\t\t\t<\/div>\n\t\t\t\t<\/div>\n\t\t\t\t<div class=\"elementor-element elementor-element-44e0c40 elementor-position-right elementor-vertical-align-top elementor-widget elementor-widget-image-box\" data-id=\"44e0c40\" data-element_type=\"widget\" data-e-type=\"widget\" data-widget_type=\"image-box.default\">\n\t\t\t\t<div class=\"elementor-widget-container\">\n\t\t\t\t\t<div class=\"elementor-image-box-wrapper\"><figure class=\"elementor-image-box-img\"><img loading=\"lazy\" decoding=\"async\" width=\"768\" height=\"413\" src=\"https:\/\/www.vin-info.com\/wp-content\/uploads\/2024\/07\/vi-user-account-vin-list.svg\" class=\"attachment-medium_large size-medium_large wp-image-2274\" alt=\"\" \/><\/figure><div class=\"elementor-image-box-content\"><h3 class=\"elementor-image-box-title\">Gekaufte Bericht anzeigen<\/h3><p class=\"elementor-image-box-description\">Nach der Zahlung werden Sie automatisch mit der zuvor angegebenen E-Mail-Adresse auf die Website eingeloggt und zu Ihrem Konto weitergeleitet. Diese Seite enth\u00e4lt grundlegende Informationen zu unserem Konto und eine Liste der gekauften Berichte. Der Status der Berichte in der Liste wird dynamisch aktualisiert. Symbole kennzeichnen den Zahlungsstatus und die Phase der Berichtserstellung. Der Bericht wird sofort nach der Zahlung geliefert, und Sie erhalten eine Benachrichtigung an die angegebene E-Mail-Adresse. Nach der Erstellung des Berichts steht dieser 30 Tage zur Verf\u00fcgung.      <\/p><\/div><\/div>\t\t\t\t<\/div>\n\t\t\t\t<\/div>\n\t\t\t\t\t<\/div>\n\t\t\t\t<\/div>\n\t\t\t\t<\/div>\n\t\t","protected":false},"excerpt":{"rendered":"<p>Die \u00dcberpr\u00fcfung eines Fahrzeugs ist sehr einfach und dauert nicht l\u00e4nger als 5 Minuten. Sie m\u00fcssen 5 einfache Schritte befolgen, um den Bericht zu erhalten. <\/p>\n","protected":false},"author":2,"featured_media":0,"parent":0,"menu_order":0,"comment_status":"closed","ping_status":"closed","template":"","meta":{"inline_featured_image":false,"footnotes":""},"class_list":["post-2269","page","type-page","status-publish","hentry"],"_links":{"self":[{"href":"https:\/\/www.vin-info.com\/de\/wp-json\/wp\/v2\/pages\/2269","targetHints":{"allow":["GET"]}}],"collection":[{"href":"https:\/\/www.vin-info.com\/de\/wp-json\/wp\/v2\/pages"}],"about":[{"href":"https:\/\/www.vin-info.com\/de\/wp-json\/wp\/v2\/types\/page"}],"author":[{"embeddable":true,"href":"https:\/\/www.vin-info.com\/de\/wp-json\/wp\/v2\/users\/2"}],"replies":[{"embeddable":true,"href":"https:\/\/www.vin-info.com\/de\/wp-json\/wp\/v2\/comments?post=2269"}],"version-history":[{"count":7,"href":"https:\/\/www.vin-info.com\/de\/wp-json\/wp\/v2\/pages\/2269\/revisions"}],"predecessor-version":[{"id":3821,"href":"https:\/\/www.vin-info.com\/de\/wp-json\/wp\/v2\/pages\/2269\/revisions\/3821"}],"wp:attachment":[{"href":"https:\/\/www.vin-info.com\/de\/wp-json\/wp\/v2\/media?parent=2269"}],"curies":[{"name":"wp","href":"https:\/\/api.w.org\/{rel}","templated":true}]}}