{"id":2191,"date":"2024-08-13T14:51:14","date_gmt":"2024-08-13T12:51:14","guid":{"rendered":"https:\/\/www.vin-info.com\/ueber-uns\/"},"modified":"2024-08-13T14:51:23","modified_gmt":"2024-08-13T12:51:23","slug":"ueber-uns","status":"publish","type":"page","link":"https:\/\/www.vin-info.com\/de\/ueber-uns\/","title":{"rendered":"\u00dcber uns"},"content":{"rendered":"\t\t<div data-elementor-type=\"wp-page\" data-elementor-id=\"2191\" class=\"elementor elementor-2191 elementor-81\" data-elementor-post-type=\"page\">\n\t\t\t\t<div class=\"elementor-element elementor-element-357b291 e-flex e-con-boxed e-con e-parent\" data-id=\"357b291\" data-element_type=\"container\" data-e-type=\"container\">\n\t\t\t\t\t<div class=\"e-con-inner\">\n\t\t\t\t<div class=\"elementor-element elementor-element-6abb2a8 elementor-widget elementor-widget-heading\" data-id=\"6abb2a8\" data-element_type=\"widget\" data-e-type=\"widget\" data-widget_type=\"heading.default\">\n\t\t\t\t<div class=\"elementor-widget-container\">\n\t\t\t\t\t<h2 class=\"elementor-heading-title elementor-size-default\">Unser Ziel<\/h2>\t\t\t\t<\/div>\n\t\t\t\t<\/div>\n\t\t\t\t<div class=\"elementor-element elementor-element-c5ebda5 elementor-widget elementor-widget-text-editor\" data-id=\"c5ebda5\" data-element_type=\"widget\" data-e-type=\"widget\" data-widget_type=\"text-editor.default\">\n\t\t\t\t<div class=\"elementor-widget-container\">\n\t\t\t\t\t\t\t\t\t<p>Wir wollen das Bewusstsein f\u00fcr das globale Problem des Autodiebstahls und dessen Auswirkungen auf die Automobilindustrie sch\u00e4rfen. Statistiken zeigen eine erschreckende Realit\u00e4t: J\u00e4hrlich werden weltweit etwa 3 Millionen Autos gestohlen. Im Vergleich zur gesamten globalen Produktion von Autos entspricht diese Zahl fast 10% aller j\u00e4hrlich produzierten Fahrzeuge. Diese alarmierende Rate unterstreicht die Schwere des Autodiebstahls als dringendes Problem.   <\/p>\n\t\t\t\t\t\t\t\t<\/div>\n\t\t\t\t<\/div>\n\t\t\t\t<div class=\"elementor-element elementor-element-5fc7e3d elementor-widget elementor-widget-text-editor\" data-id=\"5fc7e3d\" data-element_type=\"widget\" data-e-type=\"widget\" data-widget_type=\"text-editor.default\">\n\t\t\t\t<div class=\"elementor-widget-container\">\n\t\t\t\t\t\t\t\t\t<p>Dar\u00fcber hinaus m\u00f6chten wir das Problem skrupelloser Autoh\u00e4ndler hervorheben, die Fahrzeuge verkaufen, die Ihre Sicherheit gef\u00e4hrden. Diese Fahrzeuge stammen h\u00e4ufig aus schweren Verkehrsunf\u00e4llen oder Ereignissen wie Br\u00e4nden oder \u00dcberschwemmungen und stellen erhebliche Risiken f\u00fcr ahnungslose K\u00e4ufer dar. <\/p>\n\t\t\t\t\t\t\t\t<\/div>\n\t\t\t\t<\/div>\n\t\t\t\t<div class=\"elementor-element elementor-element-ffe1dd0 elementor-widget elementor-widget-text-editor\" data-id=\"ffe1dd0\" data-element_type=\"widget\" data-e-type=\"widget\" data-widget_type=\"text-editor.default\">\n\t\t\t\t<div class=\"elementor-widget-container\">\n\t\t\t\t\t\t\t\t\t<p>Unsere Mission ist es, diesen unethischen Praktiken aktiv entgegenzutreten und zur Verbesserung der Qualit\u00e4t der auf dem Sekund\u00e4rmarkt verf\u00fcgbaren Fahrzeuge beizutragen. Wir sind bestrebt, einen positiven Einfluss zu nehmen, indem wir zuverl\u00e4ssige Fahrzeughistorienberichte bereitstellen, die sicherere und transparentere Transaktionen gew\u00e4hrleisten. <\/p>\n\t\t\t\t\t\t\t\t<\/div>\n\t\t\t\t<\/div>\n\t\t\t\t<div class=\"elementor-element elementor-element-e8f5ee4 elementor-widget elementor-widget-heading\" data-id=\"e8f5ee4\" data-element_type=\"widget\" data-e-type=\"widget\" data-widget_type=\"heading.default\">\n\t\t\t\t<div class=\"elementor-widget-container\">\n\t\t\t\t\t<h2 class=\"elementor-heading-title elementor-size-default\">Unser Angebot<\/h2>\t\t\t\t<\/div>\n\t\t\t\t<\/div>\n\t\t\t\t<div class=\"elementor-element elementor-element-a44dd7a elementor-widget elementor-widget-text-editor\" data-id=\"a44dd7a\" data-element_type=\"widget\" data-e-type=\"widget\" data-widget_type=\"text-editor.default\">\n\t\t\t\t<div class=\"elementor-widget-container\">\n\t\t\t\t\t\t\t\t\t<p>Wir glauben, dass unsere umfassenden Fahrzeughistorienberichte entscheidend f\u00fcr den Erwerb eines sicheren und zuverl\u00e4ssigen Fahrzeugs sind. Durch die Nutzung unserer VIN-Historienberichte k\u00f6nnen Sie die Qualit\u00e4t und Sicherheit der Fahrzeuge auf dem Markt, insbesondere in den USA, erheblich verbessern. <\/p>\n\t\t\t\t\t\t\t\t<\/div>\n\t\t\t\t<\/div>\n\t\t\t\t<div class=\"elementor-element elementor-element-0a2f599 elementor-widget elementor-widget-text-editor\" data-id=\"0a2f599\" data-element_type=\"widget\" data-e-type=\"widget\" data-widget_type=\"text-editor.default\">\n\t\t\t\t<div class=\"elementor-widget-container\">\n\t\t\t\t\t\t\t\t\t<p>Sie k\u00f6nnen eine entscheidende Rolle in diesem Prozess spielen. Durch den Kauf eines Fahrzeughistorienberichts tragen Sie zu einem sichereren Automobilmarkt bei. <\/p>\n\t\t\t\t\t\t\t\t<\/div>\n\t\t\t\t<\/div>\n\t\t\t\t<div class=\"elementor-element elementor-element-061f748 elementor-widget elementor-widget-text-editor\" data-id=\"061f748\" data-element_type=\"widget\" data-e-type=\"widget\" data-widget_type=\"text-editor.default\">\n\t\t\t\t<div class=\"elementor-widget-container\">\n\t\t\t\t\t\t\t\t\t<p>Unsere Fahrzeughistorieberichte enthalten detaillierte Informationen zu:<\/p>\n\t\t\t\t\t\t\t\t<\/div>\n\t\t\t\t<\/div>\n\t\t\t\t<div class=\"elementor-element elementor-element-fa9c7ee elementor-icon-list--layout-traditional elementor-list-item-link-full_width elementor-widget elementor-widget-icon-list\" data-id=\"fa9c7ee\" data-element_type=\"widget\" data-e-type=\"widget\" data-widget_type=\"icon-list.default\">\n\t\t\t\t<div class=\"elementor-widget-container\">\n\t\t\t\t\t\t\t<ul class=\"elementor-icon-list-items\">\n\t\t\t\t\t\t\t<li class=\"elementor-icon-list-item\">\n\t\t\t\t\t\t\t\t\t\t\t<span class=\"elementor-icon-list-icon\">\n\t\t\t\t\t\t\t<i aria-hidden=\"true\" class=\"fas fa-check\"><\/i>\t\t\t\t\t\t<\/span>\n\t\t\t\t\t\t\t\t\t\t<span class=\"elementor-icon-list-text\"><b>Titelinformationen<\/b>: fett Einschlie\u00dflich Details zu geretteten oder verschrotteten Titeln.<\/span>\n\t\t\t\t\t\t\t\t\t<\/li>\n\t\t\t\t\t\t\t\t<li class=\"elementor-icon-list-item\">\n\t\t\t\t\t\t\t\t\t\t\t<span class=\"elementor-icon-list-icon\">\n\t\t\t\t\t\t\t<i aria-hidden=\"true\" class=\"fas fa-check\"><\/i>\t\t\t\t\t\t<\/span>\n\t\t\t\t\t\t\t\t\t\t<span class=\"elementor-icon-list-text\"><b>\u00dcbersicht \u00fcber Hochwasserereignisse<\/b>: fettgedruckte Informationen zu hochwasserbedingten Sch\u00e4den und geretteten Titeln.<\/span>\n\t\t\t\t\t\t\t\t\t<\/li>\n\t\t\t\t\t\t\t\t<li class=\"elementor-icon-list-item\">\n\t\t\t\t\t\t\t\t\t\t\t<span class=\"elementor-icon-list-icon\">\n\t\t\t\t\t\t\t<i aria-hidden=\"true\" class=\"fas fa-check\"><\/i>\t\t\t\t\t\t<\/span>\n\t\t\t\t\t\t\t\t\t\t<span class=\"elementor-icon-list-text\"><b>Gesamtverlust Unfallhistorie:<\/b> fett Gedokumentierte Vorf\u00e4lle, bei denen das Fahrzeug als Totalverlust erkl\u00e4rt wurde.<\/span>\n\t\t\t\t\t\t\t\t\t<\/li>\n\t\t\t\t\t\t\t\t<li class=\"elementor-icon-list-item\">\n\t\t\t\t\t\t\t\t\t\t\t<span class=\"elementor-icon-list-icon\">\n\t\t\t\t\t\t\t<i aria-hidden=\"true\" class=\"fas fa-check\"><\/i>\t\t\t\t\t\t<\/span>\n\t\t\t\t\t\t\t\t\t\t<span class=\"elementor-icon-list-text\"><b>Kilometerstand:<\/b> \u00dcberpr\u00fcfung der genauen Kilometerleistung.<\/span>\n\t\t\t\t\t\t\t\t\t<\/li>\n\t\t\t\t\t\t\t\t<li class=\"elementor-icon-list-item\">\n\t\t\t\t\t\t\t\t\t\t\t<span class=\"elementor-icon-list-icon\">\n\t\t\t\t\t\t\t<i aria-hidden=\"true\" class=\"fas fa-check\"><\/i>\t\t\t\t\t\t<\/span>\n\t\t\t\t\t\t\t\t\t\t<span class=\"elementor-icon-list-text\"><b>Lemon-Historie:<\/b> fett Informationen dar\u00fcber, ob das Fahrzeug als \"Lemon\" eingestuft wurde.<\/span>\n\t\t\t\t\t\t\t\t\t<\/li>\n\t\t\t\t\t\t\t\t<li class=\"elementor-icon-list-item\">\n\t\t\t\t\t\t\t\t\t\t\t<span class=\"elementor-icon-list-icon\">\n\t\t\t\t\t\t\t<i aria-hidden=\"true\" class=\"fas fa-check\"><\/i>\t\t\t\t\t\t<\/span>\n\t\t\t\t\t\t\t\t\t\t<span class=\"elementor-icon-list-text\"><b>Anzahl der Besitzer:<\/b> Fetteinzug Eine Geschichte der fr\u00fcheren Besitzer, einschlie\u00dflich derjenigen mit salvaged oder junked Titeln.<\/span>\n\t\t\t\t\t\t\t\t\t<\/li>\n\t\t\t\t\t\t\t\t<li class=\"elementor-icon-list-item\">\n\t\t\t\t\t\t\t\t\t\t\t<span class=\"elementor-icon-list-icon\">\n\t\t\t\t\t\t\t<i aria-hidden=\"true\" class=\"fas fa-check\"><\/i>\t\t\t\t\t\t<\/span>\n\t\t\t\t\t\t\t\t\t\t<span class=\"elementor-icon-list-text\"><b>Unfallindikatoren:<\/b> fett Wie die Ausl\u00f6sung von Airbags und anderen kritischen Sicherheitsvorf\u00e4llen.<\/span>\n\t\t\t\t\t\t\t\t\t<\/li>\n\t\t\t\t\t\t\t\t<li class=\"elementor-icon-list-item\">\n\t\t\t\t\t\t\t\t\t\t\t<span class=\"elementor-icon-list-icon\">\n\t\t\t\t\t\t\t<i aria-hidden=\"true\" class=\"fas fa-check\"><\/i>\t\t\t\t\t\t<\/span>\n\t\t\t\t\t\t\t\t\t\t<span class=\"elementor-icon-list-text\"><b>Ergebnisse der staatlichen Emissionsinspektion:<\/b> fettgedruckte Aufzeichnungen der staatlichen Emissionstests und Ergebnisse.<\/span>\n\t\t\t\t\t\t\t\t\t<\/li>\n\t\t\t\t\t\t\t\t<li class=\"elementor-icon-list-item\">\n\t\t\t\t\t\t\t\t\t\t\t<span class=\"elementor-icon-list-icon\">\n\t\t\t\t\t\t\t<i aria-hidden=\"true\" class=\"fas fa-check\"><\/i>\t\t\t\t\t\t<\/span>\n\t\t\t\t\t\t\t\t\t\t<span class=\"elementor-icon-list-text\"><b>Serviceaufzeichnungen:<\/b> ausf\u00fchrliche Dienst- und Wartungshistorie.<\/span>\n\t\t\t\t\t\t\t\t\t<\/li>\n\t\t\t\t\t\t\t\t<li class=\"elementor-icon-list-item\">\n\t\t\t\t\t\t\t\t\t\t\t<span class=\"elementor-icon-list-icon\">\n\t\t\t\t\t\t\t<i aria-hidden=\"true\" class=\"fas fa-check\"><\/i>\t\t\t\t\t\t<\/span>\n\t\t\t\t\t\t\t\t\t\t<span class=\"elementor-icon-list-text\"><b>Fahrzeugnutzung:<\/b> Wichtige Informationen \u00fcber die fr\u00fchere Verwendung des Fahrzeugs, wie z.B. Taxi, Mietwagen oder Leasing.<\/span>\n\t\t\t\t\t\t\t\t\t<\/li>\n\t\t\t\t\t\t<\/ul>\n\t\t\t\t\t\t<\/div>\n\t\t\t\t<\/div>\n\t\t\t\t<div class=\"elementor-element elementor-element-9c1bdd1 elementor-widget elementor-widget-heading\" data-id=\"9c1bdd1\" data-element_type=\"widget\" data-e-type=\"widget\" data-widget_type=\"heading.default\">\n\t\t\t\t<div class=\"elementor-widget-container\">\n\t\t\t\t\t<h2 class=\"elementor-heading-title elementor-size-default\">Analyse des Problems<\/h2>\t\t\t\t<\/div>\n\t\t\t\t<\/div>\n\t\t\t\t<div class=\"elementor-element elementor-element-ea7cc37 elementor-widget elementor-widget-text-editor\" data-id=\"ea7cc37\" data-element_type=\"widget\" data-e-type=\"widget\" data-widget_type=\"text-editor.default\">\n\t\t\t\t<div class=\"elementor-widget-container\">\n\t\t\t\t\t\t\t\t\t<p>Um die Dynamik des Autodiebstahls besser zu verstehen, wenden wir wirtschaftliche Prinzipien an, insbesondere das &#8222;Gleichgewicht von Angebot und Nachfrage&#8220;. Durch die Betrachtung von gestohlenen Autos als Ware im Marktumsatz wollen wir die Faktoren identifizieren, die dieses Ph\u00e4nomen antreiben. Diese Analyse hilft uns, effektivere Strategien zur Bek\u00e4mpfung von Autodiebstahl und zur Verbesserung der allgemeinen Fahrzeugsicherheit und -qualit\u00e4t vorzuschlagen.  <\/p>\n\t\t\t\t\t\t\t\t<\/div>\n\t\t\t\t<\/div>\n\t\t\t\t<div class=\"elementor-element elementor-element-f4b67f3 elementor-widget elementor-widget-text-editor\" data-id=\"f4b67f3\" data-element_type=\"widget\" data-e-type=\"widget\" data-widget_type=\"text-editor.default\">\n\t\t\t\t<div class=\"elementor-widget-container\">\n\t\t\t\t\t\t\t\t\t<p>Gemeinsam k\u00f6nnen wir einen Unterschied machen. Schlie\u00dfen Sie sich uns an, um einen sichereren, transparenteren Automarkt zu schaffen, indem Sie unsere zuverl\u00e4ssigen Fahrzeughistorieberichte nutzen. <\/p>\n\t\t\t\t\t\t\t\t<\/div>\n\t\t\t\t<\/div>\n\t\t\t\t\t<\/div>\n\t\t\t\t<\/div>\n\t\t\t\t<\/div>\n\t\t","protected":false},"excerpt":{"rendered":"<p>Unser Ziel Wir wollen das Bewusstsein f\u00fcr das globale Problem des Autodiebstahls und dessen Auswirkungen auf die Automobilindustrie sch\u00e4rfen. Statistiken zeigen eine erschreckende Realit\u00e4t: J\u00e4hrlich werden weltweit etwa 3 Millionen Autos gestohlen. Im Vergleich zur gesamten globalen Produktion von Autos entspricht diese Zahl fast 10% aller j\u00e4hrlich produzierten Fahrzeuge. Diese alarmierende Rate unterstreicht die Schwere [&hellip;]<\/p>\n","protected":false},"author":2,"featured_media":0,"parent":0,"menu_order":0,"comment_status":"closed","ping_status":"closed","template":"","meta":{"inline_featured_image":false,"footnotes":""},"class_list":["post-2191","page","type-page","status-publish","hentry"],"_links":{"self":[{"href":"https:\/\/www.vin-info.com\/de\/wp-json\/wp\/v2\/pages\/2191","targetHints":{"allow":["GET"]}}],"collection":[{"href":"https:\/\/www.vin-info.com\/de\/wp-json\/wp\/v2\/pages"}],"about":[{"href":"https:\/\/www.vin-info.com\/de\/wp-json\/wp\/v2\/types\/page"}],"author":[{"embeddable":true,"href":"https:\/\/www.vin-info.com\/de\/wp-json\/wp\/v2\/users\/2"}],"replies":[{"embeddable":true,"href":"https:\/\/www.vin-info.com\/de\/wp-json\/wp\/v2\/comments?post=2191"}],"version-history":[{"count":1,"href":"https:\/\/www.vin-info.com\/de\/wp-json\/wp\/v2\/pages\/2191\/revisions"}],"predecessor-version":[{"id":2192,"href":"https:\/\/www.vin-info.com\/de\/wp-json\/wp\/v2\/pages\/2191\/revisions\/2192"}],"wp:attachment":[{"href":"https:\/\/www.vin-info.com\/de\/wp-json\/wp\/v2\/media?parent=2191"}],"curies":[{"name":"wp","href":"https:\/\/api.w.org\/{rel}","templated":true}]}}