{"id":1776,"date":"2024-08-12T11:54:38","date_gmt":"2024-08-12T09:54:38","guid":{"rendered":"https:\/\/www.vin-info.com\/co-je-noveho\/"},"modified":"2024-09-04T13:47:06","modified_gmt":"2024-09-04T11:47:06","slug":"co-je-noveho","status":"publish","type":"page","link":"https:\/\/www.vin-info.com\/cs\/co-je-noveho\/","title":{"rendered":"Co je nov\u00e9ho"},"content":{"rendered":"\t\t<div data-elementor-type=\"wp-page\" data-elementor-id=\"1776\" class=\"elementor elementor-1776 elementor-70\" data-elementor-post-type=\"page\">\n\t\t\t\t<div class=\"elementor-element elementor-element-cff0ae2 e-flex e-con-boxed e-con e-parent\" data-id=\"cff0ae2\" data-element_type=\"container\" data-e-type=\"container\">\n\t\t\t\t\t<div class=\"e-con-inner\">\n\t\t\t\t<div class=\"elementor-element elementor-element-8902441 elementor-grid-3 elementor-grid-tablet-2 elementor-grid-mobile-1 elementor-posts--thumbnail-top elementor-card-shadow-yes elementor-posts__hover-gradient elementor-widget elementor-widget-posts\" data-id=\"8902441\" data-element_type=\"widget\" data-e-type=\"widget\" data-settings=\"{&quot;pagination_type&quot;:&quot;numbers_and_prev_next&quot;,&quot;cards_row_gap&quot;:{&quot;unit&quot;:&quot;px&quot;,&quot;size&quot;:25,&quot;sizes&quot;:[]},&quot;cards_columns&quot;:&quot;3&quot;,&quot;cards_columns_tablet&quot;:&quot;2&quot;,&quot;cards_columns_mobile&quot;:&quot;1&quot;,&quot;cards_row_gap_tablet&quot;:{&quot;unit&quot;:&quot;px&quot;,&quot;size&quot;:&quot;&quot;,&quot;sizes&quot;:[]},&quot;cards_row_gap_mobile&quot;:{&quot;unit&quot;:&quot;px&quot;,&quot;size&quot;:&quot;&quot;,&quot;sizes&quot;:[]}}\" data-widget_type=\"posts.cards\">\n\t\t\t\t<div class=\"elementor-widget-container\">\n\t\t\t\t\t\t\t<div class=\"elementor-posts-container elementor-posts elementor-posts--skin-cards elementor-grid\" role=\"list\">\n\t\t\t\t<article class=\"elementor-post elementor-grid-item post-3526 post type-post status-publish format-standard has-post-thumbnail hentry category-zpravy tag-safetyvics\" role=\"listitem\">\n\t\t\t<div class=\"elementor-post__card\">\n\t\t\t\t<a class=\"elementor-post__thumbnail__link\" href=\"https:\/\/www.vin-info.com\/cs\/zakladni-bezpecnostni-prvky-vozidel-pravni-pozadavky-vs-prumyslove-standardy\/\" tabindex=\"-1\" ><div class=\"elementor-post__thumbnail\"><img fetchpriority=\"high\" decoding=\"async\" width=\"300\" height=\"199\" src=\"https:\/\/www.vin-info.com\/wp-content\/uploads\/2024\/09\/al_qmyarvnu-300x199.jpg\" class=\"attachment-medium size-medium wp-image-3504\" alt=\"\" srcset=\"https:\/\/www.vin-info.com\/wp-content\/uploads\/2024\/09\/al_qmyarvnu-300x199.jpg 300w, https:\/\/www.vin-info.com\/wp-content\/uploads\/2024\/09\/al_qmyarvnu-1024x680.jpg 1024w, https:\/\/www.vin-info.com\/wp-content\/uploads\/2024\/09\/al_qmyarvnu-768x510.jpg 768w, https:\/\/www.vin-info.com\/wp-content\/uploads\/2024\/09\/al_qmyarvnu-1536x1020.jpg 1536w, https:\/\/www.vin-info.com\/wp-content\/uploads\/2024\/09\/al_qmyarvnu.jpg 1600w\" sizes=\"(max-width: 300px) 100vw, 300px\" \/><\/div><\/a>\n\t\t\t\t<div class=\"elementor-post__text\">\n\t\t\t\t<h3 class=\"elementor-post__title\">\n\t\t\t<a href=\"https:\/\/www.vin-info.com\/cs\/zakladni-bezpecnostni-prvky-vozidel-pravni-pozadavky-vs-prumyslove-standardy\/\" >\n\t\t\t\tZ\u00e1kladn\u00ed bezpe\u010dnostn\u00ed prvky vozidel: Pr\u00e1vn\u00ed po\u017eadavky vs. pr\u016fmyslov\u00e9 standardy\t\t\t<\/a>\n\t\t<\/h3>\n\t\t\t\t<div class=\"elementor-post__excerpt\">\n\t\t\t<p>V sou\u010dasn\u00e9 automobilov\u00e9 krajin\u011b nelze zd\u016fraznit d\u016fle\u017eitost bezpe\u010dnostn\u00edch prvk\u016f vozidel. S pokrokem v technologi\u00edch a rostouc\u00ed pot\u0159ebou bezpe\u010dn\u011bj\u0161\u00edch vozidel je pro spot\u0159ebitele kl\u00ed\u010dov\u00e9 rozum\u011bt pr\u00e1vn\u00edm po\u017eadavk\u016fm versus pr\u016fmyslov\u00fdm standard\u016fm pro\t\t<\/div>\n\t\t\t\t<\/div>\n\t\t\t\t\t<\/div>\n\t\t<\/article>\n\t\t\t\t<article class=\"elementor-post elementor-grid-item post-3457 post type-post status-publish format-standard has-post-thumbnail hentry category-zpravy tag-safetyvics\" role=\"listitem\">\n\t\t\t<div class=\"elementor-post__card\">\n\t\t\t\t<a class=\"elementor-post__thumbnail__link\" href=\"https:\/\/www.vin-info.com\/cs\/co-jsou-to-svolani-vozidel-a-proc-jsou-dulezita-pro-bezpecnost\/\" tabindex=\"-1\" ><div class=\"elementor-post__thumbnail\"><img decoding=\"async\" width=\"300\" height=\"200\" src=\"https:\/\/www.vin-info.com\/wp-content\/uploads\/2024\/09\/tnynxi0whxs-300x200.jpg\" class=\"attachment-medium size-medium wp-image-3661\" alt=\"\" srcset=\"https:\/\/www.vin-info.com\/wp-content\/uploads\/2024\/09\/tnynxi0whxs-300x200.jpg 300w, https:\/\/www.vin-info.com\/wp-content\/uploads\/2024\/09\/tnynxi0whxs-1024x683.jpg 1024w, https:\/\/www.vin-info.com\/wp-content\/uploads\/2024\/09\/tnynxi0whxs-768x512.jpg 768w, https:\/\/www.vin-info.com\/wp-content\/uploads\/2024\/09\/tnynxi0whxs-1536x1024.jpg 1536w, https:\/\/www.vin-info.com\/wp-content\/uploads\/2024\/09\/tnynxi0whxs.jpg 1600w\" sizes=\"(max-width: 300px) 100vw, 300px\" \/><\/div><\/a>\n\t\t\t\t<div class=\"elementor-post__text\">\n\t\t\t\t<h3 class=\"elementor-post__title\">\n\t\t\t<a href=\"https:\/\/www.vin-info.com\/cs\/co-jsou-to-svolani-vozidel-a-proc-jsou-dulezita-pro-bezpecnost\/\" >\n\t\t\t\tCo jsou to svol\u00e1n\u00ed vozidel a pro\u010d jsou d\u016fle\u017eit\u00e1 pro bezpe\u010dnost?\t\t\t<\/a>\n\t\t<\/h3>\n\t\t\t\t<div class=\"elementor-post__excerpt\">\n\t\t\t<p>Zp\u011btn\u00e9 v\u00fdzvy vozidel hraj\u00ed kl\u00ed\u010dovou roli p\u0159i zaji\u0161\u0165ov\u00e1n\u00ed bezpe\u010dnosti spot\u0159ebitel\u016f a celkov\u00e9 integrity automobilov\u00e9ho pr\u016fmyslu. Pochopen\u00ed toho, co p\u0159edstavuje zp\u011btnou v\u00fdzvu vozidla, proces\u016f, kter\u00e9 jsou s n\u00ed spojeny, a v\u00fdznamu\t\t<\/div>\n\t\t\t\t<\/div>\n\t\t\t\t\t<\/div>\n\t\t<\/article>\n\t\t\t\t<article class=\"elementor-post elementor-grid-item post-3436 post type-post status-publish format-standard has-post-thumbnail hentry category-zpravy tag-reportukcs\" role=\"listitem\">\n\t\t\t<div class=\"elementor-post__card\">\n\t\t\t\t<a class=\"elementor-post__thumbnail__link\" href=\"https:\/\/www.vin-info.com\/cs\/pochopeni-silnicni-dane-ve-velke-britanii-kompletni-pruvodce-silnicni-dani-za-vozidla\/\" tabindex=\"-1\" ><div class=\"elementor-post__thumbnail\"><img decoding=\"async\" width=\"300\" height=\"200\" src=\"https:\/\/www.vin-info.com\/wp-content\/uploads\/2024\/08\/bfloxcrijvq-300x200.jpg\" class=\"attachment-medium size-medium wp-image-3359\" alt=\"\" srcset=\"https:\/\/www.vin-info.com\/wp-content\/uploads\/2024\/08\/bfloxcrijvq-300x200.jpg 300w, https:\/\/www.vin-info.com\/wp-content\/uploads\/2024\/08\/bfloxcrijvq-1024x683.jpg 1024w, https:\/\/www.vin-info.com\/wp-content\/uploads\/2024\/08\/bfloxcrijvq-768x512.jpg 768w, https:\/\/www.vin-info.com\/wp-content\/uploads\/2024\/08\/bfloxcrijvq-1536x1024.jpg 1536w, https:\/\/www.vin-info.com\/wp-content\/uploads\/2024\/08\/bfloxcrijvq.jpg 1600w\" sizes=\"(max-width: 300px) 100vw, 300px\" \/><\/div><\/a>\n\t\t\t\t<div class=\"elementor-post__text\">\n\t\t\t\t<h3 class=\"elementor-post__title\">\n\t\t\t<a href=\"https:\/\/www.vin-info.com\/cs\/pochopeni-silnicni-dane-ve-velke-britanii-kompletni-pruvodce-silnicni-dani-za-vozidla\/\" >\n\t\t\t\tPochopen\u00ed silni\u010dn\u00ed dan\u011b ve Velk\u00e9 Brit\u00e1nii: Kompletn\u00ed pr\u016fvodce silni\u010dn\u00ed dan\u00ed za vozidla\t\t\t<\/a>\n\t\t<\/h3>\n\t\t\t\t<div class=\"elementor-post__excerpt\">\n\t\t\t<p>Silni\u010dn\u00ed da\u0148 (VED), b\u011b\u017en\u011b zn\u00e1m\u00e1 jako silni\u010dn\u00ed da\u0148, je povinn\u00e1 da\u0148 vyb\u00edran\u00e1 na t\u00e9m\u011b\u0159 v\u0161echna vozidla ve Spojen\u00e9m kr\u00e1lovstv\u00ed. Tato da\u0148 je nezbytn\u00fdm aspektem vlastnictv\u00ed vozidla v UK a plat\u00ed\t\t<\/div>\n\t\t\t\t<\/div>\n\t\t\t\t\t<\/div>\n\t\t<\/article>\n\t\t\t\t<article class=\"elementor-post elementor-grid-item post-3416 post type-post status-publish format-standard has-post-thumbnail hentry category-zpravy tag-reportukcs\" role=\"listitem\">\n\t\t\t<div class=\"elementor-post__card\">\n\t\t\t\t<a class=\"elementor-post__thumbnail__link\" href=\"https:\/\/www.vin-info.com\/cs\/kompletni-pruvodce-mot-zajisteni-ze-vase-vozidlo-je-zpusobile-k-provozu-a-legalni-ve-spojenem-kralovstvi\/\" tabindex=\"-1\" ><div class=\"elementor-post__thumbnail\"><img loading=\"lazy\" decoding=\"async\" width=\"300\" height=\"200\" src=\"https:\/\/www.vin-info.com\/wp-content\/uploads\/2024\/08\/vwemmg8xmfw-300x200.jpg\" class=\"attachment-medium size-medium wp-image-3338\" alt=\"\" srcset=\"https:\/\/www.vin-info.com\/wp-content\/uploads\/2024\/08\/vwemmg8xmfw-300x200.jpg 300w, https:\/\/www.vin-info.com\/wp-content\/uploads\/2024\/08\/vwemmg8xmfw-1024x683.jpg 1024w, https:\/\/www.vin-info.com\/wp-content\/uploads\/2024\/08\/vwemmg8xmfw-768x512.jpg 768w, https:\/\/www.vin-info.com\/wp-content\/uploads\/2024\/08\/vwemmg8xmfw-1536x1024.jpg 1536w, https:\/\/www.vin-info.com\/wp-content\/uploads\/2024\/08\/vwemmg8xmfw.jpg 1600w\" sizes=\"(max-width: 300px) 100vw, 300px\" \/><\/div><\/a>\n\t\t\t\t<div class=\"elementor-post__text\">\n\t\t\t\t<h3 class=\"elementor-post__title\">\n\t\t\t<a href=\"https:\/\/www.vin-info.com\/cs\/kompletni-pruvodce-mot-zajisteni-ze-vase-vozidlo-je-zpusobile-k-provozu-a-legalni-ve-spojenem-kralovstvi\/\" >\n\t\t\t\tKompletn\u00ed pr\u016fvodce MOT: Zaji\u0161t\u011bn\u00ed, \u017ee va\u0161e vozidlo je zp\u016fsobil\u00e9 k provozu a leg\u00e1ln\u00ed ve Spojen\u00e9m kr\u00e1lovstv\u00ed.\t\t\t<\/a>\n\t\t<\/h3>\n\t\t\t\t<div class=\"elementor-post__excerpt\">\n\t\t\t<p>Test ministerstva dopravy, \u010dasto ozna\u010dovan\u00fd jako MOT, je z\u00e1sadn\u00edm aspektem vlastnictv\u00ed vozidla ve Spojen\u00e9m kr\u00e1lovstv\u00ed. Tento ro\u010dn\u00ed, povinn\u00fd kontroln\u00ed test zaji\u0161\u0165uje, \u017ee vozidla spl\u0148uj\u00ed minim\u00e1ln\u00ed bezpe\u010dnostn\u00ed a environment\u00e1ln\u00ed standardy po\u017eadovan\u00e9\t\t<\/div>\n\t\t\t\t<\/div>\n\t\t\t\t\t<\/div>\n\t\t<\/article>\n\t\t\t\t<article class=\"elementor-post elementor-grid-item post-3391 post type-post status-publish format-standard has-post-thumbnail hentry category-zpravy tag-damagevien-cs\" role=\"listitem\">\n\t\t\t<div class=\"elementor-post__card\">\n\t\t\t\t<a class=\"elementor-post__thumbnail__link\" href=\"https:\/\/www.vin-info.com\/cs\/jak-predchozi-opravy-po-poskozeni-vozidla-ovlivnuji-hodnotu-znovu-prodeje-co-by-meli-vedet-kupujici-a-prodavajici\/\" tabindex=\"-1\" ><div class=\"elementor-post__thumbnail\"><img loading=\"lazy\" decoding=\"async\" width=\"300\" height=\"200\" src=\"https:\/\/www.vin-info.com\/wp-content\/uploads\/2024\/08\/ucdrfflhsmc-300x200.jpg\" class=\"attachment-medium size-medium wp-image-1291\" alt=\"\" srcset=\"https:\/\/www.vin-info.com\/wp-content\/uploads\/2024\/08\/ucdrfflhsmc-300x200.jpg 300w, https:\/\/www.vin-info.com\/wp-content\/uploads\/2024\/08\/ucdrfflhsmc-1024x682.jpg 1024w, https:\/\/www.vin-info.com\/wp-content\/uploads\/2024\/08\/ucdrfflhsmc-768x512.jpg 768w, https:\/\/www.vin-info.com\/wp-content\/uploads\/2024\/08\/ucdrfflhsmc-1536x1023.jpg 1536w, https:\/\/www.vin-info.com\/wp-content\/uploads\/2024\/08\/ucdrfflhsmc.jpg 1600w\" sizes=\"(max-width: 300px) 100vw, 300px\" \/><\/div><\/a>\n\t\t\t\t<div class=\"elementor-post__text\">\n\t\t\t\t<h3 class=\"elementor-post__title\">\n\t\t\t<a href=\"https:\/\/www.vin-info.com\/cs\/jak-predchozi-opravy-po-poskozeni-vozidla-ovlivnuji-hodnotu-znovu-prodeje-co-by-meli-vedet-kupujici-a-prodavajici\/\" >\n\t\t\t\tJak p\u0159edchoz\u00ed opravy po po\u0161kozen\u00ed vozidla ovliv\u0148uj\u00ed hodnotu znovu prodeje: Co by m\u011bli v\u011bd\u011bt kupuj\u00edc\u00ed a prod\u00e1vaj\u00edc\u00ed\t\t\t<\/a>\n\t\t<\/h3>\n\t\t\t\t<div class=\"elementor-post__excerpt\">\n\t\t\t<p>Kdy\u017e se jedn\u00e1 o koupi nebo prodej pou\u017eit\u00e9ho automobilu, porozum\u011bn\u00ed vlivu p\u0159edchoz\u00edch oprav na z\u016fstatkovou hodnotu vozidla je z\u00e1sadn\u00ed. A\u0165 u\u017e jste kupuj\u00edc\u00ed, kter\u00fd hled\u00e1 spolehliv\u00e9 vozidlo, nebo prod\u00e1vaj\u00edc\u00ed, kter\u00fd\t\t<\/div>\n\t\t\t\t<\/div>\n\t\t\t\t\t<\/div>\n\t\t<\/article>\n\t\t\t\t<article class=\"elementor-post elementor-grid-item post-3321 post type-post status-publish format-standard has-post-thumbnail hentry category-zpravy tag-damagevien-cs\" role=\"listitem\">\n\t\t\t<div class=\"elementor-post__card\">\n\t\t\t\t<a class=\"elementor-post__thumbnail__link\" href=\"https:\/\/www.vin-info.com\/cs\/jak-cist-zpravy-o-udalostech-a-historii-skod\/\" tabindex=\"-1\" ><div class=\"elementor-post__thumbnail\"><img loading=\"lazy\" decoding=\"async\" width=\"300\" height=\"225\" src=\"https:\/\/www.vin-info.com\/wp-content\/uploads\/2024\/09\/ckjxgyfndqc-300x225.jpg\" class=\"attachment-medium size-medium wp-image-3749\" alt=\"\" srcset=\"https:\/\/www.vin-info.com\/wp-content\/uploads\/2024\/09\/ckjxgyfndqc-300x225.jpg 300w, https:\/\/www.vin-info.com\/wp-content\/uploads\/2024\/09\/ckjxgyfndqc-1024x768.jpg 1024w, https:\/\/www.vin-info.com\/wp-content\/uploads\/2024\/09\/ckjxgyfndqc-768x576.jpg 768w, https:\/\/www.vin-info.com\/wp-content\/uploads\/2024\/09\/ckjxgyfndqc-1536x1152.jpg 1536w, https:\/\/www.vin-info.com\/wp-content\/uploads\/2024\/09\/ckjxgyfndqc.jpg 1600w\" sizes=\"(max-width: 300px) 100vw, 300px\" \/><\/div><\/a>\n\t\t\t\t<div class=\"elementor-post__text\">\n\t\t\t\t<h3 class=\"elementor-post__title\">\n\t\t\t<a href=\"https:\/\/www.vin-info.com\/cs\/jak-cist-zpravy-o-udalostech-a-historii-skod\/\" >\n\t\t\t\tJak \u010d\u00edst zpr\u00e1vy o ud\u00e1lostech a historii \u0161kod\t\t\t<\/a>\n\t\t<\/h3>\n\t\t\t\t<div class=\"elementor-post__excerpt\">\n\t\t\t<p>Koup\u011b ojet\u00e9ho auta m\u016f\u017ee b\u00fdt n\u00e1ro\u010dn\u00fd \u00fakol, zejm\u00e9na pokud si nejste jisti jeho minulost\u00ed. Pochopen\u00ed historie ud\u00e1lost\u00ed a po\u0161kozen\u00ed vozidla je z\u00e1sadn\u00ed pro u\u010din\u011bn\u00ed informovan\u00e9ho rozhodnut\u00ed. V tomto \u010dl\u00e1nku v\u00e1s\t\t<\/div>\n\t\t\t\t<\/div>\n\t\t\t\t\t<\/div>\n\t\t<\/article>\n\t\t\t\t<\/div>\n\t\t\n\t\t\t\t<div class=\"e-load-more-anchor\" data-page=\"1\" data-max-page=\"5\" data-next-page=\"https:\/\/www.vin-info.com\/cs\/wp-json\/wp\/v2\/pages\/1776\/page\/2\/\"><\/div>\n\t\t\t\t<nav class=\"elementor-pagination\" aria-label=\"Pagination\">\n\t\t\t<span class=\"page-numbers prev\">\u00ab P\u0159edchoz\u00ed<\/span>\n<span aria-current=\"page\" class=\"page-numbers current\"><span class=\"elementor-screen-only\">Page<\/span>1<\/span>\n<a class=\"page-numbers\" href=\"https:\/\/www.vin-info.com\/cs\/wp-json\/wp\/v2\/pages\/1776\/page\/2\/\"><span class=\"elementor-screen-only\">Page<\/span>2<\/a>\n<a class=\"page-numbers\" href=\"https:\/\/www.vin-info.com\/cs\/wp-json\/wp\/v2\/pages\/1776\/page\/3\/\"><span class=\"elementor-screen-only\">Page<\/span>3<\/a>\n<a class=\"page-numbers\" href=\"https:\/\/www.vin-info.com\/cs\/wp-json\/wp\/v2\/pages\/1776\/page\/4\/\"><span class=\"elementor-screen-only\">Page<\/span>4<\/a>\n<a class=\"page-numbers\" href=\"https:\/\/www.vin-info.com\/cs\/wp-json\/wp\/v2\/pages\/1776\/page\/5\/\"><span class=\"elementor-screen-only\">Page<\/span>5<\/a>\n<a class=\"page-numbers next\" href=\"https:\/\/www.vin-info.com\/cs\/wp-json\/wp\/v2\/pages\/1776\/page\/2\/\">Dal\u0161\u00ed \u00bb<\/a>\t\t<\/nav>\n\t\t\t\t\t\t<\/div>\n\t\t\t\t<\/div>\n\t\t\t\t\t<\/div>\n\t\t\t\t<\/div>\n\t\t\t\t<\/div>\n\t\t","protected":false},"excerpt":{"rendered":"","protected":false},"author":2,"featured_media":0,"parent":0,"menu_order":0,"comment_status":"closed","ping_status":"closed","template":"","meta":{"inline_featured_image":false,"footnotes":""},"class_list":["post-1776","page","type-page","status-publish","hentry"],"_links":{"self":[{"href":"https:\/\/www.vin-info.com\/cs\/wp-json\/wp\/v2\/pages\/1776","targetHints":{"allow":["GET"]}}],"collection":[{"href":"https:\/\/www.vin-info.com\/cs\/wp-json\/wp\/v2\/pages"}],"about":[{"href":"https:\/\/www.vin-info.com\/cs\/wp-json\/wp\/v2\/types\/page"}],"author":[{"embeddable":true,"href":"https:\/\/www.vin-info.com\/cs\/wp-json\/wp\/v2\/users\/2"}],"replies":[{"embeddable":true,"href":"https:\/\/www.vin-info.com\/cs\/wp-json\/wp\/v2\/comments?post=1776"}],"version-history":[{"count":2,"href":"https:\/\/www.vin-info.com\/cs\/wp-json\/wp\/v2\/pages\/1776\/revisions"}],"predecessor-version":[{"id":3608,"href":"https:\/\/www.vin-info.com\/cs\/wp-json\/wp\/v2\/pages\/1776\/revisions\/3608"}],"wp:attachment":[{"href":"https:\/\/www.vin-info.com\/cs\/wp-json\/wp\/v2\/media?parent=1776"}],"curies":[{"name":"wp","href":"https:\/\/api.w.org\/{rel}","templated":true}]}}