{"id":1724,"date":"2024-08-12T08:35:01","date_gmt":"2024-08-12T06:35:01","guid":{"rendered":"https:\/\/www.vin-info.com\/dekoder-vin\/"},"modified":"2024-08-12T08:35:02","modified_gmt":"2024-08-12T06:35:02","slug":"dekoder-vin","status":"publish","type":"page","link":"https:\/\/www.vin-info.com\/cs\/dekoder-vin\/","title":{"rendered":"Dekod\u00e9r VIN"},"content":{"rendered":"\t\t<div data-elementor-type=\"wp-page\" data-elementor-id=\"1724\" class=\"elementor elementor-1724 elementor-745\" data-elementor-post-type=\"page\">\n\t\t\t\t<div class=\"elementor-element elementor-element-f4dfb66 e-flex e-con-boxed e-con e-parent\" data-id=\"f4dfb66\" data-element_type=\"container\" data-e-type=\"container\">\n\t\t\t\t\t<div class=\"e-con-inner\">\n\t\t\t\t<div class=\"elementor-element elementor-element-8ec60b0 elementor-widget elementor-widget-heading\" data-id=\"8ec60b0\" data-element_type=\"widget\" data-e-type=\"widget\" data-widget_type=\"heading.default\">\n\t\t\t\t<div class=\"elementor-widget-container\">\n\t\t\t\t\t<h2 class=\"elementor-heading-title elementor-size-default\">Jak\u00fd je \u00fa\u010del dekod\u00e9ru VIN?<\/h2>\t\t\t\t<\/div>\n\t\t\t\t<\/div>\n\t\t\t\t<div class=\"elementor-element elementor-element-2976aaf elementor-widget elementor-widget-text-editor\" data-id=\"2976aaf\" data-element_type=\"widget\" data-e-type=\"widget\" data-widget_type=\"text-editor.default\">\n\t\t\t\t<div class=\"elementor-widget-container\">\n\t\t\t\t\t\t\t\t\t<p>Dek\u00f3dov\u00e1n\u00ed VIN umo\u017e\u0148uje identifikaci a ov\u011b\u0159en\u00ed vozidla, poskytuj\u00edc\u00ed kl\u00ed\u010dov\u00e9 informace o n\u011bm. To je z\u00e1sadn\u00ed, proto\u017ee to umo\u017e\u0148uje kupuj\u00edc\u00edmu zkontrolovat \u00fadaje poskytnut\u00e9 prod\u00e1vaj\u00edc\u00edm nebo dealerem. Kontrolou VIN z\u00edsk\u00e1v\u00e1 potenci\u00e1ln\u00ed kupuj\u00edc\u00ed p\u0159\u00edstup ke v\u0161em z\u00e1kladn\u00edm informac\u00edm o vozidle, stejn\u011b jako k mnoha dal\u0161\u00edm kategori\u00edm dostupn\u00fdm ve zpr\u00e1v\u011b o historii vozidla.  <\/p>\n\t\t\t\t\t\t\t\t<\/div>\n\t\t\t\t<\/div>\n\t\t\t\t<div class=\"elementor-element elementor-element-297acc6 elementor-widget elementor-widget-heading\" data-id=\"297acc6\" data-element_type=\"widget\" data-e-type=\"widget\" data-widget_type=\"heading.default\">\n\t\t\t\t<div class=\"elementor-widget-container\">\n\t\t\t\t\t<h2 class=\"elementor-heading-title elementor-size-default\">Jak\u00e9 informace mohu z\u00edskat z dekod\u00e9ru VIN?<\/h2>\t\t\t\t<\/div>\n\t\t\t\t<\/div>\n\t\t\t\t<div class=\"elementor-element elementor-element-78148cc elementor-widget elementor-widget-text-editor\" data-id=\"78148cc\" data-element_type=\"widget\" data-e-type=\"widget\" data-widget_type=\"text-editor.default\">\n\t\t\t\t<div class=\"elementor-widget-container\">\n\t\t\t\t\t\t\t\t\t<p>Dek\u00f3dov\u00e1n\u00ed VIN odhal\u00ed mnoho kl\u00ed\u010dov\u00fdch informac\u00ed o vozidle. Po dek\u00f3dov\u00e1n\u00ed VIN a objedn\u00e1n\u00ed zpr\u00e1vy se zainteresovan\u00fd kupuj\u00edc\u00ed dozv\u00ed o: <\/p>\n\t\t\t\t\t\t\t\t<\/div>\n\t\t\t\t<\/div>\n\t\t\t\t<div class=\"elementor-element elementor-element-87a0377 elementor-icon-list--layout-traditional elementor-list-item-link-full_width elementor-widget elementor-widget-icon-list\" data-id=\"87a0377\" data-element_type=\"widget\" data-e-type=\"widget\" data-widget_type=\"icon-list.default\">\n\t\t\t\t<div class=\"elementor-widget-container\">\n\t\t\t\t\t\t\t<ul class=\"elementor-icon-list-items\">\n\t\t\t\t\t\t\t<li class=\"elementor-icon-list-item\">\n\t\t\t\t\t\t\t\t\t\t\t<span class=\"elementor-icon-list-icon\">\n\t\t\t\t\t\t\t<i aria-hidden=\"true\" class=\"fas fa-chevron-right\"><\/i>\t\t\t\t\t\t<\/span>\n\t\t\t\t\t\t\t\t\t\t<span class=\"elementor-icon-list-text\"><b>Technick\u00e9 specifikace: <\/b>tu\u010dn\u00fd V\u00fdrobce, model, typ paliva, typ karoserie, objem motoru, po\u010det sedadel, t\u0159\u00edda vozidla.<\/span>\n\t\t\t\t\t\t\t\t\t<\/li>\n\t\t\t\t\t\t\t\t<li class=\"elementor-icon-list-item\">\n\t\t\t\t\t\t\t\t\t\t\t<span class=\"elementor-icon-list-icon\">\n\t\t\t\t\t\t\t<i aria-hidden=\"true\" class=\"fas fa-chevron-right\"><\/i>\t\t\t\t\t\t<\/span>\n\t\t\t\t\t\t\t\t\t\t<span class=\"elementor-icon-list-text\"><b>Inspekce:<\/b> tu\u010dn\u00e9 Z\u00e1znamy z inspek\u010dn\u00edch stanic vozidel, autorizovan\u00fdch servisn\u00edch center atd.<\/span>\n\t\t\t\t\t\t\t\t\t<\/li>\n\t\t\t\t\t\t\t\t<li class=\"elementor-icon-list-item\">\n\t\t\t\t\t\t\t\t\t\t\t<span class=\"elementor-icon-list-icon\">\n\t\t\t\t\t\t\t<i aria-hidden=\"true\" class=\"fas fa-chevron-right\"><\/i>\t\t\t\t\t\t<\/span>\n\t\t\t\t\t\t\t\t\t\t<span class=\"elementor-icon-list-text\"><b>Kilometrov\u00fd v\u00fdkon: <\/b>tu\u010dn\u011b zaznamenan\u00e9 hodnoty na tachometru.<\/span>\n\t\t\t\t\t\t\t\t\t<\/li>\n\t\t\t\t\t\t\t\t<li class=\"elementor-icon-list-item\">\n\t\t\t\t\t\t\t\t\t\t\t<span class=\"elementor-icon-list-icon\">\n\t\t\t\t\t\t\t<i aria-hidden=\"true\" class=\"fas fa-chevron-right\"><\/i>\t\t\t\t\t\t<\/span>\n\t\t\t\t\t\t\t\t\t\t<span class=\"elementor-icon-list-text\"><b>V\u00fdrobn\u00ed vady:<\/b> tu\u010dn\u00e9 V\u00fdrobce stahuje v\u00fdrobky a zn\u00e1m\u00e9 probl\u00e9my.<\/span>\n\t\t\t\t\t\t\t\t\t<\/li>\n\t\t\t\t\t\t\t\t<li class=\"elementor-icon-list-item\">\n\t\t\t\t\t\t\t\t\t\t\t<span class=\"elementor-icon-list-icon\">\n\t\t\t\t\t\t\t<i aria-hidden=\"true\" class=\"fas fa-chevron-right\"><\/i>\t\t\t\t\t\t<\/span>\n\t\t\t\t\t\t\t\t\t\t<span class=\"elementor-icon-list-text\"><b>Informace o v\u00fdrobci:<\/b> tu\u010dn\u00e1 Datum v\u00fdroby, m\u00edsto mont\u00e1\u017ee, zem\u011b p\u016fvodu.<\/span>\n\t\t\t\t\t\t\t\t\t<\/li>\n\t\t\t\t\t\t\t\t<li class=\"elementor-icon-list-item\">\n\t\t\t\t\t\t\t\t\t\t\t<span class=\"elementor-icon-list-icon\">\n\t\t\t\t\t\t\t<i aria-hidden=\"true\" class=\"fas fa-chevron-right\"><\/i>\t\t\t\t\t\t<\/span>\n\t\t\t\t\t\t\t\t\t\t<span class=\"elementor-icon-list-text\"><b>V\u00fdbava:<\/b> barva laku a n\u00e1razn\u00edku, klimatizace, typ l\u00e1tky sedadel, elektrick\u00e1 nebo t\u00f3novan\u00e1 okna, st\u0159e\u0161n\u00ed okno, vyh\u0159\u00edvan\u00e1 sedadla, st\u0159e\u0161n\u00ed nosi\u010de, alarm, tempomat, airbagy, parkovac\u00ed senzory, nainstalovan\u00e9 syst\u00e9my, dekorativn\u00ed li\u0161ty atd.<\/span>\n\t\t\t\t\t\t\t\t\t<\/li>\n\t\t\t\t\t\t<\/ul>\n\t\t\t\t\t\t<\/div>\n\t\t\t\t<\/div>\n\t\t\t\t<div class=\"elementor-element elementor-element-9b04525 elementor-widget elementor-widget-text-editor\" data-id=\"9b04525\" data-element_type=\"widget\" data-e-type=\"widget\" data-widget_type=\"text-editor.default\">\n\t\t\t\t<div class=\"elementor-widget-container\">\n\t\t\t\t\t\t\t\t\t<p>Krom\u011b toho dekod\u00e9r VIN pom\u00e1h\u00e1 zkontrolovat, zda je vozidlo uvedeno v datab\u00e1z\u00edch ukraden\u00fdch vozidel (v Polsku, Evrop\u011b a Severn\u00ed Americe) a poskytuje p\u0159\u00edstup k fotografi\u00edm z p\u0159edchoz\u00edch online aukc\u00ed.<\/p>\n\t\t\t\t\t\t\t\t<\/div>\n\t\t\t\t<\/div>\n\t\t\t\t<div class=\"elementor-element elementor-element-a0bb07d elementor-widget elementor-widget-heading\" data-id=\"a0bb07d\" data-element_type=\"widget\" data-e-type=\"widget\" data-widget_type=\"heading.default\">\n\t\t\t\t<div class=\"elementor-widget-container\">\n\t\t\t\t\t<h2 class=\"elementor-heading-title elementor-size-default\">Jak de\u0161ifrovat VIN?<\/h2>\t\t\t\t<\/div>\n\t\t\t\t<\/div>\n\t\t\t\t<div class=\"elementor-element elementor-element-388aca7 elementor-widget elementor-widget-text-editor\" data-id=\"388aca7\" data-element_type=\"widget\" data-e-type=\"widget\" data-widget_type=\"text-editor.default\">\n\t\t\t\t<div class=\"elementor-widget-container\">\n\t\t\t\t\t\t\t\t\t<p>K de\u0161ifrov\u00e1n\u00ed VIN vozidla, o kter\u00e9 m\u00e1te z\u00e1jem, m\u016f\u017eete pou\u017e\u00edt n\u00e1\u0161 de\u0161ifrovac\u00ed n\u00e1stroj na webu vin-info.com. Po de\u0161ifrov\u00e1n\u00ed VIN obdr\u017e\u00edte z\u00e1kladn\u00ed informace o vozidle a p\u0159ehled kategori\u00ed zahrnut\u00fdch v online Zpr\u00e1v\u011b o historii vozidla. <\/p>\n\t\t\t\t\t\t\t\t<\/div>\n\t\t\t\t<\/div>\n\t\t<div class=\"elementor-element elementor-element-2575bf1 e-con-full e-flex e-con e-child\" data-id=\"2575bf1\" data-element_type=\"container\" data-e-type=\"container\">\n\t\t\t\t<div class=\"elementor-element elementor-element-b83cf4c elementor-widget elementor-widget-template\" data-id=\"b83cf4c\" data-element_type=\"widget\" data-e-type=\"widget\" data-widget_type=\"template.default\">\n\t\t\t\t<div class=\"elementor-widget-container\">\n\t\t\t\t\t\t\t<div class=\"elementor-template\">\n\t\t\t\t\t<div data-elementor-type=\"section\" data-elementor-id=\"1424\" class=\"elementor elementor-1424 elementor-757 elementor-757\" data-elementor-post-type=\"elementor_library\">\n\t\t\t<div class=\"elementor-element elementor-element-c6f68bb e-flex e-con-boxed e-con e-parent\" data-id=\"c6f68bb\" data-element_type=\"container\" data-e-type=\"container\">\n\t\t\t\t\t<div class=\"e-con-inner\">\n\t\t\t\t<div class=\"elementor-element elementor-element-7fe4c49 elementor-cta--skin-classic elementor-animated-content elementor-bg-transform elementor-bg-transform-zoom-in elementor-widget elementor-widget-call-to-action\" data-id=\"7fe4c49\" data-element_type=\"widget\" data-e-type=\"widget\" data-widget_type=\"call-to-action.default\">\n\t\t\t\t<div class=\"elementor-widget-container\">\n\t\t\t\t\t\t\t<div class=\"elementor-cta\">\n\t\t\t\t\t<div class=\"elementor-cta__bg-wrapper\">\n\t\t\t\t<div class=\"elementor-cta__bg elementor-bg\" style=\"background-image: url(https:\/\/www.vin-info.com\/wp-content\/uploads\/2024\/06\/cta-vin-info-min-1024x393.jpg);\" role=\"img\" aria-label=\"cta-vin-info-min\"><\/div>\n\t\t\t\t<div class=\"elementor-cta__bg-overlay\"><\/div>\n\t\t\t<\/div>\n\t\t\t\t\t\t\t<div class=\"elementor-cta__content\">\n\t\t\t\t\n\t\t\t\t\t\t\t\t\t<h2 class=\"elementor-cta__title elementor-cta__content-item elementor-content-item\">\n\t\t\t\t\t\tObjevte kompletn\u00ed historii sv\u00e9ho vozidla!\t\t\t\t\t<\/h2>\n\t\t\t\t\n\t\t\t\t\t\t\t\t\t<div class=\"elementor-cta__description elementor-cta__content-item elementor-content-item\">\n\t\t\t\t\t\t<p>Zadejte sv\u016fj VIN a odemkn\u011bte podrobnou zpr\u00e1vu o historii vozidla. Z\u00edskejte p\u0159ehled o nehod\u00e1ch, po\u010dtu najet\u00fdch kilometr\u016f, pou\u017e\u00edv\u00e1n\u00ed a dal\u0161\u00edch d\u016fle\u017eit\u00fdch informac\u00edch. Ujist\u011bte se, \u017ee d\u011bl\u00e1te dob\u0159e informovan\u00e9 rozhodnut\u00ed. Zkontrolujte sv\u016fj VIN a st\u00e1hn\u011bte si zpr\u00e1vu je\u0161t\u011b dnes!   <\/p>\n\t\t\t\t\t<\/div>\n\t\t\t\t\n\t\t\t\t\t\t\t\t\t<div class=\"elementor-cta__button-wrapper elementor-cta__content-item elementor-content-item \">\n\t\t\t\t\t<a class=\"elementor-cta__button elementor-button elementor-size-\" href=\"#elementor-action%3Aaction%3Dpopup%3Aopen%26settings%3DeyJpZCI6MTkwMCwidG9nZ2xlIjpmYWxzZX0%3D\">\n\t\t\t\t\t\tZkontrolujte VIN nyn\u00ed\t\t\t\t\t<\/a>\n\t\t\t\t\t<\/div>\n\t\t\t\t\t\t\t<\/div>\n\t\t\t\t\t\t<\/div>\n\t\t\t\t\t\t<\/div>\n\t\t\t\t<\/div>\n\t\t\t\t\t<\/div>\n\t\t\t\t<\/div>\n\t\t\t\t<\/div>\n\t\t\t\t<\/div>\n\t\t\t\t\t\t<\/div>\n\t\t\t\t<\/div>\n\t\t\t\t<\/div>\n\t\t\t\t\t<\/div>\n\t\t\t\t<\/div>\n\t\t\t\t<\/div>\n\t\t","protected":false},"excerpt":{"rendered":"<p>VIN dekod\u00e9r je specializovan\u00fd algoritmus navr\u017een\u00fd k de\u0161ifrov\u00e1n\u00ed informac\u00ed zak\u00f3dovan\u00fdch v 17-znakov\u00e9m identifika\u010dn\u00edm \u010d\u00edsle vozidla (VIN). V z\u00e1vislosti na aplikaci dek\u00f3dov\u00e1n\u00ed a dostupn\u00fdch datov\u00fdch zdroj\u00edch zak\u00f3dovan\u00fdch v \u010d\u00edsle poskytuje dekod\u00e9r r\u016fzn\u00e9 podrobnosti, kter\u00e9 jsou prezentov\u00e1ny v online zpr\u00e1v\u011b. <\/p>\n","protected":false},"author":2,"featured_media":0,"parent":0,"menu_order":0,"comment_status":"closed","ping_status":"closed","template":"","meta":{"inline_featured_image":false,"footnotes":""},"class_list":["post-1724","page","type-page","status-publish","hentry"],"_links":{"self":[{"href":"https:\/\/www.vin-info.com\/cs\/wp-json\/wp\/v2\/pages\/1724","targetHints":{"allow":["GET"]}}],"collection":[{"href":"https:\/\/www.vin-info.com\/cs\/wp-json\/wp\/v2\/pages"}],"about":[{"href":"https:\/\/www.vin-info.com\/cs\/wp-json\/wp\/v2\/types\/page"}],"author":[{"embeddable":true,"href":"https:\/\/www.vin-info.com\/cs\/wp-json\/wp\/v2\/users\/2"}],"replies":[{"embeddable":true,"href":"https:\/\/www.vin-info.com\/cs\/wp-json\/wp\/v2\/comments?post=1724"}],"version-history":[{"count":1,"href":"https:\/\/www.vin-info.com\/cs\/wp-json\/wp\/v2\/pages\/1724\/revisions"}],"predecessor-version":[{"id":1725,"href":"https:\/\/www.vin-info.com\/cs\/wp-json\/wp\/v2\/pages\/1724\/revisions\/1725"}],"wp:attachment":[{"href":"https:\/\/www.vin-info.com\/cs\/wp-json\/wp\/v2\/media?parent=1724"}],"curies":[{"name":"wp","href":"https:\/\/api.w.org\/{rel}","templated":true}]}}