{"id":1698,"date":"2024-08-09T15:36:55","date_gmt":"2024-08-09T13:36:55","guid":{"rendered":"https:\/\/www.vin-info.com\/zpravy-o-historii-vozidla\/"},"modified":"2024-08-09T15:36:56","modified_gmt":"2024-08-09T13:36:56","slug":"zpravy-o-historii-vozidla","status":"publish","type":"page","link":"https:\/\/www.vin-info.com\/cs\/zpravy-o-historii-vozidla\/","title":{"rendered":"Zpr\u00e1vy o historii vozidla"},"content":{"rendered":"\t\t<div data-elementor-type=\"wp-page\" data-elementor-id=\"1698\" class=\"elementor elementor-1698 elementor-733\" data-elementor-post-type=\"page\">\n\t\t\t\t<div class=\"elementor-element elementor-element-583a7bf e-flex e-con-boxed e-con e-parent\" data-id=\"583a7bf\" data-element_type=\"container\" data-e-type=\"container\">\n\t\t\t\t\t<div class=\"e-con-inner\">\n\t\t\t\t<div class=\"elementor-element elementor-element-880840d elementor-widget elementor-widget-heading\" data-id=\"880840d\" data-element_type=\"widget\" data-e-type=\"widget\" data-widget_type=\"heading.default\">\n\t\t\t\t<div class=\"elementor-widget-container\">\n\t\t\t\t\t<h2 class=\"elementor-heading-title elementor-size-default\">Pro\u010d si vybrat zpr\u00e1vu o historii vozidla od VIN-Info?<\/h2>\t\t\t\t<\/div>\n\t\t\t\t<\/div>\n\t\t\t\t<div class=\"elementor-element elementor-element-d6f94ad elementor-widget elementor-widget-text-editor\" data-id=\"d6f94ad\" data-element_type=\"widget\" data-e-type=\"widget\" data-widget_type=\"text-editor.default\">\n\t\t\t\t<div class=\"elementor-widget-container\">\n\t\t\t\t\t\t\t\t\t<p>Zpr\u00e1va o historii vozidla z VIN-INFO poskytuje podrobn\u00fd p\u0159ehled o minulosti vozidla, sestaven\u00fd z \u0161irok\u00e9ho spektra spolehliv\u00fdch zdroj\u016f. Tato zpr\u00e1va je va\u0161\u00ed nejlep\u0161\u00ed obrannou lini\u00ed na trhu s ojet\u00fdmi vozy, nab\u00edz\u00ed transparentnost a pom\u00e1h\u00e1 v\u00e1m u\u010dinit informovan\u00e9 rozhodnut\u00ed o koupi. Data jsou shroma\u017e\u010fov\u00e1na z r\u016fzn\u00fdch nez\u00e1visl\u00fdch subjekt\u016f, v\u010detn\u011b:  <\/p>\n\t\t\t\t\t\t\t\t<\/div>\n\t\t\t\t<\/div>\n\t\t\t\t<div class=\"elementor-element elementor-element-79ed062 elementor-icon-list--layout-traditional elementor-list-item-link-full_width elementor-widget elementor-widget-icon-list\" data-id=\"79ed062\" data-element_type=\"widget\" data-e-type=\"widget\" data-widget_type=\"icon-list.default\">\n\t\t\t\t<div class=\"elementor-widget-container\">\n\t\t\t\t\t\t\t<ul class=\"elementor-icon-list-items\">\n\t\t\t\t\t\t\t<li class=\"elementor-icon-list-item\">\n\t\t\t\t\t\t\t\t\t\t\t<span class=\"elementor-icon-list-icon\">\n\t\t\t\t\t\t\t<i aria-hidden=\"true\" class=\"fas fa-chevron-right\"><\/i>\t\t\t\t\t\t<\/span>\n\t\t\t\t\t\t\t\t\t\t<span class=\"elementor-icon-list-text\">Vl\u00e1dn\u00ed agentury<\/span>\n\t\t\t\t\t\t\t\t\t<\/li>\n\t\t\t\t\t\t\t\t<li class=\"elementor-icon-list-item\">\n\t\t\t\t\t\t\t\t\t\t\t<span class=\"elementor-icon-list-icon\">\n\t\t\t\t\t\t\t<i aria-hidden=\"true\" class=\"fas fa-chevron-right\"><\/i>\t\t\t\t\t\t<\/span>\n\t\t\t\t\t\t\t\t\t\t<span class=\"elementor-icon-list-text\">Neziskov\u00e9 organizace<\/span>\n\t\t\t\t\t\t\t\t\t<\/li>\n\t\t\t\t\t\t\t\t<li class=\"elementor-icon-list-item\">\n\t\t\t\t\t\t\t\t\t\t\t<span class=\"elementor-icon-list-icon\">\n\t\t\t\t\t\t\t<i aria-hidden=\"true\" class=\"fas fa-chevron-right\"><\/i>\t\t\t\t\t\t<\/span>\n\t\t\t\t\t\t\t\t\t\t<span class=\"elementor-icon-list-text\">Pr\u016fmyslov\u00ed partne\u0159i<\/span>\n\t\t\t\t\t\t\t\t\t<\/li>\n\t\t\t\t\t\t<\/ul>\n\t\t\t\t\t\t<\/div>\n\t\t\t\t<\/div>\n\t\t\t\t<div class=\"elementor-element elementor-element-8f54136 elementor-widget elementor-widget-heading\" data-id=\"8f54136\" data-element_type=\"widget\" data-e-type=\"widget\" data-widget_type=\"heading.default\">\n\t\t\t\t<div class=\"elementor-widget-container\">\n\t\t\t\t\t<h2 class=\"elementor-heading-title elementor-size-default\">Co zahrnuje zpr\u00e1va o historii vozidla?<\/h2>\t\t\t\t<\/div>\n\t\t\t\t<\/div>\n\t\t\t\t<div class=\"elementor-element elementor-element-72e53ca elementor-widget elementor-widget-text-editor\" data-id=\"72e53ca\" data-element_type=\"widget\" data-e-type=\"widget\" data-widget_type=\"text-editor.default\">\n\t\t\t\t<div class=\"elementor-widget-container\">\n\t\t\t\t\t\t\t\t\t<p>P\u0159ed objedn\u00e1n\u00edm jsou u\u017eivatel\u00e9 informov\u00e1ni o sekc\u00edch, kter\u00e9 jsou k dispozici ve zpr\u00e1v\u011b. Tady je to, co m\u016f\u017eete o\u010dek\u00e1vat: <\/p>\n\t\t\t\t\t\t\t\t<\/div>\n\t\t\t\t<\/div>\n\t\t\t\t<div class=\"elementor-element elementor-element-e70135d elementor-widget elementor-widget-heading\" data-id=\"e70135d\" data-element_type=\"widget\" data-e-type=\"widget\" data-widget_type=\"heading.default\">\n\t\t\t\t<div class=\"elementor-widget-container\">\n\t\t\t\t\t<h3 class=\"elementor-heading-title elementor-size-default\">Specifikace vozidla<\/h3>\t\t\t\t<\/div>\n\t\t\t\t<\/div>\n\t\t\t\t<div class=\"elementor-element elementor-element-d9281df elementor-widget elementor-widget-text-editor\" data-id=\"d9281df\" data-element_type=\"widget\" data-e-type=\"widget\" data-widget_type=\"text-editor.default\">\n\t\t\t\t<div class=\"elementor-widget-container\">\n\t\t\t\t\t\t\t\t\t<p>Tato sekce nab\u00edz\u00ed komplexn\u00ed soubor technick\u00fdch \u00fadaj\u016f odvozen\u00fdch od VIN. Najdete zde podrobnosti o v\u00fdrobcem, modelu, typu motoru, rozm\u011brech a spot\u0159eb\u011b paliva vozidla. Tyto informace jsou z\u00e1sadn\u00ed pro ov\u011b\u0159en\u00ed pravosti deklarovan\u00fdch vlastnost\u00ed vozidla.  <\/p>\n\t\t\t\t\t\t\t\t<\/div>\n\t\t\t\t<\/div>\n\t\t\t\t<div class=\"elementor-element elementor-element-8ce8d1a elementor-widget elementor-widget-heading\" data-id=\"8ce8d1a\" data-element_type=\"widget\" data-e-type=\"widget\" data-widget_type=\"heading.default\">\n\t\t\t\t<div class=\"elementor-widget-container\">\n\t\t\t\t\t<h3 class=\"elementor-heading-title elementor-size-default\">Mo\u017enosti vybaven\u00ed<\/h3>\t\t\t\t<\/div>\n\t\t\t\t<\/div>\n\t\t\t\t<div class=\"elementor-element elementor-element-09d2fb5 elementor-widget elementor-widget-text-editor\" data-id=\"09d2fb5\" data-element_type=\"widget\" data-e-type=\"widget\" data-widget_type=\"text-editor.default\">\n\t\t\t\t<div class=\"elementor-widget-container\">\n\t\t\t\t\t\t\t\t\t<p>Tato \u010d\u00e1st zpr\u00e1vy srovn\u00e1v\u00e1 tov\u00e1rn\u011b nainstalovan\u00e9 vybaven\u00ed s aktu\u00e1ln\u00edm stavem vozidla. Zahrnuje podrobnosti o r\u016fzn\u00fdch charakteristik\u00e1ch, jako je barva laku, klimatizace, l\u00e1tka sedadel a pokro\u010dil\u00e9 syst\u00e9my jako tempomat a navigace. Chyb\u011bj\u00edc\u00ed nebo zm\u011bn\u011bn\u00e9 funkce mohou nazna\u010dovat minul\u00e9 nehody nebo \u00fapravy, co\u017e m\u016f\u017ee ovlivnit hodnotu a bezpe\u010dnost vozidla.  <\/p>\n\t\t\t\t\t\t\t\t<\/div>\n\t\t\t\t<\/div>\n\t\t\t\t<div class=\"elementor-element elementor-element-75b8983 elementor-widget elementor-widget-heading\" data-id=\"75b8983\" data-element_type=\"widget\" data-e-type=\"widget\" data-widget_type=\"heading.default\">\n\t\t\t\t<div class=\"elementor-widget-container\">\n\t\t\t\t\t<h3 class=\"elementor-heading-title elementor-size-default\">Historie ud\u00e1lost\u00ed<\/h3>\t\t\t\t<\/div>\n\t\t\t\t<\/div>\n\t\t\t\t<div class=\"elementor-element elementor-element-ef2cd26 elementor-widget elementor-widget-text-editor\" data-id=\"ef2cd26\" data-element_type=\"widget\" data-e-type=\"widget\" data-widget_type=\"text-editor.default\">\n\t\t\t\t<div class=\"elementor-widget-container\">\n\t\t\t\t\t\t\t\t\t<p>Chronologick\u00fd seznam incident\u016f vozidla je uveden, p\u0159i\u010dem\u017e obsahuje datum, m\u00edsto a odhadovan\u00e9 n\u00e1klady na jak\u00e9koli \u0161kody. Tato \u010d\u00e1st je z\u00e1sadn\u00ed pro pochopen\u00ed historie nehod vozidla a jak\u00fdchkoli v\u00fdznamn\u00fdch oprav, kter\u00e9 mohly b\u00fdt provedeny. <\/p>\n\t\t\t\t\t\t\t\t<\/div>\n\t\t\t\t<\/div>\n\t\t\t\t<div class=\"elementor-element elementor-element-3350345 elementor-widget elementor-widget-heading\" data-id=\"3350345\" data-element_type=\"widget\" data-e-type=\"widget\" data-widget_type=\"heading.default\">\n\t\t\t\t<div class=\"elementor-widget-container\">\n\t\t\t\t\t<h3 class=\"elementor-heading-title elementor-size-default\">Stav po\u010d\u00edtadla kilometr\u016f<\/h3>\t\t\t\t<\/div>\n\t\t\t\t<\/div>\n\t\t\t\t<div class=\"elementor-element elementor-element-d64ba63 elementor-widget elementor-widget-text-editor\" data-id=\"d64ba63\" data-element_type=\"widget\" data-e-type=\"widget\" data-widget_type=\"text-editor.default\">\n\t\t\t\t<div class=\"elementor-widget-container\">\n\t\t\t\t\t\t\t\t\t<p>Z\u00e1znamy o najet\u00fdch kilometrech z r\u016fzn\u00fdch f\u00e1z\u00ed \u017eivota vozidla jsou zde evidov\u00e1ny. Tyto zahrnuj\u00ed data z inspekc\u00ed, registrac\u00ed, poji\u0161\u0165oven a servisn\u00edch stanic. Ov\u011b\u0159en\u00ed po\u010dtu najet\u00fdch kilometr\u016f je kl\u00ed\u010dov\u00e9 pro zaji\u0161t\u011bn\u00ed, \u017ee s tachometrem nebylo manipulov\u00e1no.  <\/p>\n\t\t\t\t\t\t\t\t<\/div>\n\t\t\t\t<\/div>\n\t\t\t\t<div class=\"elementor-element elementor-element-94c0f96 elementor-widget elementor-widget-heading\" data-id=\"94c0f96\" data-element_type=\"widget\" data-e-type=\"widget\" data-widget_type=\"heading.default\">\n\t\t\t\t<div class=\"elementor-widget-container\">\n\t\t\t\t\t<h3 class=\"elementor-heading-title elementor-size-default\">Historie internetu<\/h3>\t\t\t\t<\/div>\n\t\t\t\t<\/div>\n\t\t\t\t<div class=\"elementor-element elementor-element-e9d4504 elementor-widget elementor-widget-text-editor\" data-id=\"e9d4504\" data-element_type=\"widget\" data-e-type=\"widget\" data-widget_type=\"text-editor.default\">\n\t\t\t\t<div class=\"elementor-widget-container\">\n\t\t\t\t\t\t\t\t\t<p>Tato \u010d\u00e1st zahrnuje p\u0159edchoz\u00ed online nab\u00eddky z automobilov\u00fdch aukc\u00ed, v\u010detn\u011b vybaven\u00ed, kilometr\u00e1\u017ee, specifikac\u00ed, cen a fotografi\u00ed. Tato historick\u00e1 data mohou odhalit nesrovnalosti nebo p\u0159edchoz\u00ed po\u0161kozen\u00ed, kter\u00e9 prodejce nemus\u00ed zve\u0159ejnit. <\/p>\n\t\t\t\t\t\t\t\t<\/div>\n\t\t\t\t<\/div>\n\t\t\t\t<div class=\"elementor-element elementor-element-102184d elementor-widget elementor-widget-heading\" data-id=\"102184d\" data-element_type=\"widget\" data-e-type=\"widget\" data-widget_type=\"heading.default\">\n\t\t\t\t<div class=\"elementor-widget-container\">\n\t\t\t\t\t<h3 class=\"elementor-heading-title elementor-size-default\">Datab\u00e1ze odcizen\u00fdch vozidel<\/h3>\t\t\t\t<\/div>\n\t\t\t\t<\/div>\n\t\t\t\t<div class=\"elementor-element elementor-element-06df8ba elementor-widget elementor-widget-text-editor\" data-id=\"06df8ba\" data-element_type=\"widget\" data-e-type=\"widget\" data-widget_type=\"text-editor.default\">\n\t\t\t\t<div class=\"elementor-widget-container\">\n\t\t\t\t\t\t\t\t\t<p>Zpr\u00e1va porovn\u00e1v\u00e1 vozidlo s datab\u00e1zemi ukraden\u00fdch vozidel v Evrop\u011b a Severn\u00ed Americe, co\u017e zaji\u0161\u0165uje, \u017ee auto, o kter\u00e9 m\u00e1te z\u00e1jem, nen\u00ed evidov\u00e1no jako ukraden\u00e9. To je nezbytn\u00e9 k vyhnut\u00ed se pr\u00e1vn\u00edm komplikac\u00edm. <\/p>\n\t\t\t\t\t\t\t\t<\/div>\n\t\t\t\t<\/div>\n\t\t\t\t<div class=\"elementor-element elementor-element-84f20c8 elementor-widget elementor-widget-heading\" data-id=\"84f20c8\" data-element_type=\"widget\" data-e-type=\"widget\" data-widget_type=\"heading.default\">\n\t\t\t\t<div class=\"elementor-widget-container\">\n\t\t\t\t\t<h3 class=\"elementor-heading-title elementor-size-default\">Zp\u011btn\u00e9 v\u00fdzvy tov\u00e1ren<\/h3>\t\t\t\t<\/div>\n\t\t\t\t<\/div>\n\t\t\t\t<div class=\"elementor-element elementor-element-efdf38f elementor-widget elementor-widget-text-editor\" data-id=\"efdf38f\" data-element_type=\"widget\" data-e-type=\"widget\" data-widget_type=\"text-editor.default\">\n\t\t\t\t<div class=\"elementor-widget-container\">\n\t\t\t\t\t\t\t\t\t<p>Zahrnuty jsou tak\u00e9 vzpom\u00ednky z tov\u00e1ren, kter\u00e9 uv\u00e1d\u011bj\u00ed jak\u00e9koli varov\u00e1n\u00ed a servisn\u00ed vzpom\u00ednky vydan\u00e9 v\u00fdrobcem pro konkr\u00e9tn\u00ed vozidlo. Tato \u010d\u00e1st zaji\u0161\u0165uje, \u017ee jste si v\u011bdomi jak\u00fdchkoli v\u00fdznamn\u00fdch vad, kter\u00e9 mohly b\u00fdt \u0159e\u0161eny nebo pot\u0159ebuj\u00ed pozornost. <\/p>\n\t\t\t\t\t\t\t\t<\/div>\n\t\t\t\t<\/div>\n\t\t\t\t<div class=\"elementor-element elementor-element-1e29fea elementor-alert-warning elementor-widget elementor-widget-alert\" data-id=\"1e29fea\" data-element_type=\"widget\" data-e-type=\"widget\" data-widget_type=\"alert.default\">\n\t\t\t\t<div class=\"elementor-widget-container\">\n\t\t\t\t\t\t\t<div class=\"elementor-alert\" role=\"alert\">\n\n\t\t\t\t\t\t<span class=\"elementor-alert-title\">POZN\u00c1MKA<\/span>\n\t\t\t\n\t\t\t\t\t\t<span class=\"elementor-alert-description\"><p>Vezm\u011bte pros\u00edm na v\u011bdom\u00ed, \u017ee p\u0159esto\u017ee na\u0161e zpr\u00e1vy nab\u00edzej\u00ed komplexn\u00ed anal\u00fdzu, spol\u00e9haj\u00ed na dostupnost a \u00faplnost \u00fadaj\u016f z r\u016fzn\u00fdch zdroj\u016f. V d\u016fsledku toho nemus\u00ed b\u00fdt v\u0161echny sekce k dispozici nebo obsahovat \u00fadaje v ka\u017ed\u00e9 zpr\u00e1v\u011b. <\/p>\n<\/span>\n\t\t\t\n\t\t\t\n\t\t<\/div>\n\t\t\t\t\t\t<\/div>\n\t\t\t\t<\/div>\n\t\t\t\t\t<\/div>\n\t\t\t\t<\/div>\n\t\t<div class=\"elementor-element elementor-element-b4663d0 e-flex e-con-boxed e-con e-parent\" data-id=\"b4663d0\" data-element_type=\"container\" data-e-type=\"container\">\n\t\t\t\t\t<div class=\"e-con-inner\">\n\t\t\t\t<div class=\"elementor-element elementor-element-1ee7519 elementor-widget elementor-widget-template\" data-id=\"1ee7519\" data-element_type=\"widget\" data-e-type=\"widget\" data-widget_type=\"template.default\">\n\t\t\t\t<div class=\"elementor-widget-container\">\n\t\t\t\t\t\t\t<div class=\"elementor-template\">\n\t\t\t\t\t<div data-elementor-type=\"section\" data-elementor-id=\"1424\" class=\"elementor elementor-1424 elementor-757 elementor-757\" data-elementor-post-type=\"elementor_library\">\n\t\t\t<div class=\"elementor-element elementor-element-c6f68bb e-flex e-con-boxed e-con e-parent\" data-id=\"c6f68bb\" data-element_type=\"container\" data-e-type=\"container\">\n\t\t\t\t\t<div class=\"e-con-inner\">\n\t\t\t\t<div class=\"elementor-element elementor-element-7fe4c49 elementor-cta--skin-classic elementor-animated-content elementor-bg-transform elementor-bg-transform-zoom-in elementor-widget elementor-widget-call-to-action\" data-id=\"7fe4c49\" data-element_type=\"widget\" data-e-type=\"widget\" data-widget_type=\"call-to-action.default\">\n\t\t\t\t<div class=\"elementor-widget-container\">\n\t\t\t\t\t\t\t<div class=\"elementor-cta\">\n\t\t\t\t\t<div class=\"elementor-cta__bg-wrapper\">\n\t\t\t\t<div class=\"elementor-cta__bg elementor-bg\" style=\"background-image: url(https:\/\/www.vin-info.com\/wp-content\/uploads\/2024\/06\/cta-vin-info-min-1024x393.jpg);\" role=\"img\" aria-label=\"cta-vin-info-min\"><\/div>\n\t\t\t\t<div class=\"elementor-cta__bg-overlay\"><\/div>\n\t\t\t<\/div>\n\t\t\t\t\t\t\t<div class=\"elementor-cta__content\">\n\t\t\t\t\n\t\t\t\t\t\t\t\t\t<h2 class=\"elementor-cta__title elementor-cta__content-item elementor-content-item\">\n\t\t\t\t\t\tObjevte kompletn\u00ed historii sv\u00e9ho vozidla!\t\t\t\t\t<\/h2>\n\t\t\t\t\n\t\t\t\t\t\t\t\t\t<div class=\"elementor-cta__description elementor-cta__content-item elementor-content-item\">\n\t\t\t\t\t\t<p>Zadejte sv\u016fj VIN a odemkn\u011bte podrobnou zpr\u00e1vu o historii vozidla. Z\u00edskejte p\u0159ehled o nehod\u00e1ch, po\u010dtu najet\u00fdch kilometr\u016f, pou\u017e\u00edv\u00e1n\u00ed a dal\u0161\u00edch d\u016fle\u017eit\u00fdch informac\u00edch. Ujist\u011bte se, \u017ee d\u011bl\u00e1te dob\u0159e informovan\u00e9 rozhodnut\u00ed. Zkontrolujte sv\u016fj VIN a st\u00e1hn\u011bte si zpr\u00e1vu je\u0161t\u011b dnes!   <\/p>\n\t\t\t\t\t<\/div>\n\t\t\t\t\n\t\t\t\t\t\t\t\t\t<div class=\"elementor-cta__button-wrapper elementor-cta__content-item elementor-content-item \">\n\t\t\t\t\t<a class=\"elementor-cta__button elementor-button elementor-size-\" href=\"#elementor-action%3Aaction%3Dpopup%3Aopen%26settings%3DeyJpZCI6MTkwMCwidG9nZ2xlIjpmYWxzZX0%3D\">\n\t\t\t\t\t\tZkontrolujte VIN nyn\u00ed\t\t\t\t\t<\/a>\n\t\t\t\t\t<\/div>\n\t\t\t\t\t\t\t<\/div>\n\t\t\t\t\t\t<\/div>\n\t\t\t\t\t\t<\/div>\n\t\t\t\t<\/div>\n\t\t\t\t\t<\/div>\n\t\t\t\t<\/div>\n\t\t\t\t<\/div>\n\t\t\t\t<\/div>\n\t\t\t\t\t\t<\/div>\n\t\t\t\t<\/div>\n\t\t\t\t\t<\/div>\n\t\t\t\t<\/div>\n\t\t<div class=\"elementor-element elementor-element-ec00df9 e-flex e-con-boxed e-con e-parent\" data-id=\"ec00df9\" data-element_type=\"container\" data-e-type=\"container\">\n\t\t\t\t\t<div class=\"e-con-inner\">\n\t\t\t\t<div class=\"elementor-element elementor-element-1b919d4 elementor-widget elementor-widget-heading\" data-id=\"1b919d4\" data-element_type=\"widget\" data-e-type=\"widget\" data-widget_type=\"heading.default\">\n\t\t\t\t<div class=\"elementor-widget-container\">\n\t\t\t\t\t<h2 class=\"elementor-heading-title elementor-size-default\">Specializovan\u00e9 mezin\u00e1rodn\u00ed zpr\u00e1vy o vozidlech<\/h2>\t\t\t\t<\/div>\n\t\t\t\t<\/div>\n\t\t\t\t<div class=\"elementor-element elementor-element-393217c elementor-widget elementor-widget-text-editor\" data-id=\"393217c\" data-element_type=\"widget\" data-e-type=\"widget\" data-widget_type=\"text-editor.default\">\n\t\t\t\t<div class=\"elementor-widget-container\">\n\t\t\t\t\t\t\t\t\t<p>Krom\u011b standardn\u00ed zpr\u00e1vy o historii vozidla, VIN-INFO nab\u00edz\u00ed specializovan\u00e9 zpr\u00e1vy pro vozidla registrovan\u00e1 ve specifick\u00fdch zem\u00edch, jako jsou Belgie, Nizozem\u00ed a USA.<\/p>\n\t\t\t\t\t\t\t\t<\/div>\n\t\t\t\t<\/div>\n\t\t\t\t<div class=\"elementor-element elementor-element-d24b578 elementor-widget elementor-widget-heading\" data-id=\"d24b578\" data-element_type=\"widget\" data-e-type=\"widget\" data-widget_type=\"heading.default\">\n\t\t\t\t<div class=\"elementor-widget-container\">\n\t\t\t\t\t<h3 class=\"elementor-heading-title elementor-size-default\">Nizozemsk\u00e1 zpr\u00e1va o vozidlech<\/h3>\t\t\t\t<\/div>\n\t\t\t\t<\/div>\n\t\t\t\t<div class=\"elementor-element elementor-element-a525c36 elementor-widget elementor-widget-text-editor\" data-id=\"a525c36\" data-element_type=\"widget\" data-e-type=\"widget\" data-widget_type=\"text-editor.default\">\n\t\t\t\t<div class=\"elementor-widget-container\">\n\t\t\t\t\t\t\t\t\t<p>VWE zpr\u00e1va poskytuje ov\u011b\u0159en\u00e9 informace z d\u016fv\u011bryhodn\u00fdch nizozemsk\u00fdch zdroj\u016f, kter\u00e9 v\u00e1m pomohou zhodnotit tvrzen\u00ed prodejce a technick\u00e9 \u00fadaje vozidla. Tato zpr\u00e1va zahrnuje sekce o Stavu vozidla, Z\u00e1kladn\u00edch informac\u00edch, Historii vlastnictv\u00ed a Technick\u00fdch \u00fadaj\u00edch, spolu s bezplatnou NAP verifikac\u00ed kilometr\u016f. <\/p>\n\t\t\t\t\t\t\t\t<\/div>\n\t\t\t\t<\/div>\n\t\t\t\t<div class=\"elementor-element elementor-element-06a3fad elementor-widget elementor-widget-heading\" data-id=\"06a3fad\" data-element_type=\"widget\" data-e-type=\"widget\" data-widget_type=\"heading.default\">\n\t\t\t\t<div class=\"elementor-widget-container\">\n\t\t\t\t\t<h3 class=\"elementor-heading-title elementor-size-default\">USA zpr\u00e1va o vozidlech<\/h3>\t\t\t\t<\/div>\n\t\t\t\t<\/div>\n\t\t\t\t<div class=\"elementor-element elementor-element-d193516 elementor-widget elementor-widget-text-editor\" data-id=\"d193516\" data-element_type=\"widget\" data-e-type=\"widget\" data-widget_type=\"text-editor.default\">\n\t\t\t\t<div class=\"elementor-widget-container\">\n\t\t\t\t\t\t\t\t\t<p>Zpr\u00e1va o vozidlech v USA je zalo\u017eena na datech z N\u00e1rodn\u00edho syst\u00e9mu informac\u00ed o pr\u00e1vu k motorov\u00fdm vozidl\u016fm (NMVTIS), kter\u00fd pokr\u00fdv\u00e1 v\u011bt\u0161inu vozidel registrovan\u00fdch ve Spojen\u00fdch st\u00e1tech. Zahrnuje podrobn\u00e9 specifikace vozidel, historii vlastnictv\u00ed, aktualizace stavu (nap\u0159\u00edklad z\u00e1znamy o zni\u010den\u00fdch vozidlech nebo havarijn\u00edch \u0161kod\u00e1ch) a z\u00e1znamy o pr\u00e1vu k vozidl\u016fm, v\u010detn\u011b \u00fadaj\u016f odometru. <\/p>\n\t\t\t\t\t\t\t\t<\/div>\n\t\t\t\t<\/div>\n\t\t\t\t<div class=\"elementor-element elementor-element-865aab2 elementor-widget elementor-widget-heading\" data-id=\"865aab2\" data-element_type=\"widget\" data-e-type=\"widget\" data-widget_type=\"heading.default\">\n\t\t\t\t<div class=\"elementor-widget-container\">\n\t\t\t\t\t<h3 class=\"elementor-heading-title elementor-size-default\">Ocen\u011bn\u00ed vozidla<\/h3>\t\t\t\t<\/div>\n\t\t\t\t<\/div>\n\t\t\t\t<div class=\"elementor-element elementor-element-bbd8761 elementor-widget elementor-widget-text-editor\" data-id=\"bbd8761\" data-element_type=\"widget\" data-e-type=\"widget\" data-widget_type=\"text-editor.default\">\n\t\t\t\t<div class=\"elementor-widget-container\">\n\t\t\t\t\t\t\t\t\t<p>Stanoven\u00ed tr\u017en\u00ed hodnoty vozidla je z\u00e1sadn\u00ed pro posouzen\u00ed, zda je cena prod\u00e1vaj\u00edc\u00edho spravedliv\u00e1. Slu\u017eba oce\u0148ov\u00e1n\u00ed vozidel pou\u017e\u00edv\u00e1 pokro\u010dil\u00e9 algoritmy k anal\u00fdze tr\u017en\u00edch dat a poskytuje p\u0159esn\u00fd odhad hodnoty vozidla. <\/p>\n\t\t\t\t\t\t\t\t<\/div>\n\t\t\t\t<\/div>\n\t\t\t\t<div class=\"elementor-element elementor-element-bbc2eb5 elementor-widget elementor-widget-text-editor\" data-id=\"bbc2eb5\" data-element_type=\"widget\" data-e-type=\"widget\" data-widget_type=\"text-editor.default\">\n\t\t\t\t<div class=\"elementor-widget-container\">\n\t\t\t\t\t\t\t\t\t<p>Pou\u017eit\u00edm t\u011bchto komplexn\u00edch zpr\u00e1v m\u016f\u017eete sebev\u011bdom\u011b orientovat na trhu s pou\u017eit\u00fdmi automobily, \u010d\u00edm\u017e u\u010din\u00edte informovan\u00e1 rozhodnut\u00ed, kter\u00e1 chr\u00e1n\u00ed va\u0161i investici a bezpe\u010dnost.<\/p>\n\t\t\t\t\t\t\t\t<\/div>\n\t\t\t\t<\/div>\n\t\t\t\t\t<\/div>\n\t\t\t\t<\/div>\n\t\t\t\t<\/div>\n\t\t","protected":false},"excerpt":{"rendered":"<p>Zpr\u00e1va o historii vozidla je nezbytn\u00fdm n\u00e1strojem pro \u0159idi\u010de, kte\u0159\u00ed se cht\u011bj\u00ed chr\u00e1nit p\u0159ed nepoctiv\u00fdmi prodejci, a\u0165 u\u017e se jedn\u00e1 o autobazary nebo soukrom\u00e9 osoby. Bohu\u017eel n\u011bkte\u0159\u00ed prodejci se zapojuj\u00ed do klamav\u00fdch praktik, aby um\u011ble zv\u00fd\u0161ili hodnotu vozidla. Tyto taktiky mohou zahrnovat p\u0159et\u00e1\u010den\u00ed kilometr\u016f, skr\u00fdv\u00e1n\u00ed v\u00e1\u017en\u00fdch po\u0161kozen\u00ed, prodej vozidel, kter\u00e1 byla v nehod\u00e1ch, jako by byla v dokonal\u00e9m stavu, nebo dokonce pokusy o prodej kraden\u00fdch vozidel. Takov\u00e9 praktiky mohou v\u00e9st k v\u00fdznamn\u00fdm finan\u010dn\u00edm ztr\u00e1t\u00e1m a v n\u011bkter\u00fdch p\u0159\u00edpadech i k pr\u00e1vn\u00edm d\u016fsledk\u016fm, v\u010detn\u011b trestn\u00edch obvin\u011bn\u00ed, pokud je kraden\u00e9 vozidlo zakoupeno nev\u011bdomky.   <\/p>\n","protected":false},"author":2,"featured_media":0,"parent":0,"menu_order":0,"comment_status":"closed","ping_status":"closed","template":"","meta":{"inline_featured_image":false,"footnotes":""},"class_list":["post-1698","page","type-page","status-publish","hentry"],"_links":{"self":[{"href":"https:\/\/www.vin-info.com\/cs\/wp-json\/wp\/v2\/pages\/1698","targetHints":{"allow":["GET"]}}],"collection":[{"href":"https:\/\/www.vin-info.com\/cs\/wp-json\/wp\/v2\/pages"}],"about":[{"href":"https:\/\/www.vin-info.com\/cs\/wp-json\/wp\/v2\/types\/page"}],"author":[{"embeddable":true,"href":"https:\/\/www.vin-info.com\/cs\/wp-json\/wp\/v2\/users\/2"}],"replies":[{"embeddable":true,"href":"https:\/\/www.vin-info.com\/cs\/wp-json\/wp\/v2\/comments?post=1698"}],"version-history":[{"count":1,"href":"https:\/\/www.vin-info.com\/cs\/wp-json\/wp\/v2\/pages\/1698\/revisions"}],"predecessor-version":[{"id":1699,"href":"https:\/\/www.vin-info.com\/cs\/wp-json\/wp\/v2\/pages\/1698\/revisions\/1699"}],"wp:attachment":[{"href":"https:\/\/www.vin-info.com\/cs\/wp-json\/wp\/v2\/media?parent=1698"}],"curies":[{"name":"wp","href":"https:\/\/api.w.org\/{rel}","templated":true}]}}