{"id":1632,"date":"2024-08-09T09:26:20","date_gmt":"2024-08-09T07:26:20","guid":{"rendered":"https:\/\/www.vin-info.com\/predplacena-licence\/"},"modified":"2025-12-18T13:47:57","modified_gmt":"2025-12-18T12:47:57","slug":"pre-paid-license","status":"publish","type":"page","link":"https:\/\/www.vin-info.com\/cs\/pre-paid-license\/","title":{"rendered":"P\u0159edplacen\u00e1 licence"},"content":{"rendered":"\t\t<div data-elementor-type=\"wp-page\" data-elementor-id=\"1632\" class=\"elementor elementor-1632 elementor-90\" data-elementor-post-type=\"page\">\n\t\t\t\t<div class=\"elementor-element elementor-element-73c8cef e-flex e-con-boxed e-con e-parent\" data-id=\"73c8cef\" data-element_type=\"container\" data-e-type=\"container\">\n\t\t\t\t\t<div class=\"e-con-inner\">\n\t\t\t\t<div class=\"elementor-element elementor-element-3745ce8 elementor-widget elementor-widget-heading\" data-id=\"3745ce8\" data-element_type=\"widget\" data-e-type=\"widget\" data-widget_type=\"heading.default\">\n\t\t\t\t<div class=\"elementor-widget-container\">\n\t\t\t\t\t<h2 class=\"elementor-heading-title elementor-size-default\">Co je p\u0159edplacen\u00e1 licence?<\/h2>\t\t\t\t<\/div>\n\t\t\t\t<\/div>\n\t\t<div class=\"elementor-element elementor-element-65ded1e e-con-full e-flex e-con e-child\" data-id=\"65ded1e\" data-element_type=\"container\" data-e-type=\"container\">\n\t\t<div class=\"elementor-element elementor-element-f21c7cb e-con-full e-flex e-con e-child\" data-id=\"f21c7cb\" data-element_type=\"container\" data-e-type=\"container\">\n\t\t\t\t<div class=\"elementor-element elementor-element-2c40369 elementor-widget elementor-widget-text-editor\" data-id=\"2c40369\" data-element_type=\"widget\" data-e-type=\"widget\" data-widget_type=\"text-editor.default\">\n\t\t\t\t<div class=\"elementor-widget-container\">\n\t\t\t\t\t\t\t\t\t<p>P\u0159edplacen\u00e1 licence byla p\u0159ipravena jako usnadn\u011bn\u00ed pro spole\u010dnosti, kter\u00e9 \u010dasto pou\u017e\u00edvaj\u00ed na\u0161e webov\u00e9 str\u00e1nky a pot\u0159ebuj\u00ed rychl\u00fd p\u0159\u00edstup k Historii vozidla.<\/p><p><span style=\"color: var( --e-global-color-text ); font-family: var( --e-global-typography-text-font-family ), Sans-serif; font-weight: var( --e-global-typography-text-font-weight ); text-align: var(--text-align); font-size: 1rem;\">P\u0159edplacen\u00e1 licence v\u00e1m umo\u017e\u0148uje stahovat zpr\u00e1vy, ani\u017e byste museli p\u0159istupovat ke sv\u00e9mu firemn\u00edmu \u00fa\u010dtu nebo firemn\u00ed kreditn\u00ed kart\u011b.<\/span><\/p><p><span style=\"color: var( --e-global-color-text ); font-family: var( --e-global-typography-text-font-family ), Sans-serif; font-weight: var( --e-global-typography-text-font-weight ); text-align: var(--text-align); font-size: 1rem;\">V\u010faka licenci zlep\u0161\u00edte proces n\u00e1kupu spr\u00e1v. Platn\u00e1 licencia umo\u017e\u0148uje zak\u00fapi\u0165 spr\u00e1vu bez v\u0161etk\u00fdch bankov\u00fdch oper\u00e1ci\u00ed, pomocou prostriedkov pridelen\u00fdch k licencii. <\/span><\/p><p><span style=\"color: var( --e-global-color-text ); font-family: var( --e-global-typography-text-font-family ), Sans-serif; font-weight: var( --e-global-typography-text-font-weight ); text-align: var(--text-align); font-size: 1rem;\">Tato metoda umo\u017e\u0148uje:<\/span><\/p>\t\t\t\t\t\t\t\t<\/div>\n\t\t\t\t<\/div>\n\t\t\t\t<div class=\"elementor-element elementor-element-18b4dae elementor-icon-list--layout-traditional elementor-list-item-link-full_width elementor-widget elementor-widget-icon-list\" data-id=\"18b4dae\" data-element_type=\"widget\" data-e-type=\"widget\" data-widget_type=\"icon-list.default\">\n\t\t\t\t<div class=\"elementor-widget-container\">\n\t\t\t\t\t\t\t<ul class=\"elementor-icon-list-items\">\n\t\t\t\t\t\t\t<li class=\"elementor-icon-list-item\">\n\t\t\t\t\t\t\t\t\t\t\t<span class=\"elementor-icon-list-icon\">\n\t\t\t\t\t\t\t<i aria-hidden=\"true\" class=\"fas fa-chevron-right\"><\/i>\t\t\t\t\t\t<\/span>\n\t\t\t\t\t\t\t\t\t\t<span class=\"elementor-icon-list-text\">rychl\u00fd p\u0159\u00edstup k zpr\u00e1v\u00e1m o historii vozidla,<\/span>\n\t\t\t\t\t\t\t\t\t<\/li>\n\t\t\t\t\t\t\t\t<li class=\"elementor-icon-list-item\">\n\t\t\t\t\t\t\t\t\t\t\t<span class=\"elementor-icon-list-icon\">\n\t\t\t\t\t\t\t<i aria-hidden=\"true\" class=\"fas fa-chevron-right\"><\/i>\t\t\t\t\t\t<\/span>\n\t\t\t\t\t\t\t\t\t\t<span class=\"elementor-icon-list-text\">bezhotovostn\u00ed n\u00e1kup zpr\u00e1v zam\u011bstnanci,<\/span>\n\t\t\t\t\t\t\t\t\t<\/li>\n\t\t\t\t\t\t\t\t<li class=\"elementor-icon-list-item\">\n\t\t\t\t\t\t\t\t\t\t\t<span class=\"elementor-icon-list-icon\">\n\t\t\t\t\t\t\t<i aria-hidden=\"true\" class=\"fas fa-chevron-right\"><\/i>\t\t\t\t\t\t<\/span>\n\t\t\t\t\t\t\t\t\t\t<span class=\"elementor-icon-list-text\">aktu\u00e1ln\u00ed kontrola z\u016fstatku na \u00fa\u010dtu,<\/span>\n\t\t\t\t\t\t\t\t\t<\/li>\n\t\t\t\t\t\t\t\t<li class=\"elementor-icon-list-item\">\n\t\t\t\t\t\t\t\t\t\t\t<span class=\"elementor-icon-list-icon\">\n\t\t\t\t\t\t\t<i aria-hidden=\"true\" class=\"fas fa-chevron-right\"><\/i>\t\t\t\t\t\t<\/span>\n\t\t\t\t\t\t\t\t\t\t<span class=\"elementor-icon-list-text\">p\u0159\u00edstup k automatizovan\u00e9mu syst\u00e9mu spr\u00e1vy faktur.<\/span>\n\t\t\t\t\t\t\t\t\t<\/li>\n\t\t\t\t\t\t<\/ul>\n\t\t\t\t\t\t<\/div>\n\t\t\t\t<\/div>\n\t\t\t\t<\/div>\n\t\t<div class=\"elementor-element elementor-element-1c74cfe e-con-full e-flex e-con e-child\" data-id=\"1c74cfe\" data-element_type=\"container\" data-e-type=\"container\">\n\t\t\t\t<div class=\"elementor-element elementor-element-2ca2a3c elementor-widget elementor-widget-image\" data-id=\"2ca2a3c\" data-element_type=\"widget\" data-e-type=\"widget\" data-widget_type=\"image.default\">\n\t\t\t\t<div class=\"elementor-widget-container\">\n\t\t\t\t\t\t\t\t\t\t\t\t\t\t\t<img fetchpriority=\"high\" decoding=\"async\" width=\"325\" height=\"315\" src=\"https:\/\/www.vin-info.com\/wp-content\/uploads\/2024\/07\/ico-reports.png\" class=\"attachment-large size-large wp-image-772\" alt=\"\" srcset=\"https:\/\/www.vin-info.com\/wp-content\/uploads\/2024\/07\/ico-reports.png 325w, https:\/\/www.vin-info.com\/wp-content\/uploads\/2024\/07\/ico-reports-300x291.png 300w\" sizes=\"(max-width: 325px) 100vw, 325px\" \/>\t\t\t\t\t\t\t\t\t\t\t\t\t\t\t<\/div>\n\t\t\t\t<\/div>\n\t\t\t\t<\/div>\n\t\t\t\t<\/div>\n\t\t\t\t<div class=\"elementor-element elementor-element-3aaa89c elementor-widget-divider--view-line elementor-widget elementor-widget-divider\" data-id=\"3aaa89c\" data-element_type=\"widget\" data-e-type=\"widget\" data-widget_type=\"divider.default\">\n\t\t\t\t<div class=\"elementor-widget-container\">\n\t\t\t\t\t\t\t<div class=\"elementor-divider\">\n\t\t\t<span class=\"elementor-divider-separator\">\n\t\t\t\t\t\t<\/span>\n\t\t<\/div>\n\t\t\t\t\t\t<\/div>\n\t\t\t\t<\/div>\n\t\t\t\t\t<\/div>\n\t\t\t\t<\/div>\n\t\t<div class=\"elementor-element elementor-element-ddfa42e e-flex e-con-boxed e-con e-parent\" data-id=\"ddfa42e\" data-element_type=\"container\" data-e-type=\"container\">\n\t\t\t\t\t<div class=\"e-con-inner\">\n\t\t\t\t<div class=\"elementor-element elementor-element-8c06ab5 elementor-widget elementor-widget-heading\" data-id=\"8c06ab5\" data-element_type=\"widget\" data-e-type=\"widget\" data-widget_type=\"heading.default\">\n\t\t\t\t<div class=\"elementor-widget-container\">\n\t\t\t\t\t<h2 class=\"elementor-heading-title elementor-size-default\">Jak koupit p\u0159edplacenou licenci?<\/h2>\t\t\t\t<\/div>\n\t\t\t\t<\/div>\n\t\t\t\t<div class=\"elementor-element elementor-element-26ed21e elementor-widget elementor-widget-text-editor\" data-id=\"26ed21e\" data-element_type=\"widget\" data-e-type=\"widget\" data-widget_type=\"text-editor.default\">\n\t\t\t\t<div class=\"elementor-widget-container\">\n\t\t\t\t\t\t\t\t\tN\u00e1kup p\u0159edplacen\u00e9 licence vy\u017eaduje pouze t\u0159i jednoduch\u00e9 kroky. Vyberte typ licence, p\u0159ijm\u011bte na\u0161e p\u0159edpisy. T\u0159et\u00edm krokem je zaplatit proforma fakturu vystavenou p\u0159edem za licenci. Po proveden\u00ed va\u0161\u00ed platby obdr\u017e\u00edte fakturu a v\u00e1\u0161 individu\u00e1ln\u00ed k\u00f3d, se kter\u00fdm budete moci zaplatit za zpr\u00e1vy. V\u00edce informac\u00ed o podm\u00ednk\u00e1ch pou\u017eit\u00ed si m\u016f\u017eete p\u0159e\u010d\u00edst na str\u00e1nce P\u0159edplacen\u00e9 licence.    \t\t\t\t\t\t\t\t<\/div>\n\t\t\t\t<\/div>\n\t\t<div class=\"elementor-element elementor-element-706e928 e-grid e-con-full e-con e-child\" data-id=\"706e928\" data-element_type=\"container\" data-e-type=\"container\">\n\t\t\t\t<div class=\"elementor-element elementor-element-ae93091 elementor-position-top elementor-widget elementor-widget-image-box\" data-id=\"ae93091\" data-element_type=\"widget\" data-e-type=\"widget\" data-widget_type=\"image-box.default\">\n\t\t\t\t<div class=\"elementor-widget-container\">\n\t\t\t\t\t<div class=\"elementor-image-box-wrapper\"><figure class=\"elementor-image-box-img\"><img decoding=\"async\" width=\"299\" height=\"209\" src=\"https:\/\/www.vin-info.com\/wp-content\/uploads\/2024\/07\/ico-buy-step-1.svg\" class=\"attachment-full size-full wp-image-786\" alt=\"\" \/><\/figure><div class=\"elementor-image-box-content\"><h3 class=\"elementor-image-box-title\">Krok 1<\/h3><p class=\"elementor-image-box-description\">Vyberte licenci a vypl\u0148te formul\u00e1\u0159<\/p><\/div><\/div>\t\t\t\t<\/div>\n\t\t\t\t<\/div>\n\t\t\t\t<div class=\"elementor-element elementor-element-67b50cf elementor-position-top elementor-widget elementor-widget-image-box\" data-id=\"67b50cf\" data-element_type=\"widget\" data-e-type=\"widget\" data-widget_type=\"image-box.default\">\n\t\t\t\t<div class=\"elementor-widget-container\">\n\t\t\t\t\t<div class=\"elementor-image-box-wrapper\"><figure class=\"elementor-image-box-img\"><img decoding=\"async\" width=\"299\" height=\"209\" src=\"https:\/\/www.vin-info.com\/wp-content\/uploads\/2024\/07\/ico-buy-step-2.svg\" class=\"attachment-full size-full wp-image-800\" alt=\"\" \/><\/figure><div class=\"elementor-image-box-content\"><h3 class=\"elementor-image-box-title\">Krok 2<\/h3><p class=\"elementor-image-box-description\">Zaplati\u0165 obdr\u017een\u00fa proforma fakt\u00faru<\/p><\/div><\/div>\t\t\t\t<\/div>\n\t\t\t\t<\/div>\n\t\t\t\t<div class=\"elementor-element elementor-element-e715f38 elementor-position-top elementor-widget elementor-widget-image-box\" data-id=\"e715f38\" data-element_type=\"widget\" data-e-type=\"widget\" data-widget_type=\"image-box.default\">\n\t\t\t\t<div class=\"elementor-widget-container\">\n\t\t\t\t\t<div class=\"elementor-image-box-wrapper\"><figure class=\"elementor-image-box-img\"><img loading=\"lazy\" decoding=\"async\" width=\"299\" height=\"209\" src=\"https:\/\/www.vin-info.com\/wp-content\/uploads\/2024\/07\/ico-buy-step-3.svg\" class=\"attachment-full size-full wp-image-814\" alt=\"\" \/><\/figure><div class=\"elementor-image-box-content\"><h3 class=\"elementor-image-box-title\">Krok 3<\/h3><p class=\"elementor-image-box-description\">Z\u00edskejte sv\u016fj individu\u00e1ln\u00ed k\u00f3d<\/p><\/div><\/div>\t\t\t\t<\/div>\n\t\t\t\t<\/div>\n\t\t\t\t<\/div>\n\t\t\t\t<div class=\"elementor-element elementor-element-6abf509 elementor-position-right elementor-vertical-align-middle elementor-widget elementor-widget-image-box\" data-id=\"6abf509\" data-element_type=\"widget\" data-e-type=\"widget\" data-widget_type=\"image-box.default\">\n\t\t\t\t<div class=\"elementor-widget-container\">\n\t\t\t\t\t<div class=\"elementor-image-box-wrapper\"><figure class=\"elementor-image-box-img\"><img loading=\"lazy\" decoding=\"async\" width=\"163\" height=\"143\" src=\"https:\/\/www.vin-info.com\/wp-content\/uploads\/2024\/07\/ico-licence-monitor.svg\" class=\"attachment-full size-full wp-image-856\" alt=\"\" \/><\/figure><div class=\"elementor-image-box-content\"><p class=\"elementor-image-box-description\">P\u0159edplacen\u00e1 licence v\u00e1m umo\u017e\u0148uje stahovat zpr\u00e1vy, ani\u017e byste museli online platit poka\u017ed\u00e9. D\u00e9lka a hodnota licence jsou na volb\u011b u\u017eivatele. <\/p><\/div><\/div>\t\t\t\t<\/div>\n\t\t\t\t<\/div>\n\t\t\t\t<div class=\"elementor-element elementor-element-f9a6160 elementor-widget-divider--view-line elementor-widget elementor-widget-divider\" data-id=\"f9a6160\" data-element_type=\"widget\" data-e-type=\"widget\" data-widget_type=\"divider.default\">\n\t\t\t\t<div class=\"elementor-widget-container\">\n\t\t\t\t\t\t\t<div class=\"elementor-divider\">\n\t\t\t<span class=\"elementor-divider-separator\">\n\t\t\t\t\t\t<\/span>\n\t\t<\/div>\n\t\t\t\t\t\t<\/div>\n\t\t\t\t<\/div>\n\t\t\t\t\t<\/div>\n\t\t\t\t<\/div>\n\t\t<div class=\"elementor-element elementor-element-17e5e5e e-flex e-con-boxed e-con e-parent\" data-id=\"17e5e5e\" data-element_type=\"container\" data-e-type=\"container\">\n\t\t\t\t\t<div class=\"e-con-inner\">\n\t\t\t\t<div class=\"elementor-element elementor-element-16f1d2c elementor-widget elementor-widget-heading\" data-id=\"16f1d2c\" data-element_type=\"widget\" data-e-type=\"widget\" data-widget_type=\"heading.default\">\n\t\t\t\t<div class=\"elementor-widget-container\">\n\t\t\t\t\t<h2 class=\"elementor-heading-title elementor-size-default\">Jak pou\u017e\u00edvat p\u0159edplacenou licenci?<\/h2>\t\t\t\t<\/div>\n\t\t\t\t<\/div>\n\t\t\t\t<div class=\"elementor-element elementor-element-8b2ba3f elementor-widget elementor-widget-text-editor\" data-id=\"8b2ba3f\" data-element_type=\"widget\" data-e-type=\"widget\" data-widget_type=\"text-editor.default\">\n\t\t\t\t<div class=\"elementor-widget-container\">\n\t\t\t\t\t\t\t\t\t<p>Pou\u017eit\u00ed licence je velmi jednoduch\u00e9 a mnohem pohodln\u011bj\u0161\u00ed ne\u017e tradi\u010dn\u00ed forma n\u00e1kupu. V\u0161e, co pot\u0159ebujete, je va\u0161e VIN \u010d\u00edslo a platn\u00fd licen\u010dn\u00ed k\u00f3d k rychl\u00e9mu a pohodln\u00e9mu sta\u017een\u00ed jak\u00e9koli zpr\u00e1vy z na\u0161ich webov\u00fdch str\u00e1nek. <\/p>\t\t\t\t\t\t\t\t<\/div>\n\t\t\t\t<\/div>\n\t\t<div class=\"elementor-element elementor-element-d95aaba e-grid e-con-full e-con e-child\" data-id=\"d95aaba\" data-element_type=\"container\" data-e-type=\"container\">\n\t\t\t\t<div class=\"elementor-element elementor-element-51d19f5 elementor-position-top elementor-widget elementor-widget-image-box\" data-id=\"51d19f5\" data-element_type=\"widget\" data-e-type=\"widget\" data-widget_type=\"image-box.default\">\n\t\t\t\t<div class=\"elementor-widget-container\">\n\t\t\t\t\t<div class=\"elementor-image-box-wrapper\"><figure class=\"elementor-image-box-img\"><img loading=\"lazy\" decoding=\"async\" width=\"360\" height=\"240\" src=\"https:\/\/www.vin-info.com\/wp-content\/uploads\/2024\/07\/ico-enter-vin.svg\" class=\"attachment-full size-full wp-image-842\" alt=\"\" \/><\/figure><div class=\"elementor-image-box-content\"><p class=\"elementor-image-box-description\"><b>Zadejte sv\u016fj VIN <\/b>a po\u010dkejte na v\u00fdsledek bezplatn\u00e9 kontroly VIN.<\/p><\/div><\/div>\t\t\t\t<\/div>\n\t\t\t\t<\/div>\n\t\t\t\t<div class=\"elementor-element elementor-element-0327244 elementor-position-top elementor-widget elementor-widget-image-box\" data-id=\"0327244\" data-element_type=\"widget\" data-e-type=\"widget\" data-widget_type=\"image-box.default\">\n\t\t\t\t<div class=\"elementor-widget-container\">\n\t\t\t\t\t<div class=\"elementor-image-box-wrapper\"><figure class=\"elementor-image-box-img\"><img loading=\"lazy\" decoding=\"async\" width=\"360\" height=\"240\" src=\"https:\/\/www.vin-info.com\/wp-content\/uploads\/2024\/07\/ico-select-report.svg\" class=\"attachment-full size-full wp-image-884\" alt=\"\" \/><\/figure><div class=\"elementor-image-box-content\"><p class=\"elementor-image-box-description\">Pla\u0165te za zpr\u00e1vy pomoc\u00ed sv\u00e9ho individu\u00e1ln\u00edho p\u0159edplacen\u00e9ho k\u00f3du.<\/p><\/div><\/div>\t\t\t\t<\/div>\n\t\t\t\t<\/div>\n\t\t\t\t<div class=\"elementor-element elementor-element-67cac8a elementor-position-top elementor-widget elementor-widget-image-box\" data-id=\"67cac8a\" data-element_type=\"widget\" data-e-type=\"widget\" data-widget_type=\"image-box.default\">\n\t\t\t\t<div class=\"elementor-widget-container\">\n\t\t\t\t\t<div class=\"elementor-image-box-wrapper\"><figure class=\"elementor-image-box-img\"><img loading=\"lazy\" decoding=\"async\" width=\"360\" height=\"240\" src=\"https:\/\/www.vin-info.com\/wp-content\/uploads\/2024\/07\/ico-enter-licence-01.svg\" class=\"attachment-full size-full wp-image-828\" alt=\"\" \/><\/figure><div class=\"elementor-image-box-content\"><p class=\"elementor-image-box-description\">Poplatek za <b>VIN <\/b>Report bude ode\u010dten z va\u0161ich k\u00f3d\u016f.<\/p><\/div><\/div>\t\t\t\t<\/div>\n\t\t\t\t<\/div>\n\t\t\t\t<div class=\"elementor-element elementor-element-de8dc63 elementor-position-top elementor-widget elementor-widget-image-box\" data-id=\"de8dc63\" data-element_type=\"widget\" data-e-type=\"widget\" data-widget_type=\"image-box.default\">\n\t\t\t\t<div class=\"elementor-widget-container\">\n\t\t\t\t\t<div class=\"elementor-image-box-wrapper\"><figure class=\"elementor-image-box-img\"><img loading=\"lazy\" decoding=\"async\" width=\"248\" height=\"265\" src=\"https:\/\/www.vin-info.com\/wp-content\/uploads\/2024\/07\/ico-report.svg\" class=\"attachment-full size-full wp-image-870\" alt=\"\" \/><\/figure><div class=\"elementor-image-box-content\"><p class=\"elementor-image-box-description\"><b>Generov\u00e1n\u00ed zpr\u00e1vy VIN<\/b><\/p><\/div><\/div>\t\t\t\t<\/div>\n\t\t\t\t<\/div>\n\t\t\t\t<\/div>\n\t\t\t\t<div class=\"elementor-element elementor-element-b899cb1 elementor-position-right elementor-vertical-align-middle elementor-widget elementor-widget-image-box\" data-id=\"b899cb1\" data-element_type=\"widget\" data-e-type=\"widget\" data-widget_type=\"image-box.default\">\n\t\t\t\t<div class=\"elementor-widget-container\">\n\t\t\t\t\t<div class=\"elementor-image-box-wrapper\"><figure class=\"elementor-image-box-img\"><img loading=\"lazy\" decoding=\"async\" width=\"1583\" height=\"602\" src=\"https:\/\/www.vin-info.com\/wp-content\/uploads\/2024\/07\/ico-licence-buying-process.svg\" class=\"attachment-full size-full wp-image-901\" alt=\"\" \/><\/figure><div class=\"elementor-image-box-content\"><p class=\"elementor-image-box-description\">U\u017eivatelsk\u00fd \u00fa\u010det dopln\u011bn\u00fd o prost\u0159edky v\u00e1m umo\u017e\u0148uje stahovat zpr\u00e1vy o VIN bez nutnosti platit online poka\u017ed\u00e9. \u010cas platnosti licence a \u010d\u00e1stku p\u0159i n\u00e1kupu si vyberete. <\/p><\/div><\/div>\t\t\t\t<\/div>\n\t\t\t\t<\/div>\n\t\t\t\t<div class=\"elementor-element elementor-element-ebee040 elementor-align-center elementor-widget elementor-widget-button\" data-id=\"ebee040\" data-element_type=\"widget\" data-e-type=\"widget\" id=\"prepaid-buy\" data-widget_type=\"button.default\">\n\t\t\t\t<div class=\"elementor-widget-container\">\n\t\t\t\t\t\t\t\t\t<div class=\"elementor-button-wrapper\">\n\t\t\t\t\t<a class=\"elementor-button elementor-button-link elementor-size-sm\" href=\"\/cs\/page\/order-new-license\" id=\"btn-pp-order\">\n\t\t\t\t\t\t<span class=\"elementor-button-content-wrapper\">\n\t\t\t\t\t\t\t\t\t<span class=\"elementor-button-text\">Objednejte si p\u0159edplacenou kartu<\/span>\n\t\t\t\t\t<\/span>\n\t\t\t\t\t<\/a>\n\t\t\t\t<\/div>\n\t\t\t\t\t\t\t\t<\/div>\n\t\t\t\t<\/div>\n\t\t\t\t\t<\/div>\n\t\t\t\t<\/div>\n\t\t\t\t<\/div>\n\t\t","protected":false},"excerpt":{"rendered":"<p>P\u0159ipravili jsme speci\u00e1ln\u00ed nab\u00eddku p\u0159edplacen\u00e9 licence pro na\u0161e pravideln\u00e9 z\u00e1kazn\u00edky, kter\u00e1 v\u00e1m nebo va\u0161im zam\u011bstnanc\u016fm umo\u017en\u00ed pohodln\u011b a rychle stahovat zpr\u00e1vy o historii vozidel.<\/p>\n","protected":false},"author":2,"featured_media":0,"parent":0,"menu_order":0,"comment_status":"closed","ping_status":"closed","template":"","meta":{"inline_featured_image":false,"footnotes":""},"class_list":["post-1632","page","type-page","status-publish","hentry"],"_links":{"self":[{"href":"https:\/\/www.vin-info.com\/cs\/wp-json\/wp\/v2\/pages\/1632","targetHints":{"allow":["GET"]}}],"collection":[{"href":"https:\/\/www.vin-info.com\/cs\/wp-json\/wp\/v2\/pages"}],"about":[{"href":"https:\/\/www.vin-info.com\/cs\/wp-json\/wp\/v2\/types\/page"}],"author":[{"embeddable":true,"href":"https:\/\/www.vin-info.com\/cs\/wp-json\/wp\/v2\/users\/2"}],"replies":[{"embeddable":true,"href":"https:\/\/www.vin-info.com\/cs\/wp-json\/wp\/v2\/comments?post=1632"}],"version-history":[{"count":9,"href":"https:\/\/www.vin-info.com\/cs\/wp-json\/wp\/v2\/pages\/1632\/revisions"}],"predecessor-version":[{"id":5208,"href":"https:\/\/www.vin-info.com\/cs\/wp-json\/wp\/v2\/pages\/1632\/revisions\/5208"}],"wp:attachment":[{"href":"https:\/\/www.vin-info.com\/cs\/wp-json\/wp\/v2\/media?parent=1632"}],"curies":[{"name":"wp","href":"https:\/\/api.w.org\/{rel}","templated":true}]}}