{"id":1604,"date":"2024-08-08T15:49:48","date_gmt":"2024-08-08T13:49:48","guid":{"rendered":"https:\/\/www.vin-info.com\/jak-objednat-zpravu-o-historii-vozidla\/"},"modified":"2024-09-06T15:09:22","modified_gmt":"2024-09-06T13:09:22","slug":"jak-objednat-zpravu-o-historii-vozidla","status":"publish","type":"page","link":"https:\/\/www.vin-info.com\/cs\/jak-objednat-zpravu-o-historii-vozidla\/","title":{"rendered":"Jak objednat zpr\u00e1vu o historii vozidla?"},"content":{"rendered":"\t\t<div data-elementor-type=\"wp-page\" data-elementor-id=\"1604\" class=\"elementor elementor-1604 elementor-77\" data-elementor-post-type=\"page\">\n\t\t\t\t<div class=\"elementor-element elementor-element-34f7aea e-flex e-con-boxed e-con e-parent\" data-id=\"34f7aea\" data-element_type=\"container\" data-e-type=\"container\">\n\t\t\t\t\t<div class=\"e-con-inner\">\n\t\t\t\t<div class=\"elementor-element elementor-element-791dfaf elementor-position-right elementor-position-right elementor-vertical-align-top elementor-vertical-align-top elementor-widget elementor-widget-image-box\" data-id=\"791dfaf\" data-element_type=\"widget\" data-e-type=\"widget\" data-widget_type=\"image-box.default\">\n\t\t\t\t<div class=\"elementor-widget-container\">\n\t\t\t\t\t<div class=\"elementor-image-box-wrapper\"><figure class=\"elementor-image-box-img\"><img decoding=\"async\" width=\"1\" height=\"1\" src=\"https:\/\/www.vin-info.com\/wp-content\/uploads\/2024\/07\/vi-free-vin-check.svg\" class=\"attachment-medium_large size-medium_large wp-image-266\" alt=\"\" \/><\/figure><div class=\"elementor-image-box-content\"><h3 class=\"elementor-image-box-title\">Napi\u0161te VIN<\/h3><p class=\"elementor-image-box-description\">V prvn\u00edm kroku napi\u0161te 17 \u010d\u00edslic VIN do \u017elut\u00e9ho prostoru na domovsk\u00e9 str\u00e1nce nebo do men\u0161\u00edch \u017elut\u00fdch prostor\u016f dostupn\u00fdch na ka\u017ed\u00e9 str\u00e1nce. Pot\u00e9 klikn\u011bte na Zkontrolovat.  <br><br><i> Identifika\u010dn\u00ed \u010d\u00edslo vozidla (VIN) je jedine\u010dn\u00fd k\u00f3d p\u0159id\u011blen\u00fd ka\u017ed\u00e9mu motorov\u00e9mu vozidlu p\u0159i jeho v\u00fdrob\u011b. Skl\u00e1daj\u00edc\u00ed se z 17 znak\u016f (\u010d\u00edslic a velk\u00fdch p\u00edsmen) poskytuje VIN kl\u00ed\u010dov\u00e9 informace o vozidle, v\u010detn\u011b zem\u011b p\u016fvodu, v\u00fdrobce, typu vozidla a modelov\u00e9ho roku. Toto \u010d\u00edslo je z\u00e1sadn\u00ed pro registraci vozidla, poji\u0161t\u011bn\u00ed a historick\u00e9 zpr\u00e1vy, co\u017e pom\u00e1h\u00e1 identifikovat a sledovat vozidlo b\u011bhem jeho \u017eivotnosti. VIN se obvykle nach\u00e1z\u00ed na palubn\u00ed desce, dve\u0159\u00edch \u0159idi\u010de nebo v dokumentech vozidla.   <\/i><\/p><\/div><\/div>\t\t\t\t<\/div>\n\t\t\t\t<\/div>\n\t\t\t\t<div class=\"elementor-element elementor-element-aa5ddbd elementor-widget-divider--view-line_icon elementor-view-default elementor-widget-divider--element-align-center elementor-widget elementor-widget-divider\" data-id=\"aa5ddbd\" data-element_type=\"widget\" data-e-type=\"widget\" data-widget_type=\"divider.default\">\n\t\t\t\t<div class=\"elementor-widget-container\">\n\t\t\t\t\t\t\t<div class=\"elementor-divider\">\n\t\t\t<span class=\"elementor-divider-separator\">\n\t\t\t\t\t\t\t<div class=\"elementor-icon elementor-divider__element\">\n\t\t\t\t\t<i aria-hidden=\"true\" class=\"fas fa-chevron-down\"><\/i><\/div>\n\t\t\t\t\t\t<\/span>\n\t\t<\/div>\n\t\t\t\t\t\t<\/div>\n\t\t\t\t<\/div>\n\t\t\t\t<div class=\"elementor-element elementor-element-31ed445 elementor-position-right elementor-vertical-align-top elementor-widget elementor-widget-image-box\" data-id=\"31ed445\" data-element_type=\"widget\" data-e-type=\"widget\" data-widget_type=\"image-box.default\">\n\t\t\t\t<div class=\"elementor-widget-container\">\n\t\t\t\t\t<div class=\"elementor-image-box-wrapper\"><figure class=\"elementor-image-box-img\"><img decoding=\"async\" width=\"1\" height=\"1\" src=\"https:\/\/www.vin-info.com\/wp-content\/uploads\/2024\/07\/vi-vehicle-history-records.svg\" class=\"attachment-medium_large size-medium_large wp-image-252\" alt=\"\" \/><\/figure><div class=\"elementor-image-box-content\"><h3 class=\"elementor-image-box-title\">Zkontrolujte dostupnost zpr\u00e1vy.<\/h3><p class=\"elementor-image-box-description\">Dek\u00f3dov\u00e1n\u00ed vozidla zdarma na z\u00e1klad\u011b expertn\u00edho syst\u00e9mu ukazuje informace o: zna\u010dce vozidla, modelu, zemi p\u016fvodu, druhu paliva, typu karoserie, m\u00edst\u011b mont\u00e1\u017ee atd. Tyto informace jsou shodn\u00e9 s informacemi, kter\u00e9 uvid\u00edte ve zpr\u00e1v\u011b. Pokud bezplatn\u00e9 rozpozn\u00e1n\u00ed vozidla nezobraz\u00ed n\u011bkter\u00e9 z t\u011bchto \u00fadaj\u016f, znamen\u00e1 to, \u017ee nebudou zobrazeny ani ve zpr\u00e1v\u011b.   <br><br> Sekce Obsah vozidla definuje informace o vozidle, kter\u00e9 jsou dostupn\u00e9 v na\u0161\u00ed datab\u00e1zi. Pat\u0159\u00ed sem: rok modelu\/produkce, po\u010det ujet\u00fdch kilometr\u016f, historie kontrol, datab\u00e1ze odcizen\u00fdch vozidel, v\u00fdrobn\u00ed vady, informace o v\u00fdrobci, fotografie vozidla a dal\u0161\u00ed. Pouze polo\u017eky ozna\u010den\u00e9 zelenou fajfkou dostupnosti dat budou vypln\u011bny ve zpr\u00e1v\u011b. Ostatn\u00ed polo\u017eky, pokud jsou pr\u00e1zdn\u00e9 nebo je uvedena pozn\u00e1mka o neexistuj\u00edc\u00edch z\u00e1znamech\/nikoli dostupn\u00fdch datech, nemo\u017enosti zkontrolovat, nedostupnosti, bez fotografi\u00ed, budou tak\u00e9 v zpr\u00e1v\u011b ponech\u00e1ny pr\u00e1zdn\u00e9.    <\/p><\/div><\/div>\t\t\t\t<\/div>\n\t\t\t\t<\/div>\n\t\t\t\t<div class=\"elementor-element elementor-element-4ffd580 elementor-widget-divider--view-line_icon elementor-view-default elementor-widget-divider--element-align-center elementor-widget elementor-widget-divider\" data-id=\"4ffd580\" data-element_type=\"widget\" data-e-type=\"widget\" data-widget_type=\"divider.default\">\n\t\t\t\t<div class=\"elementor-widget-container\">\n\t\t\t\t\t\t\t<div class=\"elementor-divider\">\n\t\t\t<span class=\"elementor-divider-separator\">\n\t\t\t\t\t\t\t<div class=\"elementor-icon elementor-divider__element\">\n\t\t\t\t\t<i aria-hidden=\"true\" class=\"fas fa-chevron-down\"><\/i><\/div>\n\t\t\t\t\t\t<\/span>\n\t\t<\/div>\n\t\t\t\t\t\t<\/div>\n\t\t\t\t<\/div>\n\t\t\t\t<div class=\"elementor-element elementor-element-3eacbd3 elementor-position-right elementor-vertical-align-top elementor-widget elementor-widget-image-box\" data-id=\"3eacbd3\" data-element_type=\"widget\" data-e-type=\"widget\" data-widget_type=\"image-box.default\">\n\t\t\t\t<div class=\"elementor-widget-container\">\n\t\t\t\t\t<div class=\"elementor-image-box-wrapper\"><figure class=\"elementor-image-box-img\"><img decoding=\"async\" width=\"1\" height=\"1\" src=\"https:\/\/www.vin-info.com\/wp-content\/uploads\/2024\/07\/vi-vehicle-history-reports.svg\" class=\"attachment-medium_large size-medium_large wp-image-280\" alt=\"\" \/><\/figure><div class=\"elementor-image-box-content\"><h3 class=\"elementor-image-box-title\">Vyberte typ zpr\u00e1vy<\/h3><p class=\"elementor-image-box-description\">V dal\u0161\u00edm kroku budete p\u0159esm\u011brov\u00e1ni na d\u0159\u00edve vybranou platebn\u00ed slu\u017ebu. Pros\u00edm, \u0159i\u010fte se pokyny na obrazovce k dokon\u010den\u00ed platby. Pokud bezplatn\u00e9 rozpozn\u00e1n\u00ed vyhovuje va\u0161im p\u0159edpoklad\u016fm, m\u016f\u017eete pokra\u010dovat v n\u00e1kupu zpr\u00e1vy. Pro pokra\u010dov\u00e1n\u00ed napi\u0161te sv\u016fj e-mail (kter\u00fd v\u00e1m umo\u017en\u00ed pozd\u011bji z\u00edskat p\u0159\u00edstup k zpr\u00e1v\u011b), vyberte spr\u00e1vn\u00e9 mo\u017enosti a zvolte zp\u016fsob platby. Po v\u00fdb\u011bru mo\u017enost\u00ed uvid\u00edte celkovou \u010d\u00e1stku k zaplacen\u00ed na spodn\u00ed \u010d\u00e1sti str\u00e1nky. Pak klikn\u011bte na <b>Objednat<\/b>.    <\/p><\/div><\/div>\t\t\t\t<\/div>\n\t\t\t\t<\/div>\n\t\t\t\t<div class=\"elementor-element elementor-element-c410f5f elementor-widget-divider--view-line_icon elementor-view-default elementor-widget-divider--element-align-center elementor-widget elementor-widget-divider\" data-id=\"c410f5f\" data-element_type=\"widget\" data-e-type=\"widget\" data-widget_type=\"divider.default\">\n\t\t\t\t<div class=\"elementor-widget-container\">\n\t\t\t\t\t\t\t<div class=\"elementor-divider\">\n\t\t\t<span class=\"elementor-divider-separator\">\n\t\t\t\t\t\t\t<div class=\"elementor-icon elementor-divider__element\">\n\t\t\t\t\t<i aria-hidden=\"true\" class=\"fas fa-chevron-down\"><\/i><\/div>\n\t\t\t\t\t\t<\/span>\n\t\t<\/div>\n\t\t\t\t\t\t<\/div>\n\t\t\t\t<\/div>\n\t\t\t\t<div class=\"elementor-element elementor-element-2da3196 elementor-position-right elementor-vertical-align-top elementor-widget elementor-widget-image-box\" data-id=\"2da3196\" data-element_type=\"widget\" data-e-type=\"widget\" data-widget_type=\"image-box.default\">\n\t\t\t\t<div class=\"elementor-widget-container\">\n\t\t\t\t\t<div class=\"elementor-image-box-wrapper\"><figure class=\"elementor-image-box-img\"><img loading=\"lazy\" decoding=\"async\" width=\"1\" height=\"1\" src=\"https:\/\/www.vin-info.com\/wp-content\/uploads\/2024\/07\/vi-payments-method.svg\" class=\"attachment-medium_large size-medium_large wp-image-294\" alt=\"\" \/><\/figure><div class=\"elementor-image-box-content\"><h3 class=\"elementor-image-box-title\">Zaplati\u0165 za spr\u00e1vu<\/h3><p class=\"elementor-image-box-description\">V z\u00e1vislosti na zvolen\u00e9m zp\u016fsobu platby budete p\u0159esm\u011brov\u00e1ni na webovou str\u00e1nku platebn\u00ed spole\u010dnosti \/ banky. D\u00e1le postupujte podle pokyn\u016f na obrazovce. <\/p><\/div><\/div>\t\t\t\t<\/div>\n\t\t\t\t<\/div>\n\t\t\t\t<div class=\"elementor-element elementor-element-f690345 elementor-widget-divider--view-line_icon elementor-view-default elementor-widget-divider--element-align-center elementor-widget elementor-widget-divider\" data-id=\"f690345\" data-element_type=\"widget\" data-e-type=\"widget\" data-widget_type=\"divider.default\">\n\t\t\t\t<div class=\"elementor-widget-container\">\n\t\t\t\t\t\t\t<div class=\"elementor-divider\">\n\t\t\t<span class=\"elementor-divider-separator\">\n\t\t\t\t\t\t\t<div class=\"elementor-icon elementor-divider__element\">\n\t\t\t\t\t<i aria-hidden=\"true\" class=\"fas fa-chevron-down\"><\/i><\/div>\n\t\t\t\t\t\t<\/span>\n\t\t<\/div>\n\t\t\t\t\t\t<\/div>\n\t\t\t\t<\/div>\n\t\t\t\t<div class=\"elementor-element elementor-element-44e0c40 elementor-position-right elementor-vertical-align-top elementor-widget elementor-widget-image-box\" data-id=\"44e0c40\" data-element_type=\"widget\" data-e-type=\"widget\" data-widget_type=\"image-box.default\">\n\t\t\t\t<div class=\"elementor-widget-container\">\n\t\t\t\t\t<div class=\"elementor-image-box-wrapper\"><figure class=\"elementor-image-box-img\"><img loading=\"lazy\" decoding=\"async\" width=\"1\" height=\"1\" src=\"https:\/\/www.vin-info.com\/wp-content\/uploads\/2024\/07\/vi-user-account-vin-list.svg\" class=\"attachment-medium_large size-medium_large wp-image-308\" alt=\"\" \/><\/figure><div class=\"elementor-image-box-content\"><h3 class=\"elementor-image-box-title\">Zobrazit zakoupenou zpr\u00e1vu<\/h3><p class=\"elementor-image-box-description\">Po proveden\u00ed platby budete automaticky p\u0159ihl\u00e1\u0161eni na webovou str\u00e1nku pomoc\u00ed d\u0159\u00edve zadan\u00e9 e-mailov\u00e9 adresy a budete p\u0159esm\u011brov\u00e1ni na sv\u016fj \u00fa\u010det. Tato str\u00e1nka obsahuje z\u00e1kladn\u00ed informace o na\u0161em \u00fa\u010dtu a seznam zakoupen\u00fdch zpr\u00e1v. Stavy zpr\u00e1v na seznamu se dynamicky aktualizuj\u00ed. Ikony ozna\u010duj\u00ed stav platby a f\u00e1zi generov\u00e1n\u00ed zpr\u00e1vy. Zpr\u00e1va bude doru\u010dena okam\u017eit\u011b po platb\u011b a obdr\u017e\u00edte ozn\u00e1men\u00ed na zadanou e-mailovou adresu. Po vygenerov\u00e1n\u00ed zpr\u00e1vy bude dostupn\u00e1 po dobu 30 dn\u016f.      <\/p><\/div><\/div>\t\t\t\t<\/div>\n\t\t\t\t<\/div>\n\t\t\t\t\t<\/div>\n\t\t\t\t<\/div>\n\t\t\t\t<\/div>\n\t\t","protected":false},"excerpt":{"rendered":"<p>Kontrola vozidla je velmi jednoduch\u00e1 a nezabere d\u00e9le ne\u017e 5 minut. Mus\u00edte dodr\u017eet 5 jednoduch\u00fdch krok\u016f, abyste z\u00edskali zpr\u00e1vu. <\/p>\n","protected":false},"author":2,"featured_media":0,"parent":0,"menu_order":0,"comment_status":"closed","ping_status":"closed","template":"","meta":{"inline_featured_image":false,"footnotes":""},"class_list":["post-1604","page","type-page","status-publish","hentry"],"_links":{"self":[{"href":"https:\/\/www.vin-info.com\/cs\/wp-json\/wp\/v2\/pages\/1604","targetHints":{"allow":["GET"]}}],"collection":[{"href":"https:\/\/www.vin-info.com\/cs\/wp-json\/wp\/v2\/pages"}],"about":[{"href":"https:\/\/www.vin-info.com\/cs\/wp-json\/wp\/v2\/types\/page"}],"author":[{"embeddable":true,"href":"https:\/\/www.vin-info.com\/cs\/wp-json\/wp\/v2\/users\/2"}],"replies":[{"embeddable":true,"href":"https:\/\/www.vin-info.com\/cs\/wp-json\/wp\/v2\/comments?post=1604"}],"version-history":[{"count":4,"href":"https:\/\/www.vin-info.com\/cs\/wp-json\/wp\/v2\/pages\/1604\/revisions"}],"predecessor-version":[{"id":3817,"href":"https:\/\/www.vin-info.com\/cs\/wp-json\/wp\/v2\/pages\/1604\/revisions\/3817"}],"wp:attachment":[{"href":"https:\/\/www.vin-info.com\/cs\/wp-json\/wp\/v2\/media?parent=1604"}],"curies":[{"name":"wp","href":"https:\/\/api.w.org\/{rel}","templated":true}]}}