{"id":1553,"date":"2024-08-08T14:17:05","date_gmt":"2024-08-08T12:17:05","guid":{"rendered":"https:\/\/www.vin-info.com\/o-nas\/"},"modified":"2024-08-08T14:17:06","modified_gmt":"2024-08-08T12:17:06","slug":"o-nas","status":"publish","type":"page","link":"https:\/\/www.vin-info.com\/cs\/o-nas\/","title":{"rendered":"O n\u00e1s"},"content":{"rendered":"\t\t<div data-elementor-type=\"wp-page\" data-elementor-id=\"1553\" class=\"elementor elementor-1553 elementor-81\" data-elementor-post-type=\"page\">\n\t\t\t\t<div class=\"elementor-element elementor-element-357b291 e-flex e-con-boxed e-con e-parent\" data-id=\"357b291\" data-element_type=\"container\" data-e-type=\"container\">\n\t\t\t\t\t<div class=\"e-con-inner\">\n\t\t\t\t<div class=\"elementor-element elementor-element-6abb2a8 elementor-widget elementor-widget-heading\" data-id=\"6abb2a8\" data-element_type=\"widget\" data-e-type=\"widget\" data-widget_type=\"heading.default\">\n\t\t\t\t<div class=\"elementor-widget-container\">\n\t\t\t\t\t<h2 class=\"elementor-heading-title elementor-size-default\">N\u00e1\u0161 c\u00edl<\/h2>\t\t\t\t<\/div>\n\t\t\t\t<\/div>\n\t\t\t\t<div class=\"elementor-element elementor-element-c5ebda5 elementor-widget elementor-widget-text-editor\" data-id=\"c5ebda5\" data-element_type=\"widget\" data-e-type=\"widget\" data-widget_type=\"text-editor.default\">\n\t\t\t\t<div class=\"elementor-widget-container\">\n\t\t\t\t\t\t\t\t\t<p>Na\u0161\u00edm c\u00edlem je zv\u00fd\u0161it pov\u011bdom\u00ed o glob\u00e1ln\u00edm probl\u00e9mu kr\u00e1de\u017ee automobil\u016f a jej\u00edm dopadu na automobilov\u00fd pr\u016fmysl. Statistika odhaluje ohromuj\u00edc\u00ed realitu: p\u0159ibli\u017en\u011b 3 miliony automobil\u016f jsou ka\u017edoro\u010dn\u011b ukradeny po cel\u00e9m sv\u011bt\u011b. Kdy\u017e srovn\u00e1me s celkovou glob\u00e1ln\u00ed produkc\u00ed automobil\u016f, tato \u010d\u00edsla p\u0159edstavuj\u00ed t\u00e9m\u011b\u0159 10 % v\u0161ech automobil\u016f vyroben\u00fdch ro\u010dn\u011b. Tento znepokojuj\u00edc\u00ed ukazatel podtrhuje z\u00e1va\u017enost kr\u00e1de\u017ee automobil\u016f jako nal\u00e9hav\u00e9ho probl\u00e9mu.   <\/p>\n\t\t\t\t\t\t\t\t<\/div>\n\t\t\t\t<\/div>\n\t\t\t\t<div class=\"elementor-element elementor-element-5fc7e3d elementor-widget elementor-widget-text-editor\" data-id=\"5fc7e3d\" data-element_type=\"widget\" data-e-type=\"widget\" data-widget_type=\"text-editor.default\">\n\t\t\t\t<div class=\"elementor-widget-container\">\n\t\t\t\t\t\t\t\t\t<p>D\u00e1le chceme zd\u016fraznit probl\u00e9m bezohledn\u00fdch prodejc\u016f automobil\u016f, kte\u0159\u00ed prod\u00e1vaj\u00ed vozidla, kter\u00e1 ohro\u017euj\u00ed va\u0161i bezpe\u010dnost. Tato vozidla \u010dasto poch\u00e1zej\u00ed z v\u00e1\u017en\u00fdch dopravn\u00edch nehod nebo ud\u00e1lost\u00ed, jako jsou po\u017e\u00e1ry nebo povodn\u011b, co\u017e p\u0159edstavuje v\u00fdznamn\u00e1 rizika pro nev\u011bdom\u00e9 kupce. <\/p>\n\t\t\t\t\t\t\t\t<\/div>\n\t\t\t\t<\/div>\n\t\t\t\t<div class=\"elementor-element elementor-element-ffe1dd0 elementor-widget elementor-widget-text-editor\" data-id=\"ffe1dd0\" data-element_type=\"widget\" data-e-type=\"widget\" data-widget_type=\"text-editor.default\">\n\t\t\t\t<div class=\"elementor-widget-container\">\n\t\t\t\t\t\t\t\t\t<p>Na\u0161\u00ed mis\u00ed je aktivn\u011b se postavit proti t\u011bmto neetick\u00fdm praktik\u00e1m a p\u0159isp\u011bt k zlep\u0161en\u00ed kvality vozidel dostupn\u00fdch na sekund\u00e1rn\u00edm trhu. Jsme odhodl\u00e1ni m\u00edt pozitivn\u00ed dopad t\u00edm, \u017ee poskytujeme spolehliv\u00e9 zpr\u00e1vy o historii vozidel, kter\u00e9 zaji\u0161\u0165uj\u00ed bezpe\u010dn\u011bj\u0161\u00ed a transparentn\u011bj\u0161\u00ed transakce. <\/p>\n\t\t\t\t\t\t\t\t<\/div>\n\t\t\t\t<\/div>\n\t\t\t\t<div class=\"elementor-element elementor-element-e8f5ee4 elementor-widget elementor-widget-heading\" data-id=\"e8f5ee4\" data-element_type=\"widget\" data-e-type=\"widget\" data-widget_type=\"heading.default\">\n\t\t\t\t<div class=\"elementor-widget-container\">\n\t\t\t\t\t<h2 class=\"elementor-heading-title elementor-size-default\">Na\u0161e nab\u00eddka<\/h2>\t\t\t\t<\/div>\n\t\t\t\t<\/div>\n\t\t\t\t<div class=\"elementor-element elementor-element-a44dd7a elementor-widget elementor-widget-text-editor\" data-id=\"a44dd7a\" data-element_type=\"widget\" data-e-type=\"widget\" data-widget_type=\"text-editor.default\">\n\t\t\t\t<div class=\"elementor-widget-container\">\n\t\t\t\t\t\t\t\t\t<p>V\u011b\u0159\u00edme, \u017ee na\u0161e komplexn\u00ed zpr\u00e1vy o historii vozidel jsou kl\u00ed\u010dem k tomu, abychom v\u00e1m pomohli zakoupit bezpe\u010dn\u00e9 a spolehliv\u00e9 vozidlo. Vyu\u017eit\u00edm na\u0161ich zpr\u00e1v o historii VIN m\u016f\u017eete v\u00fdrazn\u011b zlep\u0161it kvalitu a bezpe\u010dnost vozidel na trhu, zejm\u00e9na v USA. <\/p>\n\t\t\t\t\t\t\t\t<\/div>\n\t\t\t\t<\/div>\n\t\t\t\t<div class=\"elementor-element elementor-element-0a2f599 elementor-widget elementor-widget-text-editor\" data-id=\"0a2f599\" data-element_type=\"widget\" data-e-type=\"widget\" data-widget_type=\"text-editor.default\">\n\t\t\t\t<div class=\"elementor-widget-container\">\n\t\t\t\t\t\t\t\t\t<p>M\u016f\u017eete hr\u00e1t kl\u00ed\u010dovou roli v tomto procesu. Jednodu\u0161e t\u00edm, \u017ee zakoup\u00edte zpr\u00e1vu o historii vozidla, p\u0159isp\u00edv\u00e1te k bezpe\u010dn\u011bj\u0161\u00edmu automobilov\u00e9mu trhu. <\/p>\n\t\t\t\t\t\t\t\t<\/div>\n\t\t\t\t<\/div>\n\t\t\t\t<div class=\"elementor-element elementor-element-061f748 elementor-widget elementor-widget-text-editor\" data-id=\"061f748\" data-element_type=\"widget\" data-e-type=\"widget\" data-widget_type=\"text-editor.default\">\n\t\t\t\t<div class=\"elementor-widget-container\">\n\t\t\t\t\t\t\t\t\t<p>Na\u0161e zpr\u00e1vy o historii vozidla obsahuj\u00ed podrobn\u00e9 informace o:<\/p>\n\t\t\t\t\t\t\t\t<\/div>\n\t\t\t\t<\/div>\n\t\t\t\t<div class=\"elementor-element elementor-element-fa9c7ee elementor-icon-list--layout-traditional elementor-list-item-link-full_width elementor-widget elementor-widget-icon-list\" data-id=\"fa9c7ee\" data-element_type=\"widget\" data-e-type=\"widget\" data-widget_type=\"icon-list.default\">\n\t\t\t\t<div class=\"elementor-widget-container\">\n\t\t\t\t\t\t\t<ul class=\"elementor-icon-list-items\">\n\t\t\t\t\t\t\t<li class=\"elementor-icon-list-item\">\n\t\t\t\t\t\t\t\t\t\t\t<span class=\"elementor-icon-list-icon\">\n\t\t\t\t\t\t\t<i aria-hidden=\"true\" class=\"fas fa-check\"><\/i>\t\t\t\t\t\t<\/span>\n\t\t\t\t\t\t\t\t\t\t<span class=\"elementor-icon-list-text\"><b>Informace o titulu:<\/b> tu\u010dn\u00e9 v\u010detn\u011b podrobnost\u00ed o salvovan\u00fdch nebo \u0161rotovan\u00fdch titulech.<\/span>\n\t\t\t\t\t\t\t\t\t<\/li>\n\t\t\t\t\t\t\t\t<li class=\"elementor-icon-list-item\">\n\t\t\t\t\t\t\t\t\t\t\t<span class=\"elementor-icon-list-icon\">\n\t\t\t\t\t\t\t<i aria-hidden=\"true\" class=\"fas fa-check\"><\/i>\t\t\t\t\t\t<\/span>\n\t\t\t\t\t\t\t\t\t\t<span class=\"elementor-icon-list-text\"><b>Historie povod\u0148ov\u00fdch incident\u016f: <\/b>tu\u010dn\u00e9 informace o jak\u00fdchkoli \u0161kod\u00e1ch spojen\u00fdch s povodn\u011bmi a zachr\u00e1n\u011bn\u00fdch titulech.<\/span>\n\t\t\t\t\t\t\t\t\t<\/li>\n\t\t\t\t\t\t\t\t<li class=\"elementor-icon-list-item\">\n\t\t\t\t\t\t\t\t\t\t\t<span class=\"elementor-icon-list-icon\">\n\t\t\t\t\t\t\t<i aria-hidden=\"true\" class=\"fas fa-check\"><\/i>\t\t\t\t\t\t<\/span>\n\t\t\t\t\t\t\t\t\t\t<span class=\"elementor-icon-list-text\"><b>Historie hav\u00e1ri\u00ed s celkovou ztr\u00e1tou:<\/b> tu\u010dn\u00e9 z\u00e1znamy o jak\u00fdchkoli incidentech, kde bylo vozidlo prohl\u00e1\u0161eno za celkovou ztr\u00e1tu.<\/span>\n\t\t\t\t\t\t\t\t\t<\/li>\n\t\t\t\t\t\t\t\t<li class=\"elementor-icon-list-item\">\n\t\t\t\t\t\t\t\t\t\t\t<span class=\"elementor-icon-list-icon\">\n\t\t\t\t\t\t\t<i aria-hidden=\"true\" class=\"fas fa-check\"><\/i>\t\t\t\t\t\t<\/span>\n\t\t\t\t\t\t\t\t\t\t<span class=\"elementor-icon-list-text\"><b>Odm\u011b\u0159en\u00ed: <\/b>tu\u010dn\u00e9 Ov\u011b\u0159en\u00ed p\u0159esn\u00e9ho ujet\u00e9ho kilometru.<\/span>\n\t\t\t\t\t\t\t\t\t<\/li>\n\t\t\t\t\t\t\t\t<li class=\"elementor-icon-list-item\">\n\t\t\t\t\t\t\t\t\t\t\t<span class=\"elementor-icon-list-icon\">\n\t\t\t\t\t\t\t<i aria-hidden=\"true\" class=\"fas fa-check\"><\/i>\t\t\t\t\t\t<\/span>\n\t\t\t\t\t\t\t\t\t\t<span class=\"elementor-icon-list-text\"><b>Lemon History:<\/b> tu\u010dn\u00e9 informace o tom, zda bylo vozidlo klasifikov\u00e1no jako lemon.<\/span>\n\t\t\t\t\t\t\t\t\t<\/li>\n\t\t\t\t\t\t\t\t<li class=\"elementor-icon-list-item\">\n\t\t\t\t\t\t\t\t\t\t\t<span class=\"elementor-icon-list-icon\">\n\t\t\t\t\t\t\t<i aria-hidden=\"true\" class=\"fas fa-check\"><\/i>\t\t\t\t\t\t<\/span>\n\t\t\t\t\t\t\t\t\t\t<span class=\"elementor-icon-list-text\"><b>Po\u010det majitel\u016f:<\/b> tu\u010dn\u011b D\u011bj p\u0159edchoz\u00edch majitel\u016f, v\u010detn\u011b t\u011bch s vy\u0159azen\u00fdmi nebo vrakovan\u00fdmi tituly.<\/span>\n\t\t\t\t\t\t\t\t\t<\/li>\n\t\t\t\t\t\t\t\t<li class=\"elementor-icon-list-item\">\n\t\t\t\t\t\t\t\t\t\t\t<span class=\"elementor-icon-list-icon\">\n\t\t\t\t\t\t\t<i aria-hidden=\"true\" class=\"fas fa-check\"><\/i>\t\t\t\t\t\t<\/span>\n\t\t\t\t\t\t\t\t\t\t<span class=\"elementor-icon-list-text\"><b>Ukazatele nehod:<\/b> tu\u010dn\u00e9 Jako jsou aktivace airbag\u016f a dal\u0161\u00ed kritick\u00e9 bezpe\u010dnostn\u00ed incidenty.<\/span>\n\t\t\t\t\t\t\t\t\t<\/li>\n\t\t\t\t\t\t\t\t<li class=\"elementor-icon-list-item\">\n\t\t\t\t\t\t\t\t\t\t\t<span class=\"elementor-icon-list-icon\">\n\t\t\t\t\t\t\t<i aria-hidden=\"true\" class=\"fas fa-check\"><\/i>\t\t\t\t\t\t<\/span>\n\t\t\t\t\t\t\t\t\t\t<span class=\"elementor-icon-list-text\"><b>V\u00fdsledky inspekce emis\u00ed st\u00e1t\u016f:<\/b> d\u016fle\u017eit\u00e9 z\u00e1znamy st\u00e1tn\u00edch emisn\u00edch test\u016f a jejich v\u00fdsledk\u016f.<\/span>\n\t\t\t\t\t\t\t\t\t<\/li>\n\t\t\t\t\t\t\t\t<li class=\"elementor-icon-list-item\">\n\t\t\t\t\t\t\t\t\t\t\t<span class=\"elementor-icon-list-icon\">\n\t\t\t\t\t\t\t<i aria-hidden=\"true\" class=\"fas fa-check\"><\/i>\t\t\t\t\t\t<\/span>\n\t\t\t\t\t\t\t\t\t\t<span class=\"elementor-icon-list-text\"><b>Z\u00e1znamy o slu\u017eb\u00e1ch:<\/b> podrobn\u00e1 historie slu\u017eeb a \u00fadr\u017eby.<\/span>\n\t\t\t\t\t\t\t\t\t<\/li>\n\t\t\t\t\t\t\t\t<li class=\"elementor-icon-list-item\">\n\t\t\t\t\t\t\t\t\t\t\t<span class=\"elementor-icon-list-icon\">\n\t\t\t\t\t\t\t<i aria-hidden=\"true\" class=\"fas fa-check\"><\/i>\t\t\t\t\t\t<\/span>\n\t\t\t\t\t\t\t\t\t\t<span class=\"elementor-icon-list-text\"><b>Pou\u017eit\u00ed vozidla: <\/b>siln\u00e9 informace o minul\u00e9m pou\u017eit\u00ed vozidla, jako je taxi, pron\u00e1jem nebo leasing.<\/span>\n\t\t\t\t\t\t\t\t\t<\/li>\n\t\t\t\t\t\t<\/ul>\n\t\t\t\t\t\t<\/div>\n\t\t\t\t<\/div>\n\t\t\t\t<div class=\"elementor-element elementor-element-9c1bdd1 elementor-widget elementor-widget-heading\" data-id=\"9c1bdd1\" data-element_type=\"widget\" data-e-type=\"widget\" data-widget_type=\"heading.default\">\n\t\t\t\t<div class=\"elementor-widget-container\">\n\t\t\t\t\t<h2 class=\"elementor-heading-title elementor-size-default\">Analyzov\u00e1n\u00ed probl\u00e9mu<\/h2>\t\t\t\t<\/div>\n\t\t\t\t<\/div>\n\t\t\t\t<div class=\"elementor-element elementor-element-ea7cc37 elementor-widget elementor-widget-text-editor\" data-id=\"ea7cc37\" data-element_type=\"widget\" data-e-type=\"widget\" data-widget_type=\"text-editor.default\">\n\t\t\t\t<div class=\"elementor-widget-container\">\n\t\t\t\t\t\t\t\t\t<p>Abychom l\u00e9pe pochopili dynamiku kr\u00e1de\u017e\u00ed automobil\u016f, aplikujeme ekonomick\u00e9 principy, p\u0159edev\u0161\u00edm \u201erovnov\u00e1hu nab\u00eddky a popt\u00e1vky\u201c. Zkoum\u00e1n\u00edm odcizen\u00fdch automobil\u016f jako komodity v r\u00e1mci tr\u017en\u00edho ob\u011bhu se sna\u017e\u00edme identifikovat faktory, kter\u00e9 tento fenom\u00e9n poh\u00e1n\u011bj\u00ed. Tato anal\u00fdza n\u00e1m pom\u00e1h\u00e1 navrhnout \u00fa\u010dinn\u011bj\u0161\u00ed strategie pro boj proti kr\u00e1de\u017e\u00edm automobil\u016f a zlep\u0161it celkovou bezpe\u010dnost a kvalitu vozidel.  <\/p>\n\t\t\t\t\t\t\t\t<\/div>\n\t\t\t\t<\/div>\n\t\t\t\t<div class=\"elementor-element elementor-element-f4b67f3 elementor-widget elementor-widget-text-editor\" data-id=\"f4b67f3\" data-element_type=\"widget\" data-e-type=\"widget\" data-widget_type=\"text-editor.default\">\n\t\t\t\t<div class=\"elementor-widget-container\">\n\t\t\t\t\t\t\t\t\t<p>Spole\u010dn\u011b m\u016f\u017eeme ud\u011blat rozd\u00edl. P\u0159ipojte se k na\u0161emu \u00fasil\u00ed vytvo\u0159it bezpe\u010dn\u011bj\u0161\u00ed a transparentn\u011bj\u0161\u00ed automobilov\u00fd trh t\u00edm, \u017ee vyu\u017eijete na\u0161e spolehliv\u00e9 zpr\u00e1vy o historii vozidel. <\/p>\n\t\t\t\t\t\t\t\t<\/div>\n\t\t\t\t<\/div>\n\t\t\t\t\t<\/div>\n\t\t\t\t<\/div>\n\t\t\t\t<\/div>\n\t\t","protected":false},"excerpt":{"rendered":"<p>N\u00e1\u0161 c\u00edl Na\u0161\u00edm c\u00edlem je zv\u00fd\u0161it pov\u011bdom\u00ed o glob\u00e1ln\u00edm probl\u00e9mu kr\u00e1de\u017ee automobil\u016f a jej\u00edm dopadu na automobilov\u00fd pr\u016fmysl. Statistika odhaluje ohromuj\u00edc\u00ed realitu: p\u0159ibli\u017en\u011b 3 miliony automobil\u016f jsou ka\u017edoro\u010dn\u011b ukradeny po cel\u00e9m sv\u011bt\u011b. Kdy\u017e srovn\u00e1me s celkovou glob\u00e1ln\u00ed produkc\u00ed automobil\u016f, tato \u010d\u00edsla p\u0159edstavuj\u00ed t\u00e9m\u011b\u0159 10 % v\u0161ech automobil\u016f vyroben\u00fdch ro\u010dn\u011b. Tento znepokojuj\u00edc\u00ed ukazatel podtrhuje z\u00e1va\u017enost kr\u00e1de\u017ee [&hellip;]<\/p>\n","protected":false},"author":2,"featured_media":0,"parent":0,"menu_order":0,"comment_status":"closed","ping_status":"closed","template":"","meta":{"inline_featured_image":false,"footnotes":""},"class_list":["post-1553","page","type-page","status-publish","hentry"],"_links":{"self":[{"href":"https:\/\/www.vin-info.com\/cs\/wp-json\/wp\/v2\/pages\/1553","targetHints":{"allow":["GET"]}}],"collection":[{"href":"https:\/\/www.vin-info.com\/cs\/wp-json\/wp\/v2\/pages"}],"about":[{"href":"https:\/\/www.vin-info.com\/cs\/wp-json\/wp\/v2\/types\/page"}],"author":[{"embeddable":true,"href":"https:\/\/www.vin-info.com\/cs\/wp-json\/wp\/v2\/users\/2"}],"replies":[{"embeddable":true,"href":"https:\/\/www.vin-info.com\/cs\/wp-json\/wp\/v2\/comments?post=1553"}],"version-history":[{"count":1,"href":"https:\/\/www.vin-info.com\/cs\/wp-json\/wp\/v2\/pages\/1553\/revisions"}],"predecessor-version":[{"id":1554,"href":"https:\/\/www.vin-info.com\/cs\/wp-json\/wp\/v2\/pages\/1553\/revisions\/1554"}],"wp:attachment":[{"href":"https:\/\/www.vin-info.com\/cs\/wp-json\/wp\/v2\/media?parent=1553"}],"curies":[{"name":"wp","href":"https:\/\/api.w.org\/{rel}","templated":true}]}}